{"id":49287,"date":"2025-01-31T16:02:45","date_gmt":"2025-01-31T16:02:45","guid":{"rendered":"https:\/\/whitesoundibiza.com\/producto\/par-led-18x8w-b\/"},"modified":"2025-08-09T15:42:06","modified_gmt":"2025-08-09T15:42:06","slug":"par-led-18x8w-b","status":"publish","type":"product","link":"https:\/\/whitesoundibiza.com\/es\/producto\/par-led-18x8w-b\/","title":{"rendered":"Par Led 18X8W-B"},"content":{"rendered":"<p class=\"\" data-start=\"640\" data-end=\"925\"><strong data-start=\"640\" data-end=\"652\">Resumen<\/strong><br data-start=\"652\" data-end=\"655\">Cuando alquilas <strong data-start=\"664\" data-end=\"694\">par led 18x8w-b ibiza<\/strong>, obtienes un par can LED vers\u00e1til y de gran potencia. Adem\u00e1s, alquila par led 18x8w-b ibiza de White Sound Ibiza para iluminar maravillosamente cualquier local. Esta luminaria combina una potente mezcla RGB con modos de control din\u00e1micos para conseguir efectos perfectos.  <\/p>\n<p class=\"\" data-start=\"927\" data-end=\"1126\"><strong data-start=\"927\" data-end=\"948\">Configuraci\u00f3n de LED<\/strong><br data-start=\"948\" data-end=\"951\">El Par LED 18x8W-B incorpora dieciocho LED RGB de 8W. Por consiguiente, disfrutar\u00e1s de rojos, verdes y azules profundos y saturados. Cada chip LED mezcla los colores suavemente para conseguir degradados impecables.  <\/p>\n<p class=\"\" data-start=\"1128\" data-end=\"1329\"><strong data-start=\"1128\" data-end=\"1153\">\u00d3ptica y control del haz<\/strong><br data-start=\"1153\" data-end=\"1156\">Una lente fija de 25\u00b0 proporciona una amplia cobertura. Alternativamente, una lente de 15\u00b0 concentra los haces para obtener lavados precisos. Por tanto, puedes adaptar los \u00e1ngulos de los haces para que se ajusten a escenarios, paredes o caminos.  <\/p>\n<p class=\"\" data-start=\"1331\" data-end=\"1543\"><strong data-start=\"1331\" data-end=\"1356\">Control y programaci\u00f3n<\/strong><br data-start=\"1356\" data-end=\"1359\">En modo DMX, selecciona 6, 9 \u00f3 18 canales para un control granular. El modo aut\u00f3nomo ejecuta autom\u00e1ticamente ocho programas incorporados. El modo Sonido a luz sincroniza los efectos con precisi\u00f3n con el audio ambiental.  <\/p>\n<p class=\"\" data-start=\"1545\" data-end=\"1752\"><strong data-start=\"1545\" data-end=\"1564\">Potencia y refrigeraci\u00f3n<\/strong><br data-start=\"1564\" data-end=\"1567\">La unidad consume s\u00f3lo 100 W a pleno rendimiento. Un disipador integrado y un ventilador axial silencioso gestionan la carga t\u00e9rmica de forma silenciosa. En consecuencia, el aparato permanece casi inaudible durante las actuaciones.  <\/p>\n<p class=\"\" data-start=\"1754\" data-end=\"1976\"><strong data-start=\"1754\" data-end=\"1776\">Construcci\u00f3n y durabilidad<\/strong><br data-start=\"1776\" data-end=\"1779\">Su carcasa de aluminio con recubrimiento de polvo resiste los ara\u00f1azos y la corrosi\u00f3n. Las costuras reforzadas y la electr\u00f3nica sellada proporcionan resistencia a las salpicaduras. As\u00ed, la unidad aguanta viajes frecuentes y condiciones variadas.  <\/p>\n<p class=\"\" data-start=\"1978\" data-end=\"2210\"><strong data-start=\"1978\" data-end=\"2005\">Montaje y conectividad<\/strong><br data-start=\"2005\" data-end=\"2008\">El soporte en U incluido se adapta a montajes de truss, barra en T o tr\u00edpode. Los conectores bloqueables PowerCON y XLR de 3 patillas garantizan conexiones seguras de alimentaci\u00f3n y DMX. Los mandos de liberaci\u00f3n r\u00e1pida permiten ajustar r\u00e1pidamente la inclinaci\u00f3n en mitad del espect\u00e1culo.  <\/p>\n<p class=\"\" data-start=\"2212\" data-end=\"2417\"><strong data-start=\"2212\" data-end=\"2235\">Flexibilidad de control<\/strong><br data-start=\"2235\" data-end=\"2238\">Elige DMX inal\u00e1mbrico de 2,4 GHz para configuraciones sin cables. Una sencilla pantalla en el panel trasero y un codificador permiten la configuraci\u00f3n manual. As\u00ed, puedes programar espect\u00e1culos complejos sin necesidad de una consola de iluminaci\u00f3n.  <\/p>\n<p class=\"\" data-start=\"2419\" data-end=\"2610\"><strong data-start=\"2419\" data-end=\"2446\">Preajustes de color y efectos<\/strong><br data-start=\"2446\" data-end=\"2449\">Accede instant\u00e1neamente a cinco preajustes de color est\u00e1ticos. Los efectos estrobosc\u00f3pico y de pulso animan las escenas bajo demanda. Los modos de persecuci\u00f3n gradual crean transiciones de color fluidas entre los LED.  <\/p>\n<p class=\"\" data-start=\"2612\" data-end=\"2876\"><strong data-start=\"2612\" data-end=\"2628\">Aplicaciones<\/strong><br data-start=\"2628\" data-end=\"2631\">Tanto si <strong data-start=\"2643\" data-end=\"2673\">alquilas par led 18x8w-b ibiza<\/strong> para bodas, residencias en clubes o funciones corporativas, se adapta a la perfecci\u00f3n. Util\u00edzalo para lavados de escenario, iluminaci\u00f3n arquitect\u00f3nica ascendente o acentos decorativos. Su tama\u00f1o compacto se adapta a espacios reducidos y bastidores ocupados.  <\/p>\n<p class=\"\" data-start=\"2878\" data-end=\"3175\"><strong data-start=\"2878\" data-end=\"2898\">Asistencia y alquiler<\/strong><br data-start=\"2898\" data-end=\"2901\">White Sound Ibiza proporciona la entrega, orientaci\u00f3n sobre el montaje y asistencia t\u00e9cnica in situ. En consecuencia, t\u00fa te centras en tu evento mientras nuestros expertos se encargan de la integraci\u00f3n de la iluminaci\u00f3n. \u00a1Reserva hoy tu Par LED 18x8W-B en Ibiza y eleva cada momento con una iluminaci\u00f3n de calidad profesional!  <\/p>\n<p data-start=\"2878\" data-end=\"3175\"><style id=\"wpforms-css-vars-1077\">\n\t\t\t\t#wpforms-1077 {\n\t\t\t\t\n\t\t\t}\n\t\t\t<\/style><div class=\"wpforms-container wpforms-container-full wpforms-render-modern\" id=\"wpforms-1077\"><form id=\"wpforms-form-1077\" class=\"wpforms-validate wpforms-form wpforms-ajax-form\" data-formid=\"1077\" method=\"post\" enctype=\"multipart\/form-data\" action=\"\/es\/wp-json\/wp\/v2\/product\/49287\" data-token=\"94928534a24cdcc111147f7cbd5189fa\" data-token-time=\"1776961254\"><noscript class=\"wpforms-error-noscript\">Por favor, activa JavaScript en tu navegador para completar este formulario.<\/noscript><div id=\"wpforms-error-noscript\" style=\"display: none;\">Por favor, activa JavaScript en tu navegador para completar este formulario.<\/div><div class=\"wpforms-field-container\"><div id=\"wpforms-1077-field_0-container\" class=\"wpforms-field wpforms-field-name\" data-field-id=\"0\"><fieldset><legend class=\"wpforms-field-label\">Nombre <span class=\"wpforms-required-label\" aria-hidden=\"true\">*<\/span><\/legend><div class=\"wpforms-field-row wpforms-field-medium\"><div class=\"wpforms-field-row-block wpforms-first wpforms-one-half\"><input type=\"text\" id=\"wpforms-1077-field_0\" class=\"wpforms-field-name-first wpforms-field-required\" name=\"wpforms[fields][0][first]\" placeholder=\"Nombre\" aria-errormessage=\"wpforms-1077-field_0-error\" required><label for=\"wpforms-1077-field_0\" class=\"wpforms-field-sublabel after wpforms-sublabel-hide\">Nombre<\/label><\/div><div class=\"wpforms-field-row-block wpforms-one-half\"><input type=\"text\" id=\"wpforms-1077-field_0-last\" class=\"wpforms-field-name-last wpforms-field-required\" name=\"wpforms[fields][0][last]\" placeholder=\"Apellidos\" aria-errormessage=\"wpforms-1077-field_0-last-error\" required><label for=\"wpforms-1077-field_0-last\" class=\"wpforms-field-sublabel after wpforms-sublabel-hide\">Apellidos<\/label><\/div><\/div><\/fieldset><\/div><div id=\"wpforms-1077-field_7-container\" class=\"wpforms-field wpforms-field-layout\" data-field-id=\"7\"><div class=\"wpforms-field-layout-columns wpforms-field-layout-preset-50-50\"><div class=\"wpforms-layout-column wpforms-layout-column-50\" ><div id=\"wpforms-1077-field_1-container\" class=\"wpforms-field wpforms-field-email\" data-field-id=\"1\"><label class=\"wpforms-field-label\" for=\"wpforms-1077-field_1\">Env\u00eda un correo electr\u00f3nico a <span class=\"wpforms-required-label\" aria-hidden=\"true\">*<\/span><\/label><input type=\"email\" id=\"wpforms-1077-field_1\" class=\"wpforms-field-medium wpforms-field-required\" name=\"wpforms[fields][1]\" spellcheck=\"false\" aria-errormessage=\"wpforms-1077-field_1-error\" required><\/div><\/div><div class=\"wpforms-layout-column wpforms-layout-column-50\" ><div id=\"wpforms-1077-field_8-container\" class=\"wpforms-field wpforms-field-phone\" data-field-id=\"8\"><label class=\"wpforms-field-label\" for=\"wpforms-1077-field_8\">N\u00famero de tel\u00e9fono <span class=\"wpforms-required-label\" aria-hidden=\"true\">*<\/span><\/label><input type=\"tel\" id=\"wpforms-1077-field_8\" class=\"wpforms-field-medium wpforms-field-required wpforms-smart-phone-field\" data-rule-smart-phone-field=\"true\" name=\"wpforms[fields][8]\" aria-label=\"N\u00famero de tel\u00e9fono\" aria-errormessage=\"wpforms-1077-field_8-error\" required><\/div><\/div><\/div><\/div>\t\t<div id=\"wpforms-1077-field_3-container\"\n\t\t\tclass=\"wpforms-field wpforms-field-text\"\n\t\t\tdata-field-type=\"text\"\n\t\t\tdata-field-id=\"3\"\n\t\t\t>\n\t\t\t<label class=\"wpforms-field-label\" for=\"wpforms-1077-field_3\" >tel\u00e9fono Dise\u00f1o Env\u00eda<\/label>\n\t\t\t<input type=\"text\" id=\"wpforms-1077-field_3\" class=\"wpforms-field-medium\" name=\"wpforms[fields][3]\" >\n\t\t<\/div>\n\t\t<div id=\"wpforms-1077-field_10-container\" class=\"wpforms-field wpforms-field-layout\" data-field-id=\"10\"><div class=\"wpforms-field-layout-columns wpforms-field-layout-preset-50-50\"><div class=\"wpforms-layout-column wpforms-layout-column-50\" ><div id=\"wpforms-1077-field_4-container\" class=\"wpforms-field wpforms-field-date-time\" data-field-id=\"4\"><label class=\"wpforms-field-label\" for=\"wpforms-1077-field_4\">Desde<\/label><div class=\"wpforms-datepicker-wrap\"><input type=\"text\" id=\"wpforms-1077-field_4\" class=\"wpforms-field-date-time-date wpforms-datepicker wpforms-field-small\" data-date-format=\"m\/d\/Y\" data-disable-past-dates=\"0\" data-input=\"true\" name=\"wpforms[fields][4][date]\" aria-errormessage=\"wpforms-1077-field_4-error\" ><a title=\"Borrar fecha\" data-clear role=\"button\" tabindex=\"0\" class=\"wpforms-datepicker-clear\" aria-label=\"Borrar fecha\" style=\"display:none;\"><\/a><\/div><\/div><\/div><div class=\"wpforms-layout-column wpforms-layout-column-50\" ><div id=\"wpforms-1077-field_9-container\" class=\"wpforms-field wpforms-field-date-time\" data-field-id=\"9\"><label class=\"wpforms-field-label\" for=\"wpforms-1077-field_9\">Hasta<\/label><div class=\"wpforms-datepicker-wrap\"><input type=\"text\" id=\"wpforms-1077-field_9\" class=\"wpforms-field-date-time-date wpforms-datepicker wpforms-field-small\" data-date-format=\"m\/d\/Y\" data-disable-past-dates=\"0\" data-input=\"true\" name=\"wpforms[fields][9][date]\" aria-errormessage=\"wpforms-1077-field_9-error\" ><a title=\"Borrar fecha\" data-clear role=\"button\" tabindex=\"0\" class=\"wpforms-datepicker-clear\" aria-label=\"Borrar fecha\" style=\"display:none;\"><\/a><\/div><\/div><\/div><\/div><\/div><div id=\"wpforms-1077-field_2-container\" class=\"wpforms-field wpforms-field-textarea\" data-field-id=\"2\"><label class=\"wpforms-field-label\" for=\"wpforms-1077-field_2\">Mensaje<\/label><textarea id=\"wpforms-1077-field_2\" class=\"wpforms-field-medium\" name=\"wpforms[fields][2]\" placeholder=\"\u00bfC\u00f3mo podemos ayudarte?\" aria-errormessage=\"wpforms-1077-field_2-error\" ><\/textarea><\/div><script>\n\t\t\t\t( function() {\n\t\t\t\t\tconst style = document.createElement( 'style' );\n\t\t\t\t\tstyle.appendChild( document.createTextNode( '#wpforms-1077-field_3-container { position: absolute !important; overflow: hidden !important; display: inline !important; height: 1px !important; width: 1px !important; z-index: -1000 !important; padding: 0 !important; } #wpforms-1077-field_3-container input { visibility: hidden; } #wpforms-conversational-form-page #wpforms-1077-field_3-container label { counter-increment: none; }' ) );\n\t\t\t\t\tdocument.head.appendChild( style );\n\t\t\t\t\tdocument.currentScript?.remove();\n\t\t\t\t} )();\n\t\t\t<\/script><\/div><!-- .wpforms-field-container --><div class=\"wpforms-recaptcha-container wpforms-is-recaptcha wpforms-is-recaptcha-type-v2\" ><div class=\"g-recaptcha\" data-sitekey=\"6LeS7gEkAAAAAO-EsXRwxTakHs6Q_9Z0rQYHkIS5\"><\/div><input type=\"text\" name=\"g-recaptcha-hidden\" class=\"wpforms-recaptcha-hidden\" style=\"position:absolute!important;clip:rect(0,0,0,0)!important;height:1px!important;width:1px!important;border:0!important;overflow:hidden!important;padding:0!important;margin:0!important;\" data-rule-recaptcha=\"1\"><\/div><div class=\"wpforms-submit-container\" ><input type=\"hidden\" name=\"wpforms[id]\" value=\"1077\"><input type=\"hidden\" name=\"page_title\" value=\"\"><input type=\"hidden\" name=\"page_url\" value=\"https:\/\/whitesoundibiza.com\/es\/wp-json\/wp\/v2\/product\/49287\"><input type=\"hidden\" name=\"url_referer\" value=\"\"><button type=\"submit\" name=\"wpforms[submit]\" id=\"wpforms-submit-1077\" class=\"wpforms-submit\" data-alt-text=\"Enviando...\" data-submit-text=\"Env\u00eda\" aria-live=\"assertive\" value=\"wpforms-submit\">Env\u00eda<\/button><img decoding=\"async\" src=\"https:\/\/whitesoundibiza.com\/wp-content\/plugins\/wpforms\/assets\/images\/submit-spin.svg\" class=\"wpforms-submit-spinner\" style=\"display: none;\" width=\"26\" height=\"26\" alt=\"Cargando\"><\/div><\/form><\/div>  <!-- .wpforms-container --><\/p>\n","protected":false},"excerpt":{"rendered":"<p class=\"\" data-start=\"299\" data-end=\"495\">Un par can compacto con dieciocho LED RGB de 8 W de alta potencia, control DMX512, regulador de intensidad, modos de sonido a luz y carcasa negra resistente, ideal para una iluminaci\u00f3n vibrante de escenarios y eventos.<\/p>\n<p class=\"\" data-start=\"497\" data-end=\"617\">\n","protected":false},"featured_media":48053,"template":"","meta":{"_joinchat":[]},"product_brand":[],"product_cat":[194],"product_tag":[],"class_list":{"0":"post-49287","1":"product","2":"type-product","3":"status-publish","4":"has-post-thumbnail","6":"product_cat-par-led-y-estroboscopico","8":"first","9":"instock","10":"taxable","11":"shipping-taxable","12":"purchasable","13":"product-type-rentable"},"yoast_head":"<!-- This site is optimized with the Yoast SEO plugin v27.4 - https:\/\/yoast.com\/product\/yoast-seo-wordpress\/ -->\n<title>Alquiler Par LED 18x8W-B Ibiza | Sonido Blanco Ibiza<\/title>\n<meta name=\"description\" content=\"Alquila el Par LED 18x8W-B en Ibiza de White Sound Ibiza. Par LED RGB compacto de 18\u00d78W con control DMX, regulador de intensidad, modos de sonido a luz y carcasa negra resistente. \u00a1Reserva ahora!\" \/>\n<meta name=\"robots\" content=\"index, follow, max-snippet:-1, max-image-preview:large, max-video-preview:-1\" \/>\n<link rel=\"canonical\" href=\"https:\/\/whitesoundibiza.com\/es\/producto\/par-led-18x8w-b\/\" \/>\n<meta property=\"og:locale\" content=\"es_ES\" \/>\n<meta property=\"og:type\" content=\"article\" \/>\n<meta property=\"og:title\" content=\"Alquiler Par LED 18x8W-B Ibiza | Sonido Blanco Ibiza\" \/>\n<meta property=\"og:description\" content=\"Alquila el Par LED 18x8W-B en Ibiza de White Sound Ibiza. Par LED RGB compacto de 18\u00d78W con control DMX, regulador de intensidad, modos de sonido a luz y carcasa negra resistente. \u00a1Reserva ahora!\" \/>\n<meta property=\"og:url\" content=\"https:\/\/whitesoundibiza.com\/es\/producto\/par-led-18x8w-b\/\" \/>\n<meta property=\"og:site_name\" content=\"White Sound Ibiza - Delivering Fun\" \/>\n<meta property=\"article:modified_time\" content=\"2025-08-09T15:42:06+00:00\" \/>\n<meta property=\"og:image\" content=\"https:\/\/whitesoundibiza.com\/wp-content\/uploads\/2025\/01\/parled.jpeg\" \/>\n\t<meta property=\"og:image:width\" content=\"800\" \/>\n\t<meta property=\"og:image:height\" content=\"800\" \/>\n\t<meta property=\"og:image:type\" content=\"image\/jpeg\" \/>\n<meta name=\"twitter:card\" content=\"summary_large_image\" \/>\n<meta name=\"twitter:label1\" content=\"Tiempo de lectura\" \/>\n\t<meta name=\"twitter:data1\" content=\"2 minutos\" \/>\n<script type=\"application\/ld+json\" class=\"yoast-schema-graph\">{\"@context\":\"https:\\\/\\\/schema.org\",\"@graph\":[{\"@type\":\"WebPage\",\"@id\":\"https:\\\/\\\/whitesoundibiza.com\\\/es\\\/producto\\\/par-led-18x8w-b\\\/\",\"url\":\"https:\\\/\\\/whitesoundibiza.com\\\/es\\\/producto\\\/par-led-18x8w-b\\\/\",\"name\":\"Alquiler Par LED 18x8W-B Ibiza | Sonido Blanco Ibiza\",\"isPartOf\":{\"@id\":\"https:\\\/\\\/whitesoundibiza.com\\\/es\\\/#website\"},\"primaryImageOfPage\":{\"@id\":\"https:\\\/\\\/whitesoundibiza.com\\\/es\\\/producto\\\/par-led-18x8w-b\\\/#primaryimage\"},\"image\":{\"@id\":\"https:\\\/\\\/whitesoundibiza.com\\\/es\\\/producto\\\/par-led-18x8w-b\\\/#primaryimage\"},\"thumbnailUrl\":\"https:\\\/\\\/whitesoundibiza.com\\\/wp-content\\\/uploads\\\/2025\\\/01\\\/parled.jpeg\",\"datePublished\":\"2025-01-31T16:02:45+00:00\",\"dateModified\":\"2025-08-09T15:42:06+00:00\",\"description\":\"Alquila el Par LED 18x8W-B en Ibiza de White Sound Ibiza. Par LED RGB compacto de 18\u00d78W con control DMX, regulador de intensidad, modos de sonido a luz y carcasa negra resistente. \u00a1Reserva ahora!\",\"breadcrumb\":{\"@id\":\"https:\\\/\\\/whitesoundibiza.com\\\/es\\\/producto\\\/par-led-18x8w-b\\\/#breadcrumb\"},\"inLanguage\":\"es\",\"potentialAction\":[{\"@type\":\"ReadAction\",\"target\":[\"https:\\\/\\\/whitesoundibiza.com\\\/es\\\/producto\\\/par-led-18x8w-b\\\/\"]}]},{\"@type\":\"ImageObject\",\"inLanguage\":\"es\",\"@id\":\"https:\\\/\\\/whitesoundibiza.com\\\/es\\\/producto\\\/par-led-18x8w-b\\\/#primaryimage\",\"url\":\"https:\\\/\\\/whitesoundibiza.com\\\/wp-content\\\/uploads\\\/2025\\\/01\\\/parled.jpeg\",\"contentUrl\":\"https:\\\/\\\/whitesoundibiza.com\\\/wp-content\\\/uploads\\\/2025\\\/01\\\/parled.jpeg\",\"width\":800,\"height\":800,\"caption\":\"Luminaria Par LED 18x8W-B con dieciocho LEDs RGB de 8W en carcasa negra montada sobre soporte en U ajustable\"},{\"@type\":\"BreadcrumbList\",\"@id\":\"https:\\\/\\\/whitesoundibiza.com\\\/es\\\/producto\\\/par-led-18x8w-b\\\/#breadcrumb\",\"itemListElement\":[{\"@type\":\"ListItem\",\"position\":1,\"name\":\"Portada\",\"item\":\"https:\\\/\\\/whitesoundibiza.com\\\/es\\\/\"},{\"@type\":\"ListItem\",\"position\":2,\"name\":\"Tienda\",\"item\":\"https:\\\/\\\/whitesoundibiza.com\\\/es\\\/tienda\\\/\"},{\"@type\":\"ListItem\",\"position\":3,\"name\":\"Par Led 18X8W-B\"}]},{\"@type\":\"WebSite\",\"@id\":\"https:\\\/\\\/whitesoundibiza.com\\\/es\\\/#website\",\"url\":\"https:\\\/\\\/whitesoundibiza.com\\\/es\\\/\",\"name\":\"White Sound Ibiza\",\"description\":\"Rent Speakers in Ibiza\",\"publisher\":{\"@id\":\"https:\\\/\\\/whitesoundibiza.com\\\/es\\\/#organization\"},\"potentialAction\":[{\"@type\":\"SearchAction\",\"target\":{\"@type\":\"EntryPoint\",\"urlTemplate\":\"https:\\\/\\\/whitesoundibiza.com\\\/es\\\/?s={search_term_string}\"},\"query-input\":{\"@type\":\"PropertyValueSpecification\",\"valueRequired\":true,\"valueName\":\"search_term_string\"}}],\"inLanguage\":\"es\"},{\"@type\":\"Organization\",\"@id\":\"https:\\\/\\\/whitesoundibiza.com\\\/es\\\/#organization\",\"name\":\"White Sound Ibiza\",\"url\":\"https:\\\/\\\/whitesoundibiza.com\\\/es\\\/\",\"logo\":{\"@type\":\"ImageObject\",\"inLanguage\":\"es\",\"@id\":\"https:\\\/\\\/whitesoundibiza.com\\\/es\\\/#\\\/schema\\\/logo\\\/image\\\/\",\"url\":\"https:\\\/\\\/whitesoundibiza.com\\\/wp-content\\\/uploads\\\/2025\\\/05\\\/ws_logo.jpg\",\"contentUrl\":\"https:\\\/\\\/whitesoundibiza.com\\\/wp-content\\\/uploads\\\/2025\\\/05\\\/ws_logo.jpg\",\"width\":800,\"height\":235,\"caption\":\"White Sound Ibiza\"},\"image\":{\"@id\":\"https:\\\/\\\/whitesoundibiza.com\\\/es\\\/#\\\/schema\\\/logo\\\/image\\\/\"}}]}<\/script>\n<!-- \/ Yoast SEO plugin. -->","yoast_head_json":{"title":"Alquiler Par LED 18x8W-B Ibiza | Sonido Blanco Ibiza","description":"Alquila el Par LED 18x8W-B en Ibiza de White Sound Ibiza. Par LED RGB compacto de 18\u00d78W con control DMX, regulador de intensidad, modos de sonido a luz y carcasa negra resistente. \u00a1Reserva ahora!","robots":{"index":"index","follow":"follow","max-snippet":"max-snippet:-1","max-image-preview":"max-image-preview:large","max-video-preview":"max-video-preview:-1"},"canonical":"https:\/\/whitesoundibiza.com\/es\/producto\/par-led-18x8w-b\/","og_locale":"es_ES","og_type":"article","og_title":"Alquiler Par LED 18x8W-B Ibiza | Sonido Blanco Ibiza","og_description":"Alquila el Par LED 18x8W-B en Ibiza de White Sound Ibiza. Par LED RGB compacto de 18\u00d78W con control DMX, regulador de intensidad, modos de sonido a luz y carcasa negra resistente. \u00a1Reserva ahora!","og_url":"https:\/\/whitesoundibiza.com\/es\/producto\/par-led-18x8w-b\/","og_site_name":"White Sound Ibiza - Delivering Fun","article_modified_time":"2025-08-09T15:42:06+00:00","og_image":[{"width":800,"height":800,"url":"https:\/\/whitesoundibiza.com\/wp-content\/uploads\/2025\/01\/parled.jpeg","type":"image\/jpeg"}],"twitter_card":"summary_large_image","twitter_misc":{"Tiempo de lectura":"2 minutos"},"schema":{"@context":"https:\/\/schema.org","@graph":[{"@type":"WebPage","@id":"https:\/\/whitesoundibiza.com\/es\/producto\/par-led-18x8w-b\/","url":"https:\/\/whitesoundibiza.com\/es\/producto\/par-led-18x8w-b\/","name":"Alquiler Par LED 18x8W-B Ibiza | Sonido Blanco Ibiza","isPartOf":{"@id":"https:\/\/whitesoundibiza.com\/es\/#website"},"primaryImageOfPage":{"@id":"https:\/\/whitesoundibiza.com\/es\/producto\/par-led-18x8w-b\/#primaryimage"},"image":{"@id":"https:\/\/whitesoundibiza.com\/es\/producto\/par-led-18x8w-b\/#primaryimage"},"thumbnailUrl":"https:\/\/whitesoundibiza.com\/wp-content\/uploads\/2025\/01\/parled.jpeg","datePublished":"2025-01-31T16:02:45+00:00","dateModified":"2025-08-09T15:42:06+00:00","description":"Alquila el Par LED 18x8W-B en Ibiza de White Sound Ibiza. Par LED RGB compacto de 18\u00d78W con control DMX, regulador de intensidad, modos de sonido a luz y carcasa negra resistente. \u00a1Reserva ahora!","breadcrumb":{"@id":"https:\/\/whitesoundibiza.com\/es\/producto\/par-led-18x8w-b\/#breadcrumb"},"inLanguage":"es","potentialAction":[{"@type":"ReadAction","target":["https:\/\/whitesoundibiza.com\/es\/producto\/par-led-18x8w-b\/"]}]},{"@type":"ImageObject","inLanguage":"es","@id":"https:\/\/whitesoundibiza.com\/es\/producto\/par-led-18x8w-b\/#primaryimage","url":"https:\/\/whitesoundibiza.com\/wp-content\/uploads\/2025\/01\/parled.jpeg","contentUrl":"https:\/\/whitesoundibiza.com\/wp-content\/uploads\/2025\/01\/parled.jpeg","width":800,"height":800,"caption":"Luminaria Par LED 18x8W-B con dieciocho LEDs RGB de 8W en carcasa negra montada sobre soporte en U ajustable"},{"@type":"BreadcrumbList","@id":"https:\/\/whitesoundibiza.com\/es\/producto\/par-led-18x8w-b\/#breadcrumb","itemListElement":[{"@type":"ListItem","position":1,"name":"Portada","item":"https:\/\/whitesoundibiza.com\/es\/"},{"@type":"ListItem","position":2,"name":"Tienda","item":"https:\/\/whitesoundibiza.com\/es\/tienda\/"},{"@type":"ListItem","position":3,"name":"Par Led 18X8W-B"}]},{"@type":"WebSite","@id":"https:\/\/whitesoundibiza.com\/es\/#website","url":"https:\/\/whitesoundibiza.com\/es\/","name":"White Sound Ibiza","description":"Rent Speakers in Ibiza","publisher":{"@id":"https:\/\/whitesoundibiza.com\/es\/#organization"},"potentialAction":[{"@type":"SearchAction","target":{"@type":"EntryPoint","urlTemplate":"https:\/\/whitesoundibiza.com\/es\/?s={search_term_string}"},"query-input":{"@type":"PropertyValueSpecification","valueRequired":true,"valueName":"search_term_string"}}],"inLanguage":"es"},{"@type":"Organization","@id":"https:\/\/whitesoundibiza.com\/es\/#organization","name":"White Sound Ibiza","url":"https:\/\/whitesoundibiza.com\/es\/","logo":{"@type":"ImageObject","inLanguage":"es","@id":"https:\/\/whitesoundibiza.com\/es\/#\/schema\/logo\/image\/","url":"https:\/\/whitesoundibiza.com\/wp-content\/uploads\/2025\/05\/ws_logo.jpg","contentUrl":"https:\/\/whitesoundibiza.com\/wp-content\/uploads\/2025\/05\/ws_logo.jpg","width":800,"height":235,"caption":"White Sound Ibiza"},"image":{"@id":"https:\/\/whitesoundibiza.com\/es\/#\/schema\/logo\/image\/"}}]}},"_links":{"self":[{"href":"https:\/\/whitesoundibiza.com\/es\/wp-json\/wp\/v2\/product\/49287","targetHints":{"allow":["GET"]}}],"collection":[{"href":"https:\/\/whitesoundibiza.com\/es\/wp-json\/wp\/v2\/product"}],"about":[{"href":"https:\/\/whitesoundibiza.com\/es\/wp-json\/wp\/v2\/types\/product"}],"wp:featuredmedia":[{"embeddable":true,"href":"https:\/\/whitesoundibiza.com\/es\/wp-json\/wp\/v2\/media\/48053"}],"wp:attachment":[{"href":"https:\/\/whitesoundibiza.com\/es\/wp-json\/wp\/v2\/media?parent=49287"}],"wp:term":[{"taxonomy":"product_brand","embeddable":true,"href":"https:\/\/whitesoundibiza.com\/es\/wp-json\/wp\/v2\/product_brand?post=49287"},{"taxonomy":"product_cat","embeddable":true,"href":"https:\/\/whitesoundibiza.com\/es\/wp-json\/wp\/v2\/product_cat?post=49287"},{"taxonomy":"product_tag","embeddable":true,"href":"https:\/\/whitesoundibiza.com\/es\/wp-json\/wp\/v2\/product_tag?post=49287"}],"curies":[{"name":"wp","href":"https:\/\/api.w.org\/{rel}","templated":true}]}}