{"id":49284,"date":"2025-01-31T16:02:42","date_gmt":"2025-01-31T16:02:42","guid":{"rendered":"https:\/\/whitesoundibiza.com\/producto\/acme-gemini\/"},"modified":"2025-08-09T15:42:00","modified_gmt":"2025-08-09T15:42:00","slug":"acme-gemini","status":"publish","type":"product","link":"https:\/\/whitesoundibiza.com\/es\/producto\/acme-gemini\/","title":{"rendered":"Acme Gemini"},"content":{"rendered":"<p class=\"\" data-start=\"635\" data-end=\"832\">Al <strong data-start=\"659\" data-end=\"685\">alquilar acme gemini ibiza<\/strong>, desbloqueas un potente aparato de iluminaci\u00f3n de doble uso. Adem\u00e1s, esta unidad combina amplios lavados de color con precisos efectos de p\u00edxeles en una barra compacta. <\/p>\n<p class=\"\" data-start=\"834\" data-end=\"1052\"><strong data-start=\"834\" data-end=\"855\">Configuraci\u00f3n de LED<\/strong><br data-start=\"855\" data-end=\"858\">El Acme Gemini incorpora doce LED RGBW de 10 W. Por lo tanto, proporciona un rico lavado de color en escenarios y paredes. Adem\u00e1s, a\u00f1ade veinticuatro puntos de p\u00edxel RGB de 2 W para conseguir patrones de persecuci\u00f3n din\u00e1micos.  <\/p>\n<p class=\"\" data-start=\"1054\" data-end=\"1283\"><strong data-start=\"1054\" data-end=\"1070\">Modos de Efecto<\/strong><br data-start=\"1070\" data-end=\"1073\">Puedes cambiar entre el modo lavado y el modo p\u00edxel instant\u00e1neamente. Adem\u00e1s, las funciones estrobosc\u00f3pica y fundido ofrecen r\u00e1fagas dram\u00e1ticas o transiciones suaves. Por lo tanto, mantienes la flexibilidad creativa durante todo tu espect\u00e1culo.  <\/p>\n<p class=\"\" data-start=\"1285\" data-end=\"1514\"><strong data-start=\"1285\" data-end=\"1304\">Opciones de control<\/strong><br data-start=\"1304\" data-end=\"1307\">En modo DMX, la luminaria admite 36 canales para una programaci\u00f3n granular. Alternativamente, ofrece programas independientes y sincronizaci\u00f3n sonido-luz. As\u00ed, puedes ejecutar secuencias complejas sin consola.  <\/p>\n<p class=\"\" data-start=\"1516\" data-end=\"1752\"><strong data-start=\"1516\" data-end=\"1538\">Construcci\u00f3n y durabilidad<\/strong><br data-start=\"1538\" data-end=\"1541\">Alojada en acero con recubrimiento de polvo, la Gemini resiste las giras m\u00e1s duras. Mientras tanto, los ventiladores y rejillas de ventilaci\u00f3n integrados gestionan el calor silenciosamente a menos de 45 dB(A). En consecuencia, la unidad sigue siendo fiable en cualquier entorno.  <\/p>\n<p class=\"\" data-start=\"1754\" data-end=\"1950\"><strong data-start=\"1754\" data-end=\"1776\">Potencia y eficiencia<\/strong><br data-start=\"1776\" data-end=\"1779\">La barra consume menos de 200 W a plena potencia. Sin embargo, sus eficientes LED ofrecen un gran rendimiento. Por lo tanto, reduces la carga del generador y los costes de energ\u00eda para eventos al aire libre.  <\/p>\n<p class=\"\" data-start=\"1952\" data-end=\"2165\"><strong data-start=\"1952\" data-end=\"1978\">Instalaci\u00f3n y montaje<\/strong><br data-start=\"1978\" data-end=\"1981\">El montaje se realiza en segundos mediante el soporte en U ajustable. Los conectores PowerCON y XLR bloqueables garantizan una alimentaci\u00f3n segura. Adem\u00e1s, los puntos para cables de seguridad mantienen el aparato estable bajo cualquier tipo de montaje.  <\/p>\n<p class=\"\" data-start=\"2167\" data-end=\"2438\"><strong data-start=\"2167\" data-end=\"2183\">Aplicaciones<\/strong><br data-start=\"2183\" data-end=\"2186\">Tanto si <strong data-start=\"2198\" data-end=\"2224\">alquilas acme gemini ibiza<\/strong> para discotecas, bodas o funciones corporativas, se adapta a la perfecci\u00f3n. Por ejemplo, utiliza puntos de p\u00edxel para revelar logotipos o LEDs de lavado para iluminaci\u00f3n ambiental. Adem\u00e1s, su forma compacta se adapta tanto a locales estrechos como a grandes escenarios.  <\/p>\n<p class=\"\" data-start=\"2440\" data-end=\"2750\"><strong data-start=\"2440\" data-end=\"2460\">Alquiler y asistencia<\/strong><br data-start=\"2460\" data-end=\"2463\">Para obtener todos los detalles t\u00e9cnicos, visita <a class=\"cursor-pointer\" target=\"_new\" rel=\"noopener\" data-start=\"2501\" data-end=\"2578\">la p\u00e1gina del producto Acme Gemini<\/a>. White Sound Ibiza se encarga de la entrega, la gu\u00eda de instalaci\u00f3n y la asistencia t\u00e9cnica in situ. De este modo, disfrutar\u00e1s de una experiencia de iluminaci\u00f3n impecable desde la carga hasta la puesta en marcha.  <\/p>\n<p class=\"\" data-start=\"2752\" data-end=\"2890\">Reserva hoy el <strong data-start=\"2761\" data-end=\"2785\">Acme Gemini en Ibiza<\/strong> con White Sound Ibiza y eleva tu pr\u00f3ximo evento con efectos wash y pixel de calidad profesional.<\/p>\n<p data-start=\"2752\" data-end=\"2890\"><style id=\"wpforms-css-vars-1077\">\n\t\t\t\t#wpforms-1077 {\n\t\t\t\t\n\t\t\t}\n\t\t\t<\/style><div class=\"wpforms-container wpforms-container-full wpforms-render-modern\" id=\"wpforms-1077\"><form id=\"wpforms-form-1077\" class=\"wpforms-validate wpforms-form wpforms-ajax-form\" data-formid=\"1077\" method=\"post\" enctype=\"multipart\/form-data\" action=\"\/es\/wp-json\/wp\/v2\/product\/49284\" data-token=\"2d005c2a3fac27543c5896097c24d2d8\" data-token-time=\"1775826688\"><noscript class=\"wpforms-error-noscript\">Por favor, activa JavaScript en tu navegador para completar este formulario.<\/noscript><div id=\"wpforms-error-noscript\" style=\"display: none;\">Por favor, activa JavaScript en tu navegador para completar este formulario.<\/div><div class=\"wpforms-field-container\"><div id=\"wpforms-1077-field_0-container\" class=\"wpforms-field wpforms-field-name\" data-field-id=\"0\"><fieldset><legend class=\"wpforms-field-label\">Nombre <span class=\"wpforms-required-label\" aria-hidden=\"true\">*<\/span><\/legend><div class=\"wpforms-field-row wpforms-field-medium\"><div class=\"wpforms-field-row-block wpforms-first wpforms-one-half\"><input type=\"text\" id=\"wpforms-1077-field_0\" class=\"wpforms-field-name-first wpforms-field-required\" name=\"wpforms[fields][0][first]\" placeholder=\"Nombre\" aria-errormessage=\"wpforms-1077-field_0-error\" required><label for=\"wpforms-1077-field_0\" class=\"wpforms-field-sublabel after wpforms-sublabel-hide\">Nombre<\/label><\/div><div class=\"wpforms-field-row-block wpforms-one-half\"><input type=\"text\" id=\"wpforms-1077-field_0-last\" class=\"wpforms-field-name-last wpforms-field-required\" name=\"wpforms[fields][0][last]\" placeholder=\"Apellidos\" aria-errormessage=\"wpforms-1077-field_0-last-error\" required><label for=\"wpforms-1077-field_0-last\" class=\"wpforms-field-sublabel after wpforms-sublabel-hide\">Apellidos<\/label><\/div><\/div><\/fieldset><\/div><div id=\"wpforms-1077-field_7-container\" class=\"wpforms-field wpforms-field-layout\" data-field-id=\"7\"><div class=\"wpforms-field-layout-columns wpforms-field-layout-preset-50-50\"><div class=\"wpforms-layout-column wpforms-layout-column-50\" >\t\t<div id=\"wpforms-1077-field_3-container\"\n\t\t\tclass=\"wpforms-field wpforms-field-text\"\n\t\t\tdata-field-type=\"text\"\n\t\t\tdata-field-id=\"3\"\n\t\t\t>\n\t\t\t<label class=\"wpforms-field-label\" for=\"wpforms-1077-field_3\" >Dise\u00f1o a Env\u00eda<\/label>\n\t\t\t<input type=\"text\" id=\"wpforms-1077-field_3\" class=\"wpforms-field-medium\" name=\"wpforms[fields][3]\" >\n\t\t<\/div>\n\t\t<div id=\"wpforms-1077-field_1-container\" class=\"wpforms-field wpforms-field-email\" data-field-id=\"1\"><label class=\"wpforms-field-label\" for=\"wpforms-1077-field_1\">Env\u00eda un correo electr\u00f3nico a <span class=\"wpforms-required-label\" aria-hidden=\"true\">*<\/span><\/label><input type=\"email\" id=\"wpforms-1077-field_1\" class=\"wpforms-field-medium wpforms-field-required\" name=\"wpforms[fields][1]\" spellcheck=\"false\" aria-errormessage=\"wpforms-1077-field_1-error\" required><\/div><\/div><div class=\"wpforms-layout-column wpforms-layout-column-50\" ><div id=\"wpforms-1077-field_8-container\" class=\"wpforms-field wpforms-field-phone\" data-field-id=\"8\"><label class=\"wpforms-field-label\" for=\"wpforms-1077-field_8\">N\u00famero de tel\u00e9fono <span class=\"wpforms-required-label\" aria-hidden=\"true\">*<\/span><\/label><input type=\"tel\" id=\"wpforms-1077-field_8\" class=\"wpforms-field-medium wpforms-field-required wpforms-smart-phone-field\" data-rule-smart-phone-field=\"true\" name=\"wpforms[fields][8]\" aria-label=\"N\u00famero de tel\u00e9fono\" aria-errormessage=\"wpforms-1077-field_8-error\" required><\/div><\/div><\/div><\/div><div id=\"wpforms-1077-field_10-container\" class=\"wpforms-field wpforms-field-layout\" data-field-id=\"10\"><div class=\"wpforms-field-layout-columns wpforms-field-layout-preset-50-50\"><div class=\"wpforms-layout-column wpforms-layout-column-50\" ><div id=\"wpforms-1077-field_4-container\" class=\"wpforms-field wpforms-field-date-time\" data-field-id=\"4\"><label class=\"wpforms-field-label\" for=\"wpforms-1077-field_4\">Desde<\/label><div class=\"wpforms-datepicker-wrap\"><input type=\"text\" id=\"wpforms-1077-field_4\" class=\"wpforms-field-date-time-date wpforms-datepicker wpforms-field-small\" data-date-format=\"m\/d\/Y\" data-disable-past-dates=\"0\" data-input=\"true\" name=\"wpforms[fields][4][date]\" aria-errormessage=\"wpforms-1077-field_4-error\" ><a title=\"Borrar fecha\" data-clear role=\"button\" tabindex=\"0\" class=\"wpforms-datepicker-clear\" aria-label=\"Borrar fecha\" style=\"display:none;\"><\/a><\/div><\/div><\/div><div class=\"wpforms-layout-column wpforms-layout-column-50\" ><div id=\"wpforms-1077-field_9-container\" class=\"wpforms-field wpforms-field-date-time\" data-field-id=\"9\"><label class=\"wpforms-field-label\" for=\"wpforms-1077-field_9\">Hasta<\/label><div class=\"wpforms-datepicker-wrap\"><input type=\"text\" id=\"wpforms-1077-field_9\" class=\"wpforms-field-date-time-date wpforms-datepicker wpforms-field-small\" data-date-format=\"m\/d\/Y\" data-disable-past-dates=\"0\" data-input=\"true\" name=\"wpforms[fields][9][date]\" aria-errormessage=\"wpforms-1077-field_9-error\" ><a title=\"Borrar fecha\" data-clear role=\"button\" tabindex=\"0\" class=\"wpforms-datepicker-clear\" aria-label=\"Borrar fecha\" style=\"display:none;\"><\/a><\/div><\/div><\/div><\/div><\/div><div id=\"wpforms-1077-field_2-container\" class=\"wpforms-field wpforms-field-textarea\" data-field-id=\"2\"><label class=\"wpforms-field-label\" for=\"wpforms-1077-field_2\">Mensaje<\/label><textarea id=\"wpforms-1077-field_2\" class=\"wpforms-field-medium\" name=\"wpforms[fields][2]\" placeholder=\"\u00bfC\u00f3mo podemos ayudarte?\" aria-errormessage=\"wpforms-1077-field_2-error\" ><\/textarea><\/div><script>\n\t\t\t\t( function() {\n\t\t\t\t\tconst style = document.createElement( 'style' );\n\t\t\t\t\tstyle.appendChild( document.createTextNode( '#wpforms-1077-field_3-container { position: absolute !important; overflow: hidden !important; display: inline !important; height: 1px !important; width: 1px !important; z-index: -1000 !important; padding: 0 !important; } #wpforms-1077-field_3-container input { visibility: hidden; } #wpforms-conversational-form-page #wpforms-1077-field_3-container label { counter-increment: none; }' ) );\n\t\t\t\t\tdocument.head.appendChild( style );\n\t\t\t\t\tdocument.currentScript?.remove();\n\t\t\t\t} )();\n\t\t\t<\/script><\/div><!-- .wpforms-field-container --><div class=\"wpforms-recaptcha-container wpforms-is-recaptcha wpforms-is-recaptcha-type-v2\" ><div class=\"g-recaptcha\" data-sitekey=\"6LeS7gEkAAAAAO-EsXRwxTakHs6Q_9Z0rQYHkIS5\"><\/div><input type=\"text\" name=\"g-recaptcha-hidden\" class=\"wpforms-recaptcha-hidden\" style=\"position:absolute!important;clip:rect(0,0,0,0)!important;height:1px!important;width:1px!important;border:0!important;overflow:hidden!important;padding:0!important;margin:0!important;\" data-rule-recaptcha=\"1\"><\/div><div class=\"wpforms-submit-container\" ><input type=\"hidden\" name=\"wpforms[id]\" value=\"1077\"><input type=\"hidden\" name=\"page_title\" value=\"\"><input type=\"hidden\" name=\"page_url\" value=\"https:\/\/whitesoundibiza.com\/es\/wp-json\/wp\/v2\/product\/49284\"><input type=\"hidden\" name=\"url_referer\" value=\"\"><button type=\"submit\" name=\"wpforms[submit]\" id=\"wpforms-submit-1077\" class=\"wpforms-submit\" data-alt-text=\"Enviando...\" data-submit-text=\"Env\u00eda\" aria-live=\"assertive\" value=\"wpforms-submit\">Env\u00eda<\/button><img decoding=\"async\" src=\"https:\/\/whitesoundibiza.com\/wp-content\/plugins\/wpforms\/assets\/images\/submit-spin.svg\" class=\"wpforms-submit-spinner\" style=\"display: none;\" width=\"26\" height=\"26\" alt=\"Cargando\"><\/div><\/form><\/div>  <!-- .wpforms-container --><\/p>\n","protected":false},"excerpt":{"rendered":"<p class=\"\" data-start=\"286\" data-end=\"477\">Una barra vers\u00e1til que combina LEDs RGBW de 12\u00d710W con puntos de p\u00edxel de 24\u00d72W, mapeado DMX completo, efectos estrobosc\u00f3picos\/fade y un chasis met\u00e1lico duradero, ideal para la iluminaci\u00f3n din\u00e1mica de eventos.<\/p>\n<p class=\"\" data-start=\"479\" data-end=\"612\">\n","protected":false},"featured_media":48124,"template":"","meta":{"_joinchat":[]},"product_brand":[],"product_cat":[198],"product_tag":[],"class_list":{"0":"post-49284","1":"product","2":"type-product","3":"status-publish","4":"has-post-thumbnail","6":"product_cat-cabezas-moviles","8":"first","9":"instock","10":"taxable","11":"shipping-taxable","12":"purchasable","13":"product-type-rentable"},"yoast_head":"<!-- This site is optimized with the Yoast SEO plugin v27.3 - https:\/\/yoast.com\/product\/yoast-seo-wordpress\/ -->\n<title>Alquiler Acme Gemini Ibiza | White Sound Ibiza<\/title>\n<meta name=\"description\" content=\"Alquila la Acme Gemini en Ibiza con White Sound Ibiza. Barra de efectos y lavado LED de doble funci\u00f3n con mapeo de p\u00edxeles DMX, modos estrobosc\u00f3pico\/fade y construcci\u00f3n robusta. \u00a1Reserva ahora!\" \/>\n<meta name=\"robots\" content=\"index, follow, max-snippet:-1, max-image-preview:large, max-video-preview:-1\" \/>\n<link rel=\"canonical\" href=\"https:\/\/whitesoundibiza.com\/es\/producto\/acme-gemini\/\" \/>\n<meta property=\"og:locale\" content=\"es_ES\" \/>\n<meta property=\"og:type\" content=\"article\" \/>\n<meta property=\"og:title\" content=\"Alquiler Acme Gemini Ibiza | White Sound Ibiza\" \/>\n<meta property=\"og:description\" content=\"Alquila la Acme Gemini en Ibiza con White Sound Ibiza. Barra de efectos y lavado LED de doble funci\u00f3n con mapeo de p\u00edxeles DMX, modos estrobosc\u00f3pico\/fade y construcci\u00f3n robusta. \u00a1Reserva ahora!\" \/>\n<meta property=\"og:url\" content=\"https:\/\/whitesoundibiza.com\/es\/producto\/acme-gemini\/\" \/>\n<meta property=\"og:site_name\" content=\"White Sound Ibiza - Delivering Fun\" \/>\n<meta property=\"article:modified_time\" content=\"2025-08-09T15:42:00+00:00\" \/>\n<meta property=\"og:image\" content=\"https:\/\/whitesoundibiza.com\/wp-content\/uploads\/2025\/01\/acme_gemini.jpg\" \/>\n\t<meta property=\"og:image:width\" content=\"1000\" \/>\n\t<meta property=\"og:image:height\" content=\"1000\" \/>\n\t<meta property=\"og:image:type\" content=\"image\/jpeg\" \/>\n<meta name=\"twitter:card\" content=\"summary_large_image\" \/>\n<meta name=\"twitter:label1\" content=\"Tiempo de lectura\" \/>\n\t<meta name=\"twitter:data1\" content=\"2 minutos\" \/>\n<script type=\"application\/ld+json\" class=\"yoast-schema-graph\">{\"@context\":\"https:\\\/\\\/schema.org\",\"@graph\":[{\"@type\":\"WebPage\",\"@id\":\"https:\\\/\\\/whitesoundibiza.com\\\/es\\\/producto\\\/acme-gemini\\\/\",\"url\":\"https:\\\/\\\/whitesoundibiza.com\\\/es\\\/producto\\\/acme-gemini\\\/\",\"name\":\"Alquiler Acme Gemini Ibiza | White Sound Ibiza\",\"isPartOf\":{\"@id\":\"https:\\\/\\\/whitesoundibiza.com\\\/es\\\/#website\"},\"primaryImageOfPage\":{\"@id\":\"https:\\\/\\\/whitesoundibiza.com\\\/es\\\/producto\\\/acme-gemini\\\/#primaryimage\"},\"image\":{\"@id\":\"https:\\\/\\\/whitesoundibiza.com\\\/es\\\/producto\\\/acme-gemini\\\/#primaryimage\"},\"thumbnailUrl\":\"https:\\\/\\\/whitesoundibiza.com\\\/wp-content\\\/uploads\\\/2025\\\/01\\\/acme_gemini.jpg\",\"datePublished\":\"2025-01-31T16:02:42+00:00\",\"dateModified\":\"2025-08-09T15:42:00+00:00\",\"description\":\"Alquila la Acme Gemini en Ibiza con White Sound Ibiza. Barra de efectos y lavado LED de doble funci\u00f3n con mapeo de p\u00edxeles DMX, modos estrobosc\u00f3pico\\\/fade y construcci\u00f3n robusta. \u00a1Reserva ahora!\",\"breadcrumb\":{\"@id\":\"https:\\\/\\\/whitesoundibiza.com\\\/es\\\/producto\\\/acme-gemini\\\/#breadcrumb\"},\"inLanguage\":\"es\",\"potentialAction\":[{\"@type\":\"ReadAction\",\"target\":[\"https:\\\/\\\/whitesoundibiza.com\\\/es\\\/producto\\\/acme-gemini\\\/\"]}]},{\"@type\":\"ImageObject\",\"inLanguage\":\"es\",\"@id\":\"https:\\\/\\\/whitesoundibiza.com\\\/es\\\/producto\\\/acme-gemini\\\/#primaryimage\",\"url\":\"https:\\\/\\\/whitesoundibiza.com\\\/wp-content\\\/uploads\\\/2025\\\/01\\\/acme_gemini.jpg\",\"contentUrl\":\"https:\\\/\\\/whitesoundibiza.com\\\/wp-content\\\/uploads\\\/2025\\\/01\\\/acme_gemini.jpg\",\"width\":1000,\"height\":1000,\"caption\":\"Barra Acme Gemini de LEDs de lavado y efecto p\u00edxel con LEDs de lavado RGBW y puntos de p\u00edxel montados en un soporte en U ajustable\"},{\"@type\":\"BreadcrumbList\",\"@id\":\"https:\\\/\\\/whitesoundibiza.com\\\/es\\\/producto\\\/acme-gemini\\\/#breadcrumb\",\"itemListElement\":[{\"@type\":\"ListItem\",\"position\":1,\"name\":\"Portada\",\"item\":\"https:\\\/\\\/whitesoundibiza.com\\\/es\\\/\"},{\"@type\":\"ListItem\",\"position\":2,\"name\":\"Tienda\",\"item\":\"https:\\\/\\\/whitesoundibiza.com\\\/es\\\/tienda\\\/\"},{\"@type\":\"ListItem\",\"position\":3,\"name\":\"Acme Gemini\"}]},{\"@type\":\"WebSite\",\"@id\":\"https:\\\/\\\/whitesoundibiza.com\\\/es\\\/#website\",\"url\":\"https:\\\/\\\/whitesoundibiza.com\\\/es\\\/\",\"name\":\"White Sound Ibiza\",\"description\":\"Rent Speakers in Ibiza\",\"publisher\":{\"@id\":\"https:\\\/\\\/whitesoundibiza.com\\\/es\\\/#organization\"},\"potentialAction\":[{\"@type\":\"SearchAction\",\"target\":{\"@type\":\"EntryPoint\",\"urlTemplate\":\"https:\\\/\\\/whitesoundibiza.com\\\/es\\\/?s={search_term_string}\"},\"query-input\":{\"@type\":\"PropertyValueSpecification\",\"valueRequired\":true,\"valueName\":\"search_term_string\"}}],\"inLanguage\":\"es\"},{\"@type\":\"Organization\",\"@id\":\"https:\\\/\\\/whitesoundibiza.com\\\/es\\\/#organization\",\"name\":\"White Sound Ibiza\",\"url\":\"https:\\\/\\\/whitesoundibiza.com\\\/es\\\/\",\"logo\":{\"@type\":\"ImageObject\",\"inLanguage\":\"es\",\"@id\":\"https:\\\/\\\/whitesoundibiza.com\\\/es\\\/#\\\/schema\\\/logo\\\/image\\\/\",\"url\":\"https:\\\/\\\/whitesoundibiza.com\\\/wp-content\\\/uploads\\\/2025\\\/05\\\/ws_logo.jpg\",\"contentUrl\":\"https:\\\/\\\/whitesoundibiza.com\\\/wp-content\\\/uploads\\\/2025\\\/05\\\/ws_logo.jpg\",\"width\":800,\"height\":235,\"caption\":\"White Sound Ibiza\"},\"image\":{\"@id\":\"https:\\\/\\\/whitesoundibiza.com\\\/es\\\/#\\\/schema\\\/logo\\\/image\\\/\"}}]}<\/script>\n<!-- \/ Yoast SEO plugin. -->","yoast_head_json":{"title":"Alquiler Acme Gemini Ibiza | White Sound Ibiza","description":"Alquila la Acme Gemini en Ibiza con White Sound Ibiza. Barra de efectos y lavado LED de doble funci\u00f3n con mapeo de p\u00edxeles DMX, modos estrobosc\u00f3pico\/fade y construcci\u00f3n robusta. \u00a1Reserva ahora!","robots":{"index":"index","follow":"follow","max-snippet":"max-snippet:-1","max-image-preview":"max-image-preview:large","max-video-preview":"max-video-preview:-1"},"canonical":"https:\/\/whitesoundibiza.com\/es\/producto\/acme-gemini\/","og_locale":"es_ES","og_type":"article","og_title":"Alquiler Acme Gemini Ibiza | White Sound Ibiza","og_description":"Alquila la Acme Gemini en Ibiza con White Sound Ibiza. Barra de efectos y lavado LED de doble funci\u00f3n con mapeo de p\u00edxeles DMX, modos estrobosc\u00f3pico\/fade y construcci\u00f3n robusta. \u00a1Reserva ahora!","og_url":"https:\/\/whitesoundibiza.com\/es\/producto\/acme-gemini\/","og_site_name":"White Sound Ibiza - Delivering Fun","article_modified_time":"2025-08-09T15:42:00+00:00","og_image":[{"width":1000,"height":1000,"url":"https:\/\/whitesoundibiza.com\/wp-content\/uploads\/2025\/01\/acme_gemini.jpg","type":"image\/jpeg"}],"twitter_card":"summary_large_image","twitter_misc":{"Tiempo de lectura":"2 minutos"},"schema":{"@context":"https:\/\/schema.org","@graph":[{"@type":"WebPage","@id":"https:\/\/whitesoundibiza.com\/es\/producto\/acme-gemini\/","url":"https:\/\/whitesoundibiza.com\/es\/producto\/acme-gemini\/","name":"Alquiler Acme Gemini Ibiza | White Sound Ibiza","isPartOf":{"@id":"https:\/\/whitesoundibiza.com\/es\/#website"},"primaryImageOfPage":{"@id":"https:\/\/whitesoundibiza.com\/es\/producto\/acme-gemini\/#primaryimage"},"image":{"@id":"https:\/\/whitesoundibiza.com\/es\/producto\/acme-gemini\/#primaryimage"},"thumbnailUrl":"https:\/\/whitesoundibiza.com\/wp-content\/uploads\/2025\/01\/acme_gemini.jpg","datePublished":"2025-01-31T16:02:42+00:00","dateModified":"2025-08-09T15:42:00+00:00","description":"Alquila la Acme Gemini en Ibiza con White Sound Ibiza. Barra de efectos y lavado LED de doble funci\u00f3n con mapeo de p\u00edxeles DMX, modos estrobosc\u00f3pico\/fade y construcci\u00f3n robusta. \u00a1Reserva ahora!","breadcrumb":{"@id":"https:\/\/whitesoundibiza.com\/es\/producto\/acme-gemini\/#breadcrumb"},"inLanguage":"es","potentialAction":[{"@type":"ReadAction","target":["https:\/\/whitesoundibiza.com\/es\/producto\/acme-gemini\/"]}]},{"@type":"ImageObject","inLanguage":"es","@id":"https:\/\/whitesoundibiza.com\/es\/producto\/acme-gemini\/#primaryimage","url":"https:\/\/whitesoundibiza.com\/wp-content\/uploads\/2025\/01\/acme_gemini.jpg","contentUrl":"https:\/\/whitesoundibiza.com\/wp-content\/uploads\/2025\/01\/acme_gemini.jpg","width":1000,"height":1000,"caption":"Barra Acme Gemini de LEDs de lavado y efecto p\u00edxel con LEDs de lavado RGBW y puntos de p\u00edxel montados en un soporte en U ajustable"},{"@type":"BreadcrumbList","@id":"https:\/\/whitesoundibiza.com\/es\/producto\/acme-gemini\/#breadcrumb","itemListElement":[{"@type":"ListItem","position":1,"name":"Portada","item":"https:\/\/whitesoundibiza.com\/es\/"},{"@type":"ListItem","position":2,"name":"Tienda","item":"https:\/\/whitesoundibiza.com\/es\/tienda\/"},{"@type":"ListItem","position":3,"name":"Acme Gemini"}]},{"@type":"WebSite","@id":"https:\/\/whitesoundibiza.com\/es\/#website","url":"https:\/\/whitesoundibiza.com\/es\/","name":"White Sound Ibiza","description":"Rent Speakers in Ibiza","publisher":{"@id":"https:\/\/whitesoundibiza.com\/es\/#organization"},"potentialAction":[{"@type":"SearchAction","target":{"@type":"EntryPoint","urlTemplate":"https:\/\/whitesoundibiza.com\/es\/?s={search_term_string}"},"query-input":{"@type":"PropertyValueSpecification","valueRequired":true,"valueName":"search_term_string"}}],"inLanguage":"es"},{"@type":"Organization","@id":"https:\/\/whitesoundibiza.com\/es\/#organization","name":"White Sound Ibiza","url":"https:\/\/whitesoundibiza.com\/es\/","logo":{"@type":"ImageObject","inLanguage":"es","@id":"https:\/\/whitesoundibiza.com\/es\/#\/schema\/logo\/image\/","url":"https:\/\/whitesoundibiza.com\/wp-content\/uploads\/2025\/05\/ws_logo.jpg","contentUrl":"https:\/\/whitesoundibiza.com\/wp-content\/uploads\/2025\/05\/ws_logo.jpg","width":800,"height":235,"caption":"White Sound Ibiza"},"image":{"@id":"https:\/\/whitesoundibiza.com\/es\/#\/schema\/logo\/image\/"}}]}},"_links":{"self":[{"href":"https:\/\/whitesoundibiza.com\/es\/wp-json\/wp\/v2\/product\/49284","targetHints":{"allow":["GET"]}}],"collection":[{"href":"https:\/\/whitesoundibiza.com\/es\/wp-json\/wp\/v2\/product"}],"about":[{"href":"https:\/\/whitesoundibiza.com\/es\/wp-json\/wp\/v2\/types\/product"}],"wp:featuredmedia":[{"embeddable":true,"href":"https:\/\/whitesoundibiza.com\/es\/wp-json\/wp\/v2\/media\/48124"}],"wp:attachment":[{"href":"https:\/\/whitesoundibiza.com\/es\/wp-json\/wp\/v2\/media?parent=49284"}],"wp:term":[{"taxonomy":"product_brand","embeddable":true,"href":"https:\/\/whitesoundibiza.com\/es\/wp-json\/wp\/v2\/product_brand?post=49284"},{"taxonomy":"product_cat","embeddable":true,"href":"https:\/\/whitesoundibiza.com\/es\/wp-json\/wp\/v2\/product_cat?post=49284"},{"taxonomy":"product_tag","embeddable":true,"href":"https:\/\/whitesoundibiza.com\/es\/wp-json\/wp\/v2\/product_tag?post=49284"}],"curies":[{"name":"wp","href":"https:\/\/api.w.org\/{rel}","templated":true}]}}