{"id":49281,"date":"2025-01-31T16:02:39","date_gmt":"2025-01-31T16:02:39","guid":{"rendered":"https:\/\/whitesoundibiza.com\/producto\/stairville-ddc6\/"},"modified":"2025-08-09T15:41:53","modified_gmt":"2025-08-09T15:41:53","slug":"stairville-ddc6","status":"publish","type":"product","link":"https:\/\/whitesoundibiza.com\/es\/producto\/stairville-ddc6\/","title":{"rendered":"Stairville DDC6"},"content":{"rendered":"<p class=\"\" data-start=\"689\" data-end=\"905\">Para <strong data-start=\"711\" data-end=\"741\">alquilar stairville ddc6 ibiza<\/strong>, elige White Sound Ibiza como tu socio de confianza. Adem\u00e1s, al <strong data-start=\"812\" data-end=\"842\">alquilar stairville ddc6 ibiza<\/strong>, recibes un control DMX de nivel profesional en un formato compacto. <\/p>\n<p class=\"\" data-start=\"907\" data-end=\"1222\"><strong data-start=\"907\" data-end=\"919\">Resumen<\/strong><br data-start=\"919\" data-end=\"922\">El Stairville DDC6 es un mezclador de luz de 6 canales que dispone de faders individuales para cada canal y un fader maestro. En consecuencia, consigues un control suave de la intensidad de 0 a 255 para las seis luminarias. Adem\u00e1s, su pantalla LCD integrada muestra el valor de cada canal para una programaci\u00f3n precisa sobre la marcha.  <\/p>\n<p class=\"\" data-start=\"1224\" data-end=\"1548\"><strong data-start=\"1224\" data-end=\"1248\">Alimentaci\u00f3n y conectividad<\/strong><br data-start=\"1248\" data-end=\"1251\">Esta unidad funciona con una fuente de alimentaci\u00f3n est\u00e1ndar de 9 V CC, ya sea mediante el adaptador incluido o una bater\u00eda opcional de 9 V. Por tanto, puedes colocar el controlador en cualquier lugar, incluso sin alimentaci\u00f3n de red. Adem\u00e1s, su salida DMX XLR de 3 patillas te permite conectar en cadena dispositivos o controladores adicionales sin problemas.  <\/p>\n<p class=\"\" data-start=\"1550\" data-end=\"1892\"><strong data-start=\"1550\" data-end=\"1567\">Control de fader<\/strong><br data-start=\"1567\" data-end=\"1570\">Seis faders grandes y de acci\u00f3n suave ofrecen ajustes t\u00e1ctiles y precisos. Mientras tanto, un fader maestro dedicado aumenta o reduce instant\u00e1neamente la salida total. Como resultado, puedes ejecutar lavados din\u00e1micos y r\u00e1pidos efectos de oscurecimiento con una sola mano. Adem\u00e1s, la disposici\u00f3n compacta de los faders se adapta f\u00e1cilmente a mesas de iluminaci\u00f3n abarrotadas o escenarios peque\u00f1os.   <\/p>\n<p class=\"\" data-start=\"1894\" data-end=\"2234\"><strong data-start=\"1894\" data-end=\"1915\">Funcionamiento y modos<\/strong><br data-start=\"1915\" data-end=\"1918\">El funcionamiento sencillo no requiere sumergirse en profundos men\u00fas. S\u00f3lo tienes que encenderlo, configurar el direccionamiento DMX de tus aparatos y mezclar los niveles de luz en tiempo real. La retroalimentaci\u00f3n de par\u00e1metros integrada en la pantalla LCD confirma tus ajustes al instante. En consecuencia, mantienes una confianza total durante las actuaciones en directo y los cambios r\u00e1pidos de escena.   <\/p>\n<p class=\"\" data-start=\"2236\" data-end=\"2522\"><strong data-start=\"2236\" data-end=\"2258\">Construcci\u00f3n y durabilidad<\/strong><br data-start=\"2258\" data-end=\"2261\">Alojado en un robusto chasis met\u00e1lico, el Stairville DDC6 resiste los rigores del turismo. Su acabado con recubrimiento de polvo resiste los ara\u00f1azos y la corrosi\u00f3n. Adem\u00e1s, su dise\u00f1o ligero (s\u00f3lo 0,8 kg) hace que sea f\u00e1cil de transportar y desplegar en las apretadas agendas de aparejos.  <\/p>\n<p class=\"\" data-start=\"2524\" data-end=\"2812\"><strong data-start=\"2524\" data-end=\"2540\">Aplicaciones<\/strong><br data-start=\"2540\" data-end=\"2543\">Tanto si est\u00e1s iluminando un club de playa, un evento corporativo o un banquete de boda, el DDC6 se adapta a la perfecci\u00f3n. Util\u00edzalo para crear fundidos suaves, efectos estrobosc\u00f3picos o momentos de apag\u00f3n. Adem\u00e1s, sus controles intuitivos se adaptan tanto a los profesionales experimentados como a los usuarios noveles.  <\/p>\n<p class=\"\" data-start=\"2814\" data-end=\"3203\"><strong data-start=\"2814\" data-end=\"2834\">Alquiler y asistencia<\/strong><br data-start=\"2834\" data-end=\"2837\">Para conocer todos los detalles del producto, visita <a class=\"cursor-pointer\" target=\"_new\" rel=\"noopener\" data-start=\"2873\" data-end=\"2973\">Stairville DDC6<\/a> hoy mismo. White Sound Ibiza proporciona entrega in situ, orientaci\u00f3n para la instalaci\u00f3n y asistencia t\u00e9cnica. En consecuencia, disfrutar\u00e1s de una soluci\u00f3n de iluminaci\u00f3n llave en mano, desde la carga hasta la puesta en marcha. \u00a1Reserva ahora y eleva tu evento con un control DMX de precisi\u00f3n!   <\/p>\n<p data-start=\"2814\" data-end=\"3203\"><style id=\"wpforms-css-vars-1077\">\n\t\t\t\t#wpforms-1077 {\n\t\t\t\t\n\t\t\t}\n\t\t\t<\/style><div class=\"wpforms-container wpforms-container-full wpforms-render-modern\" id=\"wpforms-1077\"><form id=\"wpforms-form-1077\" class=\"wpforms-validate wpforms-form wpforms-ajax-form\" data-formid=\"1077\" method=\"post\" enctype=\"multipart\/form-data\" action=\"\/es\/wp-json\/wp\/v2\/product\/49281\" data-token=\"dfe2cec9ba1513477d46ad545949aa7b\" data-token-time=\"1775238605\"><noscript class=\"wpforms-error-noscript\">Por favor, activa JavaScript en tu navegador para completar este formulario.<\/noscript><div id=\"wpforms-error-noscript\" style=\"display: none;\">Por favor, activa JavaScript en tu navegador para completar este formulario.<\/div><div class=\"wpforms-field-container\"><div id=\"wpforms-1077-field_0-container\" class=\"wpforms-field wpforms-field-name\" data-field-id=\"0\"><fieldset><legend class=\"wpforms-field-label\">Nombre <span class=\"wpforms-required-label\" aria-hidden=\"true\">*<\/span><\/legend><div class=\"wpforms-field-row wpforms-field-medium\"><div class=\"wpforms-field-row-block wpforms-first wpforms-one-half\"><input type=\"text\" id=\"wpforms-1077-field_0\" class=\"wpforms-field-name-first wpforms-field-required\" name=\"wpforms[fields][0][first]\" placeholder=\"Nombre\" aria-errormessage=\"wpforms-1077-field_0-error\" required><label for=\"wpforms-1077-field_0\" class=\"wpforms-field-sublabel after wpforms-sublabel-hide\">Nombre<\/label><\/div><div class=\"wpforms-field-row-block wpforms-one-half\"><input type=\"text\" id=\"wpforms-1077-field_0-last\" class=\"wpforms-field-name-last wpforms-field-required\" name=\"wpforms[fields][0][last]\" placeholder=\"Apellidos\" aria-errormessage=\"wpforms-1077-field_0-last-error\" required><label for=\"wpforms-1077-field_0-last\" class=\"wpforms-field-sublabel after wpforms-sublabel-hide\">Apellidos<\/label><\/div><\/div><\/fieldset><\/div><div id=\"wpforms-1077-field_7-container\" class=\"wpforms-field wpforms-field-layout\" data-field-id=\"7\"><div class=\"wpforms-field-layout-columns wpforms-field-layout-preset-50-50\"><div class=\"wpforms-layout-column wpforms-layout-column-50\" ><div id=\"wpforms-1077-field_1-container\" class=\"wpforms-field wpforms-field-email\" data-field-id=\"1\"><label class=\"wpforms-field-label\" for=\"wpforms-1077-field_1\">Env\u00eda un correo electr\u00f3nico a <span class=\"wpforms-required-label\" aria-hidden=\"true\">*<\/span><\/label><input type=\"email\" id=\"wpforms-1077-field_1\" class=\"wpforms-field-medium wpforms-field-required\" name=\"wpforms[fields][1]\" spellcheck=\"false\" aria-errormessage=\"wpforms-1077-field_1-error\" required><\/div><\/div><div class=\"wpforms-layout-column wpforms-layout-column-50\" ><div id=\"wpforms-1077-field_8-container\" class=\"wpforms-field wpforms-field-phone\" data-field-id=\"8\"><label class=\"wpforms-field-label\" for=\"wpforms-1077-field_8\">N\u00famero de tel\u00e9fono <span class=\"wpforms-required-label\" aria-hidden=\"true\">*<\/span><\/label><input type=\"tel\" id=\"wpforms-1077-field_8\" class=\"wpforms-field-medium wpforms-field-required wpforms-smart-phone-field\" data-rule-smart-phone-field=\"true\" name=\"wpforms[fields][8]\" aria-label=\"N\u00famero de tel\u00e9fono\" aria-errormessage=\"wpforms-1077-field_8-error\" required><\/div><\/div><\/div><\/div><div id=\"wpforms-1077-field_10-container\" class=\"wpforms-field wpforms-field-layout\" data-field-id=\"10\"><div class=\"wpforms-field-layout-columns wpforms-field-layout-preset-50-50\"><div class=\"wpforms-layout-column wpforms-layout-column-50\" ><div id=\"wpforms-1077-field_4-container\" class=\"wpforms-field wpforms-field-date-time\" data-field-id=\"4\"><label class=\"wpforms-field-label\" for=\"wpforms-1077-field_4\">Desde<\/label><div class=\"wpforms-datepicker-wrap\"><input type=\"text\" id=\"wpforms-1077-field_4\" class=\"wpforms-field-date-time-date wpforms-datepicker wpforms-field-small\" data-date-format=\"m\/d\/Y\" data-disable-past-dates=\"0\" data-input=\"true\" name=\"wpforms[fields][4][date]\" aria-errormessage=\"wpforms-1077-field_4-error\" ><a title=\"Borrar fecha\" data-clear role=\"button\" tabindex=\"0\" class=\"wpforms-datepicker-clear\" aria-label=\"Borrar fecha\" style=\"display:none;\"><\/a><\/div><\/div><\/div><div class=\"wpforms-layout-column wpforms-layout-column-50\" ><div id=\"wpforms-1077-field_9-container\" class=\"wpforms-field wpforms-field-date-time\" data-field-id=\"9\"><label class=\"wpforms-field-label\" for=\"wpforms-1077-field_9\">Hasta<\/label><div class=\"wpforms-datepicker-wrap\"><input type=\"text\" id=\"wpforms-1077-field_9\" class=\"wpforms-field-date-time-date wpforms-datepicker wpforms-field-small\" data-date-format=\"m\/d\/Y\" data-disable-past-dates=\"0\" data-input=\"true\" name=\"wpforms[fields][9][date]\" aria-errormessage=\"wpforms-1077-field_9-error\" ><a title=\"Borrar fecha\" data-clear role=\"button\" tabindex=\"0\" class=\"wpforms-datepicker-clear\" aria-label=\"Borrar fecha\" style=\"display:none;\"><\/a><\/div><\/div><\/div><\/div><\/div>\t\t<div id=\"wpforms-1077-field_3-container\"\n\t\t\tclass=\"wpforms-field wpforms-field-text\"\n\t\t\tdata-field-type=\"text\"\n\t\t\tdata-field-id=\"3\"\n\t\t\t>\n\t\t\t<label class=\"wpforms-field-label\" for=\"wpforms-1077-field_3\" >electr\u00f3nico Env\u00eda Nombre<\/label>\n\t\t\t<input type=\"text\" id=\"wpforms-1077-field_3\" class=\"wpforms-field-medium\" name=\"wpforms[fields][3]\" >\n\t\t<\/div>\n\t\t<div id=\"wpforms-1077-field_2-container\" class=\"wpforms-field wpforms-field-textarea\" data-field-id=\"2\"><label class=\"wpforms-field-label\" for=\"wpforms-1077-field_2\">Mensaje<\/label><textarea id=\"wpforms-1077-field_2\" class=\"wpforms-field-medium\" name=\"wpforms[fields][2]\" placeholder=\"\u00bfC\u00f3mo podemos ayudarte?\" aria-errormessage=\"wpforms-1077-field_2-error\" ><\/textarea><\/div><script>\n\t\t\t\t( function() {\n\t\t\t\t\tconst style = document.createElement( 'style' );\n\t\t\t\t\tstyle.appendChild( document.createTextNode( '#wpforms-1077-field_3-container { position: absolute !important; overflow: hidden !important; display: inline !important; height: 1px !important; width: 1px !important; z-index: -1000 !important; padding: 0 !important; } #wpforms-1077-field_3-container input { visibility: hidden; } #wpforms-conversational-form-page #wpforms-1077-field_3-container label { counter-increment: none; }' ) );\n\t\t\t\t\tdocument.head.appendChild( style );\n\t\t\t\t\tdocument.currentScript?.remove();\n\t\t\t\t} )();\n\t\t\t<\/script><\/div><!-- .wpforms-field-container --><div class=\"wpforms-recaptcha-container wpforms-is-recaptcha wpforms-is-recaptcha-type-v2\" ><div class=\"g-recaptcha\" data-sitekey=\"6LeS7gEkAAAAAO-EsXRwxTakHs6Q_9Z0rQYHkIS5\"><\/div><input type=\"text\" name=\"g-recaptcha-hidden\" class=\"wpforms-recaptcha-hidden\" style=\"position:absolute!important;clip:rect(0,0,0,0)!important;height:1px!important;width:1px!important;border:0!important;overflow:hidden!important;padding:0!important;margin:0!important;\" data-rule-recaptcha=\"1\"><\/div><div class=\"wpforms-submit-container\" ><input type=\"hidden\" name=\"wpforms[id]\" value=\"1077\"><input type=\"hidden\" name=\"page_title\" value=\"\"><input type=\"hidden\" name=\"page_url\" value=\"https:\/\/whitesoundibiza.com\/es\/wp-json\/wp\/v2\/product\/49281\"><input type=\"hidden\" name=\"url_referer\" value=\"\"><button type=\"submit\" name=\"wpforms[submit]\" id=\"wpforms-submit-1077\" class=\"wpforms-submit\" data-alt-text=\"Enviando...\" data-submit-text=\"Env\u00eda\" aria-live=\"assertive\" value=\"wpforms-submit\">Env\u00eda<\/button><img decoding=\"async\" src=\"https:\/\/whitesoundibiza.com\/wp-content\/plugins\/wpforms\/assets\/images\/submit-spin.svg\" class=\"wpforms-submit-spinner\" style=\"display: none;\" width=\"26\" height=\"26\" alt=\"Cargando\"><\/div><\/form><\/div>  <!-- .wpforms-container --><\/p>\n","protected":false},"excerpt":{"rendered":"<p class=\"\" data-start=\"306\" data-end=\"510\">Un controlador DMX de 6 canales con seis faders de canal, un fader maestro, pantalla LCD de par\u00e1metros, entrada de alimentaci\u00f3n de 9 V CC y carcasa met\u00e1lica compacta, perfecto para un control preciso de la iluminaci\u00f3n de eventos.<\/p>\n<p class=\"\" data-start=\"512\" data-end=\"666\">\n","protected":false},"featured_media":48041,"template":"","meta":{"_joinchat":[]},"product_brand":[],"product_cat":[196],"product_tag":[],"class_list":{"0":"post-49281","1":"product","2":"type-product","3":"status-publish","4":"has-post-thumbnail","6":"product_cat-iluminacion-escritorio","8":"first","9":"instock","10":"taxable","11":"shipping-taxable","12":"purchasable","13":"product-type-rentable"},"yoast_head":"<!-- This site is optimized with the Yoast SEO plugin v27.3 - https:\/\/yoast.com\/product\/yoast-seo-wordpress\/ -->\n<title>Alquila Stairville DDC6 Ibiza | White Sound Ibiza<\/title>\n<meta name=\"description\" content=\"Alquila el controlador DMX Stairville DDC6 en Ibiza de White Sound Ibiza. Mezclador de luces de 6 canales, fader maestro, dise\u00f1o compacto, entrada de alimentaci\u00f3n de 9 V CC y f\u00e1cil manejo. \u00a1Reserva ahora!\" \/>\n<meta name=\"robots\" content=\"index, follow, max-snippet:-1, max-image-preview:large, max-video-preview:-1\" \/>\n<link rel=\"canonical\" href=\"https:\/\/whitesoundibiza.com\/es\/producto\/stairville-ddc6\/\" \/>\n<meta property=\"og:locale\" content=\"es_ES\" \/>\n<meta property=\"og:type\" content=\"article\" \/>\n<meta property=\"og:title\" content=\"Alquila Stairville DDC6 Ibiza | White Sound Ibiza\" \/>\n<meta property=\"og:description\" content=\"Alquila el controlador DMX Stairville DDC6 en Ibiza de White Sound Ibiza. Mezclador de luces de 6 canales, fader maestro, dise\u00f1o compacto, entrada de alimentaci\u00f3n de 9 V CC y f\u00e1cil manejo. \u00a1Reserva ahora!\" \/>\n<meta property=\"og:url\" content=\"https:\/\/whitesoundibiza.com\/es\/producto\/stairville-ddc6\/\" \/>\n<meta property=\"og:site_name\" content=\"White Sound Ibiza - Delivering Fun\" \/>\n<meta property=\"article:modified_time\" content=\"2025-08-09T15:41:53+00:00\" \/>\n<meta property=\"og:image\" content=\"https:\/\/whitesoundibiza.com\/wp-content\/uploads\/2025\/01\/dmx6chann.png\" \/>\n\t<meta property=\"og:image:width\" content=\"500\" \/>\n\t<meta property=\"og:image:height\" content=\"500\" \/>\n\t<meta property=\"og:image:type\" content=\"image\/png\" \/>\n<meta name=\"twitter:card\" content=\"summary_large_image\" \/>\n<meta name=\"twitter:label1\" content=\"Tiempo de lectura\" \/>\n\t<meta name=\"twitter:data1\" content=\"2 minutos\" \/>\n<script type=\"application\/ld+json\" class=\"yoast-schema-graph\">{\"@context\":\"https:\\\/\\\/schema.org\",\"@graph\":[{\"@type\":\"WebPage\",\"@id\":\"https:\\\/\\\/whitesoundibiza.com\\\/es\\\/producto\\\/stairville-ddc6\\\/\",\"url\":\"https:\\\/\\\/whitesoundibiza.com\\\/es\\\/producto\\\/stairville-ddc6\\\/\",\"name\":\"Alquila Stairville DDC6 Ibiza | White Sound Ibiza\",\"isPartOf\":{\"@id\":\"https:\\\/\\\/whitesoundibiza.com\\\/es\\\/#website\"},\"primaryImageOfPage\":{\"@id\":\"https:\\\/\\\/whitesoundibiza.com\\\/es\\\/producto\\\/stairville-ddc6\\\/#primaryimage\"},\"image\":{\"@id\":\"https:\\\/\\\/whitesoundibiza.com\\\/es\\\/producto\\\/stairville-ddc6\\\/#primaryimage\"},\"thumbnailUrl\":\"https:\\\/\\\/whitesoundibiza.com\\\/wp-content\\\/uploads\\\/2025\\\/01\\\/dmx6chann.png\",\"datePublished\":\"2025-01-31T16:02:39+00:00\",\"dateModified\":\"2025-08-09T15:41:53+00:00\",\"description\":\"Alquila el controlador DMX Stairville DDC6 en Ibiza de White Sound Ibiza. Mezclador de luces de 6 canales, fader maestro, dise\u00f1o compacto, entrada de alimentaci\u00f3n de 9 V CC y f\u00e1cil manejo. \u00a1Reserva ahora!\",\"breadcrumb\":{\"@id\":\"https:\\\/\\\/whitesoundibiza.com\\\/es\\\/producto\\\/stairville-ddc6\\\/#breadcrumb\"},\"inLanguage\":\"es\",\"potentialAction\":[{\"@type\":\"ReadAction\",\"target\":[\"https:\\\/\\\/whitesoundibiza.com\\\/es\\\/producto\\\/stairville-ddc6\\\/\"]}]},{\"@type\":\"ImageObject\",\"inLanguage\":\"es\",\"@id\":\"https:\\\/\\\/whitesoundibiza.com\\\/es\\\/producto\\\/stairville-ddc6\\\/#primaryimage\",\"url\":\"https:\\\/\\\/whitesoundibiza.com\\\/wp-content\\\/uploads\\\/2025\\\/01\\\/dmx6chann.png\",\"contentUrl\":\"https:\\\/\\\/whitesoundibiza.com\\\/wp-content\\\/uploads\\\/2025\\\/01\\\/dmx6chann.png\",\"width\":500,\"height\":500,\"caption\":\"Controlador de iluminaci\u00f3n DMX Stairville DDC6 de 6 canales con fader maestro y pantalla LCD disponible para alquilar en Ibiza en White Sound Ibiza\"},{\"@type\":\"BreadcrumbList\",\"@id\":\"https:\\\/\\\/whitesoundibiza.com\\\/es\\\/producto\\\/stairville-ddc6\\\/#breadcrumb\",\"itemListElement\":[{\"@type\":\"ListItem\",\"position\":1,\"name\":\"Portada\",\"item\":\"https:\\\/\\\/whitesoundibiza.com\\\/es\\\/\"},{\"@type\":\"ListItem\",\"position\":2,\"name\":\"Tienda\",\"item\":\"https:\\\/\\\/whitesoundibiza.com\\\/es\\\/tienda\\\/\"},{\"@type\":\"ListItem\",\"position\":3,\"name\":\"Stairville DDC6\"}]},{\"@type\":\"WebSite\",\"@id\":\"https:\\\/\\\/whitesoundibiza.com\\\/es\\\/#website\",\"url\":\"https:\\\/\\\/whitesoundibiza.com\\\/es\\\/\",\"name\":\"White Sound Ibiza\",\"description\":\"Rent Speakers in Ibiza\",\"publisher\":{\"@id\":\"https:\\\/\\\/whitesoundibiza.com\\\/es\\\/#organization\"},\"potentialAction\":[{\"@type\":\"SearchAction\",\"target\":{\"@type\":\"EntryPoint\",\"urlTemplate\":\"https:\\\/\\\/whitesoundibiza.com\\\/es\\\/?s={search_term_string}\"},\"query-input\":{\"@type\":\"PropertyValueSpecification\",\"valueRequired\":true,\"valueName\":\"search_term_string\"}}],\"inLanguage\":\"es\"},{\"@type\":\"Organization\",\"@id\":\"https:\\\/\\\/whitesoundibiza.com\\\/es\\\/#organization\",\"name\":\"White Sound Ibiza\",\"url\":\"https:\\\/\\\/whitesoundibiza.com\\\/es\\\/\",\"logo\":{\"@type\":\"ImageObject\",\"inLanguage\":\"es\",\"@id\":\"https:\\\/\\\/whitesoundibiza.com\\\/es\\\/#\\\/schema\\\/logo\\\/image\\\/\",\"url\":\"https:\\\/\\\/whitesoundibiza.com\\\/wp-content\\\/uploads\\\/2025\\\/05\\\/ws_logo.jpg\",\"contentUrl\":\"https:\\\/\\\/whitesoundibiza.com\\\/wp-content\\\/uploads\\\/2025\\\/05\\\/ws_logo.jpg\",\"width\":800,\"height\":235,\"caption\":\"White Sound Ibiza\"},\"image\":{\"@id\":\"https:\\\/\\\/whitesoundibiza.com\\\/es\\\/#\\\/schema\\\/logo\\\/image\\\/\"}}]}<\/script>\n<!-- \/ Yoast SEO plugin. -->","yoast_head_json":{"title":"Alquila Stairville DDC6 Ibiza | White Sound Ibiza","description":"Alquila el controlador DMX Stairville DDC6 en Ibiza de White Sound Ibiza. Mezclador de luces de 6 canales, fader maestro, dise\u00f1o compacto, entrada de alimentaci\u00f3n de 9 V CC y f\u00e1cil manejo. \u00a1Reserva ahora!","robots":{"index":"index","follow":"follow","max-snippet":"max-snippet:-1","max-image-preview":"max-image-preview:large","max-video-preview":"max-video-preview:-1"},"canonical":"https:\/\/whitesoundibiza.com\/es\/producto\/stairville-ddc6\/","og_locale":"es_ES","og_type":"article","og_title":"Alquila Stairville DDC6 Ibiza | White Sound Ibiza","og_description":"Alquila el controlador DMX Stairville DDC6 en Ibiza de White Sound Ibiza. Mezclador de luces de 6 canales, fader maestro, dise\u00f1o compacto, entrada de alimentaci\u00f3n de 9 V CC y f\u00e1cil manejo. \u00a1Reserva ahora!","og_url":"https:\/\/whitesoundibiza.com\/es\/producto\/stairville-ddc6\/","og_site_name":"White Sound Ibiza - Delivering Fun","article_modified_time":"2025-08-09T15:41:53+00:00","og_image":[{"width":500,"height":500,"url":"https:\/\/whitesoundibiza.com\/wp-content\/uploads\/2025\/01\/dmx6chann.png","type":"image\/png"}],"twitter_card":"summary_large_image","twitter_misc":{"Tiempo de lectura":"2 minutos"},"schema":{"@context":"https:\/\/schema.org","@graph":[{"@type":"WebPage","@id":"https:\/\/whitesoundibiza.com\/es\/producto\/stairville-ddc6\/","url":"https:\/\/whitesoundibiza.com\/es\/producto\/stairville-ddc6\/","name":"Alquila Stairville DDC6 Ibiza | White Sound Ibiza","isPartOf":{"@id":"https:\/\/whitesoundibiza.com\/es\/#website"},"primaryImageOfPage":{"@id":"https:\/\/whitesoundibiza.com\/es\/producto\/stairville-ddc6\/#primaryimage"},"image":{"@id":"https:\/\/whitesoundibiza.com\/es\/producto\/stairville-ddc6\/#primaryimage"},"thumbnailUrl":"https:\/\/whitesoundibiza.com\/wp-content\/uploads\/2025\/01\/dmx6chann.png","datePublished":"2025-01-31T16:02:39+00:00","dateModified":"2025-08-09T15:41:53+00:00","description":"Alquila el controlador DMX Stairville DDC6 en Ibiza de White Sound Ibiza. Mezclador de luces de 6 canales, fader maestro, dise\u00f1o compacto, entrada de alimentaci\u00f3n de 9 V CC y f\u00e1cil manejo. \u00a1Reserva ahora!","breadcrumb":{"@id":"https:\/\/whitesoundibiza.com\/es\/producto\/stairville-ddc6\/#breadcrumb"},"inLanguage":"es","potentialAction":[{"@type":"ReadAction","target":["https:\/\/whitesoundibiza.com\/es\/producto\/stairville-ddc6\/"]}]},{"@type":"ImageObject","inLanguage":"es","@id":"https:\/\/whitesoundibiza.com\/es\/producto\/stairville-ddc6\/#primaryimage","url":"https:\/\/whitesoundibiza.com\/wp-content\/uploads\/2025\/01\/dmx6chann.png","contentUrl":"https:\/\/whitesoundibiza.com\/wp-content\/uploads\/2025\/01\/dmx6chann.png","width":500,"height":500,"caption":"Controlador de iluminaci\u00f3n DMX Stairville DDC6 de 6 canales con fader maestro y pantalla LCD disponible para alquilar en Ibiza en White Sound Ibiza"},{"@type":"BreadcrumbList","@id":"https:\/\/whitesoundibiza.com\/es\/producto\/stairville-ddc6\/#breadcrumb","itemListElement":[{"@type":"ListItem","position":1,"name":"Portada","item":"https:\/\/whitesoundibiza.com\/es\/"},{"@type":"ListItem","position":2,"name":"Tienda","item":"https:\/\/whitesoundibiza.com\/es\/tienda\/"},{"@type":"ListItem","position":3,"name":"Stairville DDC6"}]},{"@type":"WebSite","@id":"https:\/\/whitesoundibiza.com\/es\/#website","url":"https:\/\/whitesoundibiza.com\/es\/","name":"White Sound Ibiza","description":"Rent Speakers in Ibiza","publisher":{"@id":"https:\/\/whitesoundibiza.com\/es\/#organization"},"potentialAction":[{"@type":"SearchAction","target":{"@type":"EntryPoint","urlTemplate":"https:\/\/whitesoundibiza.com\/es\/?s={search_term_string}"},"query-input":{"@type":"PropertyValueSpecification","valueRequired":true,"valueName":"search_term_string"}}],"inLanguage":"es"},{"@type":"Organization","@id":"https:\/\/whitesoundibiza.com\/es\/#organization","name":"White Sound Ibiza","url":"https:\/\/whitesoundibiza.com\/es\/","logo":{"@type":"ImageObject","inLanguage":"es","@id":"https:\/\/whitesoundibiza.com\/es\/#\/schema\/logo\/image\/","url":"https:\/\/whitesoundibiza.com\/wp-content\/uploads\/2025\/05\/ws_logo.jpg","contentUrl":"https:\/\/whitesoundibiza.com\/wp-content\/uploads\/2025\/05\/ws_logo.jpg","width":800,"height":235,"caption":"White Sound Ibiza"},"image":{"@id":"https:\/\/whitesoundibiza.com\/es\/#\/schema\/logo\/image\/"}}]}},"_links":{"self":[{"href":"https:\/\/whitesoundibiza.com\/es\/wp-json\/wp\/v2\/product\/49281","targetHints":{"allow":["GET"]}}],"collection":[{"href":"https:\/\/whitesoundibiza.com\/es\/wp-json\/wp\/v2\/product"}],"about":[{"href":"https:\/\/whitesoundibiza.com\/es\/wp-json\/wp\/v2\/types\/product"}],"wp:featuredmedia":[{"embeddable":true,"href":"https:\/\/whitesoundibiza.com\/es\/wp-json\/wp\/v2\/media\/48041"}],"wp:attachment":[{"href":"https:\/\/whitesoundibiza.com\/es\/wp-json\/wp\/v2\/media?parent=49281"}],"wp:term":[{"taxonomy":"product_brand","embeddable":true,"href":"https:\/\/whitesoundibiza.com\/es\/wp-json\/wp\/v2\/product_brand?post=49281"},{"taxonomy":"product_cat","embeddable":true,"href":"https:\/\/whitesoundibiza.com\/es\/wp-json\/wp\/v2\/product_cat?post=49281"},{"taxonomy":"product_tag","embeddable":true,"href":"https:\/\/whitesoundibiza.com\/es\/wp-json\/wp\/v2\/product_tag?post=49281"}],"curies":[{"name":"wp","href":"https:\/\/api.w.org\/{rel}","templated":true}]}}