{"id":49278,"date":"2025-01-31T16:02:40","date_gmt":"2025-01-31T16:02:40","guid":{"rendered":"https:\/\/whitesoundibiza.com\/producto\/nucleo-ls-lightshark\/"},"modified":"2025-08-09T15:42:00","modified_gmt":"2025-08-09T15:42:00","slug":"nucleo-ls-lightshark","status":"publish","type":"product","link":"https:\/\/whitesoundibiza.com\/es\/producto\/nucleo-ls-lightshark\/","title":{"rendered":"N\u00facleo LS Lightshark"},"content":{"rendered":"<p class=\"\" data-start=\"569\" data-end=\"761\">Al <strong data-start=\"593\" data-end=\"626\">alquilar lightshark ls core ibiza<\/strong>, te aseguras un potente controlador de iluminaci\u00f3n para cualquier evento. Adem\u00e1s, el LS Core fusiona un formato compacto con prestaciones profesionales. <\/p>\n<p class=\"\" data-start=\"763\" data-end=\"781\"><strong data-start=\"763\" data-end=\"779\">Caracter\u00edsticas principales<\/strong><\/p>\n<ul data-start=\"782\" data-end=\"1087\">\n<li class=\"\" data-start=\"782\" data-end=\"839\">\n<p class=\"\" data-start=\"784\" data-end=\"839\"><strong data-start=\"784\" data-end=\"807\">Cuatro universos DMX:<\/strong> Controla hasta 1 024 canales.<\/p>\n<\/li>\n<li class=\"\" data-start=\"840\" data-end=\"907\">\n<p class=\"\" data-start=\"842\" data-end=\"907\"><strong data-start=\"842\" data-end=\"872\">Pantalla t\u00e1ctil capacitiva de 7\u2033:<\/strong> Control intuitivo de cue y fader.<\/p>\n<\/li>\n<li class=\"\" data-start=\"908\" data-end=\"961\">\n<p class=\"\" data-start=\"910\" data-end=\"961\"><strong data-start=\"910\" data-end=\"929\">Art-Net y sACN:<\/strong> Integraci\u00f3n perfecta en la red.<\/p>\n<\/li>\n<li class=\"\" data-start=\"962\" data-end=\"1026\">\n<p class=\"\" data-start=\"964\" data-end=\"1026\"><strong data-start=\"964\" data-end=\"989\">Interfaz remota web:<\/strong> Opera a trav\u00e9s del navegador en cualquier dispositivo.<\/p>\n<\/li>\n<li class=\"\" data-start=\"1027\" data-end=\"1087\">\n<p class=\"\" data-start=\"1029\" data-end=\"1087\"><strong data-start=\"1029\" data-end=\"1044\">USB y MIDI:<\/strong> Ampl\u00eda con disparadores externos y copias de seguridad.<\/p>\n<\/li>\n<\/ul>\n<p class=\"\" data-start=\"1089\" data-end=\"1355\"><strong data-start=\"1089\" data-end=\"1115\">Control y conectividad<\/strong><br data-start=\"1115\" data-end=\"1118\">El N\u00facleo LS se conecta a trav\u00e9s de dos puertos Ethernet. Por tanto, puedes enlazar nodos Art-Net o sACN f\u00e1cilmente. Adem\u00e1s, el puerto USB acepta unidades flash para importar espect\u00e1culos. Adem\u00e1s, la Entrada\/Salida MIDI permite alas faders o dispositivos de disparo externos.   <\/p>\n<p class=\"\" data-start=\"1357\" data-end=\"1653\"><strong data-start=\"1357\" data-end=\"1381\">Flujo de trabajo y funcionamiento<\/strong><br data-start=\"1381\" data-end=\"1384\">Las se\u00f1ales y los efectos se cargan en segundos a trav\u00e9s de la pantalla t\u00e1ctil. Adem\u00e1s, el programador integrado ejecuta autom\u00e1ticamente espect\u00e1culos programados. Adem\u00e1s, la interfaz web permite a los operadores controlar los faders a distancia. Por tanto, mantienes un funcionamiento fluido incluso sin una consola f\u00edsica.   <\/p>\n<p class=\"\" data-start=\"1655\" data-end=\"1878\"><strong data-start=\"1655\" data-end=\"1677\">Construcci\u00f3n y durabilidad<\/strong><br data-start=\"1677\" data-end=\"1680\">Alojado en aluminio anodizado, el N\u00facleo LS resiste las exigencias de las giras. Asimismo, su dise\u00f1o sin ventilador funciona silenciosamente bajo cualquier carga. En consecuencia, la unidad sigue siendo fiable y silenciosa durante las actuaciones.  <\/p>\n<p class=\"\" data-start=\"1880\" data-end=\"2148\"><strong data-start=\"1880\" data-end=\"1896\">Aplicaciones<\/strong><br data-start=\"1896\" data-end=\"1899\">Tanto si <strong data-start=\"1911\" data-end=\"1944\">alquilas el lightshark ls core ibiza<\/strong> para discotecas, bodas o teatro, destaca. Por ejemplo, sincroniza cabezas m\u00f3viles en clubes de playa o realiza lavados arquitect\u00f3nicos en eventos corporativos. En cada caso, el LS Core se adapta a diversos equipos de iluminaci\u00f3n.  <\/p>\n<p class=\"\" data-start=\"2150\" data-end=\"2326\"><strong data-start=\"2150\" data-end=\"2174\">Recursos adicionales<\/strong><br data-start=\"2174\" data-end=\"2177\">Para consultar las especificaciones completas y las gu\u00edas de integraci\u00f3n, visita <a class=\"cursor-pointer\" target=\"_new\" rel=\"noopener\" data-start=\"2235\" data-end=\"2325\">la p\u00e1gina del producto LightShark LS Core<\/a>.<\/p>\n<p class=\"\" data-start=\"2328\" data-end=\"2557\"><strong data-start=\"2328\" data-end=\"2348\">Alquiler y asistencia<\/strong><br data-start=\"2348\" data-end=\"2351\">White Sound Ibiza proporciona entrega, calibraci\u00f3n y formaci\u00f3n in situ. Nuestros t\u00e9cnicos configuran los ajustes de red y muestran los archivos. En consecuencia, recibes una soluci\u00f3n llave en mano, desde la carga hasta la huelga.  <\/p>\n<p class=\"\" data-start=\"2559\" data-end=\"2667\">Reserva hoy mismo el <strong data-start=\"2568\" data-end=\"2599\">LightShark LS Core en Ibiza<\/strong> y eleva tu dise\u00f1o de iluminaci\u00f3n con precisi\u00f3n profesional.<\/p>\n<p data-start=\"2559\" data-end=\"2667\"><style id=\"wpforms-css-vars-1077\">\n\t\t\t\t#wpforms-1077 {\n\t\t\t\t\n\t\t\t}\n\t\t\t<\/style><div class=\"wpforms-container wpforms-container-full wpforms-render-modern\" id=\"wpforms-1077\"><form id=\"wpforms-form-1077\" class=\"wpforms-validate wpforms-form wpforms-ajax-form\" data-formid=\"1077\" method=\"post\" enctype=\"multipart\/form-data\" action=\"\/es\/wp-json\/wp\/v2\/product\/49278\" data-token=\"3226e0a250e6f7c25196f378956ee31f\" data-token-time=\"1775735149\"><noscript class=\"wpforms-error-noscript\">Por favor, activa JavaScript en tu navegador para completar este formulario.<\/noscript><div id=\"wpforms-error-noscript\" style=\"display: none;\">Por favor, activa JavaScript en tu navegador para completar este formulario.<\/div><div class=\"wpforms-field-container\"><div id=\"wpforms-1077-field_0-container\" class=\"wpforms-field wpforms-field-name\" data-field-id=\"0\"><fieldset><legend class=\"wpforms-field-label\">Nombre <span class=\"wpforms-required-label\" aria-hidden=\"true\">*<\/span><\/legend><div class=\"wpforms-field-row wpforms-field-medium\"><div class=\"wpforms-field-row-block wpforms-first wpforms-one-half\"><input type=\"text\" id=\"wpforms-1077-field_0\" class=\"wpforms-field-name-first wpforms-field-required\" name=\"wpforms[fields][0][first]\" placeholder=\"Nombre\" aria-errormessage=\"wpforms-1077-field_0-error\" required><label for=\"wpforms-1077-field_0\" class=\"wpforms-field-sublabel after wpforms-sublabel-hide\">Nombre<\/label><\/div><div class=\"wpforms-field-row-block wpforms-one-half\"><input type=\"text\" id=\"wpforms-1077-field_0-last\" class=\"wpforms-field-name-last wpforms-field-required\" name=\"wpforms[fields][0][last]\" placeholder=\"Apellidos\" aria-errormessage=\"wpforms-1077-field_0-last-error\" required><label for=\"wpforms-1077-field_0-last\" class=\"wpforms-field-sublabel after wpforms-sublabel-hide\">Apellidos<\/label><\/div><\/div><\/fieldset><\/div><div id=\"wpforms-1077-field_7-container\" class=\"wpforms-field wpforms-field-layout\" data-field-id=\"7\"><div class=\"wpforms-field-layout-columns wpforms-field-layout-preset-50-50\"><div class=\"wpforms-layout-column wpforms-layout-column-50\" >\t\t<div id=\"wpforms-1077-field_3-container\"\n\t\t\tclass=\"wpforms-field wpforms-field-text\"\n\t\t\tdata-field-type=\"text\"\n\t\t\tdata-field-id=\"3\"\n\t\t\t>\n\t\t\t<label class=\"wpforms-field-label\" for=\"wpforms-1077-field_3\" >Desde Dise\u00f1o N\u00famero<\/label>\n\t\t\t<input type=\"text\" id=\"wpforms-1077-field_3\" class=\"wpforms-field-medium\" name=\"wpforms[fields][3]\" >\n\t\t<\/div>\n\t\t<div id=\"wpforms-1077-field_1-container\" class=\"wpforms-field wpforms-field-email\" data-field-id=\"1\"><label class=\"wpforms-field-label\" for=\"wpforms-1077-field_1\">Env\u00eda un correo electr\u00f3nico a <span class=\"wpforms-required-label\" aria-hidden=\"true\">*<\/span><\/label><input type=\"email\" id=\"wpforms-1077-field_1\" class=\"wpforms-field-medium wpforms-field-required\" name=\"wpforms[fields][1]\" spellcheck=\"false\" aria-errormessage=\"wpforms-1077-field_1-error\" required><\/div><\/div><div class=\"wpforms-layout-column wpforms-layout-column-50\" ><div id=\"wpforms-1077-field_8-container\" class=\"wpforms-field wpforms-field-phone\" data-field-id=\"8\"><label class=\"wpforms-field-label\" for=\"wpforms-1077-field_8\">N\u00famero de tel\u00e9fono <span class=\"wpforms-required-label\" aria-hidden=\"true\">*<\/span><\/label><input type=\"tel\" id=\"wpforms-1077-field_8\" class=\"wpforms-field-medium wpforms-field-required wpforms-smart-phone-field\" data-rule-smart-phone-field=\"true\" name=\"wpforms[fields][8]\" aria-label=\"N\u00famero de tel\u00e9fono\" aria-errormessage=\"wpforms-1077-field_8-error\" required><\/div><\/div><\/div><\/div><div id=\"wpforms-1077-field_10-container\" class=\"wpforms-field wpforms-field-layout\" data-field-id=\"10\"><div class=\"wpforms-field-layout-columns wpforms-field-layout-preset-50-50\"><div class=\"wpforms-layout-column wpforms-layout-column-50\" ><div id=\"wpforms-1077-field_4-container\" class=\"wpforms-field wpforms-field-date-time\" data-field-id=\"4\"><label class=\"wpforms-field-label\" for=\"wpforms-1077-field_4\">Desde<\/label><div class=\"wpforms-datepicker-wrap\"><input type=\"text\" id=\"wpforms-1077-field_4\" class=\"wpforms-field-date-time-date wpforms-datepicker wpforms-field-small\" data-date-format=\"m\/d\/Y\" data-disable-past-dates=\"0\" data-input=\"true\" name=\"wpforms[fields][4][date]\" aria-errormessage=\"wpforms-1077-field_4-error\" ><a title=\"Borrar fecha\" data-clear role=\"button\" tabindex=\"0\" class=\"wpforms-datepicker-clear\" aria-label=\"Borrar fecha\" style=\"display:none;\"><\/a><\/div><\/div><\/div><div class=\"wpforms-layout-column wpforms-layout-column-50\" ><div id=\"wpforms-1077-field_9-container\" class=\"wpforms-field wpforms-field-date-time\" data-field-id=\"9\"><label class=\"wpforms-field-label\" for=\"wpforms-1077-field_9\">Hasta<\/label><div class=\"wpforms-datepicker-wrap\"><input type=\"text\" id=\"wpforms-1077-field_9\" class=\"wpforms-field-date-time-date wpforms-datepicker wpforms-field-small\" data-date-format=\"m\/d\/Y\" data-disable-past-dates=\"0\" data-input=\"true\" name=\"wpforms[fields][9][date]\" aria-errormessage=\"wpforms-1077-field_9-error\" ><a title=\"Borrar fecha\" data-clear role=\"button\" tabindex=\"0\" class=\"wpforms-datepicker-clear\" aria-label=\"Borrar fecha\" style=\"display:none;\"><\/a><\/div><\/div><\/div><\/div><\/div><div id=\"wpforms-1077-field_2-container\" class=\"wpforms-field wpforms-field-textarea\" data-field-id=\"2\"><label class=\"wpforms-field-label\" for=\"wpforms-1077-field_2\">Mensaje<\/label><textarea id=\"wpforms-1077-field_2\" class=\"wpforms-field-medium\" name=\"wpforms[fields][2]\" placeholder=\"\u00bfC\u00f3mo podemos ayudarte?\" aria-errormessage=\"wpforms-1077-field_2-error\" ><\/textarea><\/div><script>\n\t\t\t\t( function() {\n\t\t\t\t\tconst style = document.createElement( 'style' );\n\t\t\t\t\tstyle.appendChild( document.createTextNode( '#wpforms-1077-field_3-container { position: absolute !important; overflow: hidden !important; display: inline !important; height: 1px !important; width: 1px !important; z-index: -1000 !important; padding: 0 !important; } #wpforms-1077-field_3-container input { visibility: hidden; } #wpforms-conversational-form-page #wpforms-1077-field_3-container label { counter-increment: none; }' ) );\n\t\t\t\t\tdocument.head.appendChild( style );\n\t\t\t\t\tdocument.currentScript?.remove();\n\t\t\t\t} )();\n\t\t\t<\/script><\/div><!-- .wpforms-field-container --><div class=\"wpforms-recaptcha-container wpforms-is-recaptcha wpforms-is-recaptcha-type-v2\" ><div class=\"g-recaptcha\" data-sitekey=\"6LeS7gEkAAAAAO-EsXRwxTakHs6Q_9Z0rQYHkIS5\"><\/div><input type=\"text\" name=\"g-recaptcha-hidden\" class=\"wpforms-recaptcha-hidden\" style=\"position:absolute!important;clip:rect(0,0,0,0)!important;height:1px!important;width:1px!important;border:0!important;overflow:hidden!important;padding:0!important;margin:0!important;\" data-rule-recaptcha=\"1\"><\/div><div class=\"wpforms-submit-container\" ><input type=\"hidden\" name=\"wpforms[id]\" value=\"1077\"><input type=\"hidden\" name=\"page_title\" value=\"\"><input type=\"hidden\" name=\"page_url\" value=\"https:\/\/whitesoundibiza.com\/es\/wp-json\/wp\/v2\/product\/49278\"><input type=\"hidden\" name=\"url_referer\" value=\"\"><button type=\"submit\" name=\"wpforms[submit]\" id=\"wpforms-submit-1077\" class=\"wpforms-submit\" data-alt-text=\"Enviando...\" data-submit-text=\"Env\u00eda\" aria-live=\"assertive\" value=\"wpforms-submit\">Env\u00eda<\/button><img decoding=\"async\" src=\"https:\/\/whitesoundibiza.com\/wp-content\/plugins\/wpforms\/assets\/images\/submit-spin.svg\" class=\"wpforms-submit-spinner\" style=\"display: none;\" width=\"26\" height=\"26\" alt=\"Cargando\"><\/div><\/form><\/div>  <!-- .wpforms-container --><\/p>\n","protected":false},"excerpt":{"rendered":"<p class=\"\" data-start=\"295\" data-end=\"436\">Una consola de iluminaci\u00f3n de 4 universos con pantalla t\u00e1ctil de 7\u2033, compatibilidad Art-Net\/sACN, mando a distancia basado en web y robusto chasis met\u00e1lico.<\/p>\n<p class=\"\" data-start=\"438\" data-end=\"546\">\n","protected":false},"featured_media":48042,"template":"","meta":{"_joinchat":[]},"product_brand":[],"product_cat":[196],"product_tag":[],"class_list":{"0":"post-49278","1":"product","2":"type-product","3":"status-publish","4":"has-post-thumbnail","6":"product_cat-iluminacion-escritorio","8":"first","9":"instock","10":"taxable","11":"shipping-taxable","12":"purchasable","13":"product-type-rentable"},"yoast_head":"<!-- This site is optimized with the Yoast SEO plugin v27.3 - https:\/\/yoast.com\/product\/yoast-seo-wordpress\/ -->\n<title>Alquiler LightShark LS Core Ibiza | White Sound Ibiza<\/title>\n<meta name=\"description\" content=\"Alquila el LightShark LS Core en Ibiza con White Sound Ibiza. Controlador DMX de 4 universos, pantalla t\u00e1ctil, Art-Net\/sACN, interfaz web y construcci\u00f3n robusta. \u00a1Reserva ahora!\" \/>\n<meta name=\"robots\" content=\"index, follow, max-snippet:-1, max-image-preview:large, max-video-preview:-1\" \/>\n<link rel=\"canonical\" href=\"https:\/\/whitesoundibiza.com\/es\/producto\/nucleo-ls-lightshark\/\" \/>\n<meta property=\"og:locale\" content=\"es_ES\" \/>\n<meta property=\"og:type\" content=\"article\" \/>\n<meta property=\"og:title\" content=\"Alquiler LightShark LS Core Ibiza | White Sound Ibiza\" \/>\n<meta property=\"og:description\" content=\"Alquila el LightShark LS Core en Ibiza con White Sound Ibiza. Controlador DMX de 4 universos, pantalla t\u00e1ctil, Art-Net\/sACN, interfaz web y construcci\u00f3n robusta. \u00a1Reserva ahora!\" \/>\n<meta property=\"og:url\" content=\"https:\/\/whitesoundibiza.com\/es\/producto\/nucleo-ls-lightshark\/\" \/>\n<meta property=\"og:site_name\" content=\"White Sound Ibiza - Delivering Fun\" \/>\n<meta property=\"article:modified_time\" content=\"2025-08-09T15:42:00+00:00\" \/>\n<meta property=\"og:image\" content=\"https:\/\/whitesoundibiza.com\/wp-content\/uploads\/2025\/01\/lscorer.jpeg\" \/>\n\t<meta property=\"og:image:width\" content=\"800\" \/>\n\t<meta property=\"og:image:height\" content=\"800\" \/>\n\t<meta property=\"og:image:type\" content=\"image\/jpeg\" \/>\n<meta name=\"twitter:card\" content=\"summary_large_image\" \/>\n<meta name=\"twitter:label1\" content=\"Tiempo de lectura\" \/>\n\t<meta name=\"twitter:data1\" content=\"2 minutos\" \/>\n<script type=\"application\/ld+json\" class=\"yoast-schema-graph\">{\"@context\":\"https:\\\/\\\/schema.org\",\"@graph\":[{\"@type\":\"WebPage\",\"@id\":\"https:\\\/\\\/whitesoundibiza.com\\\/es\\\/producto\\\/nucleo-ls-lightshark\\\/\",\"url\":\"https:\\\/\\\/whitesoundibiza.com\\\/es\\\/producto\\\/nucleo-ls-lightshark\\\/\",\"name\":\"Alquiler LightShark LS Core Ibiza | White Sound Ibiza\",\"isPartOf\":{\"@id\":\"https:\\\/\\\/whitesoundibiza.com\\\/es\\\/#website\"},\"primaryImageOfPage\":{\"@id\":\"https:\\\/\\\/whitesoundibiza.com\\\/es\\\/producto\\\/nucleo-ls-lightshark\\\/#primaryimage\"},\"image\":{\"@id\":\"https:\\\/\\\/whitesoundibiza.com\\\/es\\\/producto\\\/nucleo-ls-lightshark\\\/#primaryimage\"},\"thumbnailUrl\":\"https:\\\/\\\/whitesoundibiza.com\\\/wp-content\\\/uploads\\\/2025\\\/01\\\/lscorer.jpeg\",\"datePublished\":\"2025-01-31T16:02:40+00:00\",\"dateModified\":\"2025-08-09T15:42:00+00:00\",\"description\":\"Alquila el LightShark LS Core en Ibiza con White Sound Ibiza. Controlador DMX de 4 universos, pantalla t\u00e1ctil, Art-Net\\\/sACN, interfaz web y construcci\u00f3n robusta. \u00a1Reserva ahora!\",\"breadcrumb\":{\"@id\":\"https:\\\/\\\/whitesoundibiza.com\\\/es\\\/producto\\\/nucleo-ls-lightshark\\\/#breadcrumb\"},\"inLanguage\":\"es\",\"potentialAction\":[{\"@type\":\"ReadAction\",\"target\":[\"https:\\\/\\\/whitesoundibiza.com\\\/es\\\/producto\\\/nucleo-ls-lightshark\\\/\"]}]},{\"@type\":\"ImageObject\",\"inLanguage\":\"es\",\"@id\":\"https:\\\/\\\/whitesoundibiza.com\\\/es\\\/producto\\\/nucleo-ls-lightshark\\\/#primaryimage\",\"url\":\"https:\\\/\\\/whitesoundibiza.com\\\/wp-content\\\/uploads\\\/2025\\\/01\\\/lscorer.jpeg\",\"contentUrl\":\"https:\\\/\\\/whitesoundibiza.com\\\/wp-content\\\/uploads\\\/2025\\\/01\\\/lscorer.jpeg\",\"width\":800,\"height\":800,\"caption\":\"Controlador de iluminaci\u00f3n DMX LightShark LS Core de 4 universos con pantalla t\u00e1ctil en color en un escritorio\"},{\"@type\":\"BreadcrumbList\",\"@id\":\"https:\\\/\\\/whitesoundibiza.com\\\/es\\\/producto\\\/nucleo-ls-lightshark\\\/#breadcrumb\",\"itemListElement\":[{\"@type\":\"ListItem\",\"position\":1,\"name\":\"Portada\",\"item\":\"https:\\\/\\\/whitesoundibiza.com\\\/es\\\/\"},{\"@type\":\"ListItem\",\"position\":2,\"name\":\"Tienda\",\"item\":\"https:\\\/\\\/whitesoundibiza.com\\\/es\\\/tienda\\\/\"},{\"@type\":\"ListItem\",\"position\":3,\"name\":\"N\u00facleo LS Lightshark\"}]},{\"@type\":\"WebSite\",\"@id\":\"https:\\\/\\\/whitesoundibiza.com\\\/es\\\/#website\",\"url\":\"https:\\\/\\\/whitesoundibiza.com\\\/es\\\/\",\"name\":\"White Sound Ibiza\",\"description\":\"Rent Speakers in Ibiza\",\"publisher\":{\"@id\":\"https:\\\/\\\/whitesoundibiza.com\\\/es\\\/#organization\"},\"potentialAction\":[{\"@type\":\"SearchAction\",\"target\":{\"@type\":\"EntryPoint\",\"urlTemplate\":\"https:\\\/\\\/whitesoundibiza.com\\\/es\\\/?s={search_term_string}\"},\"query-input\":{\"@type\":\"PropertyValueSpecification\",\"valueRequired\":true,\"valueName\":\"search_term_string\"}}],\"inLanguage\":\"es\"},{\"@type\":\"Organization\",\"@id\":\"https:\\\/\\\/whitesoundibiza.com\\\/es\\\/#organization\",\"name\":\"White Sound Ibiza\",\"url\":\"https:\\\/\\\/whitesoundibiza.com\\\/es\\\/\",\"logo\":{\"@type\":\"ImageObject\",\"inLanguage\":\"es\",\"@id\":\"https:\\\/\\\/whitesoundibiza.com\\\/es\\\/#\\\/schema\\\/logo\\\/image\\\/\",\"url\":\"https:\\\/\\\/whitesoundibiza.com\\\/wp-content\\\/uploads\\\/2025\\\/05\\\/ws_logo.jpg\",\"contentUrl\":\"https:\\\/\\\/whitesoundibiza.com\\\/wp-content\\\/uploads\\\/2025\\\/05\\\/ws_logo.jpg\",\"width\":800,\"height\":235,\"caption\":\"White Sound Ibiza\"},\"image\":{\"@id\":\"https:\\\/\\\/whitesoundibiza.com\\\/es\\\/#\\\/schema\\\/logo\\\/image\\\/\"}}]}<\/script>\n<!-- \/ Yoast SEO plugin. -->","yoast_head_json":{"title":"Alquiler LightShark LS Core Ibiza | White Sound Ibiza","description":"Alquila el LightShark LS Core en Ibiza con White Sound Ibiza. Controlador DMX de 4 universos, pantalla t\u00e1ctil, Art-Net\/sACN, interfaz web y construcci\u00f3n robusta. \u00a1Reserva ahora!","robots":{"index":"index","follow":"follow","max-snippet":"max-snippet:-1","max-image-preview":"max-image-preview:large","max-video-preview":"max-video-preview:-1"},"canonical":"https:\/\/whitesoundibiza.com\/es\/producto\/nucleo-ls-lightshark\/","og_locale":"es_ES","og_type":"article","og_title":"Alquiler LightShark LS Core Ibiza | White Sound Ibiza","og_description":"Alquila el LightShark LS Core en Ibiza con White Sound Ibiza. Controlador DMX de 4 universos, pantalla t\u00e1ctil, Art-Net\/sACN, interfaz web y construcci\u00f3n robusta. \u00a1Reserva ahora!","og_url":"https:\/\/whitesoundibiza.com\/es\/producto\/nucleo-ls-lightshark\/","og_site_name":"White Sound Ibiza - Delivering Fun","article_modified_time":"2025-08-09T15:42:00+00:00","og_image":[{"width":800,"height":800,"url":"https:\/\/whitesoundibiza.com\/wp-content\/uploads\/2025\/01\/lscorer.jpeg","type":"image\/jpeg"}],"twitter_card":"summary_large_image","twitter_misc":{"Tiempo de lectura":"2 minutos"},"schema":{"@context":"https:\/\/schema.org","@graph":[{"@type":"WebPage","@id":"https:\/\/whitesoundibiza.com\/es\/producto\/nucleo-ls-lightshark\/","url":"https:\/\/whitesoundibiza.com\/es\/producto\/nucleo-ls-lightshark\/","name":"Alquiler LightShark LS Core Ibiza | White Sound Ibiza","isPartOf":{"@id":"https:\/\/whitesoundibiza.com\/es\/#website"},"primaryImageOfPage":{"@id":"https:\/\/whitesoundibiza.com\/es\/producto\/nucleo-ls-lightshark\/#primaryimage"},"image":{"@id":"https:\/\/whitesoundibiza.com\/es\/producto\/nucleo-ls-lightshark\/#primaryimage"},"thumbnailUrl":"https:\/\/whitesoundibiza.com\/wp-content\/uploads\/2025\/01\/lscorer.jpeg","datePublished":"2025-01-31T16:02:40+00:00","dateModified":"2025-08-09T15:42:00+00:00","description":"Alquila el LightShark LS Core en Ibiza con White Sound Ibiza. Controlador DMX de 4 universos, pantalla t\u00e1ctil, Art-Net\/sACN, interfaz web y construcci\u00f3n robusta. \u00a1Reserva ahora!","breadcrumb":{"@id":"https:\/\/whitesoundibiza.com\/es\/producto\/nucleo-ls-lightshark\/#breadcrumb"},"inLanguage":"es","potentialAction":[{"@type":"ReadAction","target":["https:\/\/whitesoundibiza.com\/es\/producto\/nucleo-ls-lightshark\/"]}]},{"@type":"ImageObject","inLanguage":"es","@id":"https:\/\/whitesoundibiza.com\/es\/producto\/nucleo-ls-lightshark\/#primaryimage","url":"https:\/\/whitesoundibiza.com\/wp-content\/uploads\/2025\/01\/lscorer.jpeg","contentUrl":"https:\/\/whitesoundibiza.com\/wp-content\/uploads\/2025\/01\/lscorer.jpeg","width":800,"height":800,"caption":"Controlador de iluminaci\u00f3n DMX LightShark LS Core de 4 universos con pantalla t\u00e1ctil en color en un escritorio"},{"@type":"BreadcrumbList","@id":"https:\/\/whitesoundibiza.com\/es\/producto\/nucleo-ls-lightshark\/#breadcrumb","itemListElement":[{"@type":"ListItem","position":1,"name":"Portada","item":"https:\/\/whitesoundibiza.com\/es\/"},{"@type":"ListItem","position":2,"name":"Tienda","item":"https:\/\/whitesoundibiza.com\/es\/tienda\/"},{"@type":"ListItem","position":3,"name":"N\u00facleo LS Lightshark"}]},{"@type":"WebSite","@id":"https:\/\/whitesoundibiza.com\/es\/#website","url":"https:\/\/whitesoundibiza.com\/es\/","name":"White Sound Ibiza","description":"Rent Speakers in Ibiza","publisher":{"@id":"https:\/\/whitesoundibiza.com\/es\/#organization"},"potentialAction":[{"@type":"SearchAction","target":{"@type":"EntryPoint","urlTemplate":"https:\/\/whitesoundibiza.com\/es\/?s={search_term_string}"},"query-input":{"@type":"PropertyValueSpecification","valueRequired":true,"valueName":"search_term_string"}}],"inLanguage":"es"},{"@type":"Organization","@id":"https:\/\/whitesoundibiza.com\/es\/#organization","name":"White Sound Ibiza","url":"https:\/\/whitesoundibiza.com\/es\/","logo":{"@type":"ImageObject","inLanguage":"es","@id":"https:\/\/whitesoundibiza.com\/es\/#\/schema\/logo\/image\/","url":"https:\/\/whitesoundibiza.com\/wp-content\/uploads\/2025\/05\/ws_logo.jpg","contentUrl":"https:\/\/whitesoundibiza.com\/wp-content\/uploads\/2025\/05\/ws_logo.jpg","width":800,"height":235,"caption":"White Sound Ibiza"},"image":{"@id":"https:\/\/whitesoundibiza.com\/es\/#\/schema\/logo\/image\/"}}]}},"_links":{"self":[{"href":"https:\/\/whitesoundibiza.com\/es\/wp-json\/wp\/v2\/product\/49278","targetHints":{"allow":["GET"]}}],"collection":[{"href":"https:\/\/whitesoundibiza.com\/es\/wp-json\/wp\/v2\/product"}],"about":[{"href":"https:\/\/whitesoundibiza.com\/es\/wp-json\/wp\/v2\/types\/product"}],"wp:featuredmedia":[{"embeddable":true,"href":"https:\/\/whitesoundibiza.com\/es\/wp-json\/wp\/v2\/media\/48042"}],"wp:attachment":[{"href":"https:\/\/whitesoundibiza.com\/es\/wp-json\/wp\/v2\/media?parent=49278"}],"wp:term":[{"taxonomy":"product_brand","embeddable":true,"href":"https:\/\/whitesoundibiza.com\/es\/wp-json\/wp\/v2\/product_brand?post=49278"},{"taxonomy":"product_cat","embeddable":true,"href":"https:\/\/whitesoundibiza.com\/es\/wp-json\/wp\/v2\/product_cat?post=49278"},{"taxonomy":"product_tag","embeddable":true,"href":"https:\/\/whitesoundibiza.com\/es\/wp-json\/wp\/v2\/product_tag?post=49278"}],"curies":[{"name":"wp","href":"https:\/\/api.w.org\/{rel}","templated":true}]}}