{"id":49276,"date":"2025-01-31T16:02:40","date_gmt":"2025-01-31T16:02:40","guid":{"rendered":"https:\/\/whitesoundibiza.com\/producto\/abuela3-ala-onpc\/"},"modified":"2025-08-09T15:41:53","modified_gmt":"2025-08-09T15:41:53","slug":"abuela3-ala-onpc","status":"publish","type":"product","link":"https:\/\/whitesoundibiza.com\/es\/producto\/abuela3-ala-onpc\/","title":{"rendered":"Abuela3 Ala Onpc"},"content":{"rendered":"<p class=\"\" data-start=\"695\" data-end=\"974\">Al <strong data-start=\"717\" data-end=\"750\">alquilar grandMA3 onpc wing ibiza<\/strong>, obtienes una superficie de control de iluminaci\u00f3n profesional. Adem\u00e1s, al <strong data-start=\"811\" data-end=\"844\">alquilar<\/strong> grandMA3 onpc <strong data-start=\"811\" data-end=\"844\">wing<\/strong> ibiza, obtienes una integraci\u00f3n perfecta con el software grandMA3 onPC. Esta combinaci\u00f3n desbloquea una programaci\u00f3n flexible y t\u00e1ctil para cualquier evento.  <\/p>\n<p class=\"\" data-start=\"976\" data-end=\"1271\"><strong data-start=\"976\" data-end=\"988\">Visi\u00f3n general<\/strong><br data-start=\"988\" data-end=\"991\">La grandMA3 onPC Wing se empareja con un PC o Mac con Windows. De este modo, obtienes una consola con todas las funciones sin un chasis voluminoso. Adem\u00e1s, sus 20 faders motorizados y 50 botones de reproducci\u00f3n te permiten acceder directamente a los cues y las l\u00edneas de tiempo. Por tanto, mantienes un control creativo instant\u00e1neo.   <\/p>\n<p class=\"\" data-start=\"1273\" data-end=\"1296\"><strong data-start=\"1273\" data-end=\"1294\">Caracter\u00edsticas del hardware<\/strong><\/p>\n<ul data-start=\"1297\" data-end=\"1544\">\n<li class=\"\" data-start=\"1297\" data-end=\"1373\">\n<p class=\"\" data-start=\"1299\" data-end=\"1373\"><strong data-start=\"1299\" data-end=\"1320\">Faders motorizados:<\/strong> 20 faders de alta resoluci\u00f3n recuperan los niveles al instante.<\/p>\n<\/li>\n<li class=\"\" data-start=\"1374\" data-end=\"1467\">\n<p class=\"\" data-start=\"1376\" data-end=\"1467\"><strong data-start=\"1376\" data-end=\"1393\">Pantalla t\u00e1ctil:<\/strong> Pantalla capacitiva de 5\u2033 para paletas, patches de fixture y feedback en directo.<\/p>\n<\/li>\n<li class=\"\" data-start=\"1468\" data-end=\"1544\">\n<p class=\"\" data-start=\"1470\" data-end=\"1544\"><strong data-start=\"1470\" data-end=\"1493\">Codificadores y botones:<\/strong> 15 codificadores giratorios m\u00e1s teclas de funci\u00f3n dedicadas.<\/p>\n<\/li>\n<\/ul>\n<p class=\"\" data-start=\"1546\" data-end=\"1803\"><strong data-start=\"1546\" data-end=\"1568\">Control y flujo de trabajo<\/strong><br data-start=\"1568\" data-end=\"1571\">Una clara estructura de men\u00fas gu\u00eda la creaci\u00f3n de tu espect\u00e1culo. Adem\u00e1s, las p\u00e1ginas te permiten agrupar los faders en bancos. De este modo, puedes manejar espect\u00e1culos grandes con facilidad. Adem\u00e1s, la entrada de c\u00f3digo de tiempo integrada permite la sincronizaci\u00f3n con audio y v\u00eddeo.   <\/p>\n<p class=\"\" data-start=\"1805\" data-end=\"2067\"><strong data-start=\"1805\" data-end=\"1835\">Conectividad e integraci\u00f3n<\/strong><br data-start=\"1835\" data-end=\"1838\">Los puertos Ethernet duales admiten Art-Net, sACN y MA-Net3. Por tanto, puedes conectarte en red con dispositivos y otras consolas. Adem\u00e1s, los puertos USB-C permiten MIDI, teclados y almacenamiento externo. Como resultado, te adaptas a cualquier configuraci\u00f3n t\u00e9cnica.   <\/p>\n<p class=\"\" data-start=\"2069\" data-end=\"2333\"><strong data-start=\"2069\" data-end=\"2100\">Calidad de construcci\u00f3n y portabilidad<\/strong><br data-start=\"2100\" data-end=\"2103\">Alojada en un robusto armaz\u00f3n de aluminio, la Wing sobrevive a las exigencias de las giras. Su tama\u00f1o compacto se desliza f\u00e1cilmente en las maletas de vuelo. Adem\u00e1s, su dise\u00f1o ligero reduce los tiempos de carga. En consecuencia, ahorras esfuerzo a la tripulaci\u00f3n y tiempo de preparaci\u00f3n.   <\/p>\n<p class=\"\" data-start=\"2335\" data-end=\"2676\"><strong data-start=\"2335\" data-end=\"2363\">Aplicaciones y casos de uso<\/strong><br data-start=\"2363\" data-end=\"2366\">Tanto si programas la iluminaci\u00f3n de discotecas, festivales o eventos corporativos, esta ala es excelente. Por ejemplo, los DJs pueden activar se\u00f1ales luminosas junto con ca\u00eddas de audio. Asimismo, las producciones teatrales se benefician de ajustes precisos de la paleta. Adem\u00e1s, las instalaciones arquitect\u00f3nicas obtienen un control pr\u00e1ctico sin necesidad de una consola completa.   <\/p>\n<p class=\"\" data-start=\"2678\" data-end=\"2986\"><strong data-start=\"2678\" data-end=\"2707\">Servicios de alquiler y asistencia<\/strong><br data-start=\"2707\" data-end=\"2710\">Para conocer todas las especificaciones, visita <a class=\"cursor-pointer\" target=\"_new\" rel=\"noopener\" data-start=\"2736\" data-end=\"2827\">la p\u00e1gina del producto grandMA3 onPC Wing<\/a>. White Sound Ibiza ofrece entrega, orientaci\u00f3n para la instalaci\u00f3n in situ y asistencia t\u00e9cnica experta. Por tanto, disfrutar\u00e1s de una soluci\u00f3n llave en mano desde la carga hasta la puesta en marcha.  <\/p>\n<p class=\"\" data-start=\"2988\" data-end=\"3132\">Alquila hoy el <strong data-start=\"2997\" data-end=\"3028\">grandMA3 onPC Wing en Ibiza<\/strong> con White Sound Ibiza. \u00a1Reserva ahora para elevar tu dise\u00f1o de iluminaci\u00f3n con un control de nivel profesional! <\/p>\n<p data-start=\"2988\" data-end=\"3132\"><style id=\"wpforms-css-vars-1077\">\n\t\t\t\t#wpforms-1077 {\n\t\t\t\t\n\t\t\t}\n\t\t\t<\/style><div class=\"wpforms-container wpforms-container-full wpforms-render-modern\" id=\"wpforms-1077\"><form id=\"wpforms-form-1077\" class=\"wpforms-validate wpforms-form wpforms-ajax-form\" data-formid=\"1077\" method=\"post\" enctype=\"multipart\/form-data\" action=\"\/es\/wp-json\/wp\/v2\/product\/49276\" data-token=\"94928534a24cdcc111147f7cbd5189fa\" data-token-time=\"1776961273\"><noscript class=\"wpforms-error-noscript\">Por favor, activa JavaScript en tu navegador para completar este formulario.<\/noscript><div id=\"wpforms-error-noscript\" style=\"display: none;\">Por favor, activa JavaScript en tu navegador para completar este formulario.<\/div><div class=\"wpforms-field-container\"><div id=\"wpforms-1077-field_0-container\" class=\"wpforms-field wpforms-field-name\" data-field-id=\"0\"><fieldset><legend class=\"wpforms-field-label\">Nombre <span class=\"wpforms-required-label\" aria-hidden=\"true\">*<\/span><\/legend><div class=\"wpforms-field-row wpforms-field-medium\"><div class=\"wpforms-field-row-block wpforms-first wpforms-one-half\"><input type=\"text\" id=\"wpforms-1077-field_0\" class=\"wpforms-field-name-first wpforms-field-required\" name=\"wpforms[fields][0][first]\" placeholder=\"Nombre\" aria-errormessage=\"wpforms-1077-field_0-error\" required><label for=\"wpforms-1077-field_0\" class=\"wpforms-field-sublabel after wpforms-sublabel-hide\">Nombre<\/label><\/div><div class=\"wpforms-field-row-block wpforms-one-half\"><input type=\"text\" id=\"wpforms-1077-field_0-last\" class=\"wpforms-field-name-last wpforms-field-required\" name=\"wpforms[fields][0][last]\" placeholder=\"Apellidos\" aria-errormessage=\"wpforms-1077-field_0-last-error\" required><label for=\"wpforms-1077-field_0-last\" class=\"wpforms-field-sublabel after wpforms-sublabel-hide\">Apellidos<\/label><\/div><\/div><\/fieldset><\/div><div id=\"wpforms-1077-field_7-container\" class=\"wpforms-field wpforms-field-layout\" data-field-id=\"7\"><div class=\"wpforms-field-layout-columns wpforms-field-layout-preset-50-50\"><div class=\"wpforms-layout-column wpforms-layout-column-50\" ><div id=\"wpforms-1077-field_1-container\" class=\"wpforms-field wpforms-field-email\" data-field-id=\"1\"><label class=\"wpforms-field-label\" for=\"wpforms-1077-field_1\">Env\u00eda un correo electr\u00f3nico a <span class=\"wpforms-required-label\" aria-hidden=\"true\">*<\/span><\/label><input type=\"email\" id=\"wpforms-1077-field_1\" class=\"wpforms-field-medium wpforms-field-required\" name=\"wpforms[fields][1]\" spellcheck=\"false\" aria-errormessage=\"wpforms-1077-field_1-error\" required><\/div><\/div><div class=\"wpforms-layout-column wpforms-layout-column-50\" ><div id=\"wpforms-1077-field_8-container\" class=\"wpforms-field wpforms-field-phone\" data-field-id=\"8\"><label class=\"wpforms-field-label\" for=\"wpforms-1077-field_8\">N\u00famero de tel\u00e9fono <span class=\"wpforms-required-label\" aria-hidden=\"true\">*<\/span><\/label><input type=\"tel\" id=\"wpforms-1077-field_8\" class=\"wpforms-field-medium wpforms-field-required wpforms-smart-phone-field\" data-rule-smart-phone-field=\"true\" name=\"wpforms[fields][8]\" aria-label=\"N\u00famero de tel\u00e9fono\" aria-errormessage=\"wpforms-1077-field_8-error\" required><\/div><\/div><\/div><\/div>\t\t<div id=\"wpforms-1077-field_3-container\"\n\t\t\tclass=\"wpforms-field wpforms-field-text\"\n\t\t\tdata-field-type=\"text\"\n\t\t\tdata-field-id=\"3\"\n\t\t\t>\n\t\t\t<label class=\"wpforms-field-label\" for=\"wpforms-1077-field_3\" >Dise\u00f1o tel\u00e9fono electr\u00f3nico<\/label>\n\t\t\t<input type=\"text\" id=\"wpforms-1077-field_3\" class=\"wpforms-field-medium\" name=\"wpforms[fields][3]\" >\n\t\t<\/div>\n\t\t<div id=\"wpforms-1077-field_10-container\" class=\"wpforms-field wpforms-field-layout\" data-field-id=\"10\"><div class=\"wpforms-field-layout-columns wpforms-field-layout-preset-50-50\"><div class=\"wpforms-layout-column wpforms-layout-column-50\" ><div id=\"wpforms-1077-field_4-container\" class=\"wpforms-field wpforms-field-date-time\" data-field-id=\"4\"><label class=\"wpforms-field-label\" for=\"wpforms-1077-field_4\">Desde<\/label><div class=\"wpforms-datepicker-wrap\"><input type=\"text\" id=\"wpforms-1077-field_4\" class=\"wpforms-field-date-time-date wpforms-datepicker wpforms-field-small\" data-date-format=\"m\/d\/Y\" data-disable-past-dates=\"0\" data-input=\"true\" name=\"wpforms[fields][4][date]\" aria-errormessage=\"wpforms-1077-field_4-error\" ><a title=\"Borrar fecha\" data-clear role=\"button\" tabindex=\"0\" class=\"wpforms-datepicker-clear\" aria-label=\"Borrar fecha\" style=\"display:none;\"><\/a><\/div><\/div><\/div><div class=\"wpforms-layout-column wpforms-layout-column-50\" ><div id=\"wpforms-1077-field_9-container\" class=\"wpforms-field wpforms-field-date-time\" data-field-id=\"9\"><label class=\"wpforms-field-label\" for=\"wpforms-1077-field_9\">Hasta<\/label><div class=\"wpforms-datepicker-wrap\"><input type=\"text\" id=\"wpforms-1077-field_9\" class=\"wpforms-field-date-time-date wpforms-datepicker wpforms-field-small\" data-date-format=\"m\/d\/Y\" data-disable-past-dates=\"0\" data-input=\"true\" name=\"wpforms[fields][9][date]\" aria-errormessage=\"wpforms-1077-field_9-error\" ><a title=\"Borrar fecha\" data-clear role=\"button\" tabindex=\"0\" class=\"wpforms-datepicker-clear\" aria-label=\"Borrar fecha\" style=\"display:none;\"><\/a><\/div><\/div><\/div><\/div><\/div><div id=\"wpforms-1077-field_2-container\" class=\"wpforms-field wpforms-field-textarea\" data-field-id=\"2\"><label class=\"wpforms-field-label\" for=\"wpforms-1077-field_2\">Mensaje<\/label><textarea id=\"wpforms-1077-field_2\" class=\"wpforms-field-medium\" name=\"wpforms[fields][2]\" placeholder=\"\u00bfC\u00f3mo podemos ayudarte?\" aria-errormessage=\"wpforms-1077-field_2-error\" ><\/textarea><\/div><script>\n\t\t\t\t( function() {\n\t\t\t\t\tconst style = document.createElement( 'style' );\n\t\t\t\t\tstyle.appendChild( document.createTextNode( '#wpforms-1077-field_3-container { position: absolute !important; overflow: hidden !important; display: inline !important; height: 1px !important; width: 1px !important; z-index: -1000 !important; padding: 0 !important; } #wpforms-1077-field_3-container input { visibility: hidden; } #wpforms-conversational-form-page #wpforms-1077-field_3-container label { counter-increment: none; }' ) );\n\t\t\t\t\tdocument.head.appendChild( style );\n\t\t\t\t\tdocument.currentScript?.remove();\n\t\t\t\t} )();\n\t\t\t<\/script><\/div><!-- .wpforms-field-container --><div class=\"wpforms-recaptcha-container wpforms-is-recaptcha wpforms-is-recaptcha-type-v2\" ><div class=\"g-recaptcha\" data-sitekey=\"6LeS7gEkAAAAAO-EsXRwxTakHs6Q_9Z0rQYHkIS5\"><\/div><input type=\"text\" name=\"g-recaptcha-hidden\" class=\"wpforms-recaptcha-hidden\" style=\"position:absolute!important;clip:rect(0,0,0,0)!important;height:1px!important;width:1px!important;border:0!important;overflow:hidden!important;padding:0!important;margin:0!important;\" data-rule-recaptcha=\"1\"><\/div><div class=\"wpforms-submit-container\" ><input type=\"hidden\" name=\"wpforms[id]\" value=\"1077\"><input type=\"hidden\" name=\"page_title\" value=\"\"><input type=\"hidden\" name=\"page_url\" value=\"https:\/\/whitesoundibiza.com\/es\/wp-json\/wp\/v2\/product\/49276\"><input type=\"hidden\" name=\"url_referer\" value=\"\"><button type=\"submit\" name=\"wpforms[submit]\" id=\"wpforms-submit-1077\" class=\"wpforms-submit\" data-alt-text=\"Enviando...\" data-submit-text=\"Env\u00eda\" aria-live=\"assertive\" value=\"wpforms-submit\">Env\u00eda<\/button><img decoding=\"async\" src=\"https:\/\/whitesoundibiza.com\/wp-content\/plugins\/wpforms\/assets\/images\/submit-spin.svg\" class=\"wpforms-submit-spinner\" style=\"display: none;\" width=\"26\" height=\"26\" alt=\"Cargando\"><\/div><\/form><\/div>  <!-- .wpforms-container --><\/p>\n","protected":false},"excerpt":{"rendered":"<p class=\"\" data-start=\"314\" data-end=\"510\">Un ala de control compacta con 20 faders motorizados, codificadores, pantalla t\u00e1ctil, botones de reproducci\u00f3n e integraci\u00f3n total grandMA3 onPC, ideal para equipos de iluminaci\u00f3n m\u00f3viles e instalados.<\/p>\n<p class=\"\" data-start=\"512\" data-end=\"672\">\n","protected":false},"featured_media":48043,"template":"","meta":{"_joinchat":[]},"product_brand":[],"product_cat":[196],"product_tag":[],"class_list":{"0":"post-49276","1":"product","2":"type-product","3":"status-publish","4":"has-post-thumbnail","6":"product_cat-iluminacion-escritorio","8":"first","9":"instock","10":"taxable","11":"shipping-taxable","12":"purchasable","13":"product-type-rentable"},"yoast_head":"<!-- This site is optimized with the Yoast SEO plugin v27.4 - https:\/\/yoast.com\/product\/yoast-seo-wordpress\/ -->\n<title>Alquila grandMA3 onPC Wing Ibiza | White Sound Ibiza<\/title>\n<meta name=\"description\" content=\"Alquila el grandMA3 onPC Wing en Ibiza con White Sound Ibiza. 20 faders motorizados, controles t\u00e1ctiles intuitivos, DMX en red y construcci\u00f3n robusta para iluminaci\u00f3n profesional. \u00a1Reserva ahora!\" \/>\n<meta name=\"robots\" content=\"index, follow, max-snippet:-1, max-image-preview:large, max-video-preview:-1\" \/>\n<link rel=\"canonical\" href=\"https:\/\/whitesoundibiza.com\/es\/producto\/abuela3-ala-onpc\/\" \/>\n<meta property=\"og:locale\" content=\"es_ES\" \/>\n<meta property=\"og:type\" content=\"article\" \/>\n<meta property=\"og:title\" content=\"Alquila grandMA3 onPC Wing Ibiza | White Sound Ibiza\" \/>\n<meta property=\"og:description\" content=\"Alquila el grandMA3 onPC Wing en Ibiza con White Sound Ibiza. 20 faders motorizados, controles t\u00e1ctiles intuitivos, DMX en red y construcci\u00f3n robusta para iluminaci\u00f3n profesional. \u00a1Reserva ahora!\" \/>\n<meta property=\"og:url\" content=\"https:\/\/whitesoundibiza.com\/es\/producto\/abuela3-ala-onpc\/\" \/>\n<meta property=\"og:site_name\" content=\"White Sound Ibiza - Delivering Fun\" \/>\n<meta property=\"article:modified_time\" content=\"2025-08-09T15:41:53+00:00\" \/>\n<meta property=\"og:image\" content=\"https:\/\/whitesoundibiza.com\/wp-content\/uploads\/2025\/01\/ma3pc.jpeg\" \/>\n\t<meta property=\"og:image:width\" content=\"500\" \/>\n\t<meta property=\"og:image:height\" content=\"500\" \/>\n\t<meta property=\"og:image:type\" content=\"image\/jpeg\" \/>\n<meta name=\"twitter:card\" content=\"summary_large_image\" \/>\n<meta name=\"twitter:label1\" content=\"Tiempo de lectura\" \/>\n\t<meta name=\"twitter:data1\" content=\"2 minutos\" \/>\n<script type=\"application\/ld+json\" class=\"yoast-schema-graph\">{\"@context\":\"https:\\\/\\\/schema.org\",\"@graph\":[{\"@type\":\"WebPage\",\"@id\":\"https:\\\/\\\/whitesoundibiza.com\\\/es\\\/producto\\\/abuela3-ala-onpc\\\/\",\"url\":\"https:\\\/\\\/whitesoundibiza.com\\\/es\\\/producto\\\/abuela3-ala-onpc\\\/\",\"name\":\"Alquila grandMA3 onPC Wing Ibiza | White Sound Ibiza\",\"isPartOf\":{\"@id\":\"https:\\\/\\\/whitesoundibiza.com\\\/es\\\/#website\"},\"primaryImageOfPage\":{\"@id\":\"https:\\\/\\\/whitesoundibiza.com\\\/es\\\/producto\\\/abuela3-ala-onpc\\\/#primaryimage\"},\"image\":{\"@id\":\"https:\\\/\\\/whitesoundibiza.com\\\/es\\\/producto\\\/abuela3-ala-onpc\\\/#primaryimage\"},\"thumbnailUrl\":\"https:\\\/\\\/whitesoundibiza.com\\\/wp-content\\\/uploads\\\/2025\\\/01\\\/ma3pc.jpeg\",\"datePublished\":\"2025-01-31T16:02:40+00:00\",\"dateModified\":\"2025-08-09T15:41:53+00:00\",\"description\":\"Alquila el grandMA3 onPC Wing en Ibiza con White Sound Ibiza. 20 faders motorizados, controles t\u00e1ctiles intuitivos, DMX en red y construcci\u00f3n robusta para iluminaci\u00f3n profesional. \u00a1Reserva ahora!\",\"breadcrumb\":{\"@id\":\"https:\\\/\\\/whitesoundibiza.com\\\/es\\\/producto\\\/abuela3-ala-onpc\\\/#breadcrumb\"},\"inLanguage\":\"es\",\"potentialAction\":[{\"@type\":\"ReadAction\",\"target\":[\"https:\\\/\\\/whitesoundibiza.com\\\/es\\\/producto\\\/abuela3-ala-onpc\\\/\"]}]},{\"@type\":\"ImageObject\",\"inLanguage\":\"es\",\"@id\":\"https:\\\/\\\/whitesoundibiza.com\\\/es\\\/producto\\\/abuela3-ala-onpc\\\/#primaryimage\",\"url\":\"https:\\\/\\\/whitesoundibiza.com\\\/wp-content\\\/uploads\\\/2025\\\/01\\\/ma3pc.jpeg\",\"contentUrl\":\"https:\\\/\\\/whitesoundibiza.com\\\/wp-content\\\/uploads\\\/2025\\\/01\\\/ma3pc.jpeg\",\"width\":500,\"height\":500,\"caption\":\"Superficie de control de iluminaci\u00f3n grandMA3 onPC Wing con faders motorizados y pantalla t\u00e1ctil disponible para alquilar en Ibiza en White Sound Ibiza\"},{\"@type\":\"BreadcrumbList\",\"@id\":\"https:\\\/\\\/whitesoundibiza.com\\\/es\\\/producto\\\/abuela3-ala-onpc\\\/#breadcrumb\",\"itemListElement\":[{\"@type\":\"ListItem\",\"position\":1,\"name\":\"Portada\",\"item\":\"https:\\\/\\\/whitesoundibiza.com\\\/es\\\/\"},{\"@type\":\"ListItem\",\"position\":2,\"name\":\"Tienda\",\"item\":\"https:\\\/\\\/whitesoundibiza.com\\\/es\\\/tienda\\\/\"},{\"@type\":\"ListItem\",\"position\":3,\"name\":\"Abuela3 Ala Onpc\"}]},{\"@type\":\"WebSite\",\"@id\":\"https:\\\/\\\/whitesoundibiza.com\\\/es\\\/#website\",\"url\":\"https:\\\/\\\/whitesoundibiza.com\\\/es\\\/\",\"name\":\"White Sound Ibiza\",\"description\":\"Rent Speakers in Ibiza\",\"publisher\":{\"@id\":\"https:\\\/\\\/whitesoundibiza.com\\\/es\\\/#organization\"},\"potentialAction\":[{\"@type\":\"SearchAction\",\"target\":{\"@type\":\"EntryPoint\",\"urlTemplate\":\"https:\\\/\\\/whitesoundibiza.com\\\/es\\\/?s={search_term_string}\"},\"query-input\":{\"@type\":\"PropertyValueSpecification\",\"valueRequired\":true,\"valueName\":\"search_term_string\"}}],\"inLanguage\":\"es\"},{\"@type\":\"Organization\",\"@id\":\"https:\\\/\\\/whitesoundibiza.com\\\/es\\\/#organization\",\"name\":\"White Sound Ibiza\",\"url\":\"https:\\\/\\\/whitesoundibiza.com\\\/es\\\/\",\"logo\":{\"@type\":\"ImageObject\",\"inLanguage\":\"es\",\"@id\":\"https:\\\/\\\/whitesoundibiza.com\\\/es\\\/#\\\/schema\\\/logo\\\/image\\\/\",\"url\":\"https:\\\/\\\/whitesoundibiza.com\\\/wp-content\\\/uploads\\\/2025\\\/05\\\/ws_logo.jpg\",\"contentUrl\":\"https:\\\/\\\/whitesoundibiza.com\\\/wp-content\\\/uploads\\\/2025\\\/05\\\/ws_logo.jpg\",\"width\":800,\"height\":235,\"caption\":\"White Sound Ibiza\"},\"image\":{\"@id\":\"https:\\\/\\\/whitesoundibiza.com\\\/es\\\/#\\\/schema\\\/logo\\\/image\\\/\"}}]}<\/script>\n<!-- \/ Yoast SEO plugin. -->","yoast_head_json":{"title":"Alquila grandMA3 onPC Wing Ibiza | White Sound Ibiza","description":"Alquila el grandMA3 onPC Wing en Ibiza con White Sound Ibiza. 20 faders motorizados, controles t\u00e1ctiles intuitivos, DMX en red y construcci\u00f3n robusta para iluminaci\u00f3n profesional. \u00a1Reserva ahora!","robots":{"index":"index","follow":"follow","max-snippet":"max-snippet:-1","max-image-preview":"max-image-preview:large","max-video-preview":"max-video-preview:-1"},"canonical":"https:\/\/whitesoundibiza.com\/es\/producto\/abuela3-ala-onpc\/","og_locale":"es_ES","og_type":"article","og_title":"Alquila grandMA3 onPC Wing Ibiza | White Sound Ibiza","og_description":"Alquila el grandMA3 onPC Wing en Ibiza con White Sound Ibiza. 20 faders motorizados, controles t\u00e1ctiles intuitivos, DMX en red y construcci\u00f3n robusta para iluminaci\u00f3n profesional. \u00a1Reserva ahora!","og_url":"https:\/\/whitesoundibiza.com\/es\/producto\/abuela3-ala-onpc\/","og_site_name":"White Sound Ibiza - Delivering Fun","article_modified_time":"2025-08-09T15:41:53+00:00","og_image":[{"width":500,"height":500,"url":"https:\/\/whitesoundibiza.com\/wp-content\/uploads\/2025\/01\/ma3pc.jpeg","type":"image\/jpeg"}],"twitter_card":"summary_large_image","twitter_misc":{"Tiempo de lectura":"2 minutos"},"schema":{"@context":"https:\/\/schema.org","@graph":[{"@type":"WebPage","@id":"https:\/\/whitesoundibiza.com\/es\/producto\/abuela3-ala-onpc\/","url":"https:\/\/whitesoundibiza.com\/es\/producto\/abuela3-ala-onpc\/","name":"Alquila grandMA3 onPC Wing Ibiza | White Sound Ibiza","isPartOf":{"@id":"https:\/\/whitesoundibiza.com\/es\/#website"},"primaryImageOfPage":{"@id":"https:\/\/whitesoundibiza.com\/es\/producto\/abuela3-ala-onpc\/#primaryimage"},"image":{"@id":"https:\/\/whitesoundibiza.com\/es\/producto\/abuela3-ala-onpc\/#primaryimage"},"thumbnailUrl":"https:\/\/whitesoundibiza.com\/wp-content\/uploads\/2025\/01\/ma3pc.jpeg","datePublished":"2025-01-31T16:02:40+00:00","dateModified":"2025-08-09T15:41:53+00:00","description":"Alquila el grandMA3 onPC Wing en Ibiza con White Sound Ibiza. 20 faders motorizados, controles t\u00e1ctiles intuitivos, DMX en red y construcci\u00f3n robusta para iluminaci\u00f3n profesional. \u00a1Reserva ahora!","breadcrumb":{"@id":"https:\/\/whitesoundibiza.com\/es\/producto\/abuela3-ala-onpc\/#breadcrumb"},"inLanguage":"es","potentialAction":[{"@type":"ReadAction","target":["https:\/\/whitesoundibiza.com\/es\/producto\/abuela3-ala-onpc\/"]}]},{"@type":"ImageObject","inLanguage":"es","@id":"https:\/\/whitesoundibiza.com\/es\/producto\/abuela3-ala-onpc\/#primaryimage","url":"https:\/\/whitesoundibiza.com\/wp-content\/uploads\/2025\/01\/ma3pc.jpeg","contentUrl":"https:\/\/whitesoundibiza.com\/wp-content\/uploads\/2025\/01\/ma3pc.jpeg","width":500,"height":500,"caption":"Superficie de control de iluminaci\u00f3n grandMA3 onPC Wing con faders motorizados y pantalla t\u00e1ctil disponible para alquilar en Ibiza en White Sound Ibiza"},{"@type":"BreadcrumbList","@id":"https:\/\/whitesoundibiza.com\/es\/producto\/abuela3-ala-onpc\/#breadcrumb","itemListElement":[{"@type":"ListItem","position":1,"name":"Portada","item":"https:\/\/whitesoundibiza.com\/es\/"},{"@type":"ListItem","position":2,"name":"Tienda","item":"https:\/\/whitesoundibiza.com\/es\/tienda\/"},{"@type":"ListItem","position":3,"name":"Abuela3 Ala Onpc"}]},{"@type":"WebSite","@id":"https:\/\/whitesoundibiza.com\/es\/#website","url":"https:\/\/whitesoundibiza.com\/es\/","name":"White Sound Ibiza","description":"Rent Speakers in Ibiza","publisher":{"@id":"https:\/\/whitesoundibiza.com\/es\/#organization"},"potentialAction":[{"@type":"SearchAction","target":{"@type":"EntryPoint","urlTemplate":"https:\/\/whitesoundibiza.com\/es\/?s={search_term_string}"},"query-input":{"@type":"PropertyValueSpecification","valueRequired":true,"valueName":"search_term_string"}}],"inLanguage":"es"},{"@type":"Organization","@id":"https:\/\/whitesoundibiza.com\/es\/#organization","name":"White Sound Ibiza","url":"https:\/\/whitesoundibiza.com\/es\/","logo":{"@type":"ImageObject","inLanguage":"es","@id":"https:\/\/whitesoundibiza.com\/es\/#\/schema\/logo\/image\/","url":"https:\/\/whitesoundibiza.com\/wp-content\/uploads\/2025\/05\/ws_logo.jpg","contentUrl":"https:\/\/whitesoundibiza.com\/wp-content\/uploads\/2025\/05\/ws_logo.jpg","width":800,"height":235,"caption":"White Sound Ibiza"},"image":{"@id":"https:\/\/whitesoundibiza.com\/es\/#\/schema\/logo\/image\/"}}]}},"_links":{"self":[{"href":"https:\/\/whitesoundibiza.com\/es\/wp-json\/wp\/v2\/product\/49276","targetHints":{"allow":["GET"]}}],"collection":[{"href":"https:\/\/whitesoundibiza.com\/es\/wp-json\/wp\/v2\/product"}],"about":[{"href":"https:\/\/whitesoundibiza.com\/es\/wp-json\/wp\/v2\/types\/product"}],"wp:featuredmedia":[{"embeddable":true,"href":"https:\/\/whitesoundibiza.com\/es\/wp-json\/wp\/v2\/media\/48043"}],"wp:attachment":[{"href":"https:\/\/whitesoundibiza.com\/es\/wp-json\/wp\/v2\/media?parent=49276"}],"wp:term":[{"taxonomy":"product_brand","embeddable":true,"href":"https:\/\/whitesoundibiza.com\/es\/wp-json\/wp\/v2\/product_brand?post=49276"},{"taxonomy":"product_cat","embeddable":true,"href":"https:\/\/whitesoundibiza.com\/es\/wp-json\/wp\/v2\/product_cat?post=49276"},{"taxonomy":"product_tag","embeddable":true,"href":"https:\/\/whitesoundibiza.com\/es\/wp-json\/wp\/v2\/product_tag?post=49276"}],"curies":[{"name":"wp","href":"https:\/\/api.w.org\/{rel}","templated":true}]}}