{"id":49272,"date":"2025-01-31T16:02:44","date_gmt":"2025-01-31T16:02:44","guid":{"rendered":"https:\/\/whitesoundibiza.com\/producto\/cegadora-pro-light-pro4\/"},"modified":"2025-08-09T15:42:00","modified_gmt":"2025-08-09T15:42:00","slug":"cegadora-pro-light-pro4","status":"publish","type":"product","link":"https:\/\/whitesoundibiza.com\/es\/producto\/cegadora-pro-light-pro4\/","title":{"rendered":"Cegadora Pro Light Pro4"},"content":{"rendered":"<p class=\"\" data-start=\"634\" data-end=\"813\">Al <strong data-start=\"662\" data-end=\"699\">alquilar pro light blinder pro4 ibiza<\/strong>, te aseguras un blinder LED de gran potencia. Adem\u00e1s, esta unidad ofrece r\u00e1fagas llamativas o suaves fundidos a la carta. <\/p>\n<p class=\"\" data-start=\"815\" data-end=\"1071\"><strong data-start=\"815\" data-end=\"827\">Visi\u00f3n general<\/strong><br data-start=\"827\" data-end=\"830\">El Pro Light Blinder Pro4 combina cuatro LED RGBW de 300 W en una luminaria compacta. Por consiguiente, produce intensas r\u00e1fagas de luz blanca o efectos estrobosc\u00f3picos ricamente coloreados. Adem\u00e1s, se adapta instant\u00e1neamente a cualquier g\u00e9nero musical o estilo de producci\u00f3n.  <\/p>\n<p class=\"\" data-start=\"1073\" data-end=\"1091\"><strong data-start=\"1073\" data-end=\"1089\">Caracter\u00edsticas principales<\/strong><\/p>\n<ul data-start=\"1092\" data-end=\"1380\">\n<li class=\"\" data-start=\"1092\" data-end=\"1154\">\n<p class=\"\" data-start=\"1094\" data-end=\"1154\"><strong data-start=\"1094\" data-end=\"1113\">Cuatro LED de 300 W:<\/strong> Cada chip proporciona una luminosidad extrema.<\/p>\n<\/li>\n<li class=\"\" data-start=\"1155\" data-end=\"1230\">\n<p class=\"\" data-start=\"1157\" data-end=\"1230\"><strong data-start=\"1157\" data-end=\"1184\">Estrobosc\u00f3pico y desvanecimiento variables:<\/strong> Elige entre estrobosc\u00f3picos r\u00e1pidos o fundidos suaves.<\/p>\n<\/li>\n<li class=\"\" data-start=\"1231\" data-end=\"1315\">\n<p class=\"\" data-start=\"1233\" data-end=\"1315\"><strong data-start=\"1233\" data-end=\"1255\">Mezcla de colores RGBW:<\/strong> Crea r\u00e1fagas de colores vibrantes junto a pulsos de luz blanca.<\/p>\n<\/li>\n<li class=\"\" data-start=\"1316\" data-end=\"1380\">\n<p class=\"\" data-start=\"1318\" data-end=\"1380\"><strong data-start=\"1318\" data-end=\"1340\">Alta frecuencia de actualizaci\u00f3n:<\/strong> Elimina el parpadeo de la c\u00e1mara y el v\u00eddeo.<\/p>\n<\/li>\n<\/ul>\n<p class=\"\" data-start=\"1382\" data-end=\"1720\"><strong data-start=\"1382\" data-end=\"1399\">Modos de control<\/strong><br data-start=\"1399\" data-end=\"1402\">En el <strong data-start=\"1405\" data-end=\"1420\">modo DMX512<\/strong>, asigna 5 u 8 canales para un control granular. Puedes ajustar la velocidad, la intensidad y el color del estrobo de forma independiente. Alternativamente, el modo aut\u00f3nomo ejecuta autom\u00e1ticamente los programas incorporados. El modo de sonido a luz sincroniza los efectos con precisi\u00f3n con el audio ambiental. As\u00ed, consigues un espect\u00e1culo totalmente manos libres si es necesario.    <\/p>\n<p class=\"\" data-start=\"1722\" data-end=\"2023\"><strong data-start=\"1722\" data-end=\"1752\">Calidad de construcci\u00f3n y durabilidad<\/strong><br data-start=\"1752\" data-end=\"1755\">Su carcasa de acero con recubrimiento de polvo resiste abolladuras y ara\u00f1azos. Adem\u00e1s, los soportes de alta resistencia permiten un montaje seguro en armaz\u00f3n o en el suelo. Las rejillas de refrigeraci\u00f3n integradas y los ventiladores silenciosos gestionan el calor con eficacia. En consecuencia, el Pro Light Blinder Pro4 funciona silenciosamente incluso a plena potencia.   <\/p>\n<p class=\"\" data-start=\"2025\" data-end=\"2309\"><strong data-start=\"2025\" data-end=\"2051\">Instalaci\u00f3n y montaje<\/strong><br data-start=\"2051\" data-end=\"2054\">Monta el Pro4 con su soporte en U extra\u00edble en cuesti\u00f3n de segundos. Los conectores bloqueables PowerCON y XLR DMX de 5 patillas garantizan conexiones s\u00f3lidas como una roca. Adem\u00e1s, los mandos de liberaci\u00f3n r\u00e1pida permiten ajustar r\u00e1pidamente la inclinaci\u00f3n en mitad del espect\u00e1culo. As\u00ed, la configuraci\u00f3n y el reposicionamiento requieren un tiempo m\u00ednimo.   <\/p>\n<p class=\"\" data-start=\"2311\" data-end=\"2590\"><strong data-start=\"2311\" data-end=\"2330\">Potencia y refrigeraci\u00f3n<\/strong><br data-start=\"2330\" data-end=\"2333\">A pesar de su gran potencia, la luminaria consume menos de 1,2 kW. Los controles t\u00e9rmicos inteligentes evitan el sobrecalentamiento durante las actuaciones maratonianas. Adem\u00e1s, el ventilador silencioso funciona por debajo de 45 dB(A). Como resultado, las pruebas de sonido y los discursos transcurren sin distracciones.   <\/p>\n<p class=\"\" data-start=\"2592\" data-end=\"2891\"><strong data-start=\"2592\" data-end=\"2608\">Aplicaciones<\/strong><br data-start=\"2608\" data-end=\"2611\">Tanto si <strong data-start=\"2623\" data-end=\"2660\">alquilas pro light blinder pro4 ibiza<\/strong> para una discoteca, un festival o una gala corporativa, eleva el valor de la producci\u00f3n. Utiliza potentes r\u00e1fagas blancas para acentuar las ca\u00eddas o estrobosc\u00f3picas de color para transiciones din\u00e1micas. Adem\u00e1s, su r\u00e1pido tiempo de respuesta mantiene cada ritmo sincronizado.  <\/p>\n<p class=\"\" data-start=\"2893\" data-end=\"3239\"><strong data-start=\"2893\" data-end=\"2913\">Alquiler y asistencia<\/strong><br data-start=\"2913\" data-end=\"2916\">White Sound Ibiza ofrece entrega, orientaci\u00f3n para la instalaci\u00f3n in situ y asistencia t\u00e9cnica. Nuestro equipo optimiza la colocaci\u00f3n y el mapeo DMX para una integraci\u00f3n perfecta. En consecuencia, disfrutar\u00e1s de una iluminaci\u00f3n de calidad profesional sin quebraderos de cabeza log\u00edsticos. \u00a1Reserva hoy el <strong data-start=\"3167\" data-end=\"3202\">Pro Light Blinder Pro4 en Ibiza<\/strong> y electrifica tu pr\u00f3ximo evento!   <\/p>\n<p data-start=\"2893\" data-end=\"3239\"><style id=\"wpforms-css-vars-1077\">\n\t\t\t\t#wpforms-1077 {\n\t\t\t\t\n\t\t\t}\n\t\t\t<\/style><div class=\"wpforms-container wpforms-container-full wpforms-render-modern\" id=\"wpforms-1077\"><form id=\"wpforms-form-1077\" class=\"wpforms-validate wpforms-form wpforms-ajax-form\" data-formid=\"1077\" method=\"post\" enctype=\"multipart\/form-data\" action=\"\/es\/wp-json\/wp\/v2\/product\/49272\" data-token=\"94928534a24cdcc111147f7cbd5189fa\" data-token-time=\"1776967996\"><noscript class=\"wpforms-error-noscript\">Por favor, activa JavaScript en tu navegador para completar este formulario.<\/noscript><div id=\"wpforms-error-noscript\" style=\"display: none;\">Por favor, activa JavaScript en tu navegador para completar este formulario.<\/div><div class=\"wpforms-field-container\"><div id=\"wpforms-1077-field_0-container\" class=\"wpforms-field wpforms-field-name\" data-field-id=\"0\"><fieldset><legend class=\"wpforms-field-label\">Nombre <span class=\"wpforms-required-label\" aria-hidden=\"true\">*<\/span><\/legend><div class=\"wpforms-field-row wpforms-field-medium\"><div class=\"wpforms-field-row-block wpforms-first wpforms-one-half\"><input type=\"text\" id=\"wpforms-1077-field_0\" class=\"wpforms-field-name-first wpforms-field-required\" name=\"wpforms[fields][0][first]\" placeholder=\"Nombre\" aria-errormessage=\"wpforms-1077-field_0-error\" required><label for=\"wpforms-1077-field_0\" class=\"wpforms-field-sublabel after wpforms-sublabel-hide\">Nombre<\/label><\/div><div class=\"wpforms-field-row-block wpforms-one-half\"><input type=\"text\" id=\"wpforms-1077-field_0-last\" class=\"wpforms-field-name-last wpforms-field-required\" name=\"wpforms[fields][0][last]\" placeholder=\"Apellidos\" aria-errormessage=\"wpforms-1077-field_0-last-error\" required><label for=\"wpforms-1077-field_0-last\" class=\"wpforms-field-sublabel after wpforms-sublabel-hide\">Apellidos<\/label><\/div><\/div><\/fieldset><\/div><div id=\"wpforms-1077-field_7-container\" class=\"wpforms-field wpforms-field-layout\" data-field-id=\"7\"><div class=\"wpforms-field-layout-columns wpforms-field-layout-preset-50-50\"><div class=\"wpforms-layout-column wpforms-layout-column-50\" ><div id=\"wpforms-1077-field_1-container\" class=\"wpforms-field wpforms-field-email\" data-field-id=\"1\"><label class=\"wpforms-field-label\" for=\"wpforms-1077-field_1\">Env\u00eda un correo electr\u00f3nico a <span class=\"wpforms-required-label\" aria-hidden=\"true\">*<\/span><\/label><input type=\"email\" id=\"wpforms-1077-field_1\" class=\"wpforms-field-medium wpforms-field-required\" name=\"wpforms[fields][1]\" spellcheck=\"false\" aria-errormessage=\"wpforms-1077-field_1-error\" required><\/div><\/div><div class=\"wpforms-layout-column wpforms-layout-column-50\" ><div id=\"wpforms-1077-field_8-container\" class=\"wpforms-field wpforms-field-phone\" data-field-id=\"8\"><label class=\"wpforms-field-label\" for=\"wpforms-1077-field_8\">N\u00famero de tel\u00e9fono <span class=\"wpforms-required-label\" aria-hidden=\"true\">*<\/span><\/label><input type=\"tel\" id=\"wpforms-1077-field_8\" class=\"wpforms-field-medium wpforms-field-required wpforms-smart-phone-field\" data-rule-smart-phone-field=\"true\" name=\"wpforms[fields][8]\" aria-label=\"N\u00famero de tel\u00e9fono\" aria-errormessage=\"wpforms-1077-field_8-error\" required><\/div><\/div><\/div><\/div><div id=\"wpforms-1077-field_10-container\" class=\"wpforms-field wpforms-field-layout\" data-field-id=\"10\"><div class=\"wpforms-field-layout-columns wpforms-field-layout-preset-50-50\"><div class=\"wpforms-layout-column wpforms-layout-column-50\" ><div id=\"wpforms-1077-field_4-container\" class=\"wpforms-field wpforms-field-date-time\" data-field-id=\"4\"><label class=\"wpforms-field-label\" for=\"wpforms-1077-field_4\">Desde<\/label><div class=\"wpforms-datepicker-wrap\"><input type=\"text\" id=\"wpforms-1077-field_4\" class=\"wpforms-field-date-time-date wpforms-datepicker wpforms-field-small\" data-date-format=\"m\/d\/Y\" data-disable-past-dates=\"0\" data-input=\"true\" name=\"wpforms[fields][4][date]\" aria-errormessage=\"wpforms-1077-field_4-error\" ><a title=\"Borrar fecha\" data-clear role=\"button\" tabindex=\"0\" class=\"wpforms-datepicker-clear\" aria-label=\"Borrar fecha\" style=\"display:none;\"><\/a><\/div><\/div><\/div><div class=\"wpforms-layout-column wpforms-layout-column-50\" ><div id=\"wpforms-1077-field_9-container\" class=\"wpforms-field wpforms-field-date-time\" data-field-id=\"9\"><label class=\"wpforms-field-label\" for=\"wpforms-1077-field_9\">Hasta<\/label><div class=\"wpforms-datepicker-wrap\"><input type=\"text\" id=\"wpforms-1077-field_9\" class=\"wpforms-field-date-time-date wpforms-datepicker wpforms-field-small\" data-date-format=\"m\/d\/Y\" data-disable-past-dates=\"0\" data-input=\"true\" name=\"wpforms[fields][9][date]\" aria-errormessage=\"wpforms-1077-field_9-error\" ><a title=\"Borrar fecha\" data-clear role=\"button\" tabindex=\"0\" class=\"wpforms-datepicker-clear\" aria-label=\"Borrar fecha\" style=\"display:none;\"><\/a><\/div><\/div><\/div><\/div><\/div>\t\t<div id=\"wpforms-1077-field_3-container\"\n\t\t\tclass=\"wpforms-field wpforms-field-text\"\n\t\t\tdata-field-type=\"text\"\n\t\t\tdata-field-id=\"3\"\n\t\t\t>\n\t\t\t<label class=\"wpforms-field-label\" for=\"wpforms-1077-field_3\" >Hasta Dise\u00f1o correo<\/label>\n\t\t\t<input type=\"text\" id=\"wpforms-1077-field_3\" class=\"wpforms-field-medium\" name=\"wpforms[fields][3]\" >\n\t\t<\/div>\n\t\t<div id=\"wpforms-1077-field_2-container\" class=\"wpforms-field wpforms-field-textarea\" data-field-id=\"2\"><label class=\"wpforms-field-label\" for=\"wpforms-1077-field_2\">Mensaje<\/label><textarea id=\"wpforms-1077-field_2\" class=\"wpforms-field-medium\" name=\"wpforms[fields][2]\" placeholder=\"\u00bfC\u00f3mo podemos ayudarte?\" aria-errormessage=\"wpforms-1077-field_2-error\" ><\/textarea><\/div><script>\n\t\t\t\t( function() {\n\t\t\t\t\tconst style = document.createElement( 'style' );\n\t\t\t\t\tstyle.appendChild( document.createTextNode( '#wpforms-1077-field_3-container { position: absolute !important; overflow: hidden !important; display: inline !important; height: 1px !important; width: 1px !important; z-index: -1000 !important; padding: 0 !important; } #wpforms-1077-field_3-container input { visibility: hidden; } #wpforms-conversational-form-page #wpforms-1077-field_3-container label { counter-increment: none; }' ) );\n\t\t\t\t\tdocument.head.appendChild( style );\n\t\t\t\t\tdocument.currentScript?.remove();\n\t\t\t\t} )();\n\t\t\t<\/script><\/div><!-- .wpforms-field-container --><div class=\"wpforms-recaptcha-container wpforms-is-recaptcha wpforms-is-recaptcha-type-v2\" ><div class=\"g-recaptcha\" data-sitekey=\"6LeS7gEkAAAAAO-EsXRwxTakHs6Q_9Z0rQYHkIS5\"><\/div><input type=\"text\" name=\"g-recaptcha-hidden\" class=\"wpforms-recaptcha-hidden\" style=\"position:absolute!important;clip:rect(0,0,0,0)!important;height:1px!important;width:1px!important;border:0!important;overflow:hidden!important;padding:0!important;margin:0!important;\" data-rule-recaptcha=\"1\"><\/div><div class=\"wpforms-submit-container\" ><input type=\"hidden\" name=\"wpforms[id]\" value=\"1077\"><input type=\"hidden\" name=\"page_title\" value=\"\"><input type=\"hidden\" name=\"page_url\" value=\"https:\/\/whitesoundibiza.com\/es\/wp-json\/wp\/v2\/product\/49272\"><input type=\"hidden\" name=\"url_referer\" value=\"\"><button type=\"submit\" name=\"wpforms[submit]\" id=\"wpforms-submit-1077\" class=\"wpforms-submit\" data-alt-text=\"Enviando...\" data-submit-text=\"Env\u00eda\" aria-live=\"assertive\" value=\"wpforms-submit\">Env\u00eda<\/button><img decoding=\"async\" src=\"https:\/\/whitesoundibiza.com\/wp-content\/plugins\/wpforms\/assets\/images\/submit-spin.svg\" class=\"wpforms-submit-spinner\" style=\"display: none;\" width=\"26\" height=\"26\" alt=\"Cargando\"><\/div><\/form><\/div>  <!-- .wpforms-container --><\/p>\n","protected":false},"excerpt":{"rendered":"<p class=\"\" data-start=\"303\" data-end=\"484\">Un cegador LED de 300 W y 4 paneles con m\u00faltiples modos estrobosc\u00f3picos y de fundido, control DMX512 completo y una robusta carcasa met\u00e1lica, ideal para efectos de iluminaci\u00f3n de gran impacto.<\/p>\n","protected":false},"featured_media":48126,"template":"","meta":{"_joinchat":[]},"product_brand":[],"product_cat":[194],"product_tag":[],"class_list":{"0":"post-49272","1":"product","2":"type-product","3":"status-publish","4":"has-post-thumbnail","6":"product_cat-par-led-y-estroboscopico","8":"first","9":"instock","10":"taxable","11":"shipping-taxable","12":"purchasable","13":"product-type-rentable"},"yoast_head":"<!-- This site is optimized with the Yoast SEO plugin v27.4 - https:\/\/yoast.com\/product\/yoast-seo-wordpress\/ -->\n<title>Alquiler Pro Light Blinder Pro4 Ibiza | White Sound Ibiza<\/title>\n<meta name=\"description\" content=\"Alquila el Pro Light Blinder Pro4 en Ibiza con White Sound Ibiza. Cuatro paneles LED de 300W, vers\u00e1tiles modos estrobo\/fade, control DMX y dise\u00f1o resistente. \u00a1Reserva ahora!\" \/>\n<meta name=\"robots\" content=\"index, follow, max-snippet:-1, max-image-preview:large, max-video-preview:-1\" \/>\n<link rel=\"canonical\" href=\"https:\/\/whitesoundibiza.com\/es\/producto\/cegadora-pro-light-pro4\/\" \/>\n<meta property=\"og:locale\" content=\"es_ES\" \/>\n<meta property=\"og:type\" content=\"article\" \/>\n<meta property=\"og:title\" content=\"Alquiler Pro Light Blinder Pro4 Ibiza | White Sound Ibiza\" \/>\n<meta property=\"og:description\" content=\"Alquila el Pro Light Blinder Pro4 en Ibiza con White Sound Ibiza. Cuatro paneles LED de 300W, vers\u00e1tiles modos estrobo\/fade, control DMX y dise\u00f1o resistente. \u00a1Reserva ahora!\" \/>\n<meta property=\"og:url\" content=\"https:\/\/whitesoundibiza.com\/es\/producto\/cegadora-pro-light-pro4\/\" \/>\n<meta property=\"og:site_name\" content=\"White Sound Ibiza - Delivering Fun\" \/>\n<meta property=\"article:modified_time\" content=\"2025-08-09T15:42:00+00:00\" \/>\n<meta property=\"og:image\" content=\"https:\/\/whitesoundibiza.com\/wp-content\/uploads\/2025\/01\/blinderled_x4.jpg\" \/>\n\t<meta property=\"og:image:width\" content=\"1000\" \/>\n\t<meta property=\"og:image:height\" content=\"1000\" \/>\n\t<meta property=\"og:image:type\" content=\"image\/jpeg\" \/>\n<meta name=\"twitter:card\" content=\"summary_large_image\" \/>\n<meta name=\"twitter:label1\" content=\"Tiempo de lectura\" \/>\n\t<meta name=\"twitter:data1\" content=\"3 minutos\" \/>\n<script type=\"application\/ld+json\" class=\"yoast-schema-graph\">{\"@context\":\"https:\\\/\\\/schema.org\",\"@graph\":[{\"@type\":\"WebPage\",\"@id\":\"https:\\\/\\\/whitesoundibiza.com\\\/es\\\/producto\\\/cegadora-pro-light-pro4\\\/\",\"url\":\"https:\\\/\\\/whitesoundibiza.com\\\/es\\\/producto\\\/cegadora-pro-light-pro4\\\/\",\"name\":\"Alquiler Pro Light Blinder Pro4 Ibiza | White Sound Ibiza\",\"isPartOf\":{\"@id\":\"https:\\\/\\\/whitesoundibiza.com\\\/es\\\/#website\"},\"primaryImageOfPage\":{\"@id\":\"https:\\\/\\\/whitesoundibiza.com\\\/es\\\/producto\\\/cegadora-pro-light-pro4\\\/#primaryimage\"},\"image\":{\"@id\":\"https:\\\/\\\/whitesoundibiza.com\\\/es\\\/producto\\\/cegadora-pro-light-pro4\\\/#primaryimage\"},\"thumbnailUrl\":\"https:\\\/\\\/whitesoundibiza.com\\\/wp-content\\\/uploads\\\/2025\\\/01\\\/blinderled_x4.jpg\",\"datePublished\":\"2025-01-31T16:02:44+00:00\",\"dateModified\":\"2025-08-09T15:42:00+00:00\",\"description\":\"Alquila el Pro Light Blinder Pro4 en Ibiza con White Sound Ibiza. Cuatro paneles LED de 300W, vers\u00e1tiles modos estrobo\\\/fade, control DMX y dise\u00f1o resistente. \u00a1Reserva ahora!\",\"breadcrumb\":{\"@id\":\"https:\\\/\\\/whitesoundibiza.com\\\/es\\\/producto\\\/cegadora-pro-light-pro4\\\/#breadcrumb\"},\"inLanguage\":\"es\",\"potentialAction\":[{\"@type\":\"ReadAction\",\"target\":[\"https:\\\/\\\/whitesoundibiza.com\\\/es\\\/producto\\\/cegadora-pro-light-pro4\\\/\"]}]},{\"@type\":\"ImageObject\",\"inLanguage\":\"es\",\"@id\":\"https:\\\/\\\/whitesoundibiza.com\\\/es\\\/producto\\\/cegadora-pro-light-pro4\\\/#primaryimage\",\"url\":\"https:\\\/\\\/whitesoundibiza.com\\\/wp-content\\\/uploads\\\/2025\\\/01\\\/blinderled_x4.jpg\",\"contentUrl\":\"https:\\\/\\\/whitesoundibiza.com\\\/wp-content\\\/uploads\\\/2025\\\/01\\\/blinderled_x4.jpg\",\"width\":1000,\"height\":1000,\"caption\":\"Pro Light Blinder Pro4 con cuatro paneles LED de alta potencia y conectores DMX montados en un soporte ajustable\"},{\"@type\":\"BreadcrumbList\",\"@id\":\"https:\\\/\\\/whitesoundibiza.com\\\/es\\\/producto\\\/cegadora-pro-light-pro4\\\/#breadcrumb\",\"itemListElement\":[{\"@type\":\"ListItem\",\"position\":1,\"name\":\"Portada\",\"item\":\"https:\\\/\\\/whitesoundibiza.com\\\/es\\\/\"},{\"@type\":\"ListItem\",\"position\":2,\"name\":\"Tienda\",\"item\":\"https:\\\/\\\/whitesoundibiza.com\\\/es\\\/tienda\\\/\"},{\"@type\":\"ListItem\",\"position\":3,\"name\":\"Cegadora Pro Light Pro4\"}]},{\"@type\":\"WebSite\",\"@id\":\"https:\\\/\\\/whitesoundibiza.com\\\/es\\\/#website\",\"url\":\"https:\\\/\\\/whitesoundibiza.com\\\/es\\\/\",\"name\":\"White Sound Ibiza\",\"description\":\"Rent Speakers in Ibiza\",\"publisher\":{\"@id\":\"https:\\\/\\\/whitesoundibiza.com\\\/es\\\/#organization\"},\"potentialAction\":[{\"@type\":\"SearchAction\",\"target\":{\"@type\":\"EntryPoint\",\"urlTemplate\":\"https:\\\/\\\/whitesoundibiza.com\\\/es\\\/?s={search_term_string}\"},\"query-input\":{\"@type\":\"PropertyValueSpecification\",\"valueRequired\":true,\"valueName\":\"search_term_string\"}}],\"inLanguage\":\"es\"},{\"@type\":\"Organization\",\"@id\":\"https:\\\/\\\/whitesoundibiza.com\\\/es\\\/#organization\",\"name\":\"White Sound Ibiza\",\"url\":\"https:\\\/\\\/whitesoundibiza.com\\\/es\\\/\",\"logo\":{\"@type\":\"ImageObject\",\"inLanguage\":\"es\",\"@id\":\"https:\\\/\\\/whitesoundibiza.com\\\/es\\\/#\\\/schema\\\/logo\\\/image\\\/\",\"url\":\"https:\\\/\\\/whitesoundibiza.com\\\/wp-content\\\/uploads\\\/2025\\\/05\\\/ws_logo.jpg\",\"contentUrl\":\"https:\\\/\\\/whitesoundibiza.com\\\/wp-content\\\/uploads\\\/2025\\\/05\\\/ws_logo.jpg\",\"width\":800,\"height\":235,\"caption\":\"White Sound Ibiza\"},\"image\":{\"@id\":\"https:\\\/\\\/whitesoundibiza.com\\\/es\\\/#\\\/schema\\\/logo\\\/image\\\/\"}}]}<\/script>\n<!-- \/ Yoast SEO plugin. -->","yoast_head_json":{"title":"Alquiler Pro Light Blinder Pro4 Ibiza | White Sound Ibiza","description":"Alquila el Pro Light Blinder Pro4 en Ibiza con White Sound Ibiza. Cuatro paneles LED de 300W, vers\u00e1tiles modos estrobo\/fade, control DMX y dise\u00f1o resistente. \u00a1Reserva ahora!","robots":{"index":"index","follow":"follow","max-snippet":"max-snippet:-1","max-image-preview":"max-image-preview:large","max-video-preview":"max-video-preview:-1"},"canonical":"https:\/\/whitesoundibiza.com\/es\/producto\/cegadora-pro-light-pro4\/","og_locale":"es_ES","og_type":"article","og_title":"Alquiler Pro Light Blinder Pro4 Ibiza | White Sound Ibiza","og_description":"Alquila el Pro Light Blinder Pro4 en Ibiza con White Sound Ibiza. Cuatro paneles LED de 300W, vers\u00e1tiles modos estrobo\/fade, control DMX y dise\u00f1o resistente. \u00a1Reserva ahora!","og_url":"https:\/\/whitesoundibiza.com\/es\/producto\/cegadora-pro-light-pro4\/","og_site_name":"White Sound Ibiza - Delivering Fun","article_modified_time":"2025-08-09T15:42:00+00:00","og_image":[{"width":1000,"height":1000,"url":"https:\/\/whitesoundibiza.com\/wp-content\/uploads\/2025\/01\/blinderled_x4.jpg","type":"image\/jpeg"}],"twitter_card":"summary_large_image","twitter_misc":{"Tiempo de lectura":"3 minutos"},"schema":{"@context":"https:\/\/schema.org","@graph":[{"@type":"WebPage","@id":"https:\/\/whitesoundibiza.com\/es\/producto\/cegadora-pro-light-pro4\/","url":"https:\/\/whitesoundibiza.com\/es\/producto\/cegadora-pro-light-pro4\/","name":"Alquiler Pro Light Blinder Pro4 Ibiza | White Sound Ibiza","isPartOf":{"@id":"https:\/\/whitesoundibiza.com\/es\/#website"},"primaryImageOfPage":{"@id":"https:\/\/whitesoundibiza.com\/es\/producto\/cegadora-pro-light-pro4\/#primaryimage"},"image":{"@id":"https:\/\/whitesoundibiza.com\/es\/producto\/cegadora-pro-light-pro4\/#primaryimage"},"thumbnailUrl":"https:\/\/whitesoundibiza.com\/wp-content\/uploads\/2025\/01\/blinderled_x4.jpg","datePublished":"2025-01-31T16:02:44+00:00","dateModified":"2025-08-09T15:42:00+00:00","description":"Alquila el Pro Light Blinder Pro4 en Ibiza con White Sound Ibiza. Cuatro paneles LED de 300W, vers\u00e1tiles modos estrobo\/fade, control DMX y dise\u00f1o resistente. \u00a1Reserva ahora!","breadcrumb":{"@id":"https:\/\/whitesoundibiza.com\/es\/producto\/cegadora-pro-light-pro4\/#breadcrumb"},"inLanguage":"es","potentialAction":[{"@type":"ReadAction","target":["https:\/\/whitesoundibiza.com\/es\/producto\/cegadora-pro-light-pro4\/"]}]},{"@type":"ImageObject","inLanguage":"es","@id":"https:\/\/whitesoundibiza.com\/es\/producto\/cegadora-pro-light-pro4\/#primaryimage","url":"https:\/\/whitesoundibiza.com\/wp-content\/uploads\/2025\/01\/blinderled_x4.jpg","contentUrl":"https:\/\/whitesoundibiza.com\/wp-content\/uploads\/2025\/01\/blinderled_x4.jpg","width":1000,"height":1000,"caption":"Pro Light Blinder Pro4 con cuatro paneles LED de alta potencia y conectores DMX montados en un soporte ajustable"},{"@type":"BreadcrumbList","@id":"https:\/\/whitesoundibiza.com\/es\/producto\/cegadora-pro-light-pro4\/#breadcrumb","itemListElement":[{"@type":"ListItem","position":1,"name":"Portada","item":"https:\/\/whitesoundibiza.com\/es\/"},{"@type":"ListItem","position":2,"name":"Tienda","item":"https:\/\/whitesoundibiza.com\/es\/tienda\/"},{"@type":"ListItem","position":3,"name":"Cegadora Pro Light Pro4"}]},{"@type":"WebSite","@id":"https:\/\/whitesoundibiza.com\/es\/#website","url":"https:\/\/whitesoundibiza.com\/es\/","name":"White Sound Ibiza","description":"Rent Speakers in Ibiza","publisher":{"@id":"https:\/\/whitesoundibiza.com\/es\/#organization"},"potentialAction":[{"@type":"SearchAction","target":{"@type":"EntryPoint","urlTemplate":"https:\/\/whitesoundibiza.com\/es\/?s={search_term_string}"},"query-input":{"@type":"PropertyValueSpecification","valueRequired":true,"valueName":"search_term_string"}}],"inLanguage":"es"},{"@type":"Organization","@id":"https:\/\/whitesoundibiza.com\/es\/#organization","name":"White Sound Ibiza","url":"https:\/\/whitesoundibiza.com\/es\/","logo":{"@type":"ImageObject","inLanguage":"es","@id":"https:\/\/whitesoundibiza.com\/es\/#\/schema\/logo\/image\/","url":"https:\/\/whitesoundibiza.com\/wp-content\/uploads\/2025\/05\/ws_logo.jpg","contentUrl":"https:\/\/whitesoundibiza.com\/wp-content\/uploads\/2025\/05\/ws_logo.jpg","width":800,"height":235,"caption":"White Sound Ibiza"},"image":{"@id":"https:\/\/whitesoundibiza.com\/es\/#\/schema\/logo\/image\/"}}]}},"_links":{"self":[{"href":"https:\/\/whitesoundibiza.com\/es\/wp-json\/wp\/v2\/product\/49272","targetHints":{"allow":["GET"]}}],"collection":[{"href":"https:\/\/whitesoundibiza.com\/es\/wp-json\/wp\/v2\/product"}],"about":[{"href":"https:\/\/whitesoundibiza.com\/es\/wp-json\/wp\/v2\/types\/product"}],"wp:featuredmedia":[{"embeddable":true,"href":"https:\/\/whitesoundibiza.com\/es\/wp-json\/wp\/v2\/media\/48126"}],"wp:attachment":[{"href":"https:\/\/whitesoundibiza.com\/es\/wp-json\/wp\/v2\/media?parent=49272"}],"wp:term":[{"taxonomy":"product_brand","embeddable":true,"href":"https:\/\/whitesoundibiza.com\/es\/wp-json\/wp\/v2\/product_brand?post=49272"},{"taxonomy":"product_cat","embeddable":true,"href":"https:\/\/whitesoundibiza.com\/es\/wp-json\/wp\/v2\/product_cat?post=49272"},{"taxonomy":"product_tag","embeddable":true,"href":"https:\/\/whitesoundibiza.com\/es\/wp-json\/wp\/v2\/product_tag?post=49272"}],"curies":[{"name":"wp","href":"https:\/\/api.w.org\/{rel}","templated":true}]}}