{"id":49271,"date":"2025-01-31T16:02:48","date_gmt":"2025-01-31T16:02:48","guid":{"rendered":"https:\/\/whitesoundibiza.com\/producto\/marca-fog1500w\/"},"modified":"2025-08-09T15:42:06","modified_gmt":"2025-08-09T15:42:06","slug":"marca-fog1500w","status":"publish","type":"product","link":"https:\/\/whitesoundibiza.com\/es\/producto\/marca-fog1500w\/","title":{"rendered":"Marca Fog1500W"},"content":{"rendered":"<p class=\"\" data-start=\"637\" data-end=\"1098\">Alquila la <strong data-start=\"667\" data-end=\"693\"><a href=\"https:\/\/products.equipson.es\/mf-1500-vt\">Mark Fog1500W<\/a> en Ibiza<\/strong> con White Sound Ibiza. Esta avanzada m\u00e1quina de niebla proporciona una niebla de calidad profesional en grandes recintos. Con su elemento calefactor de 1500 W, se calienta en menos de 60 segundos. Por lo tanto, puedes empezar los efectos de niebla sin demora. Adem\u00e1s, su dise\u00f1o de alta potencia produce una cobertura densa que mejora la iluminaci\u00f3n y el ambiente. En consecuencia, llena escenarios, pistas de baile y espacios para eventos de forma r\u00e1pida y uniforme.     <\/p>\n<h3 class=\"\" data-start=\"1102\" data-end=\"1140\">Elemento calefactor de alto rendimiento<\/h3>\n<p class=\"\" data-start=\"1143\" data-end=\"1435\">El calentador cer\u00e1mico de 1500 W garantiza un calor r\u00e1pido y estable. Mantiene una salida de niebla constante para conseguir efectos uniformes. As\u00ed, evitas los picos de fr\u00edo que interrumpen los dise\u00f1os de iluminaci\u00f3n. Adem\u00e1s, la protecci\u00f3n contra sobrecalentamiento integrada protege la unidad, permitiendo un funcionamiento ininterrumpido durante todo tu evento.   <\/p>\n<h3 class=\"\" data-start=\"1439\" data-end=\"1478\">Salida variable e integraci\u00f3n DMX<\/h3>\n<p class=\"\" data-start=\"1481\" data-end=\"1797\">Controla el volumen de la niebla manualmente mediante el mando del panel frontal. Adem\u00e1s, la m\u00e1quina admite entrada y salida DMX512 est\u00e1ndar de 3 patillas. En consecuencia, la integras perfectamente en el flujo de trabajo de tu consola de iluminaci\u00f3n. Adem\u00e1s, un modo de sonido a niebla dispara r\u00e1fagas de niebla en sincron\u00eda con la m\u00fasica, a\u00f1adiendo impacto din\u00e1mico a las actuaciones.   <\/p>\n<h3 class=\"\" data-start=\"1801\" data-end=\"1840\">Mayor tiempo de funcionamiento y recargas r\u00e1pidas<\/h3>\n<p class=\"\" data-start=\"1843\" data-end=\"2101\">El dep\u00f3sito interno de fluido de 2,5 L proporciona hasta 90 minutos de niebla continua. As\u00ed, minimizas el tiempo de inactividad para rellenarlo. Adem\u00e1s, el tiempo de calentamiento es inferior a 60 segundos, incluso despu\u00e9s de cambiar el dep\u00f3sito. Por tanto, mantienes tu espect\u00e1culo en movimiento sin interrupciones.   <\/p>\n<h3 class=\"\" data-start=\"2105\" data-end=\"2140\">Facilidad de uso y funciones de seguridad<\/h3>\n<p class=\"\" data-start=\"2143\" data-end=\"2528\">Esta m\u00e1quina de humo incluye un mando a distancia con cable de 5 m para mayor flexibilidad de colocaci\u00f3n. Tambi\u00e9n acepta mandos a distancia inal\u00e1mbricos opcionales para un control sin cables. Adem\u00e1s, un filtro de espuma integrado evita que los contaminantes del fluido obstruyan la bomba. En consecuencia, la m\u00e1quina se mantiene fiable a trav\u00e9s de m\u00faltiples eventos. Adem\u00e1s, su chasis cerrado y sus asas aisladas reducen el riesgo de quemaduras durante el funcionamiento.    <\/p>\n<h3 class=\"\" data-start=\"2532\" data-end=\"2557\">Construcci\u00f3n robusta<\/h3>\n<p class=\"\" data-start=\"2560\" data-end=\"2847\">Construido con acero de gran espesor, el Mark Fog1500W resiste las exigencias de las giras. Las esquinas reforzadas y la rejilla de acero protegen los componentes internos. Adem\u00e1s, las patas de goma a\u00edslan las vibraciones del escenario, garantizando una colocaci\u00f3n estable en superficies irregulares. Por tanto, puedes confiar en esta unidad concierto tras concierto.   <\/p>\n<h3 class=\"\" data-start=\"2851\" data-end=\"2885\">Aplicaciones vers\u00e1tiles para eventos<\/h3>\n<p class=\"\" data-start=\"2888\" data-end=\"3275\">El Mark Fog1500W se adapta tanto a la iluminaci\u00f3n de discotecas como a la de festivales al aire libre o producciones teatrales. Su combinaci\u00f3n de calentamiento r\u00e1pido, tiempo de funcionamiento prolongado y control flexible lo hace perfecto para DJ, equipos de producci\u00f3n y casas de alquiler. \u00a1Reserva el <strong data-start=\"3159\" data-end=\"3185\">Mark Fog1500W en Ibiza<\/strong> hoy mismo en White Sound Ibiza y eleva tu evento con efectos de niebla de calidad profesional!  <\/p>\n<p data-start=\"3111\" data-end=\"3332\">Encuentra m\u00e1s opciones <a href=\"https:\/\/whitesoundibiza.com\/producto\/stage-fan-showgear-sf-125\/\">aqu\u00ed<\/a>.<\/p>\n<p data-start=\"3111\" data-end=\"3332\"><style id=\"wpforms-css-vars-1077\">\n\t\t\t\t#wpforms-1077 {\n\t\t\t\t\n\t\t\t}\n\t\t\t<\/style><div class=\"wpforms-container wpforms-container-full wpforms-render-modern\" id=\"wpforms-1077\"><form id=\"wpforms-form-1077\" class=\"wpforms-validate wpforms-form wpforms-ajax-form\" data-formid=\"1077\" method=\"post\" enctype=\"multipart\/form-data\" action=\"\/es\/wp-json\/wp\/v2\/product\/49271\" data-token=\"94928534a24cdcc111147f7cbd5189fa\" data-token-time=\"1776981306\"><noscript class=\"wpforms-error-noscript\">Por favor, activa JavaScript en tu navegador para completar este formulario.<\/noscript><div id=\"wpforms-error-noscript\" style=\"display: none;\">Por favor, activa JavaScript en tu navegador para completar este formulario.<\/div><div class=\"wpforms-field-container\"><div id=\"wpforms-1077-field_0-container\" class=\"wpforms-field wpforms-field-name\" data-field-id=\"0\"><fieldset><legend class=\"wpforms-field-label\">Nombre <span class=\"wpforms-required-label\" aria-hidden=\"true\">*<\/span><\/legend><div class=\"wpforms-field-row wpforms-field-medium\"><div class=\"wpforms-field-row-block wpforms-first wpforms-one-half\"><input type=\"text\" id=\"wpforms-1077-field_0\" class=\"wpforms-field-name-first wpforms-field-required\" name=\"wpforms[fields][0][first]\" placeholder=\"Nombre\" aria-errormessage=\"wpforms-1077-field_0-error\" required><label for=\"wpforms-1077-field_0\" class=\"wpforms-field-sublabel after wpforms-sublabel-hide\">Nombre<\/label><\/div><div class=\"wpforms-field-row-block wpforms-one-half\"><input type=\"text\" id=\"wpforms-1077-field_0-last\" class=\"wpforms-field-name-last wpforms-field-required\" name=\"wpforms[fields][0][last]\" placeholder=\"Apellidos\" aria-errormessage=\"wpforms-1077-field_0-last-error\" required><label for=\"wpforms-1077-field_0-last\" class=\"wpforms-field-sublabel after wpforms-sublabel-hide\">Apellidos<\/label><\/div><\/div><\/fieldset><\/div>\t\t<div id=\"wpforms-1077-field_3-container\"\n\t\t\tclass=\"wpforms-field wpforms-field-text\"\n\t\t\tdata-field-type=\"text\"\n\t\t\tdata-field-id=\"3\"\n\t\t\t>\n\t\t\t<label class=\"wpforms-field-label\" for=\"wpforms-1077-field_3\" >correo Nombre Hasta<\/label>\n\t\t\t<input type=\"text\" id=\"wpforms-1077-field_3\" class=\"wpforms-field-medium\" name=\"wpforms[fields][3]\" >\n\t\t<\/div>\n\t\t<div id=\"wpforms-1077-field_7-container\" class=\"wpforms-field wpforms-field-layout\" data-field-id=\"7\"><div class=\"wpforms-field-layout-columns wpforms-field-layout-preset-50-50\"><div class=\"wpforms-layout-column wpforms-layout-column-50\" ><div id=\"wpforms-1077-field_1-container\" class=\"wpforms-field wpforms-field-email\" data-field-id=\"1\"><label class=\"wpforms-field-label\" for=\"wpforms-1077-field_1\">Env\u00eda un correo electr\u00f3nico a <span class=\"wpforms-required-label\" aria-hidden=\"true\">*<\/span><\/label><input type=\"email\" id=\"wpforms-1077-field_1\" class=\"wpforms-field-medium wpforms-field-required\" name=\"wpforms[fields][1]\" spellcheck=\"false\" aria-errormessage=\"wpforms-1077-field_1-error\" required><\/div><\/div><div class=\"wpforms-layout-column wpforms-layout-column-50\" ><div id=\"wpforms-1077-field_8-container\" class=\"wpforms-field wpforms-field-phone\" data-field-id=\"8\"><label class=\"wpforms-field-label\" for=\"wpforms-1077-field_8\">N\u00famero de tel\u00e9fono <span class=\"wpforms-required-label\" aria-hidden=\"true\">*<\/span><\/label><input type=\"tel\" id=\"wpforms-1077-field_8\" class=\"wpforms-field-medium wpforms-field-required wpforms-smart-phone-field\" data-rule-smart-phone-field=\"true\" name=\"wpforms[fields][8]\" aria-label=\"N\u00famero de tel\u00e9fono\" aria-errormessage=\"wpforms-1077-field_8-error\" required><\/div><\/div><\/div><\/div><div id=\"wpforms-1077-field_10-container\" class=\"wpforms-field wpforms-field-layout\" data-field-id=\"10\"><div class=\"wpforms-field-layout-columns wpforms-field-layout-preset-50-50\"><div class=\"wpforms-layout-column wpforms-layout-column-50\" ><div id=\"wpforms-1077-field_4-container\" class=\"wpforms-field wpforms-field-date-time\" data-field-id=\"4\"><label class=\"wpforms-field-label\" for=\"wpforms-1077-field_4\">Desde<\/label><div class=\"wpforms-datepicker-wrap\"><input type=\"text\" id=\"wpforms-1077-field_4\" class=\"wpforms-field-date-time-date wpforms-datepicker wpforms-field-small\" data-date-format=\"m\/d\/Y\" data-disable-past-dates=\"0\" data-input=\"true\" name=\"wpforms[fields][4][date]\" aria-errormessage=\"wpforms-1077-field_4-error\" ><a title=\"Borrar fecha\" data-clear role=\"button\" tabindex=\"0\" class=\"wpforms-datepicker-clear\" aria-label=\"Borrar fecha\" style=\"display:none;\"><\/a><\/div><\/div><\/div><div class=\"wpforms-layout-column wpforms-layout-column-50\" ><div id=\"wpforms-1077-field_9-container\" class=\"wpforms-field wpforms-field-date-time\" data-field-id=\"9\"><label class=\"wpforms-field-label\" for=\"wpforms-1077-field_9\">Hasta<\/label><div class=\"wpforms-datepicker-wrap\"><input type=\"text\" id=\"wpforms-1077-field_9\" class=\"wpforms-field-date-time-date wpforms-datepicker wpforms-field-small\" data-date-format=\"m\/d\/Y\" data-disable-past-dates=\"0\" data-input=\"true\" name=\"wpforms[fields][9][date]\" aria-errormessage=\"wpforms-1077-field_9-error\" ><a title=\"Borrar fecha\" data-clear role=\"button\" tabindex=\"0\" class=\"wpforms-datepicker-clear\" aria-label=\"Borrar fecha\" style=\"display:none;\"><\/a><\/div><\/div><\/div><\/div><\/div><div id=\"wpforms-1077-field_2-container\" class=\"wpforms-field wpforms-field-textarea\" data-field-id=\"2\"><label class=\"wpforms-field-label\" for=\"wpforms-1077-field_2\">Mensaje<\/label><textarea id=\"wpforms-1077-field_2\" class=\"wpforms-field-medium\" name=\"wpforms[fields][2]\" placeholder=\"\u00bfC\u00f3mo podemos ayudarte?\" aria-errormessage=\"wpforms-1077-field_2-error\" ><\/textarea><\/div><script>\n\t\t\t\t( function() {\n\t\t\t\t\tconst style = document.createElement( 'style' );\n\t\t\t\t\tstyle.appendChild( document.createTextNode( '#wpforms-1077-field_3-container { position: absolute !important; overflow: hidden !important; display: inline !important; height: 1px !important; width: 1px !important; z-index: -1000 !important; padding: 0 !important; } #wpforms-1077-field_3-container input { visibility: hidden; } #wpforms-conversational-form-page #wpforms-1077-field_3-container label { counter-increment: none; }' ) );\n\t\t\t\t\tdocument.head.appendChild( style );\n\t\t\t\t\tdocument.currentScript?.remove();\n\t\t\t\t} )();\n\t\t\t<\/script><\/div><!-- .wpforms-field-container --><div class=\"wpforms-recaptcha-container wpforms-is-recaptcha wpforms-is-recaptcha-type-v2\" ><div class=\"g-recaptcha\" data-sitekey=\"6LeS7gEkAAAAAO-EsXRwxTakHs6Q_9Z0rQYHkIS5\"><\/div><input type=\"text\" name=\"g-recaptcha-hidden\" class=\"wpforms-recaptcha-hidden\" style=\"position:absolute!important;clip:rect(0,0,0,0)!important;height:1px!important;width:1px!important;border:0!important;overflow:hidden!important;padding:0!important;margin:0!important;\" data-rule-recaptcha=\"1\"><\/div><div class=\"wpforms-submit-container\" ><input type=\"hidden\" name=\"wpforms[id]\" value=\"1077\"><input type=\"hidden\" name=\"page_title\" value=\"\"><input type=\"hidden\" name=\"page_url\" value=\"https:\/\/whitesoundibiza.com\/es\/wp-json\/wp\/v2\/product\/49271\"><input type=\"hidden\" name=\"url_referer\" value=\"\"><button type=\"submit\" name=\"wpforms[submit]\" id=\"wpforms-submit-1077\" class=\"wpforms-submit\" data-alt-text=\"Enviando...\" data-submit-text=\"Env\u00eda\" aria-live=\"assertive\" value=\"wpforms-submit\">Env\u00eda<\/button><img decoding=\"async\" src=\"https:\/\/whitesoundibiza.com\/wp-content\/plugins\/wpforms\/assets\/images\/submit-spin.svg\" class=\"wpforms-submit-spinner\" style=\"display: none;\" width=\"26\" height=\"26\" alt=\"Cargando\"><\/div><\/form><\/div>  <!-- .wpforms-container --><\/p>\n","protected":false},"excerpt":{"rendered":"<ul>\n<li class=\"\" data-start=\"430\" data-end=\"633\">\n<p class=\"\" data-start=\"432\" data-end=\"633\">Una m\u00e1quina de niebla de 1500 W con calentamiento r\u00e1pido de 60 s, control DMX\/sonido a niebla, dep\u00f3sito de 2,5 L para 90 min de autonom\u00eda y robusta carcasa de acero, ideal para efectos de niebla en escenarios, discotecas y eventos.<\/p>\n<\/li>\n<\/ul>\n","protected":false},"featured_media":48056,"template":"","meta":{"_joinchat":[]},"product_brand":[],"product_cat":[195],"product_tag":[],"class_list":{"0":"post-49271","1":"product","2":"type-product","3":"status-publish","4":"has-post-thumbnail","6":"product_cat-fx-es","8":"first","9":"instock","10":"taxable","11":"shipping-taxable","12":"purchasable","13":"product-type-rentable"},"yoast_head":"<!-- This site is optimized with the Yoast SEO plugin v27.4 - https:\/\/yoast.com\/product\/yoast-seo-wordpress\/ -->\n<title>Alquilar Mark Fog1500W Ibiza | White Sound Ibiza<\/title>\n<meta name=\"description\" content=\"Alquila la m\u00e1quina de humo Mark Fog1500W en Ibiza con White Sound Ibiza. Calentador de 1500 W, calentamiento r\u00e1pido, salida variable, control DMX y hasta 90 min de autonom\u00eda por recarga. \u00a1Reserva ahora!\" \/>\n<meta name=\"robots\" content=\"index, follow, max-snippet:-1, max-image-preview:large, max-video-preview:-1\" \/>\n<link rel=\"canonical\" href=\"https:\/\/whitesoundibiza.com\/es\/producto\/marca-fog1500w\/\" \/>\n<meta property=\"og:locale\" content=\"es_ES\" \/>\n<meta property=\"og:type\" content=\"article\" \/>\n<meta property=\"og:title\" content=\"Alquilar Mark Fog1500W Ibiza | White Sound Ibiza\" \/>\n<meta property=\"og:description\" content=\"Alquila la m\u00e1quina de humo Mark Fog1500W en Ibiza con White Sound Ibiza. Calentador de 1500 W, calentamiento r\u00e1pido, salida variable, control DMX y hasta 90 min de autonom\u00eda por recarga. \u00a1Reserva ahora!\" \/>\n<meta property=\"og:url\" content=\"https:\/\/whitesoundibiza.com\/es\/producto\/marca-fog1500w\/\" \/>\n<meta property=\"og:site_name\" content=\"White Sound Ibiza - Delivering Fun\" \/>\n<meta property=\"article:modified_time\" content=\"2025-08-09T15:42:06+00:00\" \/>\n<meta property=\"og:image\" content=\"https:\/\/whitesoundibiza.com\/wp-content\/uploads\/2025\/01\/fog1500.webp\" \/>\n\t<meta property=\"og:image:width\" content=\"1000\" \/>\n\t<meta property=\"og:image:height\" content=\"750\" \/>\n\t<meta property=\"og:image:type\" content=\"image\/webp\" \/>\n<meta name=\"twitter:card\" content=\"summary_large_image\" \/>\n<meta name=\"twitter:label1\" content=\"Tiempo de lectura\" \/>\n\t<meta name=\"twitter:data1\" content=\"3 minutos\" \/>\n<script type=\"application\/ld+json\" class=\"yoast-schema-graph\">{\"@context\":\"https:\\\/\\\/schema.org\",\"@graph\":[{\"@type\":\"WebPage\",\"@id\":\"https:\\\/\\\/whitesoundibiza.com\\\/es\\\/producto\\\/marca-fog1500w\\\/\",\"url\":\"https:\\\/\\\/whitesoundibiza.com\\\/es\\\/producto\\\/marca-fog1500w\\\/\",\"name\":\"Alquilar Mark Fog1500W Ibiza | White Sound Ibiza\",\"isPartOf\":{\"@id\":\"https:\\\/\\\/whitesoundibiza.com\\\/es\\\/#website\"},\"primaryImageOfPage\":{\"@id\":\"https:\\\/\\\/whitesoundibiza.com\\\/es\\\/producto\\\/marca-fog1500w\\\/#primaryimage\"},\"image\":{\"@id\":\"https:\\\/\\\/whitesoundibiza.com\\\/es\\\/producto\\\/marca-fog1500w\\\/#primaryimage\"},\"thumbnailUrl\":\"https:\\\/\\\/whitesoundibiza.com\\\/wp-content\\\/uploads\\\/2025\\\/01\\\/fog1500.webp\",\"datePublished\":\"2025-01-31T16:02:48+00:00\",\"dateModified\":\"2025-08-09T15:42:06+00:00\",\"description\":\"Alquila la m\u00e1quina de humo Mark Fog1500W en Ibiza con White Sound Ibiza. Calentador de 1500 W, calentamiento r\u00e1pido, salida variable, control DMX y hasta 90 min de autonom\u00eda por recarga. \u00a1Reserva ahora!\",\"breadcrumb\":{\"@id\":\"https:\\\/\\\/whitesoundibiza.com\\\/es\\\/producto\\\/marca-fog1500w\\\/#breadcrumb\"},\"inLanguage\":\"es\",\"potentialAction\":[{\"@type\":\"ReadAction\",\"target\":[\"https:\\\/\\\/whitesoundibiza.com\\\/es\\\/producto\\\/marca-fog1500w\\\/\"]}]},{\"@type\":\"ImageObject\",\"inLanguage\":\"es\",\"@id\":\"https:\\\/\\\/whitesoundibiza.com\\\/es\\\/producto\\\/marca-fog1500w\\\/#primaryimage\",\"url\":\"https:\\\/\\\/whitesoundibiza.com\\\/wp-content\\\/uploads\\\/2025\\\/01\\\/fog1500.webp\",\"contentUrl\":\"https:\\\/\\\/whitesoundibiza.com\\\/wp-content\\\/uploads\\\/2025\\\/01\\\/fog1500.webp\",\"width\":1000,\"height\":750,\"caption\":\"M\u00e1quina de niebla profesional Mark Fog1500W disponible para alquiler en Ibiza en White Sound Ibiza\"},{\"@type\":\"BreadcrumbList\",\"@id\":\"https:\\\/\\\/whitesoundibiza.com\\\/es\\\/producto\\\/marca-fog1500w\\\/#breadcrumb\",\"itemListElement\":[{\"@type\":\"ListItem\",\"position\":1,\"name\":\"Portada\",\"item\":\"https:\\\/\\\/whitesoundibiza.com\\\/es\\\/\"},{\"@type\":\"ListItem\",\"position\":2,\"name\":\"Tienda\",\"item\":\"https:\\\/\\\/whitesoundibiza.com\\\/es\\\/tienda\\\/\"},{\"@type\":\"ListItem\",\"position\":3,\"name\":\"Marca Fog1500W\"}]},{\"@type\":\"WebSite\",\"@id\":\"https:\\\/\\\/whitesoundibiza.com\\\/es\\\/#website\",\"url\":\"https:\\\/\\\/whitesoundibiza.com\\\/es\\\/\",\"name\":\"White Sound Ibiza\",\"description\":\"Rent Speakers in Ibiza\",\"publisher\":{\"@id\":\"https:\\\/\\\/whitesoundibiza.com\\\/es\\\/#organization\"},\"potentialAction\":[{\"@type\":\"SearchAction\",\"target\":{\"@type\":\"EntryPoint\",\"urlTemplate\":\"https:\\\/\\\/whitesoundibiza.com\\\/es\\\/?s={search_term_string}\"},\"query-input\":{\"@type\":\"PropertyValueSpecification\",\"valueRequired\":true,\"valueName\":\"search_term_string\"}}],\"inLanguage\":\"es\"},{\"@type\":\"Organization\",\"@id\":\"https:\\\/\\\/whitesoundibiza.com\\\/es\\\/#organization\",\"name\":\"White Sound Ibiza\",\"url\":\"https:\\\/\\\/whitesoundibiza.com\\\/es\\\/\",\"logo\":{\"@type\":\"ImageObject\",\"inLanguage\":\"es\",\"@id\":\"https:\\\/\\\/whitesoundibiza.com\\\/es\\\/#\\\/schema\\\/logo\\\/image\\\/\",\"url\":\"https:\\\/\\\/whitesoundibiza.com\\\/wp-content\\\/uploads\\\/2025\\\/05\\\/ws_logo.jpg\",\"contentUrl\":\"https:\\\/\\\/whitesoundibiza.com\\\/wp-content\\\/uploads\\\/2025\\\/05\\\/ws_logo.jpg\",\"width\":800,\"height\":235,\"caption\":\"White Sound Ibiza\"},\"image\":{\"@id\":\"https:\\\/\\\/whitesoundibiza.com\\\/es\\\/#\\\/schema\\\/logo\\\/image\\\/\"}}]}<\/script>\n<!-- \/ Yoast SEO plugin. -->","yoast_head_json":{"title":"Alquilar Mark Fog1500W Ibiza | White Sound Ibiza","description":"Alquila la m\u00e1quina de humo Mark Fog1500W en Ibiza con White Sound Ibiza. Calentador de 1500 W, calentamiento r\u00e1pido, salida variable, control DMX y hasta 90 min de autonom\u00eda por recarga. \u00a1Reserva ahora!","robots":{"index":"index","follow":"follow","max-snippet":"max-snippet:-1","max-image-preview":"max-image-preview:large","max-video-preview":"max-video-preview:-1"},"canonical":"https:\/\/whitesoundibiza.com\/es\/producto\/marca-fog1500w\/","og_locale":"es_ES","og_type":"article","og_title":"Alquilar Mark Fog1500W Ibiza | White Sound Ibiza","og_description":"Alquila la m\u00e1quina de humo Mark Fog1500W en Ibiza con White Sound Ibiza. Calentador de 1500 W, calentamiento r\u00e1pido, salida variable, control DMX y hasta 90 min de autonom\u00eda por recarga. \u00a1Reserva ahora!","og_url":"https:\/\/whitesoundibiza.com\/es\/producto\/marca-fog1500w\/","og_site_name":"White Sound Ibiza - Delivering Fun","article_modified_time":"2025-08-09T15:42:06+00:00","og_image":[{"width":1000,"height":750,"url":"https:\/\/whitesoundibiza.com\/wp-content\/uploads\/2025\/01\/fog1500.webp","type":"image\/webp"}],"twitter_card":"summary_large_image","twitter_misc":{"Tiempo de lectura":"3 minutos"},"schema":{"@context":"https:\/\/schema.org","@graph":[{"@type":"WebPage","@id":"https:\/\/whitesoundibiza.com\/es\/producto\/marca-fog1500w\/","url":"https:\/\/whitesoundibiza.com\/es\/producto\/marca-fog1500w\/","name":"Alquilar Mark Fog1500W Ibiza | White Sound Ibiza","isPartOf":{"@id":"https:\/\/whitesoundibiza.com\/es\/#website"},"primaryImageOfPage":{"@id":"https:\/\/whitesoundibiza.com\/es\/producto\/marca-fog1500w\/#primaryimage"},"image":{"@id":"https:\/\/whitesoundibiza.com\/es\/producto\/marca-fog1500w\/#primaryimage"},"thumbnailUrl":"https:\/\/whitesoundibiza.com\/wp-content\/uploads\/2025\/01\/fog1500.webp","datePublished":"2025-01-31T16:02:48+00:00","dateModified":"2025-08-09T15:42:06+00:00","description":"Alquila la m\u00e1quina de humo Mark Fog1500W en Ibiza con White Sound Ibiza. Calentador de 1500 W, calentamiento r\u00e1pido, salida variable, control DMX y hasta 90 min de autonom\u00eda por recarga. \u00a1Reserva ahora!","breadcrumb":{"@id":"https:\/\/whitesoundibiza.com\/es\/producto\/marca-fog1500w\/#breadcrumb"},"inLanguage":"es","potentialAction":[{"@type":"ReadAction","target":["https:\/\/whitesoundibiza.com\/es\/producto\/marca-fog1500w\/"]}]},{"@type":"ImageObject","inLanguage":"es","@id":"https:\/\/whitesoundibiza.com\/es\/producto\/marca-fog1500w\/#primaryimage","url":"https:\/\/whitesoundibiza.com\/wp-content\/uploads\/2025\/01\/fog1500.webp","contentUrl":"https:\/\/whitesoundibiza.com\/wp-content\/uploads\/2025\/01\/fog1500.webp","width":1000,"height":750,"caption":"M\u00e1quina de niebla profesional Mark Fog1500W disponible para alquiler en Ibiza en White Sound Ibiza"},{"@type":"BreadcrumbList","@id":"https:\/\/whitesoundibiza.com\/es\/producto\/marca-fog1500w\/#breadcrumb","itemListElement":[{"@type":"ListItem","position":1,"name":"Portada","item":"https:\/\/whitesoundibiza.com\/es\/"},{"@type":"ListItem","position":2,"name":"Tienda","item":"https:\/\/whitesoundibiza.com\/es\/tienda\/"},{"@type":"ListItem","position":3,"name":"Marca Fog1500W"}]},{"@type":"WebSite","@id":"https:\/\/whitesoundibiza.com\/es\/#website","url":"https:\/\/whitesoundibiza.com\/es\/","name":"White Sound Ibiza","description":"Rent Speakers in Ibiza","publisher":{"@id":"https:\/\/whitesoundibiza.com\/es\/#organization"},"potentialAction":[{"@type":"SearchAction","target":{"@type":"EntryPoint","urlTemplate":"https:\/\/whitesoundibiza.com\/es\/?s={search_term_string}"},"query-input":{"@type":"PropertyValueSpecification","valueRequired":true,"valueName":"search_term_string"}}],"inLanguage":"es"},{"@type":"Organization","@id":"https:\/\/whitesoundibiza.com\/es\/#organization","name":"White Sound Ibiza","url":"https:\/\/whitesoundibiza.com\/es\/","logo":{"@type":"ImageObject","inLanguage":"es","@id":"https:\/\/whitesoundibiza.com\/es\/#\/schema\/logo\/image\/","url":"https:\/\/whitesoundibiza.com\/wp-content\/uploads\/2025\/05\/ws_logo.jpg","contentUrl":"https:\/\/whitesoundibiza.com\/wp-content\/uploads\/2025\/05\/ws_logo.jpg","width":800,"height":235,"caption":"White Sound Ibiza"},"image":{"@id":"https:\/\/whitesoundibiza.com\/es\/#\/schema\/logo\/image\/"}}]}},"_links":{"self":[{"href":"https:\/\/whitesoundibiza.com\/es\/wp-json\/wp\/v2\/product\/49271","targetHints":{"allow":["GET"]}}],"collection":[{"href":"https:\/\/whitesoundibiza.com\/es\/wp-json\/wp\/v2\/product"}],"about":[{"href":"https:\/\/whitesoundibiza.com\/es\/wp-json\/wp\/v2\/types\/product"}],"wp:featuredmedia":[{"embeddable":true,"href":"https:\/\/whitesoundibiza.com\/es\/wp-json\/wp\/v2\/media\/48056"}],"wp:attachment":[{"href":"https:\/\/whitesoundibiza.com\/es\/wp-json\/wp\/v2\/media?parent=49271"}],"wp:term":[{"taxonomy":"product_brand","embeddable":true,"href":"https:\/\/whitesoundibiza.com\/es\/wp-json\/wp\/v2\/product_brand?post=49271"},{"taxonomy":"product_cat","embeddable":true,"href":"https:\/\/whitesoundibiza.com\/es\/wp-json\/wp\/v2\/product_cat?post=49271"},{"taxonomy":"product_tag","embeddable":true,"href":"https:\/\/whitesoundibiza.com\/es\/wp-json\/wp\/v2\/product_tag?post=49271"}],"curies":[{"name":"wp","href":"https:\/\/api.w.org\/{rel}","templated":true}]}}