{"id":49268,"date":"2025-01-31T16:02:43","date_gmt":"2025-01-31T16:02:43","guid":{"rendered":"https:\/\/whitesoundibiza.com\/producto\/pixel-estroboscopico-400rgb\/"},"modified":"2025-08-09T15:42:00","modified_gmt":"2025-08-09T15:42:00","slug":"pixel-estroboscopico-400rgb","status":"publish","type":"product","link":"https:\/\/whitesoundibiza.com\/es\/producto\/pixel-estroboscopico-400rgb\/","title":{"rendered":"Pixel Estrobosc\u00f3pico 400Rgb"},"content":{"rendered":"<p class=\"\" data-start=\"595\" data-end=\"792\">Cuando alquilas pixel <strong data-start=\"623\" data-end=\"657\">strobe 400rgb ibiza<\/strong>, obtienes impresionantes efectos pixel strobe. Adem\u00e1s, alquila pixel strobe 400rgb ibiza de White Sound Ibiza para mejorar cualquier producci\u00f3n. <\/p>\n<p class=\"\" data-start=\"794\" data-end=\"1071\"><strong data-start=\"794\" data-end=\"806\">Visi\u00f3n general<\/strong><br data-start=\"806\" data-end=\"809\">Esta luminaria incorpora diecis\u00e9is LED RGB de 25 W. Por consiguiente, proporciona intensas r\u00e1fagas de blanco y colores vivos. Adem\u00e1s, su capacidad de control de p\u00edxeles permite realizar persecuciones complejas y efectos din\u00e1micos. Por lo tanto, destaca en conciertos, discotecas y eventos corporativos.   <\/p>\n<p class=\"\" data-start=\"1073\" data-end=\"1363\"><strong data-start=\"1073\" data-end=\"1097\">Efectos Estrobosc\u00f3picos Pixel<\/strong><br data-start=\"1097\" data-end=\"1100\">Cada LED es direccionable individualmente. En consecuencia, puedes programar persecuciones en movimiento, fundidos de color y patrones de onda. Por ejemplo, puedes crear barridos de color en cascada o estrobosc\u00f3picos de estilo policial. Adem\u00e1s, su velocidad estrobosc\u00f3pica de alta velocidad alcanza hasta 30 destellos por segundo.   <\/p>\n<p class=\"\" data-start=\"1365\" data-end=\"1653\"><strong data-start=\"1365\" data-end=\"1382\">Modos de control<\/strong><br data-start=\"1382\" data-end=\"1385\">En modo DMX, selecciona 16 canales para controlar cada p\u00edxel de forma independiente. Alternativamente, elige 4, 8 \u00f3 12 canales para aplicaciones m\u00e1s sencillas. Adem\u00e1s, el modo aut\u00f3nomo ofrece ocho programas incorporados. Adem\u00e1s, el modo de sonido a luz sincroniza los efectos directamente con los ritmos de audio.   <\/p>\n<p class=\"\" data-start=\"1655\" data-end=\"1911\"><strong data-start=\"1655\" data-end=\"1674\">Potencia y refrigeraci\u00f3n<\/strong><br data-start=\"1674\" data-end=\"1677\">El Pixel Strobe 400RGB consume menos de 450 W a pleno rendimiento. Sin embargo, su silencioso ventilador axial mantiene el ruido por debajo de 45 dB(A). En consecuencia, la unidad funciona silenciosamente durante las actuaciones. Mientras tanto, las rejillas de ventilaci\u00f3n optimizadas garantizan una disipaci\u00f3n eficaz del calor.   <\/p>\n<p class=\"\" data-start=\"1913\" data-end=\"2140\"><strong data-start=\"1913\" data-end=\"1935\">Construcci\u00f3n y durabilidad<\/strong><br data-start=\"1935\" data-end=\"1938\">Alojada en acero con recubrimiento de polvo, la luminaria resiste ara\u00f1azos e impactos. Adem\u00e1s, sus componentes electr\u00f3nicos sellados protegen contra el polvo y las salpicaduras de luz. As\u00ed, sigue siendo fiable en las duras condiciones de las giras.  <\/p>\n<p class=\"\" data-start=\"2142\" data-end=\"2392\"><strong data-start=\"2142\" data-end=\"2169\">Montaje y conectividad<\/strong><br data-start=\"2169\" data-end=\"2172\">Un soporte en U ajustable permite el montaje en truss, soporte o suelo. Los conectores bloqueables powerCON y XLR DMX de 3 patillas garantizan la seguridad de la se\u00f1al y la alimentaci\u00f3n. Adem\u00e1s, los mandos de liberaci\u00f3n r\u00e1pida permiten ajustar r\u00e1pidamente la inclinaci\u00f3n en mitad del espect\u00e1culo.  <\/p>\n<p class=\"\" data-start=\"2394\" data-end=\"2696\"><strong data-start=\"2394\" data-end=\"2410\">Aplicaciones<\/strong><br data-start=\"2410\" data-end=\"2413\">Tanto si alquilas esta unidad para fiestas en la playa de Ibiza, eventos en villas o galas corporativas, se adapta a la perfecci\u00f3n. Sus vers\u00e1tiles modos de mapeo de p\u00edxeles y estrobosc\u00f3pico se adaptan tanto a los en\u00e9rgicos sets de DJ como a las elegantes recepciones. De este modo, consigues una iluminaci\u00f3n de nivel profesional sin complejos montajes.  <\/p>\n<p class=\"\" data-start=\"2698\" data-end=\"3011\"><strong data-start=\"2698\" data-end=\"2718\">Alquiler y asistencia<\/strong><br data-start=\"2718\" data-end=\"2721\">Para ver las especificaciones completas, visita <a class=\"cursor-pointer\" target=\"_new\" rel=\"noopener\" data-start=\"2756\" data-end=\"2849\">la p\u00e1gina del producto Pixel Strobe 400RGB<\/a>. White Sound Ibiza se encarga de la entrega, la instalaci\u00f3n in situ y la orientaci\u00f3n t\u00e9cnica de expertos. Por lo tanto, tu evento disfrutar\u00e1 de una iluminaci\u00f3n impecable desde la carga hasta la huelga.  <\/p>\n<p class=\"\" data-start=\"3013\" data-end=\"3091\">\u00a1Reserva hoy mismo el <strong data-start=\"3022\" data-end=\"3054\">Pixel Strobe 400RGB en Ibiza<\/strong> y electrifica tu pr\u00f3ximo evento!<\/p>\n<p data-start=\"3013\" data-end=\"3091\"><style id=\"wpforms-css-vars-1077\">\n\t\t\t\t#wpforms-1077 {\n\t\t\t\t\n\t\t\t}\n\t\t\t<\/style><div class=\"wpforms-container wpforms-container-full wpforms-render-modern\" id=\"wpforms-1077\"><form id=\"wpforms-form-1077\" class=\"wpforms-validate wpforms-form wpforms-ajax-form\" data-formid=\"1077\" method=\"post\" enctype=\"multipart\/form-data\" action=\"\/es\/wp-json\/wp\/v2\/product\/49268\" data-token=\"94928534a24cdcc111147f7cbd5189fa\" data-token-time=\"1776967987\"><noscript class=\"wpforms-error-noscript\">Por favor, activa JavaScript en tu navegador para completar este formulario.<\/noscript><div id=\"wpforms-error-noscript\" style=\"display: none;\">Por favor, activa JavaScript en tu navegador para completar este formulario.<\/div><div class=\"wpforms-field-container\"><div id=\"wpforms-1077-field_0-container\" class=\"wpforms-field wpforms-field-name\" data-field-id=\"0\"><fieldset><legend class=\"wpforms-field-label\">Nombre <span class=\"wpforms-required-label\" aria-hidden=\"true\">*<\/span><\/legend><div class=\"wpforms-field-row wpforms-field-medium\"><div class=\"wpforms-field-row-block wpforms-first wpforms-one-half\"><input type=\"text\" id=\"wpforms-1077-field_0\" class=\"wpforms-field-name-first wpforms-field-required\" name=\"wpforms[fields][0][first]\" placeholder=\"Nombre\" aria-errormessage=\"wpforms-1077-field_0-error\" required><label for=\"wpforms-1077-field_0\" class=\"wpforms-field-sublabel after wpforms-sublabel-hide\">Nombre<\/label><\/div><div class=\"wpforms-field-row-block wpforms-one-half\"><input type=\"text\" id=\"wpforms-1077-field_0-last\" class=\"wpforms-field-name-last wpforms-field-required\" name=\"wpforms[fields][0][last]\" placeholder=\"Apellidos\" aria-errormessage=\"wpforms-1077-field_0-last-error\" required><label for=\"wpforms-1077-field_0-last\" class=\"wpforms-field-sublabel after wpforms-sublabel-hide\">Apellidos<\/label><\/div><\/div><\/fieldset><\/div>\t\t<div id=\"wpforms-1077-field_3-container\"\n\t\t\tclass=\"wpforms-field wpforms-field-text\"\n\t\t\tdata-field-type=\"text\"\n\t\t\tdata-field-id=\"3\"\n\t\t\t>\n\t\t\t<label class=\"wpforms-field-label\" for=\"wpforms-1077-field_3\" >de electr\u00f3nico Desde<\/label>\n\t\t\t<input type=\"text\" id=\"wpforms-1077-field_3\" class=\"wpforms-field-medium\" name=\"wpforms[fields][3]\" >\n\t\t<\/div>\n\t\t<div id=\"wpforms-1077-field_7-container\" class=\"wpforms-field wpforms-field-layout\" data-field-id=\"7\"><div class=\"wpforms-field-layout-columns wpforms-field-layout-preset-50-50\"><div class=\"wpforms-layout-column wpforms-layout-column-50\" ><div id=\"wpforms-1077-field_1-container\" class=\"wpforms-field wpforms-field-email\" data-field-id=\"1\"><label class=\"wpforms-field-label\" for=\"wpforms-1077-field_1\">Env\u00eda un correo electr\u00f3nico a <span class=\"wpforms-required-label\" aria-hidden=\"true\">*<\/span><\/label><input type=\"email\" id=\"wpforms-1077-field_1\" class=\"wpforms-field-medium wpforms-field-required\" name=\"wpforms[fields][1]\" spellcheck=\"false\" aria-errormessage=\"wpforms-1077-field_1-error\" required><\/div><\/div><div class=\"wpforms-layout-column wpforms-layout-column-50\" ><div id=\"wpforms-1077-field_8-container\" class=\"wpforms-field wpforms-field-phone\" data-field-id=\"8\"><label class=\"wpforms-field-label\" for=\"wpforms-1077-field_8\">N\u00famero de tel\u00e9fono <span class=\"wpforms-required-label\" aria-hidden=\"true\">*<\/span><\/label><input type=\"tel\" id=\"wpforms-1077-field_8\" class=\"wpforms-field-medium wpforms-field-required wpforms-smart-phone-field\" data-rule-smart-phone-field=\"true\" name=\"wpforms[fields][8]\" aria-label=\"N\u00famero de tel\u00e9fono\" aria-errormessage=\"wpforms-1077-field_8-error\" required><\/div><\/div><\/div><\/div><div id=\"wpforms-1077-field_10-container\" class=\"wpforms-field wpforms-field-layout\" data-field-id=\"10\"><div class=\"wpforms-field-layout-columns wpforms-field-layout-preset-50-50\"><div class=\"wpforms-layout-column wpforms-layout-column-50\" ><div id=\"wpforms-1077-field_4-container\" class=\"wpforms-field wpforms-field-date-time\" data-field-id=\"4\"><label class=\"wpforms-field-label\" for=\"wpforms-1077-field_4\">Desde<\/label><div class=\"wpforms-datepicker-wrap\"><input type=\"text\" id=\"wpforms-1077-field_4\" class=\"wpforms-field-date-time-date wpforms-datepicker wpforms-field-small\" data-date-format=\"m\/d\/Y\" data-disable-past-dates=\"0\" data-input=\"true\" name=\"wpforms[fields][4][date]\" aria-errormessage=\"wpforms-1077-field_4-error\" ><a title=\"Borrar fecha\" data-clear role=\"button\" tabindex=\"0\" class=\"wpforms-datepicker-clear\" aria-label=\"Borrar fecha\" style=\"display:none;\"><\/a><\/div><\/div><\/div><div class=\"wpforms-layout-column wpforms-layout-column-50\" ><div id=\"wpforms-1077-field_9-container\" class=\"wpforms-field wpforms-field-date-time\" data-field-id=\"9\"><label class=\"wpforms-field-label\" for=\"wpforms-1077-field_9\">Hasta<\/label><div class=\"wpforms-datepicker-wrap\"><input type=\"text\" id=\"wpforms-1077-field_9\" class=\"wpforms-field-date-time-date wpforms-datepicker wpforms-field-small\" data-date-format=\"m\/d\/Y\" data-disable-past-dates=\"0\" data-input=\"true\" name=\"wpforms[fields][9][date]\" aria-errormessage=\"wpforms-1077-field_9-error\" ><a title=\"Borrar fecha\" data-clear role=\"button\" tabindex=\"0\" class=\"wpforms-datepicker-clear\" aria-label=\"Borrar fecha\" style=\"display:none;\"><\/a><\/div><\/div><\/div><\/div><\/div><div id=\"wpforms-1077-field_2-container\" class=\"wpforms-field wpforms-field-textarea\" data-field-id=\"2\"><label class=\"wpforms-field-label\" for=\"wpforms-1077-field_2\">Mensaje<\/label><textarea id=\"wpforms-1077-field_2\" class=\"wpforms-field-medium\" name=\"wpforms[fields][2]\" placeholder=\"\u00bfC\u00f3mo podemos ayudarte?\" aria-errormessage=\"wpforms-1077-field_2-error\" ><\/textarea><\/div><script>\n\t\t\t\t( function() {\n\t\t\t\t\tconst style = document.createElement( 'style' );\n\t\t\t\t\tstyle.appendChild( document.createTextNode( '#wpforms-1077-field_3-container { position: absolute !important; overflow: hidden !important; display: inline !important; height: 1px !important; width: 1px !important; z-index: -1000 !important; padding: 0 !important; } #wpforms-1077-field_3-container input { visibility: hidden; } #wpforms-conversational-form-page #wpforms-1077-field_3-container label { counter-increment: none; }' ) );\n\t\t\t\t\tdocument.head.appendChild( style );\n\t\t\t\t\tdocument.currentScript?.remove();\n\t\t\t\t} )();\n\t\t\t<\/script><\/div><!-- .wpforms-field-container --><div class=\"wpforms-recaptcha-container wpforms-is-recaptcha wpforms-is-recaptcha-type-v2\" ><div class=\"g-recaptcha\" data-sitekey=\"6LeS7gEkAAAAAO-EsXRwxTakHs6Q_9Z0rQYHkIS5\"><\/div><input type=\"text\" name=\"g-recaptcha-hidden\" class=\"wpforms-recaptcha-hidden\" style=\"position:absolute!important;clip:rect(0,0,0,0)!important;height:1px!important;width:1px!important;border:0!important;overflow:hidden!important;padding:0!important;margin:0!important;\" data-rule-recaptcha=\"1\"><\/div><div class=\"wpforms-submit-container\" ><input type=\"hidden\" name=\"wpforms[id]\" value=\"1077\"><input type=\"hidden\" name=\"page_title\" value=\"\"><input type=\"hidden\" name=\"page_url\" value=\"https:\/\/whitesoundibiza.com\/es\/wp-json\/wp\/v2\/product\/49268\"><input type=\"hidden\" name=\"url_referer\" value=\"\"><button type=\"submit\" name=\"wpforms[submit]\" id=\"wpforms-submit-1077\" class=\"wpforms-submit\" data-alt-text=\"Enviando...\" data-submit-text=\"Env\u00eda\" aria-live=\"assertive\" value=\"wpforms-submit\">Env\u00eda<\/button><img decoding=\"async\" src=\"https:\/\/whitesoundibiza.com\/wp-content\/plugins\/wpforms\/assets\/images\/submit-spin.svg\" class=\"wpforms-submit-spinner\" style=\"display: none;\" width=\"26\" height=\"26\" alt=\"Cargando\"><\/div><\/form><\/div>  <!-- .wpforms-container --><\/p>\n","protected":false},"excerpt":{"rendered":"<p class=\"\" data-start=\"302\" data-end=\"453\">Un estrobosc\u00f3pico de p\u00edxeles RGB de 400 W con LED direccionables individualmente, mapeo de p\u00edxeles DMX, modos estrobosc\u00f3pico\/fade y un chasis met\u00e1lico duradero.<\/p>\n","protected":false},"featured_media":48049,"template":"","meta":{"_joinchat":[]},"product_brand":[],"product_cat":[194],"product_tag":[],"class_list":{"0":"post-49268","1":"product","2":"type-product","3":"status-publish","4":"has-post-thumbnail","6":"product_cat-par-led-y-estroboscopico","8":"first","9":"instock","10":"taxable","11":"shipping-taxable","12":"purchasable","13":"product-type-rentable"},"yoast_head":"<!-- This site is optimized with the Yoast SEO plugin v27.4 - https:\/\/yoast.com\/product\/yoast-seo-wordpress\/ -->\n<title>Alquiler Pixel Strobe 400RGB Ibiza | White Sound Ibiza<\/title>\n<meta name=\"description\" content=\"Alquila el Pixel Strobe 400RGB en Ibiza con White Sound Ibiza. Pixel estrobo RGB de alta potencia con mapeo de p\u00edxeles DMX, modos estrobo\/fade y carcasa resistente. \u00a1Reserva ahora!\" \/>\n<meta name=\"robots\" content=\"index, follow, max-snippet:-1, max-image-preview:large, max-video-preview:-1\" \/>\n<link rel=\"canonical\" href=\"https:\/\/whitesoundibiza.com\/es\/producto\/pixel-estroboscopico-400rgb\/\" \/>\n<meta property=\"og:locale\" content=\"es_ES\" \/>\n<meta property=\"og:type\" content=\"article\" \/>\n<meta property=\"og:title\" content=\"Alquiler Pixel Strobe 400RGB Ibiza | White Sound Ibiza\" \/>\n<meta property=\"og:description\" content=\"Alquila el Pixel Strobe 400RGB en Ibiza con White Sound Ibiza. Pixel estrobo RGB de alta potencia con mapeo de p\u00edxeles DMX, modos estrobo\/fade y carcasa resistente. \u00a1Reserva ahora!\" \/>\n<meta property=\"og:url\" content=\"https:\/\/whitesoundibiza.com\/es\/producto\/pixel-estroboscopico-400rgb\/\" \/>\n<meta property=\"og:site_name\" content=\"White Sound Ibiza - Delivering Fun\" \/>\n<meta property=\"article:modified_time\" content=\"2025-08-09T15:42:00+00:00\" \/>\n<meta property=\"og:image\" content=\"https:\/\/whitesoundibiza.com\/wp-content\/uploads\/2025\/01\/pixel400.jpg\" \/>\n\t<meta property=\"og:image:width\" content=\"800\" \/>\n\t<meta property=\"og:image:height\" content=\"800\" \/>\n\t<meta property=\"og:image:type\" content=\"image\/jpeg\" \/>\n<meta name=\"twitter:card\" content=\"summary_large_image\" \/>\n<meta name=\"twitter:label1\" content=\"Tiempo de lectura\" \/>\n\t<meta name=\"twitter:data1\" content=\"2 minutos\" \/>\n<script type=\"application\/ld+json\" class=\"yoast-schema-graph\">{\"@context\":\"https:\\\/\\\/schema.org\",\"@graph\":[{\"@type\":\"WebPage\",\"@id\":\"https:\\\/\\\/whitesoundibiza.com\\\/es\\\/producto\\\/pixel-estroboscopico-400rgb\\\/\",\"url\":\"https:\\\/\\\/whitesoundibiza.com\\\/es\\\/producto\\\/pixel-estroboscopico-400rgb\\\/\",\"name\":\"Alquiler Pixel Strobe 400RGB Ibiza | White Sound Ibiza\",\"isPartOf\":{\"@id\":\"https:\\\/\\\/whitesoundibiza.com\\\/es\\\/#website\"},\"primaryImageOfPage\":{\"@id\":\"https:\\\/\\\/whitesoundibiza.com\\\/es\\\/producto\\\/pixel-estroboscopico-400rgb\\\/#primaryimage\"},\"image\":{\"@id\":\"https:\\\/\\\/whitesoundibiza.com\\\/es\\\/producto\\\/pixel-estroboscopico-400rgb\\\/#primaryimage\"},\"thumbnailUrl\":\"https:\\\/\\\/whitesoundibiza.com\\\/wp-content\\\/uploads\\\/2025\\\/01\\\/pixel400.jpg\",\"datePublished\":\"2025-01-31T16:02:43+00:00\",\"dateModified\":\"2025-08-09T15:42:00+00:00\",\"description\":\"Alquila el Pixel Strobe 400RGB en Ibiza con White Sound Ibiza. Pixel estrobo RGB de alta potencia con mapeo de p\u00edxeles DMX, modos estrobo\\\/fade y carcasa resistente. \u00a1Reserva ahora!\",\"breadcrumb\":{\"@id\":\"https:\\\/\\\/whitesoundibiza.com\\\/es\\\/producto\\\/pixel-estroboscopico-400rgb\\\/#breadcrumb\"},\"inLanguage\":\"es\",\"potentialAction\":[{\"@type\":\"ReadAction\",\"target\":[\"https:\\\/\\\/whitesoundibiza.com\\\/es\\\/producto\\\/pixel-estroboscopico-400rgb\\\/\"]}]},{\"@type\":\"ImageObject\",\"inLanguage\":\"es\",\"@id\":\"https:\\\/\\\/whitesoundibiza.com\\\/es\\\/producto\\\/pixel-estroboscopico-400rgb\\\/#primaryimage\",\"url\":\"https:\\\/\\\/whitesoundibiza.com\\\/wp-content\\\/uploads\\\/2025\\\/01\\\/pixel400.jpg\",\"contentUrl\":\"https:\\\/\\\/whitesoundibiza.com\\\/wp-content\\\/uploads\\\/2025\\\/01\\\/pixel400.jpg\",\"width\":800,\"height\":800,\"caption\":\"Luminaria Pixel Strobe 400RGB con 16 LED RGB direccionables individualmente en una robusta carcasa met\u00e1lica\"},{\"@type\":\"BreadcrumbList\",\"@id\":\"https:\\\/\\\/whitesoundibiza.com\\\/es\\\/producto\\\/pixel-estroboscopico-400rgb\\\/#breadcrumb\",\"itemListElement\":[{\"@type\":\"ListItem\",\"position\":1,\"name\":\"Portada\",\"item\":\"https:\\\/\\\/whitesoundibiza.com\\\/es\\\/\"},{\"@type\":\"ListItem\",\"position\":2,\"name\":\"Tienda\",\"item\":\"https:\\\/\\\/whitesoundibiza.com\\\/es\\\/tienda\\\/\"},{\"@type\":\"ListItem\",\"position\":3,\"name\":\"Pixel Estrobosc\u00f3pico 400Rgb\"}]},{\"@type\":\"WebSite\",\"@id\":\"https:\\\/\\\/whitesoundibiza.com\\\/es\\\/#website\",\"url\":\"https:\\\/\\\/whitesoundibiza.com\\\/es\\\/\",\"name\":\"White Sound Ibiza\",\"description\":\"Rent Speakers in Ibiza\",\"publisher\":{\"@id\":\"https:\\\/\\\/whitesoundibiza.com\\\/es\\\/#organization\"},\"potentialAction\":[{\"@type\":\"SearchAction\",\"target\":{\"@type\":\"EntryPoint\",\"urlTemplate\":\"https:\\\/\\\/whitesoundibiza.com\\\/es\\\/?s={search_term_string}\"},\"query-input\":{\"@type\":\"PropertyValueSpecification\",\"valueRequired\":true,\"valueName\":\"search_term_string\"}}],\"inLanguage\":\"es\"},{\"@type\":\"Organization\",\"@id\":\"https:\\\/\\\/whitesoundibiza.com\\\/es\\\/#organization\",\"name\":\"White Sound Ibiza\",\"url\":\"https:\\\/\\\/whitesoundibiza.com\\\/es\\\/\",\"logo\":{\"@type\":\"ImageObject\",\"inLanguage\":\"es\",\"@id\":\"https:\\\/\\\/whitesoundibiza.com\\\/es\\\/#\\\/schema\\\/logo\\\/image\\\/\",\"url\":\"https:\\\/\\\/whitesoundibiza.com\\\/wp-content\\\/uploads\\\/2025\\\/05\\\/ws_logo.jpg\",\"contentUrl\":\"https:\\\/\\\/whitesoundibiza.com\\\/wp-content\\\/uploads\\\/2025\\\/05\\\/ws_logo.jpg\",\"width\":800,\"height\":235,\"caption\":\"White Sound Ibiza\"},\"image\":{\"@id\":\"https:\\\/\\\/whitesoundibiza.com\\\/es\\\/#\\\/schema\\\/logo\\\/image\\\/\"}}]}<\/script>\n<!-- \/ Yoast SEO plugin. -->","yoast_head_json":{"title":"Alquiler Pixel Strobe 400RGB Ibiza | White Sound Ibiza","description":"Alquila el Pixel Strobe 400RGB en Ibiza con White Sound Ibiza. Pixel estrobo RGB de alta potencia con mapeo de p\u00edxeles DMX, modos estrobo\/fade y carcasa resistente. \u00a1Reserva ahora!","robots":{"index":"index","follow":"follow","max-snippet":"max-snippet:-1","max-image-preview":"max-image-preview:large","max-video-preview":"max-video-preview:-1"},"canonical":"https:\/\/whitesoundibiza.com\/es\/producto\/pixel-estroboscopico-400rgb\/","og_locale":"es_ES","og_type":"article","og_title":"Alquiler Pixel Strobe 400RGB Ibiza | White Sound Ibiza","og_description":"Alquila el Pixel Strobe 400RGB en Ibiza con White Sound Ibiza. Pixel estrobo RGB de alta potencia con mapeo de p\u00edxeles DMX, modos estrobo\/fade y carcasa resistente. \u00a1Reserva ahora!","og_url":"https:\/\/whitesoundibiza.com\/es\/producto\/pixel-estroboscopico-400rgb\/","og_site_name":"White Sound Ibiza - Delivering Fun","article_modified_time":"2025-08-09T15:42:00+00:00","og_image":[{"width":800,"height":800,"url":"https:\/\/whitesoundibiza.com\/wp-content\/uploads\/2025\/01\/pixel400.jpg","type":"image\/jpeg"}],"twitter_card":"summary_large_image","twitter_misc":{"Tiempo de lectura":"2 minutos"},"schema":{"@context":"https:\/\/schema.org","@graph":[{"@type":"WebPage","@id":"https:\/\/whitesoundibiza.com\/es\/producto\/pixel-estroboscopico-400rgb\/","url":"https:\/\/whitesoundibiza.com\/es\/producto\/pixel-estroboscopico-400rgb\/","name":"Alquiler Pixel Strobe 400RGB Ibiza | White Sound Ibiza","isPartOf":{"@id":"https:\/\/whitesoundibiza.com\/es\/#website"},"primaryImageOfPage":{"@id":"https:\/\/whitesoundibiza.com\/es\/producto\/pixel-estroboscopico-400rgb\/#primaryimage"},"image":{"@id":"https:\/\/whitesoundibiza.com\/es\/producto\/pixel-estroboscopico-400rgb\/#primaryimage"},"thumbnailUrl":"https:\/\/whitesoundibiza.com\/wp-content\/uploads\/2025\/01\/pixel400.jpg","datePublished":"2025-01-31T16:02:43+00:00","dateModified":"2025-08-09T15:42:00+00:00","description":"Alquila el Pixel Strobe 400RGB en Ibiza con White Sound Ibiza. Pixel estrobo RGB de alta potencia con mapeo de p\u00edxeles DMX, modos estrobo\/fade y carcasa resistente. \u00a1Reserva ahora!","breadcrumb":{"@id":"https:\/\/whitesoundibiza.com\/es\/producto\/pixel-estroboscopico-400rgb\/#breadcrumb"},"inLanguage":"es","potentialAction":[{"@type":"ReadAction","target":["https:\/\/whitesoundibiza.com\/es\/producto\/pixel-estroboscopico-400rgb\/"]}]},{"@type":"ImageObject","inLanguage":"es","@id":"https:\/\/whitesoundibiza.com\/es\/producto\/pixel-estroboscopico-400rgb\/#primaryimage","url":"https:\/\/whitesoundibiza.com\/wp-content\/uploads\/2025\/01\/pixel400.jpg","contentUrl":"https:\/\/whitesoundibiza.com\/wp-content\/uploads\/2025\/01\/pixel400.jpg","width":800,"height":800,"caption":"Luminaria Pixel Strobe 400RGB con 16 LED RGB direccionables individualmente en una robusta carcasa met\u00e1lica"},{"@type":"BreadcrumbList","@id":"https:\/\/whitesoundibiza.com\/es\/producto\/pixel-estroboscopico-400rgb\/#breadcrumb","itemListElement":[{"@type":"ListItem","position":1,"name":"Portada","item":"https:\/\/whitesoundibiza.com\/es\/"},{"@type":"ListItem","position":2,"name":"Tienda","item":"https:\/\/whitesoundibiza.com\/es\/tienda\/"},{"@type":"ListItem","position":3,"name":"Pixel Estrobosc\u00f3pico 400Rgb"}]},{"@type":"WebSite","@id":"https:\/\/whitesoundibiza.com\/es\/#website","url":"https:\/\/whitesoundibiza.com\/es\/","name":"White Sound Ibiza","description":"Rent Speakers in Ibiza","publisher":{"@id":"https:\/\/whitesoundibiza.com\/es\/#organization"},"potentialAction":[{"@type":"SearchAction","target":{"@type":"EntryPoint","urlTemplate":"https:\/\/whitesoundibiza.com\/es\/?s={search_term_string}"},"query-input":{"@type":"PropertyValueSpecification","valueRequired":true,"valueName":"search_term_string"}}],"inLanguage":"es"},{"@type":"Organization","@id":"https:\/\/whitesoundibiza.com\/es\/#organization","name":"White Sound Ibiza","url":"https:\/\/whitesoundibiza.com\/es\/","logo":{"@type":"ImageObject","inLanguage":"es","@id":"https:\/\/whitesoundibiza.com\/es\/#\/schema\/logo\/image\/","url":"https:\/\/whitesoundibiza.com\/wp-content\/uploads\/2025\/05\/ws_logo.jpg","contentUrl":"https:\/\/whitesoundibiza.com\/wp-content\/uploads\/2025\/05\/ws_logo.jpg","width":800,"height":235,"caption":"White Sound Ibiza"},"image":{"@id":"https:\/\/whitesoundibiza.com\/es\/#\/schema\/logo\/image\/"}}]}},"_links":{"self":[{"href":"https:\/\/whitesoundibiza.com\/es\/wp-json\/wp\/v2\/product\/49268","targetHints":{"allow":["GET"]}}],"collection":[{"href":"https:\/\/whitesoundibiza.com\/es\/wp-json\/wp\/v2\/product"}],"about":[{"href":"https:\/\/whitesoundibiza.com\/es\/wp-json\/wp\/v2\/types\/product"}],"wp:featuredmedia":[{"embeddable":true,"href":"https:\/\/whitesoundibiza.com\/es\/wp-json\/wp\/v2\/media\/48049"}],"wp:attachment":[{"href":"https:\/\/whitesoundibiza.com\/es\/wp-json\/wp\/v2\/media?parent=49268"}],"wp:term":[{"taxonomy":"product_brand","embeddable":true,"href":"https:\/\/whitesoundibiza.com\/es\/wp-json\/wp\/v2\/product_brand?post=49268"},{"taxonomy":"product_cat","embeddable":true,"href":"https:\/\/whitesoundibiza.com\/es\/wp-json\/wp\/v2\/product_cat?post=49268"},{"taxonomy":"product_tag","embeddable":true,"href":"https:\/\/whitesoundibiza.com\/es\/wp-json\/wp\/v2\/product_tag?post=49268"}],"curies":[{"name":"wp","href":"https:\/\/api.w.org\/{rel}","templated":true}]}}