{"id":49263,"date":"2025-01-31T16:02:45","date_gmt":"2025-01-31T16:02:45","guid":{"rendered":"https:\/\/whitesoundibiza.com\/producto\/par-pro-72-gratuito\/"},"modified":"2025-08-09T15:42:05","modified_gmt":"2025-08-09T15:42:05","slug":"par-pro-72-gratuito","status":"publish","type":"product","link":"https:\/\/whitesoundibiza.com\/es\/producto\/par-pro-72-gratuito\/","title":{"rendered":"Par Pro 72 gratuito"},"content":{"rendered":"<p class=\"\" data-start=\"596\" data-end=\"781\">Si <strong data-start=\"622\" data-end=\"652\">alquilas par pro 72 ibiza gratis<\/strong>, obtendr\u00e1s un par can muy flexible y energ\u00e9ticamente eficiente. Adem\u00e1s, este aparato se adapta sin esfuerzo tanto a eventos en interior como en exterior. <\/p>\n<p class=\"\" data-start=\"783\" data-end=\"1010\"><strong data-start=\"783\" data-end=\"809\">Potencia y eficiencia de los<\/strong> LED<br data-start=\"809\" data-end=\"812\">El Free Par Pro 72 utiliza seis LED RGBW de 12 W. Por consiguiente, obtienes colores brillantes y saturados con un consumo inferior a 75 W. Adem\u00e1s, este bajo consumo reduce los costes operativos y la carga del generador. <\/p>\n<p class=\"\" data-start=\"1012\" data-end=\"1210\"><strong data-start=\"1012\" data-end=\"1037\">\u00d3ptica y control del haz<\/strong><br data-start=\"1037\" data-end=\"1040\">Se incluyen lentes de 15\u00b0, 25\u00b0 y 45\u00b0. Por tanto, puedes adaptar los \u00e1ngulos del haz a cualquier espacio o distancia. Adem\u00e1s, la lente ancha de 45\u00b0 suaviza las transiciones para los lavados ambientales.  <\/p>\n<p class=\"\" data-start=\"1212\" data-end=\"1401\"><strong data-start=\"1212\" data-end=\"1235\">Clasificaci\u00f3n IP65 para exteriores<\/strong><br data-start=\"1235\" data-end=\"1238\">Con una clasificaci\u00f3n IP65, el Free Par Pro 72 resiste el polvo y el agua. Como resultado, puedes desplegarlo en villas de playa, escenarios al aire libre y lugares lluviosos sin preocupaciones. <\/p>\n<p class=\"\" data-start=\"1403\" data-end=\"1632\"><strong data-start=\"1403\" data-end=\"1420\">Modos de control<\/strong><br data-start=\"1420\" data-end=\"1423\">En el modo DMX, selecciona 1, 3, 7 \u00f3 12 canales para un control preciso del color y del regulador de intensidad. Alternativamente, activa el modo aut\u00f3nomo para ejecutar programas integrados. Mientras tanto, el DMX inal\u00e1mbrico elimina el l\u00edo de cables y acelera la configuraci\u00f3n.  <\/p>\n<p class=\"\" data-start=\"1634\" data-end=\"1844\"><strong data-start=\"1634\" data-end=\"1664\">Calidad de construcci\u00f3n y durabilidad<\/strong><br data-start=\"1664\" data-end=\"1667\">Su carcasa de aluminio fundido a presi\u00f3n y sus costuras selladas resisten las giras m\u00e1s rigurosas. Adem\u00e1s, un ventilador interno silencioso y unas rejillas de ventilaci\u00f3n optimizadas gestionan el calor en silencio, manteniendo el ruido por debajo de 40 dB(A). <\/p>\n<p class=\"\" data-start=\"1846\" data-end=\"2078\"><strong data-start=\"1846\" data-end=\"1873\">Montaje y conectividad<\/strong><br data-start=\"1873\" data-end=\"1876\">El soporte en U incluido se adapta a trusses, soportes y montajes de suelo. Los conectores bloqueables powerCON y XLR DMX de 3 patillas garantizan un montaje seguro. As\u00ed minimizas las desconexiones accidentales durante los espect\u00e1culos.  <\/p>\n<p class=\"\" data-start=\"2080\" data-end=\"2336\"><strong data-start=\"2080\" data-end=\"2096\">Aplicaciones<\/strong><br data-start=\"2096\" data-end=\"2099\">Tanto si <strong data-start=\"2111\" data-end=\"2141\">alquilas par pro 72 ibiza gratis<\/strong> para bodas, eventos corporativos o residencias nocturnas, este par can se adapta al instante. Su forma compacta se adapta a espacios reducidos, mientras que sus opciones de haz cubren escenarios, caminos e iluminaci\u00f3n ascendente. <\/p>\n<p class=\"\" data-start=\"2338\" data-end=\"2517\"><strong data-start=\"2338\" data-end=\"2362\">Recursos adicionales<\/strong><br data-start=\"2362\" data-end=\"2365\">Para obtener todos los detalles t\u00e9cnicos, visita <a class=\"cursor-pointer\" target=\"_new\" rel=\"noopener\" data-start=\"2403\" data-end=\"2488\">la p\u00e1gina del producto Free Par Pro 72<\/a> en el sitio web de White Sound Ibiza.<\/p>\n<p class=\"\" data-start=\"2519\" data-end=\"2716\"><strong data-start=\"2519\" data-end=\"2539\">Asistencia y alquiler<\/strong><br data-start=\"2539\" data-end=\"2542\">White Sound Ibiza proporciona entrega, orientaci\u00f3n para la instalaci\u00f3n in situ y asistencia t\u00e9cnica experta. Por lo tanto, disfrutar\u00e1s de una experiencia de alquiler sin interrupciones, desde la carga hasta la huelga. <\/p>\n<p class=\"\" data-start=\"2718\" data-end=\"2841\">\u00a1Reserva hoy tu <strong data-start=\"2728\" data-end=\"2756\">Free Par Pro 72 en Ibiza<\/strong> e ilumina tu evento con precisi\u00f3n profesional y rendimiento ecol\u00f3gico!<\/p>\n<p data-start=\"2718\" data-end=\"2841\"><style id=\"wpforms-css-vars-1077\">\n\t\t\t\t#wpforms-1077 {\n\t\t\t\t\n\t\t\t}\n\t\t\t<\/style><div class=\"wpforms-container wpforms-container-full wpforms-render-modern\" id=\"wpforms-1077\"><form id=\"wpforms-form-1077\" class=\"wpforms-validate wpforms-form wpforms-ajax-form\" data-formid=\"1077\" method=\"post\" enctype=\"multipart\/form-data\" action=\"\/es\/wp-json\/wp\/v2\/product\/49263\" data-token=\"94928534a24cdcc111147f7cbd5189fa\" data-token-time=\"1776961156\"><noscript class=\"wpforms-error-noscript\">Por favor, activa JavaScript en tu navegador para completar este formulario.<\/noscript><div id=\"wpforms-error-noscript\" style=\"display: none;\">Por favor, activa JavaScript en tu navegador para completar este formulario.<\/div><div class=\"wpforms-field-container\"><div id=\"wpforms-1077-field_0-container\" class=\"wpforms-field wpforms-field-name\" data-field-id=\"0\"><fieldset><legend class=\"wpforms-field-label\">Nombre <span class=\"wpforms-required-label\" aria-hidden=\"true\">*<\/span><\/legend><div class=\"wpforms-field-row wpforms-field-medium\"><div class=\"wpforms-field-row-block wpforms-first wpforms-one-half\"><input type=\"text\" id=\"wpforms-1077-field_0\" class=\"wpforms-field-name-first wpforms-field-required\" name=\"wpforms[fields][0][first]\" placeholder=\"Nombre\" aria-errormessage=\"wpforms-1077-field_0-error\" required><label for=\"wpforms-1077-field_0\" class=\"wpforms-field-sublabel after wpforms-sublabel-hide\">Nombre<\/label><\/div><div class=\"wpforms-field-row-block wpforms-one-half\"><input type=\"text\" id=\"wpforms-1077-field_0-last\" class=\"wpforms-field-name-last wpforms-field-required\" name=\"wpforms[fields][0][last]\" placeholder=\"Apellidos\" aria-errormessage=\"wpforms-1077-field_0-last-error\" required><label for=\"wpforms-1077-field_0-last\" class=\"wpforms-field-sublabel after wpforms-sublabel-hide\">Apellidos<\/label><\/div><\/div><\/fieldset><\/div><div id=\"wpforms-1077-field_7-container\" class=\"wpforms-field wpforms-field-layout\" data-field-id=\"7\"><div class=\"wpforms-field-layout-columns wpforms-field-layout-preset-50-50\"><div class=\"wpforms-layout-column wpforms-layout-column-50\" ><div id=\"wpforms-1077-field_1-container\" class=\"wpforms-field wpforms-field-email\" data-field-id=\"1\"><label class=\"wpforms-field-label\" for=\"wpforms-1077-field_1\">Env\u00eda un correo electr\u00f3nico a <span class=\"wpforms-required-label\" aria-hidden=\"true\">*<\/span><\/label><input type=\"email\" id=\"wpforms-1077-field_1\" class=\"wpforms-field-medium wpforms-field-required\" name=\"wpforms[fields][1]\" spellcheck=\"false\" aria-errormessage=\"wpforms-1077-field_1-error\" required><\/div><\/div><div class=\"wpforms-layout-column wpforms-layout-column-50\" ><div id=\"wpforms-1077-field_8-container\" class=\"wpforms-field wpforms-field-phone\" data-field-id=\"8\"><label class=\"wpforms-field-label\" for=\"wpforms-1077-field_8\">N\u00famero de tel\u00e9fono <span class=\"wpforms-required-label\" aria-hidden=\"true\">*<\/span><\/label><input type=\"tel\" id=\"wpforms-1077-field_8\" class=\"wpforms-field-medium wpforms-field-required wpforms-smart-phone-field\" data-rule-smart-phone-field=\"true\" name=\"wpforms[fields][8]\" aria-label=\"N\u00famero de tel\u00e9fono\" aria-errormessage=\"wpforms-1077-field_8-error\" required><\/div><\/div><\/div><\/div><div id=\"wpforms-1077-field_10-container\" class=\"wpforms-field wpforms-field-layout\" data-field-id=\"10\"><div class=\"wpforms-field-layout-columns wpforms-field-layout-preset-50-50\"><div class=\"wpforms-layout-column wpforms-layout-column-50\" ><div id=\"wpforms-1077-field_4-container\" class=\"wpforms-field wpforms-field-date-time\" data-field-id=\"4\"><label class=\"wpforms-field-label\" for=\"wpforms-1077-field_4\">Desde<\/label><div class=\"wpforms-datepicker-wrap\"><input type=\"text\" id=\"wpforms-1077-field_4\" class=\"wpforms-field-date-time-date wpforms-datepicker wpforms-field-small\" data-date-format=\"m\/d\/Y\" data-disable-past-dates=\"0\" data-input=\"true\" name=\"wpforms[fields][4][date]\" aria-errormessage=\"wpforms-1077-field_4-error\" ><a title=\"Borrar fecha\" data-clear role=\"button\" tabindex=\"0\" class=\"wpforms-datepicker-clear\" aria-label=\"Borrar fecha\" style=\"display:none;\"><\/a><\/div><\/div><\/div><div class=\"wpforms-layout-column wpforms-layout-column-50\" ><div id=\"wpforms-1077-field_9-container\" class=\"wpforms-field wpforms-field-date-time\" data-field-id=\"9\"><label class=\"wpforms-field-label\" for=\"wpforms-1077-field_9\">Hasta<\/label><div class=\"wpforms-datepicker-wrap\"><input type=\"text\" id=\"wpforms-1077-field_9\" class=\"wpforms-field-date-time-date wpforms-datepicker wpforms-field-small\" data-date-format=\"m\/d\/Y\" data-disable-past-dates=\"0\" data-input=\"true\" name=\"wpforms[fields][9][date]\" aria-errormessage=\"wpforms-1077-field_9-error\" ><a title=\"Borrar fecha\" data-clear role=\"button\" tabindex=\"0\" class=\"wpforms-datepicker-clear\" aria-label=\"Borrar fecha\" style=\"display:none;\"><\/a><\/div><\/div><\/div><\/div><\/div>\t\t<div id=\"wpforms-1077-field_3-container\"\n\t\t\tclass=\"wpforms-field wpforms-field-text\"\n\t\t\tdata-field-type=\"text\"\n\t\t\tdata-field-id=\"3\"\n\t\t\t>\n\t\t\t<label class=\"wpforms-field-label\" for=\"wpforms-1077-field_3\" >a Mensaje electr\u00f3nico<\/label>\n\t\t\t<input type=\"text\" id=\"wpforms-1077-field_3\" class=\"wpforms-field-medium\" name=\"wpforms[fields][3]\" >\n\t\t<\/div>\n\t\t<div id=\"wpforms-1077-field_2-container\" class=\"wpforms-field wpforms-field-textarea\" data-field-id=\"2\"><label class=\"wpforms-field-label\" for=\"wpforms-1077-field_2\">Mensaje<\/label><textarea id=\"wpforms-1077-field_2\" class=\"wpforms-field-medium\" name=\"wpforms[fields][2]\" placeholder=\"\u00bfC\u00f3mo podemos ayudarte?\" aria-errormessage=\"wpforms-1077-field_2-error\" ><\/textarea><\/div><script>\n\t\t\t\t( function() {\n\t\t\t\t\tconst style = document.createElement( 'style' );\n\t\t\t\t\tstyle.appendChild( document.createTextNode( '#wpforms-1077-field_3-container { position: absolute !important; overflow: hidden !important; display: inline !important; height: 1px !important; width: 1px !important; z-index: -1000 !important; padding: 0 !important; } #wpforms-1077-field_3-container input { visibility: hidden; } #wpforms-conversational-form-page #wpforms-1077-field_3-container label { counter-increment: none; }' ) );\n\t\t\t\t\tdocument.head.appendChild( style );\n\t\t\t\t\tdocument.currentScript?.remove();\n\t\t\t\t} )();\n\t\t\t<\/script><\/div><!-- .wpforms-field-container --><div class=\"wpforms-recaptcha-container wpforms-is-recaptcha wpforms-is-recaptcha-type-v2\" ><div class=\"g-recaptcha\" data-sitekey=\"6LeS7gEkAAAAAO-EsXRwxTakHs6Q_9Z0rQYHkIS5\"><\/div><input type=\"text\" name=\"g-recaptcha-hidden\" class=\"wpforms-recaptcha-hidden\" style=\"position:absolute!important;clip:rect(0,0,0,0)!important;height:1px!important;width:1px!important;border:0!important;overflow:hidden!important;padding:0!important;margin:0!important;\" data-rule-recaptcha=\"1\"><\/div><div class=\"wpforms-submit-container\" ><input type=\"hidden\" name=\"wpforms[id]\" value=\"1077\"><input type=\"hidden\" name=\"page_title\" value=\"\"><input type=\"hidden\" name=\"page_url\" value=\"https:\/\/whitesoundibiza.com\/es\/wp-json\/wp\/v2\/product\/49263\"><input type=\"hidden\" name=\"url_referer\" value=\"\"><button type=\"submit\" name=\"wpforms[submit]\" id=\"wpforms-submit-1077\" class=\"wpforms-submit\" data-alt-text=\"Enviando...\" data-submit-text=\"Env\u00eda\" aria-live=\"assertive\" value=\"wpforms-submit\">Env\u00eda<\/button><img decoding=\"async\" src=\"https:\/\/whitesoundibiza.com\/wp-content\/plugins\/wpforms\/assets\/images\/submit-spin.svg\" class=\"wpforms-submit-spinner\" style=\"display: none;\" width=\"26\" height=\"26\" alt=\"Cargando\"><\/div><\/form><\/div>  <!-- .wpforms-container --><\/p>\n","protected":false},"excerpt":{"rendered":"<p class=\"\" data-start=\"293\" data-end=\"468\">Un par can compacto con seis LED RGBW de 12 W de alta potencia, protecci\u00f3n IP65, DMX inal\u00e1mbrico y lentes intercambiables para una iluminaci\u00f3n vers\u00e1til de escenarios y eventos.<\/p>\n<p class=\"\" data-start=\"470\" data-end=\"573\">\n","protected":false},"featured_media":48052,"template":"","meta":{"_joinchat":[]},"product_brand":[],"product_cat":[194],"product_tag":[],"class_list":{"0":"post-49263","1":"product","2":"type-product","3":"status-publish","4":"has-post-thumbnail","6":"product_cat-par-led-y-estroboscopico","8":"first","9":"instock","10":"taxable","11":"shipping-taxable","12":"purchasable","13":"product-type-rentable"},"yoast_head":"<!-- This site is optimized with the Yoast SEO plugin v27.4 - https:\/\/yoast.com\/product\/yoast-seo-wordpress\/ -->\n<title>Alquiler Gratis Par Pro 72 Ibiza | White Sound Ibiza<\/title>\n<meta name=\"description\" content=\"Alquila el Free Par Pro 72 en Ibiza con White Sound Ibiza. LEDs RGBW 6\u00d712W de bajo consumo, clasificaci\u00f3n IP65, opci\u00f3n DMX inal\u00e1mbrica y m\u00faltiples \u00e1ngulos de haz. \u00a1Reserva ahora!\" \/>\n<meta name=\"robots\" content=\"index, follow, max-snippet:-1, max-image-preview:large, max-video-preview:-1\" \/>\n<link rel=\"canonical\" href=\"https:\/\/whitesoundibiza.com\/es\/producto\/par-pro-72-gratuito\/\" \/>\n<meta property=\"og:locale\" content=\"es_ES\" \/>\n<meta property=\"og:type\" content=\"article\" \/>\n<meta property=\"og:title\" content=\"Alquiler Gratis Par Pro 72 Ibiza | White Sound Ibiza\" \/>\n<meta property=\"og:description\" content=\"Alquila el Free Par Pro 72 en Ibiza con White Sound Ibiza. LEDs RGBW 6\u00d712W de bajo consumo, clasificaci\u00f3n IP65, opci\u00f3n DMX inal\u00e1mbrica y m\u00faltiples \u00e1ngulos de haz. \u00a1Reserva ahora!\" \/>\n<meta property=\"og:url\" content=\"https:\/\/whitesoundibiza.com\/es\/producto\/par-pro-72-gratuito\/\" \/>\n<meta property=\"og:site_name\" content=\"White Sound Ibiza - Delivering Fun\" \/>\n<meta property=\"article:modified_time\" content=\"2025-08-09T15:42:05+00:00\" \/>\n<meta property=\"og:image\" content=\"https:\/\/whitesoundibiza.com\/wp-content\/uploads\/2025\/01\/freepar.jpg\" \/>\n\t<meta property=\"og:image:width\" content=\"800\" \/>\n\t<meta property=\"og:image:height\" content=\"800\" \/>\n\t<meta property=\"og:image:type\" content=\"image\/jpeg\" \/>\n<meta name=\"twitter:card\" content=\"summary_large_image\" \/>\n<meta name=\"twitter:label1\" content=\"Tiempo de lectura\" \/>\n\t<meta name=\"twitter:data1\" content=\"2 minutos\" \/>\n<script type=\"application\/ld+json\" class=\"yoast-schema-graph\">{\"@context\":\"https:\\\/\\\/schema.org\",\"@graph\":[{\"@type\":\"WebPage\",\"@id\":\"https:\\\/\\\/whitesoundibiza.com\\\/es\\\/producto\\\/par-pro-72-gratuito\\\/\",\"url\":\"https:\\\/\\\/whitesoundibiza.com\\\/es\\\/producto\\\/par-pro-72-gratuito\\\/\",\"name\":\"Alquiler Gratis Par Pro 72 Ibiza | White Sound Ibiza\",\"isPartOf\":{\"@id\":\"https:\\\/\\\/whitesoundibiza.com\\\/es\\\/#website\"},\"primaryImageOfPage\":{\"@id\":\"https:\\\/\\\/whitesoundibiza.com\\\/es\\\/producto\\\/par-pro-72-gratuito\\\/#primaryimage\"},\"image\":{\"@id\":\"https:\\\/\\\/whitesoundibiza.com\\\/es\\\/producto\\\/par-pro-72-gratuito\\\/#primaryimage\"},\"thumbnailUrl\":\"https:\\\/\\\/whitesoundibiza.com\\\/wp-content\\\/uploads\\\/2025\\\/01\\\/freepar.jpg\",\"datePublished\":\"2025-01-31T16:02:45+00:00\",\"dateModified\":\"2025-08-09T15:42:05+00:00\",\"description\":\"Alquila el Free Par Pro 72 en Ibiza con White Sound Ibiza. LEDs RGBW 6\u00d712W de bajo consumo, clasificaci\u00f3n IP65, opci\u00f3n DMX inal\u00e1mbrica y m\u00faltiples \u00e1ngulos de haz. \u00a1Reserva ahora!\",\"breadcrumb\":{\"@id\":\"https:\\\/\\\/whitesoundibiza.com\\\/es\\\/producto\\\/par-pro-72-gratuito\\\/#breadcrumb\"},\"inLanguage\":\"es\",\"potentialAction\":[{\"@type\":\"ReadAction\",\"target\":[\"https:\\\/\\\/whitesoundibiza.com\\\/es\\\/producto\\\/par-pro-72-gratuito\\\/\"]}]},{\"@type\":\"ImageObject\",\"inLanguage\":\"es\",\"@id\":\"https:\\\/\\\/whitesoundibiza.com\\\/es\\\/producto\\\/par-pro-72-gratuito\\\/#primaryimage\",\"url\":\"https:\\\/\\\/whitesoundibiza.com\\\/wp-content\\\/uploads\\\/2025\\\/01\\\/freepar.jpg\",\"contentUrl\":\"https:\\\/\\\/whitesoundibiza.com\\\/wp-content\\\/uploads\\\/2025\\\/01\\\/freepar.jpg\",\"width\":800,\"height\":800,\"caption\":\"Par can gratuito Par Pro 72 LED con seis LED RGBW de 12 W, soporte en U y conectores DMX\"},{\"@type\":\"BreadcrumbList\",\"@id\":\"https:\\\/\\\/whitesoundibiza.com\\\/es\\\/producto\\\/par-pro-72-gratuito\\\/#breadcrumb\",\"itemListElement\":[{\"@type\":\"ListItem\",\"position\":1,\"name\":\"Portada\",\"item\":\"https:\\\/\\\/whitesoundibiza.com\\\/es\\\/\"},{\"@type\":\"ListItem\",\"position\":2,\"name\":\"Tienda\",\"item\":\"https:\\\/\\\/whitesoundibiza.com\\\/es\\\/tienda\\\/\"},{\"@type\":\"ListItem\",\"position\":3,\"name\":\"Par Pro 72 gratuito\"}]},{\"@type\":\"WebSite\",\"@id\":\"https:\\\/\\\/whitesoundibiza.com\\\/es\\\/#website\",\"url\":\"https:\\\/\\\/whitesoundibiza.com\\\/es\\\/\",\"name\":\"White Sound Ibiza\",\"description\":\"Rent Speakers in Ibiza\",\"publisher\":{\"@id\":\"https:\\\/\\\/whitesoundibiza.com\\\/es\\\/#organization\"},\"potentialAction\":[{\"@type\":\"SearchAction\",\"target\":{\"@type\":\"EntryPoint\",\"urlTemplate\":\"https:\\\/\\\/whitesoundibiza.com\\\/es\\\/?s={search_term_string}\"},\"query-input\":{\"@type\":\"PropertyValueSpecification\",\"valueRequired\":true,\"valueName\":\"search_term_string\"}}],\"inLanguage\":\"es\"},{\"@type\":\"Organization\",\"@id\":\"https:\\\/\\\/whitesoundibiza.com\\\/es\\\/#organization\",\"name\":\"White Sound Ibiza\",\"url\":\"https:\\\/\\\/whitesoundibiza.com\\\/es\\\/\",\"logo\":{\"@type\":\"ImageObject\",\"inLanguage\":\"es\",\"@id\":\"https:\\\/\\\/whitesoundibiza.com\\\/es\\\/#\\\/schema\\\/logo\\\/image\\\/\",\"url\":\"https:\\\/\\\/whitesoundibiza.com\\\/wp-content\\\/uploads\\\/2025\\\/05\\\/ws_logo.jpg\",\"contentUrl\":\"https:\\\/\\\/whitesoundibiza.com\\\/wp-content\\\/uploads\\\/2025\\\/05\\\/ws_logo.jpg\",\"width\":800,\"height\":235,\"caption\":\"White Sound Ibiza\"},\"image\":{\"@id\":\"https:\\\/\\\/whitesoundibiza.com\\\/es\\\/#\\\/schema\\\/logo\\\/image\\\/\"}}]}<\/script>\n<!-- \/ Yoast SEO plugin. -->","yoast_head_json":{"title":"Alquiler Gratis Par Pro 72 Ibiza | White Sound Ibiza","description":"Alquila el Free Par Pro 72 en Ibiza con White Sound Ibiza. LEDs RGBW 6\u00d712W de bajo consumo, clasificaci\u00f3n IP65, opci\u00f3n DMX inal\u00e1mbrica y m\u00faltiples \u00e1ngulos de haz. \u00a1Reserva ahora!","robots":{"index":"index","follow":"follow","max-snippet":"max-snippet:-1","max-image-preview":"max-image-preview:large","max-video-preview":"max-video-preview:-1"},"canonical":"https:\/\/whitesoundibiza.com\/es\/producto\/par-pro-72-gratuito\/","og_locale":"es_ES","og_type":"article","og_title":"Alquiler Gratis Par Pro 72 Ibiza | White Sound Ibiza","og_description":"Alquila el Free Par Pro 72 en Ibiza con White Sound Ibiza. LEDs RGBW 6\u00d712W de bajo consumo, clasificaci\u00f3n IP65, opci\u00f3n DMX inal\u00e1mbrica y m\u00faltiples \u00e1ngulos de haz. \u00a1Reserva ahora!","og_url":"https:\/\/whitesoundibiza.com\/es\/producto\/par-pro-72-gratuito\/","og_site_name":"White Sound Ibiza - Delivering Fun","article_modified_time":"2025-08-09T15:42:05+00:00","og_image":[{"width":800,"height":800,"url":"https:\/\/whitesoundibiza.com\/wp-content\/uploads\/2025\/01\/freepar.jpg","type":"image\/jpeg"}],"twitter_card":"summary_large_image","twitter_misc":{"Tiempo de lectura":"2 minutos"},"schema":{"@context":"https:\/\/schema.org","@graph":[{"@type":"WebPage","@id":"https:\/\/whitesoundibiza.com\/es\/producto\/par-pro-72-gratuito\/","url":"https:\/\/whitesoundibiza.com\/es\/producto\/par-pro-72-gratuito\/","name":"Alquiler Gratis Par Pro 72 Ibiza | White Sound Ibiza","isPartOf":{"@id":"https:\/\/whitesoundibiza.com\/es\/#website"},"primaryImageOfPage":{"@id":"https:\/\/whitesoundibiza.com\/es\/producto\/par-pro-72-gratuito\/#primaryimage"},"image":{"@id":"https:\/\/whitesoundibiza.com\/es\/producto\/par-pro-72-gratuito\/#primaryimage"},"thumbnailUrl":"https:\/\/whitesoundibiza.com\/wp-content\/uploads\/2025\/01\/freepar.jpg","datePublished":"2025-01-31T16:02:45+00:00","dateModified":"2025-08-09T15:42:05+00:00","description":"Alquila el Free Par Pro 72 en Ibiza con White Sound Ibiza. LEDs RGBW 6\u00d712W de bajo consumo, clasificaci\u00f3n IP65, opci\u00f3n DMX inal\u00e1mbrica y m\u00faltiples \u00e1ngulos de haz. \u00a1Reserva ahora!","breadcrumb":{"@id":"https:\/\/whitesoundibiza.com\/es\/producto\/par-pro-72-gratuito\/#breadcrumb"},"inLanguage":"es","potentialAction":[{"@type":"ReadAction","target":["https:\/\/whitesoundibiza.com\/es\/producto\/par-pro-72-gratuito\/"]}]},{"@type":"ImageObject","inLanguage":"es","@id":"https:\/\/whitesoundibiza.com\/es\/producto\/par-pro-72-gratuito\/#primaryimage","url":"https:\/\/whitesoundibiza.com\/wp-content\/uploads\/2025\/01\/freepar.jpg","contentUrl":"https:\/\/whitesoundibiza.com\/wp-content\/uploads\/2025\/01\/freepar.jpg","width":800,"height":800,"caption":"Par can gratuito Par Pro 72 LED con seis LED RGBW de 12 W, soporte en U y conectores DMX"},{"@type":"BreadcrumbList","@id":"https:\/\/whitesoundibiza.com\/es\/producto\/par-pro-72-gratuito\/#breadcrumb","itemListElement":[{"@type":"ListItem","position":1,"name":"Portada","item":"https:\/\/whitesoundibiza.com\/es\/"},{"@type":"ListItem","position":2,"name":"Tienda","item":"https:\/\/whitesoundibiza.com\/es\/tienda\/"},{"@type":"ListItem","position":3,"name":"Par Pro 72 gratuito"}]},{"@type":"WebSite","@id":"https:\/\/whitesoundibiza.com\/es\/#website","url":"https:\/\/whitesoundibiza.com\/es\/","name":"White Sound Ibiza","description":"Rent Speakers in Ibiza","publisher":{"@id":"https:\/\/whitesoundibiza.com\/es\/#organization"},"potentialAction":[{"@type":"SearchAction","target":{"@type":"EntryPoint","urlTemplate":"https:\/\/whitesoundibiza.com\/es\/?s={search_term_string}"},"query-input":{"@type":"PropertyValueSpecification","valueRequired":true,"valueName":"search_term_string"}}],"inLanguage":"es"},{"@type":"Organization","@id":"https:\/\/whitesoundibiza.com\/es\/#organization","name":"White Sound Ibiza","url":"https:\/\/whitesoundibiza.com\/es\/","logo":{"@type":"ImageObject","inLanguage":"es","@id":"https:\/\/whitesoundibiza.com\/es\/#\/schema\/logo\/image\/","url":"https:\/\/whitesoundibiza.com\/wp-content\/uploads\/2025\/05\/ws_logo.jpg","contentUrl":"https:\/\/whitesoundibiza.com\/wp-content\/uploads\/2025\/05\/ws_logo.jpg","width":800,"height":235,"caption":"White Sound Ibiza"},"image":{"@id":"https:\/\/whitesoundibiza.com\/es\/#\/schema\/logo\/image\/"}}]}},"_links":{"self":[{"href":"https:\/\/whitesoundibiza.com\/es\/wp-json\/wp\/v2\/product\/49263","targetHints":{"allow":["GET"]}}],"collection":[{"href":"https:\/\/whitesoundibiza.com\/es\/wp-json\/wp\/v2\/product"}],"about":[{"href":"https:\/\/whitesoundibiza.com\/es\/wp-json\/wp\/v2\/types\/product"}],"wp:featuredmedia":[{"embeddable":true,"href":"https:\/\/whitesoundibiza.com\/es\/wp-json\/wp\/v2\/media\/48052"}],"wp:attachment":[{"href":"https:\/\/whitesoundibiza.com\/es\/wp-json\/wp\/v2\/media?parent=49263"}],"wp:term":[{"taxonomy":"product_brand","embeddable":true,"href":"https:\/\/whitesoundibiza.com\/es\/wp-json\/wp\/v2\/product_brand?post=49263"},{"taxonomy":"product_cat","embeddable":true,"href":"https:\/\/whitesoundibiza.com\/es\/wp-json\/wp\/v2\/product_cat?post=49263"},{"taxonomy":"product_tag","embeddable":true,"href":"https:\/\/whitesoundibiza.com\/es\/wp-json\/wp\/v2\/product_tag?post=49263"}],"curies":[{"name":"wp","href":"https:\/\/api.w.org\/{rel}","templated":true}]}}