{"id":49262,"date":"2025-01-31T16:02:16","date_gmt":"2025-01-31T16:02:16","guid":{"rendered":"https:\/\/whitesoundibiza.com\/producto\/soundboks-g3\/"},"modified":"2025-08-09T15:41:28","modified_gmt":"2025-08-09T15:41:28","slug":"soundboks-g3","status":"publish","type":"product","link":"https:\/\/whitesoundibiza.com\/es\/producto\/soundboks-g3\/","title":{"rendered":"Soundboks G3"},"content":{"rendered":"<p class=\"\" data-start=\"630\" data-end=\"975\">Alquila el <strong data-start=\"660\" data-end=\"685\">Soundboks G3 en Ibiza<\/strong> de White Sound Ibiza para potenciar tus eventos con un audio atronador y una fiabilidad s\u00f3lida como una roca. Este altavoz port\u00e1til de tercera generaci\u00f3n emite hasta <strong data-start=\"836\" data-end=\"846\">122 dB<\/strong> de sonido claro y potente. Adem\u00e1s, sus preajustes DSP personalizados te permiten marcar el ecualizador perfecto para cualquier estilo de m\u00fasica o tama\u00f1o de local.  <\/p>\n<h3 class=\"\" data-start=\"979\" data-end=\"1005\">Bater\u00eda de larga duraci\u00f3n<\/h3>\n<p class=\"\" data-start=\"1008\" data-end=\"1277\">El G3 incorpora una bater\u00eda de iones de litio de alta capacidad que proporciona hasta <strong data-start=\"1080\" data-end=\"1092\">40 horas<\/strong> de reproducci\u00f3n continua. Adem\u00e1s, puedes cambiar las pilas en caliente en cuesti\u00f3n de segundos si necesitas que la fiesta contin\u00fae toda la noche. Por lo tanto, nunca perder\u00e1s el ritmo debido a una c\u00e9lula de energ\u00eda agotada.  <\/p>\n<h3 class=\"\" data-start=\"1281\" data-end=\"1306\">Enlace inal\u00e1mbrico para fiestas<\/h3>\n<p class=\"\" data-start=\"1309\" data-end=\"1589\">Con Bluetooth integrado y <strong data-start=\"1337\" data-end=\"1360\">Wireless Party Link<\/strong>, puedes sincronizar hasta <strong data-start=\"1381\" data-end=\"1388\">100<\/strong> unidades G3 simult\u00e1neamente. De este modo, puedes crear un vasto paisaje sonoro envolvente en varias zonas o escenarios. Esta caracter\u00edstica hace que el G3 sea perfecto para grandes reuniones en la playa y festivales de varias zonas.  <\/p>\n<h3 class=\"\" data-start=\"1593\" data-end=\"1620\">Robusto y resistente a la intemperie<\/h3>\n<p class=\"\" data-start=\"1623\" data-end=\"1891\">Dise\u00f1ado con una carcasa <strong data-start=\"1642\" data-end=\"1650\">con clasificaci\u00f3n IP65<\/strong>, el G3 resiste la lluvia, el polvo y las salpicaduras. Adem\u00e1s, la rejilla de acero reforzado y el armaz\u00f3n resistente a los golpes soportan golpes y ca\u00eddas durante el transporte. Como resultado, est\u00e1 preparado para playas, barcos y lugares al aire libre.  <\/p>\n<h3 class=\"\" data-start=\"1895\" data-end=\"1923\">F\u00e1cil transporte y montaje<\/h3>\n<p class=\"\" data-start=\"1926\" data-end=\"2176\">A pesar de su potencia, el G3 pesa s\u00f3lo <strong data-start=\"1964\" data-end=\"1974\">6,8 kg<\/strong> e incluye un asa de transporte ergon\u00f3mica. Adem\u00e1s, la toma de montaje r\u00e1pido en poste te permite elevar el altavoz para mejorar la cobertura. As\u00ed, conseguir\u00e1s una configuraci\u00f3n perfecta en menos de un minuto.  <\/p>\n<h3 class=\"\" data-start=\"2180\" data-end=\"2214\">Aplicaciones vers\u00e1tiles para eventos<\/h3>\n<p class=\"\" data-start=\"2217\" data-end=\"2489\">Tanto si organizas una fiesta en un barco, una celebraci\u00f3n en una villa o un evento corporativo, el G3 se adapta. Su sonido equilibrado se traduce igual de bien en EDM, bandas en directo y presentaciones habladas. Por lo tanto, es la elecci\u00f3n preferida de DJs, organizadores de eventos y creadores de contenidos por igual.  <\/p>\n<h3 class=\"\" data-start=\"2493\" data-end=\"2524\">Servicios de alquiler y asistencia<\/h3>\n<p class=\"\" data-start=\"2527\" data-end=\"2815\">White Sound Ibiza proporciona entrega, instalaci\u00f3n y asistencia t\u00e9cnica in situ con cada alquiler de Soundboks G3. Adem\u00e1s, nuestro equipo ofrece gesti\u00f3n de la bater\u00eda y resoluci\u00f3n de problemas para garantizar una reproducci\u00f3n ininterrumpida. En consecuencia, t\u00fa te centras en tu evento mientras nosotros nos encargamos de la log\u00edstica de audio.  <\/p>\n<p class=\"\" data-start=\"2819\" data-end=\"3039\">Alquila hoy mismo el <strong data-start=\"2828\" data-end=\"2853\">Soundboks G3 en Ibiza<\/strong> con White Sound Ibiza. Con su salida atronadora, bater\u00eda de larga duraci\u00f3n y dise\u00f1o resistente a la intemperie, garantiza una experiencia de sonido inolvidable. \u00a1Reserva ahora y eleva tu pr\u00f3ximo evento!  <\/p>\n<p data-start=\"3111\" data-end=\"3332\">Encuentra m\u00e1s opciones <a href=\"https:\/\/whitesoundibiza.com\/es\/sistema-de-sonido\/\">aqu\u00ed<\/a>.<\/p>\n<p data-start=\"3111\" data-end=\"3332\"><style id=\"wpforms-css-vars-1077\">\n\t\t\t\t#wpforms-1077 {\n\t\t\t\t\n\t\t\t}\n\t\t\t<\/style><div class=\"wpforms-container wpforms-container-full wpforms-render-modern\" id=\"wpforms-1077\"><form id=\"wpforms-form-1077\" class=\"wpforms-validate wpforms-form wpforms-ajax-form\" data-formid=\"1077\" method=\"post\" enctype=\"multipart\/form-data\" action=\"\/es\/wp-json\/wp\/v2\/product\/49262\" data-token=\"070866a9a893a8b5a47905587eaac02b\" data-token-time=\"1775400005\"><noscript class=\"wpforms-error-noscript\">Por favor, activa JavaScript en tu navegador para completar este formulario.<\/noscript><div id=\"wpforms-error-noscript\" style=\"display: none;\">Por favor, activa JavaScript en tu navegador para completar este formulario.<\/div><div class=\"wpforms-field-container\"><div id=\"wpforms-1077-field_0-container\" class=\"wpforms-field wpforms-field-name\" data-field-id=\"0\"><fieldset><legend class=\"wpforms-field-label\">Nombre <span class=\"wpforms-required-label\" aria-hidden=\"true\">*<\/span><\/legend><div class=\"wpforms-field-row wpforms-field-medium\"><div class=\"wpforms-field-row-block wpforms-first wpforms-one-half\"><input type=\"text\" id=\"wpforms-1077-field_0\" class=\"wpforms-field-name-first wpforms-field-required\" name=\"wpforms[fields][0][first]\" placeholder=\"Nombre\" aria-errormessage=\"wpforms-1077-field_0-error\" required><label for=\"wpforms-1077-field_0\" class=\"wpforms-field-sublabel after wpforms-sublabel-hide\">Nombre<\/label><\/div><div class=\"wpforms-field-row-block wpforms-one-half\"><input type=\"text\" id=\"wpforms-1077-field_0-last\" class=\"wpforms-field-name-last wpforms-field-required\" name=\"wpforms[fields][0][last]\" placeholder=\"Apellidos\" aria-errormessage=\"wpforms-1077-field_0-last-error\" required><label for=\"wpforms-1077-field_0-last\" class=\"wpforms-field-sublabel after wpforms-sublabel-hide\">Apellidos<\/label><\/div><\/div><\/fieldset><\/div><div id=\"wpforms-1077-field_7-container\" class=\"wpforms-field wpforms-field-layout\" data-field-id=\"7\"><div class=\"wpforms-field-layout-columns wpforms-field-layout-preset-50-50\"><div class=\"wpforms-layout-column wpforms-layout-column-50\" ><div id=\"wpforms-1077-field_1-container\" class=\"wpforms-field wpforms-field-email\" data-field-id=\"1\"><label class=\"wpforms-field-label\" for=\"wpforms-1077-field_1\">Env\u00eda un correo electr\u00f3nico a <span class=\"wpforms-required-label\" aria-hidden=\"true\">*<\/span><\/label><input type=\"email\" id=\"wpforms-1077-field_1\" class=\"wpforms-field-medium wpforms-field-required\" name=\"wpforms[fields][1]\" spellcheck=\"false\" aria-errormessage=\"wpforms-1077-field_1-error\" required><\/div><\/div><div class=\"wpforms-layout-column wpforms-layout-column-50\" ><div id=\"wpforms-1077-field_8-container\" class=\"wpforms-field wpforms-field-phone\" data-field-id=\"8\"><label class=\"wpforms-field-label\" for=\"wpforms-1077-field_8\">N\u00famero de tel\u00e9fono <span class=\"wpforms-required-label\" aria-hidden=\"true\">*<\/span><\/label><input type=\"tel\" id=\"wpforms-1077-field_8\" class=\"wpforms-field-medium wpforms-field-required wpforms-smart-phone-field\" data-rule-smart-phone-field=\"true\" name=\"wpforms[fields][8]\" aria-label=\"N\u00famero de tel\u00e9fono\" aria-errormessage=\"wpforms-1077-field_8-error\" required><\/div><\/div><\/div><\/div>\t\t<div id=\"wpforms-1077-field_3-container\"\n\t\t\tclass=\"wpforms-field wpforms-field-text\"\n\t\t\tdata-field-type=\"text\"\n\t\t\tdata-field-id=\"3\"\n\t\t\t>\n\t\t\t<label class=\"wpforms-field-label\" for=\"wpforms-1077-field_3\" >a Desde tel\u00e9fono<\/label>\n\t\t\t<input type=\"text\" id=\"wpforms-1077-field_3\" class=\"wpforms-field-medium\" name=\"wpforms[fields][3]\" >\n\t\t<\/div>\n\t\t<div id=\"wpforms-1077-field_10-container\" class=\"wpforms-field wpforms-field-layout\" data-field-id=\"10\"><div class=\"wpforms-field-layout-columns wpforms-field-layout-preset-50-50\"><div class=\"wpforms-layout-column wpforms-layout-column-50\" ><div id=\"wpforms-1077-field_4-container\" class=\"wpforms-field wpforms-field-date-time\" data-field-id=\"4\"><label class=\"wpforms-field-label\" for=\"wpforms-1077-field_4\">Desde<\/label><div class=\"wpforms-datepicker-wrap\"><input type=\"text\" id=\"wpforms-1077-field_4\" class=\"wpforms-field-date-time-date wpforms-datepicker wpforms-field-small\" data-date-format=\"m\/d\/Y\" data-disable-past-dates=\"0\" data-input=\"true\" name=\"wpforms[fields][4][date]\" aria-errormessage=\"wpforms-1077-field_4-error\" ><a title=\"Borrar fecha\" data-clear role=\"button\" tabindex=\"0\" class=\"wpforms-datepicker-clear\" aria-label=\"Borrar fecha\" style=\"display:none;\"><\/a><\/div><\/div><\/div><div class=\"wpforms-layout-column wpforms-layout-column-50\" ><div id=\"wpforms-1077-field_9-container\" class=\"wpforms-field wpforms-field-date-time\" data-field-id=\"9\"><label class=\"wpforms-field-label\" for=\"wpforms-1077-field_9\">Hasta<\/label><div class=\"wpforms-datepicker-wrap\"><input type=\"text\" id=\"wpforms-1077-field_9\" class=\"wpforms-field-date-time-date wpforms-datepicker wpforms-field-small\" data-date-format=\"m\/d\/Y\" data-disable-past-dates=\"0\" data-input=\"true\" name=\"wpforms[fields][9][date]\" aria-errormessage=\"wpforms-1077-field_9-error\" ><a title=\"Borrar fecha\" data-clear role=\"button\" tabindex=\"0\" class=\"wpforms-datepicker-clear\" aria-label=\"Borrar fecha\" style=\"display:none;\"><\/a><\/div><\/div><\/div><\/div><\/div><div id=\"wpforms-1077-field_2-container\" class=\"wpforms-field wpforms-field-textarea\" data-field-id=\"2\"><label class=\"wpforms-field-label\" for=\"wpforms-1077-field_2\">Mensaje<\/label><textarea id=\"wpforms-1077-field_2\" class=\"wpforms-field-medium\" name=\"wpforms[fields][2]\" placeholder=\"\u00bfC\u00f3mo podemos ayudarte?\" aria-errormessage=\"wpforms-1077-field_2-error\" ><\/textarea><\/div><script>\n\t\t\t\t( function() {\n\t\t\t\t\tconst style = document.createElement( 'style' );\n\t\t\t\t\tstyle.appendChild( document.createTextNode( '#wpforms-1077-field_3-container { position: absolute !important; overflow: hidden !important; display: inline !important; height: 1px !important; width: 1px !important; z-index: -1000 !important; padding: 0 !important; } #wpforms-1077-field_3-container input { visibility: hidden; } #wpforms-conversational-form-page #wpforms-1077-field_3-container label { counter-increment: none; }' ) );\n\t\t\t\t\tdocument.head.appendChild( style );\n\t\t\t\t\tdocument.currentScript?.remove();\n\t\t\t\t} )();\n\t\t\t<\/script><\/div><!-- .wpforms-field-container --><div class=\"wpforms-recaptcha-container wpforms-is-recaptcha wpforms-is-recaptcha-type-v2\" ><div class=\"g-recaptcha\" data-sitekey=\"6LeS7gEkAAAAAO-EsXRwxTakHs6Q_9Z0rQYHkIS5\"><\/div><input type=\"text\" name=\"g-recaptcha-hidden\" class=\"wpforms-recaptcha-hidden\" style=\"position:absolute!important;clip:rect(0,0,0,0)!important;height:1px!important;width:1px!important;border:0!important;overflow:hidden!important;padding:0!important;margin:0!important;\" data-rule-recaptcha=\"1\"><\/div><div class=\"wpforms-submit-container\" ><input type=\"hidden\" name=\"wpforms[id]\" value=\"1077\"><input type=\"hidden\" name=\"page_title\" value=\"\"><input type=\"hidden\" name=\"page_url\" value=\"https:\/\/whitesoundibiza.com\/es\/wp-json\/wp\/v2\/product\/49262\"><input type=\"hidden\" name=\"url_referer\" value=\"\"><button type=\"submit\" name=\"wpforms[submit]\" id=\"wpforms-submit-1077\" class=\"wpforms-submit\" data-alt-text=\"Enviando...\" data-submit-text=\"Env\u00eda\" aria-live=\"assertive\" value=\"wpforms-submit\">Env\u00eda<\/button><img decoding=\"async\" src=\"https:\/\/whitesoundibiza.com\/wp-content\/plugins\/wpforms\/assets\/images\/submit-spin.svg\" class=\"wpforms-submit-spinner\" style=\"display: none;\" width=\"26\" height=\"26\" alt=\"Cargando\"><\/div><\/form><\/div>  <!-- .wpforms-container --><\/p>\n","protected":false},"excerpt":{"rendered":"<p>Un altavoz Bluetooth port\u00e1til de alta potencia con 122 dB de presi\u00f3n sonora m\u00e1xima, hasta 40 horas de duraci\u00f3n de la bater\u00eda, enlace inal\u00e1mbrico para fiestas y resistencia a la intemperie IP65, ideal para eventos al aire libre.<\/p>\n","protected":false},"featured_media":47991,"template":"","meta":{"_joinchat":[]},"product_brand":[],"product_cat":[183],"product_tag":[],"class_list":{"0":"post-49262","1":"product","2":"type-product","3":"status-publish","4":"has-post-thumbnail","6":"product_cat-altavoces","8":"first","9":"instock","10":"taxable","11":"shipping-taxable","12":"purchasable","13":"product-type-rentable"},"yoast_head":"<!-- This site is optimized with the Yoast SEO plugin v27.3 - https:\/\/yoast.com\/product\/yoast-seo-wordpress\/ -->\n<title>Alquilar Soundboks G3 Ibiza | White Sound Ibiza<\/title>\n<meta name=\"description\" content=\"Alquila el altavoz port\u00e1til Soundboks G3 en Ibiza con White Sound Ibiza. Potencia de 122 dB, bater\u00eda de hasta 40 horas, conexi\u00f3n inal\u00e1mbrica para fiestas y resistencia a la intemperie IP65. \u00a1Reserva ahora!\" \/>\n<meta name=\"robots\" content=\"index, follow, max-snippet:-1, max-image-preview:large, max-video-preview:-1\" \/>\n<link rel=\"canonical\" href=\"https:\/\/whitesoundibiza.com\/es\/producto\/soundboks-g3\/\" \/>\n<meta property=\"og:locale\" content=\"es_ES\" \/>\n<meta property=\"og:type\" content=\"article\" \/>\n<meta property=\"og:title\" content=\"Alquilar Soundboks G3 Ibiza | White Sound Ibiza\" \/>\n<meta property=\"og:description\" content=\"Alquila el altavoz port\u00e1til Soundboks G3 en Ibiza con White Sound Ibiza. Potencia de 122 dB, bater\u00eda de hasta 40 horas, conexi\u00f3n inal\u00e1mbrica para fiestas y resistencia a la intemperie IP65. \u00a1Reserva ahora!\" \/>\n<meta property=\"og:url\" content=\"https:\/\/whitesoundibiza.com\/es\/producto\/soundboks-g3\/\" \/>\n<meta property=\"og:site_name\" content=\"White Sound Ibiza - Delivering Fun\" \/>\n<meta property=\"article:modified_time\" content=\"2025-08-09T15:41:28+00:00\" \/>\n<meta property=\"og:image\" content=\"https:\/\/whitesoundibiza.com\/wp-content\/uploads\/2025\/01\/soundbo.png\" \/>\n\t<meta property=\"og:image:width\" content=\"500\" \/>\n\t<meta property=\"og:image:height\" content=\"500\" \/>\n\t<meta property=\"og:image:type\" content=\"image\/png\" \/>\n<meta name=\"twitter:card\" content=\"summary_large_image\" \/>\n<meta name=\"twitter:label1\" content=\"Tiempo de lectura\" \/>\n\t<meta name=\"twitter:data1\" content=\"2 minutos\" \/>\n<script type=\"application\/ld+json\" class=\"yoast-schema-graph\">{\"@context\":\"https:\\\/\\\/schema.org\",\"@graph\":[{\"@type\":\"WebPage\",\"@id\":\"https:\\\/\\\/whitesoundibiza.com\\\/es\\\/producto\\\/soundboks-g3\\\/\",\"url\":\"https:\\\/\\\/whitesoundibiza.com\\\/es\\\/producto\\\/soundboks-g3\\\/\",\"name\":\"Alquilar Soundboks G3 Ibiza | White Sound Ibiza\",\"isPartOf\":{\"@id\":\"https:\\\/\\\/whitesoundibiza.com\\\/es\\\/#website\"},\"primaryImageOfPage\":{\"@id\":\"https:\\\/\\\/whitesoundibiza.com\\\/es\\\/producto\\\/soundboks-g3\\\/#primaryimage\"},\"image\":{\"@id\":\"https:\\\/\\\/whitesoundibiza.com\\\/es\\\/producto\\\/soundboks-g3\\\/#primaryimage\"},\"thumbnailUrl\":\"https:\\\/\\\/whitesoundibiza.com\\\/wp-content\\\/uploads\\\/2025\\\/01\\\/soundbo.png\",\"datePublished\":\"2025-01-31T16:02:16+00:00\",\"dateModified\":\"2025-08-09T15:41:28+00:00\",\"description\":\"Alquila el altavoz port\u00e1til Soundboks G3 en Ibiza con White Sound Ibiza. Potencia de 122 dB, bater\u00eda de hasta 40 horas, conexi\u00f3n inal\u00e1mbrica para fiestas y resistencia a la intemperie IP65. \u00a1Reserva ahora!\",\"breadcrumb\":{\"@id\":\"https:\\\/\\\/whitesoundibiza.com\\\/es\\\/producto\\\/soundboks-g3\\\/#breadcrumb\"},\"inLanguage\":\"es\",\"potentialAction\":[{\"@type\":\"ReadAction\",\"target\":[\"https:\\\/\\\/whitesoundibiza.com\\\/es\\\/producto\\\/soundboks-g3\\\/\"]}]},{\"@type\":\"ImageObject\",\"inLanguage\":\"es\",\"@id\":\"https:\\\/\\\/whitesoundibiza.com\\\/es\\\/producto\\\/soundboks-g3\\\/#primaryimage\",\"url\":\"https:\\\/\\\/whitesoundibiza.com\\\/wp-content\\\/uploads\\\/2025\\\/01\\\/soundbo.png\",\"contentUrl\":\"https:\\\/\\\/whitesoundibiza.com\\\/wp-content\\\/uploads\\\/2025\\\/01\\\/soundbo.png\",\"width\":500,\"height\":500,\"caption\":\"Altavoz Bluetooth port\u00e1til Soundboks G3 disponible para alquilar en Ibiza en White Sound Ibiza\"},{\"@type\":\"BreadcrumbList\",\"@id\":\"https:\\\/\\\/whitesoundibiza.com\\\/es\\\/producto\\\/soundboks-g3\\\/#breadcrumb\",\"itemListElement\":[{\"@type\":\"ListItem\",\"position\":1,\"name\":\"Portada\",\"item\":\"https:\\\/\\\/whitesoundibiza.com\\\/es\\\/\"},{\"@type\":\"ListItem\",\"position\":2,\"name\":\"Tienda\",\"item\":\"https:\\\/\\\/whitesoundibiza.com\\\/es\\\/tienda\\\/\"},{\"@type\":\"ListItem\",\"position\":3,\"name\":\"Soundboks G3\"}]},{\"@type\":\"WebSite\",\"@id\":\"https:\\\/\\\/whitesoundibiza.com\\\/es\\\/#website\",\"url\":\"https:\\\/\\\/whitesoundibiza.com\\\/es\\\/\",\"name\":\"White Sound Ibiza\",\"description\":\"Rent Speakers in Ibiza\",\"publisher\":{\"@id\":\"https:\\\/\\\/whitesoundibiza.com\\\/es\\\/#organization\"},\"potentialAction\":[{\"@type\":\"SearchAction\",\"target\":{\"@type\":\"EntryPoint\",\"urlTemplate\":\"https:\\\/\\\/whitesoundibiza.com\\\/es\\\/?s={search_term_string}\"},\"query-input\":{\"@type\":\"PropertyValueSpecification\",\"valueRequired\":true,\"valueName\":\"search_term_string\"}}],\"inLanguage\":\"es\"},{\"@type\":\"Organization\",\"@id\":\"https:\\\/\\\/whitesoundibiza.com\\\/es\\\/#organization\",\"name\":\"White Sound Ibiza\",\"url\":\"https:\\\/\\\/whitesoundibiza.com\\\/es\\\/\",\"logo\":{\"@type\":\"ImageObject\",\"inLanguage\":\"es\",\"@id\":\"https:\\\/\\\/whitesoundibiza.com\\\/es\\\/#\\\/schema\\\/logo\\\/image\\\/\",\"url\":\"https:\\\/\\\/whitesoundibiza.com\\\/wp-content\\\/uploads\\\/2025\\\/05\\\/ws_logo.jpg\",\"contentUrl\":\"https:\\\/\\\/whitesoundibiza.com\\\/wp-content\\\/uploads\\\/2025\\\/05\\\/ws_logo.jpg\",\"width\":800,\"height\":235,\"caption\":\"White Sound Ibiza\"},\"image\":{\"@id\":\"https:\\\/\\\/whitesoundibiza.com\\\/es\\\/#\\\/schema\\\/logo\\\/image\\\/\"}}]}<\/script>\n<!-- \/ Yoast SEO plugin. -->","yoast_head_json":{"title":"Alquilar Soundboks G3 Ibiza | White Sound Ibiza","description":"Alquila el altavoz port\u00e1til Soundboks G3 en Ibiza con White Sound Ibiza. Potencia de 122 dB, bater\u00eda de hasta 40 horas, conexi\u00f3n inal\u00e1mbrica para fiestas y resistencia a la intemperie IP65. \u00a1Reserva ahora!","robots":{"index":"index","follow":"follow","max-snippet":"max-snippet:-1","max-image-preview":"max-image-preview:large","max-video-preview":"max-video-preview:-1"},"canonical":"https:\/\/whitesoundibiza.com\/es\/producto\/soundboks-g3\/","og_locale":"es_ES","og_type":"article","og_title":"Alquilar Soundboks G3 Ibiza | White Sound Ibiza","og_description":"Alquila el altavoz port\u00e1til Soundboks G3 en Ibiza con White Sound Ibiza. Potencia de 122 dB, bater\u00eda de hasta 40 horas, conexi\u00f3n inal\u00e1mbrica para fiestas y resistencia a la intemperie IP65. \u00a1Reserva ahora!","og_url":"https:\/\/whitesoundibiza.com\/es\/producto\/soundboks-g3\/","og_site_name":"White Sound Ibiza - Delivering Fun","article_modified_time":"2025-08-09T15:41:28+00:00","og_image":[{"width":500,"height":500,"url":"https:\/\/whitesoundibiza.com\/wp-content\/uploads\/2025\/01\/soundbo.png","type":"image\/png"}],"twitter_card":"summary_large_image","twitter_misc":{"Tiempo de lectura":"2 minutos"},"schema":{"@context":"https:\/\/schema.org","@graph":[{"@type":"WebPage","@id":"https:\/\/whitesoundibiza.com\/es\/producto\/soundboks-g3\/","url":"https:\/\/whitesoundibiza.com\/es\/producto\/soundboks-g3\/","name":"Alquilar Soundboks G3 Ibiza | White Sound Ibiza","isPartOf":{"@id":"https:\/\/whitesoundibiza.com\/es\/#website"},"primaryImageOfPage":{"@id":"https:\/\/whitesoundibiza.com\/es\/producto\/soundboks-g3\/#primaryimage"},"image":{"@id":"https:\/\/whitesoundibiza.com\/es\/producto\/soundboks-g3\/#primaryimage"},"thumbnailUrl":"https:\/\/whitesoundibiza.com\/wp-content\/uploads\/2025\/01\/soundbo.png","datePublished":"2025-01-31T16:02:16+00:00","dateModified":"2025-08-09T15:41:28+00:00","description":"Alquila el altavoz port\u00e1til Soundboks G3 en Ibiza con White Sound Ibiza. Potencia de 122 dB, bater\u00eda de hasta 40 horas, conexi\u00f3n inal\u00e1mbrica para fiestas y resistencia a la intemperie IP65. \u00a1Reserva ahora!","breadcrumb":{"@id":"https:\/\/whitesoundibiza.com\/es\/producto\/soundboks-g3\/#breadcrumb"},"inLanguage":"es","potentialAction":[{"@type":"ReadAction","target":["https:\/\/whitesoundibiza.com\/es\/producto\/soundboks-g3\/"]}]},{"@type":"ImageObject","inLanguage":"es","@id":"https:\/\/whitesoundibiza.com\/es\/producto\/soundboks-g3\/#primaryimage","url":"https:\/\/whitesoundibiza.com\/wp-content\/uploads\/2025\/01\/soundbo.png","contentUrl":"https:\/\/whitesoundibiza.com\/wp-content\/uploads\/2025\/01\/soundbo.png","width":500,"height":500,"caption":"Altavoz Bluetooth port\u00e1til Soundboks G3 disponible para alquilar en Ibiza en White Sound Ibiza"},{"@type":"BreadcrumbList","@id":"https:\/\/whitesoundibiza.com\/es\/producto\/soundboks-g3\/#breadcrumb","itemListElement":[{"@type":"ListItem","position":1,"name":"Portada","item":"https:\/\/whitesoundibiza.com\/es\/"},{"@type":"ListItem","position":2,"name":"Tienda","item":"https:\/\/whitesoundibiza.com\/es\/tienda\/"},{"@type":"ListItem","position":3,"name":"Soundboks G3"}]},{"@type":"WebSite","@id":"https:\/\/whitesoundibiza.com\/es\/#website","url":"https:\/\/whitesoundibiza.com\/es\/","name":"White Sound Ibiza","description":"Rent Speakers in Ibiza","publisher":{"@id":"https:\/\/whitesoundibiza.com\/es\/#organization"},"potentialAction":[{"@type":"SearchAction","target":{"@type":"EntryPoint","urlTemplate":"https:\/\/whitesoundibiza.com\/es\/?s={search_term_string}"},"query-input":{"@type":"PropertyValueSpecification","valueRequired":true,"valueName":"search_term_string"}}],"inLanguage":"es"},{"@type":"Organization","@id":"https:\/\/whitesoundibiza.com\/es\/#organization","name":"White Sound Ibiza","url":"https:\/\/whitesoundibiza.com\/es\/","logo":{"@type":"ImageObject","inLanguage":"es","@id":"https:\/\/whitesoundibiza.com\/es\/#\/schema\/logo\/image\/","url":"https:\/\/whitesoundibiza.com\/wp-content\/uploads\/2025\/05\/ws_logo.jpg","contentUrl":"https:\/\/whitesoundibiza.com\/wp-content\/uploads\/2025\/05\/ws_logo.jpg","width":800,"height":235,"caption":"White Sound Ibiza"},"image":{"@id":"https:\/\/whitesoundibiza.com\/es\/#\/schema\/logo\/image\/"}}]}},"_links":{"self":[{"href":"https:\/\/whitesoundibiza.com\/es\/wp-json\/wp\/v2\/product\/49262","targetHints":{"allow":["GET"]}}],"collection":[{"href":"https:\/\/whitesoundibiza.com\/es\/wp-json\/wp\/v2\/product"}],"about":[{"href":"https:\/\/whitesoundibiza.com\/es\/wp-json\/wp\/v2\/types\/product"}],"wp:featuredmedia":[{"embeddable":true,"href":"https:\/\/whitesoundibiza.com\/es\/wp-json\/wp\/v2\/media\/47991"}],"wp:attachment":[{"href":"https:\/\/whitesoundibiza.com\/es\/wp-json\/wp\/v2\/media?parent=49262"}],"wp:term":[{"taxonomy":"product_brand","embeddable":true,"href":"https:\/\/whitesoundibiza.com\/es\/wp-json\/wp\/v2\/product_brand?post=49262"},{"taxonomy":"product_cat","embeddable":true,"href":"https:\/\/whitesoundibiza.com\/es\/wp-json\/wp\/v2\/product_cat?post=49262"},{"taxonomy":"product_tag","embeddable":true,"href":"https:\/\/whitesoundibiza.com\/es\/wp-json\/wp\/v2\/product_tag?post=49262"}],"curies":[{"name":"wp","href":"https:\/\/api.w.org\/{rel}","templated":true}]}}