{"id":49254,"date":"2024-11-26T15:37:46","date_gmt":"2024-11-26T15:37:46","guid":{"rendered":"https:\/\/whitesoundibiza.com\/producto\/soporte-rmx-udg\/"},"modified":"2025-08-09T15:41:23","modified_gmt":"2025-08-09T15:41:23","slug":"soporte-rmx-udg","status":"publish","type":"product","link":"https:\/\/whitesoundibiza.com\/es\/producto\/soporte-rmx-udg\/","title":{"rendered":"Soporte RMX &#8211; UDG"},"content":{"rendered":"<p class=\"\" data-start=\"665\" data-end=\"961\">Alquila el <strong data-start=\"695\" data-end=\"721\">Soporte UDG RMX en Ibiza<\/strong> de White Sound Ibiza para asegurar tu estaci\u00f3n de remezcla o controlador a la altura y en el \u00e1ngulo perfectos. Este soporte ofrece estabilidad y flexibilidad en cualquier escenario, tanto si act\u00faas en una discoteca abarrotada como en la plataforma de un festival al aire libre. <\/p>\n<p class=\"\" data-start=\"965\" data-end=\"1318\"><strong data-start=\"965\" data-end=\"988\" data-is-only-node=\"\">Construcci\u00f3n robusta<\/strong><br data-start=\"988\" data-end=\"991\">Fabricado en acero de alta resistencia con juntas reforzadas, el soporte UDG RMX garantiza un apoyo fiable para tu equipo. En consecuencia, puedes centrarte en tu actuaci\u00f3n sin preocuparte por el tambaleo o la inclinaci\u00f3n. Adem\u00e1s, el acabado con recubrimiento de polvo resiste los ara\u00f1azos y la corrosi\u00f3n, por lo que es ideal tanto para uso en interiores como en exteriores.  <\/p>\n<p class=\"\" data-start=\"1322\" data-end=\"1680\"><strong data-start=\"1322\" data-end=\"1353\" data-is-only-node=\"\">Ajuste de altura sin herramientas<\/strong><br data-start=\"1353\" data-end=\"1356\">Puedes ajustar la altura del soporte de 65 cm a 115 cm en segundos. S\u00f3lo tienes que desbloquear los pomos giratorios, colocar el m\u00e1stil central y volver a bloquear para un ajuste seguro. As\u00ed consigues una comodidad ergon\u00f3mica y una visibilidad \u00f3ptima de tus mandos. Adem\u00e1s, el rango de altura se adapta a DJ de todas las estaturas y estilos de interpretaci\u00f3n.   <\/p>\n<p class=\"\" data-start=\"1684\" data-end=\"2033\"><strong data-start=\"1684\" data-end=\"1708\" data-is-only-node=\"\">Base de tr\u00edpode plegable<\/strong><br data-start=\"1708\" data-end=\"1711\">Las patas anchas del tr\u00edpode se pliegan para un almacenamiento y transporte compactos. Como resultado, los equipos de montaje aprecian el ahorro de espacio en veh\u00edculos y maletas. Adem\u00e1s, las tapas de goma de los extremos de cada pata proporcionan un apoyo antideslizante sobre cualquier superficie. De este modo, el tr\u00edpode se mantiene estable incluso durante actuaciones en\u00e9rgicas.   <\/p>\n<p class=\"\" data-start=\"2037\" data-end=\"2358\"><strong data-start=\"2037\" data-end=\"2064\" data-is-only-node=\"\">Compatibilidad universal<\/strong><br data-start=\"2064\" data-end=\"2067\">Dise\u00f1ado con m\u00faltiples opciones de montaje, este soporte se adapta a la mayor\u00eda de estaciones de remezcla, controladores compactos y unidades de efectos. Puedes fijar tu equipo mediante la abrazadera superior universal de 35 mm o a\u00f1adir una placa de montaje compatible. As\u00ed, mantendr\u00e1s un aspecto limpio y profesional sin necesidad de adaptadores adicionales.  <\/p>\n<p class=\"\" data-start=\"2362\" data-end=\"2687\"><strong data-start=\"2362\" data-end=\"2388\" data-is-only-node=\"\">Montaje y desmontaje r\u00e1pidos<\/strong><br data-start=\"2388\" data-end=\"2391\">Gracias a su dise\u00f1o ligero y a sus intuitivos mecanismos de bloqueo, puedes montar o desmontar el stand en menos de dos minutos. As\u00ed ahorrar\u00e1s un tiempo valioso durante los cambios de evento. Adem\u00e1s, sus compactas dimensiones plegado te permiten guardarlo en bolsas de transporte est\u00e1ndar o en maletas de vuelo a bordo.  <\/p>\n<p class=\"\" data-start=\"2691\" data-end=\"3032\"><strong data-start=\"2691\" data-end=\"2714\" data-is-only-node=\"\">Ideal para cualquier evento<\/strong><br data-start=\"2714\" data-end=\"2717\">Tanto si giras en salones VIP, chiringuitos de playa, galas corporativas o villas privadas, el Soporte UDG RMX se adapta. Su elegante acabado en negro y su perfil discreto se integran perfectamente en la est\u00e9tica de cualquier escenario. Adem\u00e1s, puedes emparejarlo con nuestra gama de estaciones de remezcla -como la RMX-1000 o la DJS-1000- para conseguir una configuraci\u00f3n cohesionada.  <\/p>\n<p class=\"\" data-start=\"3036\" data-end=\"3281\">Alquila el <strong data-start=\"3045\" data-end=\"3071\">Soporte<a href=\"https:\/\/udggear.com\/?srsltid=AfmBOoqtqjS8xnaW5PCvoXMkftp9Ek8YCp5nz-bmpFZvZzuLsqPO8tIt\">UDG<\/a> RMX en Ibiza<\/strong> hoy mismo en White Sound Ibiza. Con su construcci\u00f3n robusta, ajuste sin esfuerzo y compatibilidad universal, es la soluci\u00f3n de soporte definitiva para DJ profesionales. \u00a1Reserva ahora y eleva la configuraci\u00f3n de tu actuaci\u00f3n!  <\/p>\n<p data-start=\"2127\" data-end=\"2418\">Encuentra m\u00e1s opciones <a href=\"https:\/\/whitesoundibiza.com\/es\/categoria-producto\/equipo-de-dj\/\">aqu\u00ed<\/a>.<\/p>\n<p class=\"\" data-start=\"2127\" data-end=\"2418\"><style id=\"wpforms-css-vars-1077\">\n\t\t\t\t#wpforms-1077 {\n\t\t\t\t\n\t\t\t}\n\t\t\t<\/style><div class=\"wpforms-container wpforms-container-full wpforms-render-modern\" id=\"wpforms-1077\"><form id=\"wpforms-form-1077\" class=\"wpforms-validate wpforms-form wpforms-ajax-form\" data-formid=\"1077\" method=\"post\" enctype=\"multipart\/form-data\" action=\"\/es\/wp-json\/wp\/v2\/product\/49254\" data-token=\"94928534a24cdcc111147f7cbd5189fa\" data-token-time=\"1776961301\"><noscript class=\"wpforms-error-noscript\">Por favor, activa JavaScript en tu navegador para completar este formulario.<\/noscript><div id=\"wpforms-error-noscript\" style=\"display: none;\">Por favor, activa JavaScript en tu navegador para completar este formulario.<\/div><div class=\"wpforms-field-container\"><div id=\"wpforms-1077-field_0-container\" class=\"wpforms-field wpforms-field-name\" data-field-id=\"0\"><fieldset><legend class=\"wpforms-field-label\">Nombre <span class=\"wpforms-required-label\" aria-hidden=\"true\">*<\/span><\/legend><div class=\"wpforms-field-row wpforms-field-medium\"><div class=\"wpforms-field-row-block wpforms-first wpforms-one-half\"><input type=\"text\" id=\"wpforms-1077-field_0\" class=\"wpforms-field-name-first wpforms-field-required\" name=\"wpforms[fields][0][first]\" placeholder=\"Nombre\" aria-errormessage=\"wpforms-1077-field_0-error\" required><label for=\"wpforms-1077-field_0\" class=\"wpforms-field-sublabel after wpforms-sublabel-hide\">Nombre<\/label><\/div><div class=\"wpforms-field-row-block wpforms-one-half\"><input type=\"text\" id=\"wpforms-1077-field_0-last\" class=\"wpforms-field-name-last wpforms-field-required\" name=\"wpforms[fields][0][last]\" placeholder=\"Apellidos\" aria-errormessage=\"wpforms-1077-field_0-last-error\" required><label for=\"wpforms-1077-field_0-last\" class=\"wpforms-field-sublabel after wpforms-sublabel-hide\">Apellidos<\/label><\/div><\/div><\/fieldset><\/div>\t\t<div id=\"wpforms-1077-field_3-container\"\n\t\t\tclass=\"wpforms-field wpforms-field-text\"\n\t\t\tdata-field-type=\"text\"\n\t\t\tdata-field-id=\"3\"\n\t\t\t>\n\t\t\t<label class=\"wpforms-field-label\" for=\"wpforms-1077-field_3\" >a correo Desde<\/label>\n\t\t\t<input type=\"text\" id=\"wpforms-1077-field_3\" class=\"wpforms-field-medium\" name=\"wpforms[fields][3]\" >\n\t\t<\/div>\n\t\t<div id=\"wpforms-1077-field_7-container\" class=\"wpforms-field wpforms-field-layout\" data-field-id=\"7\"><div class=\"wpforms-field-layout-columns wpforms-field-layout-preset-50-50\"><div class=\"wpforms-layout-column wpforms-layout-column-50\" ><div id=\"wpforms-1077-field_1-container\" class=\"wpforms-field wpforms-field-email\" data-field-id=\"1\"><label class=\"wpforms-field-label\" for=\"wpforms-1077-field_1\">Env\u00eda un correo electr\u00f3nico a <span class=\"wpforms-required-label\" aria-hidden=\"true\">*<\/span><\/label><input type=\"email\" id=\"wpforms-1077-field_1\" class=\"wpforms-field-medium wpforms-field-required\" name=\"wpforms[fields][1]\" spellcheck=\"false\" aria-errormessage=\"wpforms-1077-field_1-error\" required><\/div><\/div><div class=\"wpforms-layout-column wpforms-layout-column-50\" ><div id=\"wpforms-1077-field_8-container\" class=\"wpforms-field wpforms-field-phone\" data-field-id=\"8\"><label class=\"wpforms-field-label\" for=\"wpforms-1077-field_8\">N\u00famero de tel\u00e9fono <span class=\"wpforms-required-label\" aria-hidden=\"true\">*<\/span><\/label><input type=\"tel\" id=\"wpforms-1077-field_8\" class=\"wpforms-field-medium wpforms-field-required wpforms-smart-phone-field\" data-rule-smart-phone-field=\"true\" name=\"wpforms[fields][8]\" aria-label=\"N\u00famero de tel\u00e9fono\" aria-errormessage=\"wpforms-1077-field_8-error\" required><\/div><\/div><\/div><\/div><div id=\"wpforms-1077-field_10-container\" class=\"wpforms-field wpforms-field-layout\" data-field-id=\"10\"><div class=\"wpforms-field-layout-columns wpforms-field-layout-preset-50-50\"><div class=\"wpforms-layout-column wpforms-layout-column-50\" ><div id=\"wpforms-1077-field_4-container\" class=\"wpforms-field wpforms-field-date-time\" data-field-id=\"4\"><label class=\"wpforms-field-label\" for=\"wpforms-1077-field_4\">Desde<\/label><div class=\"wpforms-datepicker-wrap\"><input type=\"text\" id=\"wpforms-1077-field_4\" class=\"wpforms-field-date-time-date wpforms-datepicker wpforms-field-small\" data-date-format=\"m\/d\/Y\" data-disable-past-dates=\"0\" data-input=\"true\" name=\"wpforms[fields][4][date]\" aria-errormessage=\"wpforms-1077-field_4-error\" ><a title=\"Borrar fecha\" data-clear role=\"button\" tabindex=\"0\" class=\"wpforms-datepicker-clear\" aria-label=\"Borrar fecha\" style=\"display:none;\"><\/a><\/div><\/div><\/div><div class=\"wpforms-layout-column wpforms-layout-column-50\" ><div id=\"wpforms-1077-field_9-container\" class=\"wpforms-field wpforms-field-date-time\" data-field-id=\"9\"><label class=\"wpforms-field-label\" for=\"wpforms-1077-field_9\">Hasta<\/label><div class=\"wpforms-datepicker-wrap\"><input type=\"text\" id=\"wpforms-1077-field_9\" class=\"wpforms-field-date-time-date wpforms-datepicker wpforms-field-small\" data-date-format=\"m\/d\/Y\" data-disable-past-dates=\"0\" data-input=\"true\" name=\"wpforms[fields][9][date]\" aria-errormessage=\"wpforms-1077-field_9-error\" ><a title=\"Borrar fecha\" data-clear role=\"button\" tabindex=\"0\" class=\"wpforms-datepicker-clear\" aria-label=\"Borrar fecha\" style=\"display:none;\"><\/a><\/div><\/div><\/div><\/div><\/div><div id=\"wpforms-1077-field_2-container\" class=\"wpforms-field wpforms-field-textarea\" data-field-id=\"2\"><label class=\"wpforms-field-label\" for=\"wpforms-1077-field_2\">Mensaje<\/label><textarea id=\"wpforms-1077-field_2\" class=\"wpforms-field-medium\" name=\"wpforms[fields][2]\" placeholder=\"\u00bfC\u00f3mo podemos ayudarte?\" aria-errormessage=\"wpforms-1077-field_2-error\" ><\/textarea><\/div><script>\n\t\t\t\t( function() {\n\t\t\t\t\tconst style = document.createElement( 'style' );\n\t\t\t\t\tstyle.appendChild( document.createTextNode( '#wpforms-1077-field_3-container { position: absolute !important; overflow: hidden !important; display: inline !important; height: 1px !important; width: 1px !important; z-index: -1000 !important; padding: 0 !important; } #wpforms-1077-field_3-container input { visibility: hidden; } #wpforms-conversational-form-page #wpforms-1077-field_3-container label { counter-increment: none; }' ) );\n\t\t\t\t\tdocument.head.appendChild( style );\n\t\t\t\t\tdocument.currentScript?.remove();\n\t\t\t\t} )();\n\t\t\t<\/script><\/div><!-- .wpforms-field-container --><div class=\"wpforms-recaptcha-container wpforms-is-recaptcha wpforms-is-recaptcha-type-v2\" ><div class=\"g-recaptcha\" data-sitekey=\"6LeS7gEkAAAAAO-EsXRwxTakHs6Q_9Z0rQYHkIS5\"><\/div><input type=\"text\" name=\"g-recaptcha-hidden\" class=\"wpforms-recaptcha-hidden\" style=\"position:absolute!important;clip:rect(0,0,0,0)!important;height:1px!important;width:1px!important;border:0!important;overflow:hidden!important;padding:0!important;margin:0!important;\" data-rule-recaptcha=\"1\"><\/div><div class=\"wpforms-submit-container\" ><input type=\"hidden\" name=\"wpforms[id]\" value=\"1077\"><input type=\"hidden\" name=\"page_title\" value=\"\"><input type=\"hidden\" name=\"page_url\" value=\"https:\/\/whitesoundibiza.com\/es\/wp-json\/wp\/v2\/product\/49254\"><input type=\"hidden\" name=\"url_referer\" value=\"\"><button type=\"submit\" name=\"wpforms[submit]\" id=\"wpforms-submit-1077\" class=\"wpforms-submit\" data-alt-text=\"Enviando...\" data-submit-text=\"Env\u00eda\" aria-live=\"assertive\" value=\"wpforms-submit\">Env\u00eda<\/button><img decoding=\"async\" src=\"https:\/\/whitesoundibiza.com\/wp-content\/plugins\/wpforms\/assets\/images\/submit-spin.svg\" class=\"wpforms-submit-spinner\" style=\"display: none;\" width=\"26\" height=\"26\" alt=\"Cargando\"><\/div><\/form><\/div>  <!-- .wpforms-container --><\/p>\n","protected":false},"excerpt":{"rendered":"<p>Un tr\u00edpode profesional dise\u00f1ado para estaciones de remezcla y controladores de DJ, con ajuste de altura sin herramientas, robustas patas plegables y montaje r\u00e1pido, ideal para actuaciones en directo.<\/p>\n","protected":false},"featured_media":48107,"template":"","meta":{"_joinchat":[]},"product_brand":[160],"product_cat":[191],"product_tag":[],"class_list":{"0":"post-49254","1":"product","2":"type-product","3":"status-publish","4":"has-post-thumbnail","6":"product_brand-udg","7":"product_cat-accesorios-es-5","9":"first","10":"instock","11":"taxable","12":"shipping-taxable","13":"purchasable","14":"product-type-rentable"},"yoast_head":"<!-- This site is optimized with the Yoast SEO plugin v27.4 - https:\/\/yoast.com\/product\/yoast-seo-wordpress\/ -->\n<title>Alquilar Stand RMX UDG Ibiza | White Sound Ibiza<\/title>\n<meta name=\"description\" content=\"Alquila el Soporte UDG RMX en Ibiza de White Sound Ibiza. Soporte tr\u00edpode robusto y ajustable para estaciones de remezcla y controladores de DJ. \u00a1Reserva ahora!\" \/>\n<meta name=\"robots\" content=\"index, follow, max-snippet:-1, max-image-preview:large, max-video-preview:-1\" \/>\n<link rel=\"canonical\" href=\"https:\/\/whitesoundibiza.com\/es\/producto\/soporte-rmx-udg\/\" \/>\n<meta property=\"og:locale\" content=\"es_ES\" \/>\n<meta property=\"og:type\" content=\"article\" \/>\n<meta property=\"og:title\" content=\"Alquilar Stand RMX UDG Ibiza | White Sound Ibiza\" \/>\n<meta property=\"og:description\" content=\"Alquila el Soporte UDG RMX en Ibiza de White Sound Ibiza. Soporte tr\u00edpode robusto y ajustable para estaciones de remezcla y controladores de DJ. \u00a1Reserva ahora!\" \/>\n<meta property=\"og:url\" content=\"https:\/\/whitesoundibiza.com\/es\/producto\/soporte-rmx-udg\/\" \/>\n<meta property=\"og:site_name\" content=\"White Sound Ibiza - Delivering Fun\" \/>\n<meta property=\"article:modified_time\" content=\"2025-08-09T15:41:23+00:00\" \/>\n<meta property=\"og:image\" content=\"https:\/\/whitesoundibiza.com\/wp-content\/uploads\/2024\/11\/RMXSTAND.jpg\" \/>\n\t<meta property=\"og:image:width\" content=\"1000\" \/>\n\t<meta property=\"og:image:height\" content=\"1000\" \/>\n\t<meta property=\"og:image:type\" content=\"image\/jpeg\" \/>\n<meta name=\"twitter:card\" content=\"summary_large_image\" \/>\n<meta name=\"twitter:label1\" content=\"Tiempo de lectura\" \/>\n\t<meta name=\"twitter:data1\" content=\"2 minutos\" \/>\n<script type=\"application\/ld+json\" class=\"yoast-schema-graph\">{\"@context\":\"https:\\\/\\\/schema.org\",\"@graph\":[{\"@type\":\"WebPage\",\"@id\":\"https:\\\/\\\/whitesoundibiza.com\\\/es\\\/producto\\\/soporte-rmx-udg\\\/\",\"url\":\"https:\\\/\\\/whitesoundibiza.com\\\/es\\\/producto\\\/soporte-rmx-udg\\\/\",\"name\":\"Alquilar Stand RMX UDG Ibiza | White Sound Ibiza\",\"isPartOf\":{\"@id\":\"https:\\\/\\\/whitesoundibiza.com\\\/es\\\/#website\"},\"primaryImageOfPage\":{\"@id\":\"https:\\\/\\\/whitesoundibiza.com\\\/es\\\/producto\\\/soporte-rmx-udg\\\/#primaryimage\"},\"image\":{\"@id\":\"https:\\\/\\\/whitesoundibiza.com\\\/es\\\/producto\\\/soporte-rmx-udg\\\/#primaryimage\"},\"thumbnailUrl\":\"https:\\\/\\\/whitesoundibiza.com\\\/wp-content\\\/uploads\\\/2024\\\/11\\\/RMXSTAND.jpg\",\"datePublished\":\"2024-11-26T15:37:46+00:00\",\"dateModified\":\"2025-08-09T15:41:23+00:00\",\"description\":\"Alquila el Soporte UDG RMX en Ibiza de White Sound Ibiza. Soporte tr\u00edpode robusto y ajustable para estaciones de remezcla y controladores de DJ. \u00a1Reserva ahora!\",\"breadcrumb\":{\"@id\":\"https:\\\/\\\/whitesoundibiza.com\\\/es\\\/producto\\\/soporte-rmx-udg\\\/#breadcrumb\"},\"inLanguage\":\"es\",\"potentialAction\":[{\"@type\":\"ReadAction\",\"target\":[\"https:\\\/\\\/whitesoundibiza.com\\\/es\\\/producto\\\/soporte-rmx-udg\\\/\"]}]},{\"@type\":\"ImageObject\",\"inLanguage\":\"es\",\"@id\":\"https:\\\/\\\/whitesoundibiza.com\\\/es\\\/producto\\\/soporte-rmx-udg\\\/#primaryimage\",\"url\":\"https:\\\/\\\/whitesoundibiza.com\\\/wp-content\\\/uploads\\\/2024\\\/11\\\/RMXSTAND.jpg\",\"contentUrl\":\"https:\\\/\\\/whitesoundibiza.com\\\/wp-content\\\/uploads\\\/2024\\\/11\\\/RMXSTAND.jpg\",\"width\":1000,\"height\":1000,\"caption\":\"UDG RMX Stand tr\u00edpode ajustable para estaci\u00f3n de remezcla disponible para alquilar en Ibiza en White Sound Ibiza\"},{\"@type\":\"BreadcrumbList\",\"@id\":\"https:\\\/\\\/whitesoundibiza.com\\\/es\\\/producto\\\/soporte-rmx-udg\\\/#breadcrumb\",\"itemListElement\":[{\"@type\":\"ListItem\",\"position\":1,\"name\":\"Portada\",\"item\":\"https:\\\/\\\/whitesoundibiza.com\\\/es\\\/\"},{\"@type\":\"ListItem\",\"position\":2,\"name\":\"Tienda\",\"item\":\"https:\\\/\\\/whitesoundibiza.com\\\/es\\\/tienda\\\/\"},{\"@type\":\"ListItem\",\"position\":3,\"name\":\"Soporte RMX &#8211; UDG\"}]},{\"@type\":\"WebSite\",\"@id\":\"https:\\\/\\\/whitesoundibiza.com\\\/es\\\/#website\",\"url\":\"https:\\\/\\\/whitesoundibiza.com\\\/es\\\/\",\"name\":\"White Sound Ibiza\",\"description\":\"Rent Speakers in Ibiza\",\"publisher\":{\"@id\":\"https:\\\/\\\/whitesoundibiza.com\\\/es\\\/#organization\"},\"potentialAction\":[{\"@type\":\"SearchAction\",\"target\":{\"@type\":\"EntryPoint\",\"urlTemplate\":\"https:\\\/\\\/whitesoundibiza.com\\\/es\\\/?s={search_term_string}\"},\"query-input\":{\"@type\":\"PropertyValueSpecification\",\"valueRequired\":true,\"valueName\":\"search_term_string\"}}],\"inLanguage\":\"es\"},{\"@type\":\"Organization\",\"@id\":\"https:\\\/\\\/whitesoundibiza.com\\\/es\\\/#organization\",\"name\":\"White Sound Ibiza\",\"url\":\"https:\\\/\\\/whitesoundibiza.com\\\/es\\\/\",\"logo\":{\"@type\":\"ImageObject\",\"inLanguage\":\"es\",\"@id\":\"https:\\\/\\\/whitesoundibiza.com\\\/es\\\/#\\\/schema\\\/logo\\\/image\\\/\",\"url\":\"https:\\\/\\\/whitesoundibiza.com\\\/wp-content\\\/uploads\\\/2025\\\/05\\\/ws_logo.jpg\",\"contentUrl\":\"https:\\\/\\\/whitesoundibiza.com\\\/wp-content\\\/uploads\\\/2025\\\/05\\\/ws_logo.jpg\",\"width\":800,\"height\":235,\"caption\":\"White Sound Ibiza\"},\"image\":{\"@id\":\"https:\\\/\\\/whitesoundibiza.com\\\/es\\\/#\\\/schema\\\/logo\\\/image\\\/\"}}]}<\/script>\n<!-- \/ Yoast SEO plugin. -->","yoast_head_json":{"title":"Alquilar Stand RMX UDG Ibiza | White Sound Ibiza","description":"Alquila el Soporte UDG RMX en Ibiza de White Sound Ibiza. Soporte tr\u00edpode robusto y ajustable para estaciones de remezcla y controladores de DJ. \u00a1Reserva ahora!","robots":{"index":"index","follow":"follow","max-snippet":"max-snippet:-1","max-image-preview":"max-image-preview:large","max-video-preview":"max-video-preview:-1"},"canonical":"https:\/\/whitesoundibiza.com\/es\/producto\/soporte-rmx-udg\/","og_locale":"es_ES","og_type":"article","og_title":"Alquilar Stand RMX UDG Ibiza | White Sound Ibiza","og_description":"Alquila el Soporte UDG RMX en Ibiza de White Sound Ibiza. Soporte tr\u00edpode robusto y ajustable para estaciones de remezcla y controladores de DJ. \u00a1Reserva ahora!","og_url":"https:\/\/whitesoundibiza.com\/es\/producto\/soporte-rmx-udg\/","og_site_name":"White Sound Ibiza - Delivering Fun","article_modified_time":"2025-08-09T15:41:23+00:00","og_image":[{"width":1000,"height":1000,"url":"https:\/\/whitesoundibiza.com\/wp-content\/uploads\/2024\/11\/RMXSTAND.jpg","type":"image\/jpeg"}],"twitter_card":"summary_large_image","twitter_misc":{"Tiempo de lectura":"2 minutos"},"schema":{"@context":"https:\/\/schema.org","@graph":[{"@type":"WebPage","@id":"https:\/\/whitesoundibiza.com\/es\/producto\/soporte-rmx-udg\/","url":"https:\/\/whitesoundibiza.com\/es\/producto\/soporte-rmx-udg\/","name":"Alquilar Stand RMX UDG Ibiza | White Sound Ibiza","isPartOf":{"@id":"https:\/\/whitesoundibiza.com\/es\/#website"},"primaryImageOfPage":{"@id":"https:\/\/whitesoundibiza.com\/es\/producto\/soporte-rmx-udg\/#primaryimage"},"image":{"@id":"https:\/\/whitesoundibiza.com\/es\/producto\/soporte-rmx-udg\/#primaryimage"},"thumbnailUrl":"https:\/\/whitesoundibiza.com\/wp-content\/uploads\/2024\/11\/RMXSTAND.jpg","datePublished":"2024-11-26T15:37:46+00:00","dateModified":"2025-08-09T15:41:23+00:00","description":"Alquila el Soporte UDG RMX en Ibiza de White Sound Ibiza. Soporte tr\u00edpode robusto y ajustable para estaciones de remezcla y controladores de DJ. \u00a1Reserva ahora!","breadcrumb":{"@id":"https:\/\/whitesoundibiza.com\/es\/producto\/soporte-rmx-udg\/#breadcrumb"},"inLanguage":"es","potentialAction":[{"@type":"ReadAction","target":["https:\/\/whitesoundibiza.com\/es\/producto\/soporte-rmx-udg\/"]}]},{"@type":"ImageObject","inLanguage":"es","@id":"https:\/\/whitesoundibiza.com\/es\/producto\/soporte-rmx-udg\/#primaryimage","url":"https:\/\/whitesoundibiza.com\/wp-content\/uploads\/2024\/11\/RMXSTAND.jpg","contentUrl":"https:\/\/whitesoundibiza.com\/wp-content\/uploads\/2024\/11\/RMXSTAND.jpg","width":1000,"height":1000,"caption":"UDG RMX Stand tr\u00edpode ajustable para estaci\u00f3n de remezcla disponible para alquilar en Ibiza en White Sound Ibiza"},{"@type":"BreadcrumbList","@id":"https:\/\/whitesoundibiza.com\/es\/producto\/soporte-rmx-udg\/#breadcrumb","itemListElement":[{"@type":"ListItem","position":1,"name":"Portada","item":"https:\/\/whitesoundibiza.com\/es\/"},{"@type":"ListItem","position":2,"name":"Tienda","item":"https:\/\/whitesoundibiza.com\/es\/tienda\/"},{"@type":"ListItem","position":3,"name":"Soporte RMX &#8211; UDG"}]},{"@type":"WebSite","@id":"https:\/\/whitesoundibiza.com\/es\/#website","url":"https:\/\/whitesoundibiza.com\/es\/","name":"White Sound Ibiza","description":"Rent Speakers in Ibiza","publisher":{"@id":"https:\/\/whitesoundibiza.com\/es\/#organization"},"potentialAction":[{"@type":"SearchAction","target":{"@type":"EntryPoint","urlTemplate":"https:\/\/whitesoundibiza.com\/es\/?s={search_term_string}"},"query-input":{"@type":"PropertyValueSpecification","valueRequired":true,"valueName":"search_term_string"}}],"inLanguage":"es"},{"@type":"Organization","@id":"https:\/\/whitesoundibiza.com\/es\/#organization","name":"White Sound Ibiza","url":"https:\/\/whitesoundibiza.com\/es\/","logo":{"@type":"ImageObject","inLanguage":"es","@id":"https:\/\/whitesoundibiza.com\/es\/#\/schema\/logo\/image\/","url":"https:\/\/whitesoundibiza.com\/wp-content\/uploads\/2025\/05\/ws_logo.jpg","contentUrl":"https:\/\/whitesoundibiza.com\/wp-content\/uploads\/2025\/05\/ws_logo.jpg","width":800,"height":235,"caption":"White Sound Ibiza"},"image":{"@id":"https:\/\/whitesoundibiza.com\/es\/#\/schema\/logo\/image\/"}}]}},"_links":{"self":[{"href":"https:\/\/whitesoundibiza.com\/es\/wp-json\/wp\/v2\/product\/49254","targetHints":{"allow":["GET"]}}],"collection":[{"href":"https:\/\/whitesoundibiza.com\/es\/wp-json\/wp\/v2\/product"}],"about":[{"href":"https:\/\/whitesoundibiza.com\/es\/wp-json\/wp\/v2\/types\/product"}],"wp:featuredmedia":[{"embeddable":true,"href":"https:\/\/whitesoundibiza.com\/es\/wp-json\/wp\/v2\/media\/48107"}],"wp:attachment":[{"href":"https:\/\/whitesoundibiza.com\/es\/wp-json\/wp\/v2\/media?parent=49254"}],"wp:term":[{"taxonomy":"product_brand","embeddable":true,"href":"https:\/\/whitesoundibiza.com\/es\/wp-json\/wp\/v2\/product_brand?post=49254"},{"taxonomy":"product_cat","embeddable":true,"href":"https:\/\/whitesoundibiza.com\/es\/wp-json\/wp\/v2\/product_cat?post=49254"},{"taxonomy":"product_tag","embeddable":true,"href":"https:\/\/whitesoundibiza.com\/es\/wp-json\/wp\/v2\/product_tag?post=49254"}],"curies":[{"name":"wp","href":"https:\/\/api.w.org\/{rel}","templated":true}]}}