{"id":49244,"date":"2024-11-26T15:37:44","date_gmt":"2024-11-26T15:37:44","guid":{"rendered":"https:\/\/whitesoundibiza.com\/producto\/pioneer-djm-a9\/"},"modified":"2025-08-09T15:41:14","modified_gmt":"2025-08-09T15:41:14","slug":"pioneer-djm-a9","status":"publish","type":"product","link":"https:\/\/whitesoundibiza.com\/es\/producto\/pioneer-djm-a9\/","title":{"rendered":"Pioneer DJM A9"},"content":{"rendered":"<p class=\"\" data-start=\"313\" data-end=\"606\">Alquila la Pioneer DJM A9 en Ibiza para conseguir un rendimiento de mezcla inigualable. Esta mesa de mezclas de primer nivel ofrece funciones avanzadas adaptadas a los DJ profesionales. Tanto si pinchas en discotecas, festivales o eventos privados, esta mesa de mezclas ofrece fiabilidad, claridad y control creativo en todo momento.  <\/p>\n<p class=\"\" data-start=\"608\" data-end=\"877\">Procesador de mezcla de 64 <strong data-start=\"608\" data-end=\"635\">bits<\/strong><br data-start=\"635\" data-end=\"638\">La DJM A9 incorpora un aut\u00e9ntico procesador de mezcla de 64 bits. En consecuencia, reduce el ruido y ampl\u00eda el rango din\u00e1mico. Como resultado, obtienes un audio cristalino en todas las frecuencias. Esto garantiza que tus pistas suenen pr\u00edstinas, incluso a volumen m\u00e1ximo.   <\/p>\n<p class=\"\" data-start=\"879\" data-end=\"1178\">Tarjeta de <strong data-start=\"879\" data-end=\"902\">sonido superior<\/strong><br data-start=\"902\" data-end=\"905\">Incluye una tarjeta de sonido integrada de alta calidad. Por tanto, puedes grabar directamente en tu ordenador con calidad de estudio. Adem\u00e1s, las salidas est\u00e9reo balanceadas ofrecen un rendimiento consistente y con poco ruido. Esto la hace ideal tanto para grabaciones en directo como para configuraciones de streaming.   <\/p>\n<p class=\"\" data-start=\"1180\" data-end=\"1444\"><strong data-start=\"1180\" data-end=\"1200\">Beat FX creativo<\/strong><br data-start=\"1200\" data-end=\"1203\">Puedes experimentar con hasta 14 tipos de Beat FX. Adem\u00e1s, el motor Sound Color FX ofrece cinco filtros para mezclar en tiempo real. Esto te permite a\u00f1adir reverberaci\u00f3n, eco y flanger al alcance de tu mano. As\u00ed, realzas tus sets con profundidad y textura.   <\/p>\n<p class=\"\" data-start=\"1446\" data-end=\"1735\"><strong data-start=\"1446\" data-end=\"1468\">Flujo de trabajo intuitivo<\/strong><br data-start=\"1468\" data-end=\"1471\">La disposici\u00f3n ergon\u00f3mica pone todos los controles cr\u00edticos al alcance de la mano. Los mandos y faders responden con precisi\u00f3n a cada pulsaci\u00f3n. Adem\u00e1s, la pantalla LCD de alto contraste muestra claramente los ajustes en lugares poco iluminados. En consecuencia, puedes hacer ajustes r\u00e1pidos sin perder el enfoque.   <\/p>\n<p class=\"\" data-start=\"1737\" data-end=\"2000\"><strong data-start=\"1737\" data-end=\"1767\">Amplia conectividad<\/strong><br data-start=\"1767\" data-end=\"1770\">La DJM A9 ofrece entradas y salidas USB, XLR y RCA. Adem\u00e1s, admite dos canales de micr\u00f3fono con funciones dedicadas de ecualizaci\u00f3n y talk-over. Por tanto, puedes integrar micr\u00f3fonos, instrumentos y fuentes de nivel de l\u00ednea sin problemas.  <\/p>\n<p class=\"\" data-start=\"2002\" data-end=\"2264\"><strong data-start=\"2002\" data-end=\"2033\">Funciones de grabaci\u00f3n avanzadas<\/strong><br data-start=\"2033\" data-end=\"2036\">Puedes capturar tus directos con una resoluci\u00f3n de hasta 24 bits\/96 kHz. Adem\u00e1s, la grabaci\u00f3n integrada te permite guardar las mezclas directamente en una unidad USB. Esta funci\u00f3n facilita la revisi\u00f3n de las actuaciones o compartir las sesiones en l\u00ednea con los fans.  <\/p>\n<p class=\"\" data-start=\"2266\" data-end=\"2484\"><strong data-start=\"2266\" data-end=\"2289\">Construcci\u00f3n robusta<\/strong><br data-start=\"2289\" data-end=\"2292\">Su robusto chasis met\u00e1lico soporta un uso intensivo y las exigencias de las giras. Cada componente cumple las normas de durabilidad profesionales. As\u00ed, puedes confiar en la DJM A9 concierto tras concierto sin tiempos de inactividad.  <\/p>\n<p class=\"\" data-start=\"2486\" data-end=\"2750\"><strong data-start=\"2486\" data-end=\"2511\">Creado para la versatilidad<\/strong><br data-start=\"2511\" data-end=\"2514\">Tanto si pinchas en clubes de playa, galas corporativas o raves en almacenes, el DJM A9 se adapta. Se integra a la perfecci\u00f3n con el software DJ rekordbox para una r\u00e1pida preparaci\u00f3n de las pistas. As\u00ed, pasar\u00e1s menos tiempo configurando el equipo y m\u00e1s tiempo actuando.  <\/p>\n<p class=\"\" data-start=\"2752\" data-end=\"3016\">Alquila la <strong data-start=\"2761\" data-end=\"2788\"><a href=\"https:\/\/www.pioneerdj.com\/es-es\/product\/controller\/?gad_source=1&amp;gad_campaignid=11407494188&amp;gbraid=0AAAAAD3PTCO0EuGWdUJkf-zuhJEo6vSt4&amp;gclid=CjwKCAjwz_bABhAGEiwAm-P8YfT1vqCnlHJ3Ep6fw5sms390zdminZdE58MyzQ7R6s4im0p09ZrjKRoCx38QAvD_BwE\">Pioneer<\/a> DJM A9 en Ibiza<\/strong> con White Sound Ibiza hoy mismo. Con su motor de mezclas de vanguardia, conectividad flexible, efectos creativos y construcci\u00f3n s\u00f3lida como una roca, es la herramienta definitiva para elevar cualquier set de DJ. \u00a1Reserva ahora y lleva tu actuaci\u00f3n al siguiente nivel!  <\/p>\n<p data-start=\"2127\" data-end=\"2418\">Encuentra m\u00e1s opciones <a href=\"https:\/\/whitesoundibiza.com\/es\/categoria-producto\/equipo-de-dj\/\">aqu\u00ed<\/a>.<\/p>\n<p class=\"\" data-start=\"2127\" data-end=\"2418\"><style id=\"wpforms-css-vars-1077\">\n\t\t\t\t#wpforms-1077 {\n\t\t\t\t\n\t\t\t}\n\t\t\t<\/style><div class=\"wpforms-container wpforms-container-full wpforms-render-modern\" id=\"wpforms-1077\"><form id=\"wpforms-form-1077\" class=\"wpforms-validate wpforms-form wpforms-ajax-form\" data-formid=\"1077\" method=\"post\" enctype=\"multipart\/form-data\" action=\"\/es\/wp-json\/wp\/v2\/product\/49244\" data-token=\"070866a9a893a8b5a47905587eaac02b\" data-token-time=\"1775409694\"><noscript class=\"wpforms-error-noscript\">Por favor, activa JavaScript en tu navegador para completar este formulario.<\/noscript><div id=\"wpforms-error-noscript\" style=\"display: none;\">Por favor, activa JavaScript en tu navegador para completar este formulario.<\/div><div class=\"wpforms-field-container\"><div id=\"wpforms-1077-field_0-container\" class=\"wpforms-field wpforms-field-name\" data-field-id=\"0\"><fieldset><legend class=\"wpforms-field-label\">Nombre <span class=\"wpforms-required-label\" aria-hidden=\"true\">*<\/span><\/legend><div class=\"wpforms-field-row wpforms-field-medium\"><div class=\"wpforms-field-row-block wpforms-first wpforms-one-half\"><input type=\"text\" id=\"wpforms-1077-field_0\" class=\"wpforms-field-name-first wpforms-field-required\" name=\"wpforms[fields][0][first]\" placeholder=\"Nombre\" aria-errormessage=\"wpforms-1077-field_0-error\" required><label for=\"wpforms-1077-field_0\" class=\"wpforms-field-sublabel after wpforms-sublabel-hide\">Nombre<\/label><\/div><div class=\"wpforms-field-row-block wpforms-one-half\"><input type=\"text\" id=\"wpforms-1077-field_0-last\" class=\"wpforms-field-name-last wpforms-field-required\" name=\"wpforms[fields][0][last]\" placeholder=\"Apellidos\" aria-errormessage=\"wpforms-1077-field_0-last-error\" required><label for=\"wpforms-1077-field_0-last\" class=\"wpforms-field-sublabel after wpforms-sublabel-hide\">Apellidos<\/label><\/div><\/div><\/fieldset><\/div><div id=\"wpforms-1077-field_7-container\" class=\"wpforms-field wpforms-field-layout\" data-field-id=\"7\"><div class=\"wpforms-field-layout-columns wpforms-field-layout-preset-50-50\"><div class=\"wpforms-layout-column wpforms-layout-column-50\" >\t\t<div id=\"wpforms-1077-field_3-container\"\n\t\t\tclass=\"wpforms-field wpforms-field-text\"\n\t\t\tdata-field-type=\"text\"\n\t\t\tdata-field-id=\"3\"\n\t\t\t>\n\t\t\t<label class=\"wpforms-field-label\" for=\"wpforms-1077-field_3\" >tel\u00e9fono Nombre Mensaje<\/label>\n\t\t\t<input type=\"text\" id=\"wpforms-1077-field_3\" class=\"wpforms-field-medium\" name=\"wpforms[fields][3]\" >\n\t\t<\/div>\n\t\t<div id=\"wpforms-1077-field_1-container\" class=\"wpforms-field wpforms-field-email\" data-field-id=\"1\"><label class=\"wpforms-field-label\" for=\"wpforms-1077-field_1\">Env\u00eda un correo electr\u00f3nico a <span class=\"wpforms-required-label\" aria-hidden=\"true\">*<\/span><\/label><input type=\"email\" id=\"wpforms-1077-field_1\" class=\"wpforms-field-medium wpforms-field-required\" name=\"wpforms[fields][1]\" spellcheck=\"false\" aria-errormessage=\"wpforms-1077-field_1-error\" required><\/div><\/div><div class=\"wpforms-layout-column wpforms-layout-column-50\" ><div id=\"wpforms-1077-field_8-container\" class=\"wpforms-field wpforms-field-phone\" data-field-id=\"8\"><label class=\"wpforms-field-label\" for=\"wpforms-1077-field_8\">N\u00famero de tel\u00e9fono <span class=\"wpforms-required-label\" aria-hidden=\"true\">*<\/span><\/label><input type=\"tel\" id=\"wpforms-1077-field_8\" class=\"wpforms-field-medium wpforms-field-required wpforms-smart-phone-field\" data-rule-smart-phone-field=\"true\" name=\"wpforms[fields][8]\" aria-label=\"N\u00famero de tel\u00e9fono\" aria-errormessage=\"wpforms-1077-field_8-error\" required><\/div><\/div><\/div><\/div><div id=\"wpforms-1077-field_10-container\" class=\"wpforms-field wpforms-field-layout\" data-field-id=\"10\"><div class=\"wpforms-field-layout-columns wpforms-field-layout-preset-50-50\"><div class=\"wpforms-layout-column wpforms-layout-column-50\" ><div id=\"wpforms-1077-field_4-container\" class=\"wpforms-field wpforms-field-date-time\" data-field-id=\"4\"><label class=\"wpforms-field-label\" for=\"wpforms-1077-field_4\">Desde<\/label><div class=\"wpforms-datepicker-wrap\"><input type=\"text\" id=\"wpforms-1077-field_4\" class=\"wpforms-field-date-time-date wpforms-datepicker wpforms-field-small\" data-date-format=\"m\/d\/Y\" data-disable-past-dates=\"0\" data-input=\"true\" name=\"wpforms[fields][4][date]\" aria-errormessage=\"wpforms-1077-field_4-error\" ><a title=\"Borrar fecha\" data-clear role=\"button\" tabindex=\"0\" class=\"wpforms-datepicker-clear\" aria-label=\"Borrar fecha\" style=\"display:none;\"><\/a><\/div><\/div><\/div><div class=\"wpforms-layout-column wpforms-layout-column-50\" ><div id=\"wpforms-1077-field_9-container\" class=\"wpforms-field wpforms-field-date-time\" data-field-id=\"9\"><label class=\"wpforms-field-label\" for=\"wpforms-1077-field_9\">Hasta<\/label><div class=\"wpforms-datepicker-wrap\"><input type=\"text\" id=\"wpforms-1077-field_9\" class=\"wpforms-field-date-time-date wpforms-datepicker wpforms-field-small\" data-date-format=\"m\/d\/Y\" data-disable-past-dates=\"0\" data-input=\"true\" name=\"wpforms[fields][9][date]\" aria-errormessage=\"wpforms-1077-field_9-error\" ><a title=\"Borrar fecha\" data-clear role=\"button\" tabindex=\"0\" class=\"wpforms-datepicker-clear\" aria-label=\"Borrar fecha\" style=\"display:none;\"><\/a><\/div><\/div><\/div><\/div><\/div><div id=\"wpforms-1077-field_2-container\" class=\"wpforms-field wpforms-field-textarea\" data-field-id=\"2\"><label class=\"wpforms-field-label\" for=\"wpforms-1077-field_2\">Mensaje<\/label><textarea id=\"wpforms-1077-field_2\" class=\"wpforms-field-medium\" name=\"wpforms[fields][2]\" placeholder=\"\u00bfC\u00f3mo podemos ayudarte?\" aria-errormessage=\"wpforms-1077-field_2-error\" ><\/textarea><\/div><script>\n\t\t\t\t( function() {\n\t\t\t\t\tconst style = document.createElement( 'style' );\n\t\t\t\t\tstyle.appendChild( document.createTextNode( '#wpforms-1077-field_3-container { position: absolute !important; overflow: hidden !important; display: inline !important; height: 1px !important; width: 1px !important; z-index: -1000 !important; padding: 0 !important; } #wpforms-1077-field_3-container input { visibility: hidden; } #wpforms-conversational-form-page #wpforms-1077-field_3-container label { counter-increment: none; }' ) );\n\t\t\t\t\tdocument.head.appendChild( style );\n\t\t\t\t\tdocument.currentScript?.remove();\n\t\t\t\t} )();\n\t\t\t<\/script><\/div><!-- .wpforms-field-container --><div class=\"wpforms-recaptcha-container wpforms-is-recaptcha wpforms-is-recaptcha-type-v2\" ><div class=\"g-recaptcha\" data-sitekey=\"6LeS7gEkAAAAAO-EsXRwxTakHs6Q_9Z0rQYHkIS5\"><\/div><input type=\"text\" name=\"g-recaptcha-hidden\" class=\"wpforms-recaptcha-hidden\" style=\"position:absolute!important;clip:rect(0,0,0,0)!important;height:1px!important;width:1px!important;border:0!important;overflow:hidden!important;padding:0!important;margin:0!important;\" data-rule-recaptcha=\"1\"><\/div><div class=\"wpforms-submit-container\" ><input type=\"hidden\" name=\"wpforms[id]\" value=\"1077\"><input type=\"hidden\" name=\"page_title\" value=\"\"><input type=\"hidden\" name=\"page_url\" value=\"https:\/\/whitesoundibiza.com\/es\/wp-json\/wp\/v2\/product\/49244\"><input type=\"hidden\" name=\"url_referer\" value=\"\"><button type=\"submit\" name=\"wpforms[submit]\" id=\"wpforms-submit-1077\" class=\"wpforms-submit\" data-alt-text=\"Enviando...\" data-submit-text=\"Env\u00eda\" aria-live=\"assertive\" value=\"wpforms-submit\">Env\u00eda<\/button><img decoding=\"async\" src=\"https:\/\/whitesoundibiza.com\/wp-content\/plugins\/wpforms\/assets\/images\/submit-spin.svg\" class=\"wpforms-submit-spinner\" style=\"display: none;\" width=\"26\" height=\"26\" alt=\"Cargando\"><\/div><\/form><\/div>  <!-- .wpforms-container --><\/p>\n<p data-start=\"2752\" data-end=\"3016\">\n","protected":false},"excerpt":{"rendered":"<p>El Pioneer DJM A9 es un mezclador de DJ avanzado, creado para ofrecer precisi\u00f3n y creatividad sin fisuras. Perfecto para festivales, noches de club y eventos privados en Ibiza. <\/p>\n","protected":false},"featured_media":47954,"template":"","meta":{"_joinchat":[]},"product_brand":[157],"product_cat":[189],"product_tag":[],"class_list":{"0":"post-49244","1":"product","2":"type-product","3":"status-publish","4":"has-post-thumbnail","6":"product_brand-pioneer","7":"product_cat-mezclador-dj","9":"first","10":"instock","11":"featured","12":"taxable","13":"shipping-taxable","14":"purchasable","15":"product-type-rentable"},"yoast_head":"<!-- This site is optimized with the Yoast SEO plugin v27.3 - https:\/\/yoast.com\/product\/yoast-seo-wordpress\/ -->\n<title>Alquiler DJM A9 Ibiza | White Sound Ibiza<\/title>\n<meta name=\"description\" content=\"Alquila la mesa de mezclas Pioneer DJM A9 en Ibiza con White Sound Ibiza. Experimenta la mezcla de 64 bits, los efectos creativos y la grabaci\u00f3n avanzada. \u00a1Reserva hoy mismo!\" \/>\n<meta name=\"robots\" content=\"index, follow, max-snippet:-1, max-image-preview:large, max-video-preview:-1\" \/>\n<link rel=\"canonical\" href=\"https:\/\/whitesoundibiza.com\/es\/producto\/pioneer-djm-a9\/\" \/>\n<meta property=\"og:locale\" content=\"es_ES\" \/>\n<meta property=\"og:type\" content=\"article\" \/>\n<meta property=\"og:title\" content=\"Alquiler DJM A9 Ibiza | White Sound Ibiza\" \/>\n<meta property=\"og:description\" content=\"Alquila la mesa de mezclas Pioneer DJM A9 en Ibiza con White Sound Ibiza. Experimenta la mezcla de 64 bits, los efectos creativos y la grabaci\u00f3n avanzada. \u00a1Reserva hoy mismo!\" \/>\n<meta property=\"og:url\" content=\"https:\/\/whitesoundibiza.com\/es\/producto\/pioneer-djm-a9\/\" \/>\n<meta property=\"og:site_name\" content=\"White Sound Ibiza - Delivering Fun\" \/>\n<meta property=\"article:modified_time\" content=\"2025-08-09T15:41:14+00:00\" \/>\n<meta property=\"og:image\" content=\"https:\/\/whitesoundibiza.com\/wp-content\/uploads\/2024\/11\/Pioneer-DJMA9.jpg\" \/>\n\t<meta property=\"og:image:width\" content=\"1000\" \/>\n\t<meta property=\"og:image:height\" content=\"1000\" \/>\n\t<meta property=\"og:image:type\" content=\"image\/jpeg\" \/>\n<meta name=\"twitter:card\" content=\"summary_large_image\" \/>\n<meta name=\"twitter:label1\" content=\"Tiempo de lectura\" \/>\n\t<meta name=\"twitter:data1\" content=\"3 minutos\" \/>\n<script type=\"application\/ld+json\" class=\"yoast-schema-graph\">{\"@context\":\"https:\\\/\\\/schema.org\",\"@graph\":[{\"@type\":\"WebPage\",\"@id\":\"https:\\\/\\\/whitesoundibiza.com\\\/es\\\/producto\\\/pioneer-djm-a9\\\/\",\"url\":\"https:\\\/\\\/whitesoundibiza.com\\\/es\\\/producto\\\/pioneer-djm-a9\\\/\",\"name\":\"Alquiler DJM A9 Ibiza | White Sound Ibiza\",\"isPartOf\":{\"@id\":\"https:\\\/\\\/whitesoundibiza.com\\\/es\\\/#website\"},\"primaryImageOfPage\":{\"@id\":\"https:\\\/\\\/whitesoundibiza.com\\\/es\\\/producto\\\/pioneer-djm-a9\\\/#primaryimage\"},\"image\":{\"@id\":\"https:\\\/\\\/whitesoundibiza.com\\\/es\\\/producto\\\/pioneer-djm-a9\\\/#primaryimage\"},\"thumbnailUrl\":\"https:\\\/\\\/whitesoundibiza.com\\\/wp-content\\\/uploads\\\/2024\\\/11\\\/Pioneer-DJMA9.jpg\",\"datePublished\":\"2024-11-26T15:37:44+00:00\",\"dateModified\":\"2025-08-09T15:41:14+00:00\",\"description\":\"Alquila la mesa de mezclas Pioneer DJM A9 en Ibiza con White Sound Ibiza. Experimenta la mezcla de 64 bits, los efectos creativos y la grabaci\u00f3n avanzada. \u00a1Reserva hoy mismo!\",\"breadcrumb\":{\"@id\":\"https:\\\/\\\/whitesoundibiza.com\\\/es\\\/producto\\\/pioneer-djm-a9\\\/#breadcrumb\"},\"inLanguage\":\"es\",\"potentialAction\":[{\"@type\":\"ReadAction\",\"target\":[\"https:\\\/\\\/whitesoundibiza.com\\\/es\\\/producto\\\/pioneer-djm-a9\\\/\"]}]},{\"@type\":\"ImageObject\",\"inLanguage\":\"es\",\"@id\":\"https:\\\/\\\/whitesoundibiza.com\\\/es\\\/producto\\\/pioneer-djm-a9\\\/#primaryimage\",\"url\":\"https:\\\/\\\/whitesoundibiza.com\\\/wp-content\\\/uploads\\\/2024\\\/11\\\/Pioneer-DJMA9.jpg\",\"contentUrl\":\"https:\\\/\\\/whitesoundibiza.com\\\/wp-content\\\/uploads\\\/2024\\\/11\\\/Pioneer-DJMA9.jpg\",\"width\":1000,\"height\":1000,\"caption\":\"Mesa de mezclas profesional Pioneer DJM A9 disponible para alquiler en Ibiza en White Sound Ibiza\"},{\"@type\":\"BreadcrumbList\",\"@id\":\"https:\\\/\\\/whitesoundibiza.com\\\/es\\\/producto\\\/pioneer-djm-a9\\\/#breadcrumb\",\"itemListElement\":[{\"@type\":\"ListItem\",\"position\":1,\"name\":\"Portada\",\"item\":\"https:\\\/\\\/whitesoundibiza.com\\\/es\\\/\"},{\"@type\":\"ListItem\",\"position\":2,\"name\":\"Tienda\",\"item\":\"https:\\\/\\\/whitesoundibiza.com\\\/es\\\/tienda\\\/\"},{\"@type\":\"ListItem\",\"position\":3,\"name\":\"Pioneer DJM A9\"}]},{\"@type\":\"WebSite\",\"@id\":\"https:\\\/\\\/whitesoundibiza.com\\\/es\\\/#website\",\"url\":\"https:\\\/\\\/whitesoundibiza.com\\\/es\\\/\",\"name\":\"White Sound Ibiza\",\"description\":\"Rent Speakers in Ibiza\",\"publisher\":{\"@id\":\"https:\\\/\\\/whitesoundibiza.com\\\/es\\\/#organization\"},\"potentialAction\":[{\"@type\":\"SearchAction\",\"target\":{\"@type\":\"EntryPoint\",\"urlTemplate\":\"https:\\\/\\\/whitesoundibiza.com\\\/es\\\/?s={search_term_string}\"},\"query-input\":{\"@type\":\"PropertyValueSpecification\",\"valueRequired\":true,\"valueName\":\"search_term_string\"}}],\"inLanguage\":\"es\"},{\"@type\":\"Organization\",\"@id\":\"https:\\\/\\\/whitesoundibiza.com\\\/es\\\/#organization\",\"name\":\"White Sound Ibiza\",\"url\":\"https:\\\/\\\/whitesoundibiza.com\\\/es\\\/\",\"logo\":{\"@type\":\"ImageObject\",\"inLanguage\":\"es\",\"@id\":\"https:\\\/\\\/whitesoundibiza.com\\\/es\\\/#\\\/schema\\\/logo\\\/image\\\/\",\"url\":\"https:\\\/\\\/whitesoundibiza.com\\\/wp-content\\\/uploads\\\/2025\\\/05\\\/ws_logo.jpg\",\"contentUrl\":\"https:\\\/\\\/whitesoundibiza.com\\\/wp-content\\\/uploads\\\/2025\\\/05\\\/ws_logo.jpg\",\"width\":800,\"height\":235,\"caption\":\"White Sound Ibiza\"},\"image\":{\"@id\":\"https:\\\/\\\/whitesoundibiza.com\\\/es\\\/#\\\/schema\\\/logo\\\/image\\\/\"}}]}<\/script>\n<!-- \/ Yoast SEO plugin. -->","yoast_head_json":{"title":"Alquiler DJM A9 Ibiza | White Sound Ibiza","description":"Alquila la mesa de mezclas Pioneer DJM A9 en Ibiza con White Sound Ibiza. Experimenta la mezcla de 64 bits, los efectos creativos y la grabaci\u00f3n avanzada. \u00a1Reserva hoy mismo!","robots":{"index":"index","follow":"follow","max-snippet":"max-snippet:-1","max-image-preview":"max-image-preview:large","max-video-preview":"max-video-preview:-1"},"canonical":"https:\/\/whitesoundibiza.com\/es\/producto\/pioneer-djm-a9\/","og_locale":"es_ES","og_type":"article","og_title":"Alquiler DJM A9 Ibiza | White Sound Ibiza","og_description":"Alquila la mesa de mezclas Pioneer DJM A9 en Ibiza con White Sound Ibiza. Experimenta la mezcla de 64 bits, los efectos creativos y la grabaci\u00f3n avanzada. \u00a1Reserva hoy mismo!","og_url":"https:\/\/whitesoundibiza.com\/es\/producto\/pioneer-djm-a9\/","og_site_name":"White Sound Ibiza - Delivering Fun","article_modified_time":"2025-08-09T15:41:14+00:00","og_image":[{"width":1000,"height":1000,"url":"https:\/\/whitesoundibiza.com\/wp-content\/uploads\/2024\/11\/Pioneer-DJMA9.jpg","type":"image\/jpeg"}],"twitter_card":"summary_large_image","twitter_misc":{"Tiempo de lectura":"3 minutos"},"schema":{"@context":"https:\/\/schema.org","@graph":[{"@type":"WebPage","@id":"https:\/\/whitesoundibiza.com\/es\/producto\/pioneer-djm-a9\/","url":"https:\/\/whitesoundibiza.com\/es\/producto\/pioneer-djm-a9\/","name":"Alquiler DJM A9 Ibiza | White Sound Ibiza","isPartOf":{"@id":"https:\/\/whitesoundibiza.com\/es\/#website"},"primaryImageOfPage":{"@id":"https:\/\/whitesoundibiza.com\/es\/producto\/pioneer-djm-a9\/#primaryimage"},"image":{"@id":"https:\/\/whitesoundibiza.com\/es\/producto\/pioneer-djm-a9\/#primaryimage"},"thumbnailUrl":"https:\/\/whitesoundibiza.com\/wp-content\/uploads\/2024\/11\/Pioneer-DJMA9.jpg","datePublished":"2024-11-26T15:37:44+00:00","dateModified":"2025-08-09T15:41:14+00:00","description":"Alquila la mesa de mezclas Pioneer DJM A9 en Ibiza con White Sound Ibiza. Experimenta la mezcla de 64 bits, los efectos creativos y la grabaci\u00f3n avanzada. \u00a1Reserva hoy mismo!","breadcrumb":{"@id":"https:\/\/whitesoundibiza.com\/es\/producto\/pioneer-djm-a9\/#breadcrumb"},"inLanguage":"es","potentialAction":[{"@type":"ReadAction","target":["https:\/\/whitesoundibiza.com\/es\/producto\/pioneer-djm-a9\/"]}]},{"@type":"ImageObject","inLanguage":"es","@id":"https:\/\/whitesoundibiza.com\/es\/producto\/pioneer-djm-a9\/#primaryimage","url":"https:\/\/whitesoundibiza.com\/wp-content\/uploads\/2024\/11\/Pioneer-DJMA9.jpg","contentUrl":"https:\/\/whitesoundibiza.com\/wp-content\/uploads\/2024\/11\/Pioneer-DJMA9.jpg","width":1000,"height":1000,"caption":"Mesa de mezclas profesional Pioneer DJM A9 disponible para alquiler en Ibiza en White Sound Ibiza"},{"@type":"BreadcrumbList","@id":"https:\/\/whitesoundibiza.com\/es\/producto\/pioneer-djm-a9\/#breadcrumb","itemListElement":[{"@type":"ListItem","position":1,"name":"Portada","item":"https:\/\/whitesoundibiza.com\/es\/"},{"@type":"ListItem","position":2,"name":"Tienda","item":"https:\/\/whitesoundibiza.com\/es\/tienda\/"},{"@type":"ListItem","position":3,"name":"Pioneer DJM A9"}]},{"@type":"WebSite","@id":"https:\/\/whitesoundibiza.com\/es\/#website","url":"https:\/\/whitesoundibiza.com\/es\/","name":"White Sound Ibiza","description":"Rent Speakers in Ibiza","publisher":{"@id":"https:\/\/whitesoundibiza.com\/es\/#organization"},"potentialAction":[{"@type":"SearchAction","target":{"@type":"EntryPoint","urlTemplate":"https:\/\/whitesoundibiza.com\/es\/?s={search_term_string}"},"query-input":{"@type":"PropertyValueSpecification","valueRequired":true,"valueName":"search_term_string"}}],"inLanguage":"es"},{"@type":"Organization","@id":"https:\/\/whitesoundibiza.com\/es\/#organization","name":"White Sound Ibiza","url":"https:\/\/whitesoundibiza.com\/es\/","logo":{"@type":"ImageObject","inLanguage":"es","@id":"https:\/\/whitesoundibiza.com\/es\/#\/schema\/logo\/image\/","url":"https:\/\/whitesoundibiza.com\/wp-content\/uploads\/2025\/05\/ws_logo.jpg","contentUrl":"https:\/\/whitesoundibiza.com\/wp-content\/uploads\/2025\/05\/ws_logo.jpg","width":800,"height":235,"caption":"White Sound Ibiza"},"image":{"@id":"https:\/\/whitesoundibiza.com\/es\/#\/schema\/logo\/image\/"}}]}},"_links":{"self":[{"href":"https:\/\/whitesoundibiza.com\/es\/wp-json\/wp\/v2\/product\/49244","targetHints":{"allow":["GET"]}}],"collection":[{"href":"https:\/\/whitesoundibiza.com\/es\/wp-json\/wp\/v2\/product"}],"about":[{"href":"https:\/\/whitesoundibiza.com\/es\/wp-json\/wp\/v2\/types\/product"}],"wp:featuredmedia":[{"embeddable":true,"href":"https:\/\/whitesoundibiza.com\/es\/wp-json\/wp\/v2\/media\/47954"}],"wp:attachment":[{"href":"https:\/\/whitesoundibiza.com\/es\/wp-json\/wp\/v2\/media?parent=49244"}],"wp:term":[{"taxonomy":"product_brand","embeddable":true,"href":"https:\/\/whitesoundibiza.com\/es\/wp-json\/wp\/v2\/product_brand?post=49244"},{"taxonomy":"product_cat","embeddable":true,"href":"https:\/\/whitesoundibiza.com\/es\/wp-json\/wp\/v2\/product_cat?post=49244"},{"taxonomy":"product_tag","embeddable":true,"href":"https:\/\/whitesoundibiza.com\/es\/wp-json\/wp\/v2\/product_tag?post=49244"}],"curies":[{"name":"wp","href":"https:\/\/api.w.org\/{rel}","templated":true}]}}