{"id":49242,"date":"2024-11-26T15:37:44","date_gmt":"2024-11-26T15:37:44","guid":{"rendered":"https:\/\/whitesoundibiza.com\/producto\/pioneer-djm-900-nxs2\/"},"modified":"2025-08-09T15:41:14","modified_gmt":"2025-08-09T15:41:14","slug":"pioneer-djm-900-nxs2","status":"publish","type":"product","link":"https:\/\/whitesoundibiza.com\/es\/producto\/pioneer-djm-900-nxs2\/","title":{"rendered":"Pioneer DJM 900 NXS2"},"content":{"rendered":"<p class=\"\" data-start=\"459\" data-end=\"767\">Alquila la Pioneer DJM-900NXS2 en Ibiza para disfrutar de una potencia de mezcla sin igual. Este mezclador insignia ofrece audio pr\u00edstino, control creativo y una fiabilidad s\u00f3lida como una roca. Tanto si pinchas en discotecas, villas de lujo o festivales al aire libre, la DJM-900NXS2 se adapta a tus necesidades y eleva cada set.  <\/p>\n<h3 class=\"\" data-start=\"769\" data-end=\"795\">Motor de mezcla de 64 bits<\/h3>\n<p class=\"\" data-start=\"796\" data-end=\"1056\">La DJM-900NXS2 incorpora un aut\u00e9ntico procesador de mezclas de 64 bits. En consecuencia, reduce el ruido y ampl\u00eda el rango din\u00e1mico. Como resultado, ofrece un sonido limpio y potente a cualquier volumen. Este motor satisface las demandas de los DJ profesionales que buscan una claridad cristalina.   <\/p>\n<h3 class=\"\" data-start=\"1058\" data-end=\"1081\">Suite FX avanzada<\/h3>\n<p class=\"\" data-start=\"1082\" data-end=\"1347\">Puedes elegir entre 14 Beat FX y seis Sound Color FX. Adem\u00e1s, el env\u00edo\/retorno incorporado te permite a\u00f1adir unidades de efectos externas. As\u00ed, puedes crear transiciones y texturas \u00fanicas. Adem\u00e1s, la interfaz personalizable de FX pone los controles al alcance de la mano.   <\/p>\n<h3 class=\"\" data-start=\"1349\" data-end=\"1381\">Pantalla LCD de alta resoluci\u00f3n<\/h3>\n<p class=\"\" data-start=\"1382\" data-end=\"1605\">La brillante pantalla LCD de alta resoluci\u00f3n muestra los BPM, el estado de los efectos y los rangos de tempo. Navega r\u00e1pidamente por los men\u00fas. Adem\u00e1s, muestra gu\u00edas de forma de onda para un ajuste r\u00e1pido de la entrada. As\u00ed, pasas menos tiempo buscando y m\u00e1s tiempo interpretando.   <\/p>\n<h3 class=\"\" data-start=\"1607\" data-end=\"1643\">Integraci\u00f3n perfecta con rekordbox<\/h3>\n<p class=\"\" data-start=\"1644\" data-end=\"1853\">Este mezclador se integra de forma nativa con el software rekordbox DJ. Preparas las pistas con antelaci\u00f3n y accedes a hot cues, loops y listas de reproducci\u00f3n al instante. De este modo, agilizas tu flujo de trabajo y te centras en la creatividad.  <\/p>\n<h3 class=\"\" data-start=\"1855\" data-end=\"1880\">Construcci\u00f3n robusta<\/h3>\n<p class=\"\" data-start=\"1881\" data-end=\"2067\">Su chasis met\u00e1lico resiste el uso intensivo en giras y discotecas. Cada fader y mando cumple rigurosos est\u00e1ndares de durabilidad. Como resultado, puedes confiar en este mezclador concierto tras concierto sin tiempos de inactividad.  <\/p>\n<h3 class=\"\" data-start=\"2069\" data-end=\"2097\">Conectividad vers\u00e1til<\/h3>\n<p class=\"\" data-start=\"2098\" data-end=\"2151\">El DJM-900NXS2 ofrece m\u00faltiples entradas y salidas:<\/p>\n<ul data-start=\"2152\" data-end=\"2377\">\n<li class=\"\" data-start=\"2152\" data-end=\"2187\">\n<p class=\"\" data-start=\"2154\" data-end=\"2187\">Cuatro canales est\u00e9reo (USB, RCA)<\/p>\n<\/li>\n<li class=\"\" data-start=\"2188\" data-end=\"2226\">\n<p class=\"\" data-start=\"2190\" data-end=\"2226\">Dos entradas de micro con ecualizador independiente<\/p>\n<\/li>\n<li class=\"\" data-start=\"2227\" data-end=\"2259\">\n<p class=\"\" data-start=\"2229\" data-end=\"2259\">Salidas XLR de cabina y master<\/p>\n<\/li>\n<li class=\"\" data-start=\"2260\" data-end=\"2377\">\n<p class=\"\" data-start=\"2262\" data-end=\"2377\">Tomas de env\u00edo\/retorno para procesadores externos<br data-start=\"2303\" data-end=\"2306\">Por tanto, conecta micr\u00f3fonos, instrumentos y efectos con facilidad.<\/p>\n<\/li>\n<\/ul>\n<h3 class=\"\" data-start=\"2379\" data-end=\"2405\">Dise\u00f1o f\u00e1cil de usar<\/h3>\n<p class=\"\" data-start=\"2406\" data-end=\"2612\">Todos los controles esenciales est\u00e1n al alcance de la mano. El crossfader Magvel proporciona cortes suaves y precisos. Adem\u00e1s, los faders de canal se deslizan sin esfuerzo. As\u00ed, ejecutas mezclas intrincadas sin distracciones.   <\/p>\n<p class=\"\" data-start=\"2614\" data-end=\"2875\">Alquila el <strong data-start=\"2761\" data-end=\"2788\"><a href=\"https:\/\/www.pioneerdj.com\/es-es\/product\/controller\/?gad_source=1&amp;gad_campaignid=11407494188&amp;gbraid=0AAAAAD3PTCO0EuGWdUJkf-zuhJEo6vSt4&amp;gclid=CjwKCAjwz_bABhAGEiwAm-P8YfT1vqCnlHJ3Ep6fw5sms390zdminZdE58MyzQ7R6s4im0p09ZrjKRoCx38QAvD_BwE\">Pioneer<\/a> <\/strong><strong data-start=\"2623\" data-end=\"2655\"> DJM-900NXS2 en Ibiza<\/strong> desde White Sound Ibiza hoy mismo. Con su vanguardista motor de mezclas, sus potentes efectos, su perfecta integraci\u00f3n de software y su robusta construcci\u00f3n, es la elecci\u00f3n definitiva para cualquier DJ profesional. \u00a1Reserva ahora y transforma tu actuaci\u00f3n!  <\/p>\n<p data-start=\"2614\" data-end=\"2875\">Encuentra m\u00e1s opciones <a href=\"https:\/\/whitesoundibiza.com\/es\/categoria-producto\/equipo-de-dj\/\">aqu\u00ed<\/a>.<\/p>\n<p class=\"\" data-start=\"2614\" data-end=\"2875\"><style id=\"wpforms-css-vars-1077\">\n\t\t\t\t#wpforms-1077 {\n\t\t\t\t\n\t\t\t}\n\t\t\t<\/style><div class=\"wpforms-container wpforms-container-full wpforms-render-modern\" id=\"wpforms-1077\"><form id=\"wpforms-form-1077\" class=\"wpforms-validate wpforms-form wpforms-ajax-form\" data-formid=\"1077\" method=\"post\" enctype=\"multipart\/form-data\" action=\"\/es\/wp-json\/wp\/v2\/product\/49242\" data-token=\"94928534a24cdcc111147f7cbd5189fa\" data-token-time=\"1776968028\"><noscript class=\"wpforms-error-noscript\">Por favor, activa JavaScript en tu navegador para completar este formulario.<\/noscript><div id=\"wpforms-error-noscript\" style=\"display: none;\">Por favor, activa JavaScript en tu navegador para completar este formulario.<\/div><div class=\"wpforms-field-container\"><div id=\"wpforms-1077-field_0-container\" class=\"wpforms-field wpforms-field-name\" data-field-id=\"0\"><fieldset><legend class=\"wpforms-field-label\">Nombre <span class=\"wpforms-required-label\" aria-hidden=\"true\">*<\/span><\/legend><div class=\"wpforms-field-row wpforms-field-medium\"><div class=\"wpforms-field-row-block wpforms-first wpforms-one-half\"><input type=\"text\" id=\"wpforms-1077-field_0\" class=\"wpforms-field-name-first wpforms-field-required\" name=\"wpforms[fields][0][first]\" placeholder=\"Nombre\" aria-errormessage=\"wpforms-1077-field_0-error\" required><label for=\"wpforms-1077-field_0\" class=\"wpforms-field-sublabel after wpforms-sublabel-hide\">Nombre<\/label><\/div><div class=\"wpforms-field-row-block wpforms-one-half\"><input type=\"text\" id=\"wpforms-1077-field_0-last\" class=\"wpforms-field-name-last wpforms-field-required\" name=\"wpforms[fields][0][last]\" placeholder=\"Apellidos\" aria-errormessage=\"wpforms-1077-field_0-last-error\" required><label for=\"wpforms-1077-field_0-last\" class=\"wpforms-field-sublabel after wpforms-sublabel-hide\">Apellidos<\/label><\/div><\/div><\/fieldset><\/div><div id=\"wpforms-1077-field_7-container\" class=\"wpforms-field wpforms-field-layout\" data-field-id=\"7\"><div class=\"wpforms-field-layout-columns wpforms-field-layout-preset-50-50\"><div class=\"wpforms-layout-column wpforms-layout-column-50\" >\t\t<div id=\"wpforms-1077-field_3-container\"\n\t\t\tclass=\"wpforms-field wpforms-field-text\"\n\t\t\tdata-field-type=\"text\"\n\t\t\tdata-field-id=\"3\"\n\t\t\t>\n\t\t\t<label class=\"wpforms-field-label\" for=\"wpforms-1077-field_3\" >Mensaje Dise\u00f1o electr\u00f3nico<\/label>\n\t\t\t<input type=\"text\" id=\"wpforms-1077-field_3\" class=\"wpforms-field-medium\" name=\"wpforms[fields][3]\" >\n\t\t<\/div>\n\t\t<div id=\"wpforms-1077-field_1-container\" class=\"wpforms-field wpforms-field-email\" data-field-id=\"1\"><label class=\"wpforms-field-label\" for=\"wpforms-1077-field_1\">Env\u00eda un correo electr\u00f3nico a <span class=\"wpforms-required-label\" aria-hidden=\"true\">*<\/span><\/label><input type=\"email\" id=\"wpforms-1077-field_1\" class=\"wpforms-field-medium wpforms-field-required\" name=\"wpforms[fields][1]\" spellcheck=\"false\" aria-errormessage=\"wpforms-1077-field_1-error\" required><\/div><\/div><div class=\"wpforms-layout-column wpforms-layout-column-50\" ><div id=\"wpforms-1077-field_8-container\" class=\"wpforms-field wpforms-field-phone\" data-field-id=\"8\"><label class=\"wpforms-field-label\" for=\"wpforms-1077-field_8\">N\u00famero de tel\u00e9fono <span class=\"wpforms-required-label\" aria-hidden=\"true\">*<\/span><\/label><input type=\"tel\" id=\"wpforms-1077-field_8\" class=\"wpforms-field-medium wpforms-field-required wpforms-smart-phone-field\" data-rule-smart-phone-field=\"true\" name=\"wpforms[fields][8]\" aria-label=\"N\u00famero de tel\u00e9fono\" aria-errormessage=\"wpforms-1077-field_8-error\" required><\/div><\/div><\/div><\/div><div id=\"wpforms-1077-field_10-container\" class=\"wpforms-field wpforms-field-layout\" data-field-id=\"10\"><div class=\"wpforms-field-layout-columns wpforms-field-layout-preset-50-50\"><div class=\"wpforms-layout-column wpforms-layout-column-50\" ><div id=\"wpforms-1077-field_4-container\" class=\"wpforms-field wpforms-field-date-time\" data-field-id=\"4\"><label class=\"wpforms-field-label\" for=\"wpforms-1077-field_4\">Desde<\/label><div class=\"wpforms-datepicker-wrap\"><input type=\"text\" id=\"wpforms-1077-field_4\" class=\"wpforms-field-date-time-date wpforms-datepicker wpforms-field-small\" data-date-format=\"m\/d\/Y\" data-disable-past-dates=\"0\" data-input=\"true\" name=\"wpforms[fields][4][date]\" aria-errormessage=\"wpforms-1077-field_4-error\" ><a title=\"Borrar fecha\" data-clear role=\"button\" tabindex=\"0\" class=\"wpforms-datepicker-clear\" aria-label=\"Borrar fecha\" style=\"display:none;\"><\/a><\/div><\/div><\/div><div class=\"wpforms-layout-column wpforms-layout-column-50\" ><div id=\"wpforms-1077-field_9-container\" class=\"wpforms-field wpforms-field-date-time\" data-field-id=\"9\"><label class=\"wpforms-field-label\" for=\"wpforms-1077-field_9\">Hasta<\/label><div class=\"wpforms-datepicker-wrap\"><input type=\"text\" id=\"wpforms-1077-field_9\" class=\"wpforms-field-date-time-date wpforms-datepicker wpforms-field-small\" data-date-format=\"m\/d\/Y\" data-disable-past-dates=\"0\" data-input=\"true\" name=\"wpforms[fields][9][date]\" aria-errormessage=\"wpforms-1077-field_9-error\" ><a title=\"Borrar fecha\" data-clear role=\"button\" tabindex=\"0\" class=\"wpforms-datepicker-clear\" aria-label=\"Borrar fecha\" style=\"display:none;\"><\/a><\/div><\/div><\/div><\/div><\/div><div id=\"wpforms-1077-field_2-container\" class=\"wpforms-field wpforms-field-textarea\" data-field-id=\"2\"><label class=\"wpforms-field-label\" for=\"wpforms-1077-field_2\">Mensaje<\/label><textarea id=\"wpforms-1077-field_2\" class=\"wpforms-field-medium\" name=\"wpforms[fields][2]\" placeholder=\"\u00bfC\u00f3mo podemos ayudarte?\" aria-errormessage=\"wpforms-1077-field_2-error\" ><\/textarea><\/div><script>\n\t\t\t\t( function() {\n\t\t\t\t\tconst style = document.createElement( 'style' );\n\t\t\t\t\tstyle.appendChild( document.createTextNode( '#wpforms-1077-field_3-container { position: absolute !important; overflow: hidden !important; display: inline !important; height: 1px !important; width: 1px !important; z-index: -1000 !important; padding: 0 !important; } #wpforms-1077-field_3-container input { visibility: hidden; } #wpforms-conversational-form-page #wpforms-1077-field_3-container label { counter-increment: none; }' ) );\n\t\t\t\t\tdocument.head.appendChild( style );\n\t\t\t\t\tdocument.currentScript?.remove();\n\t\t\t\t} )();\n\t\t\t<\/script><\/div><!-- .wpforms-field-container --><div class=\"wpforms-recaptcha-container wpforms-is-recaptcha wpforms-is-recaptcha-type-v2\" ><div class=\"g-recaptcha\" data-sitekey=\"6LeS7gEkAAAAAO-EsXRwxTakHs6Q_9Z0rQYHkIS5\"><\/div><input type=\"text\" name=\"g-recaptcha-hidden\" class=\"wpforms-recaptcha-hidden\" style=\"position:absolute!important;clip:rect(0,0,0,0)!important;height:1px!important;width:1px!important;border:0!important;overflow:hidden!important;padding:0!important;margin:0!important;\" data-rule-recaptcha=\"1\"><\/div><div class=\"wpforms-submit-container\" ><input type=\"hidden\" name=\"wpforms[id]\" value=\"1077\"><input type=\"hidden\" name=\"page_title\" value=\"\"><input type=\"hidden\" name=\"page_url\" value=\"https:\/\/whitesoundibiza.com\/es\/wp-json\/wp\/v2\/product\/49242\"><input type=\"hidden\" name=\"url_referer\" value=\"\"><button type=\"submit\" name=\"wpforms[submit]\" id=\"wpforms-submit-1077\" class=\"wpforms-submit\" data-alt-text=\"Enviando...\" data-submit-text=\"Env\u00eda\" aria-live=\"assertive\" value=\"wpforms-submit\">Env\u00eda<\/button><img decoding=\"async\" src=\"https:\/\/whitesoundibiza.com\/wp-content\/plugins\/wpforms\/assets\/images\/submit-spin.svg\" class=\"wpforms-submit-spinner\" style=\"display: none;\" width=\"26\" height=\"26\" alt=\"Cargando\"><\/div><\/form><\/div>  <!-- .wpforms-container --><\/p>\n<p data-start=\"2614\" data-end=\"2875\">\n<p data-start=\"2614\" data-end=\"2875\">\n","protected":false},"excerpt":{"rendered":"<p>El Pioneer DJM 900 NXS2 es un mezclador de 4 canales de gama alta, perfecto para mezclar sin problemas y controlar el sonido de forma creativa. Ideal para noches de club, festivales y eventos de lujo en Ibiza. <\/p>\n","protected":false},"featured_media":47955,"template":"","meta":{"_joinchat":[]},"product_brand":[157],"product_cat":[189],"product_tag":[],"class_list":{"0":"post-49242","1":"product","2":"type-product","3":"status-publish","4":"has-post-thumbnail","6":"product_brand-pioneer","7":"product_cat-mezclador-dj","9":"first","10":"instock","11":"taxable","12":"shipping-taxable","13":"purchasable","14":"product-type-rentable"},"yoast_head":"<!-- This site is optimized with the Yoast SEO plugin v27.4 - https:\/\/yoast.com\/product\/yoast-seo-wordpress\/ -->\n<title>Alquiler DJM 900 NXS2 Ibiza | White Sound Ibiza<\/title>\n<meta name=\"description\" content=\"Alquila la mesa de mezclas Pioneer DJM 900 NXS2 en Ibiza con White Sound Ibiza. Mezclas de 64 bits de alto rendimiento, efectos integrados y una estructura robusta para sesiones de DJ de alto nivel.\" \/>\n<meta name=\"robots\" content=\"index, follow, max-snippet:-1, max-image-preview:large, max-video-preview:-1\" \/>\n<link rel=\"canonical\" href=\"https:\/\/whitesoundibiza.com\/es\/producto\/pioneer-djm-900-nxs2\/\" \/>\n<meta property=\"og:locale\" content=\"es_ES\" \/>\n<meta property=\"og:type\" content=\"article\" \/>\n<meta property=\"og:title\" content=\"Alquiler DJM 900 NXS2 Ibiza | White Sound Ibiza\" \/>\n<meta property=\"og:description\" content=\"Alquila la mesa de mezclas Pioneer DJM 900 NXS2 en Ibiza con White Sound Ibiza. Mezclas de 64 bits de alto rendimiento, efectos integrados y una estructura robusta para sesiones de DJ de alto nivel.\" \/>\n<meta property=\"og:url\" content=\"https:\/\/whitesoundibiza.com\/es\/producto\/pioneer-djm-900-nxs2\/\" \/>\n<meta property=\"og:site_name\" content=\"White Sound Ibiza - Delivering Fun\" \/>\n<meta property=\"article:modified_time\" content=\"2025-08-09T15:41:14+00:00\" \/>\n<meta property=\"og:image\" content=\"https:\/\/whitesoundibiza.com\/wp-content\/uploads\/2024\/11\/Pioneer_DJM900NXS2.jpg\" \/>\n\t<meta property=\"og:image:width\" content=\"1000\" \/>\n\t<meta property=\"og:image:height\" content=\"1000\" \/>\n\t<meta property=\"og:image:type\" content=\"image\/jpeg\" \/>\n<meta name=\"twitter:card\" content=\"summary_large_image\" \/>\n<meta name=\"twitter:label1\" content=\"Tiempo de lectura\" \/>\n\t<meta name=\"twitter:data1\" content=\"2 minutos\" \/>\n<script type=\"application\/ld+json\" class=\"yoast-schema-graph\">{\"@context\":\"https:\\\/\\\/schema.org\",\"@graph\":[{\"@type\":\"WebPage\",\"@id\":\"https:\\\/\\\/whitesoundibiza.com\\\/es\\\/producto\\\/pioneer-djm-900-nxs2\\\/\",\"url\":\"https:\\\/\\\/whitesoundibiza.com\\\/es\\\/producto\\\/pioneer-djm-900-nxs2\\\/\",\"name\":\"Alquiler DJM 900 NXS2 Ibiza | White Sound Ibiza\",\"isPartOf\":{\"@id\":\"https:\\\/\\\/whitesoundibiza.com\\\/es\\\/#website\"},\"primaryImageOfPage\":{\"@id\":\"https:\\\/\\\/whitesoundibiza.com\\\/es\\\/producto\\\/pioneer-djm-900-nxs2\\\/#primaryimage\"},\"image\":{\"@id\":\"https:\\\/\\\/whitesoundibiza.com\\\/es\\\/producto\\\/pioneer-djm-900-nxs2\\\/#primaryimage\"},\"thumbnailUrl\":\"https:\\\/\\\/whitesoundibiza.com\\\/wp-content\\\/uploads\\\/2024\\\/11\\\/Pioneer_DJM900NXS2.jpg\",\"datePublished\":\"2024-11-26T15:37:44+00:00\",\"dateModified\":\"2025-08-09T15:41:14+00:00\",\"description\":\"Alquila la mesa de mezclas Pioneer DJM 900 NXS2 en Ibiza con White Sound Ibiza. Mezclas de 64 bits de alto rendimiento, efectos integrados y una estructura robusta para sesiones de DJ de alto nivel.\",\"breadcrumb\":{\"@id\":\"https:\\\/\\\/whitesoundibiza.com\\\/es\\\/producto\\\/pioneer-djm-900-nxs2\\\/#breadcrumb\"},\"inLanguage\":\"es\",\"potentialAction\":[{\"@type\":\"ReadAction\",\"target\":[\"https:\\\/\\\/whitesoundibiza.com\\\/es\\\/producto\\\/pioneer-djm-900-nxs2\\\/\"]}]},{\"@type\":\"ImageObject\",\"inLanguage\":\"es\",\"@id\":\"https:\\\/\\\/whitesoundibiza.com\\\/es\\\/producto\\\/pioneer-djm-900-nxs2\\\/#primaryimage\",\"url\":\"https:\\\/\\\/whitesoundibiza.com\\\/wp-content\\\/uploads\\\/2024\\\/11\\\/Pioneer_DJM900NXS2.jpg\",\"contentUrl\":\"https:\\\/\\\/whitesoundibiza.com\\\/wp-content\\\/uploads\\\/2024\\\/11\\\/Pioneer_DJM900NXS2.jpg\",\"width\":1000,\"height\":1000,\"caption\":\"Mezclador DJ profesional Pioneer DJM-900NXS2 disponible para alquiler en Ibiza en White Sound Ibiza\"},{\"@type\":\"BreadcrumbList\",\"@id\":\"https:\\\/\\\/whitesoundibiza.com\\\/es\\\/producto\\\/pioneer-djm-900-nxs2\\\/#breadcrumb\",\"itemListElement\":[{\"@type\":\"ListItem\",\"position\":1,\"name\":\"Portada\",\"item\":\"https:\\\/\\\/whitesoundibiza.com\\\/es\\\/\"},{\"@type\":\"ListItem\",\"position\":2,\"name\":\"Tienda\",\"item\":\"https:\\\/\\\/whitesoundibiza.com\\\/es\\\/tienda\\\/\"},{\"@type\":\"ListItem\",\"position\":3,\"name\":\"Pioneer DJM 900 NXS2\"}]},{\"@type\":\"WebSite\",\"@id\":\"https:\\\/\\\/whitesoundibiza.com\\\/es\\\/#website\",\"url\":\"https:\\\/\\\/whitesoundibiza.com\\\/es\\\/\",\"name\":\"White Sound Ibiza\",\"description\":\"Rent Speakers in Ibiza\",\"publisher\":{\"@id\":\"https:\\\/\\\/whitesoundibiza.com\\\/es\\\/#organization\"},\"potentialAction\":[{\"@type\":\"SearchAction\",\"target\":{\"@type\":\"EntryPoint\",\"urlTemplate\":\"https:\\\/\\\/whitesoundibiza.com\\\/es\\\/?s={search_term_string}\"},\"query-input\":{\"@type\":\"PropertyValueSpecification\",\"valueRequired\":true,\"valueName\":\"search_term_string\"}}],\"inLanguage\":\"es\"},{\"@type\":\"Organization\",\"@id\":\"https:\\\/\\\/whitesoundibiza.com\\\/es\\\/#organization\",\"name\":\"White Sound Ibiza\",\"url\":\"https:\\\/\\\/whitesoundibiza.com\\\/es\\\/\",\"logo\":{\"@type\":\"ImageObject\",\"inLanguage\":\"es\",\"@id\":\"https:\\\/\\\/whitesoundibiza.com\\\/es\\\/#\\\/schema\\\/logo\\\/image\\\/\",\"url\":\"https:\\\/\\\/whitesoundibiza.com\\\/wp-content\\\/uploads\\\/2025\\\/05\\\/ws_logo.jpg\",\"contentUrl\":\"https:\\\/\\\/whitesoundibiza.com\\\/wp-content\\\/uploads\\\/2025\\\/05\\\/ws_logo.jpg\",\"width\":800,\"height\":235,\"caption\":\"White Sound Ibiza\"},\"image\":{\"@id\":\"https:\\\/\\\/whitesoundibiza.com\\\/es\\\/#\\\/schema\\\/logo\\\/image\\\/\"}}]}<\/script>\n<!-- \/ Yoast SEO plugin. -->","yoast_head_json":{"title":"Alquiler DJM 900 NXS2 Ibiza | White Sound Ibiza","description":"Alquila la mesa de mezclas Pioneer DJM 900 NXS2 en Ibiza con White Sound Ibiza. Mezclas de 64 bits de alto rendimiento, efectos integrados y una estructura robusta para sesiones de DJ de alto nivel.","robots":{"index":"index","follow":"follow","max-snippet":"max-snippet:-1","max-image-preview":"max-image-preview:large","max-video-preview":"max-video-preview:-1"},"canonical":"https:\/\/whitesoundibiza.com\/es\/producto\/pioneer-djm-900-nxs2\/","og_locale":"es_ES","og_type":"article","og_title":"Alquiler DJM 900 NXS2 Ibiza | White Sound Ibiza","og_description":"Alquila la mesa de mezclas Pioneer DJM 900 NXS2 en Ibiza con White Sound Ibiza. Mezclas de 64 bits de alto rendimiento, efectos integrados y una estructura robusta para sesiones de DJ de alto nivel.","og_url":"https:\/\/whitesoundibiza.com\/es\/producto\/pioneer-djm-900-nxs2\/","og_site_name":"White Sound Ibiza - Delivering Fun","article_modified_time":"2025-08-09T15:41:14+00:00","og_image":[{"width":1000,"height":1000,"url":"https:\/\/whitesoundibiza.com\/wp-content\/uploads\/2024\/11\/Pioneer_DJM900NXS2.jpg","type":"image\/jpeg"}],"twitter_card":"summary_large_image","twitter_misc":{"Tiempo de lectura":"2 minutos"},"schema":{"@context":"https:\/\/schema.org","@graph":[{"@type":"WebPage","@id":"https:\/\/whitesoundibiza.com\/es\/producto\/pioneer-djm-900-nxs2\/","url":"https:\/\/whitesoundibiza.com\/es\/producto\/pioneer-djm-900-nxs2\/","name":"Alquiler DJM 900 NXS2 Ibiza | White Sound Ibiza","isPartOf":{"@id":"https:\/\/whitesoundibiza.com\/es\/#website"},"primaryImageOfPage":{"@id":"https:\/\/whitesoundibiza.com\/es\/producto\/pioneer-djm-900-nxs2\/#primaryimage"},"image":{"@id":"https:\/\/whitesoundibiza.com\/es\/producto\/pioneer-djm-900-nxs2\/#primaryimage"},"thumbnailUrl":"https:\/\/whitesoundibiza.com\/wp-content\/uploads\/2024\/11\/Pioneer_DJM900NXS2.jpg","datePublished":"2024-11-26T15:37:44+00:00","dateModified":"2025-08-09T15:41:14+00:00","description":"Alquila la mesa de mezclas Pioneer DJM 900 NXS2 en Ibiza con White Sound Ibiza. Mezclas de 64 bits de alto rendimiento, efectos integrados y una estructura robusta para sesiones de DJ de alto nivel.","breadcrumb":{"@id":"https:\/\/whitesoundibiza.com\/es\/producto\/pioneer-djm-900-nxs2\/#breadcrumb"},"inLanguage":"es","potentialAction":[{"@type":"ReadAction","target":["https:\/\/whitesoundibiza.com\/es\/producto\/pioneer-djm-900-nxs2\/"]}]},{"@type":"ImageObject","inLanguage":"es","@id":"https:\/\/whitesoundibiza.com\/es\/producto\/pioneer-djm-900-nxs2\/#primaryimage","url":"https:\/\/whitesoundibiza.com\/wp-content\/uploads\/2024\/11\/Pioneer_DJM900NXS2.jpg","contentUrl":"https:\/\/whitesoundibiza.com\/wp-content\/uploads\/2024\/11\/Pioneer_DJM900NXS2.jpg","width":1000,"height":1000,"caption":"Mezclador DJ profesional Pioneer DJM-900NXS2 disponible para alquiler en Ibiza en White Sound Ibiza"},{"@type":"BreadcrumbList","@id":"https:\/\/whitesoundibiza.com\/es\/producto\/pioneer-djm-900-nxs2\/#breadcrumb","itemListElement":[{"@type":"ListItem","position":1,"name":"Portada","item":"https:\/\/whitesoundibiza.com\/es\/"},{"@type":"ListItem","position":2,"name":"Tienda","item":"https:\/\/whitesoundibiza.com\/es\/tienda\/"},{"@type":"ListItem","position":3,"name":"Pioneer DJM 900 NXS2"}]},{"@type":"WebSite","@id":"https:\/\/whitesoundibiza.com\/es\/#website","url":"https:\/\/whitesoundibiza.com\/es\/","name":"White Sound Ibiza","description":"Rent Speakers in Ibiza","publisher":{"@id":"https:\/\/whitesoundibiza.com\/es\/#organization"},"potentialAction":[{"@type":"SearchAction","target":{"@type":"EntryPoint","urlTemplate":"https:\/\/whitesoundibiza.com\/es\/?s={search_term_string}"},"query-input":{"@type":"PropertyValueSpecification","valueRequired":true,"valueName":"search_term_string"}}],"inLanguage":"es"},{"@type":"Organization","@id":"https:\/\/whitesoundibiza.com\/es\/#organization","name":"White Sound Ibiza","url":"https:\/\/whitesoundibiza.com\/es\/","logo":{"@type":"ImageObject","inLanguage":"es","@id":"https:\/\/whitesoundibiza.com\/es\/#\/schema\/logo\/image\/","url":"https:\/\/whitesoundibiza.com\/wp-content\/uploads\/2025\/05\/ws_logo.jpg","contentUrl":"https:\/\/whitesoundibiza.com\/wp-content\/uploads\/2025\/05\/ws_logo.jpg","width":800,"height":235,"caption":"White Sound Ibiza"},"image":{"@id":"https:\/\/whitesoundibiza.com\/es\/#\/schema\/logo\/image\/"}}]}},"_links":{"self":[{"href":"https:\/\/whitesoundibiza.com\/es\/wp-json\/wp\/v2\/product\/49242","targetHints":{"allow":["GET"]}}],"collection":[{"href":"https:\/\/whitesoundibiza.com\/es\/wp-json\/wp\/v2\/product"}],"about":[{"href":"https:\/\/whitesoundibiza.com\/es\/wp-json\/wp\/v2\/types\/product"}],"wp:featuredmedia":[{"embeddable":true,"href":"https:\/\/whitesoundibiza.com\/es\/wp-json\/wp\/v2\/media\/47955"}],"wp:attachment":[{"href":"https:\/\/whitesoundibiza.com\/es\/wp-json\/wp\/v2\/media?parent=49242"}],"wp:term":[{"taxonomy":"product_brand","embeddable":true,"href":"https:\/\/whitesoundibiza.com\/es\/wp-json\/wp\/v2\/product_brand?post=49242"},{"taxonomy":"product_cat","embeddable":true,"href":"https:\/\/whitesoundibiza.com\/es\/wp-json\/wp\/v2\/product_cat?post=49242"},{"taxonomy":"product_tag","embeddable":true,"href":"https:\/\/whitesoundibiza.com\/es\/wp-json\/wp\/v2\/product_tag?post=49242"}],"curies":[{"name":"wp","href":"https:\/\/api.w.org\/{rel}","templated":true}]}}