{"id":49230,"date":"2025-01-31T16:02:27","date_gmt":"2025-01-31T16:02:27","guid":{"rendered":"https:\/\/whitesoundibiza.com\/producto\/forma-focal-65\/"},"modified":"2025-08-09T15:41:46","modified_gmt":"2025-08-09T15:41:46","slug":"forma-focal-65","status":"publish","type":"product","link":"https:\/\/whitesoundibiza.com\/es\/producto\/forma-focal-65\/","title":{"rendered":"Forma focal 65"},"content":{"rendered":"<p class=\"\" data-start=\"679\" data-end=\"1219\">Cuando <strong data-start=\"688\" data-end=\"717\">alquilas focal shape 65 ibiza<\/strong>, te aseguras un monitor de campo cercano de alta resoluci\u00f3n.<br data-start=\"766\" data-end=\"769\">El woofer de 6,5\u2033 de compuesto de lino proporciona unos graves y medios naturales y precisos.<br data-start=\"838\" data-end=\"841\">Un tweeter de c\u00fapula invertida de aluminio garantiza un detalle claro en las altas frecuencias.<br data-start=\"911\" data-end=\"914\">La amplificaci\u00f3n de clase AB proporciona una potencia de 70 W en LF y 50 W en HF.<br data-start=\"972\" data-end=\"975\">El puerto frontal de graves ampl\u00eda la respuesta en las frecuencias bajas hasta 40 Hz.<br data-start=\"1034\" data-end=\"1037\">El dise\u00f1o de los transductores coaxiales de focal garantiza una alineaci\u00f3n temporal y una imagen precisas.<br data-start=\"1110\" data-end=\"1113\">Inf\u00f3rmate sobre el <a class=\"\" href=\"https:\/\/en.wikipedia.org\/wiki\/Coaxial_speaker\" target=\"_new\" rel=\"noopener\" data-start=\"1125\" data-end=\"1196\">dise\u00f1o de los altavoces coaxiales<\/a> para conocer el contexto t\u00e9cnico.<\/p>\n<h3 class=\"\" data-start=\"1221\" data-end=\"1241\">Dise\u00f1o y construcci\u00f3n<\/h3>\n<p class=\"\" data-start=\"1242\" data-end=\"1694\">El recinto de la Shape 65 utiliza MDF no resonante con bordes redondeados.<br data-start=\"1308\" data-end=\"1311\">Los conos de s\u00e1ndwich de lino combinan ligereza y amortiguaci\u00f3n para conseguir un tono natural.<br data-start=\"1379\" data-end=\"1382\">Los tweeters de c\u00fapula invertida de aluminio resisten la distorsi\u00f3n a altos niveles de presi\u00f3n sonora.<br data-start=\"1444\" data-end=\"1447\">Las rejillas magn\u00e9ticas protegen los transductores y permiten desmontarlos r\u00e1pidamente.<br data-start=\"1504\" data-end=\"1507\">Las inserciones de espuma del panel trasero te permiten ajustar la respuesta de graves en salas peque\u00f1as.<br data-start=\"1576\" data-end=\"1579\">Consulta las <a class=\"cursor-pointer\" target=\"_new\" rel=\"noopener\" data-start=\"1588\" data-end=\"1681\">especificaciones t\u00e9cnicas<\/a> completas para obtener m\u00e1s detalles.<\/p>\n<h3 class=\"\" data-start=\"1696\" data-end=\"1722\">Rendimiento ac\u00fastico<\/h3>\n<p class=\"\" data-start=\"1723\" data-end=\"2069\">La respuesta en frecuencia abarca de 40 Hz a 35 kHz (\u00b13 dB) para una reproducci\u00f3n precisa.<br data-start=\"1795\" data-end=\"1798\">La gu\u00eda de ondas con control de directividad modela la dispersi\u00f3n para un amplio punto dulce.<br data-start=\"1866\" data-end=\"1869\">La baja distorsi\u00f3n (&lt; 0,5%) garantiza un sonido fiel a cualquier nivel.<br data-start=\"1929\" data-end=\"1932\">La alta capacidad SPL de hasta 104 dB evita los artefactos de compresi\u00f3n.<br data-start=\"1994\" data-end=\"1997\">El puerto frontal integrado elimina los problemas de reflexi\u00f3n trasera cerca de los l\u00edmites.<\/p>\n<h3 class=\"\" data-start=\"2071\" data-end=\"2100\">Conectividad y controles<\/h3>\n<p class=\"\" data-start=\"2101\" data-end=\"2463\">Las entradas XLR y TRS balanceadas aceptan fuentes profesionales.<br data-start=\"2157\" data-end=\"2160\">La entrada RCA no balanceada admite dispositivos de consumo cuando es necesario.<br data-start=\"2219\" data-end=\"2222\">Un mando de volumen y un ajuste de sala de tres posiciones optimizan la colocaci\u00f3n.<br data-start=\"2290\" data-end=\"2293\">La alimentaci\u00f3n en modo de espera autom\u00e1tico ahorra energ\u00eda cuando no hay se\u00f1al.<br data-start=\"2351\" data-end=\"2354\">Inf\u00f3rmate sobre <a class=\"\" href=\"https:\/\/en.wikipedia.org\/wiki\/Active_loudspeaker\" target=\"_new\" rel=\"noopener\" data-start=\"2366\" data-end=\"2437\">los altavoces<\/a> activos para comprenderlos mejor.<\/p>\n<h3 class=\"\" data-start=\"2465\" data-end=\"2500\">Aplicaciones<\/h3>\n<p class=\"\" data-start=\"2501\" data-end=\"2897\">Tanto si <strong data-start=\"2513\" data-end=\"2542\">alquilas el ibiza focal shape 65<\/strong> para mezclar, masterizar o retransmitir, es excelente.<br data-start=\"2590\" data-end=\"2593\">Los estudios de proyectos se benefician de sus dimensiones compactas y su alta fidelidad.<br data-start=\"2663\" data-end=\"2666\">Las salas de postproducci\u00f3n conf\u00edan en su equilibrio tonal transparente.<br data-start=\"2727\" data-end=\"2730\">Explora nuestros <a class=\"cursor-pointer\" rel=\"noopener\" data-start=\"2829\" data-end=\"2867\">alquileres<\/a> <a class=\"cursor-pointer\" rel=\"noopener\" data-start=\"2742\" data-end=\"2792\">de monitores de estudio<\/a> para encontrar parejas a juego.<br data-start=\"2812\" data-end=\"2815\">Comb\u00ednalo con nuestros alquileres de mezcladores de audio para configuraciones completas de sala de control.<\/p>\n<h3 class=\"\" data-start=\"2899\" data-end=\"2921\">Alquiler y asistencia<\/h3>\n<p class=\"\" data-start=\"2922\" data-end=\"3295\">White Sound Ibiza se encarga de la entrega y recogida en cualquier punto de la isla.<br data-start=\"2991\" data-end=\"2994\">Nuestros t\u00e9cnicos calibran los ajustes de la sala y el volumen in situ.<br data-start=\"3053\" data-end=\"3056\">La flexibilidad de horarios garantiza que el monitor llegue exactamente cuando lo necesites.<br data-start=\"3209\" data-end=\"3212\">\u00a1Reserva ahora para <strong data-start=\"3227\" data-end=\"3256\">alquilar focal shape 65 ibiza<\/strong> y eleva la precisi\u00f3n de tu monitorizaci\u00f3n!<\/p>\n<style id=\"wpforms-css-vars-1077\">\n\t\t\t\t#wpforms-1077 {\n\t\t\t\t\n\t\t\t}\n\t\t\t<\/style><div class=\"wpforms-container wpforms-container-full wpforms-render-modern\" id=\"wpforms-1077\"><form id=\"wpforms-form-1077\" class=\"wpforms-validate wpforms-form wpforms-ajax-form\" data-formid=\"1077\" method=\"post\" enctype=\"multipart\/form-data\" action=\"\/es\/wp-json\/wp\/v2\/product\/49230\" data-token=\"34e6f77f38251e9479cffb49aae33134\" data-token-time=\"1776993841\"><noscript class=\"wpforms-error-noscript\">Por favor, activa JavaScript en tu navegador para completar este formulario.<\/noscript><div id=\"wpforms-error-noscript\" style=\"display: none;\">Por favor, activa JavaScript en tu navegador para completar este formulario.<\/div><div class=\"wpforms-field-container\"><div id=\"wpforms-1077-field_0-container\" class=\"wpforms-field wpforms-field-name\" data-field-id=\"0\"><fieldset><legend class=\"wpforms-field-label\">Nombre <span class=\"wpforms-required-label\" aria-hidden=\"true\">*<\/span><\/legend><div class=\"wpforms-field-row wpforms-field-medium\"><div class=\"wpforms-field-row-block wpforms-first wpforms-one-half\"><input type=\"text\" id=\"wpforms-1077-field_0\" class=\"wpforms-field-name-first wpforms-field-required\" name=\"wpforms[fields][0][first]\" placeholder=\"Nombre\" aria-errormessage=\"wpforms-1077-field_0-error\" required><label for=\"wpforms-1077-field_0\" class=\"wpforms-field-sublabel after wpforms-sublabel-hide\">Nombre<\/label><\/div><div class=\"wpforms-field-row-block wpforms-one-half\"><input type=\"text\" id=\"wpforms-1077-field_0-last\" class=\"wpforms-field-name-last wpforms-field-required\" name=\"wpforms[fields][0][last]\" placeholder=\"Apellidos\" aria-errormessage=\"wpforms-1077-field_0-last-error\" required><label for=\"wpforms-1077-field_0-last\" class=\"wpforms-field-sublabel after wpforms-sublabel-hide\">Apellidos<\/label><\/div><\/div><\/fieldset><\/div>\t\t<div id=\"wpforms-1077-field_3-container\"\n\t\t\tclass=\"wpforms-field wpforms-field-text\"\n\t\t\tdata-field-type=\"text\"\n\t\t\tdata-field-id=\"3\"\n\t\t\t>\n\t\t\t<label class=\"wpforms-field-label\" for=\"wpforms-1077-field_3\" >a Mensaje Nombre<\/label>\n\t\t\t<input type=\"text\" id=\"wpforms-1077-field_3\" class=\"wpforms-field-medium\" name=\"wpforms[fields][3]\" >\n\t\t<\/div>\n\t\t<div id=\"wpforms-1077-field_7-container\" class=\"wpforms-field wpforms-field-layout\" data-field-id=\"7\"><div class=\"wpforms-field-layout-columns wpforms-field-layout-preset-50-50\"><div class=\"wpforms-layout-column wpforms-layout-column-50\" ><div id=\"wpforms-1077-field_1-container\" class=\"wpforms-field wpforms-field-email\" data-field-id=\"1\"><label class=\"wpforms-field-label\" for=\"wpforms-1077-field_1\">Env\u00eda un correo electr\u00f3nico a <span class=\"wpforms-required-label\" aria-hidden=\"true\">*<\/span><\/label><input type=\"email\" id=\"wpforms-1077-field_1\" class=\"wpforms-field-medium wpforms-field-required\" name=\"wpforms[fields][1]\" spellcheck=\"false\" aria-errormessage=\"wpforms-1077-field_1-error\" required><\/div><\/div><div class=\"wpforms-layout-column wpforms-layout-column-50\" ><div id=\"wpforms-1077-field_8-container\" class=\"wpforms-field wpforms-field-phone\" data-field-id=\"8\"><label class=\"wpforms-field-label\" for=\"wpforms-1077-field_8\">N\u00famero de tel\u00e9fono <span class=\"wpforms-required-label\" aria-hidden=\"true\">*<\/span><\/label><input type=\"tel\" id=\"wpforms-1077-field_8\" class=\"wpforms-field-medium wpforms-field-required wpforms-smart-phone-field\" data-rule-smart-phone-field=\"true\" name=\"wpforms[fields][8]\" aria-label=\"N\u00famero de tel\u00e9fono\" aria-errormessage=\"wpforms-1077-field_8-error\" required><\/div><\/div><\/div><\/div><div id=\"wpforms-1077-field_10-container\" class=\"wpforms-field wpforms-field-layout\" data-field-id=\"10\"><div class=\"wpforms-field-layout-columns wpforms-field-layout-preset-50-50\"><div class=\"wpforms-layout-column wpforms-layout-column-50\" ><div id=\"wpforms-1077-field_4-container\" class=\"wpforms-field wpforms-field-date-time\" data-field-id=\"4\"><label class=\"wpforms-field-label\" for=\"wpforms-1077-field_4\">Desde<\/label><div class=\"wpforms-datepicker-wrap\"><input type=\"text\" id=\"wpforms-1077-field_4\" class=\"wpforms-field-date-time-date wpforms-datepicker wpforms-field-small\" data-date-format=\"m\/d\/Y\" data-disable-past-dates=\"0\" data-input=\"true\" name=\"wpforms[fields][4][date]\" aria-errormessage=\"wpforms-1077-field_4-error\" ><a title=\"Borrar fecha\" data-clear role=\"button\" tabindex=\"0\" class=\"wpforms-datepicker-clear\" aria-label=\"Borrar fecha\" style=\"display:none;\"><\/a><\/div><\/div><\/div><div class=\"wpforms-layout-column wpforms-layout-column-50\" ><div id=\"wpforms-1077-field_9-container\" class=\"wpforms-field wpforms-field-date-time\" data-field-id=\"9\"><label class=\"wpforms-field-label\" for=\"wpforms-1077-field_9\">Hasta<\/label><div class=\"wpforms-datepicker-wrap\"><input type=\"text\" id=\"wpforms-1077-field_9\" class=\"wpforms-field-date-time-date wpforms-datepicker wpforms-field-small\" data-date-format=\"m\/d\/Y\" data-disable-past-dates=\"0\" data-input=\"true\" name=\"wpforms[fields][9][date]\" aria-errormessage=\"wpforms-1077-field_9-error\" ><a title=\"Borrar fecha\" data-clear role=\"button\" tabindex=\"0\" class=\"wpforms-datepicker-clear\" aria-label=\"Borrar fecha\" style=\"display:none;\"><\/a><\/div><\/div><\/div><\/div><\/div><div id=\"wpforms-1077-field_2-container\" class=\"wpforms-field wpforms-field-textarea\" data-field-id=\"2\"><label class=\"wpforms-field-label\" for=\"wpforms-1077-field_2\">Mensaje<\/label><textarea id=\"wpforms-1077-field_2\" class=\"wpforms-field-medium\" name=\"wpforms[fields][2]\" placeholder=\"\u00bfC\u00f3mo podemos ayudarte?\" aria-errormessage=\"wpforms-1077-field_2-error\" ><\/textarea><\/div><script>\n\t\t\t\t( function() {\n\t\t\t\t\tconst style = document.createElement( 'style' );\n\t\t\t\t\tstyle.appendChild( document.createTextNode( '#wpforms-1077-field_3-container { position: absolute !important; overflow: hidden !important; display: inline !important; height: 1px !important; width: 1px !important; z-index: -1000 !important; padding: 0 !important; } #wpforms-1077-field_3-container input { visibility: hidden; } #wpforms-conversational-form-page #wpforms-1077-field_3-container label { counter-increment: none; }' ) );\n\t\t\t\t\tdocument.head.appendChild( style );\n\t\t\t\t\tdocument.currentScript?.remove();\n\t\t\t\t} )();\n\t\t\t<\/script><\/div><!-- .wpforms-field-container --><div class=\"wpforms-recaptcha-container wpforms-is-recaptcha wpforms-is-recaptcha-type-v2\" ><div class=\"g-recaptcha\" data-sitekey=\"6LeS7gEkAAAAAO-EsXRwxTakHs6Q_9Z0rQYHkIS5\"><\/div><input type=\"text\" name=\"g-recaptcha-hidden\" class=\"wpforms-recaptcha-hidden\" style=\"position:absolute!important;clip:rect(0,0,0,0)!important;height:1px!important;width:1px!important;border:0!important;overflow:hidden!important;padding:0!important;margin:0!important;\" data-rule-recaptcha=\"1\"><\/div><div class=\"wpforms-submit-container\" ><input type=\"hidden\" name=\"wpforms[id]\" value=\"1077\"><input type=\"hidden\" name=\"page_title\" value=\"\"><input type=\"hidden\" name=\"page_url\" value=\"https:\/\/whitesoundibiza.com\/es\/wp-json\/wp\/v2\/product\/49230\"><input type=\"hidden\" name=\"url_referer\" value=\"\"><button type=\"submit\" name=\"wpforms[submit]\" id=\"wpforms-submit-1077\" class=\"wpforms-submit\" data-alt-text=\"Enviando...\" data-submit-text=\"Env\u00eda\" aria-live=\"assertive\" value=\"wpforms-submit\">Env\u00eda<\/button><img decoding=\"async\" src=\"https:\/\/whitesoundibiza.com\/wp-content\/plugins\/wpforms\/assets\/images\/submit-spin.svg\" class=\"wpforms-submit-spinner\" style=\"display: none;\" width=\"26\" height=\"26\" alt=\"Cargando\"><\/div><\/form><\/div>  <!-- .wpforms-container -->\n","protected":false},"excerpt":{"rendered":"<p class=\"\" data-start=\"284\" data-end=\"471\">Woofer de compuesto de lino de 6,5\u2033, tweeter de c\u00fapula invertida, amplificaci\u00f3n de clase AB, puerto frontal de graves y amplia respuesta de 40 Hz-35 kHz, ideal para una monitorizaci\u00f3n precisa de campo cercano.<\/p>\n<p class=\"\" data-start=\"473\" data-end=\"641\">\n","protected":false},"featured_media":48029,"template":"","meta":{"_joinchat":[]},"product_brand":[],"product_cat":[170],"product_tag":[],"class_list":{"0":"post-49230","1":"product","2":"type-product","3":"status-publish","4":"has-post-thumbnail","6":"product_cat-monitores","8":"first","9":"instock","10":"taxable","11":"shipping-taxable","12":"purchasable","13":"product-type-rentable"},"yoast_head":"<!-- This site is optimized with the Yoast SEO plugin v27.4 - https:\/\/yoast.com\/product\/yoast-seo-wordpress\/ -->\n<title>Alquiler Focal Shape 65 Ibiza | White Sound Ibiza<\/title>\n<meta name=\"description\" content=\"Alquila el monitor activo de campo cercano Focal Shape 65 en Ibiza, en White Sound Ibiza. Woofer de 6,5\u2033, tweeter de c\u00fapula invertida, amplificadores de clase AB, puerto frontal. \u00a1Reserva ahora!\" \/>\n<meta name=\"robots\" content=\"index, follow, max-snippet:-1, max-image-preview:large, max-video-preview:-1\" \/>\n<link rel=\"canonical\" href=\"https:\/\/whitesoundibiza.com\/es\/producto\/forma-focal-65\/\" \/>\n<meta property=\"og:locale\" content=\"es_ES\" \/>\n<meta property=\"og:type\" content=\"article\" \/>\n<meta property=\"og:title\" content=\"Alquiler Focal Shape 65 Ibiza | White Sound Ibiza\" \/>\n<meta property=\"og:description\" content=\"Alquila el monitor activo de campo cercano Focal Shape 65 en Ibiza, en White Sound Ibiza. Woofer de 6,5\u2033, tweeter de c\u00fapula invertida, amplificadores de clase AB, puerto frontal. \u00a1Reserva ahora!\" \/>\n<meta property=\"og:url\" content=\"https:\/\/whitesoundibiza.com\/es\/producto\/forma-focal-65\/\" \/>\n<meta property=\"og:site_name\" content=\"White Sound Ibiza - Delivering Fun\" \/>\n<meta property=\"article:modified_time\" content=\"2025-08-09T15:41:46+00:00\" \/>\n<meta property=\"og:image\" content=\"https:\/\/whitesoundibiza.com\/wp-content\/uploads\/2025\/01\/focal.jpeg\" \/>\n\t<meta property=\"og:image:width\" content=\"800\" \/>\n\t<meta property=\"og:image:height\" content=\"800\" \/>\n\t<meta property=\"og:image:type\" content=\"image\/jpeg\" \/>\n<meta name=\"twitter:card\" content=\"summary_large_image\" \/>\n<meta name=\"twitter:label1\" content=\"Tiempo de lectura\" \/>\n\t<meta name=\"twitter:data1\" content=\"2 minutos\" \/>\n<script type=\"application\/ld+json\" class=\"yoast-schema-graph\">{\"@context\":\"https:\\\/\\\/schema.org\",\"@graph\":[{\"@type\":\"WebPage\",\"@id\":\"https:\\\/\\\/whitesoundibiza.com\\\/es\\\/producto\\\/forma-focal-65\\\/\",\"url\":\"https:\\\/\\\/whitesoundibiza.com\\\/es\\\/producto\\\/forma-focal-65\\\/\",\"name\":\"Alquiler Focal Shape 65 Ibiza | White Sound Ibiza\",\"isPartOf\":{\"@id\":\"https:\\\/\\\/whitesoundibiza.com\\\/es\\\/#website\"},\"primaryImageOfPage\":{\"@id\":\"https:\\\/\\\/whitesoundibiza.com\\\/es\\\/producto\\\/forma-focal-65\\\/#primaryimage\"},\"image\":{\"@id\":\"https:\\\/\\\/whitesoundibiza.com\\\/es\\\/producto\\\/forma-focal-65\\\/#primaryimage\"},\"thumbnailUrl\":\"https:\\\/\\\/whitesoundibiza.com\\\/wp-content\\\/uploads\\\/2025\\\/01\\\/focal.jpeg\",\"datePublished\":\"2025-01-31T16:02:27+00:00\",\"dateModified\":\"2025-08-09T15:41:46+00:00\",\"description\":\"Alquila el monitor activo de campo cercano Focal Shape 65 en Ibiza, en White Sound Ibiza. Woofer de 6,5\u2033, tweeter de c\u00fapula invertida, amplificadores de clase AB, puerto frontal. \u00a1Reserva ahora!\",\"breadcrumb\":{\"@id\":\"https:\\\/\\\/whitesoundibiza.com\\\/es\\\/producto\\\/forma-focal-65\\\/#breadcrumb\"},\"inLanguage\":\"es\",\"potentialAction\":[{\"@type\":\"ReadAction\",\"target\":[\"https:\\\/\\\/whitesoundibiza.com\\\/es\\\/producto\\\/forma-focal-65\\\/\"]}]},{\"@type\":\"ImageObject\",\"inLanguage\":\"es\",\"@id\":\"https:\\\/\\\/whitesoundibiza.com\\\/es\\\/producto\\\/forma-focal-65\\\/#primaryimage\",\"url\":\"https:\\\/\\\/whitesoundibiza.com\\\/wp-content\\\/uploads\\\/2025\\\/01\\\/focal.jpeg\",\"contentUrl\":\"https:\\\/\\\/whitesoundibiza.com\\\/wp-content\\\/uploads\\\/2025\\\/01\\\/focal.jpeg\",\"width\":800,\"height\":800,\"caption\":\"Monitor de estudio coaxial activo Focal Shape 65 con woofer de compuesto de lino y tweeter de c\u00fapula invertida disponible para alquilar en Ibiza en White Sound Ibiza\"},{\"@type\":\"BreadcrumbList\",\"@id\":\"https:\\\/\\\/whitesoundibiza.com\\\/es\\\/producto\\\/forma-focal-65\\\/#breadcrumb\",\"itemListElement\":[{\"@type\":\"ListItem\",\"position\":1,\"name\":\"Portada\",\"item\":\"https:\\\/\\\/whitesoundibiza.com\\\/es\\\/\"},{\"@type\":\"ListItem\",\"position\":2,\"name\":\"Tienda\",\"item\":\"https:\\\/\\\/whitesoundibiza.com\\\/es\\\/tienda\\\/\"},{\"@type\":\"ListItem\",\"position\":3,\"name\":\"Forma focal 65\"}]},{\"@type\":\"WebSite\",\"@id\":\"https:\\\/\\\/whitesoundibiza.com\\\/es\\\/#website\",\"url\":\"https:\\\/\\\/whitesoundibiza.com\\\/es\\\/\",\"name\":\"White Sound Ibiza\",\"description\":\"Rent Speakers in Ibiza\",\"publisher\":{\"@id\":\"https:\\\/\\\/whitesoundibiza.com\\\/es\\\/#organization\"},\"potentialAction\":[{\"@type\":\"SearchAction\",\"target\":{\"@type\":\"EntryPoint\",\"urlTemplate\":\"https:\\\/\\\/whitesoundibiza.com\\\/es\\\/?s={search_term_string}\"},\"query-input\":{\"@type\":\"PropertyValueSpecification\",\"valueRequired\":true,\"valueName\":\"search_term_string\"}}],\"inLanguage\":\"es\"},{\"@type\":\"Organization\",\"@id\":\"https:\\\/\\\/whitesoundibiza.com\\\/es\\\/#organization\",\"name\":\"White Sound Ibiza\",\"url\":\"https:\\\/\\\/whitesoundibiza.com\\\/es\\\/\",\"logo\":{\"@type\":\"ImageObject\",\"inLanguage\":\"es\",\"@id\":\"https:\\\/\\\/whitesoundibiza.com\\\/es\\\/#\\\/schema\\\/logo\\\/image\\\/\",\"url\":\"https:\\\/\\\/whitesoundibiza.com\\\/wp-content\\\/uploads\\\/2025\\\/05\\\/ws_logo.jpg\",\"contentUrl\":\"https:\\\/\\\/whitesoundibiza.com\\\/wp-content\\\/uploads\\\/2025\\\/05\\\/ws_logo.jpg\",\"width\":800,\"height\":235,\"caption\":\"White Sound Ibiza\"},\"image\":{\"@id\":\"https:\\\/\\\/whitesoundibiza.com\\\/es\\\/#\\\/schema\\\/logo\\\/image\\\/\"}}]}<\/script>\n<!-- \/ Yoast SEO plugin. -->","yoast_head_json":{"title":"Alquiler Focal Shape 65 Ibiza | White Sound Ibiza","description":"Alquila el monitor activo de campo cercano Focal Shape 65 en Ibiza, en White Sound Ibiza. Woofer de 6,5\u2033, tweeter de c\u00fapula invertida, amplificadores de clase AB, puerto frontal. \u00a1Reserva ahora!","robots":{"index":"index","follow":"follow","max-snippet":"max-snippet:-1","max-image-preview":"max-image-preview:large","max-video-preview":"max-video-preview:-1"},"canonical":"https:\/\/whitesoundibiza.com\/es\/producto\/forma-focal-65\/","og_locale":"es_ES","og_type":"article","og_title":"Alquiler Focal Shape 65 Ibiza | White Sound Ibiza","og_description":"Alquila el monitor activo de campo cercano Focal Shape 65 en Ibiza, en White Sound Ibiza. Woofer de 6,5\u2033, tweeter de c\u00fapula invertida, amplificadores de clase AB, puerto frontal. \u00a1Reserva ahora!","og_url":"https:\/\/whitesoundibiza.com\/es\/producto\/forma-focal-65\/","og_site_name":"White Sound Ibiza - Delivering Fun","article_modified_time":"2025-08-09T15:41:46+00:00","og_image":[{"width":800,"height":800,"url":"https:\/\/whitesoundibiza.com\/wp-content\/uploads\/2025\/01\/focal.jpeg","type":"image\/jpeg"}],"twitter_card":"summary_large_image","twitter_misc":{"Tiempo de lectura":"2 minutos"},"schema":{"@context":"https:\/\/schema.org","@graph":[{"@type":"WebPage","@id":"https:\/\/whitesoundibiza.com\/es\/producto\/forma-focal-65\/","url":"https:\/\/whitesoundibiza.com\/es\/producto\/forma-focal-65\/","name":"Alquiler Focal Shape 65 Ibiza | White Sound Ibiza","isPartOf":{"@id":"https:\/\/whitesoundibiza.com\/es\/#website"},"primaryImageOfPage":{"@id":"https:\/\/whitesoundibiza.com\/es\/producto\/forma-focal-65\/#primaryimage"},"image":{"@id":"https:\/\/whitesoundibiza.com\/es\/producto\/forma-focal-65\/#primaryimage"},"thumbnailUrl":"https:\/\/whitesoundibiza.com\/wp-content\/uploads\/2025\/01\/focal.jpeg","datePublished":"2025-01-31T16:02:27+00:00","dateModified":"2025-08-09T15:41:46+00:00","description":"Alquila el monitor activo de campo cercano Focal Shape 65 en Ibiza, en White Sound Ibiza. Woofer de 6,5\u2033, tweeter de c\u00fapula invertida, amplificadores de clase AB, puerto frontal. \u00a1Reserva ahora!","breadcrumb":{"@id":"https:\/\/whitesoundibiza.com\/es\/producto\/forma-focal-65\/#breadcrumb"},"inLanguage":"es","potentialAction":[{"@type":"ReadAction","target":["https:\/\/whitesoundibiza.com\/es\/producto\/forma-focal-65\/"]}]},{"@type":"ImageObject","inLanguage":"es","@id":"https:\/\/whitesoundibiza.com\/es\/producto\/forma-focal-65\/#primaryimage","url":"https:\/\/whitesoundibiza.com\/wp-content\/uploads\/2025\/01\/focal.jpeg","contentUrl":"https:\/\/whitesoundibiza.com\/wp-content\/uploads\/2025\/01\/focal.jpeg","width":800,"height":800,"caption":"Monitor de estudio coaxial activo Focal Shape 65 con woofer de compuesto de lino y tweeter de c\u00fapula invertida disponible para alquilar en Ibiza en White Sound Ibiza"},{"@type":"BreadcrumbList","@id":"https:\/\/whitesoundibiza.com\/es\/producto\/forma-focal-65\/#breadcrumb","itemListElement":[{"@type":"ListItem","position":1,"name":"Portada","item":"https:\/\/whitesoundibiza.com\/es\/"},{"@type":"ListItem","position":2,"name":"Tienda","item":"https:\/\/whitesoundibiza.com\/es\/tienda\/"},{"@type":"ListItem","position":3,"name":"Forma focal 65"}]},{"@type":"WebSite","@id":"https:\/\/whitesoundibiza.com\/es\/#website","url":"https:\/\/whitesoundibiza.com\/es\/","name":"White Sound Ibiza","description":"Rent Speakers in Ibiza","publisher":{"@id":"https:\/\/whitesoundibiza.com\/es\/#organization"},"potentialAction":[{"@type":"SearchAction","target":{"@type":"EntryPoint","urlTemplate":"https:\/\/whitesoundibiza.com\/es\/?s={search_term_string}"},"query-input":{"@type":"PropertyValueSpecification","valueRequired":true,"valueName":"search_term_string"}}],"inLanguage":"es"},{"@type":"Organization","@id":"https:\/\/whitesoundibiza.com\/es\/#organization","name":"White Sound Ibiza","url":"https:\/\/whitesoundibiza.com\/es\/","logo":{"@type":"ImageObject","inLanguage":"es","@id":"https:\/\/whitesoundibiza.com\/es\/#\/schema\/logo\/image\/","url":"https:\/\/whitesoundibiza.com\/wp-content\/uploads\/2025\/05\/ws_logo.jpg","contentUrl":"https:\/\/whitesoundibiza.com\/wp-content\/uploads\/2025\/05\/ws_logo.jpg","width":800,"height":235,"caption":"White Sound Ibiza"},"image":{"@id":"https:\/\/whitesoundibiza.com\/es\/#\/schema\/logo\/image\/"}}]}},"_links":{"self":[{"href":"https:\/\/whitesoundibiza.com\/es\/wp-json\/wp\/v2\/product\/49230","targetHints":{"allow":["GET"]}}],"collection":[{"href":"https:\/\/whitesoundibiza.com\/es\/wp-json\/wp\/v2\/product"}],"about":[{"href":"https:\/\/whitesoundibiza.com\/es\/wp-json\/wp\/v2\/types\/product"}],"wp:featuredmedia":[{"embeddable":true,"href":"https:\/\/whitesoundibiza.com\/es\/wp-json\/wp\/v2\/media\/48029"}],"wp:attachment":[{"href":"https:\/\/whitesoundibiza.com\/es\/wp-json\/wp\/v2\/media?parent=49230"}],"wp:term":[{"taxonomy":"product_brand","embeddable":true,"href":"https:\/\/whitesoundibiza.com\/es\/wp-json\/wp\/v2\/product_brand?post=49230"},{"taxonomy":"product_cat","embeddable":true,"href":"https:\/\/whitesoundibiza.com\/es\/wp-json\/wp\/v2\/product_cat?post=49230"},{"taxonomy":"product_tag","embeddable":true,"href":"https:\/\/whitesoundibiza.com\/es\/wp-json\/wp\/v2\/product_tag?post=49230"}],"curies":[{"name":"wp","href":"https:\/\/api.w.org\/{rel}","templated":true}]}}