{"id":49228,"date":"2025-01-31T16:02:27","date_gmt":"2025-01-31T16:02:27","guid":{"rendered":"https:\/\/whitesoundibiza.com\/producto\/neumann-u87\/"},"modified":"2025-08-09T15:41:46","modified_gmt":"2025-08-09T15:41:46","slug":"neumann-u87","status":"publish","type":"product","link":"https:\/\/whitesoundibiza.com\/es\/producto\/neumann-u87\/","title":{"rendered":"Neumann U87"},"content":{"rendered":"<p class=\"\" data-start=\"693\" data-end=\"1329\">Cuando <strong data-start=\"702\" data-end=\"728\">alquilas un neumann u87 ibiza<\/strong>, te aseguras una calidad de micr\u00f3fono de leyenda de estudio.<br data-start=\"774\" data-end=\"777\">El U87 presenta tres patrones polares seleccionables: cardioide, omnidireccional y figura-8.<br data-start=\"867\" data-end=\"870\">La atenuaci\u00f3n de graves conmutable y el atenuador de -10 dB se adaptan a diversas situaciones de grabaci\u00f3n.<br data-start=\"948\" data-end=\"951\">Los circuitos sin transformador ofrecen un bajo nivel de ruido y un alto margen de ganancia.<br data-start=\"1014\" data-end=\"1017\">Su c\u00e1psula con filtro de oro garantiza una respuesta en frecuencia consistente y transparente.<br data-start=\"1095\" data-end=\"1098\">Este micro destaca en voces, locuciones e instrumentos ac\u00fasticos.<br data-start=\"1162\" data-end=\"1165\">La reputaci\u00f3n de precisi\u00f3n de Neumann se remonta a 1967.<br data-start=\"1219\" data-end=\"1222\"><\/p>\n<h3 class=\"\" data-start=\"1331\" data-end=\"1351\">Dise\u00f1o y construcci\u00f3n<\/h3>\n<p class=\"\" data-start=\"1352\" data-end=\"1712\">El robusto cuerpo met\u00e1lico y el soporte antigolpes de descenso garantizan la disponibilidad para la carretera.<br data-start=\"1420\" data-end=\"1423\">Su filtro antipop integrado reduce los plosivos para unas tomas vocales m\u00e1s limpias.<br data-start=\"1490\" data-end=\"1493\">La salida XLR proporciona una transmisi\u00f3n de se\u00f1al equilibrada a cualquier preamplificador.<br data-start=\"1556\" data-end=\"1559\">El adaptador giratorio incluido permite una colocaci\u00f3n precisa del pie de micro.<br data-start=\"1620\" data-end=\"1623\">Para conocer todas las especificaciones t\u00e9cnicas, consulta <a class=\"cursor-pointer\" target=\"_new\" rel=\"noopener\" data-start=\"1652\" data-end=\"1709\">la ficha t\u00e9cnica del Neumann U87<\/a>.<\/p>\n<h3 class=\"\" data-start=\"1714\" data-end=\"1749\">Rendimiento y car\u00e1cter del sonido<\/h3>\n<p class=\"\" data-start=\"1750\" data-end=\"2096\">La respuesta en frecuencia abarca de 20 Hz a 20 kHz (\u00b13 dB) para una reproducci\u00f3n fiel.<br data-start=\"1822\" data-end=\"1825\">El manejo m\u00e1ximo de presi\u00f3n sonora de 127 dB captura las fuentes fuertes sin distorsi\u00f3n.<br data-start=\"1897\" data-end=\"1900\">El gran diafragma imparte calidez y presencia a las voces.<br data-start=\"1958\" data-end=\"1961\">El rechazo fuera del eje en modo cardioide reduce los reflejos de la sala.<br data-start=\"2022\" data-end=\"2025\">El patr\u00f3n de figura 8 captura el ambiente natural de la sala o las t\u00e9cnicas est\u00e9reo.<\/p>\n<h3 class=\"\" data-start=\"2098\" data-end=\"2132\">Conectividad y compatibilidad<\/h3>\n<p class=\"\" data-start=\"2133\" data-end=\"2459\">Con\u00e9ctalo mediante XLR a cualquier interfaz <a class=\"cursor-pointer\" rel=\"noopener\" data-start=\"2198\" data-end=\"2250\">de<\/a> audio o mezclador.<br data-start=\"2181\" data-end=\"2184\">Empar\u00e9jalo con nuestros <a class=\"cursor-pointer\" rel=\"noopener\" data-start=\"2380\" data-end=\"2426\">alquileres de<\/a> interfaces de audio para una integraci\u00f3n perfecta.<br data-start=\"2276\" data-end=\"2279\">Comb\u00ednalo con nuestros alquileres <a class=\"cursor-pointer\" rel=\"noopener\" data-start=\"2296\" data-end=\"2346\">de monitores de estudio<\/a> para una reproducci\u00f3n precisa.<br data-start=\"2369\" data-end=\"2372\">Utiliza nuestros alquileres de preamplificadores de micr\u00f3fono para aprovechar todo el rango din\u00e1mico.<\/p>\n<h3 class=\"\" data-start=\"2461\" data-end=\"2491\">Aplicaciones y casos de uso<\/h3>\n<p class=\"\" data-start=\"2492\" data-end=\"2884\">Tanto si <strong data-start=\"2504\" data-end=\"2530\">alquilas el neumann u87 ibiza<\/strong> para grabaciones en estudio como para retransmisiones en directo, es excelente.<br data-start=\"2580\" data-end=\"2583\">Los locutores valoran su rango medio transparente y sus agudos detallados.<br data-start=\"2652\" data-end=\"2655\">Los instrumentistas lo utilizan para piano, cuerdas y viento madera con una claridad inigualable.<br data-start=\"2736\" data-end=\"2739\">Los podcasters se benefician de su bajo nivel de ruido propio para pasajes silenciosos.<br data-start=\"2809\" data-end=\"2812\">Los ingenieros de grabaci\u00f3n conf\u00edan en \u00e9l para partituras de pel\u00edculas y sesiones orquestales.<\/p>\n<h3 class=\"\" data-start=\"2886\" data-end=\"2908\">Alquiler y asistencia<\/h3>\n<p class=\"\" data-start=\"2909\" data-end=\"3299\">White Sound Ibiza se encarga de la entrega y recogida en cualquier punto de la isla.<br data-start=\"2978\" data-end=\"2981\">Nuestros t\u00e9cnicos te ayudan con la configuraci\u00f3n, la puesta en escena de la ganancia y la selecci\u00f3n del patr\u00f3n polar.<br data-start=\"3058\" data-end=\"3061\">La flexibilidad de horarios garantiza que el U87 llegue cuando lo necesites.<br data-start=\"3202\" data-end=\"3205\">Reserva ahora para <strong data-start=\"3220\" data-end=\"3246\">alquilar el neumann u87 ibiza<\/strong> y captar cada matiz con una precisi\u00f3n legendaria.<\/p>\n<style id=\"wpforms-css-vars-1077\">\n\t\t\t\t#wpforms-1077 {\n\t\t\t\t\n\t\t\t}\n\t\t\t<\/style><div class=\"wpforms-container wpforms-container-full wpforms-render-modern\" id=\"wpforms-1077\"><form id=\"wpforms-form-1077\" class=\"wpforms-validate wpforms-form wpforms-ajax-form\" data-formid=\"1077\" method=\"post\" enctype=\"multipart\/form-data\" action=\"\/es\/wp-json\/wp\/v2\/product\/49228\" data-token=\"94928534a24cdcc111147f7cbd5189fa\" data-token-time=\"1776960711\"><noscript class=\"wpforms-error-noscript\">Por favor, activa JavaScript en tu navegador para completar este formulario.<\/noscript><div id=\"wpforms-error-noscript\" style=\"display: none;\">Por favor, activa JavaScript en tu navegador para completar este formulario.<\/div><div class=\"wpforms-field-container\"><div id=\"wpforms-1077-field_0-container\" class=\"wpforms-field wpforms-field-name\" data-field-id=\"0\"><fieldset><legend class=\"wpforms-field-label\">Nombre <span class=\"wpforms-required-label\" aria-hidden=\"true\">*<\/span><\/legend><div class=\"wpforms-field-row wpforms-field-medium\"><div class=\"wpforms-field-row-block wpforms-first wpforms-one-half\"><input type=\"text\" id=\"wpforms-1077-field_0\" class=\"wpforms-field-name-first wpforms-field-required\" name=\"wpforms[fields][0][first]\" placeholder=\"Nombre\" aria-errormessage=\"wpforms-1077-field_0-error\" required><label for=\"wpforms-1077-field_0\" class=\"wpforms-field-sublabel after wpforms-sublabel-hide\">Nombre<\/label><\/div><div class=\"wpforms-field-row-block wpforms-one-half\"><input type=\"text\" id=\"wpforms-1077-field_0-last\" class=\"wpforms-field-name-last wpforms-field-required\" name=\"wpforms[fields][0][last]\" placeholder=\"Apellidos\" aria-errormessage=\"wpforms-1077-field_0-last-error\" required><label for=\"wpforms-1077-field_0-last\" class=\"wpforms-field-sublabel after wpforms-sublabel-hide\">Apellidos<\/label><\/div><\/div><\/fieldset><\/div>\t\t<div id=\"wpforms-1077-field_3-container\"\n\t\t\tclass=\"wpforms-field wpforms-field-text\"\n\t\t\tdata-field-type=\"text\"\n\t\t\tdata-field-id=\"3\"\n\t\t\t>\n\t\t\t<label class=\"wpforms-field-label\" for=\"wpforms-1077-field_3\" >Hasta tel\u00e9fono N\u00famero<\/label>\n\t\t\t<input type=\"text\" id=\"wpforms-1077-field_3\" class=\"wpforms-field-medium\" name=\"wpforms[fields][3]\" >\n\t\t<\/div>\n\t\t<div id=\"wpforms-1077-field_7-container\" class=\"wpforms-field wpforms-field-layout\" data-field-id=\"7\"><div class=\"wpforms-field-layout-columns wpforms-field-layout-preset-50-50\"><div class=\"wpforms-layout-column wpforms-layout-column-50\" ><div id=\"wpforms-1077-field_1-container\" class=\"wpforms-field wpforms-field-email\" data-field-id=\"1\"><label class=\"wpforms-field-label\" for=\"wpforms-1077-field_1\">Env\u00eda un correo electr\u00f3nico a <span class=\"wpforms-required-label\" aria-hidden=\"true\">*<\/span><\/label><input type=\"email\" id=\"wpforms-1077-field_1\" class=\"wpforms-field-medium wpforms-field-required\" name=\"wpforms[fields][1]\" spellcheck=\"false\" aria-errormessage=\"wpforms-1077-field_1-error\" required><\/div><\/div><div class=\"wpforms-layout-column wpforms-layout-column-50\" ><div id=\"wpforms-1077-field_8-container\" class=\"wpforms-field wpforms-field-phone\" data-field-id=\"8\"><label class=\"wpforms-field-label\" for=\"wpforms-1077-field_8\">N\u00famero de tel\u00e9fono <span class=\"wpforms-required-label\" aria-hidden=\"true\">*<\/span><\/label><input type=\"tel\" id=\"wpforms-1077-field_8\" class=\"wpforms-field-medium wpforms-field-required wpforms-smart-phone-field\" data-rule-smart-phone-field=\"true\" name=\"wpforms[fields][8]\" aria-label=\"N\u00famero de tel\u00e9fono\" aria-errormessage=\"wpforms-1077-field_8-error\" required><\/div><\/div><\/div><\/div><div id=\"wpforms-1077-field_10-container\" class=\"wpforms-field wpforms-field-layout\" data-field-id=\"10\"><div class=\"wpforms-field-layout-columns wpforms-field-layout-preset-50-50\"><div class=\"wpforms-layout-column wpforms-layout-column-50\" ><div id=\"wpforms-1077-field_4-container\" class=\"wpforms-field wpforms-field-date-time\" data-field-id=\"4\"><label class=\"wpforms-field-label\" for=\"wpforms-1077-field_4\">Desde<\/label><div class=\"wpforms-datepicker-wrap\"><input type=\"text\" id=\"wpforms-1077-field_4\" class=\"wpforms-field-date-time-date wpforms-datepicker wpforms-field-small\" data-date-format=\"m\/d\/Y\" data-disable-past-dates=\"0\" data-input=\"true\" name=\"wpforms[fields][4][date]\" aria-errormessage=\"wpforms-1077-field_4-error\" ><a title=\"Borrar fecha\" data-clear role=\"button\" tabindex=\"0\" class=\"wpforms-datepicker-clear\" aria-label=\"Borrar fecha\" style=\"display:none;\"><\/a><\/div><\/div><\/div><div class=\"wpforms-layout-column wpforms-layout-column-50\" ><div id=\"wpforms-1077-field_9-container\" class=\"wpforms-field wpforms-field-date-time\" data-field-id=\"9\"><label class=\"wpforms-field-label\" for=\"wpforms-1077-field_9\">Hasta<\/label><div class=\"wpforms-datepicker-wrap\"><input type=\"text\" id=\"wpforms-1077-field_9\" class=\"wpforms-field-date-time-date wpforms-datepicker wpforms-field-small\" data-date-format=\"m\/d\/Y\" data-disable-past-dates=\"0\" data-input=\"true\" name=\"wpforms[fields][9][date]\" aria-errormessage=\"wpforms-1077-field_9-error\" ><a title=\"Borrar fecha\" data-clear role=\"button\" tabindex=\"0\" class=\"wpforms-datepicker-clear\" aria-label=\"Borrar fecha\" style=\"display:none;\"><\/a><\/div><\/div><\/div><\/div><\/div><div id=\"wpforms-1077-field_2-container\" class=\"wpforms-field wpforms-field-textarea\" data-field-id=\"2\"><label class=\"wpforms-field-label\" for=\"wpforms-1077-field_2\">Mensaje<\/label><textarea id=\"wpforms-1077-field_2\" class=\"wpforms-field-medium\" name=\"wpforms[fields][2]\" placeholder=\"\u00bfC\u00f3mo podemos ayudarte?\" aria-errormessage=\"wpforms-1077-field_2-error\" ><\/textarea><\/div><script>\n\t\t\t\t( function() {\n\t\t\t\t\tconst style = document.createElement( 'style' );\n\t\t\t\t\tstyle.appendChild( document.createTextNode( '#wpforms-1077-field_3-container { position: absolute !important; overflow: hidden !important; display: inline !important; height: 1px !important; width: 1px !important; z-index: -1000 !important; padding: 0 !important; } #wpforms-1077-field_3-container input { visibility: hidden; } #wpforms-conversational-form-page #wpforms-1077-field_3-container label { counter-increment: none; }' ) );\n\t\t\t\t\tdocument.head.appendChild( style );\n\t\t\t\t\tdocument.currentScript?.remove();\n\t\t\t\t} )();\n\t\t\t<\/script><\/div><!-- .wpforms-field-container --><div class=\"wpforms-recaptcha-container wpforms-is-recaptcha wpforms-is-recaptcha-type-v2\" ><div class=\"g-recaptcha\" data-sitekey=\"6LeS7gEkAAAAAO-EsXRwxTakHs6Q_9Z0rQYHkIS5\"><\/div><input type=\"text\" name=\"g-recaptcha-hidden\" class=\"wpforms-recaptcha-hidden\" style=\"position:absolute!important;clip:rect(0,0,0,0)!important;height:1px!important;width:1px!important;border:0!important;overflow:hidden!important;padding:0!important;margin:0!important;\" data-rule-recaptcha=\"1\"><\/div><div class=\"wpforms-submit-container\" ><input type=\"hidden\" name=\"wpforms[id]\" value=\"1077\"><input type=\"hidden\" name=\"page_title\" value=\"\"><input type=\"hidden\" name=\"page_url\" value=\"https:\/\/whitesoundibiza.com\/es\/wp-json\/wp\/v2\/product\/49228\"><input type=\"hidden\" name=\"url_referer\" value=\"\"><button type=\"submit\" name=\"wpforms[submit]\" id=\"wpforms-submit-1077\" class=\"wpforms-submit\" data-alt-text=\"Enviando...\" data-submit-text=\"Env\u00eda\" aria-live=\"assertive\" value=\"wpforms-submit\">Env\u00eda<\/button><img decoding=\"async\" src=\"https:\/\/whitesoundibiza.com\/wp-content\/plugins\/wpforms\/assets\/images\/submit-spin.svg\" class=\"wpforms-submit-spinner\" style=\"display: none;\" width=\"26\" height=\"26\" alt=\"Cargando\"><\/div><\/form><\/div>  <!-- .wpforms-container -->\n","protected":false},"excerpt":{"rendered":"<p class=\"\" data-start=\"312\" data-end=\"517\">Micr\u00f3fono de condensador de diafragma grande con patrones cardioide, omnidireccional y de figura 8, corte de graves y atenuaci\u00f3n conmutables, circuito sin transformador, ideal para voces e instrumentos.<\/p>\n<p class=\"\" data-start=\"519\" data-end=\"655\">\n","protected":false},"featured_media":48030,"template":"","meta":{"_joinchat":[]},"product_brand":[],"product_cat":[187],"product_tag":[],"class_list":{"0":"post-49228","1":"product","2":"type-product","3":"status-publish","4":"has-post-thumbnail","6":"product_cat-microfonos-de-estudio","8":"first","9":"instock","10":"taxable","11":"shipping-taxable","12":"purchasable","13":"product-type-rentable"},"yoast_head":"<!-- This site is optimized with the Yoast SEO plugin v27.4 - https:\/\/yoast.com\/product\/yoast-seo-wordpress\/ -->\n<title>Alquiler Micr\u00f3fono Neumann U87 Ibiza | White Sound Ibiza<\/title>\n<meta name=\"description\" content=\"Alquila el micr\u00f3fono de condensador Neumann U87 en Ibiza con White Sound Ibiza. Patrones polares conmutables, dise\u00f1o sin transformador y claridad legendaria. \u00a1Reserva ahora!\" \/>\n<meta name=\"robots\" content=\"index, follow, max-snippet:-1, max-image-preview:large, max-video-preview:-1\" \/>\n<link rel=\"canonical\" href=\"https:\/\/whitesoundibiza.com\/es\/producto\/neumann-u87\/\" \/>\n<meta property=\"og:locale\" content=\"es_ES\" \/>\n<meta property=\"og:type\" content=\"article\" \/>\n<meta property=\"og:title\" content=\"Alquiler Micr\u00f3fono Neumann U87 Ibiza | White Sound Ibiza\" \/>\n<meta property=\"og:description\" content=\"Alquila el micr\u00f3fono de condensador Neumann U87 en Ibiza con White Sound Ibiza. Patrones polares conmutables, dise\u00f1o sin transformador y claridad legendaria. \u00a1Reserva ahora!\" \/>\n<meta property=\"og:url\" content=\"https:\/\/whitesoundibiza.com\/es\/producto\/neumann-u87\/\" \/>\n<meta property=\"og:site_name\" content=\"White Sound Ibiza - Delivering Fun\" \/>\n<meta property=\"article:modified_time\" content=\"2025-08-09T15:41:46+00:00\" \/>\n<meta property=\"og:image\" content=\"https:\/\/whitesoundibiza.com\/wp-content\/uploads\/2025\/01\/neumann.png\" \/>\n\t<meta property=\"og:image:width\" content=\"500\" \/>\n\t<meta property=\"og:image:height\" content=\"500\" \/>\n\t<meta property=\"og:image:type\" content=\"image\/png\" \/>\n<meta name=\"twitter:card\" content=\"summary_large_image\" \/>\n<meta name=\"twitter:label1\" content=\"Tiempo de lectura\" \/>\n\t<meta name=\"twitter:data1\" content=\"2 minutos\" \/>\n<script type=\"application\/ld+json\" class=\"yoast-schema-graph\">{\"@context\":\"https:\\\/\\\/schema.org\",\"@graph\":[{\"@type\":\"WebPage\",\"@id\":\"https:\\\/\\\/whitesoundibiza.com\\\/es\\\/producto\\\/neumann-u87\\\/\",\"url\":\"https:\\\/\\\/whitesoundibiza.com\\\/es\\\/producto\\\/neumann-u87\\\/\",\"name\":\"Alquiler Micr\u00f3fono Neumann U87 Ibiza | White Sound Ibiza\",\"isPartOf\":{\"@id\":\"https:\\\/\\\/whitesoundibiza.com\\\/es\\\/#website\"},\"primaryImageOfPage\":{\"@id\":\"https:\\\/\\\/whitesoundibiza.com\\\/es\\\/producto\\\/neumann-u87\\\/#primaryimage\"},\"image\":{\"@id\":\"https:\\\/\\\/whitesoundibiza.com\\\/es\\\/producto\\\/neumann-u87\\\/#primaryimage\"},\"thumbnailUrl\":\"https:\\\/\\\/whitesoundibiza.com\\\/wp-content\\\/uploads\\\/2025\\\/01\\\/neumann.png\",\"datePublished\":\"2025-01-31T16:02:27+00:00\",\"dateModified\":\"2025-08-09T15:41:46+00:00\",\"description\":\"Alquila el micr\u00f3fono de condensador Neumann U87 en Ibiza con White Sound Ibiza. Patrones polares conmutables, dise\u00f1o sin transformador y claridad legendaria. \u00a1Reserva ahora!\",\"breadcrumb\":{\"@id\":\"https:\\\/\\\/whitesoundibiza.com\\\/es\\\/producto\\\/neumann-u87\\\/#breadcrumb\"},\"inLanguage\":\"es\",\"potentialAction\":[{\"@type\":\"ReadAction\",\"target\":[\"https:\\\/\\\/whitesoundibiza.com\\\/es\\\/producto\\\/neumann-u87\\\/\"]}]},{\"@type\":\"ImageObject\",\"inLanguage\":\"es\",\"@id\":\"https:\\\/\\\/whitesoundibiza.com\\\/es\\\/producto\\\/neumann-u87\\\/#primaryimage\",\"url\":\"https:\\\/\\\/whitesoundibiza.com\\\/wp-content\\\/uploads\\\/2025\\\/01\\\/neumann.png\",\"contentUrl\":\"https:\\\/\\\/whitesoundibiza.com\\\/wp-content\\\/uploads\\\/2025\\\/01\\\/neumann.png\",\"width\":500,\"height\":500,\"caption\":\"Micr\u00f3fono de condensador de gran diafragma Neumann U87 con soporte amortiguador disponible para alquilar en Ibiza en White Sound Ibiza\"},{\"@type\":\"BreadcrumbList\",\"@id\":\"https:\\\/\\\/whitesoundibiza.com\\\/es\\\/producto\\\/neumann-u87\\\/#breadcrumb\",\"itemListElement\":[{\"@type\":\"ListItem\",\"position\":1,\"name\":\"Portada\",\"item\":\"https:\\\/\\\/whitesoundibiza.com\\\/es\\\/\"},{\"@type\":\"ListItem\",\"position\":2,\"name\":\"Tienda\",\"item\":\"https:\\\/\\\/whitesoundibiza.com\\\/es\\\/tienda\\\/\"},{\"@type\":\"ListItem\",\"position\":3,\"name\":\"Neumann U87\"}]},{\"@type\":\"WebSite\",\"@id\":\"https:\\\/\\\/whitesoundibiza.com\\\/es\\\/#website\",\"url\":\"https:\\\/\\\/whitesoundibiza.com\\\/es\\\/\",\"name\":\"White Sound Ibiza\",\"description\":\"Rent Speakers in Ibiza\",\"publisher\":{\"@id\":\"https:\\\/\\\/whitesoundibiza.com\\\/es\\\/#organization\"},\"potentialAction\":[{\"@type\":\"SearchAction\",\"target\":{\"@type\":\"EntryPoint\",\"urlTemplate\":\"https:\\\/\\\/whitesoundibiza.com\\\/es\\\/?s={search_term_string}\"},\"query-input\":{\"@type\":\"PropertyValueSpecification\",\"valueRequired\":true,\"valueName\":\"search_term_string\"}}],\"inLanguage\":\"es\"},{\"@type\":\"Organization\",\"@id\":\"https:\\\/\\\/whitesoundibiza.com\\\/es\\\/#organization\",\"name\":\"White Sound Ibiza\",\"url\":\"https:\\\/\\\/whitesoundibiza.com\\\/es\\\/\",\"logo\":{\"@type\":\"ImageObject\",\"inLanguage\":\"es\",\"@id\":\"https:\\\/\\\/whitesoundibiza.com\\\/es\\\/#\\\/schema\\\/logo\\\/image\\\/\",\"url\":\"https:\\\/\\\/whitesoundibiza.com\\\/wp-content\\\/uploads\\\/2025\\\/05\\\/ws_logo.jpg\",\"contentUrl\":\"https:\\\/\\\/whitesoundibiza.com\\\/wp-content\\\/uploads\\\/2025\\\/05\\\/ws_logo.jpg\",\"width\":800,\"height\":235,\"caption\":\"White Sound Ibiza\"},\"image\":{\"@id\":\"https:\\\/\\\/whitesoundibiza.com\\\/es\\\/#\\\/schema\\\/logo\\\/image\\\/\"}}]}<\/script>\n<!-- \/ Yoast SEO plugin. -->","yoast_head_json":{"title":"Alquiler Micr\u00f3fono Neumann U87 Ibiza | White Sound Ibiza","description":"Alquila el micr\u00f3fono de condensador Neumann U87 en Ibiza con White Sound Ibiza. Patrones polares conmutables, dise\u00f1o sin transformador y claridad legendaria. \u00a1Reserva ahora!","robots":{"index":"index","follow":"follow","max-snippet":"max-snippet:-1","max-image-preview":"max-image-preview:large","max-video-preview":"max-video-preview:-1"},"canonical":"https:\/\/whitesoundibiza.com\/es\/producto\/neumann-u87\/","og_locale":"es_ES","og_type":"article","og_title":"Alquiler Micr\u00f3fono Neumann U87 Ibiza | White Sound Ibiza","og_description":"Alquila el micr\u00f3fono de condensador Neumann U87 en Ibiza con White Sound Ibiza. Patrones polares conmutables, dise\u00f1o sin transformador y claridad legendaria. \u00a1Reserva ahora!","og_url":"https:\/\/whitesoundibiza.com\/es\/producto\/neumann-u87\/","og_site_name":"White Sound Ibiza - Delivering Fun","article_modified_time":"2025-08-09T15:41:46+00:00","og_image":[{"width":500,"height":500,"url":"https:\/\/whitesoundibiza.com\/wp-content\/uploads\/2025\/01\/neumann.png","type":"image\/png"}],"twitter_card":"summary_large_image","twitter_misc":{"Tiempo de lectura":"2 minutos"},"schema":{"@context":"https:\/\/schema.org","@graph":[{"@type":"WebPage","@id":"https:\/\/whitesoundibiza.com\/es\/producto\/neumann-u87\/","url":"https:\/\/whitesoundibiza.com\/es\/producto\/neumann-u87\/","name":"Alquiler Micr\u00f3fono Neumann U87 Ibiza | White Sound Ibiza","isPartOf":{"@id":"https:\/\/whitesoundibiza.com\/es\/#website"},"primaryImageOfPage":{"@id":"https:\/\/whitesoundibiza.com\/es\/producto\/neumann-u87\/#primaryimage"},"image":{"@id":"https:\/\/whitesoundibiza.com\/es\/producto\/neumann-u87\/#primaryimage"},"thumbnailUrl":"https:\/\/whitesoundibiza.com\/wp-content\/uploads\/2025\/01\/neumann.png","datePublished":"2025-01-31T16:02:27+00:00","dateModified":"2025-08-09T15:41:46+00:00","description":"Alquila el micr\u00f3fono de condensador Neumann U87 en Ibiza con White Sound Ibiza. Patrones polares conmutables, dise\u00f1o sin transformador y claridad legendaria. \u00a1Reserva ahora!","breadcrumb":{"@id":"https:\/\/whitesoundibiza.com\/es\/producto\/neumann-u87\/#breadcrumb"},"inLanguage":"es","potentialAction":[{"@type":"ReadAction","target":["https:\/\/whitesoundibiza.com\/es\/producto\/neumann-u87\/"]}]},{"@type":"ImageObject","inLanguage":"es","@id":"https:\/\/whitesoundibiza.com\/es\/producto\/neumann-u87\/#primaryimage","url":"https:\/\/whitesoundibiza.com\/wp-content\/uploads\/2025\/01\/neumann.png","contentUrl":"https:\/\/whitesoundibiza.com\/wp-content\/uploads\/2025\/01\/neumann.png","width":500,"height":500,"caption":"Micr\u00f3fono de condensador de gran diafragma Neumann U87 con soporte amortiguador disponible para alquilar en Ibiza en White Sound Ibiza"},{"@type":"BreadcrumbList","@id":"https:\/\/whitesoundibiza.com\/es\/producto\/neumann-u87\/#breadcrumb","itemListElement":[{"@type":"ListItem","position":1,"name":"Portada","item":"https:\/\/whitesoundibiza.com\/es\/"},{"@type":"ListItem","position":2,"name":"Tienda","item":"https:\/\/whitesoundibiza.com\/es\/tienda\/"},{"@type":"ListItem","position":3,"name":"Neumann U87"}]},{"@type":"WebSite","@id":"https:\/\/whitesoundibiza.com\/es\/#website","url":"https:\/\/whitesoundibiza.com\/es\/","name":"White Sound Ibiza","description":"Rent Speakers in Ibiza","publisher":{"@id":"https:\/\/whitesoundibiza.com\/es\/#organization"},"potentialAction":[{"@type":"SearchAction","target":{"@type":"EntryPoint","urlTemplate":"https:\/\/whitesoundibiza.com\/es\/?s={search_term_string}"},"query-input":{"@type":"PropertyValueSpecification","valueRequired":true,"valueName":"search_term_string"}}],"inLanguage":"es"},{"@type":"Organization","@id":"https:\/\/whitesoundibiza.com\/es\/#organization","name":"White Sound Ibiza","url":"https:\/\/whitesoundibiza.com\/es\/","logo":{"@type":"ImageObject","inLanguage":"es","@id":"https:\/\/whitesoundibiza.com\/es\/#\/schema\/logo\/image\/","url":"https:\/\/whitesoundibiza.com\/wp-content\/uploads\/2025\/05\/ws_logo.jpg","contentUrl":"https:\/\/whitesoundibiza.com\/wp-content\/uploads\/2025\/05\/ws_logo.jpg","width":800,"height":235,"caption":"White Sound Ibiza"},"image":{"@id":"https:\/\/whitesoundibiza.com\/es\/#\/schema\/logo\/image\/"}}]}},"_links":{"self":[{"href":"https:\/\/whitesoundibiza.com\/es\/wp-json\/wp\/v2\/product\/49228","targetHints":{"allow":["GET"]}}],"collection":[{"href":"https:\/\/whitesoundibiza.com\/es\/wp-json\/wp\/v2\/product"}],"about":[{"href":"https:\/\/whitesoundibiza.com\/es\/wp-json\/wp\/v2\/types\/product"}],"wp:featuredmedia":[{"embeddable":true,"href":"https:\/\/whitesoundibiza.com\/es\/wp-json\/wp\/v2\/media\/48030"}],"wp:attachment":[{"href":"https:\/\/whitesoundibiza.com\/es\/wp-json\/wp\/v2\/media?parent=49228"}],"wp:term":[{"taxonomy":"product_brand","embeddable":true,"href":"https:\/\/whitesoundibiza.com\/es\/wp-json\/wp\/v2\/product_brand?post=49228"},{"taxonomy":"product_cat","embeddable":true,"href":"https:\/\/whitesoundibiza.com\/es\/wp-json\/wp\/v2\/product_cat?post=49228"},{"taxonomy":"product_tag","embeddable":true,"href":"https:\/\/whitesoundibiza.com\/es\/wp-json\/wp\/v2\/product_tag?post=49228"}],"curies":[{"name":"wp","href":"https:\/\/api.w.org\/{rel}","templated":true}]}}