{"id":49216,"date":"2025-01-31T16:02:21","date_gmt":"2025-01-31T16:02:21","guid":{"rendered":"https:\/\/whitesoundibiza.com\/producto\/yamaha-cl5\/"},"modified":"2025-08-09T15:41:36","modified_gmt":"2025-08-09T15:41:36","slug":"yamaha-cl5","status":"publish","type":"product","link":"https:\/\/whitesoundibiza.com\/es\/producto\/yamaha-cl5\/","title":{"rendered":"Yamaha CL5"},"content":{"rendered":"<p class=\"\" data-start=\"643\" data-end=\"998\">Alquila la <strong data-start=\"673\" data-end=\"696\">Yamaha CL5 en Ibiza<\/strong> desde White Sound Ibiza para conseguir un sonido en directo de calidad profesional. Esta consola insignia ofrece una flexibilidad inigualable, una calidad de audio pr\u00edstina y un flujo de trabajo dise\u00f1ado para configuraciones r\u00e1pidas. Tanto si mezclas un concierto en un estadio, una gala corporativa o un festival al aire libre, la CL5 se adapta perfectamente a tus necesidades.  <\/p>\n<p data-start=\"1002\" data-end=\"1046\"><strong>Cantidad masiva de canales y E\/S ampliables<\/strong><\/p>\n<p class=\"\" data-start=\"1049\" data-end=\"1409\">El CL5 ofrece 72 canales de entrada y 16 buses de mezcla. Adem\u00e1s, puede ampliarse mediante Dante con hasta 128 canales remotos. En consecuencia, maneja grandes bandas, coros y grabaciones multipista con facilidad. Adem\u00e1s, las Rio Stage Boxes opcionales te permiten colocar E\/S en el escenario y enlazarlas mediante un \u00fanico cable Cat5e. Como resultado, los tendidos de cables se mantienen ordenados y los tiempos de configuraci\u00f3n se reducen.    <\/p>\n<p data-start=\"1413\" data-end=\"1450\"><strong>Interfaz t\u00e1ctil intuitiva<\/strong><\/p>\n<p class=\"\" data-start=\"1453\" data-end=\"1779\">Una pantalla t\u00e1ctil de alta resoluci\u00f3n de 7 pulgadas proporciona una medici\u00f3n clara y navegaci\u00f3n por los men\u00fas. Adem\u00e1s, las &#8220;Preconfiguraciones QuickPro&#8221; definidas por el usuario te permiten recuperar los ajustes de los canales al instante. Por lo tanto, mantienes la coherencia en m\u00faltiples espect\u00e1culos. Mientras tanto, la aplicaci\u00f3n Fader Remote Control permite realizar ajustes inal\u00e1mbricos desde cualquier lugar del recinto.   <\/p>\n<p data-start=\"1783\" data-end=\"1822\"><strong>Conexi\u00f3n en red y control remoto Dante<\/strong><\/p>\n<p class=\"\" data-start=\"1825\" data-end=\"2133\">La red de audio Dante integrada proporciona audio de baja latencia y gran n\u00famero de canales a trav\u00e9s de Ethernet. Puedes integrar la CL5 en redes DSP m\u00e1s grandes. Adem\u00e1s, las E\/S remotas y los sistemas de monitorizaci\u00f3n personal se conectan sin problemas. En consecuencia, los ingenieros disfrutan de una flexibilidad total sin necesidad de a\u00f1adir voluminosas serpientes de escenario.   <\/p>\n<p data-start=\"2137\" data-end=\"2175\"><strong>Efectos y procesado SPX integrados<\/strong><\/p>\n<p class=\"\" data-start=\"2178\" data-end=\"2465\">La consola incorpora el famoso motor de efectos SPX de Yamaha. Dispones de 73 tipos de efectos, como reverberaci\u00f3n, retardo y modulaci\u00f3n. Adem\u00e1s, la emulaci\u00f3n de preamplificador &#8220;DPRE&#8221; garantiza una preamplificaci\u00f3n de micro suave y natural. Por lo tanto, consigues un sonido con calidad de estudio en entornos de directo sin racks externos.   <\/p>\n<p data-start=\"2469\" data-end=\"2499\"><strong>Construcci\u00f3n robusta y preparada para la carretera<\/strong><\/p>\n<p class=\"\" data-start=\"2502\" data-end=\"2728\">El chasis de acero de la CL5 y los faders Pro-Audio de alta calidad resisten las giras m\u00e1s rigurosas. Adem\u00e1s, su formato de montaje en bastidor se adapta a las flight cases est\u00e1ndar de 19\u2033. Como resultado, proteges tu inversi\u00f3n y simplificas el transporte.  <\/p>\n<p data-start=\"2732\" data-end=\"2766\"><strong>Aplicaciones vers\u00e1tiles para eventos<\/strong><\/p>\n<p class=\"\" data-start=\"2769\" data-end=\"3028\">Tanto si est\u00e1s mezclando una sesi\u00f3n de DJ en un club de playa como una conferencia en una sala, la CL5 ofrece resultados uniformes. Su memoria de escenas y el almacenamiento de archivos de espect\u00e1culos aceleran los cambios. Adem\u00e1s, los puertos Ethernet duales proporcionan redundancia en cadena para eventos de misi\u00f3n cr\u00edtica.  <\/p>\n<p data-start=\"3032\" data-end=\"3064\"><strong>Asistencia y entrega in situ<\/strong><\/p>\n<p class=\"\" data-start=\"3067\" data-end=\"3312\">White Sound Ibiza ofrece entrega, calibraci\u00f3n y configuraci\u00f3n experta para cada alquiler de CL5. Adem\u00e1s, nuestros t\u00e9cnicos se encargan de la puesta a punto y la resoluci\u00f3n de problemas en tiempo real. En consecuencia, t\u00fa te centras en tu rendimiento mientras nosotros nos ocupamos de los detalles t\u00e9cnicos.  <\/p>\n<p class=\"\" data-start=\"3316\" data-end=\"3578\">Alquila la <strong data-start=\"3325\" data-end=\"3348\">Yamaha CL5 en Ibiza<\/strong> con White Sound Ibiza hoy mismo. Con su potente n\u00famero de canales, interfaz gr\u00e1fica de usuario intuitiva, conexi\u00f3n en red Dante y fiabilidad profesional, la CL5 establece el est\u00e1ndar del sonido en directo. Reserva ahora y aseg\u00farate de que tu pr\u00f3ximo evento suene lo mejor posible.  <\/p>\n<p>Encuentra m\u00e1s opciones <a href=\"https:\/\/whitesoundibiza.com\/es\/categoria-producto\/mezclador-de-sonido\/\">aqu\u00ed<\/a>.<\/p>\n<p data-start=\"2699\" data-end=\"2939\"><style id=\"wpforms-css-vars-1077\">\n\t\t\t\t#wpforms-1077 {\n\t\t\t\t\n\t\t\t}\n\t\t\t<\/style><div class=\"wpforms-container wpforms-container-full wpforms-render-modern\" id=\"wpforms-1077\"><form id=\"wpforms-form-1077\" class=\"wpforms-validate wpforms-form wpforms-ajax-form\" data-formid=\"1077\" method=\"post\" enctype=\"multipart\/form-data\" action=\"\/es\/wp-json\/wp\/v2\/product\/49216\" data-token=\"233b4aa40e6841990c6c244b1638551d\" data-token-time=\"1775661039\"><noscript class=\"wpforms-error-noscript\">Por favor, activa JavaScript en tu navegador para completar este formulario.<\/noscript><div id=\"wpforms-error-noscript\" style=\"display: none;\">Por favor, activa JavaScript en tu navegador para completar este formulario.<\/div><div class=\"wpforms-field-container\"><div id=\"wpforms-1077-field_0-container\" class=\"wpforms-field wpforms-field-name\" data-field-id=\"0\"><fieldset><legend class=\"wpforms-field-label\">Nombre <span class=\"wpforms-required-label\" aria-hidden=\"true\">*<\/span><\/legend><div class=\"wpforms-field-row wpforms-field-medium\"><div class=\"wpforms-field-row-block wpforms-first wpforms-one-half\"><input type=\"text\" id=\"wpforms-1077-field_0\" class=\"wpforms-field-name-first wpforms-field-required\" name=\"wpforms[fields][0][first]\" placeholder=\"Nombre\" aria-errormessage=\"wpforms-1077-field_0-error\" required><label for=\"wpforms-1077-field_0\" class=\"wpforms-field-sublabel after wpforms-sublabel-hide\">Nombre<\/label><\/div><div class=\"wpforms-field-row-block wpforms-one-half\"><input type=\"text\" id=\"wpforms-1077-field_0-last\" class=\"wpforms-field-name-last wpforms-field-required\" name=\"wpforms[fields][0][last]\" placeholder=\"Apellidos\" aria-errormessage=\"wpforms-1077-field_0-last-error\" required><label for=\"wpforms-1077-field_0-last\" class=\"wpforms-field-sublabel after wpforms-sublabel-hide\">Apellidos<\/label><\/div><\/div><\/fieldset><\/div><div id=\"wpforms-1077-field_7-container\" class=\"wpforms-field wpforms-field-layout\" data-field-id=\"7\"><div class=\"wpforms-field-layout-columns wpforms-field-layout-preset-50-50\"><div class=\"wpforms-layout-column wpforms-layout-column-50\" ><div id=\"wpforms-1077-field_1-container\" class=\"wpforms-field wpforms-field-email\" data-field-id=\"1\"><label class=\"wpforms-field-label\" for=\"wpforms-1077-field_1\">Env\u00eda un correo electr\u00f3nico a <span class=\"wpforms-required-label\" aria-hidden=\"true\">*<\/span><\/label><input type=\"email\" id=\"wpforms-1077-field_1\" class=\"wpforms-field-medium wpforms-field-required\" name=\"wpforms[fields][1]\" spellcheck=\"false\" aria-errormessage=\"wpforms-1077-field_1-error\" required><\/div><\/div><div class=\"wpforms-layout-column wpforms-layout-column-50\" ><div id=\"wpforms-1077-field_8-container\" class=\"wpforms-field wpforms-field-phone\" data-field-id=\"8\"><label class=\"wpforms-field-label\" for=\"wpforms-1077-field_8\">N\u00famero de tel\u00e9fono <span class=\"wpforms-required-label\" aria-hidden=\"true\">*<\/span><\/label><input type=\"tel\" id=\"wpforms-1077-field_8\" class=\"wpforms-field-medium wpforms-field-required wpforms-smart-phone-field\" data-rule-smart-phone-field=\"true\" name=\"wpforms[fields][8]\" aria-label=\"N\u00famero de tel\u00e9fono\" aria-errormessage=\"wpforms-1077-field_8-error\" required><\/div><\/div><\/div><\/div>\t\t<div id=\"wpforms-1077-field_3-container\"\n\t\t\tclass=\"wpforms-field wpforms-field-text\"\n\t\t\tdata-field-type=\"text\"\n\t\t\tdata-field-id=\"3\"\n\t\t\t>\n\t\t\t<label class=\"wpforms-field-label\" for=\"wpforms-1077-field_3\" >a Dise\u00f1o Desde<\/label>\n\t\t\t<input type=\"text\" id=\"wpforms-1077-field_3\" class=\"wpforms-field-medium\" name=\"wpforms[fields][3]\" >\n\t\t<\/div>\n\t\t<div id=\"wpforms-1077-field_10-container\" class=\"wpforms-field wpforms-field-layout\" data-field-id=\"10\"><div class=\"wpforms-field-layout-columns wpforms-field-layout-preset-50-50\"><div class=\"wpforms-layout-column wpforms-layout-column-50\" ><div id=\"wpforms-1077-field_4-container\" class=\"wpforms-field wpforms-field-date-time\" data-field-id=\"4\"><label class=\"wpforms-field-label\" for=\"wpforms-1077-field_4\">Desde<\/label><div class=\"wpforms-datepicker-wrap\"><input type=\"text\" id=\"wpforms-1077-field_4\" class=\"wpforms-field-date-time-date wpforms-datepicker wpforms-field-small\" data-date-format=\"m\/d\/Y\" data-disable-past-dates=\"0\" data-input=\"true\" name=\"wpforms[fields][4][date]\" aria-errormessage=\"wpforms-1077-field_4-error\" ><a title=\"Borrar fecha\" data-clear role=\"button\" tabindex=\"0\" class=\"wpforms-datepicker-clear\" aria-label=\"Borrar fecha\" style=\"display:none;\"><\/a><\/div><\/div><\/div><div class=\"wpforms-layout-column wpforms-layout-column-50\" ><div id=\"wpforms-1077-field_9-container\" class=\"wpforms-field wpforms-field-date-time\" data-field-id=\"9\"><label class=\"wpforms-field-label\" for=\"wpforms-1077-field_9\">Hasta<\/label><div class=\"wpforms-datepicker-wrap\"><input type=\"text\" id=\"wpforms-1077-field_9\" class=\"wpforms-field-date-time-date wpforms-datepicker wpforms-field-small\" data-date-format=\"m\/d\/Y\" data-disable-past-dates=\"0\" data-input=\"true\" name=\"wpforms[fields][9][date]\" aria-errormessage=\"wpforms-1077-field_9-error\" ><a title=\"Borrar fecha\" data-clear role=\"button\" tabindex=\"0\" class=\"wpforms-datepicker-clear\" aria-label=\"Borrar fecha\" style=\"display:none;\"><\/a><\/div><\/div><\/div><\/div><\/div><div id=\"wpforms-1077-field_2-container\" class=\"wpforms-field wpforms-field-textarea\" data-field-id=\"2\"><label class=\"wpforms-field-label\" for=\"wpforms-1077-field_2\">Mensaje<\/label><textarea id=\"wpforms-1077-field_2\" class=\"wpforms-field-medium\" name=\"wpforms[fields][2]\" placeholder=\"\u00bfC\u00f3mo podemos ayudarte?\" aria-errormessage=\"wpforms-1077-field_2-error\" ><\/textarea><\/div><script>\n\t\t\t\t( function() {\n\t\t\t\t\tconst style = document.createElement( 'style' );\n\t\t\t\t\tstyle.appendChild( document.createTextNode( '#wpforms-1077-field_3-container { position: absolute !important; overflow: hidden !important; display: inline !important; height: 1px !important; width: 1px !important; z-index: -1000 !important; padding: 0 !important; } #wpforms-1077-field_3-container input { visibility: hidden; } #wpforms-conversational-form-page #wpforms-1077-field_3-container label { counter-increment: none; }' ) );\n\t\t\t\t\tdocument.head.appendChild( style );\n\t\t\t\t\tdocument.currentScript?.remove();\n\t\t\t\t} )();\n\t\t\t<\/script><\/div><!-- .wpforms-field-container --><div class=\"wpforms-recaptcha-container wpforms-is-recaptcha wpforms-is-recaptcha-type-v2\" ><div class=\"g-recaptcha\" data-sitekey=\"6LeS7gEkAAAAAO-EsXRwxTakHs6Q_9Z0rQYHkIS5\"><\/div><input type=\"text\" name=\"g-recaptcha-hidden\" class=\"wpforms-recaptcha-hidden\" style=\"position:absolute!important;clip:rect(0,0,0,0)!important;height:1px!important;width:1px!important;border:0!important;overflow:hidden!important;padding:0!important;margin:0!important;\" data-rule-recaptcha=\"1\"><\/div><div class=\"wpforms-submit-container\" ><input type=\"hidden\" name=\"wpforms[id]\" value=\"1077\"><input type=\"hidden\" name=\"page_title\" value=\"\"><input type=\"hidden\" name=\"page_url\" value=\"https:\/\/whitesoundibiza.com\/es\/wp-json\/wp\/v2\/product\/49216\"><input type=\"hidden\" name=\"url_referer\" value=\"\"><button type=\"submit\" name=\"wpforms[submit]\" id=\"wpforms-submit-1077\" class=\"wpforms-submit\" data-alt-text=\"Enviando...\" data-submit-text=\"Env\u00eda\" aria-live=\"assertive\" value=\"wpforms-submit\">Env\u00eda<\/button><img decoding=\"async\" src=\"https:\/\/whitesoundibiza.com\/wp-content\/plugins\/wpforms\/assets\/images\/submit-spin.svg\" class=\"wpforms-submit-spinner\" style=\"display: none;\" width=\"26\" height=\"26\" alt=\"Cargando\"><\/div><\/form><\/div>  <!-- .wpforms-container --><\/p>\n","protected":false},"excerpt":{"rendered":"<p>Un mezclador digital de 72 canales con pantalla t\u00e1ctil intuitiva, conexi\u00f3n en red Dante, efectos SPX incorporados y un robusto dise\u00f1o para montaje en bastidor, perfecto para grandes conciertos, festivales y eventos corporativos.<\/p>\n","protected":false},"featured_media":48111,"template":"","meta":{"_joinchat":[]},"product_brand":[],"product_cat":[186],"product_tag":[],"class_list":{"0":"post-49216","1":"product","2":"type-product","3":"status-publish","4":"has-post-thumbnail","6":"product_cat-mezclador-de-sonido","8":"first","9":"instock","10":"taxable","11":"shipping-taxable","12":"purchasable","13":"product-type-rentable"},"yoast_head":"<!-- This site is optimized with the Yoast SEO plugin v27.3 - https:\/\/yoast.com\/product\/yoast-seo-wordpress\/ -->\n<title>Alquiler Yamaha CL5 Ibiza | White Sound Ibiza<\/title>\n<meta name=\"description\" content=\"Alquila la consola de mezclas digital Yamaha CL5 en Ibiza con White Sound Ibiza. 72 canales de entrada, interfaz gr\u00e1fica de usuario con pantalla t\u00e1ctil, conexi\u00f3n en red Dante, efectos a bordo y fiabilidad a toda prueba. \u00a1Reserva ahora!\" \/>\n<meta name=\"robots\" content=\"index, follow, max-snippet:-1, max-image-preview:large, max-video-preview:-1\" \/>\n<link rel=\"canonical\" href=\"https:\/\/whitesoundibiza.com\/es\/producto\/yamaha-cl5\/\" \/>\n<meta property=\"og:locale\" content=\"es_ES\" \/>\n<meta property=\"og:type\" content=\"article\" \/>\n<meta property=\"og:title\" content=\"Alquiler Yamaha CL5 Ibiza | White Sound Ibiza\" \/>\n<meta property=\"og:description\" content=\"Alquila la consola de mezclas digital Yamaha CL5 en Ibiza con White Sound Ibiza. 72 canales de entrada, interfaz gr\u00e1fica de usuario con pantalla t\u00e1ctil, conexi\u00f3n en red Dante, efectos a bordo y fiabilidad a toda prueba. \u00a1Reserva ahora!\" \/>\n<meta property=\"og:url\" content=\"https:\/\/whitesoundibiza.com\/es\/producto\/yamaha-cl5\/\" \/>\n<meta property=\"og:site_name\" content=\"White Sound Ibiza - Delivering Fun\" \/>\n<meta property=\"article:modified_time\" content=\"2025-08-09T15:41:36+00:00\" \/>\n<meta property=\"og:image\" content=\"https:\/\/whitesoundibiza.com\/wp-content\/uploads\/2025\/01\/yamaha_cl5.jpg\" \/>\n\t<meta property=\"og:image:width\" content=\"1000\" \/>\n\t<meta property=\"og:image:height\" content=\"1000\" \/>\n\t<meta property=\"og:image:type\" content=\"image\/jpeg\" \/>\n<meta name=\"twitter:card\" content=\"summary_large_image\" \/>\n<meta name=\"twitter:label1\" content=\"Tiempo de lectura\" \/>\n\t<meta name=\"twitter:data1\" content=\"3 minutos\" \/>\n<script type=\"application\/ld+json\" class=\"yoast-schema-graph\">{\"@context\":\"https:\\\/\\\/schema.org\",\"@graph\":[{\"@type\":\"WebPage\",\"@id\":\"https:\\\/\\\/whitesoundibiza.com\\\/es\\\/producto\\\/yamaha-cl5\\\/\",\"url\":\"https:\\\/\\\/whitesoundibiza.com\\\/es\\\/producto\\\/yamaha-cl5\\\/\",\"name\":\"Alquiler Yamaha CL5 Ibiza | White Sound Ibiza\",\"isPartOf\":{\"@id\":\"https:\\\/\\\/whitesoundibiza.com\\\/es\\\/#website\"},\"primaryImageOfPage\":{\"@id\":\"https:\\\/\\\/whitesoundibiza.com\\\/es\\\/producto\\\/yamaha-cl5\\\/#primaryimage\"},\"image\":{\"@id\":\"https:\\\/\\\/whitesoundibiza.com\\\/es\\\/producto\\\/yamaha-cl5\\\/#primaryimage\"},\"thumbnailUrl\":\"https:\\\/\\\/whitesoundibiza.com\\\/wp-content\\\/uploads\\\/2025\\\/01\\\/yamaha_cl5.jpg\",\"datePublished\":\"2025-01-31T16:02:21+00:00\",\"dateModified\":\"2025-08-09T15:41:36+00:00\",\"description\":\"Alquila la consola de mezclas digital Yamaha CL5 en Ibiza con White Sound Ibiza. 72 canales de entrada, interfaz gr\u00e1fica de usuario con pantalla t\u00e1ctil, conexi\u00f3n en red Dante, efectos a bordo y fiabilidad a toda prueba. \u00a1Reserva ahora!\",\"breadcrumb\":{\"@id\":\"https:\\\/\\\/whitesoundibiza.com\\\/es\\\/producto\\\/yamaha-cl5\\\/#breadcrumb\"},\"inLanguage\":\"es\",\"potentialAction\":[{\"@type\":\"ReadAction\",\"target\":[\"https:\\\/\\\/whitesoundibiza.com\\\/es\\\/producto\\\/yamaha-cl5\\\/\"]}]},{\"@type\":\"ImageObject\",\"inLanguage\":\"es\",\"@id\":\"https:\\\/\\\/whitesoundibiza.com\\\/es\\\/producto\\\/yamaha-cl5\\\/#primaryimage\",\"url\":\"https:\\\/\\\/whitesoundibiza.com\\\/wp-content\\\/uploads\\\/2025\\\/01\\\/yamaha_cl5.jpg\",\"contentUrl\":\"https:\\\/\\\/whitesoundibiza.com\\\/wp-content\\\/uploads\\\/2025\\\/01\\\/yamaha_cl5.jpg\",\"width\":1000,\"height\":1000,\"caption\":\"Consola de mezclas digital Yamaha CL5 disponible para alquiler en Ibiza en White Sound Ibiza\"},{\"@type\":\"BreadcrumbList\",\"@id\":\"https:\\\/\\\/whitesoundibiza.com\\\/es\\\/producto\\\/yamaha-cl5\\\/#breadcrumb\",\"itemListElement\":[{\"@type\":\"ListItem\",\"position\":1,\"name\":\"Portada\",\"item\":\"https:\\\/\\\/whitesoundibiza.com\\\/es\\\/\"},{\"@type\":\"ListItem\",\"position\":2,\"name\":\"Tienda\",\"item\":\"https:\\\/\\\/whitesoundibiza.com\\\/es\\\/tienda\\\/\"},{\"@type\":\"ListItem\",\"position\":3,\"name\":\"Yamaha CL5\"}]},{\"@type\":\"WebSite\",\"@id\":\"https:\\\/\\\/whitesoundibiza.com\\\/es\\\/#website\",\"url\":\"https:\\\/\\\/whitesoundibiza.com\\\/es\\\/\",\"name\":\"White Sound Ibiza\",\"description\":\"Rent Speakers in Ibiza\",\"publisher\":{\"@id\":\"https:\\\/\\\/whitesoundibiza.com\\\/es\\\/#organization\"},\"potentialAction\":[{\"@type\":\"SearchAction\",\"target\":{\"@type\":\"EntryPoint\",\"urlTemplate\":\"https:\\\/\\\/whitesoundibiza.com\\\/es\\\/?s={search_term_string}\"},\"query-input\":{\"@type\":\"PropertyValueSpecification\",\"valueRequired\":true,\"valueName\":\"search_term_string\"}}],\"inLanguage\":\"es\"},{\"@type\":\"Organization\",\"@id\":\"https:\\\/\\\/whitesoundibiza.com\\\/es\\\/#organization\",\"name\":\"White Sound Ibiza\",\"url\":\"https:\\\/\\\/whitesoundibiza.com\\\/es\\\/\",\"logo\":{\"@type\":\"ImageObject\",\"inLanguage\":\"es\",\"@id\":\"https:\\\/\\\/whitesoundibiza.com\\\/es\\\/#\\\/schema\\\/logo\\\/image\\\/\",\"url\":\"https:\\\/\\\/whitesoundibiza.com\\\/wp-content\\\/uploads\\\/2025\\\/05\\\/ws_logo.jpg\",\"contentUrl\":\"https:\\\/\\\/whitesoundibiza.com\\\/wp-content\\\/uploads\\\/2025\\\/05\\\/ws_logo.jpg\",\"width\":800,\"height\":235,\"caption\":\"White Sound Ibiza\"},\"image\":{\"@id\":\"https:\\\/\\\/whitesoundibiza.com\\\/es\\\/#\\\/schema\\\/logo\\\/image\\\/\"}}]}<\/script>\n<!-- \/ Yoast SEO plugin. -->","yoast_head_json":{"title":"Alquiler Yamaha CL5 Ibiza | White Sound Ibiza","description":"Alquila la consola de mezclas digital Yamaha CL5 en Ibiza con White Sound Ibiza. 72 canales de entrada, interfaz gr\u00e1fica de usuario con pantalla t\u00e1ctil, conexi\u00f3n en red Dante, efectos a bordo y fiabilidad a toda prueba. \u00a1Reserva ahora!","robots":{"index":"index","follow":"follow","max-snippet":"max-snippet:-1","max-image-preview":"max-image-preview:large","max-video-preview":"max-video-preview:-1"},"canonical":"https:\/\/whitesoundibiza.com\/es\/producto\/yamaha-cl5\/","og_locale":"es_ES","og_type":"article","og_title":"Alquiler Yamaha CL5 Ibiza | White Sound Ibiza","og_description":"Alquila la consola de mezclas digital Yamaha CL5 en Ibiza con White Sound Ibiza. 72 canales de entrada, interfaz gr\u00e1fica de usuario con pantalla t\u00e1ctil, conexi\u00f3n en red Dante, efectos a bordo y fiabilidad a toda prueba. \u00a1Reserva ahora!","og_url":"https:\/\/whitesoundibiza.com\/es\/producto\/yamaha-cl5\/","og_site_name":"White Sound Ibiza - Delivering Fun","article_modified_time":"2025-08-09T15:41:36+00:00","og_image":[{"width":1000,"height":1000,"url":"https:\/\/whitesoundibiza.com\/wp-content\/uploads\/2025\/01\/yamaha_cl5.jpg","type":"image\/jpeg"}],"twitter_card":"summary_large_image","twitter_misc":{"Tiempo de lectura":"3 minutos"},"schema":{"@context":"https:\/\/schema.org","@graph":[{"@type":"WebPage","@id":"https:\/\/whitesoundibiza.com\/es\/producto\/yamaha-cl5\/","url":"https:\/\/whitesoundibiza.com\/es\/producto\/yamaha-cl5\/","name":"Alquiler Yamaha CL5 Ibiza | White Sound Ibiza","isPartOf":{"@id":"https:\/\/whitesoundibiza.com\/es\/#website"},"primaryImageOfPage":{"@id":"https:\/\/whitesoundibiza.com\/es\/producto\/yamaha-cl5\/#primaryimage"},"image":{"@id":"https:\/\/whitesoundibiza.com\/es\/producto\/yamaha-cl5\/#primaryimage"},"thumbnailUrl":"https:\/\/whitesoundibiza.com\/wp-content\/uploads\/2025\/01\/yamaha_cl5.jpg","datePublished":"2025-01-31T16:02:21+00:00","dateModified":"2025-08-09T15:41:36+00:00","description":"Alquila la consola de mezclas digital Yamaha CL5 en Ibiza con White Sound Ibiza. 72 canales de entrada, interfaz gr\u00e1fica de usuario con pantalla t\u00e1ctil, conexi\u00f3n en red Dante, efectos a bordo y fiabilidad a toda prueba. \u00a1Reserva ahora!","breadcrumb":{"@id":"https:\/\/whitesoundibiza.com\/es\/producto\/yamaha-cl5\/#breadcrumb"},"inLanguage":"es","potentialAction":[{"@type":"ReadAction","target":["https:\/\/whitesoundibiza.com\/es\/producto\/yamaha-cl5\/"]}]},{"@type":"ImageObject","inLanguage":"es","@id":"https:\/\/whitesoundibiza.com\/es\/producto\/yamaha-cl5\/#primaryimage","url":"https:\/\/whitesoundibiza.com\/wp-content\/uploads\/2025\/01\/yamaha_cl5.jpg","contentUrl":"https:\/\/whitesoundibiza.com\/wp-content\/uploads\/2025\/01\/yamaha_cl5.jpg","width":1000,"height":1000,"caption":"Consola de mezclas digital Yamaha CL5 disponible para alquiler en Ibiza en White Sound Ibiza"},{"@type":"BreadcrumbList","@id":"https:\/\/whitesoundibiza.com\/es\/producto\/yamaha-cl5\/#breadcrumb","itemListElement":[{"@type":"ListItem","position":1,"name":"Portada","item":"https:\/\/whitesoundibiza.com\/es\/"},{"@type":"ListItem","position":2,"name":"Tienda","item":"https:\/\/whitesoundibiza.com\/es\/tienda\/"},{"@type":"ListItem","position":3,"name":"Yamaha CL5"}]},{"@type":"WebSite","@id":"https:\/\/whitesoundibiza.com\/es\/#website","url":"https:\/\/whitesoundibiza.com\/es\/","name":"White Sound Ibiza","description":"Rent Speakers in Ibiza","publisher":{"@id":"https:\/\/whitesoundibiza.com\/es\/#organization"},"potentialAction":[{"@type":"SearchAction","target":{"@type":"EntryPoint","urlTemplate":"https:\/\/whitesoundibiza.com\/es\/?s={search_term_string}"},"query-input":{"@type":"PropertyValueSpecification","valueRequired":true,"valueName":"search_term_string"}}],"inLanguage":"es"},{"@type":"Organization","@id":"https:\/\/whitesoundibiza.com\/es\/#organization","name":"White Sound Ibiza","url":"https:\/\/whitesoundibiza.com\/es\/","logo":{"@type":"ImageObject","inLanguage":"es","@id":"https:\/\/whitesoundibiza.com\/es\/#\/schema\/logo\/image\/","url":"https:\/\/whitesoundibiza.com\/wp-content\/uploads\/2025\/05\/ws_logo.jpg","contentUrl":"https:\/\/whitesoundibiza.com\/wp-content\/uploads\/2025\/05\/ws_logo.jpg","width":800,"height":235,"caption":"White Sound Ibiza"},"image":{"@id":"https:\/\/whitesoundibiza.com\/es\/#\/schema\/logo\/image\/"}}]}},"_links":{"self":[{"href":"https:\/\/whitesoundibiza.com\/es\/wp-json\/wp\/v2\/product\/49216","targetHints":{"allow":["GET"]}}],"collection":[{"href":"https:\/\/whitesoundibiza.com\/es\/wp-json\/wp\/v2\/product"}],"about":[{"href":"https:\/\/whitesoundibiza.com\/es\/wp-json\/wp\/v2\/types\/product"}],"wp:featuredmedia":[{"embeddable":true,"href":"https:\/\/whitesoundibiza.com\/es\/wp-json\/wp\/v2\/media\/48111"}],"wp:attachment":[{"href":"https:\/\/whitesoundibiza.com\/es\/wp-json\/wp\/v2\/media?parent=49216"}],"wp:term":[{"taxonomy":"product_brand","embeddable":true,"href":"https:\/\/whitesoundibiza.com\/es\/wp-json\/wp\/v2\/product_brand?post=49216"},{"taxonomy":"product_cat","embeddable":true,"href":"https:\/\/whitesoundibiza.com\/es\/wp-json\/wp\/v2\/product_cat?post=49216"},{"taxonomy":"product_tag","embeddable":true,"href":"https:\/\/whitesoundibiza.com\/es\/wp-json\/wp\/v2\/product_tag?post=49216"}],"curies":[{"name":"wp","href":"https:\/\/api.w.org\/{rel}","templated":true}]}}