{"id":49208,"date":"2025-01-31T16:02:18","date_gmt":"2025-01-31T16:02:18","guid":{"rendered":"https:\/\/whitesoundibiza.com\/producto\/db-vgsub\/"},"modified":"2025-08-09T15:41:35","modified_gmt":"2025-08-09T15:41:35","slug":"db-vgsub","status":"publish","type":"product","link":"https:\/\/whitesoundibiza.com\/es\/producto\/db-vgsub\/","title":{"rendered":"D&amp;B VGSub"},"content":{"rendered":"<p class=\"\" data-start=\"652\" data-end=\"983\">Alquila el <strong data-start=\"682\" data-end=\"704\">D&amp;B VGSub en Ibiza<\/strong> de White Sound Ibiza para conseguir un rendimiento de graves potente pero controlado. Este subwoofer cardioide pasivo combina ingenier\u00eda ac\u00fastica avanzada con un tama\u00f1o compacto. En consecuencia, ofrece una profunda extensi\u00f3n de graves sin estruendos no deseados en el escenario ni filtraciones a los micr\u00f3fonos.  <\/p>\n<h3 class=\"\" data-start=\"987\" data-end=\"1014\">Control de graves cardioide<\/h3>\n<p class=\"\" data-start=\"1017\" data-end=\"1353\">El dise\u00f1o cardioide patentado del VGSub dirige hasta 10 dB m\u00e1s de energ\u00eda al p\u00fablico, al tiempo que minimiza los graves irradiados por detr\u00e1s en el escenario. Como resultado, mantienes la claridad del escenario y reduces la realimentaci\u00f3n, incluso a niveles altos de presi\u00f3n sonora. Por lo tanto, es perfecto para rellenos de bater\u00eda, relleno frontal FOH y aplicaciones de megafon\u00eda principal de peque\u00f1o formato en las que importa la precisi\u00f3n de los graves.  <\/p>\n<h3 class=\"\" data-start=\"1357\" data-end=\"1389\">Transductores dobles de neodimio de 12<\/h3>\n<p class=\"\" data-start=\"1392\" data-end=\"1719\">Dos woofers de 12\u2033 de alto rendimiento proporcionan graves potentes y con garra hasta 30 Hz. Adem\u00e1s, los imanes de neodimio proporcionan un alto rendimiento con un peso reducido. En consecuencia, disfrutar\u00e1s de unas bajas frecuencias robustas sin sobrecargar tu equipo. Adem\u00e1s, la carcasa ventilada optimiza el flujo de aire, garantizando un rendimiento constante a niveles m\u00e1ximos.   <\/p>\n<h3 class=\"\" data-start=\"1723\" data-end=\"1760\">Construcci\u00f3n robusta y preparada para el Tour<\/h3>\n<p class=\"\" data-start=\"1763\" data-end=\"2085\">Construido con contrachapado de abedul ign\u00edfugo de 15 mm y acabado con una duradera capa de poliurea, el VGSub resiste las exigencias del turismo y el uso en exteriores. Los puntos de anclaje integrados y las asas ergon\u00f3micas facilitan el montaje y el transporte. Adem\u00e1s, la rejilla de acero protege a los transductores de posibles da\u00f1os, para que puedas confiar en \u00e9l concierto tras concierto.  <\/p>\n<h3 class=\"\" data-start=\"2089\" data-end=\"2123\">Amplificaci\u00f3n y DSP sin fisuras<\/h3>\n<p class=\"\" data-start=\"2126\" data-end=\"2423\">Empareja el VGSub con los amplificadores D20 o D80 de D&amp;B para obtener preajustes optimizados y ArrayProcessing. Este flujo de trabajo permite un filtrado y retardo alineados con los altavoces para un rendimiento coherente del sistema. Adem\u00e1s, el control remoto mediante el software R1 te permite ajustar el ecualizador y el retardo desde FOH sin volver al stack.  <\/p>\n<h3 class=\"\" data-start=\"2427\" data-end=\"2461\">Aplicaciones vers\u00e1tiles para eventos<\/h3>\n<p class=\"\" data-start=\"2464\" data-end=\"2762\">Tanto si est\u00e1s organizando una fiesta al atardecer en la playa, una noche \u00edntima en un club o una presentaci\u00f3n corporativa, el VGSub se adapta sin esfuerzo. Sus dimensiones compactas (350 \u00d7 480 \u00d7 520 mm) te permiten desplegar varias unidades para una cobertura escalable. As\u00ed, conseguir\u00e1s una dispersi\u00f3n uniforme de los graves en audiencias de distintos tama\u00f1os.  <\/p>\n<h3 class=\"\" data-start=\"2766\" data-end=\"2805\">Servicios de alquiler y asistencia in situ<\/h3>\n<p class=\"\" data-start=\"2808\" data-end=\"3071\">White Sound Ibiza proporciona la entrega, el dise\u00f1o del sistema y la configuraci\u00f3n experta para cada alquiler de VGSub. Nuestros t\u00e9cnicos calibran juntos tus subwoofers y tops, garantizando unos graves equilibrados y potentes. As\u00ed, t\u00fa te centras en tu evento mientras nosotros nos ocupamos de los detalles t\u00e9cnicos.  <\/p>\n<p class=\"\" data-start=\"3075\" data-end=\"3312\">Alquila el <strong data-start=\"3084\" data-end=\"3106\">D&amp;B VGSub en Ibiza<\/strong> hoy mismo en White Sound Ibiza. Con su control cardioide, su fidelidad de doble transductor y su robusta construcci\u00f3n, es la soluci\u00f3n definitiva para el refuerzo profesional de graves. \u00a1Reserva ahora y siente los graves como nunca!  <\/p>\n<p data-start=\"3111\" data-end=\"3332\">Encuentra m\u00e1s opciones <a href=\"https:\/\/whitesoundibiza.com\/es\/sistema-de-sonido\/\">aqu\u00ed<\/a>.<\/p>\n<p data-start=\"3111\" data-end=\"3332\"><style id=\"wpforms-css-vars-1077\">\n\t\t\t\t#wpforms-1077 {\n\t\t\t\t\n\t\t\t}\n\t\t\t<\/style><div class=\"wpforms-container wpforms-container-full wpforms-render-modern\" id=\"wpforms-1077\"><form id=\"wpforms-form-1077\" class=\"wpforms-validate wpforms-form wpforms-ajax-form\" data-formid=\"1077\" method=\"post\" enctype=\"multipart\/form-data\" action=\"\/es\/wp-json\/wp\/v2\/product\/49208\" data-token=\"94928534a24cdcc111147f7cbd5189fa\" data-token-time=\"1776963805\"><noscript class=\"wpforms-error-noscript\">Por favor, activa JavaScript en tu navegador para completar este formulario.<\/noscript><div id=\"wpforms-error-noscript\" style=\"display: none;\">Por favor, activa JavaScript en tu navegador para completar este formulario.<\/div><div class=\"wpforms-field-container\"><div id=\"wpforms-1077-field_0-container\" class=\"wpforms-field wpforms-field-name\" data-field-id=\"0\"><fieldset><legend class=\"wpforms-field-label\">Nombre <span class=\"wpforms-required-label\" aria-hidden=\"true\">*<\/span><\/legend><div class=\"wpforms-field-row wpforms-field-medium\"><div class=\"wpforms-field-row-block wpforms-first wpforms-one-half\"><input type=\"text\" id=\"wpforms-1077-field_0\" class=\"wpforms-field-name-first wpforms-field-required\" name=\"wpforms[fields][0][first]\" placeholder=\"Nombre\" aria-errormessage=\"wpforms-1077-field_0-error\" required><label for=\"wpforms-1077-field_0\" class=\"wpforms-field-sublabel after wpforms-sublabel-hide\">Nombre<\/label><\/div><div class=\"wpforms-field-row-block wpforms-one-half\"><input type=\"text\" id=\"wpforms-1077-field_0-last\" class=\"wpforms-field-name-last wpforms-field-required\" name=\"wpforms[fields][0][last]\" placeholder=\"Apellidos\" aria-errormessage=\"wpforms-1077-field_0-last-error\" required><label for=\"wpforms-1077-field_0-last\" class=\"wpforms-field-sublabel after wpforms-sublabel-hide\">Apellidos<\/label><\/div><\/div><\/fieldset><\/div><div id=\"wpforms-1077-field_7-container\" class=\"wpforms-field wpforms-field-layout\" data-field-id=\"7\"><div class=\"wpforms-field-layout-columns wpforms-field-layout-preset-50-50\"><div class=\"wpforms-layout-column wpforms-layout-column-50\" >\t\t<div id=\"wpforms-1077-field_3-container\"\n\t\t\tclass=\"wpforms-field wpforms-field-text\"\n\t\t\tdata-field-type=\"text\"\n\t\t\tdata-field-id=\"3\"\n\t\t\t>\n\t\t\t<label class=\"wpforms-field-label\" for=\"wpforms-1077-field_3\" >Desde Mensaje de<\/label>\n\t\t\t<input type=\"text\" id=\"wpforms-1077-field_3\" class=\"wpforms-field-medium\" name=\"wpforms[fields][3]\" >\n\t\t<\/div>\n\t\t<div id=\"wpforms-1077-field_1-container\" class=\"wpforms-field wpforms-field-email\" data-field-id=\"1\"><label class=\"wpforms-field-label\" for=\"wpforms-1077-field_1\">Env\u00eda un correo electr\u00f3nico a <span class=\"wpforms-required-label\" aria-hidden=\"true\">*<\/span><\/label><input type=\"email\" id=\"wpforms-1077-field_1\" class=\"wpforms-field-medium wpforms-field-required\" name=\"wpforms[fields][1]\" spellcheck=\"false\" aria-errormessage=\"wpforms-1077-field_1-error\" required><\/div><\/div><div class=\"wpforms-layout-column wpforms-layout-column-50\" ><div id=\"wpforms-1077-field_8-container\" class=\"wpforms-field wpforms-field-phone\" data-field-id=\"8\"><label class=\"wpforms-field-label\" for=\"wpforms-1077-field_8\">N\u00famero de tel\u00e9fono <span class=\"wpforms-required-label\" aria-hidden=\"true\">*<\/span><\/label><input type=\"tel\" id=\"wpforms-1077-field_8\" class=\"wpforms-field-medium wpforms-field-required wpforms-smart-phone-field\" data-rule-smart-phone-field=\"true\" name=\"wpforms[fields][8]\" aria-label=\"N\u00famero de tel\u00e9fono\" aria-errormessage=\"wpforms-1077-field_8-error\" required><\/div><\/div><\/div><\/div><div id=\"wpforms-1077-field_10-container\" class=\"wpforms-field wpforms-field-layout\" data-field-id=\"10\"><div class=\"wpforms-field-layout-columns wpforms-field-layout-preset-50-50\"><div class=\"wpforms-layout-column wpforms-layout-column-50\" ><div id=\"wpforms-1077-field_4-container\" class=\"wpforms-field wpforms-field-date-time\" data-field-id=\"4\"><label class=\"wpforms-field-label\" for=\"wpforms-1077-field_4\">Desde<\/label><div class=\"wpforms-datepicker-wrap\"><input type=\"text\" id=\"wpforms-1077-field_4\" class=\"wpforms-field-date-time-date wpforms-datepicker wpforms-field-small\" data-date-format=\"m\/d\/Y\" data-disable-past-dates=\"0\" data-input=\"true\" name=\"wpforms[fields][4][date]\" aria-errormessage=\"wpforms-1077-field_4-error\" ><a title=\"Borrar fecha\" data-clear role=\"button\" tabindex=\"0\" class=\"wpforms-datepicker-clear\" aria-label=\"Borrar fecha\" style=\"display:none;\"><\/a><\/div><\/div><\/div><div class=\"wpforms-layout-column wpforms-layout-column-50\" ><div id=\"wpforms-1077-field_9-container\" class=\"wpforms-field wpforms-field-date-time\" data-field-id=\"9\"><label class=\"wpforms-field-label\" for=\"wpforms-1077-field_9\">Hasta<\/label><div class=\"wpforms-datepicker-wrap\"><input type=\"text\" id=\"wpforms-1077-field_9\" class=\"wpforms-field-date-time-date wpforms-datepicker wpforms-field-small\" data-date-format=\"m\/d\/Y\" data-disable-past-dates=\"0\" data-input=\"true\" name=\"wpforms[fields][9][date]\" aria-errormessage=\"wpforms-1077-field_9-error\" ><a title=\"Borrar fecha\" data-clear role=\"button\" tabindex=\"0\" class=\"wpforms-datepicker-clear\" aria-label=\"Borrar fecha\" style=\"display:none;\"><\/a><\/div><\/div><\/div><\/div><\/div><div id=\"wpforms-1077-field_2-container\" class=\"wpforms-field wpforms-field-textarea\" data-field-id=\"2\"><label class=\"wpforms-field-label\" for=\"wpforms-1077-field_2\">Mensaje<\/label><textarea id=\"wpforms-1077-field_2\" class=\"wpforms-field-medium\" name=\"wpforms[fields][2]\" placeholder=\"\u00bfC\u00f3mo podemos ayudarte?\" aria-errormessage=\"wpforms-1077-field_2-error\" ><\/textarea><\/div><script>\n\t\t\t\t( function() {\n\t\t\t\t\tconst style = document.createElement( 'style' );\n\t\t\t\t\tstyle.appendChild( document.createTextNode( '#wpforms-1077-field_3-container { position: absolute !important; overflow: hidden !important; display: inline !important; height: 1px !important; width: 1px !important; z-index: -1000 !important; padding: 0 !important; } #wpforms-1077-field_3-container input { visibility: hidden; } #wpforms-conversational-form-page #wpforms-1077-field_3-container label { counter-increment: none; }' ) );\n\t\t\t\t\tdocument.head.appendChild( style );\n\t\t\t\t\tdocument.currentScript?.remove();\n\t\t\t\t} )();\n\t\t\t<\/script><\/div><!-- .wpforms-field-container --><div class=\"wpforms-recaptcha-container wpforms-is-recaptcha wpforms-is-recaptcha-type-v2\" ><div class=\"g-recaptcha\" data-sitekey=\"6LeS7gEkAAAAAO-EsXRwxTakHs6Q_9Z0rQYHkIS5\"><\/div><input type=\"text\" name=\"g-recaptcha-hidden\" class=\"wpforms-recaptcha-hidden\" style=\"position:absolute!important;clip:rect(0,0,0,0)!important;height:1px!important;width:1px!important;border:0!important;overflow:hidden!important;padding:0!important;margin:0!important;\" data-rule-recaptcha=\"1\"><\/div><div class=\"wpforms-submit-container\" ><input type=\"hidden\" name=\"wpforms[id]\" value=\"1077\"><input type=\"hidden\" name=\"page_title\" value=\"\"><input type=\"hidden\" name=\"page_url\" value=\"https:\/\/whitesoundibiza.com\/es\/wp-json\/wp\/v2\/product\/49208\"><input type=\"hidden\" name=\"url_referer\" value=\"\"><button type=\"submit\" name=\"wpforms[submit]\" id=\"wpforms-submit-1077\" class=\"wpforms-submit\" data-alt-text=\"Enviando...\" data-submit-text=\"Env\u00eda\" aria-live=\"assertive\" value=\"wpforms-submit\">Env\u00eda<\/button><img decoding=\"async\" src=\"https:\/\/whitesoundibiza.com\/wp-content\/plugins\/wpforms\/assets\/images\/submit-spin.svg\" class=\"wpforms-submit-spinner\" style=\"display: none;\" width=\"26\" height=\"26\" alt=\"Cargando\"><\/div><\/form><\/div>  <!-- .wpforms-container --><\/p>\n","protected":false},"excerpt":{"rendered":"<p>Un subwoofer cardioide pasivo compacto con transductores duales de neodimio de 12\u2033, rango de frecuencia de 30 Hz-150 Hz y rigging incorporado, que proporciona graves ajustados y controlados para sistemas de sonido profesionales.<\/p>\n","protected":false},"featured_media":48013,"template":"","meta":{"_joinchat":[]},"product_brand":[],"product_cat":[184],"product_tag":[],"class_list":{"0":"post-49208","1":"product","2":"type-product","3":"status-publish","4":"has-post-thumbnail","6":"product_cat-subwoofers-es","8":"first","9":"instock","10":"taxable","11":"shipping-taxable","12":"purchasable","13":"product-type-rentable"},"yoast_head":"<!-- This site is optimized with the Yoast SEO plugin v27.4 - https:\/\/yoast.com\/product\/yoast-seo-wordpress\/ -->\n<title>Alquilar D&amp;B VGSub Ibiza | White Sound Ibiza<\/title>\n<meta name=\"description\" content=\"Alquila el subwoofer D&amp;B VGSub en Ibiza con White Sound Ibiza. Control de graves cardioide, controladores duales de 12\u2033, carcasa compacta y construcci\u00f3n robusta: ideal para unos graves precisos en cualquier evento. \u00a1Reserva ahora!\" \/>\n<meta name=\"robots\" content=\"index, follow, max-snippet:-1, max-image-preview:large, max-video-preview:-1\" \/>\n<link rel=\"canonical\" href=\"https:\/\/whitesoundibiza.com\/es\/producto\/db-vgsub\/\" \/>\n<meta property=\"og:locale\" content=\"es_ES\" \/>\n<meta property=\"og:type\" content=\"article\" \/>\n<meta property=\"og:title\" content=\"Alquilar D&amp;B VGSub Ibiza | White Sound Ibiza\" \/>\n<meta property=\"og:description\" content=\"Alquila el subwoofer D&amp;B VGSub en Ibiza con White Sound Ibiza. Control de graves cardioide, controladores duales de 12\u2033, carcasa compacta y construcci\u00f3n robusta: ideal para unos graves precisos en cualquier evento. \u00a1Reserva ahora!\" \/>\n<meta property=\"og:url\" content=\"https:\/\/whitesoundibiza.com\/es\/producto\/db-vgsub\/\" \/>\n<meta property=\"og:site_name\" content=\"White Sound Ibiza - Delivering Fun\" \/>\n<meta property=\"article:modified_time\" content=\"2025-08-09T15:41:35+00:00\" \/>\n<meta property=\"og:image\" content=\"https:\/\/whitesoundibiza.com\/wp-content\/uploads\/2025\/01\/vgsub.png\" \/>\n\t<meta property=\"og:image:width\" content=\"500\" \/>\n\t<meta property=\"og:image:height\" content=\"500\" \/>\n\t<meta property=\"og:image:type\" content=\"image\/png\" \/>\n<meta name=\"twitter:card\" content=\"summary_large_image\" \/>\n<meta name=\"twitter:label1\" content=\"Tiempo de lectura\" \/>\n\t<meta name=\"twitter:data1\" content=\"3 minutos\" \/>\n<script type=\"application\/ld+json\" class=\"yoast-schema-graph\">{\"@context\":\"https:\\\/\\\/schema.org\",\"@graph\":[{\"@type\":\"WebPage\",\"@id\":\"https:\\\/\\\/whitesoundibiza.com\\\/es\\\/producto\\\/db-vgsub\\\/\",\"url\":\"https:\\\/\\\/whitesoundibiza.com\\\/es\\\/producto\\\/db-vgsub\\\/\",\"name\":\"Alquilar D&B VGSub Ibiza | White Sound Ibiza\",\"isPartOf\":{\"@id\":\"https:\\\/\\\/whitesoundibiza.com\\\/es\\\/#website\"},\"primaryImageOfPage\":{\"@id\":\"https:\\\/\\\/whitesoundibiza.com\\\/es\\\/producto\\\/db-vgsub\\\/#primaryimage\"},\"image\":{\"@id\":\"https:\\\/\\\/whitesoundibiza.com\\\/es\\\/producto\\\/db-vgsub\\\/#primaryimage\"},\"thumbnailUrl\":\"https:\\\/\\\/whitesoundibiza.com\\\/wp-content\\\/uploads\\\/2025\\\/01\\\/vgsub.png\",\"datePublished\":\"2025-01-31T16:02:18+00:00\",\"dateModified\":\"2025-08-09T15:41:35+00:00\",\"description\":\"Alquila el subwoofer D&B VGSub en Ibiza con White Sound Ibiza. Control de graves cardioide, controladores duales de 12\u2033, carcasa compacta y construcci\u00f3n robusta: ideal para unos graves precisos en cualquier evento. \u00a1Reserva ahora!\",\"breadcrumb\":{\"@id\":\"https:\\\/\\\/whitesoundibiza.com\\\/es\\\/producto\\\/db-vgsub\\\/#breadcrumb\"},\"inLanguage\":\"es\",\"potentialAction\":[{\"@type\":\"ReadAction\",\"target\":[\"https:\\\/\\\/whitesoundibiza.com\\\/es\\\/producto\\\/db-vgsub\\\/\"]}]},{\"@type\":\"ImageObject\",\"inLanguage\":\"es\",\"@id\":\"https:\\\/\\\/whitesoundibiza.com\\\/es\\\/producto\\\/db-vgsub\\\/#primaryimage\",\"url\":\"https:\\\/\\\/whitesoundibiza.com\\\/wp-content\\\/uploads\\\/2025\\\/01\\\/vgsub.png\",\"contentUrl\":\"https:\\\/\\\/whitesoundibiza.com\\\/wp-content\\\/uploads\\\/2025\\\/01\\\/vgsub.png\",\"width\":500,\"height\":500,\"caption\":\"Subwoofer cardioide pasivo D&amp;B VGSub disponible para alquiler en Ibiza en White Sound Ibiza\"},{\"@type\":\"BreadcrumbList\",\"@id\":\"https:\\\/\\\/whitesoundibiza.com\\\/es\\\/producto\\\/db-vgsub\\\/#breadcrumb\",\"itemListElement\":[{\"@type\":\"ListItem\",\"position\":1,\"name\":\"Portada\",\"item\":\"https:\\\/\\\/whitesoundibiza.com\\\/es\\\/\"},{\"@type\":\"ListItem\",\"position\":2,\"name\":\"Tienda\",\"item\":\"https:\\\/\\\/whitesoundibiza.com\\\/es\\\/tienda\\\/\"},{\"@type\":\"ListItem\",\"position\":3,\"name\":\"D&amp;B VGSub\"}]},{\"@type\":\"WebSite\",\"@id\":\"https:\\\/\\\/whitesoundibiza.com\\\/es\\\/#website\",\"url\":\"https:\\\/\\\/whitesoundibiza.com\\\/es\\\/\",\"name\":\"White Sound Ibiza\",\"description\":\"Rent Speakers in Ibiza\",\"publisher\":{\"@id\":\"https:\\\/\\\/whitesoundibiza.com\\\/es\\\/#organization\"},\"potentialAction\":[{\"@type\":\"SearchAction\",\"target\":{\"@type\":\"EntryPoint\",\"urlTemplate\":\"https:\\\/\\\/whitesoundibiza.com\\\/es\\\/?s={search_term_string}\"},\"query-input\":{\"@type\":\"PropertyValueSpecification\",\"valueRequired\":true,\"valueName\":\"search_term_string\"}}],\"inLanguage\":\"es\"},{\"@type\":\"Organization\",\"@id\":\"https:\\\/\\\/whitesoundibiza.com\\\/es\\\/#organization\",\"name\":\"White Sound Ibiza\",\"url\":\"https:\\\/\\\/whitesoundibiza.com\\\/es\\\/\",\"logo\":{\"@type\":\"ImageObject\",\"inLanguage\":\"es\",\"@id\":\"https:\\\/\\\/whitesoundibiza.com\\\/es\\\/#\\\/schema\\\/logo\\\/image\\\/\",\"url\":\"https:\\\/\\\/whitesoundibiza.com\\\/wp-content\\\/uploads\\\/2025\\\/05\\\/ws_logo.jpg\",\"contentUrl\":\"https:\\\/\\\/whitesoundibiza.com\\\/wp-content\\\/uploads\\\/2025\\\/05\\\/ws_logo.jpg\",\"width\":800,\"height\":235,\"caption\":\"White Sound Ibiza\"},\"image\":{\"@id\":\"https:\\\/\\\/whitesoundibiza.com\\\/es\\\/#\\\/schema\\\/logo\\\/image\\\/\"}}]}<\/script>\n<!-- \/ Yoast SEO plugin. -->","yoast_head_json":{"title":"Alquilar D&B VGSub Ibiza | White Sound Ibiza","description":"Alquila el subwoofer D&B VGSub en Ibiza con White Sound Ibiza. Control de graves cardioide, controladores duales de 12\u2033, carcasa compacta y construcci\u00f3n robusta: ideal para unos graves precisos en cualquier evento. \u00a1Reserva ahora!","robots":{"index":"index","follow":"follow","max-snippet":"max-snippet:-1","max-image-preview":"max-image-preview:large","max-video-preview":"max-video-preview:-1"},"canonical":"https:\/\/whitesoundibiza.com\/es\/producto\/db-vgsub\/","og_locale":"es_ES","og_type":"article","og_title":"Alquilar D&B VGSub Ibiza | White Sound Ibiza","og_description":"Alquila el subwoofer D&B VGSub en Ibiza con White Sound Ibiza. Control de graves cardioide, controladores duales de 12\u2033, carcasa compacta y construcci\u00f3n robusta: ideal para unos graves precisos en cualquier evento. \u00a1Reserva ahora!","og_url":"https:\/\/whitesoundibiza.com\/es\/producto\/db-vgsub\/","og_site_name":"White Sound Ibiza - Delivering Fun","article_modified_time":"2025-08-09T15:41:35+00:00","og_image":[{"width":500,"height":500,"url":"https:\/\/whitesoundibiza.com\/wp-content\/uploads\/2025\/01\/vgsub.png","type":"image\/png"}],"twitter_card":"summary_large_image","twitter_misc":{"Tiempo de lectura":"3 minutos"},"schema":{"@context":"https:\/\/schema.org","@graph":[{"@type":"WebPage","@id":"https:\/\/whitesoundibiza.com\/es\/producto\/db-vgsub\/","url":"https:\/\/whitesoundibiza.com\/es\/producto\/db-vgsub\/","name":"Alquilar D&B VGSub Ibiza | White Sound Ibiza","isPartOf":{"@id":"https:\/\/whitesoundibiza.com\/es\/#website"},"primaryImageOfPage":{"@id":"https:\/\/whitesoundibiza.com\/es\/producto\/db-vgsub\/#primaryimage"},"image":{"@id":"https:\/\/whitesoundibiza.com\/es\/producto\/db-vgsub\/#primaryimage"},"thumbnailUrl":"https:\/\/whitesoundibiza.com\/wp-content\/uploads\/2025\/01\/vgsub.png","datePublished":"2025-01-31T16:02:18+00:00","dateModified":"2025-08-09T15:41:35+00:00","description":"Alquila el subwoofer D&B VGSub en Ibiza con White Sound Ibiza. Control de graves cardioide, controladores duales de 12\u2033, carcasa compacta y construcci\u00f3n robusta: ideal para unos graves precisos en cualquier evento. \u00a1Reserva ahora!","breadcrumb":{"@id":"https:\/\/whitesoundibiza.com\/es\/producto\/db-vgsub\/#breadcrumb"},"inLanguage":"es","potentialAction":[{"@type":"ReadAction","target":["https:\/\/whitesoundibiza.com\/es\/producto\/db-vgsub\/"]}]},{"@type":"ImageObject","inLanguage":"es","@id":"https:\/\/whitesoundibiza.com\/es\/producto\/db-vgsub\/#primaryimage","url":"https:\/\/whitesoundibiza.com\/wp-content\/uploads\/2025\/01\/vgsub.png","contentUrl":"https:\/\/whitesoundibiza.com\/wp-content\/uploads\/2025\/01\/vgsub.png","width":500,"height":500,"caption":"Subwoofer cardioide pasivo D&amp;B VGSub disponible para alquiler en Ibiza en White Sound Ibiza"},{"@type":"BreadcrumbList","@id":"https:\/\/whitesoundibiza.com\/es\/producto\/db-vgsub\/#breadcrumb","itemListElement":[{"@type":"ListItem","position":1,"name":"Portada","item":"https:\/\/whitesoundibiza.com\/es\/"},{"@type":"ListItem","position":2,"name":"Tienda","item":"https:\/\/whitesoundibiza.com\/es\/tienda\/"},{"@type":"ListItem","position":3,"name":"D&amp;B VGSub"}]},{"@type":"WebSite","@id":"https:\/\/whitesoundibiza.com\/es\/#website","url":"https:\/\/whitesoundibiza.com\/es\/","name":"White Sound Ibiza","description":"Rent Speakers in Ibiza","publisher":{"@id":"https:\/\/whitesoundibiza.com\/es\/#organization"},"potentialAction":[{"@type":"SearchAction","target":{"@type":"EntryPoint","urlTemplate":"https:\/\/whitesoundibiza.com\/es\/?s={search_term_string}"},"query-input":{"@type":"PropertyValueSpecification","valueRequired":true,"valueName":"search_term_string"}}],"inLanguage":"es"},{"@type":"Organization","@id":"https:\/\/whitesoundibiza.com\/es\/#organization","name":"White Sound Ibiza","url":"https:\/\/whitesoundibiza.com\/es\/","logo":{"@type":"ImageObject","inLanguage":"es","@id":"https:\/\/whitesoundibiza.com\/es\/#\/schema\/logo\/image\/","url":"https:\/\/whitesoundibiza.com\/wp-content\/uploads\/2025\/05\/ws_logo.jpg","contentUrl":"https:\/\/whitesoundibiza.com\/wp-content\/uploads\/2025\/05\/ws_logo.jpg","width":800,"height":235,"caption":"White Sound Ibiza"},"image":{"@id":"https:\/\/whitesoundibiza.com\/es\/#\/schema\/logo\/image\/"}}]}},"_links":{"self":[{"href":"https:\/\/whitesoundibiza.com\/es\/wp-json\/wp\/v2\/product\/49208","targetHints":{"allow":["GET"]}}],"collection":[{"href":"https:\/\/whitesoundibiza.com\/es\/wp-json\/wp\/v2\/product"}],"about":[{"href":"https:\/\/whitesoundibiza.com\/es\/wp-json\/wp\/v2\/types\/product"}],"wp:featuredmedia":[{"embeddable":true,"href":"https:\/\/whitesoundibiza.com\/es\/wp-json\/wp\/v2\/media\/48013"}],"wp:attachment":[{"href":"https:\/\/whitesoundibiza.com\/es\/wp-json\/wp\/v2\/media?parent=49208"}],"wp:term":[{"taxonomy":"product_brand","embeddable":true,"href":"https:\/\/whitesoundibiza.com\/es\/wp-json\/wp\/v2\/product_brand?post=49208"},{"taxonomy":"product_cat","embeddable":true,"href":"https:\/\/whitesoundibiza.com\/es\/wp-json\/wp\/v2\/product_cat?post=49208"},{"taxonomy":"product_tag","embeddable":true,"href":"https:\/\/whitesoundibiza.com\/es\/wp-json\/wp\/v2\/product_tag?post=49208"}],"curies":[{"name":"wp","href":"https:\/\/api.w.org\/{rel}","templated":true}]}}