{"id":49207,"date":"2025-01-31T16:02:16","date_gmt":"2025-01-31T16:02:16","guid":{"rendered":"https:\/\/whitesoundibiza.com\/producto\/db-max-2\/"},"modified":"2025-08-09T15:41:28","modified_gmt":"2025-08-09T15:41:28","slug":"db-max-2","status":"publish","type":"product","link":"https:\/\/whitesoundibiza.com\/es\/producto\/db-max-2\/","title":{"rendered":"D&amp;B Max 2"},"content":{"rendered":"<p class=\"\" data-start=\"656\" data-end=\"908\">Alquila el <strong data-start=\"686\" data-end=\"707\">d&amp;b MAX2 en Ibiza<\/strong> de White Sound Ibiza para una monitorizaci\u00f3n pr\u00edstina en el escenario o para funciones compactas de PA de rango completo. Este monitor pasivo de 2 v\u00edas combina ingenier\u00eda de precisi\u00f3n con un dise\u00f1o de perfil bajo para satisfacer las demandas profesionales. <\/p>\n<p class=\"\" data-start=\"912\" data-end=\"1182\"><strong data-start=\"912\" data-end=\"937\" data-is-only-node=\"\">Dise\u00f1o de transductor coaxial<\/strong><br data-start=\"937\" data-end=\"940\">El MAX2 combina un transductor de baja frecuencia de 15\u2033 y un transductor de compresi\u00f3n de alta frecuencia de 1,4\u2033 en un solo im\u00e1n. Como consecuencia, ofrece una directividad constante uniforme de 75\u00b0. Adem\u00e1s, la disposici\u00f3n coaxial reduce la altura de la caja sin sacrificar el rendimiento.  <\/p>\n<p class=\"\" data-start=\"1186\" data-end=\"1453\"><strong data-start=\"1186\" data-end=\"1214\" data-is-only-node=\"\">Amplia respuesta en frecuencia<\/strong><br data-start=\"1214\" data-end=\"1217\">Al cubrir de 55 Hz a 20 kHz, el MAX2 maneja todo el espectro audible. Por tanto, puedes utilizarlo solo como altavoz de rango completo. Adem\u00e1s, se empareja a la perfecci\u00f3n con subwoofers d&amp;b como el Y-SUB, el V-SUB o el B6-SUB para ampliar los graves.  <\/p>\n<p class=\"\" data-start=\"1457\" data-end=\"1736\"><strong data-start=\"1457\" data-end=\"1488\" data-is-only-node=\"\">Construcci\u00f3n robusta de la carcasa<\/strong><br data-start=\"1488\" data-end=\"1491\">Construida con contrachapado marino con un acabado resistente a los impactos, la carcasa soporta el desgaste de las giras. Adem\u00e1s, una rejilla met\u00e1lica r\u00edgida protege a los transductores tras una espuma ac\u00fasticamente transparente. Como resultado, disfrutas tanto de durabilidad como de claridad.  <\/p>\n<p class=\"\" data-start=\"1740\" data-end=\"1976\"><strong data-start=\"1740\" data-end=\"1769\" data-is-only-node=\"\">Conectividad profesional<\/strong><br data-start=\"1769\" data-end=\"1772\">Los conectores NLT4 F\/M de cuatro patillas soportan una potencia de 250 W RMS y 1 600 W de pico. Adem\u00e1s, el conector hembra permite conectar en cadena una segunda unidad. Opcionalmente, puedes solicitar conectores NL4 o EP5.  <\/p>\n<p class=\"\" data-start=\"1980\" data-end=\"2245\"><strong data-start=\"1980\" data-end=\"2012\" data-is-only-node=\"\">Opciones de montaje y rigging<\/strong><br data-start=\"2012\" data-end=\"2015\">Cada panel lateral incluye asas ergon\u00f3micas y cuatro insertos roscados M10. Adem\u00e1s, un soporte para m\u00e1stil integrado acepta soportes de altavoz est\u00e1ndar. Por \u00faltimo, unas gu\u00edas empotradas en el panel inferior fijan el mueble y protegen las superficies.  <\/p>\n<p class=\"\" data-start=\"2249\" data-end=\"2433\"><strong data-start=\"2249\" data-end=\"2271\" data-is-only-node=\"\">Dimensiones compactas<\/strong><br data-start=\"2271\" data-end=\"2274\">Con unas dimensiones de 354 \u00d7 580 \u00d7 496 mm (alto \u00d7 ancho \u00d7 fondo) y un peso de 23 kg, la MAX2 es f\u00e1cil de transportar y montar. En consecuencia, ahorras tiempo durante la carga y la huelga. <\/p>\n<p class=\"\" data-start=\"2437\" data-end=\"2695\"><strong data-start=\"2437\" data-end=\"2463\" data-is-only-node=\"\">Aplicaciones vers\u00e1tiles<\/strong><br data-start=\"2463\" data-end=\"2466\">Tanto si necesitas un monitor de escenario de perfil bajo, un peque\u00f1o sistema de megafon\u00eda o un relleno de bater\u00eda delante de subwoofers, el MAX2 se adapta. Su equilibrio tonal neutro y su gran estabilidad de realimentaci\u00f3n lo convierten en una elecci\u00f3n fiable tanto para artistas como para ingenieros. <\/p>\n<p class=\"\" data-start=\"2699\" data-end=\"2939\">Alquila el <strong data-start=\"2708\" data-end=\"2729\"><a href=\"https:\/\/www.dbaudio.com\/global\/es\/productos\/todo\/serie\/monitores\/max2\/\">d&amp;b MAX2<\/a> en Ibiza<\/strong> hoy mismo en White Sound Ibiza. Con su preciso driver coaxial, su amplio ancho de banda y su robusta construcci\u00f3n, es el monitor de escenario definitivo y la soluci\u00f3n PA compacta. \u00a1Reserva ahora y experimenta un sonido consistente y de gran impacto!  <\/p>\n<p>Encuentra m\u00e1s opciones <a href=\"https:\/\/whitesoundibiza.com\/es\/categoria-producto\/altavoces\/\">aqu\u00ed<\/a>.<\/p>\n<p data-start=\"2699\" data-end=\"2939\"><style id=\"wpforms-css-vars-1077\">\n\t\t\t\t#wpforms-1077 {\n\t\t\t\t\n\t\t\t}\n\t\t\t<\/style><div class=\"wpforms-container wpforms-container-full wpforms-render-modern\" id=\"wpforms-1077\"><form id=\"wpforms-form-1077\" class=\"wpforms-validate wpforms-form wpforms-ajax-form\" data-formid=\"1077\" method=\"post\" enctype=\"multipart\/form-data\" action=\"\/es\/wp-json\/wp\/v2\/product\/49207\" data-token=\"94928534a24cdcc111147f7cbd5189fa\" data-token-time=\"1776983096\"><noscript class=\"wpforms-error-noscript\">Por favor, activa JavaScript en tu navegador para completar este formulario.<\/noscript><div id=\"wpforms-error-noscript\" style=\"display: none;\">Por favor, activa JavaScript en tu navegador para completar este formulario.<\/div><div class=\"wpforms-field-container\"><div id=\"wpforms-1077-field_0-container\" class=\"wpforms-field wpforms-field-name\" data-field-id=\"0\"><fieldset><legend class=\"wpforms-field-label\">Nombre <span class=\"wpforms-required-label\" aria-hidden=\"true\">*<\/span><\/legend><div class=\"wpforms-field-row wpforms-field-medium\"><div class=\"wpforms-field-row-block wpforms-first wpforms-one-half\"><input type=\"text\" id=\"wpforms-1077-field_0\" class=\"wpforms-field-name-first wpforms-field-required\" name=\"wpforms[fields][0][first]\" placeholder=\"Nombre\" aria-errormessage=\"wpforms-1077-field_0-error\" required><label for=\"wpforms-1077-field_0\" class=\"wpforms-field-sublabel after wpforms-sublabel-hide\">Nombre<\/label><\/div><div class=\"wpforms-field-row-block wpforms-one-half\"><input type=\"text\" id=\"wpforms-1077-field_0-last\" class=\"wpforms-field-name-last wpforms-field-required\" name=\"wpforms[fields][0][last]\" placeholder=\"Apellidos\" aria-errormessage=\"wpforms-1077-field_0-last-error\" required><label for=\"wpforms-1077-field_0-last\" class=\"wpforms-field-sublabel after wpforms-sublabel-hide\">Apellidos<\/label><\/div><\/div><\/fieldset><\/div><div id=\"wpforms-1077-field_7-container\" class=\"wpforms-field wpforms-field-layout\" data-field-id=\"7\"><div class=\"wpforms-field-layout-columns wpforms-field-layout-preset-50-50\"><div class=\"wpforms-layout-column wpforms-layout-column-50\" ><div id=\"wpforms-1077-field_1-container\" class=\"wpforms-field wpforms-field-email\" data-field-id=\"1\"><label class=\"wpforms-field-label\" for=\"wpforms-1077-field_1\">Env\u00eda un correo electr\u00f3nico a <span class=\"wpforms-required-label\" aria-hidden=\"true\">*<\/span><\/label><input type=\"email\" id=\"wpforms-1077-field_1\" class=\"wpforms-field-medium wpforms-field-required\" name=\"wpforms[fields][1]\" spellcheck=\"false\" aria-errormessage=\"wpforms-1077-field_1-error\" required><\/div><\/div><div class=\"wpforms-layout-column wpforms-layout-column-50\" ><div id=\"wpforms-1077-field_8-container\" class=\"wpforms-field wpforms-field-phone\" data-field-id=\"8\"><label class=\"wpforms-field-label\" for=\"wpforms-1077-field_8\">N\u00famero de tel\u00e9fono <span class=\"wpforms-required-label\" aria-hidden=\"true\">*<\/span><\/label><input type=\"tel\" id=\"wpforms-1077-field_8\" class=\"wpforms-field-medium wpforms-field-required wpforms-smart-phone-field\" data-rule-smart-phone-field=\"true\" name=\"wpforms[fields][8]\" aria-label=\"N\u00famero de tel\u00e9fono\" aria-errormessage=\"wpforms-1077-field_8-error\" required><\/div><\/div><\/div><\/div><div id=\"wpforms-1077-field_10-container\" class=\"wpforms-field wpforms-field-layout\" data-field-id=\"10\"><div class=\"wpforms-field-layout-columns wpforms-field-layout-preset-50-50\"><div class=\"wpforms-layout-column wpforms-layout-column-50\" ><div id=\"wpforms-1077-field_4-container\" class=\"wpforms-field wpforms-field-date-time\" data-field-id=\"4\"><label class=\"wpforms-field-label\" for=\"wpforms-1077-field_4\">Desde<\/label><div class=\"wpforms-datepicker-wrap\"><input type=\"text\" id=\"wpforms-1077-field_4\" class=\"wpforms-field-date-time-date wpforms-datepicker wpforms-field-small\" data-date-format=\"m\/d\/Y\" data-disable-past-dates=\"0\" data-input=\"true\" name=\"wpforms[fields][4][date]\" aria-errormessage=\"wpforms-1077-field_4-error\" ><a title=\"Borrar fecha\" data-clear role=\"button\" tabindex=\"0\" class=\"wpforms-datepicker-clear\" aria-label=\"Borrar fecha\" style=\"display:none;\"><\/a><\/div><\/div><\/div><div class=\"wpforms-layout-column wpforms-layout-column-50\" ><div id=\"wpforms-1077-field_9-container\" class=\"wpforms-field wpforms-field-date-time\" data-field-id=\"9\"><label class=\"wpforms-field-label\" for=\"wpforms-1077-field_9\">Hasta<\/label><div class=\"wpforms-datepicker-wrap\"><input type=\"text\" id=\"wpforms-1077-field_9\" class=\"wpforms-field-date-time-date wpforms-datepicker wpforms-field-small\" data-date-format=\"m\/d\/Y\" data-disable-past-dates=\"0\" data-input=\"true\" name=\"wpforms[fields][9][date]\" aria-errormessage=\"wpforms-1077-field_9-error\" ><a title=\"Borrar fecha\" data-clear role=\"button\" tabindex=\"0\" class=\"wpforms-datepicker-clear\" aria-label=\"Borrar fecha\" style=\"display:none;\"><\/a><\/div><\/div><\/div><\/div><\/div>\t\t<div id=\"wpforms-1077-field_3-container\"\n\t\t\tclass=\"wpforms-field wpforms-field-text\"\n\t\t\tdata-field-type=\"text\"\n\t\t\tdata-field-id=\"3\"\n\t\t\t>\n\t\t\t<label class=\"wpforms-field-label\" for=\"wpforms-1077-field_3\" >Hasta Dise\u00f1o electr\u00f3nico<\/label>\n\t\t\t<input type=\"text\" id=\"wpforms-1077-field_3\" class=\"wpforms-field-medium\" name=\"wpforms[fields][3]\" >\n\t\t<\/div>\n\t\t<div id=\"wpforms-1077-field_2-container\" class=\"wpforms-field wpforms-field-textarea\" data-field-id=\"2\"><label class=\"wpforms-field-label\" for=\"wpforms-1077-field_2\">Mensaje<\/label><textarea id=\"wpforms-1077-field_2\" class=\"wpforms-field-medium\" name=\"wpforms[fields][2]\" placeholder=\"\u00bfC\u00f3mo podemos ayudarte?\" aria-errormessage=\"wpforms-1077-field_2-error\" ><\/textarea><\/div><script>\n\t\t\t\t( function() {\n\t\t\t\t\tconst style = document.createElement( 'style' );\n\t\t\t\t\tstyle.appendChild( document.createTextNode( '#wpforms-1077-field_3-container { position: absolute !important; overflow: hidden !important; display: inline !important; height: 1px !important; width: 1px !important; z-index: -1000 !important; padding: 0 !important; } #wpforms-1077-field_3-container input { visibility: hidden; } #wpforms-conversational-form-page #wpforms-1077-field_3-container label { counter-increment: none; }' ) );\n\t\t\t\t\tdocument.head.appendChild( style );\n\t\t\t\t\tdocument.currentScript?.remove();\n\t\t\t\t} )();\n\t\t\t<\/script><\/div><!-- .wpforms-field-container --><div class=\"wpforms-recaptcha-container wpforms-is-recaptcha wpforms-is-recaptcha-type-v2\" ><div class=\"g-recaptcha\" data-sitekey=\"6LeS7gEkAAAAAO-EsXRwxTakHs6Q_9Z0rQYHkIS5\"><\/div><input type=\"text\" name=\"g-recaptcha-hidden\" class=\"wpforms-recaptcha-hidden\" style=\"position:absolute!important;clip:rect(0,0,0,0)!important;height:1px!important;width:1px!important;border:0!important;overflow:hidden!important;padding:0!important;margin:0!important;\" data-rule-recaptcha=\"1\"><\/div><div class=\"wpforms-submit-container\" ><input type=\"hidden\" name=\"wpforms[id]\" value=\"1077\"><input type=\"hidden\" name=\"page_title\" value=\"\"><input type=\"hidden\" name=\"page_url\" value=\"https:\/\/whitesoundibiza.com\/es\/wp-json\/wp\/v2\/product\/49207\"><input type=\"hidden\" name=\"url_referer\" value=\"\"><button type=\"submit\" name=\"wpforms[submit]\" id=\"wpforms-submit-1077\" class=\"wpforms-submit\" data-alt-text=\"Enviando...\" data-submit-text=\"Env\u00eda\" aria-live=\"assertive\" value=\"wpforms-submit\">Env\u00eda<\/button><img decoding=\"async\" src=\"https:\/\/whitesoundibiza.com\/wp-content\/plugins\/wpforms\/assets\/images\/submit-spin.svg\" class=\"wpforms-submit-spinner\" style=\"display: none;\" width=\"26\" height=\"26\" alt=\"Cargando\"><\/div><\/form><\/div>  <!-- .wpforms-container --><\/p>\n","protected":false},"excerpt":{"rendered":"<p class=\"\" data-start=\"445\" data-end=\"652\">Un monitor de escenario pasivo compacto de 2 v\u00edas con transductores coaxiales de 15\u2033 de graves y 1,4\u2033 de agudos, dispersi\u00f3n de 75\u00b0 y resistente carcasa de contrachapado marino, ideal para monitorizar escenarios o para configuraciones de megafon\u00eda de rango completo.<\/p>\n","protected":false},"featured_media":47993,"template":"","meta":{"_joinchat":[]},"product_brand":[],"product_cat":[183],"product_tag":[],"class_list":{"0":"post-49207","1":"product","2":"type-product","3":"status-publish","4":"has-post-thumbnail","6":"product_cat-altavoces","8":"first","9":"instock","10":"taxable","11":"shipping-taxable","12":"purchasable","13":"product-type-rentable"},"yoast_head":"<!-- This site is optimized with the Yoast SEO plugin v27.4 - https:\/\/yoast.com\/product\/yoast-seo-wordpress\/ -->\n<title>Alquilar d&amp;b MAX2 Ibiza | White Sound Ibiza<\/title>\n<meta name=\"description\" content=\"Alquila el monitor de escenario d&amp;b MAX2 en Ibiza de White Sound Ibiza. Transductor coaxial de 15\u2033\/1,4\u2033, dispersi\u00f3n constante de 75\u00b0, uso vers\u00e1til de rango completo o como monitor.\" \/>\n<meta name=\"robots\" content=\"index, follow, max-snippet:-1, max-image-preview:large, max-video-preview:-1\" \/>\n<link rel=\"canonical\" href=\"https:\/\/whitesoundibiza.com\/es\/producto\/db-max-2\/\" \/>\n<meta property=\"og:locale\" content=\"es_ES\" \/>\n<meta property=\"og:type\" content=\"article\" \/>\n<meta property=\"og:title\" content=\"Alquilar d&amp;b MAX2 Ibiza | White Sound Ibiza\" \/>\n<meta property=\"og:description\" content=\"Alquila el monitor de escenario d&amp;b MAX2 en Ibiza de White Sound Ibiza. Transductor coaxial de 15\u2033\/1,4\u2033, dispersi\u00f3n constante de 75\u00b0, uso vers\u00e1til de rango completo o como monitor.\" \/>\n<meta property=\"og:url\" content=\"https:\/\/whitesoundibiza.com\/es\/producto\/db-max-2\/\" \/>\n<meta property=\"og:site_name\" content=\"White Sound Ibiza - Delivering Fun\" \/>\n<meta property=\"article:modified_time\" content=\"2025-08-09T15:41:28+00:00\" \/>\n<meta property=\"og:image\" content=\"https:\/\/whitesoundibiza.com\/wp-content\/uploads\/2025\/01\/max2.webp\" \/>\n\t<meta property=\"og:image:width\" content=\"480\" \/>\n\t<meta property=\"og:image:height\" content=\"480\" \/>\n\t<meta property=\"og:image:type\" content=\"image\/webp\" \/>\n<meta name=\"twitter:card\" content=\"summary_large_image\" \/>\n<meta name=\"twitter:label1\" content=\"Tiempo de lectura\" \/>\n\t<meta name=\"twitter:data1\" content=\"2 minutos\" \/>\n<script type=\"application\/ld+json\" class=\"yoast-schema-graph\">{\"@context\":\"https:\\\/\\\/schema.org\",\"@graph\":[{\"@type\":\"WebPage\",\"@id\":\"https:\\\/\\\/whitesoundibiza.com\\\/es\\\/producto\\\/db-max-2\\\/\",\"url\":\"https:\\\/\\\/whitesoundibiza.com\\\/es\\\/producto\\\/db-max-2\\\/\",\"name\":\"Alquilar d&b MAX2 Ibiza | White Sound Ibiza\",\"isPartOf\":{\"@id\":\"https:\\\/\\\/whitesoundibiza.com\\\/es\\\/#website\"},\"primaryImageOfPage\":{\"@id\":\"https:\\\/\\\/whitesoundibiza.com\\\/es\\\/producto\\\/db-max-2\\\/#primaryimage\"},\"image\":{\"@id\":\"https:\\\/\\\/whitesoundibiza.com\\\/es\\\/producto\\\/db-max-2\\\/#primaryimage\"},\"thumbnailUrl\":\"https:\\\/\\\/whitesoundibiza.com\\\/wp-content\\\/uploads\\\/2025\\\/01\\\/max2.webp\",\"datePublished\":\"2025-01-31T16:02:16+00:00\",\"dateModified\":\"2025-08-09T15:41:28+00:00\",\"description\":\"Alquila el monitor de escenario d&b MAX2 en Ibiza de White Sound Ibiza. Transductor coaxial de 15\u2033\\\/1,4\u2033, dispersi\u00f3n constante de 75\u00b0, uso vers\u00e1til de rango completo o como monitor.\",\"breadcrumb\":{\"@id\":\"https:\\\/\\\/whitesoundibiza.com\\\/es\\\/producto\\\/db-max-2\\\/#breadcrumb\"},\"inLanguage\":\"es\",\"potentialAction\":[{\"@type\":\"ReadAction\",\"target\":[\"https:\\\/\\\/whitesoundibiza.com\\\/es\\\/producto\\\/db-max-2\\\/\"]}]},{\"@type\":\"ImageObject\",\"inLanguage\":\"es\",\"@id\":\"https:\\\/\\\/whitesoundibiza.com\\\/es\\\/producto\\\/db-max-2\\\/#primaryimage\",\"url\":\"https:\\\/\\\/whitesoundibiza.com\\\/wp-content\\\/uploads\\\/2025\\\/01\\\/max2.webp\",\"contentUrl\":\"https:\\\/\\\/whitesoundibiza.com\\\/wp-content\\\/uploads\\\/2025\\\/01\\\/max2.webp\",\"width\":480,\"height\":480,\"caption\":\"Monitor de escenario d&amp;b audiotechnik MAX2 de 2 v\u00edas disponible para alquilar en Ibiza en White Sound Ibiza\"},{\"@type\":\"BreadcrumbList\",\"@id\":\"https:\\\/\\\/whitesoundibiza.com\\\/es\\\/producto\\\/db-max-2\\\/#breadcrumb\",\"itemListElement\":[{\"@type\":\"ListItem\",\"position\":1,\"name\":\"Portada\",\"item\":\"https:\\\/\\\/whitesoundibiza.com\\\/es\\\/\"},{\"@type\":\"ListItem\",\"position\":2,\"name\":\"Tienda\",\"item\":\"https:\\\/\\\/whitesoundibiza.com\\\/es\\\/tienda\\\/\"},{\"@type\":\"ListItem\",\"position\":3,\"name\":\"D&amp;B Max 2\"}]},{\"@type\":\"WebSite\",\"@id\":\"https:\\\/\\\/whitesoundibiza.com\\\/es\\\/#website\",\"url\":\"https:\\\/\\\/whitesoundibiza.com\\\/es\\\/\",\"name\":\"White Sound Ibiza\",\"description\":\"Rent Speakers in Ibiza\",\"publisher\":{\"@id\":\"https:\\\/\\\/whitesoundibiza.com\\\/es\\\/#organization\"},\"potentialAction\":[{\"@type\":\"SearchAction\",\"target\":{\"@type\":\"EntryPoint\",\"urlTemplate\":\"https:\\\/\\\/whitesoundibiza.com\\\/es\\\/?s={search_term_string}\"},\"query-input\":{\"@type\":\"PropertyValueSpecification\",\"valueRequired\":true,\"valueName\":\"search_term_string\"}}],\"inLanguage\":\"es\"},{\"@type\":\"Organization\",\"@id\":\"https:\\\/\\\/whitesoundibiza.com\\\/es\\\/#organization\",\"name\":\"White Sound Ibiza\",\"url\":\"https:\\\/\\\/whitesoundibiza.com\\\/es\\\/\",\"logo\":{\"@type\":\"ImageObject\",\"inLanguage\":\"es\",\"@id\":\"https:\\\/\\\/whitesoundibiza.com\\\/es\\\/#\\\/schema\\\/logo\\\/image\\\/\",\"url\":\"https:\\\/\\\/whitesoundibiza.com\\\/wp-content\\\/uploads\\\/2025\\\/05\\\/ws_logo.jpg\",\"contentUrl\":\"https:\\\/\\\/whitesoundibiza.com\\\/wp-content\\\/uploads\\\/2025\\\/05\\\/ws_logo.jpg\",\"width\":800,\"height\":235,\"caption\":\"White Sound Ibiza\"},\"image\":{\"@id\":\"https:\\\/\\\/whitesoundibiza.com\\\/es\\\/#\\\/schema\\\/logo\\\/image\\\/\"}}]}<\/script>\n<!-- \/ Yoast SEO plugin. -->","yoast_head_json":{"title":"Alquilar d&b MAX2 Ibiza | White Sound Ibiza","description":"Alquila el monitor de escenario d&b MAX2 en Ibiza de White Sound Ibiza. Transductor coaxial de 15\u2033\/1,4\u2033, dispersi\u00f3n constante de 75\u00b0, uso vers\u00e1til de rango completo o como monitor.","robots":{"index":"index","follow":"follow","max-snippet":"max-snippet:-1","max-image-preview":"max-image-preview:large","max-video-preview":"max-video-preview:-1"},"canonical":"https:\/\/whitesoundibiza.com\/es\/producto\/db-max-2\/","og_locale":"es_ES","og_type":"article","og_title":"Alquilar d&b MAX2 Ibiza | White Sound Ibiza","og_description":"Alquila el monitor de escenario d&b MAX2 en Ibiza de White Sound Ibiza. Transductor coaxial de 15\u2033\/1,4\u2033, dispersi\u00f3n constante de 75\u00b0, uso vers\u00e1til de rango completo o como monitor.","og_url":"https:\/\/whitesoundibiza.com\/es\/producto\/db-max-2\/","og_site_name":"White Sound Ibiza - Delivering Fun","article_modified_time":"2025-08-09T15:41:28+00:00","og_image":[{"width":480,"height":480,"url":"https:\/\/whitesoundibiza.com\/wp-content\/uploads\/2025\/01\/max2.webp","type":"image\/webp"}],"twitter_card":"summary_large_image","twitter_misc":{"Tiempo de lectura":"2 minutos"},"schema":{"@context":"https:\/\/schema.org","@graph":[{"@type":"WebPage","@id":"https:\/\/whitesoundibiza.com\/es\/producto\/db-max-2\/","url":"https:\/\/whitesoundibiza.com\/es\/producto\/db-max-2\/","name":"Alquilar d&b MAX2 Ibiza | White Sound Ibiza","isPartOf":{"@id":"https:\/\/whitesoundibiza.com\/es\/#website"},"primaryImageOfPage":{"@id":"https:\/\/whitesoundibiza.com\/es\/producto\/db-max-2\/#primaryimage"},"image":{"@id":"https:\/\/whitesoundibiza.com\/es\/producto\/db-max-2\/#primaryimage"},"thumbnailUrl":"https:\/\/whitesoundibiza.com\/wp-content\/uploads\/2025\/01\/max2.webp","datePublished":"2025-01-31T16:02:16+00:00","dateModified":"2025-08-09T15:41:28+00:00","description":"Alquila el monitor de escenario d&b MAX2 en Ibiza de White Sound Ibiza. Transductor coaxial de 15\u2033\/1,4\u2033, dispersi\u00f3n constante de 75\u00b0, uso vers\u00e1til de rango completo o como monitor.","breadcrumb":{"@id":"https:\/\/whitesoundibiza.com\/es\/producto\/db-max-2\/#breadcrumb"},"inLanguage":"es","potentialAction":[{"@type":"ReadAction","target":["https:\/\/whitesoundibiza.com\/es\/producto\/db-max-2\/"]}]},{"@type":"ImageObject","inLanguage":"es","@id":"https:\/\/whitesoundibiza.com\/es\/producto\/db-max-2\/#primaryimage","url":"https:\/\/whitesoundibiza.com\/wp-content\/uploads\/2025\/01\/max2.webp","contentUrl":"https:\/\/whitesoundibiza.com\/wp-content\/uploads\/2025\/01\/max2.webp","width":480,"height":480,"caption":"Monitor de escenario d&amp;b audiotechnik MAX2 de 2 v\u00edas disponible para alquilar en Ibiza en White Sound Ibiza"},{"@type":"BreadcrumbList","@id":"https:\/\/whitesoundibiza.com\/es\/producto\/db-max-2\/#breadcrumb","itemListElement":[{"@type":"ListItem","position":1,"name":"Portada","item":"https:\/\/whitesoundibiza.com\/es\/"},{"@type":"ListItem","position":2,"name":"Tienda","item":"https:\/\/whitesoundibiza.com\/es\/tienda\/"},{"@type":"ListItem","position":3,"name":"D&amp;B Max 2"}]},{"@type":"WebSite","@id":"https:\/\/whitesoundibiza.com\/es\/#website","url":"https:\/\/whitesoundibiza.com\/es\/","name":"White Sound Ibiza","description":"Rent Speakers in Ibiza","publisher":{"@id":"https:\/\/whitesoundibiza.com\/es\/#organization"},"potentialAction":[{"@type":"SearchAction","target":{"@type":"EntryPoint","urlTemplate":"https:\/\/whitesoundibiza.com\/es\/?s={search_term_string}"},"query-input":{"@type":"PropertyValueSpecification","valueRequired":true,"valueName":"search_term_string"}}],"inLanguage":"es"},{"@type":"Organization","@id":"https:\/\/whitesoundibiza.com\/es\/#organization","name":"White Sound Ibiza","url":"https:\/\/whitesoundibiza.com\/es\/","logo":{"@type":"ImageObject","inLanguage":"es","@id":"https:\/\/whitesoundibiza.com\/es\/#\/schema\/logo\/image\/","url":"https:\/\/whitesoundibiza.com\/wp-content\/uploads\/2025\/05\/ws_logo.jpg","contentUrl":"https:\/\/whitesoundibiza.com\/wp-content\/uploads\/2025\/05\/ws_logo.jpg","width":800,"height":235,"caption":"White Sound Ibiza"},"image":{"@id":"https:\/\/whitesoundibiza.com\/es\/#\/schema\/logo\/image\/"}}]}},"_links":{"self":[{"href":"https:\/\/whitesoundibiza.com\/es\/wp-json\/wp\/v2\/product\/49207","targetHints":{"allow":["GET"]}}],"collection":[{"href":"https:\/\/whitesoundibiza.com\/es\/wp-json\/wp\/v2\/product"}],"about":[{"href":"https:\/\/whitesoundibiza.com\/es\/wp-json\/wp\/v2\/types\/product"}],"wp:featuredmedia":[{"embeddable":true,"href":"https:\/\/whitesoundibiza.com\/es\/wp-json\/wp\/v2\/media\/47993"}],"wp:attachment":[{"href":"https:\/\/whitesoundibiza.com\/es\/wp-json\/wp\/v2\/media?parent=49207"}],"wp:term":[{"taxonomy":"product_brand","embeddable":true,"href":"https:\/\/whitesoundibiza.com\/es\/wp-json\/wp\/v2\/product_brand?post=49207"},{"taxonomy":"product_cat","embeddable":true,"href":"https:\/\/whitesoundibiza.com\/es\/wp-json\/wp\/v2\/product_cat?post=49207"},{"taxonomy":"product_tag","embeddable":true,"href":"https:\/\/whitesoundibiza.com\/es\/wp-json\/wp\/v2\/product_tag?post=49207"}],"curies":[{"name":"wp","href":"https:\/\/api.w.org\/{rel}","templated":true}]}}