{"id":49192,"date":"2025-02-08T00:55:32","date_gmt":"2025-02-08T00:55:32","guid":{"rendered":"https:\/\/whitesoundibiza.com\/producto\/pantalla-proyeccion-4x226m\/"},"modified":"2025-08-09T15:43:18","modified_gmt":"2025-08-09T15:43:18","slug":"pantalla-proyeccion-4x226m","status":"publish","type":"product","link":"https:\/\/whitesoundibiza.com\/es\/producto\/pantalla-proyeccion-4x226m\/","title":{"rendered":"Pantalla Proyecci\u00f3n 4&#215;2,26m"},"content":{"rendered":"<h3 class=\"\" data-start=\"33\" data-end=\"61\">Amplia zona de visi\u00f3n<\/h3>\n<p class=\"\" data-start=\"62\" data-end=\"259\">Disfruta de una generosa pantalla de 4 \u00d7 2,26 m que llena cualquier sala o espacio al aire libre. La gran superficie garantiza que todos los asistentes vean im\u00e1genes n\u00edtidas, tanto si organizas una conferencia como una noche de cine al aire libre. <\/p>\n<h3 class=\"\" data-start=\"261\" data-end=\"300\">Superficie antideslumbrante de alto contraste<\/h3>\n<p class=\"\" data-start=\"301\" data-end=\"475\">Nuestro tejido de proyecci\u00f3n mate de primera calidad elimina los reflejos y los puntos calientes. Los colores resaltan y los detalles se mantienen n\u00edtidos, incluso con luz ambiental, para que tu contenido siempre tenga el mejor aspecto. <\/p>\n<h3 class=\"\" data-start=\"477\" data-end=\"514\">Montaje ligero y sin herramientas<\/h3>\n<p class=\"\" data-start=\"515\" data-end=\"690\">El armaz\u00f3n de aluminio anodizado se encaja en cuesti\u00f3n de minutos, sin necesidad de herramientas. Los conectores de cierre r\u00e1pido garantizan una estructura s\u00f3lida como una roca, y el armaz\u00f3n r\u00edgido evita el pandeo o las arrugas. <\/p>\n<h3 class=\"\" data-start=\"692\" data-end=\"722\">Port\u00e1til y f\u00e1cil de guardar<\/h3>\n<p class=\"\" data-start=\"723\" data-end=\"892\">Cuando acabe el espect\u00e1culo, pliega la pantalla y desl\u00edzala en su bolsa de transporte acolchada. El paquete compacto cabe f\u00e1cilmente en furgonetas o armarios, listo para tu pr\u00f3ximo evento. <\/p>\n<h3 class=\"\" data-start=\"894\" data-end=\"926\">Opciones de montaje vers\u00e1tiles<\/h3>\n<p class=\"\" data-start=\"927\" data-end=\"1086\">F\u00edjalo a sistemas de truss est\u00e1ndar o utiliza pies de tr\u00edpode independientes (se venden por separado). Perfecto para auditorios, salas de juntas, festivales al aire libre y cines pop-up. <\/p>\n","protected":false},"excerpt":{"rendered":"<p>Amplia zona de visi\u00f3n Disfruta de una generosa pantalla de 4 \u00d7 2,26 m que llena cualquier sala o espacio al aire libre. La gran [&hellip;]<\/p>\n","protected":false},"featured_media":48086,"template":"","meta":{"_joinchat":[]},"product_brand":[],"product_cat":[161],"product_tag":[],"class_list":{"0":"post-49192","1":"product","2":"type-product","3":"status-publish","4":"has-post-thumbnail","6":"product_cat-pantalla-y-proyeccion","8":"first","9":"instock","10":"taxable","11":"shipping-taxable","12":"purchasable","13":"product-type-rentable"},"yoast_head":"<!-- This site is optimized with the Yoast SEO plugin v27.4 - https:\/\/yoast.com\/product\/yoast-seo-wordpress\/ -->\n<title>Pantalla Proyecci\u00f3n 4x2,26m - White Sound Ibiza - Delivering Fun<\/title>\n<meta name=\"robots\" content=\"index, follow, max-snippet:-1, max-image-preview:large, max-video-preview:-1\" \/>\n<link rel=\"canonical\" href=\"https:\/\/whitesoundibiza.com\/es\/producto\/pantalla-proyeccion-4x226m\/\" \/>\n<meta property=\"og:locale\" content=\"es_ES\" \/>\n<meta property=\"og:type\" content=\"article\" \/>\n<meta property=\"og:title\" content=\"Pantalla Proyecci\u00f3n 4x2,26m - White Sound Ibiza - Delivering Fun\" \/>\n<meta property=\"og:description\" content=\"Amplia zona de visi\u00f3n Disfruta de una generosa pantalla de 4 \u00d7 2,26 m que llena cualquier sala o espacio al aire libre. La gran [&hellip;]\" \/>\n<meta property=\"og:url\" content=\"https:\/\/whitesoundibiza.com\/es\/producto\/pantalla-proyeccion-4x226m\/\" \/>\n<meta property=\"og:site_name\" content=\"White Sound Ibiza - Delivering Fun\" \/>\n<meta property=\"article:modified_time\" content=\"2025-08-09T15:43:18+00:00\" \/>\n<meta property=\"og:image\" content=\"https:\/\/whitesoundibiza.com\/wp-content\/uploads\/2025\/02\/screenprojector.jpeg\" \/>\n\t<meta property=\"og:image:width\" content=\"500\" \/>\n\t<meta property=\"og:image:height\" content=\"500\" \/>\n\t<meta property=\"og:image:type\" content=\"image\/jpeg\" \/>\n<meta name=\"twitter:card\" content=\"summary_large_image\" \/>\n<meta name=\"twitter:label1\" content=\"Tiempo de lectura\" \/>\n\t<meta name=\"twitter:data1\" content=\"1 minuto\" \/>\n<script type=\"application\/ld+json\" class=\"yoast-schema-graph\">{\"@context\":\"https:\\\/\\\/schema.org\",\"@graph\":[{\"@type\":\"WebPage\",\"@id\":\"https:\\\/\\\/whitesoundibiza.com\\\/es\\\/producto\\\/pantalla-proyeccion-4x226m\\\/\",\"url\":\"https:\\\/\\\/whitesoundibiza.com\\\/es\\\/producto\\\/pantalla-proyeccion-4x226m\\\/\",\"name\":\"Pantalla Proyecci\u00f3n 4x2,26m - White Sound Ibiza - Delivering Fun\",\"isPartOf\":{\"@id\":\"https:\\\/\\\/whitesoundibiza.com\\\/es\\\/#website\"},\"primaryImageOfPage\":{\"@id\":\"https:\\\/\\\/whitesoundibiza.com\\\/es\\\/producto\\\/pantalla-proyeccion-4x226m\\\/#primaryimage\"},\"image\":{\"@id\":\"https:\\\/\\\/whitesoundibiza.com\\\/es\\\/producto\\\/pantalla-proyeccion-4x226m\\\/#primaryimage\"},\"thumbnailUrl\":\"https:\\\/\\\/whitesoundibiza.com\\\/wp-content\\\/uploads\\\/2025\\\/02\\\/screenprojector.jpeg\",\"datePublished\":\"2025-02-08T00:55:32+00:00\",\"dateModified\":\"2025-08-09T15:43:18+00:00\",\"breadcrumb\":{\"@id\":\"https:\\\/\\\/whitesoundibiza.com\\\/es\\\/producto\\\/pantalla-proyeccion-4x226m\\\/#breadcrumb\"},\"inLanguage\":\"es\",\"potentialAction\":[{\"@type\":\"ReadAction\",\"target\":[\"https:\\\/\\\/whitesoundibiza.com\\\/es\\\/producto\\\/pantalla-proyeccion-4x226m\\\/\"]}]},{\"@type\":\"ImageObject\",\"inLanguage\":\"es\",\"@id\":\"https:\\\/\\\/whitesoundibiza.com\\\/es\\\/producto\\\/pantalla-proyeccion-4x226m\\\/#primaryimage\",\"url\":\"https:\\\/\\\/whitesoundibiza.com\\\/wp-content\\\/uploads\\\/2025\\\/02\\\/screenprojector.jpeg\",\"contentUrl\":\"https:\\\/\\\/whitesoundibiza.com\\\/wp-content\\\/uploads\\\/2025\\\/02\\\/screenprojector.jpeg\",\"width\":500,\"height\":500},{\"@type\":\"BreadcrumbList\",\"@id\":\"https:\\\/\\\/whitesoundibiza.com\\\/es\\\/producto\\\/pantalla-proyeccion-4x226m\\\/#breadcrumb\",\"itemListElement\":[{\"@type\":\"ListItem\",\"position\":1,\"name\":\"Portada\",\"item\":\"https:\\\/\\\/whitesoundibiza.com\\\/es\\\/\"},{\"@type\":\"ListItem\",\"position\":2,\"name\":\"Tienda\",\"item\":\"https:\\\/\\\/whitesoundibiza.com\\\/es\\\/tienda\\\/\"},{\"@type\":\"ListItem\",\"position\":3,\"name\":\"Pantalla Proyecci\u00f3n 4&#215;2,26m\"}]},{\"@type\":\"WebSite\",\"@id\":\"https:\\\/\\\/whitesoundibiza.com\\\/es\\\/#website\",\"url\":\"https:\\\/\\\/whitesoundibiza.com\\\/es\\\/\",\"name\":\"White Sound Ibiza\",\"description\":\"Rent Speakers in Ibiza\",\"publisher\":{\"@id\":\"https:\\\/\\\/whitesoundibiza.com\\\/es\\\/#organization\"},\"potentialAction\":[{\"@type\":\"SearchAction\",\"target\":{\"@type\":\"EntryPoint\",\"urlTemplate\":\"https:\\\/\\\/whitesoundibiza.com\\\/es\\\/?s={search_term_string}\"},\"query-input\":{\"@type\":\"PropertyValueSpecification\",\"valueRequired\":true,\"valueName\":\"search_term_string\"}}],\"inLanguage\":\"es\"},{\"@type\":\"Organization\",\"@id\":\"https:\\\/\\\/whitesoundibiza.com\\\/es\\\/#organization\",\"name\":\"White Sound Ibiza\",\"url\":\"https:\\\/\\\/whitesoundibiza.com\\\/es\\\/\",\"logo\":{\"@type\":\"ImageObject\",\"inLanguage\":\"es\",\"@id\":\"https:\\\/\\\/whitesoundibiza.com\\\/es\\\/#\\\/schema\\\/logo\\\/image\\\/\",\"url\":\"https:\\\/\\\/whitesoundibiza.com\\\/wp-content\\\/uploads\\\/2025\\\/05\\\/ws_logo.jpg\",\"contentUrl\":\"https:\\\/\\\/whitesoundibiza.com\\\/wp-content\\\/uploads\\\/2025\\\/05\\\/ws_logo.jpg\",\"width\":800,\"height\":235,\"caption\":\"White Sound Ibiza\"},\"image\":{\"@id\":\"https:\\\/\\\/whitesoundibiza.com\\\/es\\\/#\\\/schema\\\/logo\\\/image\\\/\"}}]}<\/script>\n<!-- \/ Yoast SEO plugin. -->","yoast_head_json":{"title":"Pantalla Proyecci\u00f3n 4x2,26m - White Sound Ibiza - Delivering Fun","robots":{"index":"index","follow":"follow","max-snippet":"max-snippet:-1","max-image-preview":"max-image-preview:large","max-video-preview":"max-video-preview:-1"},"canonical":"https:\/\/whitesoundibiza.com\/es\/producto\/pantalla-proyeccion-4x226m\/","og_locale":"es_ES","og_type":"article","og_title":"Pantalla Proyecci\u00f3n 4x2,26m - White Sound Ibiza - Delivering Fun","og_description":"Amplia zona de visi\u00f3n Disfruta de una generosa pantalla de 4 \u00d7 2,26 m que llena cualquier sala o espacio al aire libre. La gran [&hellip;]","og_url":"https:\/\/whitesoundibiza.com\/es\/producto\/pantalla-proyeccion-4x226m\/","og_site_name":"White Sound Ibiza - Delivering Fun","article_modified_time":"2025-08-09T15:43:18+00:00","og_image":[{"width":500,"height":500,"url":"https:\/\/whitesoundibiza.com\/wp-content\/uploads\/2025\/02\/screenprojector.jpeg","type":"image\/jpeg"}],"twitter_card":"summary_large_image","twitter_misc":{"Tiempo de lectura":"1 minuto"},"schema":{"@context":"https:\/\/schema.org","@graph":[{"@type":"WebPage","@id":"https:\/\/whitesoundibiza.com\/es\/producto\/pantalla-proyeccion-4x226m\/","url":"https:\/\/whitesoundibiza.com\/es\/producto\/pantalla-proyeccion-4x226m\/","name":"Pantalla Proyecci\u00f3n 4x2,26m - White Sound Ibiza - Delivering Fun","isPartOf":{"@id":"https:\/\/whitesoundibiza.com\/es\/#website"},"primaryImageOfPage":{"@id":"https:\/\/whitesoundibiza.com\/es\/producto\/pantalla-proyeccion-4x226m\/#primaryimage"},"image":{"@id":"https:\/\/whitesoundibiza.com\/es\/producto\/pantalla-proyeccion-4x226m\/#primaryimage"},"thumbnailUrl":"https:\/\/whitesoundibiza.com\/wp-content\/uploads\/2025\/02\/screenprojector.jpeg","datePublished":"2025-02-08T00:55:32+00:00","dateModified":"2025-08-09T15:43:18+00:00","breadcrumb":{"@id":"https:\/\/whitesoundibiza.com\/es\/producto\/pantalla-proyeccion-4x226m\/#breadcrumb"},"inLanguage":"es","potentialAction":[{"@type":"ReadAction","target":["https:\/\/whitesoundibiza.com\/es\/producto\/pantalla-proyeccion-4x226m\/"]}]},{"@type":"ImageObject","inLanguage":"es","@id":"https:\/\/whitesoundibiza.com\/es\/producto\/pantalla-proyeccion-4x226m\/#primaryimage","url":"https:\/\/whitesoundibiza.com\/wp-content\/uploads\/2025\/02\/screenprojector.jpeg","contentUrl":"https:\/\/whitesoundibiza.com\/wp-content\/uploads\/2025\/02\/screenprojector.jpeg","width":500,"height":500},{"@type":"BreadcrumbList","@id":"https:\/\/whitesoundibiza.com\/es\/producto\/pantalla-proyeccion-4x226m\/#breadcrumb","itemListElement":[{"@type":"ListItem","position":1,"name":"Portada","item":"https:\/\/whitesoundibiza.com\/es\/"},{"@type":"ListItem","position":2,"name":"Tienda","item":"https:\/\/whitesoundibiza.com\/es\/tienda\/"},{"@type":"ListItem","position":3,"name":"Pantalla Proyecci\u00f3n 4&#215;2,26m"}]},{"@type":"WebSite","@id":"https:\/\/whitesoundibiza.com\/es\/#website","url":"https:\/\/whitesoundibiza.com\/es\/","name":"White Sound Ibiza","description":"Rent Speakers in Ibiza","publisher":{"@id":"https:\/\/whitesoundibiza.com\/es\/#organization"},"potentialAction":[{"@type":"SearchAction","target":{"@type":"EntryPoint","urlTemplate":"https:\/\/whitesoundibiza.com\/es\/?s={search_term_string}"},"query-input":{"@type":"PropertyValueSpecification","valueRequired":true,"valueName":"search_term_string"}}],"inLanguage":"es"},{"@type":"Organization","@id":"https:\/\/whitesoundibiza.com\/es\/#organization","name":"White Sound Ibiza","url":"https:\/\/whitesoundibiza.com\/es\/","logo":{"@type":"ImageObject","inLanguage":"es","@id":"https:\/\/whitesoundibiza.com\/es\/#\/schema\/logo\/image\/","url":"https:\/\/whitesoundibiza.com\/wp-content\/uploads\/2025\/05\/ws_logo.jpg","contentUrl":"https:\/\/whitesoundibiza.com\/wp-content\/uploads\/2025\/05\/ws_logo.jpg","width":800,"height":235,"caption":"White Sound Ibiza"},"image":{"@id":"https:\/\/whitesoundibiza.com\/es\/#\/schema\/logo\/image\/"}}]}},"_links":{"self":[{"href":"https:\/\/whitesoundibiza.com\/es\/wp-json\/wp\/v2\/product\/49192","targetHints":{"allow":["GET"]}}],"collection":[{"href":"https:\/\/whitesoundibiza.com\/es\/wp-json\/wp\/v2\/product"}],"about":[{"href":"https:\/\/whitesoundibiza.com\/es\/wp-json\/wp\/v2\/types\/product"}],"wp:featuredmedia":[{"embeddable":true,"href":"https:\/\/whitesoundibiza.com\/es\/wp-json\/wp\/v2\/media\/48086"}],"wp:attachment":[{"href":"https:\/\/whitesoundibiza.com\/es\/wp-json\/wp\/v2\/media?parent=49192"}],"wp:term":[{"taxonomy":"product_brand","embeddable":true,"href":"https:\/\/whitesoundibiza.com\/es\/wp-json\/wp\/v2\/product_brand?post=49192"},{"taxonomy":"product_cat","embeddable":true,"href":"https:\/\/whitesoundibiza.com\/es\/wp-json\/wp\/v2\/product_cat?post=49192"},{"taxonomy":"product_tag","embeddable":true,"href":"https:\/\/whitesoundibiza.com\/es\/wp-json\/wp\/v2\/product_tag?post=49192"}],"curies":[{"name":"wp","href":"https:\/\/api.w.org\/{rel}","templated":true}]}}