{"id":49185,"date":"2025-02-08T00:55:20","date_gmt":"2025-02-08T00:55:20","guid":{"rendered":"https:\/\/whitesoundibiza.com\/producto\/bss-ar133\/"},"modified":"2025-08-09T15:43:03","modified_gmt":"2025-08-09T15:43:03","slug":"bss-ar133","status":"publish","type":"product","link":"https:\/\/whitesoundibiza.com\/es\/producto\/bss-ar133\/","title":{"rendered":"BSS AR133"},"content":{"rendered":"<p class=\"\" data-start=\"686\" data-end=\"1107\">Alquila la <strong data-start=\"716\" data-end=\"753\">Caja DI Activa BSS AR-133 en Ibiza<\/strong>, en White Sound Ibiza. Esta unidad de calidad profesional proporciona conmutaci\u00f3n sin interrupciones entre alimentaci\u00f3n phantom y bater\u00eda interna de reserva. En consecuencia, mantiene la se\u00f1al ininterrumpida aunque falle la alimentaci\u00f3n fantasma de la consola. Adem\u00e1s, su arquitectura vers\u00e1til se adapta a instrumentos, fuentes de l\u00ednea y salidas de amplificador por igual, garantizando un audio pr\u00edstino en cualquier configuraci\u00f3n.   <\/p>\n<h3 class=\"\" data-start=\"1111\" data-end=\"1142\">Alimentaci\u00f3n fantasma y a pilas<\/h3>\n<p class=\"\" data-start=\"1145\" data-end=\"1498\">El AR-133 acepta alimentaci\u00f3n fantasma desde +48 V hasta +20 V. Adem\u00e1s, incorpora una bater\u00eda interna de 9 V que se activa autom\u00e1ticamente cuando cae la alimentaci\u00f3n fantasma. Por lo tanto, disfrutas de un funcionamiento continuo sin intervenci\u00f3n manual. El indicador LED se ilumina de forma constante cuando hay alimentaci\u00f3n fantasma y parpadea cada dos segundos cuando hay alimentaci\u00f3n de la bater\u00eda para informarte claramente del estado.  <\/p>\n<h3 class=\"\" data-start=\"1502\" data-end=\"1538\">Entrada y atenuaci\u00f3n flexibles<\/h3>\n<p class=\"\" data-start=\"1541\" data-end=\"1897\">Puedes conectar instrumentos a trav\u00e9s de la toma de 1 M\u03a9 \u00bc\u2033 o alimentar se\u00f1ales de nivel de l\u00ednea en la entrada XLR paralela. Adem\u00e1s, una segunda toma de enlace proporciona una alimentaci\u00f3n sin b\u00fafer a las salidas de amplificador. El conmutador de atenuaci\u00f3n del panel frontal ofrece ajustes de 0 dB, -20 dB y -40 dB. Como resultado, puedes optimizar f\u00e1cilmente los niveles para guitarras, teclados, consolas de DJ y salidas de altavoces.   <\/p>\n<h3 class=\"\" data-start=\"1901\" data-end=\"1938\">Salida equilibrada y elevaci\u00f3n de tierra<\/h3>\n<p class=\"\" data-start=\"1941\" data-end=\"2282\">La salida XLR equilibrada por transformador suministra audio de bajo ruido a mesas de mezclas o sistemas de megafon\u00eda. Adem\u00e1s, un conmutador de toma de tierra a\u00edsla la patilla 1 para eliminar al instante los zumbidos y los bucles de masa. En consecuencia, mantienes una ruta de se\u00f1al limpia incluso en montajes esc\u00e9nicos complejos. Por todo ello, esta caja DI sigue siendo la preferida de los ingenieros de sonido profesionales.   <\/p>\n<h3 class=\"\" data-start=\"2286\" data-end=\"2332\">Construcci\u00f3n robusta y gesti\u00f3n de cables<\/h3>\n<p class=\"\" data-start=\"2335\" data-end=\"2689\">Alojado en una robusta carcasa de extrusi\u00f3n de aluminio, el AR-133 incorpora protectores de poliuretano en las mejillas para una mayor durabilidad. Adem\u00e1s, su chasis arqueado permite que los cables pasen ordenadamente por debajo de la unidad desde un extremo. As\u00ed, evitas el desorden de cables y los peligros de tropiezos en el escenario. Adem\u00e1s, apilar varias unidades resulta sencillo gracias a las mejillas laterales moldeadas.   <\/p>\n<h3 class=\"\" data-start=\"2693\" data-end=\"2738\">Calidad de sonido y versatilidad legendarias<\/h3>\n<p class=\"\" data-start=\"2741\" data-end=\"3123\">Construida sobre la misma ruta de audio que la venerada AR-116, esta caja DI ofrece un tono transparente con una coloraci\u00f3n m\u00ednima. Adem\u00e1s, su claridad s\u00f3nica destaca en guitarras ac\u00fasticas, bajos el\u00e9ctricos, teclados y consolas de DJ. En consecuencia, tambi\u00e9n puedes utilizarla como dispositivo de balance activo en aplicaciones de grabaci\u00f3n o en directo. Por tanto, el AR-133 ofrece una flexibilidad y un rendimiento inigualables.   <\/p>\n<p class=\"\" data-start=\"3127\" data-end=\"3389\">Alquila la <strong data-start=\"3136\" data-end=\"3173\">caja DI activa<a href=\"https:\/\/bssaudio.com\/en\/products\/ar-133\">BSS AR-133<\/a> en Ibiza<\/strong> hoy mismo en White Sound Ibiza. Con respaldo de energ\u00eda sin interrupciones, conectividad vers\u00e1til y calidad de audio de renombre, se sit\u00faa por encima de otras soluciones DI. \u00a1Reserva ahora y garantiza una conversi\u00f3n de se\u00f1al impecable en tu pr\u00f3ximo evento!  <\/p>\n<p>Encuentra m\u00e1s opciones <a href=\"https:\/\/whitesoundibiza.com\/categoria-producto\/rent-audio\/speakers\/\">aqu\u00ed<\/a>.<\/p>\n<p data-start=\"2699\" data-end=\"2939\"><style id=\"wpforms-css-vars-1077\">\n\t\t\t\t#wpforms-1077 {\n\t\t\t\t\n\t\t\t}\n\t\t\t<\/style><div class=\"wpforms-container wpforms-container-full wpforms-render-modern\" id=\"wpforms-1077\"><form id=\"wpforms-form-1077\" class=\"wpforms-validate wpforms-form wpforms-ajax-form\" data-formid=\"1077\" method=\"post\" enctype=\"multipart\/form-data\" action=\"\/es\/wp-json\/wp\/v2\/product\/49185\" data-token=\"dfe2cec9ba1513477d46ad545949aa7b\" data-token-time=\"1775258271\"><noscript class=\"wpforms-error-noscript\">Por favor, activa JavaScript en tu navegador para completar este formulario.<\/noscript><div id=\"wpforms-error-noscript\" style=\"display: none;\">Por favor, activa JavaScript en tu navegador para completar este formulario.<\/div><div class=\"wpforms-field-container\"><div id=\"wpforms-1077-field_0-container\" class=\"wpforms-field wpforms-field-name\" data-field-id=\"0\"><fieldset><legend class=\"wpforms-field-label\">Nombre <span class=\"wpforms-required-label\" aria-hidden=\"true\">*<\/span><\/legend><div class=\"wpforms-field-row wpforms-field-medium\"><div class=\"wpforms-field-row-block wpforms-first wpforms-one-half\"><input type=\"text\" id=\"wpforms-1077-field_0\" class=\"wpforms-field-name-first wpforms-field-required\" name=\"wpforms[fields][0][first]\" placeholder=\"Nombre\" aria-errormessage=\"wpforms-1077-field_0-error\" required><label for=\"wpforms-1077-field_0\" class=\"wpforms-field-sublabel after wpforms-sublabel-hide\">Nombre<\/label><\/div><div class=\"wpforms-field-row-block wpforms-one-half\"><input type=\"text\" id=\"wpforms-1077-field_0-last\" class=\"wpforms-field-name-last wpforms-field-required\" name=\"wpforms[fields][0][last]\" placeholder=\"Apellidos\" aria-errormessage=\"wpforms-1077-field_0-last-error\" required><label for=\"wpforms-1077-field_0-last\" class=\"wpforms-field-sublabel after wpforms-sublabel-hide\">Apellidos<\/label><\/div><\/div><\/fieldset><\/div><div id=\"wpforms-1077-field_7-container\" class=\"wpforms-field wpforms-field-layout\" data-field-id=\"7\"><div class=\"wpforms-field-layout-columns wpforms-field-layout-preset-50-50\"><div class=\"wpforms-layout-column wpforms-layout-column-50\" ><div id=\"wpforms-1077-field_1-container\" class=\"wpforms-field wpforms-field-email\" data-field-id=\"1\"><label class=\"wpforms-field-label\" for=\"wpforms-1077-field_1\">Env\u00eda un correo electr\u00f3nico a <span class=\"wpforms-required-label\" aria-hidden=\"true\">*<\/span><\/label><input type=\"email\" id=\"wpforms-1077-field_1\" class=\"wpforms-field-medium wpforms-field-required\" name=\"wpforms[fields][1]\" spellcheck=\"false\" aria-errormessage=\"wpforms-1077-field_1-error\" required><\/div><\/div><div class=\"wpforms-layout-column wpforms-layout-column-50\" ><div id=\"wpforms-1077-field_8-container\" class=\"wpforms-field wpforms-field-phone\" data-field-id=\"8\"><label class=\"wpforms-field-label\" for=\"wpforms-1077-field_8\">N\u00famero de tel\u00e9fono <span class=\"wpforms-required-label\" aria-hidden=\"true\">*<\/span><\/label><input type=\"tel\" id=\"wpforms-1077-field_8\" class=\"wpforms-field-medium wpforms-field-required wpforms-smart-phone-field\" data-rule-smart-phone-field=\"true\" name=\"wpforms[fields][8]\" aria-label=\"N\u00famero de tel\u00e9fono\" aria-errormessage=\"wpforms-1077-field_8-error\" required><\/div><\/div><\/div><\/div>\t\t<div id=\"wpforms-1077-field_3-container\"\n\t\t\tclass=\"wpforms-field wpforms-field-text\"\n\t\t\tdata-field-type=\"text\"\n\t\t\tdata-field-id=\"3\"\n\t\t\t>\n\t\t\t<label class=\"wpforms-field-label\" for=\"wpforms-1077-field_3\" >a Dise\u00f1o Desde<\/label>\n\t\t\t<input type=\"text\" id=\"wpforms-1077-field_3\" class=\"wpforms-field-medium\" name=\"wpforms[fields][3]\" >\n\t\t<\/div>\n\t\t<div id=\"wpforms-1077-field_10-container\" class=\"wpforms-field wpforms-field-layout\" data-field-id=\"10\"><div class=\"wpforms-field-layout-columns wpforms-field-layout-preset-50-50\"><div class=\"wpforms-layout-column wpforms-layout-column-50\" ><div id=\"wpforms-1077-field_4-container\" class=\"wpforms-field wpforms-field-date-time\" data-field-id=\"4\"><label class=\"wpforms-field-label\" for=\"wpforms-1077-field_4\">Desde<\/label><div class=\"wpforms-datepicker-wrap\"><input type=\"text\" id=\"wpforms-1077-field_4\" class=\"wpforms-field-date-time-date wpforms-datepicker wpforms-field-small\" data-date-format=\"m\/d\/Y\" data-disable-past-dates=\"0\" data-input=\"true\" name=\"wpforms[fields][4][date]\" aria-errormessage=\"wpforms-1077-field_4-error\" ><a title=\"Borrar fecha\" data-clear role=\"button\" tabindex=\"0\" class=\"wpforms-datepicker-clear\" aria-label=\"Borrar fecha\" style=\"display:none;\"><\/a><\/div><\/div><\/div><div class=\"wpforms-layout-column wpforms-layout-column-50\" ><div id=\"wpforms-1077-field_9-container\" class=\"wpforms-field wpforms-field-date-time\" data-field-id=\"9\"><label class=\"wpforms-field-label\" for=\"wpforms-1077-field_9\">Hasta<\/label><div class=\"wpforms-datepicker-wrap\"><input type=\"text\" id=\"wpforms-1077-field_9\" class=\"wpforms-field-date-time-date wpforms-datepicker wpforms-field-small\" data-date-format=\"m\/d\/Y\" data-disable-past-dates=\"0\" data-input=\"true\" name=\"wpforms[fields][9][date]\" aria-errormessage=\"wpforms-1077-field_9-error\" ><a title=\"Borrar fecha\" data-clear role=\"button\" tabindex=\"0\" class=\"wpforms-datepicker-clear\" aria-label=\"Borrar fecha\" style=\"display:none;\"><\/a><\/div><\/div><\/div><\/div><\/div><div id=\"wpforms-1077-field_2-container\" class=\"wpforms-field wpforms-field-textarea\" data-field-id=\"2\"><label class=\"wpforms-field-label\" for=\"wpforms-1077-field_2\">Mensaje<\/label><textarea id=\"wpforms-1077-field_2\" class=\"wpforms-field-medium\" name=\"wpforms[fields][2]\" placeholder=\"\u00bfC\u00f3mo podemos ayudarte?\" aria-errormessage=\"wpforms-1077-field_2-error\" ><\/textarea><\/div><script>\n\t\t\t\t( function() {\n\t\t\t\t\tconst style = document.createElement( 'style' );\n\t\t\t\t\tstyle.appendChild( document.createTextNode( '#wpforms-1077-field_3-container { position: absolute !important; overflow: hidden !important; display: inline !important; height: 1px !important; width: 1px !important; z-index: -1000 !important; padding: 0 !important; } #wpforms-1077-field_3-container input { visibility: hidden; } #wpforms-conversational-form-page #wpforms-1077-field_3-container label { counter-increment: none; }' ) );\n\t\t\t\t\tdocument.head.appendChild( style );\n\t\t\t\t\tdocument.currentScript?.remove();\n\t\t\t\t} )();\n\t\t\t<\/script><\/div><!-- .wpforms-field-container --><div class=\"wpforms-recaptcha-container wpforms-is-recaptcha wpforms-is-recaptcha-type-v2\" ><div class=\"g-recaptcha\" data-sitekey=\"6LeS7gEkAAAAAO-EsXRwxTakHs6Q_9Z0rQYHkIS5\"><\/div><input type=\"text\" name=\"g-recaptcha-hidden\" class=\"wpforms-recaptcha-hidden\" style=\"position:absolute!important;clip:rect(0,0,0,0)!important;height:1px!important;width:1px!important;border:0!important;overflow:hidden!important;padding:0!important;margin:0!important;\" data-rule-recaptcha=\"1\"><\/div><div class=\"wpforms-submit-container\" ><input type=\"hidden\" name=\"wpforms[id]\" value=\"1077\"><input type=\"hidden\" name=\"page_title\" value=\"\"><input type=\"hidden\" name=\"page_url\" value=\"https:\/\/whitesoundibiza.com\/es\/wp-json\/wp\/v2\/product\/49185\"><input type=\"hidden\" name=\"url_referer\" value=\"\"><button type=\"submit\" name=\"wpforms[submit]\" id=\"wpforms-submit-1077\" class=\"wpforms-submit\" data-alt-text=\"Enviando...\" data-submit-text=\"Env\u00eda\" aria-live=\"assertive\" value=\"wpforms-submit\">Env\u00eda<\/button><img decoding=\"async\" src=\"https:\/\/whitesoundibiza.com\/wp-content\/plugins\/wpforms\/assets\/images\/submit-spin.svg\" class=\"wpforms-submit-spinner\" style=\"display: none;\" width=\"26\" height=\"26\" alt=\"Cargando\"><\/div><\/form><\/div>  <!-- .wpforms-container --><\/p>\n","protected":false},"excerpt":{"rendered":"<p>Una caja DI activa profesional con conmutaci\u00f3n de alimentaci\u00f3n fantasma y por bater\u00eda, almohadillas de entrada seleccionables 0 dB\/-20 dB\/-40 dB, salida de transformador balanceada y robusta construcci\u00f3n de aluminio.<\/p>\n","protected":false},"featured_media":48139,"template":"","meta":{"_joinchat":[]},"product_brand":[],"product_cat":[167],"product_tag":[],"class_list":{"0":"post-49185","1":"product","2":"type-product","3":"status-publish","4":"has-post-thumbnail","6":"product_cat-accesorios-es","8":"first","9":"instock","10":"taxable","11":"shipping-taxable","12":"purchasable","13":"product-type-rentable"},"yoast_head":"<!-- This site is optimized with the Yoast SEO plugin v27.3 - https:\/\/yoast.com\/product\/yoast-seo-wordpress\/ -->\n<title>Alquiler BSS AR-133 Caja DI Activa Ibiza | Sonido Blanco Ibiza<\/title>\n<meta name=\"description\" content=\"Alquila la Caja DI Activa BSS AR-133 en Ibiza, en White Sound Ibiza. Salida XLR balanceada y carcasa resistente para un rendimiento fiable y sin ruidos.\" \/>\n<meta name=\"robots\" content=\"index, follow, max-snippet:-1, max-image-preview:large, max-video-preview:-1\" \/>\n<link rel=\"canonical\" href=\"https:\/\/whitesoundibiza.com\/es\/producto\/bss-ar133\/\" \/>\n<meta property=\"og:locale\" content=\"es_ES\" \/>\n<meta property=\"og:type\" content=\"article\" \/>\n<meta property=\"og:title\" content=\"Alquiler BSS AR-133 Caja DI Activa Ibiza | Sonido Blanco Ibiza\" \/>\n<meta property=\"og:description\" content=\"Alquila la Caja DI Activa BSS AR-133 en Ibiza, en White Sound Ibiza. Salida XLR balanceada y carcasa resistente para un rendimiento fiable y sin ruidos.\" \/>\n<meta property=\"og:url\" content=\"https:\/\/whitesoundibiza.com\/es\/producto\/bss-ar133\/\" \/>\n<meta property=\"og:site_name\" content=\"White Sound Ibiza - Delivering Fun\" \/>\n<meta property=\"article:modified_time\" content=\"2025-08-09T15:43:03+00:00\" \/>\n<meta property=\"og:image\" content=\"https:\/\/whitesoundibiza.com\/wp-content\/uploads\/2025\/02\/bss_AR133.jpg\" \/>\n\t<meta property=\"og:image:width\" content=\"1000\" \/>\n\t<meta property=\"og:image:height\" content=\"1000\" \/>\n\t<meta property=\"og:image:type\" content=\"image\/jpeg\" \/>\n<meta name=\"twitter:card\" content=\"summary_large_image\" \/>\n<meta name=\"twitter:label1\" content=\"Tiempo de lectura\" \/>\n\t<meta name=\"twitter:data1\" content=\"3 minutos\" \/>\n<script type=\"application\/ld+json\" class=\"yoast-schema-graph\">{\"@context\":\"https:\\\/\\\/schema.org\",\"@graph\":[{\"@type\":\"WebPage\",\"@id\":\"https:\\\/\\\/whitesoundibiza.com\\\/es\\\/producto\\\/bss-ar133\\\/\",\"url\":\"https:\\\/\\\/whitesoundibiza.com\\\/es\\\/producto\\\/bss-ar133\\\/\",\"name\":\"Alquiler BSS AR-133 Caja DI Activa Ibiza | Sonido Blanco Ibiza\",\"isPartOf\":{\"@id\":\"https:\\\/\\\/whitesoundibiza.com\\\/es\\\/#website\"},\"primaryImageOfPage\":{\"@id\":\"https:\\\/\\\/whitesoundibiza.com\\\/es\\\/producto\\\/bss-ar133\\\/#primaryimage\"},\"image\":{\"@id\":\"https:\\\/\\\/whitesoundibiza.com\\\/es\\\/producto\\\/bss-ar133\\\/#primaryimage\"},\"thumbnailUrl\":\"https:\\\/\\\/whitesoundibiza.com\\\/wp-content\\\/uploads\\\/2025\\\/02\\\/bss_AR133.jpg\",\"datePublished\":\"2025-02-08T00:55:20+00:00\",\"dateModified\":\"2025-08-09T15:43:03+00:00\",\"description\":\"Alquila la Caja DI Activa BSS AR-133 en Ibiza, en White Sound Ibiza. Salida XLR balanceada y carcasa resistente para un rendimiento fiable y sin ruidos.\",\"breadcrumb\":{\"@id\":\"https:\\\/\\\/whitesoundibiza.com\\\/es\\\/producto\\\/bss-ar133\\\/#breadcrumb\"},\"inLanguage\":\"es\",\"potentialAction\":[{\"@type\":\"ReadAction\",\"target\":[\"https:\\\/\\\/whitesoundibiza.com\\\/es\\\/producto\\\/bss-ar133\\\/\"]}]},{\"@type\":\"ImageObject\",\"inLanguage\":\"es\",\"@id\":\"https:\\\/\\\/whitesoundibiza.com\\\/es\\\/producto\\\/bss-ar133\\\/#primaryimage\",\"url\":\"https:\\\/\\\/whitesoundibiza.com\\\/wp-content\\\/uploads\\\/2025\\\/02\\\/bss_AR133.jpg\",\"contentUrl\":\"https:\\\/\\\/whitesoundibiza.com\\\/wp-content\\\/uploads\\\/2025\\\/02\\\/bss_AR133.jpg\",\"width\":1000,\"height\":1000,\"caption\":\"Caja DI activa BSS AR-133 disponible para alquiler en Ibiza en White Sound Ibiza\"},{\"@type\":\"BreadcrumbList\",\"@id\":\"https:\\\/\\\/whitesoundibiza.com\\\/es\\\/producto\\\/bss-ar133\\\/#breadcrumb\",\"itemListElement\":[{\"@type\":\"ListItem\",\"position\":1,\"name\":\"Portada\",\"item\":\"https:\\\/\\\/whitesoundibiza.com\\\/es\\\/\"},{\"@type\":\"ListItem\",\"position\":2,\"name\":\"Tienda\",\"item\":\"https:\\\/\\\/whitesoundibiza.com\\\/es\\\/tienda\\\/\"},{\"@type\":\"ListItem\",\"position\":3,\"name\":\"BSS AR133\"}]},{\"@type\":\"WebSite\",\"@id\":\"https:\\\/\\\/whitesoundibiza.com\\\/es\\\/#website\",\"url\":\"https:\\\/\\\/whitesoundibiza.com\\\/es\\\/\",\"name\":\"White Sound Ibiza\",\"description\":\"Rent Speakers in Ibiza\",\"publisher\":{\"@id\":\"https:\\\/\\\/whitesoundibiza.com\\\/es\\\/#organization\"},\"potentialAction\":[{\"@type\":\"SearchAction\",\"target\":{\"@type\":\"EntryPoint\",\"urlTemplate\":\"https:\\\/\\\/whitesoundibiza.com\\\/es\\\/?s={search_term_string}\"},\"query-input\":{\"@type\":\"PropertyValueSpecification\",\"valueRequired\":true,\"valueName\":\"search_term_string\"}}],\"inLanguage\":\"es\"},{\"@type\":\"Organization\",\"@id\":\"https:\\\/\\\/whitesoundibiza.com\\\/es\\\/#organization\",\"name\":\"White Sound Ibiza\",\"url\":\"https:\\\/\\\/whitesoundibiza.com\\\/es\\\/\",\"logo\":{\"@type\":\"ImageObject\",\"inLanguage\":\"es\",\"@id\":\"https:\\\/\\\/whitesoundibiza.com\\\/es\\\/#\\\/schema\\\/logo\\\/image\\\/\",\"url\":\"https:\\\/\\\/whitesoundibiza.com\\\/wp-content\\\/uploads\\\/2025\\\/05\\\/ws_logo.jpg\",\"contentUrl\":\"https:\\\/\\\/whitesoundibiza.com\\\/wp-content\\\/uploads\\\/2025\\\/05\\\/ws_logo.jpg\",\"width\":800,\"height\":235,\"caption\":\"White Sound Ibiza\"},\"image\":{\"@id\":\"https:\\\/\\\/whitesoundibiza.com\\\/es\\\/#\\\/schema\\\/logo\\\/image\\\/\"}}]}<\/script>\n<!-- \/ Yoast SEO plugin. -->","yoast_head_json":{"title":"Alquiler BSS AR-133 Caja DI Activa Ibiza | Sonido Blanco Ibiza","description":"Alquila la Caja DI Activa BSS AR-133 en Ibiza, en White Sound Ibiza. Salida XLR balanceada y carcasa resistente para un rendimiento fiable y sin ruidos.","robots":{"index":"index","follow":"follow","max-snippet":"max-snippet:-1","max-image-preview":"max-image-preview:large","max-video-preview":"max-video-preview:-1"},"canonical":"https:\/\/whitesoundibiza.com\/es\/producto\/bss-ar133\/","og_locale":"es_ES","og_type":"article","og_title":"Alquiler BSS AR-133 Caja DI Activa Ibiza | Sonido Blanco Ibiza","og_description":"Alquila la Caja DI Activa BSS AR-133 en Ibiza, en White Sound Ibiza. Salida XLR balanceada y carcasa resistente para un rendimiento fiable y sin ruidos.","og_url":"https:\/\/whitesoundibiza.com\/es\/producto\/bss-ar133\/","og_site_name":"White Sound Ibiza - Delivering Fun","article_modified_time":"2025-08-09T15:43:03+00:00","og_image":[{"width":1000,"height":1000,"url":"https:\/\/whitesoundibiza.com\/wp-content\/uploads\/2025\/02\/bss_AR133.jpg","type":"image\/jpeg"}],"twitter_card":"summary_large_image","twitter_misc":{"Tiempo de lectura":"3 minutos"},"schema":{"@context":"https:\/\/schema.org","@graph":[{"@type":"WebPage","@id":"https:\/\/whitesoundibiza.com\/es\/producto\/bss-ar133\/","url":"https:\/\/whitesoundibiza.com\/es\/producto\/bss-ar133\/","name":"Alquiler BSS AR-133 Caja DI Activa Ibiza | Sonido Blanco Ibiza","isPartOf":{"@id":"https:\/\/whitesoundibiza.com\/es\/#website"},"primaryImageOfPage":{"@id":"https:\/\/whitesoundibiza.com\/es\/producto\/bss-ar133\/#primaryimage"},"image":{"@id":"https:\/\/whitesoundibiza.com\/es\/producto\/bss-ar133\/#primaryimage"},"thumbnailUrl":"https:\/\/whitesoundibiza.com\/wp-content\/uploads\/2025\/02\/bss_AR133.jpg","datePublished":"2025-02-08T00:55:20+00:00","dateModified":"2025-08-09T15:43:03+00:00","description":"Alquila la Caja DI Activa BSS AR-133 en Ibiza, en White Sound Ibiza. Salida XLR balanceada y carcasa resistente para un rendimiento fiable y sin ruidos.","breadcrumb":{"@id":"https:\/\/whitesoundibiza.com\/es\/producto\/bss-ar133\/#breadcrumb"},"inLanguage":"es","potentialAction":[{"@type":"ReadAction","target":["https:\/\/whitesoundibiza.com\/es\/producto\/bss-ar133\/"]}]},{"@type":"ImageObject","inLanguage":"es","@id":"https:\/\/whitesoundibiza.com\/es\/producto\/bss-ar133\/#primaryimage","url":"https:\/\/whitesoundibiza.com\/wp-content\/uploads\/2025\/02\/bss_AR133.jpg","contentUrl":"https:\/\/whitesoundibiza.com\/wp-content\/uploads\/2025\/02\/bss_AR133.jpg","width":1000,"height":1000,"caption":"Caja DI activa BSS AR-133 disponible para alquiler en Ibiza en White Sound Ibiza"},{"@type":"BreadcrumbList","@id":"https:\/\/whitesoundibiza.com\/es\/producto\/bss-ar133\/#breadcrumb","itemListElement":[{"@type":"ListItem","position":1,"name":"Portada","item":"https:\/\/whitesoundibiza.com\/es\/"},{"@type":"ListItem","position":2,"name":"Tienda","item":"https:\/\/whitesoundibiza.com\/es\/tienda\/"},{"@type":"ListItem","position":3,"name":"BSS AR133"}]},{"@type":"WebSite","@id":"https:\/\/whitesoundibiza.com\/es\/#website","url":"https:\/\/whitesoundibiza.com\/es\/","name":"White Sound Ibiza","description":"Rent Speakers in Ibiza","publisher":{"@id":"https:\/\/whitesoundibiza.com\/es\/#organization"},"potentialAction":[{"@type":"SearchAction","target":{"@type":"EntryPoint","urlTemplate":"https:\/\/whitesoundibiza.com\/es\/?s={search_term_string}"},"query-input":{"@type":"PropertyValueSpecification","valueRequired":true,"valueName":"search_term_string"}}],"inLanguage":"es"},{"@type":"Organization","@id":"https:\/\/whitesoundibiza.com\/es\/#organization","name":"White Sound Ibiza","url":"https:\/\/whitesoundibiza.com\/es\/","logo":{"@type":"ImageObject","inLanguage":"es","@id":"https:\/\/whitesoundibiza.com\/es\/#\/schema\/logo\/image\/","url":"https:\/\/whitesoundibiza.com\/wp-content\/uploads\/2025\/05\/ws_logo.jpg","contentUrl":"https:\/\/whitesoundibiza.com\/wp-content\/uploads\/2025\/05\/ws_logo.jpg","width":800,"height":235,"caption":"White Sound Ibiza"},"image":{"@id":"https:\/\/whitesoundibiza.com\/es\/#\/schema\/logo\/image\/"}}]}},"_links":{"self":[{"href":"https:\/\/whitesoundibiza.com\/es\/wp-json\/wp\/v2\/product\/49185","targetHints":{"allow":["GET"]}}],"collection":[{"href":"https:\/\/whitesoundibiza.com\/es\/wp-json\/wp\/v2\/product"}],"about":[{"href":"https:\/\/whitesoundibiza.com\/es\/wp-json\/wp\/v2\/types\/product"}],"wp:featuredmedia":[{"embeddable":true,"href":"https:\/\/whitesoundibiza.com\/es\/wp-json\/wp\/v2\/media\/48139"}],"wp:attachment":[{"href":"https:\/\/whitesoundibiza.com\/es\/wp-json\/wp\/v2\/media?parent=49185"}],"wp:term":[{"taxonomy":"product_brand","embeddable":true,"href":"https:\/\/whitesoundibiza.com\/es\/wp-json\/wp\/v2\/product_brand?post=49185"},{"taxonomy":"product_cat","embeddable":true,"href":"https:\/\/whitesoundibiza.com\/es\/wp-json\/wp\/v2\/product_cat?post=49185"},{"taxonomy":"product_tag","embeddable":true,"href":"https:\/\/whitesoundibiza.com\/es\/wp-json\/wp\/v2\/product_tag?post=49185"}],"curies":[{"name":"wp","href":"https:\/\/api.w.org\/{rel}","templated":true}]}}