{"id":49182,"date":"2025-02-08T00:55:21","date_gmt":"2025-02-08T00:55:21","guid":{"rendered":"https:\/\/whitesoundibiza.com\/producto\/ax48-pro-ultimate\/"},"modified":"2025-08-09T15:43:10","modified_gmt":"2025-08-09T15:43:10","slug":"ax48-pro-ultimate","status":"publish","type":"product","link":"https:\/\/whitesoundibiza.com\/es\/producto\/ax48-pro-ultimate\/","title":{"rendered":"Ax48 Pro Ultimate"},"content":{"rendered":"<p class=\"\" data-start=\"682\" data-end=\"943\">Cuando <strong data-start=\"706\" data-end=\"738\">alquilas el ax48 pro ultimate ibiza<\/strong>, obtienes el soporte para teclado de calidad profesional en el que conf\u00edan los m\u00fasicos. Adem\u00e1s, este soporte combina un elegante dise\u00f1o de columna con una robusta fiabilidad. Soporta dos teclados de hasta 125 lb cada uno, o 250 lb en total.  <\/p>\n<p class=\"\" data-start=\"945\" data-end=\"1245\"><strong data-start=\"945\" data-end=\"977\">Montaje y desmontaje sin esfuerzo<\/strong><br data-start=\"977\" data-end=\"980\">La AX48 Pro Ultimate pr\u00e1cticamente se monta sola. Primero, extrae las patas de la base de la columna hueca. A continuaci\u00f3n, suelta los brazos de tres barras guardados en la parte superior. Por \u00faltimo, bloquea cada secci\u00f3n en su sitio. En consecuencia, empleas menos de 30 segundos en prepararte para tu pr\u00f3xima actuaci\u00f3n.    <\/p>\n<p class=\"\" data-start=\"1247\" data-end=\"1552\"><strong data-start=\"1247\" data-end=\"1281\">Dise\u00f1o estable de dos columnas<\/strong><br data-start=\"1281\" data-end=\"1284\">La s\u00f3lida columna de acero de este soporte proporciona un apoyo firme como una roca. Adem\u00e1s, sus dos niveles se ajustan independientemente de 26\u2033 a 46\u2033 de altura. As\u00ed, puedes colocar ambos teclados a alturas ergon\u00f3micas para tocar. Las patas del tr\u00edpode permanecen conectadas para que las transiciones entre conciertos sean r\u00e1pidas.   <\/p>\n<p class=\"\" data-start=\"1554\" data-end=\"1870\">Brazos de tres barras <strong data-start=\"1554\" data-end=\"1581\">ajustables<\/strong><br data-start=\"1581\" data-end=\"1584\">Se incluyen dos juegos de brazos de tres barras: de 13\u2033 y 18\u2033 de longitud. Como resultado, el soporte se adapta a los sintetizadores, estaciones de trabajo y teclados controladores modernos. Adem\u00e1s, las abrazaderas de alta resistencia aseguran los brazos dentro de la columna durante el transporte. As\u00ed, evitas la p\u00e9rdida de piezas y maximizas la portabilidad.   <\/p>\n<p class=\"\" data-start=\"1872\" data-end=\"1905\"><strong data-start=\"1872\" data-end=\"1903\">Funciones de nivel profesional<\/strong><\/p>\n<ul data-start=\"1906\" data-end=\"2231\">\n<li class=\"\" data-start=\"1906\" data-end=\"1993\">\n<p class=\"\" data-start=\"1908\" data-end=\"1993\"><strong data-start=\"1908\" data-end=\"1933\">S\u00faper abrazaderas CMP-485:<\/strong> Integradas en la columna para brazos de micr\u00f3fono o bandejas de partituras.<\/p>\n<\/li>\n<li class=\"\" data-start=\"1994\" data-end=\"2084\">\n<p class=\"\" data-start=\"1996\" data-end=\"2084\"><strong data-start=\"1996\" data-end=\"2019\">Almacenamiento integrado:<\/strong> Las patas y los brazos se encajan dentro de la columna, eliminando cajas adicionales.<\/p>\n<\/li>\n<li class=\"\" data-start=\"2085\" data-end=\"2154\">\n<p class=\"\" data-start=\"2087\" data-end=\"2154\"><strong data-start=\"2087\" data-end=\"2112\">Palancas de liberaci\u00f3n r\u00e1pida:<\/strong> Los pomos sin herramientas bloquean las alturas al instante.<\/p>\n<\/li>\n<li class=\"\" data-start=\"2155\" data-end=\"2231\">\n<p class=\"\" data-start=\"2157\" data-end=\"2231\"><strong data-start=\"2157\" data-end=\"2175\">Capacidad de carga:<\/strong> 56,8 kg (125 lb) por grada o 113,6 kg (250 lb) en total.<\/p>\n<\/li>\n<\/ul>\n<p class=\"\" data-start=\"2233\" data-end=\"2504\"><strong data-start=\"2233\" data-end=\"2261\">Portabilidad y durabilidad<\/strong><br data-start=\"2261\" data-end=\"2264\">Con un peso de s\u00f3lo 8,6 kg, la AX-48 Pro Ultimate cabe en la mayor\u00eda de las maletas de vuelo. Su longitud plegada de 52\u2033 se desliza f\u00e1cilmente en las bolsas de equipo. El acabado con recubrimiento de polvo resiste los ara\u00f1azos y el desgaste. Por consiguiente, soporta los rigores de las giras y los ensayos.   <\/p>\n<p class=\"\" data-start=\"2506\" data-end=\"2814\"><strong data-start=\"2506\" data-end=\"2532\">Aplicaciones vers\u00e1tiles<\/strong><br data-start=\"2532\" data-end=\"2535\">Tanto si <strong data-start=\"2547\" data-end=\"2579\">alquilas el ax48 pro ultimate ibiza<\/strong> para noches de club, sesiones de estudio o festivales al aire libre, este soporte se adapta. Teclistas, sintetistas y DJs conf\u00edan en su r\u00e1pida configuraci\u00f3n y soporte seguro. Adem\u00e1s, es ideal para retransmisiones en directo, actuaciones corporativas y talleres de empresa.  <\/p>\n<p class=\"\" data-start=\"2816\" data-end=\"3109\"><strong data-start=\"2816\" data-end=\"2836\">Alquiler y asistencia<\/strong><br data-start=\"2836\" data-end=\"2839\">Para obtener m\u00e1s informaci\u00f3n y las especificaciones completas, visita <a class=\"cursor-pointer\" target=\"_new\" rel=\"noopener\" data-start=\"2886\" data-end=\"2985\">la p\u00e1gina del producto AX-48 Pro<\/a> Ultimate en White Sound Ibiza. Proporcionamos entrega, orientaci\u00f3n para la instalaci\u00f3n in situ y asistencia t\u00e9cnica para garantizar un rendimiento impecable. <\/p>\n<p class=\"\" data-start=\"3111\" data-end=\"3251\">Reserva hoy mismo en White Sound Ibiza el <strong data-start=\"3120\" data-end=\"3151\">AX48 Pro Ultimate en Ibiza<\/strong> y eleva tu equipo de teclado con el soporte de columna de dos niveles definitivo.<\/p>\n<style id=\"wpforms-css-vars-1077\">\n\t\t\t\t#wpforms-1077 {\n\t\t\t\t\n\t\t\t}\n\t\t\t<\/style><div class=\"wpforms-container wpforms-container-full wpforms-render-modern\" id=\"wpforms-1077\"><form id=\"wpforms-form-1077\" class=\"wpforms-validate wpforms-form wpforms-ajax-form\" data-formid=\"1077\" method=\"post\" enctype=\"multipart\/form-data\" action=\"\/es\/wp-json\/wp\/v2\/product\/49182\" data-token=\"4ccfff1d565b214c6e3a4c1b496f1215\" data-token-time=\"1776436609\"><noscript class=\"wpforms-error-noscript\">Por favor, activa JavaScript en tu navegador para completar este formulario.<\/noscript><div id=\"wpforms-error-noscript\" style=\"display: none;\">Por favor, activa JavaScript en tu navegador para completar este formulario.<\/div><div class=\"wpforms-field-container\"><div id=\"wpforms-1077-field_0-container\" class=\"wpforms-field wpforms-field-name\" data-field-id=\"0\"><fieldset><legend class=\"wpforms-field-label\">Nombre <span class=\"wpforms-required-label\" aria-hidden=\"true\">*<\/span><\/legend><div class=\"wpforms-field-row wpforms-field-medium\"><div class=\"wpforms-field-row-block wpforms-first wpforms-one-half\"><input type=\"text\" id=\"wpforms-1077-field_0\" class=\"wpforms-field-name-first wpforms-field-required\" name=\"wpforms[fields][0][first]\" placeholder=\"Nombre\" aria-errormessage=\"wpforms-1077-field_0-error\" required><label for=\"wpforms-1077-field_0\" class=\"wpforms-field-sublabel after wpforms-sublabel-hide\">Nombre<\/label><\/div><div class=\"wpforms-field-row-block wpforms-one-half\"><input type=\"text\" id=\"wpforms-1077-field_0-last\" class=\"wpforms-field-name-last wpforms-field-required\" name=\"wpforms[fields][0][last]\" placeholder=\"Apellidos\" aria-errormessage=\"wpforms-1077-field_0-last-error\" required><label for=\"wpforms-1077-field_0-last\" class=\"wpforms-field-sublabel after wpforms-sublabel-hide\">Apellidos<\/label><\/div><\/div><\/fieldset><\/div>\t\t<div id=\"wpforms-1077-field_3-container\"\n\t\t\tclass=\"wpforms-field wpforms-field-text\"\n\t\t\tdata-field-type=\"text\"\n\t\t\tdata-field-id=\"3\"\n\t\t\t>\n\t\t\t<label class=\"wpforms-field-label\" for=\"wpforms-1077-field_3\" >a N\u00famero Dise\u00f1o<\/label>\n\t\t\t<input type=\"text\" id=\"wpforms-1077-field_3\" class=\"wpforms-field-medium\" name=\"wpforms[fields][3]\" >\n\t\t<\/div>\n\t\t<div id=\"wpforms-1077-field_7-container\" class=\"wpforms-field wpforms-field-layout\" data-field-id=\"7\"><div class=\"wpforms-field-layout-columns wpforms-field-layout-preset-50-50\"><div class=\"wpforms-layout-column wpforms-layout-column-50\" ><div id=\"wpforms-1077-field_1-container\" class=\"wpforms-field wpforms-field-email\" data-field-id=\"1\"><label class=\"wpforms-field-label\" for=\"wpforms-1077-field_1\">Env\u00eda un correo electr\u00f3nico a <span class=\"wpforms-required-label\" aria-hidden=\"true\">*<\/span><\/label><input type=\"email\" id=\"wpforms-1077-field_1\" class=\"wpforms-field-medium wpforms-field-required\" name=\"wpforms[fields][1]\" spellcheck=\"false\" aria-errormessage=\"wpforms-1077-field_1-error\" required><\/div><\/div><div class=\"wpforms-layout-column wpforms-layout-column-50\" ><div id=\"wpforms-1077-field_8-container\" class=\"wpforms-field wpforms-field-phone\" data-field-id=\"8\"><label class=\"wpforms-field-label\" for=\"wpforms-1077-field_8\">N\u00famero de tel\u00e9fono <span class=\"wpforms-required-label\" aria-hidden=\"true\">*<\/span><\/label><input type=\"tel\" id=\"wpforms-1077-field_8\" class=\"wpforms-field-medium wpforms-field-required wpforms-smart-phone-field\" data-rule-smart-phone-field=\"true\" name=\"wpforms[fields][8]\" aria-label=\"N\u00famero de tel\u00e9fono\" aria-errormessage=\"wpforms-1077-field_8-error\" required><\/div><\/div><\/div><\/div><div id=\"wpforms-1077-field_10-container\" class=\"wpforms-field wpforms-field-layout\" data-field-id=\"10\"><div class=\"wpforms-field-layout-columns wpforms-field-layout-preset-50-50\"><div class=\"wpforms-layout-column wpforms-layout-column-50\" ><div id=\"wpforms-1077-field_4-container\" class=\"wpforms-field wpforms-field-date-time\" data-field-id=\"4\"><label class=\"wpforms-field-label\" for=\"wpforms-1077-field_4\">Desde<\/label><div class=\"wpforms-datepicker-wrap\"><input type=\"text\" id=\"wpforms-1077-field_4\" class=\"wpforms-field-date-time-date wpforms-datepicker wpforms-field-small\" data-date-format=\"m\/d\/Y\" data-disable-past-dates=\"0\" data-input=\"true\" name=\"wpforms[fields][4][date]\" aria-errormessage=\"wpforms-1077-field_4-error\" ><a title=\"Borrar fecha\" data-clear role=\"button\" tabindex=\"0\" class=\"wpforms-datepicker-clear\" aria-label=\"Borrar fecha\" style=\"display:none;\"><\/a><\/div><\/div><\/div><div class=\"wpforms-layout-column wpforms-layout-column-50\" ><div id=\"wpforms-1077-field_9-container\" class=\"wpforms-field wpforms-field-date-time\" data-field-id=\"9\"><label class=\"wpforms-field-label\" for=\"wpforms-1077-field_9\">Hasta<\/label><div class=\"wpforms-datepicker-wrap\"><input type=\"text\" id=\"wpforms-1077-field_9\" class=\"wpforms-field-date-time-date wpforms-datepicker wpforms-field-small\" data-date-format=\"m\/d\/Y\" data-disable-past-dates=\"0\" data-input=\"true\" name=\"wpforms[fields][9][date]\" aria-errormessage=\"wpforms-1077-field_9-error\" ><a title=\"Borrar fecha\" data-clear role=\"button\" tabindex=\"0\" class=\"wpforms-datepicker-clear\" aria-label=\"Borrar fecha\" style=\"display:none;\"><\/a><\/div><\/div><\/div><\/div><\/div><div id=\"wpforms-1077-field_2-container\" class=\"wpforms-field wpforms-field-textarea\" data-field-id=\"2\"><label class=\"wpforms-field-label\" for=\"wpforms-1077-field_2\">Mensaje<\/label><textarea id=\"wpforms-1077-field_2\" class=\"wpforms-field-medium\" name=\"wpforms[fields][2]\" placeholder=\"\u00bfC\u00f3mo podemos ayudarte?\" aria-errormessage=\"wpforms-1077-field_2-error\" ><\/textarea><\/div><script>\n\t\t\t\t( function() {\n\t\t\t\t\tconst style = document.createElement( 'style' );\n\t\t\t\t\tstyle.appendChild( document.createTextNode( '#wpforms-1077-field_3-container { position: absolute !important; overflow: hidden !important; display: inline !important; height: 1px !important; width: 1px !important; z-index: -1000 !important; padding: 0 !important; } #wpforms-1077-field_3-container input { visibility: hidden; } #wpforms-conversational-form-page #wpforms-1077-field_3-container label { counter-increment: none; }' ) );\n\t\t\t\t\tdocument.head.appendChild( style );\n\t\t\t\t\tdocument.currentScript?.remove();\n\t\t\t\t} )();\n\t\t\t<\/script><\/div><!-- .wpforms-field-container --><div class=\"wpforms-recaptcha-container wpforms-is-recaptcha wpforms-is-recaptcha-type-v2\" ><div class=\"g-recaptcha\" data-sitekey=\"6LeS7gEkAAAAAO-EsXRwxTakHs6Q_9Z0rQYHkIS5\"><\/div><input type=\"text\" name=\"g-recaptcha-hidden\" class=\"wpforms-recaptcha-hidden\" style=\"position:absolute!important;clip:rect(0,0,0,0)!important;height:1px!important;width:1px!important;border:0!important;overflow:hidden!important;padding:0!important;margin:0!important;\" data-rule-recaptcha=\"1\"><\/div><div class=\"wpforms-submit-container\" ><input type=\"hidden\" name=\"wpforms[id]\" value=\"1077\"><input type=\"hidden\" name=\"page_title\" value=\"\"><input type=\"hidden\" name=\"page_url\" value=\"https:\/\/whitesoundibiza.com\/es\/wp-json\/wp\/v2\/product\/49182\"><input type=\"hidden\" name=\"url_referer\" value=\"\"><button type=\"submit\" name=\"wpforms[submit]\" id=\"wpforms-submit-1077\" class=\"wpforms-submit\" data-alt-text=\"Enviando...\" data-submit-text=\"Env\u00eda\" aria-live=\"assertive\" value=\"wpforms-submit\">Env\u00eda<\/button><img decoding=\"async\" src=\"https:\/\/whitesoundibiza.com\/wp-content\/plugins\/wpforms\/assets\/images\/submit-spin.svg\" class=\"wpforms-submit-spinner\" style=\"display: none;\" width=\"26\" height=\"26\" alt=\"Cargando\"><\/div><\/form><\/div>  <!-- .wpforms-container -->\n","protected":false},"excerpt":{"rendered":"<p class=\"\" data-start=\"320\" data-end=\"511\">Un soporte de teclado port\u00e1til de dos columnas con brazos de tres barras ajustables en altura, patas superestables, abrazaderas integradas y montaje sin herramientas, ideal para teclistas que dan conciertos.<\/p>\n<p class=\"\" data-start=\"513\" data-end=\"659\">\n","protected":false},"featured_media":48084,"template":"","meta":{"_joinchat":[]},"product_brand":[],"product_cat":[175],"product_tag":[],"class_list":{"0":"post-49182","1":"product","2":"type-product","3":"status-publish","4":"has-post-thumbnail","6":"product_cat-accesorios-es-3","8":"first","9":"instock","10":"taxable","11":"shipping-taxable","12":"purchasable","13":"product-type-rentable"},"yoast_head":"<!-- This site is optimized with the Yoast SEO plugin v27.4 - https:\/\/yoast.com\/product\/yoast-seo-wordpress\/ -->\n<title>Alquiler AX48 Pro Ultimate Ibiza | White Sound Ibiza<\/title>\n<meta name=\"description\" content=\"Alquila el soporte para teclado Ultimate Support AX48 Pro en Ibiza de White Sound Ibiza. Dise\u00f1o de columna de dos niveles, montaje r\u00e1pido, brazos triples ajustables y soporta hasta 250 lbs. \u00a1Reserva ahora!\" \/>\n<meta name=\"robots\" content=\"index, follow, max-snippet:-1, max-image-preview:large, max-video-preview:-1\" \/>\n<link rel=\"canonical\" href=\"https:\/\/whitesoundibiza.com\/es\/producto\/ax48-pro-ultimate\/\" \/>\n<meta property=\"og:locale\" content=\"es_ES\" \/>\n<meta property=\"og:type\" content=\"article\" \/>\n<meta property=\"og:title\" content=\"Alquiler AX48 Pro Ultimate Ibiza | White Sound Ibiza\" \/>\n<meta property=\"og:description\" content=\"Alquila el soporte para teclado Ultimate Support AX48 Pro en Ibiza de White Sound Ibiza. Dise\u00f1o de columna de dos niveles, montaje r\u00e1pido, brazos triples ajustables y soporta hasta 250 lbs. \u00a1Reserva ahora!\" \/>\n<meta property=\"og:url\" content=\"https:\/\/whitesoundibiza.com\/es\/producto\/ax48-pro-ultimate\/\" \/>\n<meta property=\"og:site_name\" content=\"White Sound Ibiza - Delivering Fun\" \/>\n<meta property=\"article:modified_time\" content=\"2025-08-09T15:43:10+00:00\" \/>\n<meta property=\"og:image\" content=\"https:\/\/whitesoundibiza.com\/wp-content\/uploads\/2025\/02\/keyboarddoubleultimate.jpg\" \/>\n\t<meta property=\"og:image:width\" content=\"600\" \/>\n\t<meta property=\"og:image:height\" content=\"600\" \/>\n\t<meta property=\"og:image:type\" content=\"image\/jpeg\" \/>\n<meta name=\"twitter:card\" content=\"summary_large_image\" \/>\n<meta name=\"twitter:label1\" content=\"Tiempo de lectura\" \/>\n\t<meta name=\"twitter:data1\" content=\"2 minutos\" \/>\n<script type=\"application\/ld+json\" class=\"yoast-schema-graph\">{\"@context\":\"https:\\\/\\\/schema.org\",\"@graph\":[{\"@type\":\"WebPage\",\"@id\":\"https:\\\/\\\/whitesoundibiza.com\\\/es\\\/producto\\\/ax48-pro-ultimate\\\/\",\"url\":\"https:\\\/\\\/whitesoundibiza.com\\\/es\\\/producto\\\/ax48-pro-ultimate\\\/\",\"name\":\"Alquiler AX48 Pro Ultimate Ibiza | White Sound Ibiza\",\"isPartOf\":{\"@id\":\"https:\\\/\\\/whitesoundibiza.com\\\/es\\\/#website\"},\"primaryImageOfPage\":{\"@id\":\"https:\\\/\\\/whitesoundibiza.com\\\/es\\\/producto\\\/ax48-pro-ultimate\\\/#primaryimage\"},\"image\":{\"@id\":\"https:\\\/\\\/whitesoundibiza.com\\\/es\\\/producto\\\/ax48-pro-ultimate\\\/#primaryimage\"},\"thumbnailUrl\":\"https:\\\/\\\/whitesoundibiza.com\\\/wp-content\\\/uploads\\\/2025\\\/02\\\/keyboarddoubleultimate.jpg\",\"datePublished\":\"2025-02-08T00:55:21+00:00\",\"dateModified\":\"2025-08-09T15:43:10+00:00\",\"description\":\"Alquila el soporte para teclado Ultimate Support AX48 Pro en Ibiza de White Sound Ibiza. Dise\u00f1o de columna de dos niveles, montaje r\u00e1pido, brazos triples ajustables y soporta hasta 250 lbs. \u00a1Reserva ahora!\",\"breadcrumb\":{\"@id\":\"https:\\\/\\\/whitesoundibiza.com\\\/es\\\/producto\\\/ax48-pro-ultimate\\\/#breadcrumb\"},\"inLanguage\":\"es\",\"potentialAction\":[{\"@type\":\"ReadAction\",\"target\":[\"https:\\\/\\\/whitesoundibiza.com\\\/es\\\/producto\\\/ax48-pro-ultimate\\\/\"]}]},{\"@type\":\"ImageObject\",\"inLanguage\":\"es\",\"@id\":\"https:\\\/\\\/whitesoundibiza.com\\\/es\\\/producto\\\/ax48-pro-ultimate\\\/#primaryimage\",\"url\":\"https:\\\/\\\/whitesoundibiza.com\\\/wp-content\\\/uploads\\\/2025\\\/02\\\/keyboarddoubleultimate.jpg\",\"contentUrl\":\"https:\\\/\\\/whitesoundibiza.com\\\/wp-content\\\/uploads\\\/2025\\\/02\\\/keyboarddoubleultimate.jpg\",\"width\":600,\"height\":600,\"caption\":\"Ultimate Support AX-48 Pro soporte de teclado de columna de dos niveles con brazos de tres barras disponible para alquilar en Ibiza en White Sound Ibiza\"},{\"@type\":\"BreadcrumbList\",\"@id\":\"https:\\\/\\\/whitesoundibiza.com\\\/es\\\/producto\\\/ax48-pro-ultimate\\\/#breadcrumb\",\"itemListElement\":[{\"@type\":\"ListItem\",\"position\":1,\"name\":\"Portada\",\"item\":\"https:\\\/\\\/whitesoundibiza.com\\\/es\\\/\"},{\"@type\":\"ListItem\",\"position\":2,\"name\":\"Tienda\",\"item\":\"https:\\\/\\\/whitesoundibiza.com\\\/es\\\/tienda\\\/\"},{\"@type\":\"ListItem\",\"position\":3,\"name\":\"Ax48 Pro Ultimate\"}]},{\"@type\":\"WebSite\",\"@id\":\"https:\\\/\\\/whitesoundibiza.com\\\/es\\\/#website\",\"url\":\"https:\\\/\\\/whitesoundibiza.com\\\/es\\\/\",\"name\":\"White Sound Ibiza\",\"description\":\"Rent Speakers in Ibiza\",\"publisher\":{\"@id\":\"https:\\\/\\\/whitesoundibiza.com\\\/es\\\/#organization\"},\"potentialAction\":[{\"@type\":\"SearchAction\",\"target\":{\"@type\":\"EntryPoint\",\"urlTemplate\":\"https:\\\/\\\/whitesoundibiza.com\\\/es\\\/?s={search_term_string}\"},\"query-input\":{\"@type\":\"PropertyValueSpecification\",\"valueRequired\":true,\"valueName\":\"search_term_string\"}}],\"inLanguage\":\"es\"},{\"@type\":\"Organization\",\"@id\":\"https:\\\/\\\/whitesoundibiza.com\\\/es\\\/#organization\",\"name\":\"White Sound Ibiza\",\"url\":\"https:\\\/\\\/whitesoundibiza.com\\\/es\\\/\",\"logo\":{\"@type\":\"ImageObject\",\"inLanguage\":\"es\",\"@id\":\"https:\\\/\\\/whitesoundibiza.com\\\/es\\\/#\\\/schema\\\/logo\\\/image\\\/\",\"url\":\"https:\\\/\\\/whitesoundibiza.com\\\/wp-content\\\/uploads\\\/2025\\\/05\\\/ws_logo.jpg\",\"contentUrl\":\"https:\\\/\\\/whitesoundibiza.com\\\/wp-content\\\/uploads\\\/2025\\\/05\\\/ws_logo.jpg\",\"width\":800,\"height\":235,\"caption\":\"White Sound Ibiza\"},\"image\":{\"@id\":\"https:\\\/\\\/whitesoundibiza.com\\\/es\\\/#\\\/schema\\\/logo\\\/image\\\/\"}}]}<\/script>\n<!-- \/ Yoast SEO plugin. -->","yoast_head_json":{"title":"Alquiler AX48 Pro Ultimate Ibiza | White Sound Ibiza","description":"Alquila el soporte para teclado Ultimate Support AX48 Pro en Ibiza de White Sound Ibiza. Dise\u00f1o de columna de dos niveles, montaje r\u00e1pido, brazos triples ajustables y soporta hasta 250 lbs. \u00a1Reserva ahora!","robots":{"index":"index","follow":"follow","max-snippet":"max-snippet:-1","max-image-preview":"max-image-preview:large","max-video-preview":"max-video-preview:-1"},"canonical":"https:\/\/whitesoundibiza.com\/es\/producto\/ax48-pro-ultimate\/","og_locale":"es_ES","og_type":"article","og_title":"Alquiler AX48 Pro Ultimate Ibiza | White Sound Ibiza","og_description":"Alquila el soporte para teclado Ultimate Support AX48 Pro en Ibiza de White Sound Ibiza. Dise\u00f1o de columna de dos niveles, montaje r\u00e1pido, brazos triples ajustables y soporta hasta 250 lbs. \u00a1Reserva ahora!","og_url":"https:\/\/whitesoundibiza.com\/es\/producto\/ax48-pro-ultimate\/","og_site_name":"White Sound Ibiza - Delivering Fun","article_modified_time":"2025-08-09T15:43:10+00:00","og_image":[{"width":600,"height":600,"url":"https:\/\/whitesoundibiza.com\/wp-content\/uploads\/2025\/02\/keyboarddoubleultimate.jpg","type":"image\/jpeg"}],"twitter_card":"summary_large_image","twitter_misc":{"Tiempo de lectura":"2 minutos"},"schema":{"@context":"https:\/\/schema.org","@graph":[{"@type":"WebPage","@id":"https:\/\/whitesoundibiza.com\/es\/producto\/ax48-pro-ultimate\/","url":"https:\/\/whitesoundibiza.com\/es\/producto\/ax48-pro-ultimate\/","name":"Alquiler AX48 Pro Ultimate Ibiza | White Sound Ibiza","isPartOf":{"@id":"https:\/\/whitesoundibiza.com\/es\/#website"},"primaryImageOfPage":{"@id":"https:\/\/whitesoundibiza.com\/es\/producto\/ax48-pro-ultimate\/#primaryimage"},"image":{"@id":"https:\/\/whitesoundibiza.com\/es\/producto\/ax48-pro-ultimate\/#primaryimage"},"thumbnailUrl":"https:\/\/whitesoundibiza.com\/wp-content\/uploads\/2025\/02\/keyboarddoubleultimate.jpg","datePublished":"2025-02-08T00:55:21+00:00","dateModified":"2025-08-09T15:43:10+00:00","description":"Alquila el soporte para teclado Ultimate Support AX48 Pro en Ibiza de White Sound Ibiza. Dise\u00f1o de columna de dos niveles, montaje r\u00e1pido, brazos triples ajustables y soporta hasta 250 lbs. \u00a1Reserva ahora!","breadcrumb":{"@id":"https:\/\/whitesoundibiza.com\/es\/producto\/ax48-pro-ultimate\/#breadcrumb"},"inLanguage":"es","potentialAction":[{"@type":"ReadAction","target":["https:\/\/whitesoundibiza.com\/es\/producto\/ax48-pro-ultimate\/"]}]},{"@type":"ImageObject","inLanguage":"es","@id":"https:\/\/whitesoundibiza.com\/es\/producto\/ax48-pro-ultimate\/#primaryimage","url":"https:\/\/whitesoundibiza.com\/wp-content\/uploads\/2025\/02\/keyboarddoubleultimate.jpg","contentUrl":"https:\/\/whitesoundibiza.com\/wp-content\/uploads\/2025\/02\/keyboarddoubleultimate.jpg","width":600,"height":600,"caption":"Ultimate Support AX-48 Pro soporte de teclado de columna de dos niveles con brazos de tres barras disponible para alquilar en Ibiza en White Sound Ibiza"},{"@type":"BreadcrumbList","@id":"https:\/\/whitesoundibiza.com\/es\/producto\/ax48-pro-ultimate\/#breadcrumb","itemListElement":[{"@type":"ListItem","position":1,"name":"Portada","item":"https:\/\/whitesoundibiza.com\/es\/"},{"@type":"ListItem","position":2,"name":"Tienda","item":"https:\/\/whitesoundibiza.com\/es\/tienda\/"},{"@type":"ListItem","position":3,"name":"Ax48 Pro Ultimate"}]},{"@type":"WebSite","@id":"https:\/\/whitesoundibiza.com\/es\/#website","url":"https:\/\/whitesoundibiza.com\/es\/","name":"White Sound Ibiza","description":"Rent Speakers in Ibiza","publisher":{"@id":"https:\/\/whitesoundibiza.com\/es\/#organization"},"potentialAction":[{"@type":"SearchAction","target":{"@type":"EntryPoint","urlTemplate":"https:\/\/whitesoundibiza.com\/es\/?s={search_term_string}"},"query-input":{"@type":"PropertyValueSpecification","valueRequired":true,"valueName":"search_term_string"}}],"inLanguage":"es"},{"@type":"Organization","@id":"https:\/\/whitesoundibiza.com\/es\/#organization","name":"White Sound Ibiza","url":"https:\/\/whitesoundibiza.com\/es\/","logo":{"@type":"ImageObject","inLanguage":"es","@id":"https:\/\/whitesoundibiza.com\/es\/#\/schema\/logo\/image\/","url":"https:\/\/whitesoundibiza.com\/wp-content\/uploads\/2025\/05\/ws_logo.jpg","contentUrl":"https:\/\/whitesoundibiza.com\/wp-content\/uploads\/2025\/05\/ws_logo.jpg","width":800,"height":235,"caption":"White Sound Ibiza"},"image":{"@id":"https:\/\/whitesoundibiza.com\/es\/#\/schema\/logo\/image\/"}}]}},"_links":{"self":[{"href":"https:\/\/whitesoundibiza.com\/es\/wp-json\/wp\/v2\/product\/49182","targetHints":{"allow":["GET"]}}],"collection":[{"href":"https:\/\/whitesoundibiza.com\/es\/wp-json\/wp\/v2\/product"}],"about":[{"href":"https:\/\/whitesoundibiza.com\/es\/wp-json\/wp\/v2\/types\/product"}],"wp:featuredmedia":[{"embeddable":true,"href":"https:\/\/whitesoundibiza.com\/es\/wp-json\/wp\/v2\/media\/48084"}],"wp:attachment":[{"href":"https:\/\/whitesoundibiza.com\/es\/wp-json\/wp\/v2\/media?parent=49182"}],"wp:term":[{"taxonomy":"product_brand","embeddable":true,"href":"https:\/\/whitesoundibiza.com\/es\/wp-json\/wp\/v2\/product_brand?post=49182"},{"taxonomy":"product_cat","embeddable":true,"href":"https:\/\/whitesoundibiza.com\/es\/wp-json\/wp\/v2\/product_cat?post=49182"},{"taxonomy":"product_tag","embeddable":true,"href":"https:\/\/whitesoundibiza.com\/es\/wp-json\/wp\/v2\/product_tag?post=49182"}],"curies":[{"name":"wp","href":"https:\/\/api.w.org\/{rel}","templated":true}]}}