{"id":49178,"date":"2025-02-08T00:55:20","date_gmt":"2025-02-08T00:55:20","guid":{"rendered":"https:\/\/whitesoundibiza.com\/producto\/soporte-para-platillos-pearl\/"},"modified":"2025-08-09T15:43:02","modified_gmt":"2025-08-09T15:43:02","slug":"soporte-para-platillos-pearl","status":"publish","type":"product","link":"https:\/\/whitesoundibiza.com\/es\/producto\/soporte-para-platillos-pearl\/","title":{"rendered":"Soporte para platillos Pearl"},"content":{"rendered":"<p class=\"\" data-start=\"643\" data-end=\"859\">Al <strong data-start=\"667\" data-end=\"700\">alquilar<\/strong> un <strong data-start=\"667\" data-end=\"700\">soporte<\/strong> para <strong data-start=\"667\" data-end=\"700\">platos perla ibiza<\/strong>, te aseguras un hardware fiable para cualquier actuaci\u00f3n. Adem\u00e1s, alquila el soporte de platillos perla ibiza en White Sound Ibiza para asegurarte un soporte de platillos estable durante todo tu set. <\/p>\n<p class=\"\" data-start=\"861\" data-end=\"1192\"><strong data-start=\"861\" data-end=\"879\">Dise\u00f1o y construcci\u00f3n<\/strong><br data-start=\"879\" data-end=\"882\">Este soporte tiene un s\u00f3lido eje de acero cromado. Adem\u00e1s, resiste la corrosi\u00f3n y el desgaste de la carretera. El bloqueo de memoria moldeado conserva exactamente tus ajustes de altura. En consecuencia, evitas tener que reajustarlo entre ensayos y actuaciones. Adem\u00e1s, el cabezal basculante utiliza cojinetes sellados para que los cambios de \u00e1ngulo sean suaves.    <\/p>\n<p class=\"\" data-start=\"1194\" data-end=\"1476\"><strong data-start=\"1194\" data-end=\"1218\">Altura ajustable<\/strong><br data-start=\"1218\" data-end=\"1221\">El tr\u00edpode con base de tijera Pearl permite alturas desde 50 cm hasta 120 cm. Por tanto, coloca los platillos en \u00e1ngulos de toque ergon\u00f3micos. Adem\u00e1s, la tuerca de mariposa de liberaci\u00f3n r\u00e1pida se aprieta al instante. Como resultado, pasar\u00e1s menos tiempo mont\u00e1ndolo y m\u00e1s tiempo tocando.   <\/p>\n<p class=\"\" data-start=\"1478\" data-end=\"1722\"><strong data-start=\"1478\" data-end=\"1498\">Estabilidad y agarre<\/strong><br data-start=\"1498\" data-end=\"1501\">Tres patas de doble refuerzo forman una base estable como una roca. Cada pata termina en un pie de goma antideslizante. As\u00ed, el soporte se mantiene en su sitio en escenarios resbaladizos. Adem\u00e1s, las patas anchas evitan el vuelco incluso con golpes fuertes.   <\/p>\n<p class=\"\" data-start=\"1724\" data-end=\"2022\"><strong data-start=\"1724\" data-end=\"1747\">Montaje y portabilidad<\/strong><br data-start=\"1747\" data-end=\"1750\">A pesar de su robusta construcci\u00f3n, el soporte se pliega en segundos. Las patas plegables y el embrague extra\u00edble caben de forma compacta en tu bolsa de bater\u00eda. Por tanto, puedes transportar varios soportes con facilidad. Adem\u00e1s, su dise\u00f1o ligero permite que una sola persona pueda cargarlo sin esfuerzo.   <\/p>\n<p class=\"\" data-start=\"2024\" data-end=\"2319\"><strong data-start=\"2024\" data-end=\"2048\">Caracter\u00edsticas de rendimiento<\/strong><br data-start=\"2048\" data-end=\"2051\">El cabezal basculante multiopci\u00f3n acepta fundas y fieltros de platillos est\u00e1ndar. Puedes utilizar platillos splash, crash o ride sin piezas adicionales. Adem\u00e1s, el portaetiquetas para platillos integrado mantiene seguras las piezas peque\u00f1as. As\u00ed, nunca perder\u00e1s fundas o tuercas de mariposa durante un concierto.   <\/p>\n<p class=\"\" data-start=\"2321\" data-end=\"2617\"><strong data-start=\"2321\" data-end=\"2337\">Aplicaciones<\/strong><br data-start=\"2337\" data-end=\"2340\">Ya sea para rock, jazz, m\u00fasica latina o electr\u00f3nica, este soporte se adapta constantemente. Admite por igual platillos ride pesados y delicados splash. Adem\u00e1s, los percusionistas lo utilizan para platillos auxiliares y efectos. As\u00ed, consigues resultados profesionales en cualquier g\u00e9nero musical.   <\/p>\n<p class=\"\" data-start=\"2619\" data-end=\"2938\"><strong data-start=\"2619\" data-end=\"2639\">Alquiler y asistencia t\u00e9cnica<\/strong><br data-start=\"2639\" data-end=\"2642\">Para conocer todas las especificaciones, visita <a class=\"cursor-pointer\" target=\"_new\" rel=\"noopener\" data-start=\"2677\" data-end=\"2768\">la p\u00e1gina de producto del soporte para platillos Pearl<\/a>. White Sound Ibiza ofrece entrega, orientaci\u00f3n para la instalaci\u00f3n in situ y asistencia t\u00e9cnica. De este modo, disfrutar\u00e1s de una experiencia de alquiler sin interrupciones, desde la carga hasta la huelga.  <\/p>\n<p class=\"\" data-start=\"2940\" data-end=\"3072\">Reserva hoy mismo el <strong data-start=\"2949\" data-end=\"2980\">soporte para platos Pearl en Ibiza<\/strong> en White Sound Ibiza y eleva tu configuraci\u00f3n de bater\u00eda con un hardware fiable y de calidad profesional.<\/p>\n<style id=\"wpforms-css-vars-1077\">\n\t\t\t\t#wpforms-1077 {\n\t\t\t\t\n\t\t\t}\n\t\t\t<\/style><div class=\"wpforms-container wpforms-container-full wpforms-render-modern\" id=\"wpforms-1077\"><form id=\"wpforms-form-1077\" class=\"wpforms-validate wpforms-form wpforms-ajax-form\" data-formid=\"1077\" method=\"post\" enctype=\"multipart\/form-data\" action=\"\/es\/wp-json\/wp\/v2\/product\/49178\" data-token=\"ac2b397300a0c50f1e8f9111326fcaa6\" data-token-time=\"1775488196\"><noscript class=\"wpforms-error-noscript\">Por favor, activa JavaScript en tu navegador para completar este formulario.<\/noscript><div id=\"wpforms-error-noscript\" style=\"display: none;\">Por favor, activa JavaScript en tu navegador para completar este formulario.<\/div><div class=\"wpforms-field-container\"><div id=\"wpforms-1077-field_0-container\" class=\"wpforms-field wpforms-field-name\" data-field-id=\"0\"><fieldset><legend class=\"wpforms-field-label\">Nombre <span class=\"wpforms-required-label\" aria-hidden=\"true\">*<\/span><\/legend><div class=\"wpforms-field-row wpforms-field-medium\"><div class=\"wpforms-field-row-block wpforms-first wpforms-one-half\"><input type=\"text\" id=\"wpforms-1077-field_0\" class=\"wpforms-field-name-first wpforms-field-required\" name=\"wpforms[fields][0][first]\" placeholder=\"Nombre\" aria-errormessage=\"wpforms-1077-field_0-error\" required><label for=\"wpforms-1077-field_0\" class=\"wpforms-field-sublabel after wpforms-sublabel-hide\">Nombre<\/label><\/div><div class=\"wpforms-field-row-block wpforms-one-half\"><input type=\"text\" id=\"wpforms-1077-field_0-last\" class=\"wpforms-field-name-last wpforms-field-required\" name=\"wpforms[fields][0][last]\" placeholder=\"Apellidos\" aria-errormessage=\"wpforms-1077-field_0-last-error\" required><label for=\"wpforms-1077-field_0-last\" class=\"wpforms-field-sublabel after wpforms-sublabel-hide\">Apellidos<\/label><\/div><\/div><\/fieldset><\/div><div id=\"wpforms-1077-field_7-container\" class=\"wpforms-field wpforms-field-layout\" data-field-id=\"7\"><div class=\"wpforms-field-layout-columns wpforms-field-layout-preset-50-50\"><div class=\"wpforms-layout-column wpforms-layout-column-50\" >\t\t<div id=\"wpforms-1077-field_3-container\"\n\t\t\tclass=\"wpforms-field wpforms-field-text\"\n\t\t\tdata-field-type=\"text\"\n\t\t\tdata-field-id=\"3\"\n\t\t\t>\n\t\t\t<label class=\"wpforms-field-label\" for=\"wpforms-1077-field_3\" >correo Dise\u00f1o Nombre<\/label>\n\t\t\t<input type=\"text\" id=\"wpforms-1077-field_3\" class=\"wpforms-field-medium\" name=\"wpforms[fields][3]\" >\n\t\t<\/div>\n\t\t<div id=\"wpforms-1077-field_1-container\" class=\"wpforms-field wpforms-field-email\" data-field-id=\"1\"><label class=\"wpforms-field-label\" for=\"wpforms-1077-field_1\">Env\u00eda un correo electr\u00f3nico a <span class=\"wpforms-required-label\" aria-hidden=\"true\">*<\/span><\/label><input type=\"email\" id=\"wpforms-1077-field_1\" class=\"wpforms-field-medium wpforms-field-required\" name=\"wpforms[fields][1]\" spellcheck=\"false\" aria-errormessage=\"wpforms-1077-field_1-error\" required><\/div><\/div><div class=\"wpforms-layout-column wpforms-layout-column-50\" ><div id=\"wpforms-1077-field_8-container\" class=\"wpforms-field wpforms-field-phone\" data-field-id=\"8\"><label class=\"wpforms-field-label\" for=\"wpforms-1077-field_8\">N\u00famero de tel\u00e9fono <span class=\"wpforms-required-label\" aria-hidden=\"true\">*<\/span><\/label><input type=\"tel\" id=\"wpforms-1077-field_8\" class=\"wpforms-field-medium wpforms-field-required wpforms-smart-phone-field\" data-rule-smart-phone-field=\"true\" name=\"wpforms[fields][8]\" aria-label=\"N\u00famero de tel\u00e9fono\" aria-errormessage=\"wpforms-1077-field_8-error\" required><\/div><\/div><\/div><\/div><div id=\"wpforms-1077-field_10-container\" class=\"wpforms-field wpforms-field-layout\" data-field-id=\"10\"><div class=\"wpforms-field-layout-columns wpforms-field-layout-preset-50-50\"><div class=\"wpforms-layout-column wpforms-layout-column-50\" ><div id=\"wpforms-1077-field_4-container\" class=\"wpforms-field wpforms-field-date-time\" data-field-id=\"4\"><label class=\"wpforms-field-label\" for=\"wpforms-1077-field_4\">Desde<\/label><div class=\"wpforms-datepicker-wrap\"><input type=\"text\" id=\"wpforms-1077-field_4\" class=\"wpforms-field-date-time-date wpforms-datepicker wpforms-field-small\" data-date-format=\"m\/d\/Y\" data-disable-past-dates=\"0\" data-input=\"true\" name=\"wpforms[fields][4][date]\" aria-errormessage=\"wpforms-1077-field_4-error\" ><a title=\"Borrar fecha\" data-clear role=\"button\" tabindex=\"0\" class=\"wpforms-datepicker-clear\" aria-label=\"Borrar fecha\" style=\"display:none;\"><\/a><\/div><\/div><\/div><div class=\"wpforms-layout-column wpforms-layout-column-50\" ><div id=\"wpforms-1077-field_9-container\" class=\"wpforms-field wpforms-field-date-time\" data-field-id=\"9\"><label class=\"wpforms-field-label\" for=\"wpforms-1077-field_9\">Hasta<\/label><div class=\"wpforms-datepicker-wrap\"><input type=\"text\" id=\"wpforms-1077-field_9\" class=\"wpforms-field-date-time-date wpforms-datepicker wpforms-field-small\" data-date-format=\"m\/d\/Y\" data-disable-past-dates=\"0\" data-input=\"true\" name=\"wpforms[fields][9][date]\" aria-errormessage=\"wpforms-1077-field_9-error\" ><a title=\"Borrar fecha\" data-clear role=\"button\" tabindex=\"0\" class=\"wpforms-datepicker-clear\" aria-label=\"Borrar fecha\" style=\"display:none;\"><\/a><\/div><\/div><\/div><\/div><\/div><div id=\"wpforms-1077-field_2-container\" class=\"wpforms-field wpforms-field-textarea\" data-field-id=\"2\"><label class=\"wpforms-field-label\" for=\"wpforms-1077-field_2\">Mensaje<\/label><textarea id=\"wpforms-1077-field_2\" class=\"wpforms-field-medium\" name=\"wpforms[fields][2]\" placeholder=\"\u00bfC\u00f3mo podemos ayudarte?\" aria-errormessage=\"wpforms-1077-field_2-error\" ><\/textarea><\/div><script>\n\t\t\t\t( function() {\n\t\t\t\t\tconst style = document.createElement( 'style' );\n\t\t\t\t\tstyle.appendChild( document.createTextNode( '#wpforms-1077-field_3-container { position: absolute !important; overflow: hidden !important; display: inline !important; height: 1px !important; width: 1px !important; z-index: -1000 !important; padding: 0 !important; } #wpforms-1077-field_3-container input { visibility: hidden; } #wpforms-conversational-form-page #wpforms-1077-field_3-container label { counter-increment: none; }' ) );\n\t\t\t\t\tdocument.head.appendChild( style );\n\t\t\t\t\tdocument.currentScript?.remove();\n\t\t\t\t} )();\n\t\t\t<\/script><\/div><!-- .wpforms-field-container --><div class=\"wpforms-recaptcha-container wpforms-is-recaptcha wpforms-is-recaptcha-type-v2\" ><div class=\"g-recaptcha\" data-sitekey=\"6LeS7gEkAAAAAO-EsXRwxTakHs6Q_9Z0rQYHkIS5\"><\/div><input type=\"text\" name=\"g-recaptcha-hidden\" class=\"wpforms-recaptcha-hidden\" style=\"position:absolute!important;clip:rect(0,0,0,0)!important;height:1px!important;width:1px!important;border:0!important;overflow:hidden!important;padding:0!important;margin:0!important;\" data-rule-recaptcha=\"1\"><\/div><div class=\"wpforms-submit-container\" ><input type=\"hidden\" name=\"wpforms[id]\" value=\"1077\"><input type=\"hidden\" name=\"page_title\" value=\"\"><input type=\"hidden\" name=\"page_url\" value=\"https:\/\/whitesoundibiza.com\/es\/wp-json\/wp\/v2\/product\/49178\"><input type=\"hidden\" name=\"url_referer\" value=\"\"><button type=\"submit\" name=\"wpforms[submit]\" id=\"wpforms-submit-1077\" class=\"wpforms-submit\" data-alt-text=\"Enviando...\" data-submit-text=\"Env\u00eda\" aria-live=\"assertive\" value=\"wpforms-submit\">Env\u00eda<\/button><img decoding=\"async\" src=\"https:\/\/whitesoundibiza.com\/wp-content\/plugins\/wpforms\/assets\/images\/submit-spin.svg\" class=\"wpforms-submit-spinner\" style=\"display: none;\" width=\"26\" height=\"26\" alt=\"Cargando\"><\/div><\/form><\/div>  <!-- .wpforms-container -->\n","protected":false},"excerpt":{"rendered":"<p class=\"\" data-start=\"305\" data-end=\"482\">Un soporte para platillos con tr\u00edpode de gran resistencia, altura ajustable, inclinaci\u00f3n precisa, bloqueo de memoria y pies de goma antideslizantes, ideal para bateristas profesionales.<\/p>\n<p class=\"\" data-start=\"484\" data-end=\"620\">\n","protected":false},"featured_media":48137,"template":"","meta":{"_joinchat":[]},"product_brand":[],"product_cat":[175],"product_tag":[],"class_list":{"0":"post-49178","1":"product","2":"type-product","3":"status-publish","4":"has-post-thumbnail","6":"product_cat-accesorios-es-3","8":"first","9":"instock","10":"taxable","11":"shipping-taxable","12":"purchasable","13":"product-type-rentable"},"yoast_head":"<!-- This site is optimized with the Yoast SEO plugin v27.3 - https:\/\/yoast.com\/product\/yoast-seo-wordpress\/ -->\n<title>Alquiler Soporte Platillo Perla Ibiza | White Sound Ibiza<\/title>\n<meta name=\"description\" content=\"Alquila un soporte para platillos Pearl en Ibiza con White Sound Ibiza. Base de tr\u00edpode robusta, altura ajustable y basculante seguro, perfecto para bater\u00eda y percusi\u00f3n.\" \/>\n<meta name=\"robots\" content=\"index, follow, max-snippet:-1, max-image-preview:large, max-video-preview:-1\" \/>\n<link rel=\"canonical\" href=\"https:\/\/whitesoundibiza.com\/es\/producto\/soporte-para-platillos-pearl\/\" \/>\n<meta property=\"og:locale\" content=\"es_ES\" \/>\n<meta property=\"og:type\" content=\"article\" \/>\n<meta property=\"og:title\" content=\"Alquiler Soporte Platillo Perla Ibiza | White Sound Ibiza\" \/>\n<meta property=\"og:description\" content=\"Alquila un soporte para platillos Pearl en Ibiza con White Sound Ibiza. Base de tr\u00edpode robusta, altura ajustable y basculante seguro, perfecto para bater\u00eda y percusi\u00f3n.\" \/>\n<meta property=\"og:url\" content=\"https:\/\/whitesoundibiza.com\/es\/producto\/soporte-para-platillos-pearl\/\" \/>\n<meta property=\"og:site_name\" content=\"White Sound Ibiza - Delivering Fun\" \/>\n<meta property=\"article:modified_time\" content=\"2025-08-09T15:43:02+00:00\" \/>\n<meta property=\"og:image\" content=\"https:\/\/whitesoundibiza.com\/wp-content\/uploads\/2025\/02\/perl_cymbalstand.jpg\" \/>\n\t<meta property=\"og:image:width\" content=\"1000\" \/>\n\t<meta property=\"og:image:height\" content=\"1000\" \/>\n\t<meta property=\"og:image:type\" content=\"image\/jpeg\" \/>\n<meta name=\"twitter:card\" content=\"summary_large_image\" \/>\n<meta name=\"twitter:label1\" content=\"Tiempo de lectura\" \/>\n\t<meta name=\"twitter:data1\" content=\"2 minutos\" \/>\n<script type=\"application\/ld+json\" class=\"yoast-schema-graph\">{\"@context\":\"https:\\\/\\\/schema.org\",\"@graph\":[{\"@type\":\"WebPage\",\"@id\":\"https:\\\/\\\/whitesoundibiza.com\\\/es\\\/producto\\\/soporte-para-platillos-pearl\\\/\",\"url\":\"https:\\\/\\\/whitesoundibiza.com\\\/es\\\/producto\\\/soporte-para-platillos-pearl\\\/\",\"name\":\"Alquiler Soporte Platillo Perla Ibiza | White Sound Ibiza\",\"isPartOf\":{\"@id\":\"https:\\\/\\\/whitesoundibiza.com\\\/es\\\/#website\"},\"primaryImageOfPage\":{\"@id\":\"https:\\\/\\\/whitesoundibiza.com\\\/es\\\/producto\\\/soporte-para-platillos-pearl\\\/#primaryimage\"},\"image\":{\"@id\":\"https:\\\/\\\/whitesoundibiza.com\\\/es\\\/producto\\\/soporte-para-platillos-pearl\\\/#primaryimage\"},\"thumbnailUrl\":\"https:\\\/\\\/whitesoundibiza.com\\\/wp-content\\\/uploads\\\/2025\\\/02\\\/perl_cymbalstand.jpg\",\"datePublished\":\"2025-02-08T00:55:20+00:00\",\"dateModified\":\"2025-08-09T15:43:02+00:00\",\"description\":\"Alquila un soporte para platillos Pearl en Ibiza con White Sound Ibiza. Base de tr\u00edpode robusta, altura ajustable y basculante seguro, perfecto para bater\u00eda y percusi\u00f3n.\",\"breadcrumb\":{\"@id\":\"https:\\\/\\\/whitesoundibiza.com\\\/es\\\/producto\\\/soporte-para-platillos-pearl\\\/#breadcrumb\"},\"inLanguage\":\"es\",\"potentialAction\":[{\"@type\":\"ReadAction\",\"target\":[\"https:\\\/\\\/whitesoundibiza.com\\\/es\\\/producto\\\/soporte-para-platillos-pearl\\\/\"]}]},{\"@type\":\"ImageObject\",\"inLanguage\":\"es\",\"@id\":\"https:\\\/\\\/whitesoundibiza.com\\\/es\\\/producto\\\/soporte-para-platillos-pearl\\\/#primaryimage\",\"url\":\"https:\\\/\\\/whitesoundibiza.com\\\/wp-content\\\/uploads\\\/2025\\\/02\\\/perl_cymbalstand.jpg\",\"contentUrl\":\"https:\\\/\\\/whitesoundibiza.com\\\/wp-content\\\/uploads\\\/2025\\\/02\\\/perl_cymbalstand.jpg\",\"width\":1000,\"height\":1000,\"caption\":\"Soporte de platillos Pearl con base de tr\u00edpode y basculante ajustable disponible para alquilar en Ibiza en White Sound Ibiza\"},{\"@type\":\"BreadcrumbList\",\"@id\":\"https:\\\/\\\/whitesoundibiza.com\\\/es\\\/producto\\\/soporte-para-platillos-pearl\\\/#breadcrumb\",\"itemListElement\":[{\"@type\":\"ListItem\",\"position\":1,\"name\":\"Portada\",\"item\":\"https:\\\/\\\/whitesoundibiza.com\\\/es\\\/\"},{\"@type\":\"ListItem\",\"position\":2,\"name\":\"Tienda\",\"item\":\"https:\\\/\\\/whitesoundibiza.com\\\/es\\\/tienda\\\/\"},{\"@type\":\"ListItem\",\"position\":3,\"name\":\"Soporte para platillos Pearl\"}]},{\"@type\":\"WebSite\",\"@id\":\"https:\\\/\\\/whitesoundibiza.com\\\/es\\\/#website\",\"url\":\"https:\\\/\\\/whitesoundibiza.com\\\/es\\\/\",\"name\":\"White Sound Ibiza\",\"description\":\"Rent Speakers in Ibiza\",\"publisher\":{\"@id\":\"https:\\\/\\\/whitesoundibiza.com\\\/es\\\/#organization\"},\"potentialAction\":[{\"@type\":\"SearchAction\",\"target\":{\"@type\":\"EntryPoint\",\"urlTemplate\":\"https:\\\/\\\/whitesoundibiza.com\\\/es\\\/?s={search_term_string}\"},\"query-input\":{\"@type\":\"PropertyValueSpecification\",\"valueRequired\":true,\"valueName\":\"search_term_string\"}}],\"inLanguage\":\"es\"},{\"@type\":\"Organization\",\"@id\":\"https:\\\/\\\/whitesoundibiza.com\\\/es\\\/#organization\",\"name\":\"White Sound Ibiza\",\"url\":\"https:\\\/\\\/whitesoundibiza.com\\\/es\\\/\",\"logo\":{\"@type\":\"ImageObject\",\"inLanguage\":\"es\",\"@id\":\"https:\\\/\\\/whitesoundibiza.com\\\/es\\\/#\\\/schema\\\/logo\\\/image\\\/\",\"url\":\"https:\\\/\\\/whitesoundibiza.com\\\/wp-content\\\/uploads\\\/2025\\\/05\\\/ws_logo.jpg\",\"contentUrl\":\"https:\\\/\\\/whitesoundibiza.com\\\/wp-content\\\/uploads\\\/2025\\\/05\\\/ws_logo.jpg\",\"width\":800,\"height\":235,\"caption\":\"White Sound Ibiza\"},\"image\":{\"@id\":\"https:\\\/\\\/whitesoundibiza.com\\\/es\\\/#\\\/schema\\\/logo\\\/image\\\/\"}}]}<\/script>\n<!-- \/ Yoast SEO plugin. -->","yoast_head_json":{"title":"Alquiler Soporte Platillo Perla Ibiza | White Sound Ibiza","description":"Alquila un soporte para platillos Pearl en Ibiza con White Sound Ibiza. Base de tr\u00edpode robusta, altura ajustable y basculante seguro, perfecto para bater\u00eda y percusi\u00f3n.","robots":{"index":"index","follow":"follow","max-snippet":"max-snippet:-1","max-image-preview":"max-image-preview:large","max-video-preview":"max-video-preview:-1"},"canonical":"https:\/\/whitesoundibiza.com\/es\/producto\/soporte-para-platillos-pearl\/","og_locale":"es_ES","og_type":"article","og_title":"Alquiler Soporte Platillo Perla Ibiza | White Sound Ibiza","og_description":"Alquila un soporte para platillos Pearl en Ibiza con White Sound Ibiza. Base de tr\u00edpode robusta, altura ajustable y basculante seguro, perfecto para bater\u00eda y percusi\u00f3n.","og_url":"https:\/\/whitesoundibiza.com\/es\/producto\/soporte-para-platillos-pearl\/","og_site_name":"White Sound Ibiza - Delivering Fun","article_modified_time":"2025-08-09T15:43:02+00:00","og_image":[{"width":1000,"height":1000,"url":"https:\/\/whitesoundibiza.com\/wp-content\/uploads\/2025\/02\/perl_cymbalstand.jpg","type":"image\/jpeg"}],"twitter_card":"summary_large_image","twitter_misc":{"Tiempo de lectura":"2 minutos"},"schema":{"@context":"https:\/\/schema.org","@graph":[{"@type":"WebPage","@id":"https:\/\/whitesoundibiza.com\/es\/producto\/soporte-para-platillos-pearl\/","url":"https:\/\/whitesoundibiza.com\/es\/producto\/soporte-para-platillos-pearl\/","name":"Alquiler Soporte Platillo Perla Ibiza | White Sound Ibiza","isPartOf":{"@id":"https:\/\/whitesoundibiza.com\/es\/#website"},"primaryImageOfPage":{"@id":"https:\/\/whitesoundibiza.com\/es\/producto\/soporte-para-platillos-pearl\/#primaryimage"},"image":{"@id":"https:\/\/whitesoundibiza.com\/es\/producto\/soporte-para-platillos-pearl\/#primaryimage"},"thumbnailUrl":"https:\/\/whitesoundibiza.com\/wp-content\/uploads\/2025\/02\/perl_cymbalstand.jpg","datePublished":"2025-02-08T00:55:20+00:00","dateModified":"2025-08-09T15:43:02+00:00","description":"Alquila un soporte para platillos Pearl en Ibiza con White Sound Ibiza. Base de tr\u00edpode robusta, altura ajustable y basculante seguro, perfecto para bater\u00eda y percusi\u00f3n.","breadcrumb":{"@id":"https:\/\/whitesoundibiza.com\/es\/producto\/soporte-para-platillos-pearl\/#breadcrumb"},"inLanguage":"es","potentialAction":[{"@type":"ReadAction","target":["https:\/\/whitesoundibiza.com\/es\/producto\/soporte-para-platillos-pearl\/"]}]},{"@type":"ImageObject","inLanguage":"es","@id":"https:\/\/whitesoundibiza.com\/es\/producto\/soporte-para-platillos-pearl\/#primaryimage","url":"https:\/\/whitesoundibiza.com\/wp-content\/uploads\/2025\/02\/perl_cymbalstand.jpg","contentUrl":"https:\/\/whitesoundibiza.com\/wp-content\/uploads\/2025\/02\/perl_cymbalstand.jpg","width":1000,"height":1000,"caption":"Soporte de platillos Pearl con base de tr\u00edpode y basculante ajustable disponible para alquilar en Ibiza en White Sound Ibiza"},{"@type":"BreadcrumbList","@id":"https:\/\/whitesoundibiza.com\/es\/producto\/soporte-para-platillos-pearl\/#breadcrumb","itemListElement":[{"@type":"ListItem","position":1,"name":"Portada","item":"https:\/\/whitesoundibiza.com\/es\/"},{"@type":"ListItem","position":2,"name":"Tienda","item":"https:\/\/whitesoundibiza.com\/es\/tienda\/"},{"@type":"ListItem","position":3,"name":"Soporte para platillos Pearl"}]},{"@type":"WebSite","@id":"https:\/\/whitesoundibiza.com\/es\/#website","url":"https:\/\/whitesoundibiza.com\/es\/","name":"White Sound Ibiza","description":"Rent Speakers in Ibiza","publisher":{"@id":"https:\/\/whitesoundibiza.com\/es\/#organization"},"potentialAction":[{"@type":"SearchAction","target":{"@type":"EntryPoint","urlTemplate":"https:\/\/whitesoundibiza.com\/es\/?s={search_term_string}"},"query-input":{"@type":"PropertyValueSpecification","valueRequired":true,"valueName":"search_term_string"}}],"inLanguage":"es"},{"@type":"Organization","@id":"https:\/\/whitesoundibiza.com\/es\/#organization","name":"White Sound Ibiza","url":"https:\/\/whitesoundibiza.com\/es\/","logo":{"@type":"ImageObject","inLanguage":"es","@id":"https:\/\/whitesoundibiza.com\/es\/#\/schema\/logo\/image\/","url":"https:\/\/whitesoundibiza.com\/wp-content\/uploads\/2025\/05\/ws_logo.jpg","contentUrl":"https:\/\/whitesoundibiza.com\/wp-content\/uploads\/2025\/05\/ws_logo.jpg","width":800,"height":235,"caption":"White Sound Ibiza"},"image":{"@id":"https:\/\/whitesoundibiza.com\/es\/#\/schema\/logo\/image\/"}}]}},"_links":{"self":[{"href":"https:\/\/whitesoundibiza.com\/es\/wp-json\/wp\/v2\/product\/49178","targetHints":{"allow":["GET"]}}],"collection":[{"href":"https:\/\/whitesoundibiza.com\/es\/wp-json\/wp\/v2\/product"}],"about":[{"href":"https:\/\/whitesoundibiza.com\/es\/wp-json\/wp\/v2\/types\/product"}],"wp:featuredmedia":[{"embeddable":true,"href":"https:\/\/whitesoundibiza.com\/es\/wp-json\/wp\/v2\/media\/48137"}],"wp:attachment":[{"href":"https:\/\/whitesoundibiza.com\/es\/wp-json\/wp\/v2\/media?parent=49178"}],"wp:term":[{"taxonomy":"product_brand","embeddable":true,"href":"https:\/\/whitesoundibiza.com\/es\/wp-json\/wp\/v2\/product_brand?post=49178"},{"taxonomy":"product_cat","embeddable":true,"href":"https:\/\/whitesoundibiza.com\/es\/wp-json\/wp\/v2\/product_cat?post=49178"},{"taxonomy":"product_tag","embeddable":true,"href":"https:\/\/whitesoundibiza.com\/es\/wp-json\/wp\/v2\/product_tag?post=49178"}],"curies":[{"name":"wp","href":"https:\/\/api.w.org\/{rel}","templated":true}]}}