{"id":49176,"date":"2025-02-08T00:55:14","date_gmt":"2025-02-08T00:55:14","guid":{"rendered":"https:\/\/whitesoundibiza.com\/producto\/fender-65-twin-reverb\/"},"modified":"2025-08-09T15:42:57","modified_gmt":"2025-08-09T15:42:57","slug":"fender-65-twin-reverb","status":"publish","type":"product","link":"https:\/\/whitesoundibiza.com\/es\/producto\/fender-65-twin-reverb\/","title":{"rendered":"Fender 65 Twin Reverb"},"content":{"rendered":"<p class=\"\" data-start=\"619\" data-end=\"929\">Cuando <strong data-start=\"643\" data-end=\"679\">alquilas un fender 65 twin reverb ibiza<\/strong>, te aseguras el est\u00e1ndar de oro en amplificaci\u00f3n limpia a v\u00e1lvulas. Adem\u00e1s, el tono pr\u00edstino de este amplificador y su potente headroom lo hacen ideal para cualquier g\u00e9nero. Si alquilas <strong data-start=\"832\" data-end=\"868\">el fender 65 twin reverb ibiza<\/strong>, llevar\u00e1s el aut\u00e9ntico sonido Fender de los 60 a tu actuaci\u00f3n.  <\/p>\n<p class=\"\" data-start=\"931\" data-end=\"1215\"><strong data-start=\"931\" data-end=\"951\">Tono de v\u00e1lvulas ic\u00f3nico<\/strong><br data-start=\"951\" data-end=\"954\">El Twin Reverb &#8217;65 utiliza cuatro v\u00e1lvulas de preamplificaci\u00f3n 12AX7 y cuatro v\u00e1lvulas de potencia 6L6. En consecuencia, proporciona 85 vatios de tono limpio, cristalino y con cuerpo. Su respuesta de frecuencias amplias sigue siendo clara incluso a vol\u00famenes altos. Por lo tanto, atraviesa las mezclas sin distorsi\u00f3n.   <\/p>\n<p class=\"\" data-start=\"1217\" data-end=\"1525\"><strong data-start=\"1217\" data-end=\"1244\">Spring Reverb &amp; Vibrato<\/strong><br data-start=\"1244\" data-end=\"1247\">La reverberaci\u00f3n por muelles incorporada de Fender crea exuberantes estelas ambientales. Adem\u00e1s, el circuito de vibrato accionado por v\u00e1lvulas a\u00f1ade una sutil modulaci\u00f3n del tono. Puedes ajustar ambos efectos de forma independiente para conseguir texturas s\u00f3nicas vers\u00e1tiles. As\u00ed, puedes conseguir desde un sutil resplandor hasta ondas profundas y alabeantes.   <\/p>\n<p class=\"\" data-start=\"1527\" data-end=\"1820\"><strong data-start=\"1527\" data-end=\"1550\">Caracter\u00edsticas y controles<\/strong><br data-start=\"1550\" data-end=\"1553\">Los canales dobles -Normal y Vibrato- ofrecen controles separados de ecualizador y volumen. Cada canal tiene controles de graves, medios y agudos. Los controles de Volumen maestro y Presencia ajustan con precisi\u00f3n la salida general y la claridad de los agudos. De este modo, puedes realizar ajustes precisos en cuesti\u00f3n de segundos.   <\/p>\n<p class=\"\" data-start=\"1822\" data-end=\"2131\"><strong data-start=\"1822\" data-end=\"1847\">Dise\u00f1o y construcci\u00f3n<\/strong><br data-start=\"1847\" data-end=\"1850\">Construido en una robusta caja cubierta de tolex, el amplificador resiste las giras m\u00e1s rigurosas. El panel trasero ofrece dos entradas por canal y un bucle de efectos. Los altavoces Jensen C-12K ofrecen la cl\u00e1sica respuesta Fender. Mientras tanto, el panel de control negro y la tela plateada de la rejilla evocan un estilo atemporal.   <\/p>\n<p class=\"\" data-start=\"2133\" data-end=\"2396\"><strong data-start=\"2133\" data-end=\"2149\">Aplicaciones<\/strong><br data-start=\"2149\" data-end=\"2152\">Ideal para sesiones de estudio, conciertos en directo y actuaciones en clubes, este amplificador se adapta a la perfecci\u00f3n. Los guitarristas de jazz, blues, country y rock conf\u00edan en sus limpios articulados. Adem\u00e1s, los m\u00fasicos de sesi\u00f3n valoran su fiabilidad y su tono constante noche tras noche.  <\/p>\n<p class=\"\" data-start=\"2398\" data-end=\"2722\"><strong data-start=\"2398\" data-end=\"2418\">Alquiler y asistencia<\/strong><br data-start=\"2418\" data-end=\"2421\">White Sound Ibiza proporciona entrega in situ, orientaci\u00f3n experta para la configuraci\u00f3n y asistencia t\u00e9cnica. Nuestro equipo se asegura de que tu Fender &#8217;65 Twin Reverb llegue correctamente polarizado y listo para el espect\u00e1culo. \u00a1Reserva el <strong data-start=\"2609\" data-end=\"2644\">Fender &#8217;65 Twin Re<\/strong> verb <strong data-start=\"2609\" data-end=\"2644\">en Ibiza<\/strong> hoy mismo en White Sound Ibiza y eleva tu sonido con el legendario tono de v\u00e1lvulas!  <\/p>\n<style id=\"wpforms-css-vars-1077\">\n\t\t\t\t#wpforms-1077 {\n\t\t\t\t\n\t\t\t}\n\t\t\t<\/style><div class=\"wpforms-container wpforms-container-full wpforms-render-modern\" id=\"wpforms-1077\"><form id=\"wpforms-form-1077\" class=\"wpforms-validate wpforms-form wpforms-ajax-form\" data-formid=\"1077\" method=\"post\" enctype=\"multipart\/form-data\" action=\"\/es\/wp-json\/wp\/v2\/product\/49176\" data-token=\"94928534a24cdcc111147f7cbd5189fa\" data-token-time=\"1776981251\"><noscript class=\"wpforms-error-noscript\">Por favor, activa JavaScript en tu navegador para completar este formulario.<\/noscript><div id=\"wpforms-error-noscript\" style=\"display: none;\">Por favor, activa JavaScript en tu navegador para completar este formulario.<\/div><div class=\"wpforms-field-container\"><div id=\"wpforms-1077-field_0-container\" class=\"wpforms-field wpforms-field-name\" data-field-id=\"0\"><fieldset><legend class=\"wpforms-field-label\">Nombre <span class=\"wpforms-required-label\" aria-hidden=\"true\">*<\/span><\/legend><div class=\"wpforms-field-row wpforms-field-medium\"><div class=\"wpforms-field-row-block wpforms-first wpforms-one-half\"><input type=\"text\" id=\"wpforms-1077-field_0\" class=\"wpforms-field-name-first wpforms-field-required\" name=\"wpforms[fields][0][first]\" placeholder=\"Nombre\" aria-errormessage=\"wpforms-1077-field_0-error\" required><label for=\"wpforms-1077-field_0\" class=\"wpforms-field-sublabel after wpforms-sublabel-hide\">Nombre<\/label><\/div><div class=\"wpforms-field-row-block wpforms-one-half\"><input type=\"text\" id=\"wpforms-1077-field_0-last\" class=\"wpforms-field-name-last wpforms-field-required\" name=\"wpforms[fields][0][last]\" placeholder=\"Apellidos\" aria-errormessage=\"wpforms-1077-field_0-last-error\" required><label for=\"wpforms-1077-field_0-last\" class=\"wpforms-field-sublabel after wpforms-sublabel-hide\">Apellidos<\/label><\/div><\/div><\/fieldset><\/div><div id=\"wpforms-1077-field_7-container\" class=\"wpforms-field wpforms-field-layout\" data-field-id=\"7\"><div class=\"wpforms-field-layout-columns wpforms-field-layout-preset-50-50\"><div class=\"wpforms-layout-column wpforms-layout-column-50\" >\t\t<div id=\"wpforms-1077-field_3-container\"\n\t\t\tclass=\"wpforms-field wpforms-field-text\"\n\t\t\tdata-field-type=\"text\"\n\t\t\tdata-field-id=\"3\"\n\t\t\t>\n\t\t\t<label class=\"wpforms-field-label\" for=\"wpforms-1077-field_3\" >Hasta Mensaje N\u00famero<\/label>\n\t\t\t<input type=\"text\" id=\"wpforms-1077-field_3\" class=\"wpforms-field-medium\" name=\"wpforms[fields][3]\" >\n\t\t<\/div>\n\t\t<div id=\"wpforms-1077-field_1-container\" class=\"wpforms-field wpforms-field-email\" data-field-id=\"1\"><label class=\"wpforms-field-label\" for=\"wpforms-1077-field_1\">Env\u00eda un correo electr\u00f3nico a <span class=\"wpforms-required-label\" aria-hidden=\"true\">*<\/span><\/label><input type=\"email\" id=\"wpforms-1077-field_1\" class=\"wpforms-field-medium wpforms-field-required\" name=\"wpforms[fields][1]\" spellcheck=\"false\" aria-errormessage=\"wpforms-1077-field_1-error\" required><\/div><\/div><div class=\"wpforms-layout-column wpforms-layout-column-50\" ><div id=\"wpforms-1077-field_8-container\" class=\"wpforms-field wpforms-field-phone\" data-field-id=\"8\"><label class=\"wpforms-field-label\" for=\"wpforms-1077-field_8\">N\u00famero de tel\u00e9fono <span class=\"wpforms-required-label\" aria-hidden=\"true\">*<\/span><\/label><input type=\"tel\" id=\"wpforms-1077-field_8\" class=\"wpforms-field-medium wpforms-field-required wpforms-smart-phone-field\" data-rule-smart-phone-field=\"true\" name=\"wpforms[fields][8]\" aria-label=\"N\u00famero de tel\u00e9fono\" aria-errormessage=\"wpforms-1077-field_8-error\" required><\/div><\/div><\/div><\/div><div id=\"wpforms-1077-field_10-container\" class=\"wpforms-field wpforms-field-layout\" data-field-id=\"10\"><div class=\"wpforms-field-layout-columns wpforms-field-layout-preset-50-50\"><div class=\"wpforms-layout-column wpforms-layout-column-50\" ><div id=\"wpforms-1077-field_4-container\" class=\"wpforms-field wpforms-field-date-time\" data-field-id=\"4\"><label class=\"wpforms-field-label\" for=\"wpforms-1077-field_4\">Desde<\/label><div class=\"wpforms-datepicker-wrap\"><input type=\"text\" id=\"wpforms-1077-field_4\" class=\"wpforms-field-date-time-date wpforms-datepicker wpforms-field-small\" data-date-format=\"m\/d\/Y\" data-disable-past-dates=\"0\" data-input=\"true\" name=\"wpforms[fields][4][date]\" aria-errormessage=\"wpforms-1077-field_4-error\" ><a title=\"Borrar fecha\" data-clear role=\"button\" tabindex=\"0\" class=\"wpforms-datepicker-clear\" aria-label=\"Borrar fecha\" style=\"display:none;\"><\/a><\/div><\/div><\/div><div class=\"wpforms-layout-column wpforms-layout-column-50\" ><div id=\"wpforms-1077-field_9-container\" class=\"wpforms-field wpforms-field-date-time\" data-field-id=\"9\"><label class=\"wpforms-field-label\" for=\"wpforms-1077-field_9\">Hasta<\/label><div class=\"wpforms-datepicker-wrap\"><input type=\"text\" id=\"wpforms-1077-field_9\" class=\"wpforms-field-date-time-date wpforms-datepicker wpforms-field-small\" data-date-format=\"m\/d\/Y\" data-disable-past-dates=\"0\" data-input=\"true\" name=\"wpforms[fields][9][date]\" aria-errormessage=\"wpforms-1077-field_9-error\" ><a title=\"Borrar fecha\" data-clear role=\"button\" tabindex=\"0\" class=\"wpforms-datepicker-clear\" aria-label=\"Borrar fecha\" style=\"display:none;\"><\/a><\/div><\/div><\/div><\/div><\/div><div id=\"wpforms-1077-field_2-container\" class=\"wpforms-field wpforms-field-textarea\" data-field-id=\"2\"><label class=\"wpforms-field-label\" for=\"wpforms-1077-field_2\">Mensaje<\/label><textarea id=\"wpforms-1077-field_2\" class=\"wpforms-field-medium\" name=\"wpforms[fields][2]\" placeholder=\"\u00bfC\u00f3mo podemos ayudarte?\" aria-errormessage=\"wpforms-1077-field_2-error\" ><\/textarea><\/div><script>\n\t\t\t\t( function() {\n\t\t\t\t\tconst style = document.createElement( 'style' );\n\t\t\t\t\tstyle.appendChild( document.createTextNode( '#wpforms-1077-field_3-container { position: absolute !important; overflow: hidden !important; display: inline !important; height: 1px !important; width: 1px !important; z-index: -1000 !important; padding: 0 !important; } #wpforms-1077-field_3-container input { visibility: hidden; } #wpforms-conversational-form-page #wpforms-1077-field_3-container label { counter-increment: none; }' ) );\n\t\t\t\t\tdocument.head.appendChild( style );\n\t\t\t\t\tdocument.currentScript?.remove();\n\t\t\t\t} )();\n\t\t\t<\/script><\/div><!-- .wpforms-field-container --><div class=\"wpforms-recaptcha-container wpforms-is-recaptcha wpforms-is-recaptcha-type-v2\" ><div class=\"g-recaptcha\" data-sitekey=\"6LeS7gEkAAAAAO-EsXRwxTakHs6Q_9Z0rQYHkIS5\"><\/div><input type=\"text\" name=\"g-recaptcha-hidden\" class=\"wpforms-recaptcha-hidden\" style=\"position:absolute!important;clip:rect(0,0,0,0)!important;height:1px!important;width:1px!important;border:0!important;overflow:hidden!important;padding:0!important;margin:0!important;\" data-rule-recaptcha=\"1\"><\/div><div class=\"wpforms-submit-container\" ><input type=\"hidden\" name=\"wpforms[id]\" value=\"1077\"><input type=\"hidden\" name=\"page_title\" value=\"\"><input type=\"hidden\" name=\"page_url\" value=\"https:\/\/whitesoundibiza.com\/es\/wp-json\/wp\/v2\/product\/49176\"><input type=\"hidden\" name=\"url_referer\" value=\"\"><button type=\"submit\" name=\"wpforms[submit]\" id=\"wpforms-submit-1077\" class=\"wpforms-submit\" data-alt-text=\"Enviando...\" data-submit-text=\"Env\u00eda\" aria-live=\"assertive\" value=\"wpforms-submit\">Env\u00eda<\/button><img decoding=\"async\" src=\"https:\/\/whitesoundibiza.com\/wp-content\/plugins\/wpforms\/assets\/images\/submit-spin.svg\" class=\"wpforms-submit-spinner\" style=\"display: none;\" width=\"26\" height=\"26\" alt=\"Cargando\"><\/div><\/form><\/div>  <!-- .wpforms-container -->\n","protected":false},"excerpt":{"rendered":"<p class=\"\" data-start=\"300\" data-end=\"445\">Un amplificador combo a v\u00e1lvulas de 85 W con dos altavoces Jensen de 12\u2033, c\u00e1lido tono limpio, rica reverberaci\u00f3n de muelles y vibrato Fender vintage.<\/p>\n<p class=\"\" data-start=\"447\" data-end=\"596\">\n","protected":false},"featured_media":48076,"template":"","meta":{"_joinchat":[]},"product_brand":[],"product_cat":[181],"product_tag":[],"class_list":{"0":"post-49176","1":"product","2":"type-product","3":"status-publish","4":"has-post-thumbnail","6":"product_cat-guitarra-y-bajo","8":"first","9":"instock","10":"taxable","11":"shipping-taxable","12":"purchasable","13":"product-type-rentable"},"yoast_head":"<!-- This site is optimized with the Yoast SEO plugin v27.4 - https:\/\/yoast.com\/product\/yoast-seo-wordpress\/ -->\n<title>Alquiler Fender &#039;65 Twin Reverb Ibiza | White Sound Ibiza<\/title>\n<meta name=\"description\" content=\"Alquila el Fender &#039;65 Twin Reverb en Ibiza con White Sound Ibiza. Ic\u00f3nico amplificador de v\u00e1lvulas de 85W, altavoces duales de 12\u2033, exuberante reverb de muelles y vibrato cl\u00e1sico. \u00a1Reserva ahora!\" \/>\n<meta name=\"robots\" content=\"index, follow, max-snippet:-1, max-image-preview:large, max-video-preview:-1\" \/>\n<link rel=\"canonical\" href=\"https:\/\/whitesoundibiza.com\/es\/producto\/fender-65-twin-reverb\/\" \/>\n<meta property=\"og:locale\" content=\"es_ES\" \/>\n<meta property=\"og:type\" content=\"article\" \/>\n<meta property=\"og:title\" content=\"Alquiler Fender &#039;65 Twin Reverb Ibiza | White Sound Ibiza\" \/>\n<meta property=\"og:description\" content=\"Alquila el Fender &#039;65 Twin Reverb en Ibiza con White Sound Ibiza. Ic\u00f3nico amplificador de v\u00e1lvulas de 85W, altavoces duales de 12\u2033, exuberante reverb de muelles y vibrato cl\u00e1sico. \u00a1Reserva ahora!\" \/>\n<meta property=\"og:url\" content=\"https:\/\/whitesoundibiza.com\/es\/producto\/fender-65-twin-reverb\/\" \/>\n<meta property=\"og:site_name\" content=\"White Sound Ibiza - Delivering Fun\" \/>\n<meta property=\"article:modified_time\" content=\"2025-08-09T15:42:57+00:00\" \/>\n<meta property=\"og:image\" content=\"https:\/\/whitesoundibiza.com\/wp-content\/uploads\/2025\/02\/fender65.png\" \/>\n\t<meta property=\"og:image:width\" content=\"800\" \/>\n\t<meta property=\"og:image:height\" content=\"800\" \/>\n\t<meta property=\"og:image:type\" content=\"image\/png\" \/>\n<meta name=\"twitter:card\" content=\"summary_large_image\" \/>\n<meta name=\"twitter:label1\" content=\"Tiempo de lectura\" \/>\n\t<meta name=\"twitter:data1\" content=\"2 minutos\" \/>\n<script type=\"application\/ld+json\" class=\"yoast-schema-graph\">{\"@context\":\"https:\\\/\\\/schema.org\",\"@graph\":[{\"@type\":\"WebPage\",\"@id\":\"https:\\\/\\\/whitesoundibiza.com\\\/es\\\/producto\\\/fender-65-twin-reverb\\\/\",\"url\":\"https:\\\/\\\/whitesoundibiza.com\\\/es\\\/producto\\\/fender-65-twin-reverb\\\/\",\"name\":\"Alquiler Fender '65 Twin Reverb Ibiza | White Sound Ibiza\",\"isPartOf\":{\"@id\":\"https:\\\/\\\/whitesoundibiza.com\\\/es\\\/#website\"},\"primaryImageOfPage\":{\"@id\":\"https:\\\/\\\/whitesoundibiza.com\\\/es\\\/producto\\\/fender-65-twin-reverb\\\/#primaryimage\"},\"image\":{\"@id\":\"https:\\\/\\\/whitesoundibiza.com\\\/es\\\/producto\\\/fender-65-twin-reverb\\\/#primaryimage\"},\"thumbnailUrl\":\"https:\\\/\\\/whitesoundibiza.com\\\/wp-content\\\/uploads\\\/2025\\\/02\\\/fender65.png\",\"datePublished\":\"2025-02-08T00:55:14+00:00\",\"dateModified\":\"2025-08-09T15:42:57+00:00\",\"description\":\"Alquila el Fender '65 Twin Reverb en Ibiza con White Sound Ibiza. Ic\u00f3nico amplificador de v\u00e1lvulas de 85W, altavoces duales de 12\u2033, exuberante reverb de muelles y vibrato cl\u00e1sico. \u00a1Reserva ahora!\",\"breadcrumb\":{\"@id\":\"https:\\\/\\\/whitesoundibiza.com\\\/es\\\/producto\\\/fender-65-twin-reverb\\\/#breadcrumb\"},\"inLanguage\":\"es\",\"potentialAction\":[{\"@type\":\"ReadAction\",\"target\":[\"https:\\\/\\\/whitesoundibiza.com\\\/es\\\/producto\\\/fender-65-twin-reverb\\\/\"]}]},{\"@type\":\"ImageObject\",\"inLanguage\":\"es\",\"@id\":\"https:\\\/\\\/whitesoundibiza.com\\\/es\\\/producto\\\/fender-65-twin-reverb\\\/#primaryimage\",\"url\":\"https:\\\/\\\/whitesoundibiza.com\\\/wp-content\\\/uploads\\\/2025\\\/02\\\/fender65.png\",\"contentUrl\":\"https:\\\/\\\/whitesoundibiza.com\\\/wp-content\\\/uploads\\\/2025\\\/02\\\/fender65.png\",\"width\":800,\"height\":800,\"caption\":\"Amplificador combo todo v\u00e1lvulas Fender '65 Twin Reverb 85W con altavoces duales de 12 pulgadas disponible para alquilar en Ibiza en White Sound Ibiza\"},{\"@type\":\"BreadcrumbList\",\"@id\":\"https:\\\/\\\/whitesoundibiza.com\\\/es\\\/producto\\\/fender-65-twin-reverb\\\/#breadcrumb\",\"itemListElement\":[{\"@type\":\"ListItem\",\"position\":1,\"name\":\"Portada\",\"item\":\"https:\\\/\\\/whitesoundibiza.com\\\/es\\\/\"},{\"@type\":\"ListItem\",\"position\":2,\"name\":\"Tienda\",\"item\":\"https:\\\/\\\/whitesoundibiza.com\\\/es\\\/tienda\\\/\"},{\"@type\":\"ListItem\",\"position\":3,\"name\":\"Fender 65 Twin Reverb\"}]},{\"@type\":\"WebSite\",\"@id\":\"https:\\\/\\\/whitesoundibiza.com\\\/es\\\/#website\",\"url\":\"https:\\\/\\\/whitesoundibiza.com\\\/es\\\/\",\"name\":\"White Sound Ibiza\",\"description\":\"Rent Speakers in Ibiza\",\"publisher\":{\"@id\":\"https:\\\/\\\/whitesoundibiza.com\\\/es\\\/#organization\"},\"potentialAction\":[{\"@type\":\"SearchAction\",\"target\":{\"@type\":\"EntryPoint\",\"urlTemplate\":\"https:\\\/\\\/whitesoundibiza.com\\\/es\\\/?s={search_term_string}\"},\"query-input\":{\"@type\":\"PropertyValueSpecification\",\"valueRequired\":true,\"valueName\":\"search_term_string\"}}],\"inLanguage\":\"es\"},{\"@type\":\"Organization\",\"@id\":\"https:\\\/\\\/whitesoundibiza.com\\\/es\\\/#organization\",\"name\":\"White Sound Ibiza\",\"url\":\"https:\\\/\\\/whitesoundibiza.com\\\/es\\\/\",\"logo\":{\"@type\":\"ImageObject\",\"inLanguage\":\"es\",\"@id\":\"https:\\\/\\\/whitesoundibiza.com\\\/es\\\/#\\\/schema\\\/logo\\\/image\\\/\",\"url\":\"https:\\\/\\\/whitesoundibiza.com\\\/wp-content\\\/uploads\\\/2025\\\/05\\\/ws_logo.jpg\",\"contentUrl\":\"https:\\\/\\\/whitesoundibiza.com\\\/wp-content\\\/uploads\\\/2025\\\/05\\\/ws_logo.jpg\",\"width\":800,\"height\":235,\"caption\":\"White Sound Ibiza\"},\"image\":{\"@id\":\"https:\\\/\\\/whitesoundibiza.com\\\/es\\\/#\\\/schema\\\/logo\\\/image\\\/\"}}]}<\/script>\n<!-- \/ Yoast SEO plugin. -->","yoast_head_json":{"title":"Alquiler Fender '65 Twin Reverb Ibiza | White Sound Ibiza","description":"Alquila el Fender '65 Twin Reverb en Ibiza con White Sound Ibiza. Ic\u00f3nico amplificador de v\u00e1lvulas de 85W, altavoces duales de 12\u2033, exuberante reverb de muelles y vibrato cl\u00e1sico. \u00a1Reserva ahora!","robots":{"index":"index","follow":"follow","max-snippet":"max-snippet:-1","max-image-preview":"max-image-preview:large","max-video-preview":"max-video-preview:-1"},"canonical":"https:\/\/whitesoundibiza.com\/es\/producto\/fender-65-twin-reverb\/","og_locale":"es_ES","og_type":"article","og_title":"Alquiler Fender '65 Twin Reverb Ibiza | White Sound Ibiza","og_description":"Alquila el Fender '65 Twin Reverb en Ibiza con White Sound Ibiza. Ic\u00f3nico amplificador de v\u00e1lvulas de 85W, altavoces duales de 12\u2033, exuberante reverb de muelles y vibrato cl\u00e1sico. \u00a1Reserva ahora!","og_url":"https:\/\/whitesoundibiza.com\/es\/producto\/fender-65-twin-reverb\/","og_site_name":"White Sound Ibiza - Delivering Fun","article_modified_time":"2025-08-09T15:42:57+00:00","og_image":[{"width":800,"height":800,"url":"https:\/\/whitesoundibiza.com\/wp-content\/uploads\/2025\/02\/fender65.png","type":"image\/png"}],"twitter_card":"summary_large_image","twitter_misc":{"Tiempo de lectura":"2 minutos"},"schema":{"@context":"https:\/\/schema.org","@graph":[{"@type":"WebPage","@id":"https:\/\/whitesoundibiza.com\/es\/producto\/fender-65-twin-reverb\/","url":"https:\/\/whitesoundibiza.com\/es\/producto\/fender-65-twin-reverb\/","name":"Alquiler Fender '65 Twin Reverb Ibiza | White Sound Ibiza","isPartOf":{"@id":"https:\/\/whitesoundibiza.com\/es\/#website"},"primaryImageOfPage":{"@id":"https:\/\/whitesoundibiza.com\/es\/producto\/fender-65-twin-reverb\/#primaryimage"},"image":{"@id":"https:\/\/whitesoundibiza.com\/es\/producto\/fender-65-twin-reverb\/#primaryimage"},"thumbnailUrl":"https:\/\/whitesoundibiza.com\/wp-content\/uploads\/2025\/02\/fender65.png","datePublished":"2025-02-08T00:55:14+00:00","dateModified":"2025-08-09T15:42:57+00:00","description":"Alquila el Fender '65 Twin Reverb en Ibiza con White Sound Ibiza. Ic\u00f3nico amplificador de v\u00e1lvulas de 85W, altavoces duales de 12\u2033, exuberante reverb de muelles y vibrato cl\u00e1sico. \u00a1Reserva ahora!","breadcrumb":{"@id":"https:\/\/whitesoundibiza.com\/es\/producto\/fender-65-twin-reverb\/#breadcrumb"},"inLanguage":"es","potentialAction":[{"@type":"ReadAction","target":["https:\/\/whitesoundibiza.com\/es\/producto\/fender-65-twin-reverb\/"]}]},{"@type":"ImageObject","inLanguage":"es","@id":"https:\/\/whitesoundibiza.com\/es\/producto\/fender-65-twin-reverb\/#primaryimage","url":"https:\/\/whitesoundibiza.com\/wp-content\/uploads\/2025\/02\/fender65.png","contentUrl":"https:\/\/whitesoundibiza.com\/wp-content\/uploads\/2025\/02\/fender65.png","width":800,"height":800,"caption":"Amplificador combo todo v\u00e1lvulas Fender '65 Twin Reverb 85W con altavoces duales de 12 pulgadas disponible para alquilar en Ibiza en White Sound Ibiza"},{"@type":"BreadcrumbList","@id":"https:\/\/whitesoundibiza.com\/es\/producto\/fender-65-twin-reverb\/#breadcrumb","itemListElement":[{"@type":"ListItem","position":1,"name":"Portada","item":"https:\/\/whitesoundibiza.com\/es\/"},{"@type":"ListItem","position":2,"name":"Tienda","item":"https:\/\/whitesoundibiza.com\/es\/tienda\/"},{"@type":"ListItem","position":3,"name":"Fender 65 Twin Reverb"}]},{"@type":"WebSite","@id":"https:\/\/whitesoundibiza.com\/es\/#website","url":"https:\/\/whitesoundibiza.com\/es\/","name":"White Sound Ibiza","description":"Rent Speakers in Ibiza","publisher":{"@id":"https:\/\/whitesoundibiza.com\/es\/#organization"},"potentialAction":[{"@type":"SearchAction","target":{"@type":"EntryPoint","urlTemplate":"https:\/\/whitesoundibiza.com\/es\/?s={search_term_string}"},"query-input":{"@type":"PropertyValueSpecification","valueRequired":true,"valueName":"search_term_string"}}],"inLanguage":"es"},{"@type":"Organization","@id":"https:\/\/whitesoundibiza.com\/es\/#organization","name":"White Sound Ibiza","url":"https:\/\/whitesoundibiza.com\/es\/","logo":{"@type":"ImageObject","inLanguage":"es","@id":"https:\/\/whitesoundibiza.com\/es\/#\/schema\/logo\/image\/","url":"https:\/\/whitesoundibiza.com\/wp-content\/uploads\/2025\/05\/ws_logo.jpg","contentUrl":"https:\/\/whitesoundibiza.com\/wp-content\/uploads\/2025\/05\/ws_logo.jpg","width":800,"height":235,"caption":"White Sound Ibiza"},"image":{"@id":"https:\/\/whitesoundibiza.com\/es\/#\/schema\/logo\/image\/"}}]}},"_links":{"self":[{"href":"https:\/\/whitesoundibiza.com\/es\/wp-json\/wp\/v2\/product\/49176","targetHints":{"allow":["GET"]}}],"collection":[{"href":"https:\/\/whitesoundibiza.com\/es\/wp-json\/wp\/v2\/product"}],"about":[{"href":"https:\/\/whitesoundibiza.com\/es\/wp-json\/wp\/v2\/types\/product"}],"wp:featuredmedia":[{"embeddable":true,"href":"https:\/\/whitesoundibiza.com\/es\/wp-json\/wp\/v2\/media\/48076"}],"wp:attachment":[{"href":"https:\/\/whitesoundibiza.com\/es\/wp-json\/wp\/v2\/media?parent=49176"}],"wp:term":[{"taxonomy":"product_brand","embeddable":true,"href":"https:\/\/whitesoundibiza.com\/es\/wp-json\/wp\/v2\/product_brand?post=49176"},{"taxonomy":"product_cat","embeddable":true,"href":"https:\/\/whitesoundibiza.com\/es\/wp-json\/wp\/v2\/product_cat?post=49176"},{"taxonomy":"product_tag","embeddable":true,"href":"https:\/\/whitesoundibiza.com\/es\/wp-json\/wp\/v2\/product_tag?post=49176"}],"curies":[{"name":"wp","href":"https:\/\/api.w.org\/{rel}","templated":true}]}}