{"id":49171,"date":"2025-02-07T19:36:01","date_gmt":"2025-02-07T19:36:01","guid":{"rendered":"https:\/\/whitesoundibiza.com\/producto\/nord-etapa-4\/"},"modified":"2025-08-09T15:42:57","modified_gmt":"2025-08-09T15:42:57","slug":"nord-etapa-4","status":"publish","type":"product","link":"https:\/\/whitesoundibiza.com\/es\/producto\/nord-etapa-4\/","title":{"rendered":"Nord Etapa 4"},"content":{"rendered":"<p class=\"\" data-start=\"696\" data-end=\"960\">Alquila <a href=\"https:\/\/www.nordkeyboards.com\/products\/nord-stage-4\/\"><strong data-start=\"700\" data-end=\"716\">Nord Stage 4<\/strong><\/a> en ibiza, combina tres potentes motores de sonido en un \u00fanico instrumento listo para el escenario. Adem\u00e1s, su intuitiva interfaz te permite cambiar entre las secciones de piano, muestra y sintetizador al instante. Como resultado, te mantienes en el flujo incluso durante actuaciones complejas.  <\/p>\n<h2 class=\"\" data-start=\"962\" data-end=\"980\">Secci\u00f3n de piano<\/h2>\n<p class=\"\" data-start=\"981\" data-end=\"1268\">El aclamado motor de piano de Nord ofrece hasta cinco pianos de cola, diez pianos verticales y 30 pianos el\u00e9ctricos. Tienes soporte de medio apagador, muestras de liberaci\u00f3n de teclas y resonancia simp\u00e1tica. En consecuencia, cada matiz, desde la balada suave al rock percusivo, se traduce fielmente bajo tus dedos.  <\/p>\n<h2 class=\"\" data-start=\"1270\" data-end=\"1289\">Secci\u00f3n de muestras<\/h2>\n<p class=\"\" data-start=\"1290\" data-end=\"1558\">Carga tus propios sonidos por USB: hasta 1,6 GB de muestras de usuario. Adem\u00e1s, la secci\u00f3n de pads te permite disparar bucles y one-shots. Por lo tanto, puedes integrar texturas personalizadas junto a los sonidos incorporados. Mientras tanto, un secuenciador de cuatro bancos graba y reproduce frases r\u00edtmicas.   <\/p>\n<h2 class=\"\" data-start=\"1560\" data-end=\"1578\">Secci\u00f3n de sintetizadores<\/h2>\n<p class=\"\" data-start=\"1579\" data-end=\"1828\">Las dos capas de sintetizador ofrecen modelado anal\u00f3gico, FM, modelado de ondas y s\u00edntesis de tabla de ondas avanzada. Cada capa dispone de filtros, envolventes y LFO independientes. De este modo, puedes esculpir pads ricos, leads mordaces o bajos agresivos sin equipo externo.  <\/p>\n<h2 class=\"\" data-start=\"1830\" data-end=\"1852\">Efectos y rutas<\/h2>\n<p class=\"\" data-start=\"1853\" data-end=\"2095\">Doce ranuras de efectos te permiten asignar EQ, drive, modulaci\u00f3n, retardo y reverberaci\u00f3n a cualquier motor. Adem\u00e1s, la pantalla OLED de alta resoluci\u00f3n proporciona informaci\u00f3n clara sobre cada par\u00e1metro. Como resultado, mantienes la claridad s\u00f3nica y el control creativo.  <\/p>\n<h2 class=\"\" data-start=\"2097\" data-end=\"2122\">Controles de rendimiento<\/h2>\n<p class=\"\" data-start=\"2123\" data-end=\"2363\">Un suave crossfader y la funci\u00f3n de morph de programa permiten transiciones fluidas. Las divisiones de sonido y las combinaciones de capas se almacenan por programa, para que tus configuraciones se recuerden al instante. Adem\u00e1s, los botones y mandos dedicados en directo te permiten realizar ajustes pr\u00e1cticos a mitad del set.  <\/p>\n<h2 class=\"\" data-start=\"2365\" data-end=\"2396\">Conectividad e integraci\u00f3n<\/h2>\n<p class=\"\" data-start=\"2397\" data-end=\"2640\">Las salidas XLR balanceadas y la toma de auriculares proporcionan rutas de se\u00f1al limpias. Las entradas dedicadas para pedal de sustain y expresi\u00f3n permiten un control din\u00e1mico total. Mientras tanto, el USB-MIDI y una caja de fusi\u00f3n MIDI de cuatro puertos agilizan la integraci\u00f3n de DAW y controladores.  <\/p>\n<h2 class=\"\" data-start=\"2642\" data-end=\"2665\">Construcci\u00f3n y durabilidad<\/h2>\n<p class=\"\" data-start=\"2666\" data-end=\"2904\">Alojada en un robusto chasis de aluminio rojo, la Stage 4 soporta las exigencias de las giras. Su dise\u00f1o ligero simplifica la carga, mientras que el atril extra\u00edble se guarda en segundos. Por tanto, obtendr\u00e1s fiabilidad all\u00e1 donde te lleven tus actuaciones.  <\/p>\n<h2 class=\"\" data-start=\"2906\" data-end=\"2933\">Aplicaciones vers\u00e1tiles<\/h2>\n<p class=\"\" data-start=\"2934\" data-end=\"3165\">Tanto si <strong data-start=\"2946\" data-end=\"2973\">alquilas el nord stage 4 ibiza<\/strong> para fiestas en villas de lujo, clubes de playa o eventos corporativos, se adapta. Teclistas, compositores y productores conf\u00edan en su completo conjunto de funciones tanto para actuaciones en directo como para trabajar en estudio. <\/p>\n<style id=\"wpforms-css-vars-1077\">\n\t\t\t\t#wpforms-1077 {\n\t\t\t\t\n\t\t\t}\n\t\t\t<\/style><div class=\"wpforms-container wpforms-container-full wpforms-render-modern\" id=\"wpforms-1077\"><form id=\"wpforms-form-1077\" class=\"wpforms-validate wpforms-form wpforms-ajax-form\" data-formid=\"1077\" method=\"post\" enctype=\"multipart\/form-data\" action=\"\/es\/wp-json\/wp\/v2\/product\/49171\" data-token=\"dfe2cec9ba1513477d46ad545949aa7b\" data-token-time=\"1775241011\"><noscript class=\"wpforms-error-noscript\">Por favor, activa JavaScript en tu navegador para completar este formulario.<\/noscript><div id=\"wpforms-error-noscript\" style=\"display: none;\">Por favor, activa JavaScript en tu navegador para completar este formulario.<\/div><div class=\"wpforms-field-container\"><div id=\"wpforms-1077-field_0-container\" class=\"wpforms-field wpforms-field-name\" data-field-id=\"0\"><fieldset><legend class=\"wpforms-field-label\">Nombre <span class=\"wpforms-required-label\" aria-hidden=\"true\">*<\/span><\/legend><div class=\"wpforms-field-row wpforms-field-medium\"><div class=\"wpforms-field-row-block wpforms-first wpforms-one-half\"><input type=\"text\" id=\"wpforms-1077-field_0\" class=\"wpforms-field-name-first wpforms-field-required\" name=\"wpforms[fields][0][first]\" placeholder=\"Nombre\" aria-errormessage=\"wpforms-1077-field_0-error\" required><label for=\"wpforms-1077-field_0\" class=\"wpforms-field-sublabel after wpforms-sublabel-hide\">Nombre<\/label><\/div><div class=\"wpforms-field-row-block wpforms-one-half\"><input type=\"text\" id=\"wpforms-1077-field_0-last\" class=\"wpforms-field-name-last wpforms-field-required\" name=\"wpforms[fields][0][last]\" placeholder=\"Apellidos\" aria-errormessage=\"wpforms-1077-field_0-last-error\" required><label for=\"wpforms-1077-field_0-last\" class=\"wpforms-field-sublabel after wpforms-sublabel-hide\">Apellidos<\/label><\/div><\/div><\/fieldset><\/div><div id=\"wpforms-1077-field_7-container\" class=\"wpforms-field wpforms-field-layout\" data-field-id=\"7\"><div class=\"wpforms-field-layout-columns wpforms-field-layout-preset-50-50\"><div class=\"wpforms-layout-column wpforms-layout-column-50\" ><div id=\"wpforms-1077-field_1-container\" class=\"wpforms-field wpforms-field-email\" data-field-id=\"1\"><label class=\"wpforms-field-label\" for=\"wpforms-1077-field_1\">Env\u00eda un correo electr\u00f3nico a <span class=\"wpforms-required-label\" aria-hidden=\"true\">*<\/span><\/label><input type=\"email\" id=\"wpforms-1077-field_1\" class=\"wpforms-field-medium wpforms-field-required\" name=\"wpforms[fields][1]\" spellcheck=\"false\" aria-errormessage=\"wpforms-1077-field_1-error\" required><\/div><\/div><div class=\"wpforms-layout-column wpforms-layout-column-50\" ><div id=\"wpforms-1077-field_8-container\" class=\"wpforms-field wpforms-field-phone\" data-field-id=\"8\"><label class=\"wpforms-field-label\" for=\"wpforms-1077-field_8\">N\u00famero de tel\u00e9fono <span class=\"wpforms-required-label\" aria-hidden=\"true\">*<\/span><\/label><input type=\"tel\" id=\"wpforms-1077-field_8\" class=\"wpforms-field-medium wpforms-field-required wpforms-smart-phone-field\" data-rule-smart-phone-field=\"true\" name=\"wpforms[fields][8]\" aria-label=\"N\u00famero de tel\u00e9fono\" aria-errormessage=\"wpforms-1077-field_8-error\" required><\/div><\/div><\/div><\/div>\t\t<div id=\"wpforms-1077-field_3-container\"\n\t\t\tclass=\"wpforms-field wpforms-field-text\"\n\t\t\tdata-field-type=\"text\"\n\t\t\tdata-field-id=\"3\"\n\t\t\t>\n\t\t\t<label class=\"wpforms-field-label\" for=\"wpforms-1077-field_3\" >correo Env\u00eda Desde<\/label>\n\t\t\t<input type=\"text\" id=\"wpforms-1077-field_3\" class=\"wpforms-field-medium\" name=\"wpforms[fields][3]\" >\n\t\t<\/div>\n\t\t<div id=\"wpforms-1077-field_10-container\" class=\"wpforms-field wpforms-field-layout\" data-field-id=\"10\"><div class=\"wpforms-field-layout-columns wpforms-field-layout-preset-50-50\"><div class=\"wpforms-layout-column wpforms-layout-column-50\" ><div id=\"wpforms-1077-field_4-container\" class=\"wpforms-field wpforms-field-date-time\" data-field-id=\"4\"><label class=\"wpforms-field-label\" for=\"wpforms-1077-field_4\">Desde<\/label><div class=\"wpforms-datepicker-wrap\"><input type=\"text\" id=\"wpforms-1077-field_4\" class=\"wpforms-field-date-time-date wpforms-datepicker wpforms-field-small\" data-date-format=\"m\/d\/Y\" data-disable-past-dates=\"0\" data-input=\"true\" name=\"wpforms[fields][4][date]\" aria-errormessage=\"wpforms-1077-field_4-error\" ><a title=\"Borrar fecha\" data-clear role=\"button\" tabindex=\"0\" class=\"wpforms-datepicker-clear\" aria-label=\"Borrar fecha\" style=\"display:none;\"><\/a><\/div><\/div><\/div><div class=\"wpforms-layout-column wpforms-layout-column-50\" ><div id=\"wpforms-1077-field_9-container\" class=\"wpforms-field wpforms-field-date-time\" data-field-id=\"9\"><label class=\"wpforms-field-label\" for=\"wpforms-1077-field_9\">Hasta<\/label><div class=\"wpforms-datepicker-wrap\"><input type=\"text\" id=\"wpforms-1077-field_9\" class=\"wpforms-field-date-time-date wpforms-datepicker wpforms-field-small\" data-date-format=\"m\/d\/Y\" data-disable-past-dates=\"0\" data-input=\"true\" name=\"wpforms[fields][9][date]\" aria-errormessage=\"wpforms-1077-field_9-error\" ><a title=\"Borrar fecha\" data-clear role=\"button\" tabindex=\"0\" class=\"wpforms-datepicker-clear\" aria-label=\"Borrar fecha\" style=\"display:none;\"><\/a><\/div><\/div><\/div><\/div><\/div><div id=\"wpforms-1077-field_2-container\" class=\"wpforms-field wpforms-field-textarea\" data-field-id=\"2\"><label class=\"wpforms-field-label\" for=\"wpforms-1077-field_2\">Mensaje<\/label><textarea id=\"wpforms-1077-field_2\" class=\"wpforms-field-medium\" name=\"wpforms[fields][2]\" placeholder=\"\u00bfC\u00f3mo podemos ayudarte?\" aria-errormessage=\"wpforms-1077-field_2-error\" ><\/textarea><\/div><script>\n\t\t\t\t( function() {\n\t\t\t\t\tconst style = document.createElement( 'style' );\n\t\t\t\t\tstyle.appendChild( document.createTextNode( '#wpforms-1077-field_3-container { position: absolute !important; overflow: hidden !important; display: inline !important; height: 1px !important; width: 1px !important; z-index: -1000 !important; padding: 0 !important; } #wpforms-1077-field_3-container input { visibility: hidden; } #wpforms-conversational-form-page #wpforms-1077-field_3-container label { counter-increment: none; }' ) );\n\t\t\t\t\tdocument.head.appendChild( style );\n\t\t\t\t\tdocument.currentScript?.remove();\n\t\t\t\t} )();\n\t\t\t<\/script><\/div><!-- .wpforms-field-container --><div class=\"wpforms-recaptcha-container wpforms-is-recaptcha wpforms-is-recaptcha-type-v2\" ><div class=\"g-recaptcha\" data-sitekey=\"6LeS7gEkAAAAAO-EsXRwxTakHs6Q_9Z0rQYHkIS5\"><\/div><input type=\"text\" name=\"g-recaptcha-hidden\" class=\"wpforms-recaptcha-hidden\" style=\"position:absolute!important;clip:rect(0,0,0,0)!important;height:1px!important;width:1px!important;border:0!important;overflow:hidden!important;padding:0!important;margin:0!important;\" data-rule-recaptcha=\"1\"><\/div><div class=\"wpforms-submit-container\" ><input type=\"hidden\" name=\"wpforms[id]\" value=\"1077\"><input type=\"hidden\" name=\"page_title\" value=\"\"><input type=\"hidden\" name=\"page_url\" value=\"https:\/\/whitesoundibiza.com\/es\/wp-json\/wp\/v2\/product\/49171\"><input type=\"hidden\" name=\"url_referer\" value=\"\"><button type=\"submit\" name=\"wpforms[submit]\" id=\"wpforms-submit-1077\" class=\"wpforms-submit\" data-alt-text=\"Enviando...\" data-submit-text=\"Env\u00eda\" aria-live=\"assertive\" value=\"wpforms-submit\">Env\u00eda<\/button><img decoding=\"async\" src=\"https:\/\/whitesoundibiza.com\/wp-content\/plugins\/wpforms\/assets\/images\/submit-spin.svg\" class=\"wpforms-submit-spinner\" style=\"display: none;\" width=\"26\" height=\"26\" alt=\"Cargando\"><\/div><\/form><\/div>  <!-- .wpforms-container -->\n","protected":false},"excerpt":{"rendered":"<p class=\"\" data-start=\"309\" data-end=\"515\">Un teclado de escenario emblem\u00e1tico con 88 teclas contrapesadas, tres motores de sonido independientes (piano, muestra, sintetizador), transiciones de programa fluidas, efectos integrados y una s\u00f3lida estructura preparada para el escenario.<\/p>\n<p class=\"\" data-start=\"517\" data-end=\"675\">\n","protected":false},"featured_media":48075,"template":"","meta":{"_joinchat":[]},"product_brand":[],"product_cat":[180],"product_tag":[],"class_list":{"0":"post-49171","1":"product","2":"type-product","3":"status-publish","4":"has-post-thumbnail","6":"product_cat-claves","8":"first","9":"instock","10":"taxable","11":"shipping-taxable","12":"purchasable","13":"product-type-rentable"},"yoast_head":"<!-- This site is optimized with the Yoast SEO plugin v27.3 - https:\/\/yoast.com\/product\/yoast-seo-wordpress\/ -->\n<title>Alquilar Nord Stage 4 Ibiza | White Sound Ibiza<\/title>\n<meta name=\"description\" content=\"Alquila la Nord Stage 4 en Ibiza con White Sound Ibiza. Estaci\u00f3n de trabajo insignia de 88 teclas con motores de piano, samples y sintetizadores, cambio de capas sin interrupciones y conectividad profesional. \u00a1Reserva ahora!\" \/>\n<meta name=\"robots\" content=\"index, follow, max-snippet:-1, max-image-preview:large, max-video-preview:-1\" \/>\n<link rel=\"canonical\" href=\"https:\/\/whitesoundibiza.com\/es\/producto\/nord-etapa-4\/\" \/>\n<meta property=\"og:locale\" content=\"es_ES\" \/>\n<meta property=\"og:type\" content=\"article\" \/>\n<meta property=\"og:title\" content=\"Alquilar Nord Stage 4 Ibiza | White Sound Ibiza\" \/>\n<meta property=\"og:description\" content=\"Alquila la Nord Stage 4 en Ibiza con White Sound Ibiza. Estaci\u00f3n de trabajo insignia de 88 teclas con motores de piano, samples y sintetizadores, cambio de capas sin interrupciones y conectividad profesional. \u00a1Reserva ahora!\" \/>\n<meta property=\"og:url\" content=\"https:\/\/whitesoundibiza.com\/es\/producto\/nord-etapa-4\/\" \/>\n<meta property=\"og:site_name\" content=\"White Sound Ibiza - Delivering Fun\" \/>\n<meta property=\"article:modified_time\" content=\"2025-08-09T15:42:57+00:00\" \/>\n<meta property=\"og:image\" content=\"https:\/\/whitesoundibiza.com\/wp-content\/uploads\/2025\/02\/nord4.png\" \/>\n\t<meta property=\"og:image:width\" content=\"500\" \/>\n\t<meta property=\"og:image:height\" content=\"500\" \/>\n\t<meta property=\"og:image:type\" content=\"image\/png\" \/>\n<meta name=\"twitter:card\" content=\"summary_large_image\" \/>\n<meta name=\"twitter:label1\" content=\"Tiempo de lectura\" \/>\n\t<meta name=\"twitter:data1\" content=\"2 minutos\" \/>\n<script type=\"application\/ld+json\" class=\"yoast-schema-graph\">{\"@context\":\"https:\\\/\\\/schema.org\",\"@graph\":[{\"@type\":\"WebPage\",\"@id\":\"https:\\\/\\\/whitesoundibiza.com\\\/es\\\/producto\\\/nord-etapa-4\\\/\",\"url\":\"https:\\\/\\\/whitesoundibiza.com\\\/es\\\/producto\\\/nord-etapa-4\\\/\",\"name\":\"Alquilar Nord Stage 4 Ibiza | White Sound Ibiza\",\"isPartOf\":{\"@id\":\"https:\\\/\\\/whitesoundibiza.com\\\/es\\\/#website\"},\"primaryImageOfPage\":{\"@id\":\"https:\\\/\\\/whitesoundibiza.com\\\/es\\\/producto\\\/nord-etapa-4\\\/#primaryimage\"},\"image\":{\"@id\":\"https:\\\/\\\/whitesoundibiza.com\\\/es\\\/producto\\\/nord-etapa-4\\\/#primaryimage\"},\"thumbnailUrl\":\"https:\\\/\\\/whitesoundibiza.com\\\/wp-content\\\/uploads\\\/2025\\\/02\\\/nord4.png\",\"datePublished\":\"2025-02-07T19:36:01+00:00\",\"dateModified\":\"2025-08-09T15:42:57+00:00\",\"description\":\"Alquila la Nord Stage 4 en Ibiza con White Sound Ibiza. Estaci\u00f3n de trabajo insignia de 88 teclas con motores de piano, samples y sintetizadores, cambio de capas sin interrupciones y conectividad profesional. \u00a1Reserva ahora!\",\"breadcrumb\":{\"@id\":\"https:\\\/\\\/whitesoundibiza.com\\\/es\\\/producto\\\/nord-etapa-4\\\/#breadcrumb\"},\"inLanguage\":\"es\",\"potentialAction\":[{\"@type\":\"ReadAction\",\"target\":[\"https:\\\/\\\/whitesoundibiza.com\\\/es\\\/producto\\\/nord-etapa-4\\\/\"]}]},{\"@type\":\"ImageObject\",\"inLanguage\":\"es\",\"@id\":\"https:\\\/\\\/whitesoundibiza.com\\\/es\\\/producto\\\/nord-etapa-4\\\/#primaryimage\",\"url\":\"https:\\\/\\\/whitesoundibiza.com\\\/wp-content\\\/uploads\\\/2025\\\/02\\\/nord4.png\",\"contentUrl\":\"https:\\\/\\\/whitesoundibiza.com\\\/wp-content\\\/uploads\\\/2025\\\/02\\\/nord4.png\",\"width\":500,\"height\":500,\"caption\":\"Estaci\u00f3n de trabajo de teclado de escenario Nord Stage 4 de 88 teclas con panel de aluminio rojo y pantalla OLED disponible para alquilar en Ibiza en White Sound Ibiza\"},{\"@type\":\"BreadcrumbList\",\"@id\":\"https:\\\/\\\/whitesoundibiza.com\\\/es\\\/producto\\\/nord-etapa-4\\\/#breadcrumb\",\"itemListElement\":[{\"@type\":\"ListItem\",\"position\":1,\"name\":\"Portada\",\"item\":\"https:\\\/\\\/whitesoundibiza.com\\\/es\\\/\"},{\"@type\":\"ListItem\",\"position\":2,\"name\":\"Tienda\",\"item\":\"https:\\\/\\\/whitesoundibiza.com\\\/es\\\/tienda\\\/\"},{\"@type\":\"ListItem\",\"position\":3,\"name\":\"Nord Etapa 4\"}]},{\"@type\":\"WebSite\",\"@id\":\"https:\\\/\\\/whitesoundibiza.com\\\/es\\\/#website\",\"url\":\"https:\\\/\\\/whitesoundibiza.com\\\/es\\\/\",\"name\":\"White Sound Ibiza\",\"description\":\"Rent Speakers in Ibiza\",\"publisher\":{\"@id\":\"https:\\\/\\\/whitesoundibiza.com\\\/es\\\/#organization\"},\"potentialAction\":[{\"@type\":\"SearchAction\",\"target\":{\"@type\":\"EntryPoint\",\"urlTemplate\":\"https:\\\/\\\/whitesoundibiza.com\\\/es\\\/?s={search_term_string}\"},\"query-input\":{\"@type\":\"PropertyValueSpecification\",\"valueRequired\":true,\"valueName\":\"search_term_string\"}}],\"inLanguage\":\"es\"},{\"@type\":\"Organization\",\"@id\":\"https:\\\/\\\/whitesoundibiza.com\\\/es\\\/#organization\",\"name\":\"White Sound Ibiza\",\"url\":\"https:\\\/\\\/whitesoundibiza.com\\\/es\\\/\",\"logo\":{\"@type\":\"ImageObject\",\"inLanguage\":\"es\",\"@id\":\"https:\\\/\\\/whitesoundibiza.com\\\/es\\\/#\\\/schema\\\/logo\\\/image\\\/\",\"url\":\"https:\\\/\\\/whitesoundibiza.com\\\/wp-content\\\/uploads\\\/2025\\\/05\\\/ws_logo.jpg\",\"contentUrl\":\"https:\\\/\\\/whitesoundibiza.com\\\/wp-content\\\/uploads\\\/2025\\\/05\\\/ws_logo.jpg\",\"width\":800,\"height\":235,\"caption\":\"White Sound Ibiza\"},\"image\":{\"@id\":\"https:\\\/\\\/whitesoundibiza.com\\\/es\\\/#\\\/schema\\\/logo\\\/image\\\/\"}}]}<\/script>\n<!-- \/ Yoast SEO plugin. -->","yoast_head_json":{"title":"Alquilar Nord Stage 4 Ibiza | White Sound Ibiza","description":"Alquila la Nord Stage 4 en Ibiza con White Sound Ibiza. Estaci\u00f3n de trabajo insignia de 88 teclas con motores de piano, samples y sintetizadores, cambio de capas sin interrupciones y conectividad profesional. \u00a1Reserva ahora!","robots":{"index":"index","follow":"follow","max-snippet":"max-snippet:-1","max-image-preview":"max-image-preview:large","max-video-preview":"max-video-preview:-1"},"canonical":"https:\/\/whitesoundibiza.com\/es\/producto\/nord-etapa-4\/","og_locale":"es_ES","og_type":"article","og_title":"Alquilar Nord Stage 4 Ibiza | White Sound Ibiza","og_description":"Alquila la Nord Stage 4 en Ibiza con White Sound Ibiza. Estaci\u00f3n de trabajo insignia de 88 teclas con motores de piano, samples y sintetizadores, cambio de capas sin interrupciones y conectividad profesional. \u00a1Reserva ahora!","og_url":"https:\/\/whitesoundibiza.com\/es\/producto\/nord-etapa-4\/","og_site_name":"White Sound Ibiza - Delivering Fun","article_modified_time":"2025-08-09T15:42:57+00:00","og_image":[{"width":500,"height":500,"url":"https:\/\/whitesoundibiza.com\/wp-content\/uploads\/2025\/02\/nord4.png","type":"image\/png"}],"twitter_card":"summary_large_image","twitter_misc":{"Tiempo de lectura":"2 minutos"},"schema":{"@context":"https:\/\/schema.org","@graph":[{"@type":"WebPage","@id":"https:\/\/whitesoundibiza.com\/es\/producto\/nord-etapa-4\/","url":"https:\/\/whitesoundibiza.com\/es\/producto\/nord-etapa-4\/","name":"Alquilar Nord Stage 4 Ibiza | White Sound Ibiza","isPartOf":{"@id":"https:\/\/whitesoundibiza.com\/es\/#website"},"primaryImageOfPage":{"@id":"https:\/\/whitesoundibiza.com\/es\/producto\/nord-etapa-4\/#primaryimage"},"image":{"@id":"https:\/\/whitesoundibiza.com\/es\/producto\/nord-etapa-4\/#primaryimage"},"thumbnailUrl":"https:\/\/whitesoundibiza.com\/wp-content\/uploads\/2025\/02\/nord4.png","datePublished":"2025-02-07T19:36:01+00:00","dateModified":"2025-08-09T15:42:57+00:00","description":"Alquila la Nord Stage 4 en Ibiza con White Sound Ibiza. Estaci\u00f3n de trabajo insignia de 88 teclas con motores de piano, samples y sintetizadores, cambio de capas sin interrupciones y conectividad profesional. \u00a1Reserva ahora!","breadcrumb":{"@id":"https:\/\/whitesoundibiza.com\/es\/producto\/nord-etapa-4\/#breadcrumb"},"inLanguage":"es","potentialAction":[{"@type":"ReadAction","target":["https:\/\/whitesoundibiza.com\/es\/producto\/nord-etapa-4\/"]}]},{"@type":"ImageObject","inLanguage":"es","@id":"https:\/\/whitesoundibiza.com\/es\/producto\/nord-etapa-4\/#primaryimage","url":"https:\/\/whitesoundibiza.com\/wp-content\/uploads\/2025\/02\/nord4.png","contentUrl":"https:\/\/whitesoundibiza.com\/wp-content\/uploads\/2025\/02\/nord4.png","width":500,"height":500,"caption":"Estaci\u00f3n de trabajo de teclado de escenario Nord Stage 4 de 88 teclas con panel de aluminio rojo y pantalla OLED disponible para alquilar en Ibiza en White Sound Ibiza"},{"@type":"BreadcrumbList","@id":"https:\/\/whitesoundibiza.com\/es\/producto\/nord-etapa-4\/#breadcrumb","itemListElement":[{"@type":"ListItem","position":1,"name":"Portada","item":"https:\/\/whitesoundibiza.com\/es\/"},{"@type":"ListItem","position":2,"name":"Tienda","item":"https:\/\/whitesoundibiza.com\/es\/tienda\/"},{"@type":"ListItem","position":3,"name":"Nord Etapa 4"}]},{"@type":"WebSite","@id":"https:\/\/whitesoundibiza.com\/es\/#website","url":"https:\/\/whitesoundibiza.com\/es\/","name":"White Sound Ibiza","description":"Rent Speakers in Ibiza","publisher":{"@id":"https:\/\/whitesoundibiza.com\/es\/#organization"},"potentialAction":[{"@type":"SearchAction","target":{"@type":"EntryPoint","urlTemplate":"https:\/\/whitesoundibiza.com\/es\/?s={search_term_string}"},"query-input":{"@type":"PropertyValueSpecification","valueRequired":true,"valueName":"search_term_string"}}],"inLanguage":"es"},{"@type":"Organization","@id":"https:\/\/whitesoundibiza.com\/es\/#organization","name":"White Sound Ibiza","url":"https:\/\/whitesoundibiza.com\/es\/","logo":{"@type":"ImageObject","inLanguage":"es","@id":"https:\/\/whitesoundibiza.com\/es\/#\/schema\/logo\/image\/","url":"https:\/\/whitesoundibiza.com\/wp-content\/uploads\/2025\/05\/ws_logo.jpg","contentUrl":"https:\/\/whitesoundibiza.com\/wp-content\/uploads\/2025\/05\/ws_logo.jpg","width":800,"height":235,"caption":"White Sound Ibiza"},"image":{"@id":"https:\/\/whitesoundibiza.com\/es\/#\/schema\/logo\/image\/"}}]}},"_links":{"self":[{"href":"https:\/\/whitesoundibiza.com\/es\/wp-json\/wp\/v2\/product\/49171","targetHints":{"allow":["GET"]}}],"collection":[{"href":"https:\/\/whitesoundibiza.com\/es\/wp-json\/wp\/v2\/product"}],"about":[{"href":"https:\/\/whitesoundibiza.com\/es\/wp-json\/wp\/v2\/types\/product"}],"wp:featuredmedia":[{"embeddable":true,"href":"https:\/\/whitesoundibiza.com\/es\/wp-json\/wp\/v2\/media\/48075"}],"wp:attachment":[{"href":"https:\/\/whitesoundibiza.com\/es\/wp-json\/wp\/v2\/media?parent=49171"}],"wp:term":[{"taxonomy":"product_brand","embeddable":true,"href":"https:\/\/whitesoundibiza.com\/es\/wp-json\/wp\/v2\/product_brand?post=49171"},{"taxonomy":"product_cat","embeddable":true,"href":"https:\/\/whitesoundibiza.com\/es\/wp-json\/wp\/v2\/product_cat?post=49171"},{"taxonomy":"product_tag","embeddable":true,"href":"https:\/\/whitesoundibiza.com\/es\/wp-json\/wp\/v2\/product_tag?post=49171"}],"curies":[{"name":"wp","href":"https:\/\/api.w.org\/{rel}","templated":true}]}}