{"id":49170,"date":"2025-02-08T00:55:16","date_gmt":"2025-02-08T00:55:16","guid":{"rendered":"https:\/\/whitesoundibiza.com\/producto\/pearl-decade-arce-s-negro\/"},"modified":"2025-08-09T15:42:57","modified_gmt":"2025-08-09T15:42:57","slug":"pearl-decade-arce-s-negro","status":"publish","type":"product","link":"https:\/\/whitesoundibiza.com\/es\/producto\/pearl-decade-arce-s-negro\/","title":{"rendered":"Pearl Decade Arce S. Negro"},"content":{"rendered":"<div class=\"flex basis-auto flex-col -mb-(--composer-overlap-px) [--composer-overlap-px:24px] grow overflow-hidden\">\n<div class=\"relative h-full\">\n<div class=\"flex h-full flex-col overflow-y-auto [scrollbar-gutter:stable_both-edges] @[84rem]\/thread:pt-(--header-height)\">\n<div class=\"@thread-xl\/thread:pt-header-height mt-1.5 flex flex-col text-sm pb-25\">\n<article class=\"text-token-text-primary w-full\" dir=\"auto\" data-testid=\"conversation-turn-516\" data-scroll-anchor=\"true\">\n<div class=\"text-base my-auto mx-auto py-5 [--thread-content-margin:--spacing(4)] @[37rem]:[--thread-content-margin:--spacing(6)] @[72rem]:[--thread-content-margin:--spacing(16)] px-(--thread-content-margin)\">\n<div class=\"[--thread-content-max-width:32rem] @[34rem]:[--thread-content-max-width:40rem] @[64rem]:[--thread-content-max-width:48rem] mx-auto flex max-w-(--thread-content-max-width) flex-1 text-base gap-4 md:gap-5 lg:gap-6 group\/turn-messages focus-visible:outline-hidden\" tabindex=\"-1\">\n<div class=\"group\/conversation-turn relative flex w-full min-w-0 flex-col agent-turn\">\n<div class=\"relative flex-col gap-1 md:gap-3\">\n<div class=\"flex max-w-full flex-col grow\">\n<div class=\"min-h-8 text-message relative flex w-full flex-col items-end gap-2 text-start break-words whitespace-normal [.text-message+&amp;]:mt-5\" dir=\"auto\" data-message-author-role=\"assistant\" data-message-id=\"b33996cc-2ee6-419f-ac4f-f23177c3f178\" data-message-model-slug=\"o4-mini-high\">\n<div class=\"flex w-full flex-col gap-1 empty:hidden first:pt-[3px]\">\n<div class=\"markdown prose dark:prose-invert w-full break-words dark\">\n<p class=\"\" data-start=\"703\" data-end=\"911\">Al <strong data-start=\"727\" data-end=\"772\">alquilar la caja de arce de la d\u00e9cada de perla ibiza negra<\/strong>, te aseguras una caja de calidad profesional con un tono vers\u00e1til. Adem\u00e1s, este modelo combina calidez y ataque en un elegante acabado lacado negro. <\/p>\n<p class=\"\" data-start=\"913\" data-end=\"1169\"><strong data-start=\"913\" data-end=\"944\">Construcci\u00f3n y dise\u00f1o de la carcasa<\/strong><br data-start=\"944\" data-end=\"947\">La Decade Maple tiene una carcasa de arce norteamericano de 8 capas. Como resultado, obtienes una calidez equilibrada en los graves y un chasquido claro en los medios. Adem\u00e1s, su construcci\u00f3n de l\u00e1minas cruzadas evita que la carcasa se deforme al tocar mucho.  <\/p>\n<p class=\"\" data-start=\"1171\" data-end=\"1427\"><strong data-start=\"1171\" data-end=\"1204\">Sistema<\/strong> de suspensi\u00f3n de <strong data-start=\"1171\" data-end=\"1204\">aire y aros<\/strong><br data-start=\"1204\" data-end=\"1207\">El sistema de suspensi\u00f3n de aire de Pearl a\u00edsla el casco de sus aros fundidos a presi\u00f3n. Por tanto, la resonancia del casco permanece plena y abierta. Adem\u00e1s, los pesados aros de fundici\u00f3n a\u00f1aden enfoque y articulaci\u00f3n al aro sin ahogar el tono.  <\/p>\n<p class=\"\" data-start=\"1429\" data-end=\"1708\"><strong data-start=\"1429\" data-end=\"1456\">Snare Wires &amp; Throw-Off<\/strong><br data-start=\"1456\" data-end=\"1459\">Equipada con alambres SR-2000 de acero con alto contenido en carbono, esta bordonera ofrece una respuesta n\u00edtida y cortante. Por su parte, el expulsor SR-1000 de ajuste r\u00e1pido te permite conectar o desconectar las bordoneras sin herramientas. De este modo, puedes cambiar entre sonidos de caja y de tom al instante.  <\/p>\n<p class=\"\" data-start=\"1710\" data-end=\"1941\"><strong data-start=\"1710\" data-end=\"1732\">Afinaci\u00f3n y rendimiento<\/strong><br data-start=\"1732\" data-end=\"1735\">Los tensores de doble taco con tecnolog\u00eda Flush Lock garantizan que los tacos permanezcan en su sitio. Como resultado, tu afinaci\u00f3n se mantiene estable a lo largo de vigorosos sets. Utiliza la llave de tambor incluida para ajustar la tensi\u00f3n del cabezal con precisi\u00f3n y facilidad.  <\/p>\n<p class=\"\" data-start=\"1943\" data-end=\"2201\"><strong data-start=\"1943\" data-end=\"1968\">Caracter\u00edsticas de sonido<\/strong><br data-start=\"1968\" data-end=\"1971\">Esta caja destaca en g\u00e9neros que van del jazz al rock. Su armaz\u00f3n de arce ofrece un &#8220;crujido&#8221; c\u00e1lido y musical en los golpes de aro. A la inversa, la profundidad del armaz\u00f3n proporciona tonos graves &#8220;doum&#8221; centrados. Por tanto, cubre un amplio rango din\u00e1mico con claridad.   <\/p>\n<p class=\"\" data-start=\"2203\" data-end=\"2479\"><strong data-start=\"2203\" data-end=\"2233\">Aplicaciones y versatilidad<\/strong><br data-start=\"2233\" data-end=\"2236\">Tanto si <strong data-start=\"2248\" data-end=\"2293\">alquilas la caja de arce pearl decade black ibiza<\/strong> para hacer grabaciones en estudio como para actuaciones en directo, se adapta a la perfecci\u00f3n. Bateristas, m\u00fasicos de sesi\u00f3n y grupos conf\u00edan en su rendimiento constante. Adem\u00e1s, su aspecto cl\u00e1sico se adapta a cualquier dise\u00f1o de escenario o decorado.  <\/p>\n<p class=\"\" data-start=\"2481\" data-end=\"2709\"><strong data-start=\"2481\" data-end=\"2503\">Mantenimiento y cuidado<\/strong><br data-start=\"2503\" data-end=\"2506\">Despu\u00e9s de cada uso, limpia la carcasa y los herrajes con un pa\u00f1o suave. Comprueba peri\u00f3dicamente la tensi\u00f3n de las leng\u00fcetas para evitar que se desplacen. Adem\u00e1s, guarda el tambor en una funda acolchada para proteger su acabado y garantizar su fiabilidad.  <\/p>\n<p class=\"\" data-start=\"2711\" data-end=\"3044\"><strong data-start=\"2711\" data-end=\"2731\">Alquiler y asistencia<\/strong><br data-start=\"2731\" data-end=\"2734\">Para ver las especificaciones completas, visita <a class=\"cursor-pointer\" target=\"_new\" rel=\"noopener\" data-start=\"2769\" data-end=\"2884\">la p\u00e1gina del producto Pearl Decade Maple Snare Black<\/a>. White Sound Ibiza se encarga de la entrega, la configuraci\u00f3n in situ y la asistencia t\u00e9cnica. De este modo, t\u00fa te centras en tu actuaci\u00f3n mientras nosotros nos encargamos del equipo.  <\/p>\n<p class=\"\" data-start=\"3046\" data-end=\"3176\">Alquila la <strong data-start=\"3055\" data-end=\"3098\">caja Pearl Decade Maple Black en Ibiza<\/strong> hoy mismo en White Sound Ibiza y eleva tu sonido con precisi\u00f3n profesional.<\/p>\n<\/div>\n<\/div>\n<\/div>\n<\/div>\n<\/div>\n<\/div>\n<\/div>\n<\/div>\n<\/article>\n<\/div>\n<\/div>\n<\/div>\n<\/div>\n<style id=\"wpforms-css-vars-1077\">\n\t\t\t\t#wpforms-1077 {\n\t\t\t\t\n\t\t\t}\n\t\t\t<\/style><div class=\"wpforms-container wpforms-container-full wpforms-render-modern\" id=\"wpforms-1077\"><form id=\"wpforms-form-1077\" class=\"wpforms-validate wpforms-form wpforms-ajax-form\" data-formid=\"1077\" method=\"post\" enctype=\"multipart\/form-data\" action=\"\/es\/wp-json\/wp\/v2\/product\/49170\" data-token=\"c7bb1d31c39adce307080c74345dd3ec\" data-token-time=\"1775295906\"><noscript class=\"wpforms-error-noscript\">Por favor, activa JavaScript en tu navegador para completar este formulario.<\/noscript><div id=\"wpforms-error-noscript\" style=\"display: none;\">Por favor, activa JavaScript en tu navegador para completar este formulario.<\/div><div class=\"wpforms-field-container\"><div id=\"wpforms-1077-field_0-container\" class=\"wpforms-field wpforms-field-name\" data-field-id=\"0\"><fieldset><legend class=\"wpforms-field-label\">Nombre <span class=\"wpforms-required-label\" aria-hidden=\"true\">*<\/span><\/legend><div class=\"wpforms-field-row wpforms-field-medium\"><div class=\"wpforms-field-row-block wpforms-first wpforms-one-half\"><input type=\"text\" id=\"wpforms-1077-field_0\" class=\"wpforms-field-name-first wpforms-field-required\" name=\"wpforms[fields][0][first]\" placeholder=\"Nombre\" aria-errormessage=\"wpforms-1077-field_0-error\" required><label for=\"wpforms-1077-field_0\" class=\"wpforms-field-sublabel after wpforms-sublabel-hide\">Nombre<\/label><\/div><div class=\"wpforms-field-row-block wpforms-one-half\"><input type=\"text\" id=\"wpforms-1077-field_0-last\" class=\"wpforms-field-name-last wpforms-field-required\" name=\"wpforms[fields][0][last]\" placeholder=\"Apellidos\" aria-errormessage=\"wpforms-1077-field_0-last-error\" required><label for=\"wpforms-1077-field_0-last\" class=\"wpforms-field-sublabel after wpforms-sublabel-hide\">Apellidos<\/label><\/div><\/div><\/fieldset><\/div><div id=\"wpforms-1077-field_7-container\" class=\"wpforms-field wpforms-field-layout\" data-field-id=\"7\"><div class=\"wpforms-field-layout-columns wpforms-field-layout-preset-50-50\"><div class=\"wpforms-layout-column wpforms-layout-column-50\" ><div id=\"wpforms-1077-field_1-container\" class=\"wpforms-field wpforms-field-email\" data-field-id=\"1\"><label class=\"wpforms-field-label\" for=\"wpforms-1077-field_1\">Env\u00eda un correo electr\u00f3nico a <span class=\"wpforms-required-label\" aria-hidden=\"true\">*<\/span><\/label><input type=\"email\" id=\"wpforms-1077-field_1\" class=\"wpforms-field-medium wpforms-field-required\" name=\"wpforms[fields][1]\" spellcheck=\"false\" aria-errormessage=\"wpforms-1077-field_1-error\" required><\/div><\/div><div class=\"wpforms-layout-column wpforms-layout-column-50\" ><div id=\"wpforms-1077-field_8-container\" class=\"wpforms-field wpforms-field-phone\" data-field-id=\"8\"><label class=\"wpforms-field-label\" for=\"wpforms-1077-field_8\">N\u00famero de tel\u00e9fono <span class=\"wpforms-required-label\" aria-hidden=\"true\">*<\/span><\/label><input type=\"tel\" id=\"wpforms-1077-field_8\" class=\"wpforms-field-medium wpforms-field-required wpforms-smart-phone-field\" data-rule-smart-phone-field=\"true\" name=\"wpforms[fields][8]\" aria-label=\"N\u00famero de tel\u00e9fono\" aria-errormessage=\"wpforms-1077-field_8-error\" required><\/div><\/div><\/div><\/div><div id=\"wpforms-1077-field_10-container\" class=\"wpforms-field wpforms-field-layout\" data-field-id=\"10\"><div class=\"wpforms-field-layout-columns wpforms-field-layout-preset-50-50\"><div class=\"wpforms-layout-column wpforms-layout-column-50\" ><div id=\"wpforms-1077-field_4-container\" class=\"wpforms-field wpforms-field-date-time\" data-field-id=\"4\"><label class=\"wpforms-field-label\" for=\"wpforms-1077-field_4\">Desde<\/label><div class=\"wpforms-datepicker-wrap\"><input type=\"text\" id=\"wpforms-1077-field_4\" class=\"wpforms-field-date-time-date wpforms-datepicker wpforms-field-small\" data-date-format=\"m\/d\/Y\" data-disable-past-dates=\"0\" data-input=\"true\" name=\"wpforms[fields][4][date]\" aria-errormessage=\"wpforms-1077-field_4-error\" ><a title=\"Borrar fecha\" data-clear role=\"button\" tabindex=\"0\" class=\"wpforms-datepicker-clear\" aria-label=\"Borrar fecha\" style=\"display:none;\"><\/a><\/div><\/div><\/div><div class=\"wpforms-layout-column wpforms-layout-column-50\" ><div id=\"wpforms-1077-field_9-container\" class=\"wpforms-field wpforms-field-date-time\" data-field-id=\"9\"><label class=\"wpforms-field-label\" for=\"wpforms-1077-field_9\">Hasta<\/label><div class=\"wpforms-datepicker-wrap\"><input type=\"text\" id=\"wpforms-1077-field_9\" class=\"wpforms-field-date-time-date wpforms-datepicker wpforms-field-small\" data-date-format=\"m\/d\/Y\" data-disable-past-dates=\"0\" data-input=\"true\" name=\"wpforms[fields][9][date]\" aria-errormessage=\"wpforms-1077-field_9-error\" ><a title=\"Borrar fecha\" data-clear role=\"button\" tabindex=\"0\" class=\"wpforms-datepicker-clear\" aria-label=\"Borrar fecha\" style=\"display:none;\"><\/a><\/div><\/div><\/div><\/div><\/div>\t\t<div id=\"wpforms-1077-field_3-container\"\n\t\t\tclass=\"wpforms-field wpforms-field-text\"\n\t\t\tdata-field-type=\"text\"\n\t\t\tdata-field-id=\"3\"\n\t\t\t>\n\t\t\t<label class=\"wpforms-field-label\" for=\"wpforms-1077-field_3\" >Dise\u00f1o N\u00famero un<\/label>\n\t\t\t<input type=\"text\" id=\"wpforms-1077-field_3\" class=\"wpforms-field-medium\" name=\"wpforms[fields][3]\" >\n\t\t<\/div>\n\t\t<div id=\"wpforms-1077-field_2-container\" class=\"wpforms-field wpforms-field-textarea\" data-field-id=\"2\"><label class=\"wpforms-field-label\" for=\"wpforms-1077-field_2\">Mensaje<\/label><textarea id=\"wpforms-1077-field_2\" class=\"wpforms-field-medium\" name=\"wpforms[fields][2]\" placeholder=\"\u00bfC\u00f3mo podemos ayudarte?\" aria-errormessage=\"wpforms-1077-field_2-error\" ><\/textarea><\/div><script>\n\t\t\t\t( function() {\n\t\t\t\t\tconst style = document.createElement( 'style' );\n\t\t\t\t\tstyle.appendChild( document.createTextNode( '#wpforms-1077-field_3-container { position: absolute !important; overflow: hidden !important; display: inline !important; height: 1px !important; width: 1px !important; z-index: -1000 !important; padding: 0 !important; } #wpforms-1077-field_3-container input { visibility: hidden; } #wpforms-conversational-form-page #wpforms-1077-field_3-container label { counter-increment: none; }' ) );\n\t\t\t\t\tdocument.head.appendChild( style );\n\t\t\t\t\tdocument.currentScript?.remove();\n\t\t\t\t} )();\n\t\t\t<\/script><\/div><!-- .wpforms-field-container --><div class=\"wpforms-recaptcha-container wpforms-is-recaptcha wpforms-is-recaptcha-type-v2\" ><div class=\"g-recaptcha\" data-sitekey=\"6LeS7gEkAAAAAO-EsXRwxTakHs6Q_9Z0rQYHkIS5\"><\/div><input type=\"text\" name=\"g-recaptcha-hidden\" class=\"wpforms-recaptcha-hidden\" style=\"position:absolute!important;clip:rect(0,0,0,0)!important;height:1px!important;width:1px!important;border:0!important;overflow:hidden!important;padding:0!important;margin:0!important;\" data-rule-recaptcha=\"1\"><\/div><div class=\"wpforms-submit-container\" ><input type=\"hidden\" name=\"wpforms[id]\" value=\"1077\"><input type=\"hidden\" name=\"page_title\" value=\"\"><input type=\"hidden\" name=\"page_url\" value=\"https:\/\/whitesoundibiza.com\/es\/wp-json\/wp\/v2\/product\/49170\"><input type=\"hidden\" name=\"url_referer\" value=\"\"><button type=\"submit\" name=\"wpforms[submit]\" id=\"wpforms-submit-1077\" class=\"wpforms-submit\" data-alt-text=\"Enviando...\" data-submit-text=\"Env\u00eda\" aria-live=\"assertive\" value=\"wpforms-submit\">Env\u00eda<\/button><img decoding=\"async\" src=\"https:\/\/whitesoundibiza.com\/wp-content\/plugins\/wpforms\/assets\/images\/submit-spin.svg\" class=\"wpforms-submit-spinner\" style=\"display: none;\" width=\"26\" height=\"26\" alt=\"Cargando\"><\/div><\/form><\/div>  <!-- .wpforms-container -->\n","protected":false},"excerpt":{"rendered":"<p class=\"\" data-start=\"337\" data-end=\"533\">Una caja Pearl Decade Maple de 14\u2033\u00d75,5\u2033 y acabado negro, con un armaz\u00f3n de arce de 8 capas, sistema Air Suspension, aros fundidos a presi\u00f3n y lanzamiento de ajuste r\u00e1pido, ideal para el estudio y el escenario.<\/p>\n<p class=\"\" data-start=\"535\" data-end=\"680\">\n","protected":false},"featured_media":48077,"template":"","meta":{"_joinchat":[]},"product_brand":[],"product_cat":[171],"product_tag":[],"class_list":{"0":"post-49170","1":"product","2":"type-product","3":"status-publish","4":"has-post-thumbnail","6":"product_cat-percusion","8":"first","9":"instock","10":"taxable","11":"shipping-taxable","12":"purchasable","13":"product-type-rentable"},"yoast_head":"<!-- This site is optimized with the Yoast SEO plugin v27.3 - https:\/\/yoast.com\/product\/yoast-seo-wordpress\/ -->\n<title>Alquilar Pearl Decade Maple Snare Negro Ibiza | Blanco Sonido Ibiza<\/title>\n<meta name=\"description\" content=\"Alquila la caja Pearl Decade Maple negra en Ibiza de White Sound Ibiza. Casco de arce de 14\u2033\u00d75,5\u2033, sistema de suspensi\u00f3n neum\u00e1tica, aros fundidos a presi\u00f3n y articulaci\u00f3n n\u00edtida. \u00a1Reserva ahora!\" \/>\n<meta name=\"robots\" content=\"index, follow, max-snippet:-1, max-image-preview:large, max-video-preview:-1\" \/>\n<link rel=\"canonical\" href=\"https:\/\/whitesoundibiza.com\/es\/producto\/pearl-decade-arce-s-negro\/\" \/>\n<meta property=\"og:locale\" content=\"es_ES\" \/>\n<meta property=\"og:type\" content=\"article\" \/>\n<meta property=\"og:title\" content=\"Alquilar Pearl Decade Maple Snare Negro Ibiza | Blanco Sonido Ibiza\" \/>\n<meta property=\"og:description\" content=\"Alquila la caja Pearl Decade Maple negra en Ibiza de White Sound Ibiza. Casco de arce de 14\u2033\u00d75,5\u2033, sistema de suspensi\u00f3n neum\u00e1tica, aros fundidos a presi\u00f3n y articulaci\u00f3n n\u00edtida. \u00a1Reserva ahora!\" \/>\n<meta property=\"og:url\" content=\"https:\/\/whitesoundibiza.com\/es\/producto\/pearl-decade-arce-s-negro\/\" \/>\n<meta property=\"og:site_name\" content=\"White Sound Ibiza - Delivering Fun\" \/>\n<meta property=\"article:modified_time\" content=\"2025-08-09T15:42:57+00:00\" \/>\n<meta property=\"og:image\" content=\"https:\/\/whitesoundibiza.com\/wp-content\/uploads\/2025\/02\/pearlmaple.jpg\" \/>\n\t<meta property=\"og:image:width\" content=\"600\" \/>\n\t<meta property=\"og:image:height\" content=\"600\" \/>\n\t<meta property=\"og:image:type\" content=\"image\/jpeg\" \/>\n<meta name=\"twitter:card\" content=\"summary_large_image\" \/>\n<meta name=\"twitter:label1\" content=\"Tiempo de lectura\" \/>\n\t<meta name=\"twitter:data1\" content=\"3 minutos\" \/>\n<script type=\"application\/ld+json\" class=\"yoast-schema-graph\">{\"@context\":\"https:\\\/\\\/schema.org\",\"@graph\":[{\"@type\":\"WebPage\",\"@id\":\"https:\\\/\\\/whitesoundibiza.com\\\/es\\\/producto\\\/pearl-decade-arce-s-negro\\\/\",\"url\":\"https:\\\/\\\/whitesoundibiza.com\\\/es\\\/producto\\\/pearl-decade-arce-s-negro\\\/\",\"name\":\"Alquilar Pearl Decade Maple Snare Negro Ibiza | Blanco Sonido Ibiza\",\"isPartOf\":{\"@id\":\"https:\\\/\\\/whitesoundibiza.com\\\/es\\\/#website\"},\"primaryImageOfPage\":{\"@id\":\"https:\\\/\\\/whitesoundibiza.com\\\/es\\\/producto\\\/pearl-decade-arce-s-negro\\\/#primaryimage\"},\"image\":{\"@id\":\"https:\\\/\\\/whitesoundibiza.com\\\/es\\\/producto\\\/pearl-decade-arce-s-negro\\\/#primaryimage\"},\"thumbnailUrl\":\"https:\\\/\\\/whitesoundibiza.com\\\/wp-content\\\/uploads\\\/2025\\\/02\\\/pearlmaple.jpg\",\"datePublished\":\"2025-02-08T00:55:16+00:00\",\"dateModified\":\"2025-08-09T15:42:57+00:00\",\"description\":\"Alquila la caja Pearl Decade Maple negra en Ibiza de White Sound Ibiza. Casco de arce de 14\u2033\u00d75,5\u2033, sistema de suspensi\u00f3n neum\u00e1tica, aros fundidos a presi\u00f3n y articulaci\u00f3n n\u00edtida. \u00a1Reserva ahora!\",\"breadcrumb\":{\"@id\":\"https:\\\/\\\/whitesoundibiza.com\\\/es\\\/producto\\\/pearl-decade-arce-s-negro\\\/#breadcrumb\"},\"inLanguage\":\"es\",\"potentialAction\":[{\"@type\":\"ReadAction\",\"target\":[\"https:\\\/\\\/whitesoundibiza.com\\\/es\\\/producto\\\/pearl-decade-arce-s-negro\\\/\"]}]},{\"@type\":\"ImageObject\",\"inLanguage\":\"es\",\"@id\":\"https:\\\/\\\/whitesoundibiza.com\\\/es\\\/producto\\\/pearl-decade-arce-s-negro\\\/#primaryimage\",\"url\":\"https:\\\/\\\/whitesoundibiza.com\\\/wp-content\\\/uploads\\\/2025\\\/02\\\/pearlmaple.jpg\",\"contentUrl\":\"https:\\\/\\\/whitesoundibiza.com\\\/wp-content\\\/uploads\\\/2025\\\/02\\\/pearlmaple.jpg\",\"width\":600,\"height\":600,\"caption\":\"Caja Pearl Decade Maple 14\u2033\u00d75.5\u2033 en acabado negro con aros fundidos a presi\u00f3n disponible para alquilar en Ibiza en White Sound Ibiza\"},{\"@type\":\"BreadcrumbList\",\"@id\":\"https:\\\/\\\/whitesoundibiza.com\\\/es\\\/producto\\\/pearl-decade-arce-s-negro\\\/#breadcrumb\",\"itemListElement\":[{\"@type\":\"ListItem\",\"position\":1,\"name\":\"Portada\",\"item\":\"https:\\\/\\\/whitesoundibiza.com\\\/es\\\/\"},{\"@type\":\"ListItem\",\"position\":2,\"name\":\"Tienda\",\"item\":\"https:\\\/\\\/whitesoundibiza.com\\\/es\\\/tienda\\\/\"},{\"@type\":\"ListItem\",\"position\":3,\"name\":\"Pearl Decade Arce S. Negro\"}]},{\"@type\":\"WebSite\",\"@id\":\"https:\\\/\\\/whitesoundibiza.com\\\/es\\\/#website\",\"url\":\"https:\\\/\\\/whitesoundibiza.com\\\/es\\\/\",\"name\":\"White Sound Ibiza\",\"description\":\"Rent Speakers in Ibiza\",\"publisher\":{\"@id\":\"https:\\\/\\\/whitesoundibiza.com\\\/es\\\/#organization\"},\"potentialAction\":[{\"@type\":\"SearchAction\",\"target\":{\"@type\":\"EntryPoint\",\"urlTemplate\":\"https:\\\/\\\/whitesoundibiza.com\\\/es\\\/?s={search_term_string}\"},\"query-input\":{\"@type\":\"PropertyValueSpecification\",\"valueRequired\":true,\"valueName\":\"search_term_string\"}}],\"inLanguage\":\"es\"},{\"@type\":\"Organization\",\"@id\":\"https:\\\/\\\/whitesoundibiza.com\\\/es\\\/#organization\",\"name\":\"White Sound Ibiza\",\"url\":\"https:\\\/\\\/whitesoundibiza.com\\\/es\\\/\",\"logo\":{\"@type\":\"ImageObject\",\"inLanguage\":\"es\",\"@id\":\"https:\\\/\\\/whitesoundibiza.com\\\/es\\\/#\\\/schema\\\/logo\\\/image\\\/\",\"url\":\"https:\\\/\\\/whitesoundibiza.com\\\/wp-content\\\/uploads\\\/2025\\\/05\\\/ws_logo.jpg\",\"contentUrl\":\"https:\\\/\\\/whitesoundibiza.com\\\/wp-content\\\/uploads\\\/2025\\\/05\\\/ws_logo.jpg\",\"width\":800,\"height\":235,\"caption\":\"White Sound Ibiza\"},\"image\":{\"@id\":\"https:\\\/\\\/whitesoundibiza.com\\\/es\\\/#\\\/schema\\\/logo\\\/image\\\/\"}}]}<\/script>\n<!-- \/ Yoast SEO plugin. -->","yoast_head_json":{"title":"Alquilar Pearl Decade Maple Snare Negro Ibiza | Blanco Sonido Ibiza","description":"Alquila la caja Pearl Decade Maple negra en Ibiza de White Sound Ibiza. Casco de arce de 14\u2033\u00d75,5\u2033, sistema de suspensi\u00f3n neum\u00e1tica, aros fundidos a presi\u00f3n y articulaci\u00f3n n\u00edtida. \u00a1Reserva ahora!","robots":{"index":"index","follow":"follow","max-snippet":"max-snippet:-1","max-image-preview":"max-image-preview:large","max-video-preview":"max-video-preview:-1"},"canonical":"https:\/\/whitesoundibiza.com\/es\/producto\/pearl-decade-arce-s-negro\/","og_locale":"es_ES","og_type":"article","og_title":"Alquilar Pearl Decade Maple Snare Negro Ibiza | Blanco Sonido Ibiza","og_description":"Alquila la caja Pearl Decade Maple negra en Ibiza de White Sound Ibiza. Casco de arce de 14\u2033\u00d75,5\u2033, sistema de suspensi\u00f3n neum\u00e1tica, aros fundidos a presi\u00f3n y articulaci\u00f3n n\u00edtida. \u00a1Reserva ahora!","og_url":"https:\/\/whitesoundibiza.com\/es\/producto\/pearl-decade-arce-s-negro\/","og_site_name":"White Sound Ibiza - Delivering Fun","article_modified_time":"2025-08-09T15:42:57+00:00","og_image":[{"width":600,"height":600,"url":"https:\/\/whitesoundibiza.com\/wp-content\/uploads\/2025\/02\/pearlmaple.jpg","type":"image\/jpeg"}],"twitter_card":"summary_large_image","twitter_misc":{"Tiempo de lectura":"3 minutos"},"schema":{"@context":"https:\/\/schema.org","@graph":[{"@type":"WebPage","@id":"https:\/\/whitesoundibiza.com\/es\/producto\/pearl-decade-arce-s-negro\/","url":"https:\/\/whitesoundibiza.com\/es\/producto\/pearl-decade-arce-s-negro\/","name":"Alquilar Pearl Decade Maple Snare Negro Ibiza | Blanco Sonido Ibiza","isPartOf":{"@id":"https:\/\/whitesoundibiza.com\/es\/#website"},"primaryImageOfPage":{"@id":"https:\/\/whitesoundibiza.com\/es\/producto\/pearl-decade-arce-s-negro\/#primaryimage"},"image":{"@id":"https:\/\/whitesoundibiza.com\/es\/producto\/pearl-decade-arce-s-negro\/#primaryimage"},"thumbnailUrl":"https:\/\/whitesoundibiza.com\/wp-content\/uploads\/2025\/02\/pearlmaple.jpg","datePublished":"2025-02-08T00:55:16+00:00","dateModified":"2025-08-09T15:42:57+00:00","description":"Alquila la caja Pearl Decade Maple negra en Ibiza de White Sound Ibiza. Casco de arce de 14\u2033\u00d75,5\u2033, sistema de suspensi\u00f3n neum\u00e1tica, aros fundidos a presi\u00f3n y articulaci\u00f3n n\u00edtida. \u00a1Reserva ahora!","breadcrumb":{"@id":"https:\/\/whitesoundibiza.com\/es\/producto\/pearl-decade-arce-s-negro\/#breadcrumb"},"inLanguage":"es","potentialAction":[{"@type":"ReadAction","target":["https:\/\/whitesoundibiza.com\/es\/producto\/pearl-decade-arce-s-negro\/"]}]},{"@type":"ImageObject","inLanguage":"es","@id":"https:\/\/whitesoundibiza.com\/es\/producto\/pearl-decade-arce-s-negro\/#primaryimage","url":"https:\/\/whitesoundibiza.com\/wp-content\/uploads\/2025\/02\/pearlmaple.jpg","contentUrl":"https:\/\/whitesoundibiza.com\/wp-content\/uploads\/2025\/02\/pearlmaple.jpg","width":600,"height":600,"caption":"Caja Pearl Decade Maple 14\u2033\u00d75.5\u2033 en acabado negro con aros fundidos a presi\u00f3n disponible para alquilar en Ibiza en White Sound Ibiza"},{"@type":"BreadcrumbList","@id":"https:\/\/whitesoundibiza.com\/es\/producto\/pearl-decade-arce-s-negro\/#breadcrumb","itemListElement":[{"@type":"ListItem","position":1,"name":"Portada","item":"https:\/\/whitesoundibiza.com\/es\/"},{"@type":"ListItem","position":2,"name":"Tienda","item":"https:\/\/whitesoundibiza.com\/es\/tienda\/"},{"@type":"ListItem","position":3,"name":"Pearl Decade Arce S. Negro"}]},{"@type":"WebSite","@id":"https:\/\/whitesoundibiza.com\/es\/#website","url":"https:\/\/whitesoundibiza.com\/es\/","name":"White Sound Ibiza","description":"Rent Speakers in Ibiza","publisher":{"@id":"https:\/\/whitesoundibiza.com\/es\/#organization"},"potentialAction":[{"@type":"SearchAction","target":{"@type":"EntryPoint","urlTemplate":"https:\/\/whitesoundibiza.com\/es\/?s={search_term_string}"},"query-input":{"@type":"PropertyValueSpecification","valueRequired":true,"valueName":"search_term_string"}}],"inLanguage":"es"},{"@type":"Organization","@id":"https:\/\/whitesoundibiza.com\/es\/#organization","name":"White Sound Ibiza","url":"https:\/\/whitesoundibiza.com\/es\/","logo":{"@type":"ImageObject","inLanguage":"es","@id":"https:\/\/whitesoundibiza.com\/es\/#\/schema\/logo\/image\/","url":"https:\/\/whitesoundibiza.com\/wp-content\/uploads\/2025\/05\/ws_logo.jpg","contentUrl":"https:\/\/whitesoundibiza.com\/wp-content\/uploads\/2025\/05\/ws_logo.jpg","width":800,"height":235,"caption":"White Sound Ibiza"},"image":{"@id":"https:\/\/whitesoundibiza.com\/es\/#\/schema\/logo\/image\/"}}]}},"_links":{"self":[{"href":"https:\/\/whitesoundibiza.com\/es\/wp-json\/wp\/v2\/product\/49170","targetHints":{"allow":["GET"]}}],"collection":[{"href":"https:\/\/whitesoundibiza.com\/es\/wp-json\/wp\/v2\/product"}],"about":[{"href":"https:\/\/whitesoundibiza.com\/es\/wp-json\/wp\/v2\/types\/product"}],"wp:featuredmedia":[{"embeddable":true,"href":"https:\/\/whitesoundibiza.com\/es\/wp-json\/wp\/v2\/media\/48077"}],"wp:attachment":[{"href":"https:\/\/whitesoundibiza.com\/es\/wp-json\/wp\/v2\/media?parent=49170"}],"wp:term":[{"taxonomy":"product_brand","embeddable":true,"href":"https:\/\/whitesoundibiza.com\/es\/wp-json\/wp\/v2\/product_brand?post=49170"},{"taxonomy":"product_cat","embeddable":true,"href":"https:\/\/whitesoundibiza.com\/es\/wp-json\/wp\/v2\/product_cat?post=49170"},{"taxonomy":"product_tag","embeddable":true,"href":"https:\/\/whitesoundibiza.com\/es\/wp-json\/wp\/v2\/product_tag?post=49170"}],"curies":[{"name":"wp","href":"https:\/\/api.w.org\/{rel}","templated":true}]}}