{"id":49169,"date":"2025-02-07T19:36:00","date_gmt":"2025-02-07T19:36:00","guid":{"rendered":"https:\/\/whitesoundibiza.com\/producto\/mark-bass-marcus-miller-cmd-103\/"},"modified":"2025-08-09T15:42:57","modified_gmt":"2025-08-09T15:42:57","slug":"mark-bass-marcus-miller-cmd-103","status":"publish","type":"product","link":"https:\/\/whitesoundibiza.com\/es\/producto\/mark-bass-marcus-miller-cmd-103\/","title":{"rendered":"Mark Bass Marcus Miller Cmd 103"},"content":{"rendered":"<p class=\"\" data-start=\"675\" data-end=\"845\">Cuando <strong data-start=\"699\" data-end=\"744\">alquilas un markbass marcus miller cmd 103 ibiza<\/strong>, obtienes un cabezal amplificador de graves de calidad profesional. Adem\u00e1s, esta unidad a\u00fana potencia y portabilidad en un solo paquete. <\/p>\n<p class=\"\" data-start=\"847\" data-end=\"1087\"><strong data-start=\"847\" data-end=\"870\">Potencia y portabilidad<\/strong><br data-start=\"870\" data-end=\"873\">El CMD 103 proporciona 500 W a 4 \u03a9. En consecuencia, llena cualquier recinto con graves contundentes y sin distorsi\u00f3n. Adem\u00e1s, su chasis de aluminio de 1,4 kg se mantiene ligero en tu carro de equipo. As\u00ed te ahorras los problemas de transporte.   <\/p>\n<p class=\"\" data-start=\"1089\" data-end=\"1346\"><strong data-start=\"1089\" data-end=\"1117\">Dos canales independientes<\/strong><br data-start=\"1117\" data-end=\"1120\">El canal A se encarga de las pastillas pasivas con un amplio margen. El canal B optimiza los bajos activos para una mayor claridad a cualquier nivel. Adem\u00e1s, cada canal tiene un bot\u00f3n de volumen dedicado. Como resultado, puedes cambiar de bajo sin compromiso.   <\/p>\n<p class=\"\" data-start=\"1348\" data-end=\"1567\"><strong data-start=\"1348\" data-end=\"1376\">DI activa y conectividad<\/strong><br data-start=\"1376\" data-end=\"1379\">Una salida XLR DI env\u00eda una se\u00f1al balanceada a FOH o a equipos de grabaci\u00f3n. Adem\u00e1s, la toma &#8220;Thru&#8221; te permite encadenar varios cabezales. De este modo, agilizas tu rack y reduces el desorden de cables.  <\/p>\n<p class=\"\" data-start=\"1569\" data-end=\"1826\"><strong data-start=\"1569\" data-end=\"1590\">EQ &amp; Tone Shaping<\/strong><br data-start=\"1590\" data-end=\"1593\">Un EQ de 3 bandas cubre graves, medios y agudos. Adem\u00e1s, un control param\u00e9trico de frecuencias medias afina tu tono central. Por lo tanto, atraviesas f\u00e1cilmente las mezclas densas. Asimismo, los graves ultra ajustados conservan la pegada incluso con ganancia alta.   <\/p>\n<p class=\"\" data-start=\"1828\" data-end=\"2079\"><strong data-start=\"1828\" data-end=\"1859\">Calidad de construcci\u00f3n y fiabilidad<\/strong><br data-start=\"1859\" data-end=\"1862\">Construido con aluminio de calidad aeron\u00e1utica, el CMD 103 resiste el desgaste de la carretera. Sus mandos con pomo fresado resisten el deslizamiento con las manos sudorosas. Adem\u00e1s, el panel superior ventilado evita el corte t\u00e9rmico durante las series maratonianas.  <\/p>\n<p class=\"\" data-start=\"2081\" data-end=\"2349\"><strong data-start=\"2081\" data-end=\"2111\">Rendimiento y aplicaciones<\/strong><br data-start=\"2111\" data-end=\"2114\">Tanto si <strong data-start=\"2126\" data-end=\"2171\">alquilas el markbass marcus miller cmd 103 ibiza<\/strong> para sesiones de estudio como para actuaciones en directo, se adapta. Su espacio para la cabeza se adapta por igual a guitarristas de slap, fingerstyle y p\u00faa. Adem\u00e1s, los grupos de gira conf\u00edan en su tono constante noche tras noche.  <\/p>\n<p class=\"\" data-start=\"2351\" data-end=\"2558\"><strong data-start=\"2351\" data-end=\"2375\">Recursos adicionales<\/strong><br data-start=\"2375\" data-end=\"2378\">Para consultar las especificaciones completas y los manuales de usuario, visita <a class=\"cursor-pointer\" target=\"_new\" rel=\"noopener\" data-start=\"2421\" data-end=\"2536\">la p\u00e1gina del producto Markbass Marcus Miller CMD 103<\/a> en White Sound Ibiza.<\/p>\n<p class=\"\" data-start=\"2560\" data-end=\"2845\"><strong data-start=\"2560\" data-end=\"2580\">Alquiler y asistencia<\/strong><br data-start=\"2580\" data-end=\"2583\">White Sound Ibiza proporciona la entrega, orientaci\u00f3n para la instalaci\u00f3n y asistencia t\u00e9cnica in situ. En consecuencia, t\u00fa te centras en el rendimiento mientras nosotros nos encargamos del equipo. \u00a1Reserva hoy mismo el <strong data-start=\"2744\" data-end=\"2787\">Markbass Marcus Miller CMD 103 en Ibiza<\/strong> y eleva el sonido de tu bajo a niveles profesionales!  <\/p>\n<style id=\"wpforms-css-vars-1077\">\n\t\t\t\t#wpforms-1077 {\n\t\t\t\t\n\t\t\t}\n\t\t\t<\/style><div class=\"wpforms-container wpforms-container-full wpforms-render-modern\" id=\"wpforms-1077\"><form id=\"wpforms-form-1077\" class=\"wpforms-validate wpforms-form wpforms-ajax-form\" data-formid=\"1077\" method=\"post\" enctype=\"multipart\/form-data\" action=\"\/es\/wp-json\/wp\/v2\/product\/49169\" data-token=\"34e6f77f38251e9479cffb49aae33134\" data-token-time=\"1777026986\"><noscript class=\"wpforms-error-noscript\">Por favor, activa JavaScript en tu navegador para completar este formulario.<\/noscript><div id=\"wpforms-error-noscript\" style=\"display: none;\">Por favor, activa JavaScript en tu navegador para completar este formulario.<\/div><div class=\"wpforms-field-container\"><div id=\"wpforms-1077-field_0-container\" class=\"wpforms-field wpforms-field-name\" data-field-id=\"0\"><fieldset><legend class=\"wpforms-field-label\">Nombre <span class=\"wpforms-required-label\" aria-hidden=\"true\">*<\/span><\/legend><div class=\"wpforms-field-row wpforms-field-medium\"><div class=\"wpforms-field-row-block wpforms-first wpforms-one-half\"><input type=\"text\" id=\"wpforms-1077-field_0\" class=\"wpforms-field-name-first wpforms-field-required\" name=\"wpforms[fields][0][first]\" placeholder=\"Nombre\" aria-errormessage=\"wpforms-1077-field_0-error\" required><label for=\"wpforms-1077-field_0\" class=\"wpforms-field-sublabel after wpforms-sublabel-hide\">Nombre<\/label><\/div><div class=\"wpforms-field-row-block wpforms-one-half\"><input type=\"text\" id=\"wpforms-1077-field_0-last\" class=\"wpforms-field-name-last wpforms-field-required\" name=\"wpforms[fields][0][last]\" placeholder=\"Apellidos\" aria-errormessage=\"wpforms-1077-field_0-last-error\" required><label for=\"wpforms-1077-field_0-last\" class=\"wpforms-field-sublabel after wpforms-sublabel-hide\">Apellidos<\/label><\/div><\/div><\/fieldset><\/div><div id=\"wpforms-1077-field_7-container\" class=\"wpforms-field wpforms-field-layout\" data-field-id=\"7\"><div class=\"wpforms-field-layout-columns wpforms-field-layout-preset-50-50\"><div class=\"wpforms-layout-column wpforms-layout-column-50\" >\t\t<div id=\"wpforms-1077-field_3-container\"\n\t\t\tclass=\"wpforms-field wpforms-field-text\"\n\t\t\tdata-field-type=\"text\"\n\t\t\tdata-field-id=\"3\"\n\t\t\t>\n\t\t\t<label class=\"wpforms-field-label\" for=\"wpforms-1077-field_3\" >a Dise\u00f1o N\u00famero<\/label>\n\t\t\t<input type=\"text\" id=\"wpforms-1077-field_3\" class=\"wpforms-field-medium\" name=\"wpforms[fields][3]\" >\n\t\t<\/div>\n\t\t<div id=\"wpforms-1077-field_1-container\" class=\"wpforms-field wpforms-field-email\" data-field-id=\"1\"><label class=\"wpforms-field-label\" for=\"wpforms-1077-field_1\">Env\u00eda un correo electr\u00f3nico a <span class=\"wpforms-required-label\" aria-hidden=\"true\">*<\/span><\/label><input type=\"email\" id=\"wpforms-1077-field_1\" class=\"wpforms-field-medium wpforms-field-required\" name=\"wpforms[fields][1]\" spellcheck=\"false\" aria-errormessage=\"wpforms-1077-field_1-error\" required><\/div><\/div><div class=\"wpforms-layout-column wpforms-layout-column-50\" ><div id=\"wpforms-1077-field_8-container\" class=\"wpforms-field wpforms-field-phone\" data-field-id=\"8\"><label class=\"wpforms-field-label\" for=\"wpforms-1077-field_8\">N\u00famero de tel\u00e9fono <span class=\"wpforms-required-label\" aria-hidden=\"true\">*<\/span><\/label><input type=\"tel\" id=\"wpforms-1077-field_8\" class=\"wpforms-field-medium wpforms-field-required wpforms-smart-phone-field\" data-rule-smart-phone-field=\"true\" name=\"wpforms[fields][8]\" aria-label=\"N\u00famero de tel\u00e9fono\" aria-errormessage=\"wpforms-1077-field_8-error\" required><\/div><\/div><\/div><\/div><div id=\"wpforms-1077-field_10-container\" class=\"wpforms-field wpforms-field-layout\" data-field-id=\"10\"><div class=\"wpforms-field-layout-columns wpforms-field-layout-preset-50-50\"><div class=\"wpforms-layout-column wpforms-layout-column-50\" ><div id=\"wpforms-1077-field_4-container\" class=\"wpforms-field wpforms-field-date-time\" data-field-id=\"4\"><label class=\"wpforms-field-label\" for=\"wpforms-1077-field_4\">Desde<\/label><div class=\"wpforms-datepicker-wrap\"><input type=\"text\" id=\"wpforms-1077-field_4\" class=\"wpforms-field-date-time-date wpforms-datepicker wpforms-field-small\" data-date-format=\"m\/d\/Y\" data-disable-past-dates=\"0\" data-input=\"true\" name=\"wpforms[fields][4][date]\" aria-errormessage=\"wpforms-1077-field_4-error\" ><a title=\"Borrar fecha\" data-clear role=\"button\" tabindex=\"0\" class=\"wpforms-datepicker-clear\" aria-label=\"Borrar fecha\" style=\"display:none;\"><\/a><\/div><\/div><\/div><div class=\"wpforms-layout-column wpforms-layout-column-50\" ><div id=\"wpforms-1077-field_9-container\" class=\"wpforms-field wpforms-field-date-time\" data-field-id=\"9\"><label class=\"wpforms-field-label\" for=\"wpforms-1077-field_9\">Hasta<\/label><div class=\"wpforms-datepicker-wrap\"><input type=\"text\" id=\"wpforms-1077-field_9\" class=\"wpforms-field-date-time-date wpforms-datepicker wpforms-field-small\" data-date-format=\"m\/d\/Y\" data-disable-past-dates=\"0\" data-input=\"true\" name=\"wpforms[fields][9][date]\" aria-errormessage=\"wpforms-1077-field_9-error\" ><a title=\"Borrar fecha\" data-clear role=\"button\" tabindex=\"0\" class=\"wpforms-datepicker-clear\" aria-label=\"Borrar fecha\" style=\"display:none;\"><\/a><\/div><\/div><\/div><\/div><\/div><div id=\"wpforms-1077-field_2-container\" class=\"wpforms-field wpforms-field-textarea\" data-field-id=\"2\"><label class=\"wpforms-field-label\" for=\"wpforms-1077-field_2\">Mensaje<\/label><textarea id=\"wpforms-1077-field_2\" class=\"wpforms-field-medium\" name=\"wpforms[fields][2]\" placeholder=\"\u00bfC\u00f3mo podemos ayudarte?\" aria-errormessage=\"wpforms-1077-field_2-error\" ><\/textarea><\/div><script>\n\t\t\t\t( function() {\n\t\t\t\t\tconst style = document.createElement( 'style' );\n\t\t\t\t\tstyle.appendChild( document.createTextNode( '#wpforms-1077-field_3-container { position: absolute !important; overflow: hidden !important; display: inline !important; height: 1px !important; width: 1px !important; z-index: -1000 !important; padding: 0 !important; } #wpforms-1077-field_3-container input { visibility: hidden; } #wpforms-conversational-form-page #wpforms-1077-field_3-container label { counter-increment: none; }' ) );\n\t\t\t\t\tdocument.head.appendChild( style );\n\t\t\t\t\tdocument.currentScript?.remove();\n\t\t\t\t} )();\n\t\t\t<\/script><\/div><!-- .wpforms-field-container --><div class=\"wpforms-recaptcha-container wpforms-is-recaptcha wpforms-is-recaptcha-type-v2\" ><div class=\"g-recaptcha\" data-sitekey=\"6LeS7gEkAAAAAO-EsXRwxTakHs6Q_9Z0rQYHkIS5\"><\/div><input type=\"text\" name=\"g-recaptcha-hidden\" class=\"wpforms-recaptcha-hidden\" style=\"position:absolute!important;clip:rect(0,0,0,0)!important;height:1px!important;width:1px!important;border:0!important;overflow:hidden!important;padding:0!important;margin:0!important;\" data-rule-recaptcha=\"1\"><\/div><div class=\"wpforms-submit-container\" ><input type=\"hidden\" name=\"wpforms[id]\" value=\"1077\"><input type=\"hidden\" name=\"page_title\" value=\"\"><input type=\"hidden\" name=\"page_url\" value=\"https:\/\/whitesoundibiza.com\/es\/wp-json\/wp\/v2\/product\/49169\"><input type=\"hidden\" name=\"url_referer\" value=\"\"><button type=\"submit\" name=\"wpforms[submit]\" id=\"wpforms-submit-1077\" class=\"wpforms-submit\" data-alt-text=\"Enviando...\" data-submit-text=\"Env\u00eda\" aria-live=\"assertive\" value=\"wpforms-submit\">Env\u00eda<\/button><img decoding=\"async\" src=\"https:\/\/whitesoundibiza.com\/wp-content\/plugins\/wpforms\/assets\/images\/submit-spin.svg\" class=\"wpforms-submit-spinner\" style=\"display: none;\" width=\"26\" height=\"26\" alt=\"Cargando\"><\/div><\/form><\/div>  <!-- .wpforms-container -->\n","protected":false},"excerpt":{"rendered":"<p class=\"\" data-start=\"330\" data-end=\"515\">Un cabezal amplificador de bajo Clase D de 500 W con dos canales, DI XLR activa, ecualizador de 3 bandas m\u00e1s medios param\u00e9tricos, y un chasis ultraligero de 1,4 kg, ideal para los bajistas de concierto.<\/p>\n<p class=\"\" data-start=\"517\" data-end=\"652\">\n","protected":false},"featured_media":48074,"template":"","meta":{"_joinchat":[]},"product_brand":[],"product_cat":[181],"product_tag":[],"class_list":{"0":"post-49169","1":"product","2":"type-product","3":"status-publish","4":"has-post-thumbnail","6":"product_cat-guitarra-y-bajo","8":"first","9":"instock","10":"taxable","11":"shipping-taxable","12":"purchasable","13":"product-type-rentable"},"yoast_head":"<!-- This site is optimized with the Yoast SEO plugin v27.4 - https:\/\/yoast.com\/product\/yoast-seo-wordpress\/ -->\n<title>Alquiler Markbass Marcus Miller CMD 103 Ibiza | White Sound Ibiza<\/title>\n<meta name=\"description\" content=\"Alquila el Markbass Marcus Miller CMD 103 en Ibiza con White Sound Ibiza. Cabezal clase D de 500 W, DI activa, ecualizador de 3 bandas con medios param\u00e9tricos y dise\u00f1o ultraligero. \u00a1Reserva ahora!\" \/>\n<meta name=\"robots\" content=\"index, follow, max-snippet:-1, max-image-preview:large, max-video-preview:-1\" \/>\n<link rel=\"canonical\" href=\"https:\/\/whitesoundibiza.com\/es\/producto\/mark-bass-marcus-miller-cmd-103\/\" \/>\n<meta property=\"og:locale\" content=\"es_ES\" \/>\n<meta property=\"og:type\" content=\"article\" \/>\n<meta property=\"og:title\" content=\"Alquiler Markbass Marcus Miller CMD 103 Ibiza | White Sound Ibiza\" \/>\n<meta property=\"og:description\" content=\"Alquila el Markbass Marcus Miller CMD 103 en Ibiza con White Sound Ibiza. Cabezal clase D de 500 W, DI activa, ecualizador de 3 bandas con medios param\u00e9tricos y dise\u00f1o ultraligero. \u00a1Reserva ahora!\" \/>\n<meta property=\"og:url\" content=\"https:\/\/whitesoundibiza.com\/es\/producto\/mark-bass-marcus-miller-cmd-103\/\" \/>\n<meta property=\"og:site_name\" content=\"White Sound Ibiza - Delivering Fun\" \/>\n<meta property=\"article:modified_time\" content=\"2025-08-09T15:42:57+00:00\" \/>\n<meta property=\"og:image\" content=\"https:\/\/whitesoundibiza.com\/wp-content\/uploads\/2025\/02\/markbass.jpeg\" \/>\n\t<meta property=\"og:image:width\" content=\"800\" \/>\n\t<meta property=\"og:image:height\" content=\"800\" \/>\n\t<meta property=\"og:image:type\" content=\"image\/jpeg\" \/>\n<meta name=\"twitter:card\" content=\"summary_large_image\" \/>\n<meta name=\"twitter:label1\" content=\"Tiempo de lectura\" \/>\n\t<meta name=\"twitter:data1\" content=\"2 minutos\" \/>\n<script type=\"application\/ld+json\" class=\"yoast-schema-graph\">{\"@context\":\"https:\\\/\\\/schema.org\",\"@graph\":[{\"@type\":\"WebPage\",\"@id\":\"https:\\\/\\\/whitesoundibiza.com\\\/es\\\/producto\\\/mark-bass-marcus-miller-cmd-103\\\/\",\"url\":\"https:\\\/\\\/whitesoundibiza.com\\\/es\\\/producto\\\/mark-bass-marcus-miller-cmd-103\\\/\",\"name\":\"Alquiler Markbass Marcus Miller CMD 103 Ibiza | White Sound Ibiza\",\"isPartOf\":{\"@id\":\"https:\\\/\\\/whitesoundibiza.com\\\/#website\"},\"primaryImageOfPage\":{\"@id\":\"https:\\\/\\\/whitesoundibiza.com\\\/es\\\/producto\\\/mark-bass-marcus-miller-cmd-103\\\/#primaryimage\"},\"image\":{\"@id\":\"https:\\\/\\\/whitesoundibiza.com\\\/es\\\/producto\\\/mark-bass-marcus-miller-cmd-103\\\/#primaryimage\"},\"thumbnailUrl\":\"https:\\\/\\\/whitesoundibiza.com\\\/wp-content\\\/uploads\\\/2025\\\/02\\\/markbass.jpeg\",\"datePublished\":\"2025-02-07T19:36:00+00:00\",\"dateModified\":\"2025-08-09T15:42:57+00:00\",\"description\":\"Alquila el Markbass Marcus Miller CMD 103 en Ibiza con White Sound Ibiza. Cabezal clase D de 500 W, DI activa, ecualizador de 3 bandas con medios param\u00e9tricos y dise\u00f1o ultraligero. \u00a1Reserva ahora!\",\"breadcrumb\":{\"@id\":\"https:\\\/\\\/whitesoundibiza.com\\\/es\\\/producto\\\/mark-bass-marcus-miller-cmd-103\\\/#breadcrumb\"},\"inLanguage\":\"es\",\"potentialAction\":[{\"@type\":\"ReadAction\",\"target\":[\"https:\\\/\\\/whitesoundibiza.com\\\/es\\\/producto\\\/mark-bass-marcus-miller-cmd-103\\\/\"]}]},{\"@type\":\"ImageObject\",\"inLanguage\":\"es\",\"@id\":\"https:\\\/\\\/whitesoundibiza.com\\\/es\\\/producto\\\/mark-bass-marcus-miller-cmd-103\\\/#primaryimage\",\"url\":\"https:\\\/\\\/whitesoundibiza.com\\\/wp-content\\\/uploads\\\/2025\\\/02\\\/markbass.jpeg\",\"contentUrl\":\"https:\\\/\\\/whitesoundibiza.com\\\/wp-content\\\/uploads\\\/2025\\\/02\\\/markbass.jpeg\",\"width\":800,\"height\":800,\"caption\":\"Cabezal amplificador de bajo Markbass Marcus Miller CMD 103 500 W Clase-D disponible para alquilar en Ibiza en White Sound Ibiza\"},{\"@type\":\"BreadcrumbList\",\"@id\":\"https:\\\/\\\/whitesoundibiza.com\\\/es\\\/producto\\\/mark-bass-marcus-miller-cmd-103\\\/#breadcrumb\",\"itemListElement\":[{\"@type\":\"ListItem\",\"position\":1,\"name\":\"Portada\",\"item\":\"https:\\\/\\\/whitesoundibiza.com\\\/\"},{\"@type\":\"ListItem\",\"position\":2,\"name\":\"Tienda\",\"item\":\"https:\\\/\\\/whitesoundibiza.com\\\/es\\\/tienda\\\/\"},{\"@type\":\"ListItem\",\"position\":3,\"name\":\"Mark Bass Marcus Miller Cmd 103\"}]},{\"@type\":\"WebSite\",\"@id\":\"https:\\\/\\\/whitesoundibiza.com\\\/#website\",\"url\":\"https:\\\/\\\/whitesoundibiza.com\\\/\",\"name\":\"White Sound Ibiza\",\"description\":\"Rent Speakers in Ibiza\",\"publisher\":{\"@id\":\"https:\\\/\\\/whitesoundibiza.com\\\/#organization\"},\"potentialAction\":[{\"@type\":\"SearchAction\",\"target\":{\"@type\":\"EntryPoint\",\"urlTemplate\":\"https:\\\/\\\/whitesoundibiza.com\\\/?s={search_term_string}\"},\"query-input\":{\"@type\":\"PropertyValueSpecification\",\"valueRequired\":true,\"valueName\":\"search_term_string\"}}],\"inLanguage\":\"es\"},{\"@type\":\"Organization\",\"@id\":\"https:\\\/\\\/whitesoundibiza.com\\\/#organization\",\"name\":\"White Sound Ibiza\",\"url\":\"https:\\\/\\\/whitesoundibiza.com\\\/\",\"logo\":{\"@type\":\"ImageObject\",\"inLanguage\":\"es\",\"@id\":\"https:\\\/\\\/whitesoundibiza.com\\\/#\\\/schema\\\/logo\\\/image\\\/\",\"url\":\"https:\\\/\\\/whitesoundibiza.com\\\/wp-content\\\/uploads\\\/2025\\\/05\\\/ws_logo.jpg\",\"contentUrl\":\"https:\\\/\\\/whitesoundibiza.com\\\/wp-content\\\/uploads\\\/2025\\\/05\\\/ws_logo.jpg\",\"width\":800,\"height\":235,\"caption\":\"White Sound Ibiza\"},\"image\":{\"@id\":\"https:\\\/\\\/whitesoundibiza.com\\\/#\\\/schema\\\/logo\\\/image\\\/\"}}]}<\/script>\n<!-- \/ Yoast SEO plugin. -->","yoast_head_json":{"title":"Alquiler Markbass Marcus Miller CMD 103 Ibiza | White Sound Ibiza","description":"Alquila el Markbass Marcus Miller CMD 103 en Ibiza con White Sound Ibiza. Cabezal clase D de 500 W, DI activa, ecualizador de 3 bandas con medios param\u00e9tricos y dise\u00f1o ultraligero. \u00a1Reserva ahora!","robots":{"index":"index","follow":"follow","max-snippet":"max-snippet:-1","max-image-preview":"max-image-preview:large","max-video-preview":"max-video-preview:-1"},"canonical":"https:\/\/whitesoundibiza.com\/es\/producto\/mark-bass-marcus-miller-cmd-103\/","og_locale":"es_ES","og_type":"article","og_title":"Alquiler Markbass Marcus Miller CMD 103 Ibiza | White Sound Ibiza","og_description":"Alquila el Markbass Marcus Miller CMD 103 en Ibiza con White Sound Ibiza. Cabezal clase D de 500 W, DI activa, ecualizador de 3 bandas con medios param\u00e9tricos y dise\u00f1o ultraligero. \u00a1Reserva ahora!","og_url":"https:\/\/whitesoundibiza.com\/es\/producto\/mark-bass-marcus-miller-cmd-103\/","og_site_name":"White Sound Ibiza - Delivering Fun","article_modified_time":"2025-08-09T15:42:57+00:00","og_image":[{"width":800,"height":800,"url":"https:\/\/whitesoundibiza.com\/wp-content\/uploads\/2025\/02\/markbass.jpeg","type":"image\/jpeg"}],"twitter_card":"summary_large_image","twitter_misc":{"Tiempo de lectura":"2 minutos"},"schema":{"@context":"https:\/\/schema.org","@graph":[{"@type":"WebPage","@id":"https:\/\/whitesoundibiza.com\/es\/producto\/mark-bass-marcus-miller-cmd-103\/","url":"https:\/\/whitesoundibiza.com\/es\/producto\/mark-bass-marcus-miller-cmd-103\/","name":"Alquiler Markbass Marcus Miller CMD 103 Ibiza | White Sound Ibiza","isPartOf":{"@id":"https:\/\/whitesoundibiza.com\/#website"},"primaryImageOfPage":{"@id":"https:\/\/whitesoundibiza.com\/es\/producto\/mark-bass-marcus-miller-cmd-103\/#primaryimage"},"image":{"@id":"https:\/\/whitesoundibiza.com\/es\/producto\/mark-bass-marcus-miller-cmd-103\/#primaryimage"},"thumbnailUrl":"https:\/\/whitesoundibiza.com\/wp-content\/uploads\/2025\/02\/markbass.jpeg","datePublished":"2025-02-07T19:36:00+00:00","dateModified":"2025-08-09T15:42:57+00:00","description":"Alquila el Markbass Marcus Miller CMD 103 en Ibiza con White Sound Ibiza. Cabezal clase D de 500 W, DI activa, ecualizador de 3 bandas con medios param\u00e9tricos y dise\u00f1o ultraligero. \u00a1Reserva ahora!","breadcrumb":{"@id":"https:\/\/whitesoundibiza.com\/es\/producto\/mark-bass-marcus-miller-cmd-103\/#breadcrumb"},"inLanguage":"es","potentialAction":[{"@type":"ReadAction","target":["https:\/\/whitesoundibiza.com\/es\/producto\/mark-bass-marcus-miller-cmd-103\/"]}]},{"@type":"ImageObject","inLanguage":"es","@id":"https:\/\/whitesoundibiza.com\/es\/producto\/mark-bass-marcus-miller-cmd-103\/#primaryimage","url":"https:\/\/whitesoundibiza.com\/wp-content\/uploads\/2025\/02\/markbass.jpeg","contentUrl":"https:\/\/whitesoundibiza.com\/wp-content\/uploads\/2025\/02\/markbass.jpeg","width":800,"height":800,"caption":"Cabezal amplificador de bajo Markbass Marcus Miller CMD 103 500 W Clase-D disponible para alquilar en Ibiza en White Sound Ibiza"},{"@type":"BreadcrumbList","@id":"https:\/\/whitesoundibiza.com\/es\/producto\/mark-bass-marcus-miller-cmd-103\/#breadcrumb","itemListElement":[{"@type":"ListItem","position":1,"name":"Portada","item":"https:\/\/whitesoundibiza.com\/"},{"@type":"ListItem","position":2,"name":"Tienda","item":"https:\/\/whitesoundibiza.com\/es\/tienda\/"},{"@type":"ListItem","position":3,"name":"Mark Bass Marcus Miller Cmd 103"}]},{"@type":"WebSite","@id":"https:\/\/whitesoundibiza.com\/#website","url":"https:\/\/whitesoundibiza.com\/","name":"White Sound Ibiza","description":"Rent Speakers in Ibiza","publisher":{"@id":"https:\/\/whitesoundibiza.com\/#organization"},"potentialAction":[{"@type":"SearchAction","target":{"@type":"EntryPoint","urlTemplate":"https:\/\/whitesoundibiza.com\/?s={search_term_string}"},"query-input":{"@type":"PropertyValueSpecification","valueRequired":true,"valueName":"search_term_string"}}],"inLanguage":"es"},{"@type":"Organization","@id":"https:\/\/whitesoundibiza.com\/#organization","name":"White Sound Ibiza","url":"https:\/\/whitesoundibiza.com\/","logo":{"@type":"ImageObject","inLanguage":"es","@id":"https:\/\/whitesoundibiza.com\/#\/schema\/logo\/image\/","url":"https:\/\/whitesoundibiza.com\/wp-content\/uploads\/2025\/05\/ws_logo.jpg","contentUrl":"https:\/\/whitesoundibiza.com\/wp-content\/uploads\/2025\/05\/ws_logo.jpg","width":800,"height":235,"caption":"White Sound Ibiza"},"image":{"@id":"https:\/\/whitesoundibiza.com\/#\/schema\/logo\/image\/"}}]}},"_links":{"self":[{"href":"https:\/\/whitesoundibiza.com\/es\/wp-json\/wp\/v2\/product\/49169","targetHints":{"allow":["GET"]}}],"collection":[{"href":"https:\/\/whitesoundibiza.com\/es\/wp-json\/wp\/v2\/product"}],"about":[{"href":"https:\/\/whitesoundibiza.com\/es\/wp-json\/wp\/v2\/types\/product"}],"wp:featuredmedia":[{"embeddable":true,"href":"https:\/\/whitesoundibiza.com\/es\/wp-json\/wp\/v2\/media\/48074"}],"wp:attachment":[{"href":"https:\/\/whitesoundibiza.com\/es\/wp-json\/wp\/v2\/media?parent=49169"}],"wp:term":[{"taxonomy":"product_brand","embeddable":true,"href":"https:\/\/whitesoundibiza.com\/es\/wp-json\/wp\/v2\/product_brand?post=49169"},{"taxonomy":"product_cat","embeddable":true,"href":"https:\/\/whitesoundibiza.com\/es\/wp-json\/wp\/v2\/product_cat?post=49169"},{"taxonomy":"product_tag","embeddable":true,"href":"https:\/\/whitesoundibiza.com\/es\/wp-json\/wp\/v2\/product_tag?post=49169"}],"curies":[{"name":"wp","href":"https:\/\/api.w.org\/{rel}","templated":true}]}}