{"id":49168,"date":"2025-02-08T00:55:16","date_gmt":"2025-02-08T00:55:16","guid":{"rendered":"https:\/\/whitesoundibiza.com\/producto\/juego-zildjian-k-custom-darkbox\/"},"modified":"2025-08-09T15:42:56","modified_gmt":"2025-08-09T15:42:56","slug":"juego-zildjian-k-custom-darkbox","status":"publish","type":"product","link":"https:\/\/whitesoundibiza.com\/es\/producto\/juego-zildjian-k-custom-darkbox\/","title":{"rendered":"Juego Zildjian K Custom Darkbox"},"content":{"rendered":"<p class=\"\" data-start=\"696\" data-end=\"889\">Cuando <strong data-start=\"720\" data-end=\"764\">alquilas<\/strong><strong data-start=\"720\" data-end=\"764\"> el set<\/strong> <strong data-start=\"720\" data-end=\"764\"> <a href=\"https:\/\/zildjian.com\/products\/k-custom-cymbal-set-dark?srsltid=AfmBOorHfLSShC5msgJMTYQEhBdJvBqBn1X3cJlG3xkq-KypJSGboEjm\">Zildjian K<\/a><\/strong><strong data-start=\"720\" data-end=\"764\"> custom darkbox en ibiza<\/strong>, eliges una paleta de platillos ricos y oscuros. Adem\u00e1s, este set aporta calidez y car\u00e1cter trash a cualquier actuaci\u00f3n. <\/p>\n<p class=\"\" data-start=\"891\" data-end=\"912\"><strong data-start=\"891\" data-end=\"910\">Composici\u00f3n del conjunto<\/strong><\/p>\n<ul data-start=\"913\" data-end=\"1271\">\n<li class=\"\" data-start=\"913\" data-end=\"981\">\n<p class=\"\" data-start=\"915\" data-end=\"981\"><strong data-start=\"915\" data-end=\"944\">14\u2033 K Custom Dark Hi-Hat:<\/strong> c\u00e1lido &#8220;pollito&#8221; con matices ahumados.<\/p>\n<\/li>\n<li class=\"\" data-start=\"982\" data-end=\"1052\">\n<p class=\"\" data-start=\"984\" data-end=\"1052\"><strong data-start=\"984\" data-end=\"1009\">Crash oscuro de 16\u2033 y 18\u2033:<\/strong> Ataque r\u00e1pido y explosivo y decaimiento medio.<\/p>\n<\/li>\n<li class=\"\" data-start=\"1053\" data-end=\"1124\">\n<p class=\"\" data-start=\"1055\" data-end=\"1124\"><strong data-start=\"1055\" data-end=\"1079\">20\u2033 Dark Crash-Ride:<\/strong> Vers\u00e1til para acentos o lavados sostenidos.<\/p>\n<\/li>\n<li class=\"\" data-start=\"1125\" data-end=\"1204\">\n<p class=\"\" data-start=\"1127\" data-end=\"1204\"><strong data-start=\"1127\" data-end=\"1154\">21\u2033 K Custom Dark Ride:<\/strong> Campana articulada, definici\u00f3n de la baqueta con mucho cuerpo.<\/p>\n<\/li>\n<li class=\"\" data-start=\"1205\" data-end=\"1271\">\n<p class=\"\" data-start=\"1207\" data-end=\"1271\"><strong data-start=\"1207\" data-end=\"1227\">10\u2033 Salpicadura Oscura:<\/strong> Acentos r\u00e1pidos y cutres para rellenos puntuados.<\/p>\n<\/li>\n<\/ul>\n<p class=\"\" data-start=\"1273\" data-end=\"1553\"><strong data-start=\"1273\" data-end=\"1298\">Caracter\u00edsticas del sonido<\/strong><br data-start=\"1298\" data-end=\"1301\">Cada platillo presenta un borde crudo y sin revestimiento. En consecuencia, se oyen crashes estridentes con decaimiento r\u00e1pido. Adem\u00e1s, la aleaci\u00f3n oscura imparte una calidez vintage que combina con g\u00e9neros mixtos. Por tanto, este conjunto destaca en jazz, fusi\u00f3n y rock alternativo.   <\/p>\n<p class=\"\" data-start=\"1555\" data-end=\"1869\"><strong data-start=\"1555\" data-end=\"1584\">Construcci\u00f3n y durabilidad<\/strong><br data-start=\"1584\" data-end=\"1587\">Martillados a mano a partir de una aleaci\u00f3n de bronce B20, estos platillos resisten fuertes golpes. Mientras tanto, el acabado de p\u00e1tina negra profunda protege el metal y a\u00f1ade un toque visual. Adem\u00e1s, la campana reforzada y el tratamiento de los bordes reducen el agrietamiento. As\u00ed, obtienes un rendimiento fiable y listo para la carretera cada noche.   <\/p>\n<p class=\"\" data-start=\"1871\" data-end=\"2185\"><strong data-start=\"1871\" data-end=\"1901\">Aplicaciones y versatilidad<\/strong><br data-start=\"1901\" data-end=\"1904\">Tanto si <strong data-start=\"1916\" data-end=\"1960\">alquilas el zildjian k custom darkbox set ibiza<\/strong> para hacer grabaciones en estudio como para actuaciones en directo en clubes, este set se adapta. Su gama tonal equilibrada se adapta a las notas fantasma ligeras como plumas y a los acentos a todo gas. Adem\u00e1s, los bateristas lo encuentran ideal para estilos musicales m\u00e1s oscuros y dise\u00f1os de sonido creativos.  <\/p>\n<p class=\"\" data-start=\"2187\" data-end=\"2417\"><strong data-start=\"2187\" data-end=\"2207\">Alquiler y asistencia<\/strong><br data-start=\"2207\" data-end=\"2210\">White Sound Ibiza proporciona entrega in situ y montaje profesional. Nuestros t\u00e9cnicos colocan los platos para obtener un sonido y una durabilidad \u00f3ptimos. As\u00ed, t\u00fa te centras en tu actuaci\u00f3n mientras nosotros nos ocupamos de los detalles.  <\/p>\n<p class=\"\" data-start=\"2419\" data-end=\"2560\">\u00a1Alquila hoy el <strong data-start=\"2428\" data-end=\"2470\">Zildjian K Custom<\/strong> en White Sound Ibiza y a\u00f1ade texturas de platillos profundas y expresivas a tu pr\u00f3ximo evento!<\/p>\n<style id=\"wpforms-css-vars-1077\">\n\t\t\t\t#wpforms-1077 {\n\t\t\t\t\n\t\t\t}\n\t\t\t<\/style><div class=\"wpforms-container wpforms-container-full wpforms-render-modern\" id=\"wpforms-1077\"><form id=\"wpforms-form-1077\" class=\"wpforms-validate wpforms-form wpforms-ajax-form\" data-formid=\"1077\" method=\"post\" enctype=\"multipart\/form-data\" action=\"\/es\/wp-json\/wp\/v2\/product\/49168\" data-token=\"c7bb1d31c39adce307080c74345dd3ec\" data-token-time=\"1775303224\"><noscript class=\"wpforms-error-noscript\">Por favor, activa JavaScript en tu navegador para completar este formulario.<\/noscript><div id=\"wpforms-error-noscript\" style=\"display: none;\">Por favor, activa JavaScript en tu navegador para completar este formulario.<\/div><div class=\"wpforms-field-container\"><div id=\"wpforms-1077-field_0-container\" class=\"wpforms-field wpforms-field-name\" data-field-id=\"0\"><fieldset><legend class=\"wpforms-field-label\">Nombre <span class=\"wpforms-required-label\" aria-hidden=\"true\">*<\/span><\/legend><div class=\"wpforms-field-row wpforms-field-medium\"><div class=\"wpforms-field-row-block wpforms-first wpforms-one-half\"><input type=\"text\" id=\"wpforms-1077-field_0\" class=\"wpforms-field-name-first wpforms-field-required\" name=\"wpforms[fields][0][first]\" placeholder=\"Nombre\" aria-errormessage=\"wpforms-1077-field_0-error\" required><label for=\"wpforms-1077-field_0\" class=\"wpforms-field-sublabel after wpforms-sublabel-hide\">Nombre<\/label><\/div><div class=\"wpforms-field-row-block wpforms-one-half\"><input type=\"text\" id=\"wpforms-1077-field_0-last\" class=\"wpforms-field-name-last wpforms-field-required\" name=\"wpforms[fields][0][last]\" placeholder=\"Apellidos\" aria-errormessage=\"wpforms-1077-field_0-last-error\" required><label for=\"wpforms-1077-field_0-last\" class=\"wpforms-field-sublabel after wpforms-sublabel-hide\">Apellidos<\/label><\/div><\/div><\/fieldset><\/div><div id=\"wpforms-1077-field_7-container\" class=\"wpforms-field wpforms-field-layout\" data-field-id=\"7\"><div class=\"wpforms-field-layout-columns wpforms-field-layout-preset-50-50\"><div class=\"wpforms-layout-column wpforms-layout-column-50\" >\t\t<div id=\"wpforms-1077-field_3-container\"\n\t\t\tclass=\"wpforms-field wpforms-field-text\"\n\t\t\tdata-field-type=\"text\"\n\t\t\tdata-field-id=\"3\"\n\t\t\t>\n\t\t\t<label class=\"wpforms-field-label\" for=\"wpforms-1077-field_3\" >de Dise\u00f1o Mensaje<\/label>\n\t\t\t<input type=\"text\" id=\"wpforms-1077-field_3\" class=\"wpforms-field-medium\" name=\"wpforms[fields][3]\" >\n\t\t<\/div>\n\t\t<div id=\"wpforms-1077-field_1-container\" class=\"wpforms-field wpforms-field-email\" data-field-id=\"1\"><label class=\"wpforms-field-label\" for=\"wpforms-1077-field_1\">Env\u00eda un correo electr\u00f3nico a <span class=\"wpforms-required-label\" aria-hidden=\"true\">*<\/span><\/label><input type=\"email\" id=\"wpforms-1077-field_1\" class=\"wpforms-field-medium wpforms-field-required\" name=\"wpforms[fields][1]\" spellcheck=\"false\" aria-errormessage=\"wpforms-1077-field_1-error\" required><\/div><\/div><div class=\"wpforms-layout-column wpforms-layout-column-50\" ><div id=\"wpforms-1077-field_8-container\" class=\"wpforms-field wpforms-field-phone\" data-field-id=\"8\"><label class=\"wpforms-field-label\" for=\"wpforms-1077-field_8\">N\u00famero de tel\u00e9fono <span class=\"wpforms-required-label\" aria-hidden=\"true\">*<\/span><\/label><input type=\"tel\" id=\"wpforms-1077-field_8\" class=\"wpforms-field-medium wpforms-field-required wpforms-smart-phone-field\" data-rule-smart-phone-field=\"true\" name=\"wpforms[fields][8]\" aria-label=\"N\u00famero de tel\u00e9fono\" aria-errormessage=\"wpforms-1077-field_8-error\" required><\/div><\/div><\/div><\/div><div id=\"wpforms-1077-field_10-container\" class=\"wpforms-field wpforms-field-layout\" data-field-id=\"10\"><div class=\"wpforms-field-layout-columns wpforms-field-layout-preset-50-50\"><div class=\"wpforms-layout-column wpforms-layout-column-50\" ><div id=\"wpforms-1077-field_4-container\" class=\"wpforms-field wpforms-field-date-time\" data-field-id=\"4\"><label class=\"wpforms-field-label\" for=\"wpforms-1077-field_4\">Desde<\/label><div class=\"wpforms-datepicker-wrap\"><input type=\"text\" id=\"wpforms-1077-field_4\" class=\"wpforms-field-date-time-date wpforms-datepicker wpforms-field-small\" data-date-format=\"m\/d\/Y\" data-disable-past-dates=\"0\" data-input=\"true\" name=\"wpforms[fields][4][date]\" aria-errormessage=\"wpforms-1077-field_4-error\" ><a title=\"Borrar fecha\" data-clear role=\"button\" tabindex=\"0\" class=\"wpforms-datepicker-clear\" aria-label=\"Borrar fecha\" style=\"display:none;\"><\/a><\/div><\/div><\/div><div class=\"wpforms-layout-column wpforms-layout-column-50\" ><div id=\"wpforms-1077-field_9-container\" class=\"wpforms-field wpforms-field-date-time\" data-field-id=\"9\"><label class=\"wpforms-field-label\" for=\"wpforms-1077-field_9\">Hasta<\/label><div class=\"wpforms-datepicker-wrap\"><input type=\"text\" id=\"wpforms-1077-field_9\" class=\"wpforms-field-date-time-date wpforms-datepicker wpforms-field-small\" data-date-format=\"m\/d\/Y\" data-disable-past-dates=\"0\" data-input=\"true\" name=\"wpforms[fields][9][date]\" aria-errormessage=\"wpforms-1077-field_9-error\" ><a title=\"Borrar fecha\" data-clear role=\"button\" tabindex=\"0\" class=\"wpforms-datepicker-clear\" aria-label=\"Borrar fecha\" style=\"display:none;\"><\/a><\/div><\/div><\/div><\/div><\/div><div id=\"wpforms-1077-field_2-container\" class=\"wpforms-field wpforms-field-textarea\" data-field-id=\"2\"><label class=\"wpforms-field-label\" for=\"wpforms-1077-field_2\">Mensaje<\/label><textarea id=\"wpforms-1077-field_2\" class=\"wpforms-field-medium\" name=\"wpforms[fields][2]\" placeholder=\"\u00bfC\u00f3mo podemos ayudarte?\" aria-errormessage=\"wpforms-1077-field_2-error\" ><\/textarea><\/div><script>\n\t\t\t\t( function() {\n\t\t\t\t\tconst style = document.createElement( 'style' );\n\t\t\t\t\tstyle.appendChild( document.createTextNode( '#wpforms-1077-field_3-container { position: absolute !important; overflow: hidden !important; display: inline !important; height: 1px !important; width: 1px !important; z-index: -1000 !important; padding: 0 !important; } #wpforms-1077-field_3-container input { visibility: hidden; } #wpforms-conversational-form-page #wpforms-1077-field_3-container label { counter-increment: none; }' ) );\n\t\t\t\t\tdocument.head.appendChild( style );\n\t\t\t\t\tdocument.currentScript?.remove();\n\t\t\t\t} )();\n\t\t\t<\/script><\/div><!-- .wpforms-field-container --><div class=\"wpforms-recaptcha-container wpforms-is-recaptcha wpforms-is-recaptcha-type-v2\" ><div class=\"g-recaptcha\" data-sitekey=\"6LeS7gEkAAAAAO-EsXRwxTakHs6Q_9Z0rQYHkIS5\"><\/div><input type=\"text\" name=\"g-recaptcha-hidden\" class=\"wpforms-recaptcha-hidden\" style=\"position:absolute!important;clip:rect(0,0,0,0)!important;height:1px!important;width:1px!important;border:0!important;overflow:hidden!important;padding:0!important;margin:0!important;\" data-rule-recaptcha=\"1\"><\/div><div class=\"wpforms-submit-container\" ><input type=\"hidden\" name=\"wpforms[id]\" value=\"1077\"><input type=\"hidden\" name=\"page_title\" value=\"\"><input type=\"hidden\" name=\"page_url\" value=\"https:\/\/whitesoundibiza.com\/es\/wp-json\/wp\/v2\/product\/49168\"><input type=\"hidden\" name=\"url_referer\" value=\"\"><button type=\"submit\" name=\"wpforms[submit]\" id=\"wpforms-submit-1077\" class=\"wpforms-submit\" data-alt-text=\"Enviando...\" data-submit-text=\"Env\u00eda\" aria-live=\"assertive\" value=\"wpforms-submit\">Env\u00eda<\/button><img decoding=\"async\" src=\"https:\/\/whitesoundibiza.com\/wp-content\/plugins\/wpforms\/assets\/images\/submit-spin.svg\" class=\"wpforms-submit-spinner\" style=\"display: none;\" width=\"26\" height=\"26\" alt=\"Cargando\"><\/div><\/form><\/div>  <!-- .wpforms-container -->\n","protected":false},"excerpt":{"rendered":"<p class=\"\" data-start=\"331\" data-end=\"510\">Un juego de platos de seis piezas con hi-hat de 14\u2033, crashes de 16\u2033 y 18\u2033, crash-ride de 20\u2033, ride de 21\u2033 y splash de 10\u2033, cada uno con un acabado oscuro y crudo y una respuesta viva.<\/p>\n<p class=\"\" data-start=\"512\" data-end=\"673\">\n","protected":false},"featured_media":50144,"template":"","meta":{"_joinchat":[]},"product_brand":[],"product_cat":[171],"product_tag":[],"class_list":{"0":"post-49168","1":"product","2":"type-product","3":"status-publish","4":"has-post-thumbnail","6":"product_cat-percusion","8":"first","9":"instock","10":"taxable","11":"shipping-taxable","12":"purchasable","13":"product-type-rentable"},"yoast_head":"<!-- This site is optimized with the Yoast SEO plugin v27.3 - https:\/\/yoast.com\/product\/yoast-seo-wordpress\/ -->\n<title>Alquiler Zildjian K Custom Darkbox Set Ibiza | White Sound Ibiza<\/title>\n<meta name=\"description\" content=\"Alquila el Set Zildjian K Custom Darkbox en Ibiza de White Sound Ibiza. Seis platillos de acabado oscuro que ofrecen ataques trashy, decaimiento r\u00e1pido y tonos ricos y vintage. \u00a1Reserva ahora!\" \/>\n<meta name=\"robots\" content=\"index, follow, max-snippet:-1, max-image-preview:large, max-video-preview:-1\" \/>\n<link rel=\"canonical\" href=\"https:\/\/whitesoundibiza.com\/es\/producto\/juego-zildjian-k-custom-darkbox\/\" \/>\n<meta property=\"og:locale\" content=\"es_ES\" \/>\n<meta property=\"og:type\" content=\"article\" \/>\n<meta property=\"og:title\" content=\"Alquiler Zildjian K Custom Darkbox Set Ibiza | White Sound Ibiza\" \/>\n<meta property=\"og:description\" content=\"Alquila el Set Zildjian K Custom Darkbox en Ibiza de White Sound Ibiza. Seis platillos de acabado oscuro que ofrecen ataques trashy, decaimiento r\u00e1pido y tonos ricos y vintage. \u00a1Reserva ahora!\" \/>\n<meta property=\"og:url\" content=\"https:\/\/whitesoundibiza.com\/es\/producto\/juego-zildjian-k-custom-darkbox\/\" \/>\n<meta property=\"og:site_name\" content=\"White Sound Ibiza - Delivering Fun\" \/>\n<meta property=\"article:modified_time\" content=\"2025-08-09T15:42:56+00:00\" \/>\n<meta property=\"og:image\" content=\"https:\/\/whitesoundibiza.com\/wp-content\/uploads\/2025\/02\/kcustom.jpg\" \/>\n\t<meta property=\"og:image:width\" content=\"300\" \/>\n\t<meta property=\"og:image:height\" content=\"300\" \/>\n\t<meta property=\"og:image:type\" content=\"image\/jpeg\" \/>\n<meta name=\"twitter:card\" content=\"summary_large_image\" \/>\n<meta name=\"twitter:label1\" content=\"Tiempo de lectura\" \/>\n\t<meta name=\"twitter:data1\" content=\"2 minutos\" \/>\n<script type=\"application\/ld+json\" class=\"yoast-schema-graph\">{\"@context\":\"https:\\\/\\\/schema.org\",\"@graph\":[{\"@type\":\"WebPage\",\"@id\":\"https:\\\/\\\/whitesoundibiza.com\\\/es\\\/producto\\\/juego-zildjian-k-custom-darkbox\\\/\",\"url\":\"https:\\\/\\\/whitesoundibiza.com\\\/es\\\/producto\\\/juego-zildjian-k-custom-darkbox\\\/\",\"name\":\"Alquiler Zildjian K Custom Darkbox Set Ibiza | White Sound Ibiza\",\"isPartOf\":{\"@id\":\"https:\\\/\\\/whitesoundibiza.com\\\/es\\\/#website\"},\"primaryImageOfPage\":{\"@id\":\"https:\\\/\\\/whitesoundibiza.com\\\/es\\\/producto\\\/juego-zildjian-k-custom-darkbox\\\/#primaryimage\"},\"image\":{\"@id\":\"https:\\\/\\\/whitesoundibiza.com\\\/es\\\/producto\\\/juego-zildjian-k-custom-darkbox\\\/#primaryimage\"},\"thumbnailUrl\":\"https:\\\/\\\/whitesoundibiza.com\\\/wp-content\\\/uploads\\\/2025\\\/02\\\/kcustom-1.jpg\",\"datePublished\":\"2025-02-08T00:55:16+00:00\",\"dateModified\":\"2025-08-09T15:42:56+00:00\",\"description\":\"Alquila el Set Zildjian K Custom Darkbox en Ibiza de White Sound Ibiza. Seis platillos de acabado oscuro que ofrecen ataques trashy, decaimiento r\u00e1pido y tonos ricos y vintage. \u00a1Reserva ahora!\",\"breadcrumb\":{\"@id\":\"https:\\\/\\\/whitesoundibiza.com\\\/es\\\/producto\\\/juego-zildjian-k-custom-darkbox\\\/#breadcrumb\"},\"inLanguage\":\"es\",\"potentialAction\":[{\"@type\":\"ReadAction\",\"target\":[\"https:\\\/\\\/whitesoundibiza.com\\\/es\\\/producto\\\/juego-zildjian-k-custom-darkbox\\\/\"]}]},{\"@type\":\"ImageObject\",\"inLanguage\":\"es\",\"@id\":\"https:\\\/\\\/whitesoundibiza.com\\\/es\\\/producto\\\/juego-zildjian-k-custom-darkbox\\\/#primaryimage\",\"url\":\"https:\\\/\\\/whitesoundibiza.com\\\/wp-content\\\/uploads\\\/2025\\\/02\\\/kcustom-1.jpg\",\"contentUrl\":\"https:\\\/\\\/whitesoundibiza.com\\\/wp-content\\\/uploads\\\/2025\\\/02\\\/kcustom-1.jpg\",\"width\":1000,\"height\":1000},{\"@type\":\"BreadcrumbList\",\"@id\":\"https:\\\/\\\/whitesoundibiza.com\\\/es\\\/producto\\\/juego-zildjian-k-custom-darkbox\\\/#breadcrumb\",\"itemListElement\":[{\"@type\":\"ListItem\",\"position\":1,\"name\":\"Portada\",\"item\":\"https:\\\/\\\/whitesoundibiza.com\\\/es\\\/\"},{\"@type\":\"ListItem\",\"position\":2,\"name\":\"Tienda\",\"item\":\"https:\\\/\\\/whitesoundibiza.com\\\/es\\\/tienda\\\/\"},{\"@type\":\"ListItem\",\"position\":3,\"name\":\"Juego Zildjian K Custom Darkbox\"}]},{\"@type\":\"WebSite\",\"@id\":\"https:\\\/\\\/whitesoundibiza.com\\\/es\\\/#website\",\"url\":\"https:\\\/\\\/whitesoundibiza.com\\\/es\\\/\",\"name\":\"White Sound Ibiza\",\"description\":\"Rent Speakers in Ibiza\",\"publisher\":{\"@id\":\"https:\\\/\\\/whitesoundibiza.com\\\/es\\\/#organization\"},\"potentialAction\":[{\"@type\":\"SearchAction\",\"target\":{\"@type\":\"EntryPoint\",\"urlTemplate\":\"https:\\\/\\\/whitesoundibiza.com\\\/es\\\/?s={search_term_string}\"},\"query-input\":{\"@type\":\"PropertyValueSpecification\",\"valueRequired\":true,\"valueName\":\"search_term_string\"}}],\"inLanguage\":\"es\"},{\"@type\":\"Organization\",\"@id\":\"https:\\\/\\\/whitesoundibiza.com\\\/es\\\/#organization\",\"name\":\"White Sound Ibiza\",\"url\":\"https:\\\/\\\/whitesoundibiza.com\\\/es\\\/\",\"logo\":{\"@type\":\"ImageObject\",\"inLanguage\":\"es\",\"@id\":\"https:\\\/\\\/whitesoundibiza.com\\\/es\\\/#\\\/schema\\\/logo\\\/image\\\/\",\"url\":\"https:\\\/\\\/whitesoundibiza.com\\\/wp-content\\\/uploads\\\/2025\\\/05\\\/ws_logo.jpg\",\"contentUrl\":\"https:\\\/\\\/whitesoundibiza.com\\\/wp-content\\\/uploads\\\/2025\\\/05\\\/ws_logo.jpg\",\"width\":800,\"height\":235,\"caption\":\"White Sound Ibiza\"},\"image\":{\"@id\":\"https:\\\/\\\/whitesoundibiza.com\\\/es\\\/#\\\/schema\\\/logo\\\/image\\\/\"}}]}<\/script>\n<!-- \/ Yoast SEO plugin. -->","yoast_head_json":{"title":"Alquiler Zildjian K Custom Darkbox Set Ibiza | White Sound Ibiza","description":"Alquila el Set Zildjian K Custom Darkbox en Ibiza de White Sound Ibiza. Seis platillos de acabado oscuro que ofrecen ataques trashy, decaimiento r\u00e1pido y tonos ricos y vintage. \u00a1Reserva ahora!","robots":{"index":"index","follow":"follow","max-snippet":"max-snippet:-1","max-image-preview":"max-image-preview:large","max-video-preview":"max-video-preview:-1"},"canonical":"https:\/\/whitesoundibiza.com\/es\/producto\/juego-zildjian-k-custom-darkbox\/","og_locale":"es_ES","og_type":"article","og_title":"Alquiler Zildjian K Custom Darkbox Set Ibiza | White Sound Ibiza","og_description":"Alquila el Set Zildjian K Custom Darkbox en Ibiza de White Sound Ibiza. Seis platillos de acabado oscuro que ofrecen ataques trashy, decaimiento r\u00e1pido y tonos ricos y vintage. \u00a1Reserva ahora!","og_url":"https:\/\/whitesoundibiza.com\/es\/producto\/juego-zildjian-k-custom-darkbox\/","og_site_name":"White Sound Ibiza - Delivering Fun","article_modified_time":"2025-08-09T15:42:56+00:00","og_image":[{"width":300,"height":300,"url":"https:\/\/whitesoundibiza.com\/wp-content\/uploads\/2025\/02\/kcustom.jpg","type":"image\/jpeg"}],"twitter_card":"summary_large_image","twitter_misc":{"Tiempo de lectura":"2 minutos"},"schema":{"@context":"https:\/\/schema.org","@graph":[{"@type":"WebPage","@id":"https:\/\/whitesoundibiza.com\/es\/producto\/juego-zildjian-k-custom-darkbox\/","url":"https:\/\/whitesoundibiza.com\/es\/producto\/juego-zildjian-k-custom-darkbox\/","name":"Alquiler Zildjian K Custom Darkbox Set Ibiza | White Sound Ibiza","isPartOf":{"@id":"https:\/\/whitesoundibiza.com\/es\/#website"},"primaryImageOfPage":{"@id":"https:\/\/whitesoundibiza.com\/es\/producto\/juego-zildjian-k-custom-darkbox\/#primaryimage"},"image":{"@id":"https:\/\/whitesoundibiza.com\/es\/producto\/juego-zildjian-k-custom-darkbox\/#primaryimage"},"thumbnailUrl":"https:\/\/whitesoundibiza.com\/wp-content\/uploads\/2025\/02\/kcustom-1.jpg","datePublished":"2025-02-08T00:55:16+00:00","dateModified":"2025-08-09T15:42:56+00:00","description":"Alquila el Set Zildjian K Custom Darkbox en Ibiza de White Sound Ibiza. Seis platillos de acabado oscuro que ofrecen ataques trashy, decaimiento r\u00e1pido y tonos ricos y vintage. \u00a1Reserva ahora!","breadcrumb":{"@id":"https:\/\/whitesoundibiza.com\/es\/producto\/juego-zildjian-k-custom-darkbox\/#breadcrumb"},"inLanguage":"es","potentialAction":[{"@type":"ReadAction","target":["https:\/\/whitesoundibiza.com\/es\/producto\/juego-zildjian-k-custom-darkbox\/"]}]},{"@type":"ImageObject","inLanguage":"es","@id":"https:\/\/whitesoundibiza.com\/es\/producto\/juego-zildjian-k-custom-darkbox\/#primaryimage","url":"https:\/\/whitesoundibiza.com\/wp-content\/uploads\/2025\/02\/kcustom-1.jpg","contentUrl":"https:\/\/whitesoundibiza.com\/wp-content\/uploads\/2025\/02\/kcustom-1.jpg","width":1000,"height":1000},{"@type":"BreadcrumbList","@id":"https:\/\/whitesoundibiza.com\/es\/producto\/juego-zildjian-k-custom-darkbox\/#breadcrumb","itemListElement":[{"@type":"ListItem","position":1,"name":"Portada","item":"https:\/\/whitesoundibiza.com\/es\/"},{"@type":"ListItem","position":2,"name":"Tienda","item":"https:\/\/whitesoundibiza.com\/es\/tienda\/"},{"@type":"ListItem","position":3,"name":"Juego Zildjian K Custom Darkbox"}]},{"@type":"WebSite","@id":"https:\/\/whitesoundibiza.com\/es\/#website","url":"https:\/\/whitesoundibiza.com\/es\/","name":"White Sound Ibiza","description":"Rent Speakers in Ibiza","publisher":{"@id":"https:\/\/whitesoundibiza.com\/es\/#organization"},"potentialAction":[{"@type":"SearchAction","target":{"@type":"EntryPoint","urlTemplate":"https:\/\/whitesoundibiza.com\/es\/?s={search_term_string}"},"query-input":{"@type":"PropertyValueSpecification","valueRequired":true,"valueName":"search_term_string"}}],"inLanguage":"es"},{"@type":"Organization","@id":"https:\/\/whitesoundibiza.com\/es\/#organization","name":"White Sound Ibiza","url":"https:\/\/whitesoundibiza.com\/es\/","logo":{"@type":"ImageObject","inLanguage":"es","@id":"https:\/\/whitesoundibiza.com\/es\/#\/schema\/logo\/image\/","url":"https:\/\/whitesoundibiza.com\/wp-content\/uploads\/2025\/05\/ws_logo.jpg","contentUrl":"https:\/\/whitesoundibiza.com\/wp-content\/uploads\/2025\/05\/ws_logo.jpg","width":800,"height":235,"caption":"White Sound Ibiza"},"image":{"@id":"https:\/\/whitesoundibiza.com\/es\/#\/schema\/logo\/image\/"}}]}},"_links":{"self":[{"href":"https:\/\/whitesoundibiza.com\/es\/wp-json\/wp\/v2\/product\/49168","targetHints":{"allow":["GET"]}}],"collection":[{"href":"https:\/\/whitesoundibiza.com\/es\/wp-json\/wp\/v2\/product"}],"about":[{"href":"https:\/\/whitesoundibiza.com\/es\/wp-json\/wp\/v2\/types\/product"}],"wp:featuredmedia":[{"embeddable":true,"href":"https:\/\/whitesoundibiza.com\/es\/wp-json\/wp\/v2\/media\/50144"}],"wp:attachment":[{"href":"https:\/\/whitesoundibiza.com\/es\/wp-json\/wp\/v2\/media?parent=49168"}],"wp:term":[{"taxonomy":"product_brand","embeddable":true,"href":"https:\/\/whitesoundibiza.com\/es\/wp-json\/wp\/v2\/product_brand?post=49168"},{"taxonomy":"product_cat","embeddable":true,"href":"https:\/\/whitesoundibiza.com\/es\/wp-json\/wp\/v2\/product_cat?post=49168"},{"taxonomy":"product_tag","embeddable":true,"href":"https:\/\/whitesoundibiza.com\/es\/wp-json\/wp\/v2\/product_tag?post=49168"}],"curies":[{"name":"wp","href":"https:\/\/api.w.org\/{rel}","templated":true}]}}