{"id":49167,"date":"2025-02-07T19:36:00","date_gmt":"2025-02-07T19:36:00","guid":{"rendered":"https:\/\/whitesoundibiza.com\/producto\/roland-fp30x\/"},"modified":"2025-08-09T15:42:56","modified_gmt":"2025-08-09T15:42:56","slug":"roland-fp30x","status":"publish","type":"product","link":"https:\/\/whitesoundibiza.com\/es\/producto\/roland-fp30x\/","title":{"rendered":"Roland Fp30X"},"content":{"rendered":"<p class=\"\" data-start=\"690\" data-end=\"1017\">Al <strong data-start=\"699\" data-end=\"726\">alquilar el roland fp30x ibiza<\/strong>, te aseguras un piano de escenario vers\u00e1til que destaca en cualquier escenario. Adem\u00e1s, este modelo combina la sensaci\u00f3n de un piano aut\u00e9ntico con funciones digitales modernas. En consecuencia, disfrutar\u00e1s tanto de un tono cl\u00e1sico como de una conectividad de vanguardia. Adem\u00e1s, su interfaz f\u00e1cil de usar acelera la configuraci\u00f3n y la selecci\u00f3n de sonido.   <\/p>\n<h3 class=\"\" data-start=\"1019\" data-end=\"1040\">Acci\u00f3n del teclado<\/h3>\n<p class=\"\" data-start=\"1041\" data-end=\"1380\">El FP-30X utiliza la acci\u00f3n est\u00e1ndar PHA-4 de Roland con tacto de marfil. Cada tecla ofrece un escape suave y una respuesta de velocidad precisa. Por lo tanto, los pasajes de piano se sienten naturales bajo tus dedos. Adem\u00e1s, la acci\u00f3n ponderada del martillo proporciona control din\u00e1mico desde el pianissimo al fortissimo. As\u00ed, expresas cada matiz musical con confianza.    <\/p>\n<h3 class=\"\" data-start=\"1382\" data-end=\"1400\">Motor de sonido<\/h3>\n<p class=\"\" data-start=\"1401\" data-end=\"1773\">Impulsado por el motor de sonido de piano SuperNATURAL, el FP-30X ofrece ricos tonos de piano de cola. Adem\u00e1s, incluye pianos el\u00e9ctricos, \u00f3rganos, cuerdas y sonidos de sintetizador. Puedes superponer o dividir sonidos para conseguir texturas creativas. Adem\u00e1s, los efectos integrados (coro, reverberaci\u00f3n y retardo) realzan la profundidad y el car\u00e1cter. En consecuencia, cada actuaci\u00f3n brilla con pulido profesional.    <\/p>\n<h3 class=\"\" data-start=\"1775\" data-end=\"1793\">Conectividad<\/h3>\n<p class=\"\" data-start=\"1794\" data-end=\"2135\">El FP-30X incorpora Bluetooth MIDI y audio para una transmisi\u00f3n sin cables. Como resultado, puedes enviar pistas de acompa\u00f1amiento de forma inal\u00e1mbrica a los altavoces del piano. Adem\u00e1s, el USB audio\/MIDI permite la grabaci\u00f3n y reproducci\u00f3n directa en DAW. Dos tomas de auriculares permiten la pr\u00e1ctica privada o las clases con dos usuarios. Mientras tanto, los altavoces dobles de 6 W ofrecen un sonido claro y potente.    <\/p>\n<h3 class=\"\" data-start=\"2137\" data-end=\"2160\">Funciones incorporadas<\/h3>\n<p class=\"\" data-start=\"2161\" data-end=\"2478\">Una grabadora de dos pistas integrada captura canciones o ideas sobre la marcha. Contiene hasta 700 KB de audio est\u00e9reo para una referencia r\u00e1pida. Adem\u00e1s, los ritmos ajustables del metr\u00f3nomo ayudan a sincronizar y practicar. Los modos de lecci\u00f3n integrados ofrecen reproducci\u00f3n con teclado dividido. As\u00ed, los alumnos aprenden de forma pr\u00e1ctica mientras los instructores les gu\u00edan a distancia.    <\/p>\n<h3 class=\"\" data-start=\"2480\" data-end=\"2506\">Dise\u00f1o y portabilidad<\/h3>\n<p class=\"\" data-start=\"2507\" data-end=\"2842\">Con un peso de s\u00f3lo 14,1 kg, el FP-30X es ideal para los m\u00fasicos que act\u00faan. El delgado dise\u00f1o de su carcasa se adapta a los estrechos bastidores de los escenarios o a los estudios dom\u00e9sticos. Adem\u00e1s, el atril y el pedal de sustain incluidos llegan listos para usar. Para eventos al aire libre, la bater\u00eda opcional te permite tocar sin conexi\u00f3n a la red el\u00e9ctrica. As\u00ed, te centrar\u00e1s en la creatividad, no en las tomas de corriente.    <\/p>\n<h3 class=\"\" data-start=\"2844\" data-end=\"2862\">Aplicaciones<\/h3>\n<p class=\"\" data-start=\"2863\" data-end=\"3215\">Tanto si <strong data-start=\"2875\" data-end=\"2902\">alquilas el roland fp30x ibiza<\/strong> para fiestas en chalets, funciones corporativas o eventos en la playa, se adapta a la perfecci\u00f3n. Pianistas de jazz, teclistas de pop y artistas cl\u00e1sicos se benefician de su rango din\u00e1mico. Adem\u00e1s, los DJ integran su funci\u00f3n de audio Bluetooth en espect\u00e1culos multimedia. As\u00ed, este piano mejora tanto las actuaciones en solitario como en conjunto.   <\/p>\n<h3 class=\"\" data-start=\"3217\" data-end=\"3239\">Alquiler y asistencia<\/h3>\n<p class=\"\" data-start=\"3240\" data-end=\"3632\">Para obtener especificaciones detalladas, visita <a class=\"cursor-pointer\" target=\"_new\" rel=\"noopener\" data-start=\"3279\" data-end=\"3359\">la p\u00e1gina del producto Roland FP30X<\/a>. White Sound Ibiza proporciona una entrega r\u00e1pida, orientaci\u00f3n experta para la configuraci\u00f3n y asistencia t\u00e9cnica in situ. En consecuencia, disfrutar\u00e1s de una experiencia llave en mano desde la carga hasta la puesta en marcha. Alquila la <strong data-start=\"3542\" data-end=\"3568\">Roland FP<\/strong> -30X <strong data-start=\"3542\" data-end=\"3568\">en Ibiza<\/strong> hoy mismo en White Sound Ibiza y \u00a1eleva tu pr\u00f3xima actuaci\u00f3n!   <\/p>\n<style id=\"wpforms-css-vars-1077\">\n\t\t\t\t#wpforms-1077 {\n\t\t\t\t\n\t\t\t}\n\t\t\t<\/style><div class=\"wpforms-container wpforms-container-full wpforms-render-modern\" id=\"wpforms-1077\"><form id=\"wpforms-form-1077\" class=\"wpforms-validate wpforms-form wpforms-ajax-form\" data-formid=\"1077\" method=\"post\" enctype=\"multipart\/form-data\" action=\"\/es\/wp-json\/wp\/v2\/product\/49167\" data-token=\"dfe2cec9ba1513477d46ad545949aa7b\" data-token-time=\"1775245900\"><noscript class=\"wpforms-error-noscript\">Por favor, activa JavaScript en tu navegador para completar este formulario.<\/noscript><div id=\"wpforms-error-noscript\" style=\"display: none;\">Por favor, activa JavaScript en tu navegador para completar este formulario.<\/div><div class=\"wpforms-field-container\"><div id=\"wpforms-1077-field_0-container\" class=\"wpforms-field wpforms-field-name\" data-field-id=\"0\"><fieldset><legend class=\"wpforms-field-label\">Nombre <span class=\"wpforms-required-label\" aria-hidden=\"true\">*<\/span><\/legend><div class=\"wpforms-field-row wpforms-field-medium\"><div class=\"wpforms-field-row-block wpforms-first wpforms-one-half\"><input type=\"text\" id=\"wpforms-1077-field_0\" class=\"wpforms-field-name-first wpforms-field-required\" name=\"wpforms[fields][0][first]\" placeholder=\"Nombre\" aria-errormessage=\"wpforms-1077-field_0-error\" required><label for=\"wpforms-1077-field_0\" class=\"wpforms-field-sublabel after wpforms-sublabel-hide\">Nombre<\/label><\/div><div class=\"wpforms-field-row-block wpforms-one-half\"><input type=\"text\" id=\"wpforms-1077-field_0-last\" class=\"wpforms-field-name-last wpforms-field-required\" name=\"wpforms[fields][0][last]\" placeholder=\"Apellidos\" aria-errormessage=\"wpforms-1077-field_0-last-error\" required><label for=\"wpforms-1077-field_0-last\" class=\"wpforms-field-sublabel after wpforms-sublabel-hide\">Apellidos<\/label><\/div><\/div><\/fieldset><\/div>\t\t<div id=\"wpforms-1077-field_3-container\"\n\t\t\tclass=\"wpforms-field wpforms-field-text\"\n\t\t\tdata-field-type=\"text\"\n\t\t\tdata-field-id=\"3\"\n\t\t\t>\n\t\t\t<label class=\"wpforms-field-label\" for=\"wpforms-1077-field_3\" >Dise\u00f1o Nombre un<\/label>\n\t\t\t<input type=\"text\" id=\"wpforms-1077-field_3\" class=\"wpforms-field-medium\" name=\"wpforms[fields][3]\" >\n\t\t<\/div>\n\t\t<div id=\"wpforms-1077-field_7-container\" class=\"wpforms-field wpforms-field-layout\" data-field-id=\"7\"><div class=\"wpforms-field-layout-columns wpforms-field-layout-preset-50-50\"><div class=\"wpforms-layout-column wpforms-layout-column-50\" ><div id=\"wpforms-1077-field_1-container\" class=\"wpforms-field wpforms-field-email\" data-field-id=\"1\"><label class=\"wpforms-field-label\" for=\"wpforms-1077-field_1\">Env\u00eda un correo electr\u00f3nico a <span class=\"wpforms-required-label\" aria-hidden=\"true\">*<\/span><\/label><input type=\"email\" id=\"wpforms-1077-field_1\" class=\"wpforms-field-medium wpforms-field-required\" name=\"wpforms[fields][1]\" spellcheck=\"false\" aria-errormessage=\"wpforms-1077-field_1-error\" required><\/div><\/div><div class=\"wpforms-layout-column wpforms-layout-column-50\" ><div id=\"wpforms-1077-field_8-container\" class=\"wpforms-field wpforms-field-phone\" data-field-id=\"8\"><label class=\"wpforms-field-label\" for=\"wpforms-1077-field_8\">N\u00famero de tel\u00e9fono <span class=\"wpforms-required-label\" aria-hidden=\"true\">*<\/span><\/label><input type=\"tel\" id=\"wpforms-1077-field_8\" class=\"wpforms-field-medium wpforms-field-required wpforms-smart-phone-field\" data-rule-smart-phone-field=\"true\" name=\"wpforms[fields][8]\" aria-label=\"N\u00famero de tel\u00e9fono\" aria-errormessage=\"wpforms-1077-field_8-error\" required><\/div><\/div><\/div><\/div><div id=\"wpforms-1077-field_10-container\" class=\"wpforms-field wpforms-field-layout\" data-field-id=\"10\"><div class=\"wpforms-field-layout-columns wpforms-field-layout-preset-50-50\"><div class=\"wpforms-layout-column wpforms-layout-column-50\" ><div id=\"wpforms-1077-field_4-container\" class=\"wpforms-field wpforms-field-date-time\" data-field-id=\"4\"><label class=\"wpforms-field-label\" for=\"wpforms-1077-field_4\">Desde<\/label><div class=\"wpforms-datepicker-wrap\"><input type=\"text\" id=\"wpforms-1077-field_4\" class=\"wpforms-field-date-time-date wpforms-datepicker wpforms-field-small\" data-date-format=\"m\/d\/Y\" data-disable-past-dates=\"0\" data-input=\"true\" name=\"wpforms[fields][4][date]\" aria-errormessage=\"wpforms-1077-field_4-error\" ><a title=\"Borrar fecha\" data-clear role=\"button\" tabindex=\"0\" class=\"wpforms-datepicker-clear\" aria-label=\"Borrar fecha\" style=\"display:none;\"><\/a><\/div><\/div><\/div><div class=\"wpforms-layout-column wpforms-layout-column-50\" ><div id=\"wpforms-1077-field_9-container\" class=\"wpforms-field wpforms-field-date-time\" data-field-id=\"9\"><label class=\"wpforms-field-label\" for=\"wpforms-1077-field_9\">Hasta<\/label><div class=\"wpforms-datepicker-wrap\"><input type=\"text\" id=\"wpforms-1077-field_9\" class=\"wpforms-field-date-time-date wpforms-datepicker wpforms-field-small\" data-date-format=\"m\/d\/Y\" data-disable-past-dates=\"0\" data-input=\"true\" name=\"wpforms[fields][9][date]\" aria-errormessage=\"wpforms-1077-field_9-error\" ><a title=\"Borrar fecha\" data-clear role=\"button\" tabindex=\"0\" class=\"wpforms-datepicker-clear\" aria-label=\"Borrar fecha\" style=\"display:none;\"><\/a><\/div><\/div><\/div><\/div><\/div><div id=\"wpforms-1077-field_2-container\" class=\"wpforms-field wpforms-field-textarea\" data-field-id=\"2\"><label class=\"wpforms-field-label\" for=\"wpforms-1077-field_2\">Mensaje<\/label><textarea id=\"wpforms-1077-field_2\" class=\"wpforms-field-medium\" name=\"wpforms[fields][2]\" placeholder=\"\u00bfC\u00f3mo podemos ayudarte?\" aria-errormessage=\"wpforms-1077-field_2-error\" ><\/textarea><\/div><script>\n\t\t\t\t( function() {\n\t\t\t\t\tconst style = document.createElement( 'style' );\n\t\t\t\t\tstyle.appendChild( document.createTextNode( '#wpforms-1077-field_3-container { position: absolute !important; overflow: hidden !important; display: inline !important; height: 1px !important; width: 1px !important; z-index: -1000 !important; padding: 0 !important; } #wpforms-1077-field_3-container input { visibility: hidden; } #wpforms-conversational-form-page #wpforms-1077-field_3-container label { counter-increment: none; }' ) );\n\t\t\t\t\tdocument.head.appendChild( style );\n\t\t\t\t\tdocument.currentScript?.remove();\n\t\t\t\t} )();\n\t\t\t<\/script><\/div><!-- .wpforms-field-container --><div class=\"wpforms-recaptcha-container wpforms-is-recaptcha wpforms-is-recaptcha-type-v2\" ><div class=\"g-recaptcha\" data-sitekey=\"6LeS7gEkAAAAAO-EsXRwxTakHs6Q_9Z0rQYHkIS5\"><\/div><input type=\"text\" name=\"g-recaptcha-hidden\" class=\"wpforms-recaptcha-hidden\" style=\"position:absolute!important;clip:rect(0,0,0,0)!important;height:1px!important;width:1px!important;border:0!important;overflow:hidden!important;padding:0!important;margin:0!important;\" data-rule-recaptcha=\"1\"><\/div><div class=\"wpforms-submit-container\" ><input type=\"hidden\" name=\"wpforms[id]\" value=\"1077\"><input type=\"hidden\" name=\"page_title\" value=\"\"><input type=\"hidden\" name=\"page_url\" value=\"https:\/\/whitesoundibiza.com\/es\/wp-json\/wp\/v2\/product\/49167\"><input type=\"hidden\" name=\"url_referer\" value=\"\"><button type=\"submit\" name=\"wpforms[submit]\" id=\"wpforms-submit-1077\" class=\"wpforms-submit\" data-alt-text=\"Enviando...\" data-submit-text=\"Env\u00eda\" aria-live=\"assertive\" value=\"wpforms-submit\">Env\u00eda<\/button><img decoding=\"async\" src=\"https:\/\/whitesoundibiza.com\/wp-content\/plugins\/wpforms\/assets\/images\/submit-spin.svg\" class=\"wpforms-submit-spinner\" style=\"display: none;\" width=\"26\" height=\"26\" alt=\"Cargando\"><\/div><\/form><\/div>  <!-- .wpforms-container -->\n<p>&nbsp;<\/p>\n","protected":false},"excerpt":{"rendered":"<p class=\"\" data-start=\"289\" data-end=\"486\">Un piano de escenario de 88 teclas con acci\u00f3n est\u00e1ndar PHA-4, motor de sonido SuperNATURAL, Bluetooth MIDI\/audio, grabadora integrada y dise\u00f1o ligero, perfecto para uso en directo y en estudio.<\/p>\n<p class=\"\" data-start=\"488\" data-end=\"652\">\n","protected":false},"featured_media":48132,"template":"","meta":{"_joinchat":[]},"product_brand":[],"product_cat":[180],"product_tag":[],"class_list":{"0":"post-49167","1":"product","2":"type-product","3":"status-publish","4":"has-post-thumbnail","6":"product_cat-claves","8":"first","9":"instock","10":"taxable","11":"shipping-taxable","12":"purchasable","13":"product-type-rentable"},"yoast_head":"<!-- This site is optimized with the Yoast SEO plugin v27.3 - https:\/\/yoast.com\/product\/yoast-seo-wordpress\/ -->\n<title>Alquilar Roland FP30X Ibiza | White Sound Ibiza<\/title>\n<meta name=\"description\" content=\"Alquila el piano digital Roland FP30X en Ibiza con White Sound Ibiza. 88 teclas contrapesadas, sonido SuperNATURAL, Bluetooth MIDI\/audio y funcionamiento a pilas. \u00a1Reserva ahora!\" \/>\n<meta name=\"robots\" content=\"index, follow, max-snippet:-1, max-image-preview:large, max-video-preview:-1\" \/>\n<link rel=\"canonical\" href=\"https:\/\/whitesoundibiza.com\/es\/producto\/roland-fp30x\/\" \/>\n<meta property=\"og:locale\" content=\"es_ES\" \/>\n<meta property=\"og:type\" content=\"article\" \/>\n<meta property=\"og:title\" content=\"Alquilar Roland FP30X Ibiza | White Sound Ibiza\" \/>\n<meta property=\"og:description\" content=\"Alquila el piano digital Roland FP30X en Ibiza con White Sound Ibiza. 88 teclas contrapesadas, sonido SuperNATURAL, Bluetooth MIDI\/audio y funcionamiento a pilas. \u00a1Reserva ahora!\" \/>\n<meta property=\"og:url\" content=\"https:\/\/whitesoundibiza.com\/es\/producto\/roland-fp30x\/\" \/>\n<meta property=\"og:site_name\" content=\"White Sound Ibiza - Delivering Fun\" \/>\n<meta property=\"article:modified_time\" content=\"2025-08-09T15:42:56+00:00\" \/>\n<meta property=\"og:image\" content=\"https:\/\/whitesoundibiza.com\/wp-content\/uploads\/2025\/02\/roland_fp30x.jpg\" \/>\n\t<meta property=\"og:image:width\" content=\"1000\" \/>\n\t<meta property=\"og:image:height\" content=\"1000\" \/>\n\t<meta property=\"og:image:type\" content=\"image\/jpeg\" \/>\n<meta name=\"twitter:card\" content=\"summary_large_image\" \/>\n<meta name=\"twitter:label1\" content=\"Tiempo de lectura\" \/>\n\t<meta name=\"twitter:data1\" content=\"3 minutos\" \/>\n<script type=\"application\/ld+json\" class=\"yoast-schema-graph\">{\"@context\":\"https:\\\/\\\/schema.org\",\"@graph\":[{\"@type\":\"WebPage\",\"@id\":\"https:\\\/\\\/whitesoundibiza.com\\\/es\\\/producto\\\/roland-fp30x\\\/\",\"url\":\"https:\\\/\\\/whitesoundibiza.com\\\/es\\\/producto\\\/roland-fp30x\\\/\",\"name\":\"Alquilar Roland FP30X Ibiza | White Sound Ibiza\",\"isPartOf\":{\"@id\":\"https:\\\/\\\/whitesoundibiza.com\\\/es\\\/#website\"},\"primaryImageOfPage\":{\"@id\":\"https:\\\/\\\/whitesoundibiza.com\\\/es\\\/producto\\\/roland-fp30x\\\/#primaryimage\"},\"image\":{\"@id\":\"https:\\\/\\\/whitesoundibiza.com\\\/es\\\/producto\\\/roland-fp30x\\\/#primaryimage\"},\"thumbnailUrl\":\"https:\\\/\\\/whitesoundibiza.com\\\/wp-content\\\/uploads\\\/2025\\\/02\\\/roland_fp30x.jpg\",\"datePublished\":\"2025-02-07T19:36:00+00:00\",\"dateModified\":\"2025-08-09T15:42:56+00:00\",\"description\":\"Alquila el piano digital Roland FP30X en Ibiza con White Sound Ibiza. 88 teclas contrapesadas, sonido SuperNATURAL, Bluetooth MIDI\\\/audio y funcionamiento a pilas. \u00a1Reserva ahora!\",\"breadcrumb\":{\"@id\":\"https:\\\/\\\/whitesoundibiza.com\\\/es\\\/producto\\\/roland-fp30x\\\/#breadcrumb\"},\"inLanguage\":\"es\",\"potentialAction\":[{\"@type\":\"ReadAction\",\"target\":[\"https:\\\/\\\/whitesoundibiza.com\\\/es\\\/producto\\\/roland-fp30x\\\/\"]}]},{\"@type\":\"ImageObject\",\"inLanguage\":\"es\",\"@id\":\"https:\\\/\\\/whitesoundibiza.com\\\/es\\\/producto\\\/roland-fp30x\\\/#primaryimage\",\"url\":\"https:\\\/\\\/whitesoundibiza.com\\\/wp-content\\\/uploads\\\/2025\\\/02\\\/roland_fp30x.jpg\",\"contentUrl\":\"https:\\\/\\\/whitesoundibiza.com\\\/wp-content\\\/uploads\\\/2025\\\/02\\\/roland_fp30x.jpg\",\"width\":1000,\"height\":1000,\"caption\":\"Estaci\u00f3n de trabajo de piano de escenario Roland FP-30X de 88 teclas con altavoces integrados y panel de control retroiluminado disponible para alquilar en Ibiza en White Sound Ibiza\"},{\"@type\":\"BreadcrumbList\",\"@id\":\"https:\\\/\\\/whitesoundibiza.com\\\/es\\\/producto\\\/roland-fp30x\\\/#breadcrumb\",\"itemListElement\":[{\"@type\":\"ListItem\",\"position\":1,\"name\":\"Portada\",\"item\":\"https:\\\/\\\/whitesoundibiza.com\\\/es\\\/\"},{\"@type\":\"ListItem\",\"position\":2,\"name\":\"Tienda\",\"item\":\"https:\\\/\\\/whitesoundibiza.com\\\/es\\\/tienda\\\/\"},{\"@type\":\"ListItem\",\"position\":3,\"name\":\"Roland Fp30X\"}]},{\"@type\":\"WebSite\",\"@id\":\"https:\\\/\\\/whitesoundibiza.com\\\/es\\\/#website\",\"url\":\"https:\\\/\\\/whitesoundibiza.com\\\/es\\\/\",\"name\":\"White Sound Ibiza\",\"description\":\"Rent Speakers in Ibiza\",\"publisher\":{\"@id\":\"https:\\\/\\\/whitesoundibiza.com\\\/es\\\/#organization\"},\"potentialAction\":[{\"@type\":\"SearchAction\",\"target\":{\"@type\":\"EntryPoint\",\"urlTemplate\":\"https:\\\/\\\/whitesoundibiza.com\\\/es\\\/?s={search_term_string}\"},\"query-input\":{\"@type\":\"PropertyValueSpecification\",\"valueRequired\":true,\"valueName\":\"search_term_string\"}}],\"inLanguage\":\"es\"},{\"@type\":\"Organization\",\"@id\":\"https:\\\/\\\/whitesoundibiza.com\\\/es\\\/#organization\",\"name\":\"White Sound Ibiza\",\"url\":\"https:\\\/\\\/whitesoundibiza.com\\\/es\\\/\",\"logo\":{\"@type\":\"ImageObject\",\"inLanguage\":\"es\",\"@id\":\"https:\\\/\\\/whitesoundibiza.com\\\/es\\\/#\\\/schema\\\/logo\\\/image\\\/\",\"url\":\"https:\\\/\\\/whitesoundibiza.com\\\/wp-content\\\/uploads\\\/2025\\\/05\\\/ws_logo.jpg\",\"contentUrl\":\"https:\\\/\\\/whitesoundibiza.com\\\/wp-content\\\/uploads\\\/2025\\\/05\\\/ws_logo.jpg\",\"width\":800,\"height\":235,\"caption\":\"White Sound Ibiza\"},\"image\":{\"@id\":\"https:\\\/\\\/whitesoundibiza.com\\\/es\\\/#\\\/schema\\\/logo\\\/image\\\/\"}}]}<\/script>\n<!-- \/ Yoast SEO plugin. -->","yoast_head_json":{"title":"Alquilar Roland FP30X Ibiza | White Sound Ibiza","description":"Alquila el piano digital Roland FP30X en Ibiza con White Sound Ibiza. 88 teclas contrapesadas, sonido SuperNATURAL, Bluetooth MIDI\/audio y funcionamiento a pilas. \u00a1Reserva ahora!","robots":{"index":"index","follow":"follow","max-snippet":"max-snippet:-1","max-image-preview":"max-image-preview:large","max-video-preview":"max-video-preview:-1"},"canonical":"https:\/\/whitesoundibiza.com\/es\/producto\/roland-fp30x\/","og_locale":"es_ES","og_type":"article","og_title":"Alquilar Roland FP30X Ibiza | White Sound Ibiza","og_description":"Alquila el piano digital Roland FP30X en Ibiza con White Sound Ibiza. 88 teclas contrapesadas, sonido SuperNATURAL, Bluetooth MIDI\/audio y funcionamiento a pilas. \u00a1Reserva ahora!","og_url":"https:\/\/whitesoundibiza.com\/es\/producto\/roland-fp30x\/","og_site_name":"White Sound Ibiza - Delivering Fun","article_modified_time":"2025-08-09T15:42:56+00:00","og_image":[{"width":1000,"height":1000,"url":"https:\/\/whitesoundibiza.com\/wp-content\/uploads\/2025\/02\/roland_fp30x.jpg","type":"image\/jpeg"}],"twitter_card":"summary_large_image","twitter_misc":{"Tiempo de lectura":"3 minutos"},"schema":{"@context":"https:\/\/schema.org","@graph":[{"@type":"WebPage","@id":"https:\/\/whitesoundibiza.com\/es\/producto\/roland-fp30x\/","url":"https:\/\/whitesoundibiza.com\/es\/producto\/roland-fp30x\/","name":"Alquilar Roland FP30X Ibiza | White Sound Ibiza","isPartOf":{"@id":"https:\/\/whitesoundibiza.com\/es\/#website"},"primaryImageOfPage":{"@id":"https:\/\/whitesoundibiza.com\/es\/producto\/roland-fp30x\/#primaryimage"},"image":{"@id":"https:\/\/whitesoundibiza.com\/es\/producto\/roland-fp30x\/#primaryimage"},"thumbnailUrl":"https:\/\/whitesoundibiza.com\/wp-content\/uploads\/2025\/02\/roland_fp30x.jpg","datePublished":"2025-02-07T19:36:00+00:00","dateModified":"2025-08-09T15:42:56+00:00","description":"Alquila el piano digital Roland FP30X en Ibiza con White Sound Ibiza. 88 teclas contrapesadas, sonido SuperNATURAL, Bluetooth MIDI\/audio y funcionamiento a pilas. \u00a1Reserva ahora!","breadcrumb":{"@id":"https:\/\/whitesoundibiza.com\/es\/producto\/roland-fp30x\/#breadcrumb"},"inLanguage":"es","potentialAction":[{"@type":"ReadAction","target":["https:\/\/whitesoundibiza.com\/es\/producto\/roland-fp30x\/"]}]},{"@type":"ImageObject","inLanguage":"es","@id":"https:\/\/whitesoundibiza.com\/es\/producto\/roland-fp30x\/#primaryimage","url":"https:\/\/whitesoundibiza.com\/wp-content\/uploads\/2025\/02\/roland_fp30x.jpg","contentUrl":"https:\/\/whitesoundibiza.com\/wp-content\/uploads\/2025\/02\/roland_fp30x.jpg","width":1000,"height":1000,"caption":"Estaci\u00f3n de trabajo de piano de escenario Roland FP-30X de 88 teclas con altavoces integrados y panel de control retroiluminado disponible para alquilar en Ibiza en White Sound Ibiza"},{"@type":"BreadcrumbList","@id":"https:\/\/whitesoundibiza.com\/es\/producto\/roland-fp30x\/#breadcrumb","itemListElement":[{"@type":"ListItem","position":1,"name":"Portada","item":"https:\/\/whitesoundibiza.com\/es\/"},{"@type":"ListItem","position":2,"name":"Tienda","item":"https:\/\/whitesoundibiza.com\/es\/tienda\/"},{"@type":"ListItem","position":3,"name":"Roland Fp30X"}]},{"@type":"WebSite","@id":"https:\/\/whitesoundibiza.com\/es\/#website","url":"https:\/\/whitesoundibiza.com\/es\/","name":"White Sound Ibiza","description":"Rent Speakers in Ibiza","publisher":{"@id":"https:\/\/whitesoundibiza.com\/es\/#organization"},"potentialAction":[{"@type":"SearchAction","target":{"@type":"EntryPoint","urlTemplate":"https:\/\/whitesoundibiza.com\/es\/?s={search_term_string}"},"query-input":{"@type":"PropertyValueSpecification","valueRequired":true,"valueName":"search_term_string"}}],"inLanguage":"es"},{"@type":"Organization","@id":"https:\/\/whitesoundibiza.com\/es\/#organization","name":"White Sound Ibiza","url":"https:\/\/whitesoundibiza.com\/es\/","logo":{"@type":"ImageObject","inLanguage":"es","@id":"https:\/\/whitesoundibiza.com\/es\/#\/schema\/logo\/image\/","url":"https:\/\/whitesoundibiza.com\/wp-content\/uploads\/2025\/05\/ws_logo.jpg","contentUrl":"https:\/\/whitesoundibiza.com\/wp-content\/uploads\/2025\/05\/ws_logo.jpg","width":800,"height":235,"caption":"White Sound Ibiza"},"image":{"@id":"https:\/\/whitesoundibiza.com\/es\/#\/schema\/logo\/image\/"}}]}},"_links":{"self":[{"href":"https:\/\/whitesoundibiza.com\/es\/wp-json\/wp\/v2\/product\/49167","targetHints":{"allow":["GET"]}}],"collection":[{"href":"https:\/\/whitesoundibiza.com\/es\/wp-json\/wp\/v2\/product"}],"about":[{"href":"https:\/\/whitesoundibiza.com\/es\/wp-json\/wp\/v2\/types\/product"}],"wp:featuredmedia":[{"embeddable":true,"href":"https:\/\/whitesoundibiza.com\/es\/wp-json\/wp\/v2\/media\/48132"}],"wp:attachment":[{"href":"https:\/\/whitesoundibiza.com\/es\/wp-json\/wp\/v2\/media?parent=49167"}],"wp:term":[{"taxonomy":"product_brand","embeddable":true,"href":"https:\/\/whitesoundibiza.com\/es\/wp-json\/wp\/v2\/product_brand?post=49167"},{"taxonomy":"product_cat","embeddable":true,"href":"https:\/\/whitesoundibiza.com\/es\/wp-json\/wp\/v2\/product_cat?post=49167"},{"taxonomy":"product_tag","embeddable":true,"href":"https:\/\/whitesoundibiza.com\/es\/wp-json\/wp\/v2\/product_tag?post=49167"}],"curies":[{"name":"wp","href":"https:\/\/api.w.org\/{rel}","templated":true}]}}