{"id":49166,"date":"2025-02-10T19:26:29","date_gmt":"2025-02-10T19:26:29","guid":{"rendered":"https:\/\/whitesoundibiza.com\/producto\/uad-apollo-x8p\/"},"modified":"2025-08-09T15:43:47","modified_gmt":"2025-08-09T15:43:47","slug":"uad-apollo-x8p","status":"publish","type":"product","link":"https:\/\/whitesoundibiza.com\/es\/producto\/uad-apollo-x8p\/","title":{"rendered":"UAD Apollo x8p"},"content":{"rendered":"<p class=\"\" data-start=\"719\" data-end=\"1118\">Cuando <strong data-start=\"728\" data-end=\"757\">alquilas el uad apollo x8p ibiza<\/strong>, accedes a uno de los sistemas de grabaci\u00f3n de sobremesa m\u00e1s potentes que existen. El Apollo x8p dispone de ocho preamplificadores de micro compatibles con Unison\u2122, 16 entradas y 22 salidas anal\u00f3gicas, y DSP UAD SHARC\u00ae integrado para seguimiento en tiempo real con latencia casi nula. Ofrece una conversi\u00f3n A\/D pr\u00edstina de hasta 24 bits\/192 kHz y se integra perfectamente con cualquier DAW a trav\u00e9s de Thunderbolt\u2122 3.  <\/p>\n<h2 class=\"\" data-start=\"1120\" data-end=\"1154\">Caracter\u00edsticas principales y especificaciones<\/h2>\n<ul data-start=\"1155\" data-end=\"1804\">\n<li class=\"\" data-start=\"1155\" data-end=\"1333\">\n<p class=\"\" data-start=\"1157\" data-end=\"1333\"><strong data-start=\"1157\" data-end=\"1177\">Preamplificadores Unison\u2122:<\/strong> Ocho canales de preamplificaci\u00f3n de micr\u00f3fono controlados digitalmente emulan el hardware anal\u00f3gico cl\u00e1sico: compresores, ecualizadores, preamplificadores y mucho m\u00e1s .<\/p>\n<\/li>\n<li class=\"\" data-start=\"1334\" data-end=\"1440\">\n<p class=\"\" data-start=\"1336\" data-end=\"1440\"><strong data-start=\"1336\" data-end=\"1359\">Procesamiento DSP UAD:<\/strong> Los n\u00facleos SHARC\u00ae integrados ejecutan los plug-ins UAD Powered sin sobrecargar la CPU de tu ordenador.<\/p>\n<\/li>\n<li class=\"\" data-start=\"1441\" data-end=\"1572\">\n<p class=\"\" data-start=\"1443\" data-end=\"1572\"><strong data-start=\"1443\" data-end=\"1463\">Flexibilidad de E\/S:<\/strong> 16\u00d722 E\/S anal\u00f3gicas m\u00e1s dos S\/PDIF, dos ADAT \u00f3pticas y una salida de auriculares est\u00e9reo con margen de +24 dBu.<\/p>\n<\/li>\n<li class=\"\" data-start=\"1573\" data-end=\"1695\">\n<p class=\"\" data-start=\"1575\" data-end=\"1695\"><strong data-start=\"1575\" data-end=\"1592\">Conectividad:<\/strong> Dos puertos Thunderbolt\u2122 3 para configuraci\u00f3n en cadena o conectividad Mac\/PC; E\/S MIDI mediante cable multiconector.<\/p>\n<\/li>\n<li class=\"\" data-start=\"1696\" data-end=\"1804\">\n<p class=\"\" data-start=\"1698\" data-end=\"1804\"><strong data-start=\"1698\" data-end=\"1721\">Calidad de conversi\u00f3n:<\/strong> Conversi\u00f3n A\/D y D\/A de primer nivel para una grabaci\u00f3n y reproducci\u00f3n transparentes y con poco ruido.<\/p>\n<\/li>\n<\/ul>\n<p class=\"\" data-start=\"1806\" data-end=\"1972\">M\u00e1s informaci\u00f3n sobre Thunderbolt\u2122 3 en <a class=\"\" href=\"https:\/\/en.wikipedia.org\/wiki\/Thunderbolt_(interface)\" target=\"_new\" rel=\"noopener\" data-start=\"1841\" data-end=\"1933\">Thunderbolt (interfaz)<\/a>.<\/p>\n<h2 class=\"\" data-start=\"1974\" data-end=\"1992\">DSP y Plugins<\/h2>\n<p class=\"\" data-start=\"1993\" data-end=\"2360\">Cuando <strong data-start=\"2002\" data-end=\"2031\">alquilas uad apollo x8p ibiza<\/strong>, no s\u00f3lo obtienes hardware, sino tambi\u00e9n una amplia biblioteca de plugins UAD. Carga emulaciones en tiempo real de Neve\u00ae, SSL\u00ae, UA\u00ae 1176, LA-2A y muchos otros elementos b\u00e1sicos de estudio durante la grabaci\u00f3n. Se incluyen paquetes de plugins gratuitos, y puedes desbloquear temporalmente t\u00edtulos premium mediante el sistema Lunar de Universal Audio .  <\/p>\n<h2 class=\"\" data-start=\"2362\" data-end=\"2390\">Conectividad y controles<\/h2>\n<p class=\"\" data-start=\"2391\" data-end=\"2755\">El panel frontal del Apollo x8p incluye mandos de ganancia individuales con medici\u00f3n LED para cada preamplificador Unison\u2122. El enrutamiento del panel trasero permite una conexi\u00f3n flexible a bastidores anal\u00f3gicos o equipos externos. La expansi\u00f3n ADAT te permite sincronizar interfaces de audio adicionales para aumentar el n\u00famero de E\/S. Explora nuestra l\u00ednea completa de <a class=\"cursor-pointer\" rel=\"noopener\" data-start=\"2679\" data-end=\"2731\">alquiler de interfaces de audio<\/a> para equipos complementarios.   <\/p>\n<h2 class=\"\" data-start=\"2757\" data-end=\"2791\">Aplicaciones y ayuda al alquiler<\/h2>\n<p class=\"\" data-start=\"2792\" data-end=\"3100\">Ideal para estudios profesionales, equipos de grabaci\u00f3n m\u00f3viles y salas de postproducci\u00f3n, el Apollo x8p destaca en el seguimiento de bandas, presentadores de podcasts y sesiones orquestales. Comb\u00ednalo con nuestros <a class=\"cursor-pointer\" rel=\"noopener\" data-start=\"3024\" data-end=\"3071\">paquetes de<\/a> <a class=\"cursor-pointer\" rel=\"noopener\" data-start=\"2973\" data-end=\"3019\">alquiler de controladores DAW<\/a> y monitorizaci\u00f3n para obtener una soluci\u00f3n completa llave en mano. <\/p>\n<p class=\"\" data-start=\"3102\" data-end=\"3131\">White Sound Ibiza proporciona:<\/p>\n<ul data-start=\"3132\" data-end=\"3374\">\n<li class=\"\" data-start=\"3132\" data-end=\"3194\">\n<p class=\"\" data-start=\"3134\" data-end=\"3194\"><strong data-start=\"3134\" data-end=\"3156\">Entrega y recogida:<\/strong> En cualquier lugar de Ibiza seg\u00fan tu horario.<\/p>\n<\/li>\n<li class=\"\" data-start=\"3195\" data-end=\"3288\">\n<p class=\"\" data-start=\"3197\" data-end=\"3288\"><strong data-start=\"3197\" data-end=\"3215\">Configuraci\u00f3n in situ:<\/strong> Configuraremos por ti las cadenas de margaritas Thunderbolt\u2122 y las licencias de los plugins.<\/p>\n<\/li>\n<li class=\"\" data-start=\"3289\" data-end=\"3374\">\n<p class=\"\" data-start=\"3291\" data-end=\"3374\"><strong data-start=\"3291\" data-end=\"3318\">Soporte t\u00e9cnico 24\/7:<\/strong> Visita nuestra <a class=\"cursor-pointer\" rel=\"noopener\" data-start=\"3329\" data-end=\"3353\">p\u00e1gina de asistencia<\/a> o ll\u00e1manos en cualquier momento.<\/p>\n<\/li>\n<\/ul>\n<p class=\"\" data-start=\"3376\" data-end=\"3495\">\u00a1Reserva ahora el <strong data-start=\"3388\" data-end=\"3417\">alquiler de uad apollo x8p ibiza<\/strong> y aporta capacidades de grabaci\u00f3n y mezcla de primera clase a tu pr\u00f3ximo proyecto!<\/p>\n<style id=\"wpforms-css-vars-1077\">\n\t\t\t\t#wpforms-1077 {\n\t\t\t\t\n\t\t\t}\n\t\t\t<\/style><div class=\"wpforms-container wpforms-container-full wpforms-render-modern\" id=\"wpforms-1077\"><form id=\"wpforms-form-1077\" class=\"wpforms-validate wpforms-form wpforms-ajax-form\" data-formid=\"1077\" method=\"post\" enctype=\"multipart\/form-data\" action=\"\/es\/wp-json\/wp\/v2\/product\/49166\" data-token=\"dfe2cec9ba1513477d46ad545949aa7b\" data-token-time=\"1775245096\"><noscript class=\"wpforms-error-noscript\">Por favor, activa JavaScript en tu navegador para completar este formulario.<\/noscript><div id=\"wpforms-error-noscript\" style=\"display: none;\">Por favor, activa JavaScript en tu navegador para completar este formulario.<\/div><div class=\"wpforms-field-container\"><div id=\"wpforms-1077-field_0-container\" class=\"wpforms-field wpforms-field-name\" data-field-id=\"0\"><fieldset><legend class=\"wpforms-field-label\">Nombre <span class=\"wpforms-required-label\" aria-hidden=\"true\">*<\/span><\/legend><div class=\"wpforms-field-row wpforms-field-medium\"><div class=\"wpforms-field-row-block wpforms-first wpforms-one-half\"><input type=\"text\" id=\"wpforms-1077-field_0\" class=\"wpforms-field-name-first wpforms-field-required\" name=\"wpforms[fields][0][first]\" placeholder=\"Nombre\" aria-errormessage=\"wpforms-1077-field_0-error\" required><label for=\"wpforms-1077-field_0\" class=\"wpforms-field-sublabel after wpforms-sublabel-hide\">Nombre<\/label><\/div><div class=\"wpforms-field-row-block wpforms-one-half\"><input type=\"text\" id=\"wpforms-1077-field_0-last\" class=\"wpforms-field-name-last wpforms-field-required\" name=\"wpforms[fields][0][last]\" placeholder=\"Apellidos\" aria-errormessage=\"wpforms-1077-field_0-last-error\" required><label for=\"wpforms-1077-field_0-last\" class=\"wpforms-field-sublabel after wpforms-sublabel-hide\">Apellidos<\/label><\/div><\/div><\/fieldset><\/div>\t\t<div id=\"wpforms-1077-field_3-container\"\n\t\t\tclass=\"wpforms-field wpforms-field-text\"\n\t\t\tdata-field-type=\"text\"\n\t\t\tdata-field-id=\"3\"\n\t\t\t>\n\t\t\t<label class=\"wpforms-field-label\" for=\"wpforms-1077-field_3\" >Nombre un tel\u00e9fono<\/label>\n\t\t\t<input type=\"text\" id=\"wpforms-1077-field_3\" class=\"wpforms-field-medium\" name=\"wpforms[fields][3]\" >\n\t\t<\/div>\n\t\t<div id=\"wpforms-1077-field_7-container\" class=\"wpforms-field wpforms-field-layout\" data-field-id=\"7\"><div class=\"wpforms-field-layout-columns wpforms-field-layout-preset-50-50\"><div class=\"wpforms-layout-column wpforms-layout-column-50\" ><div id=\"wpforms-1077-field_1-container\" class=\"wpforms-field wpforms-field-email\" data-field-id=\"1\"><label class=\"wpforms-field-label\" for=\"wpforms-1077-field_1\">Env\u00eda un correo electr\u00f3nico a <span class=\"wpforms-required-label\" aria-hidden=\"true\">*<\/span><\/label><input type=\"email\" id=\"wpforms-1077-field_1\" class=\"wpforms-field-medium wpforms-field-required\" name=\"wpforms[fields][1]\" spellcheck=\"false\" aria-errormessage=\"wpforms-1077-field_1-error\" required><\/div><\/div><div class=\"wpforms-layout-column wpforms-layout-column-50\" ><div id=\"wpforms-1077-field_8-container\" class=\"wpforms-field wpforms-field-phone\" data-field-id=\"8\"><label class=\"wpforms-field-label\" for=\"wpforms-1077-field_8\">N\u00famero de tel\u00e9fono <span class=\"wpforms-required-label\" aria-hidden=\"true\">*<\/span><\/label><input type=\"tel\" id=\"wpforms-1077-field_8\" class=\"wpforms-field-medium wpforms-field-required wpforms-smart-phone-field\" data-rule-smart-phone-field=\"true\" name=\"wpforms[fields][8]\" aria-label=\"N\u00famero de tel\u00e9fono\" aria-errormessage=\"wpforms-1077-field_8-error\" required><\/div><\/div><\/div><\/div><div id=\"wpforms-1077-field_10-container\" class=\"wpforms-field wpforms-field-layout\" data-field-id=\"10\"><div class=\"wpforms-field-layout-columns wpforms-field-layout-preset-50-50\"><div class=\"wpforms-layout-column wpforms-layout-column-50\" ><div id=\"wpforms-1077-field_4-container\" class=\"wpforms-field wpforms-field-date-time\" data-field-id=\"4\"><label class=\"wpforms-field-label\" for=\"wpforms-1077-field_4\">Desde<\/label><div class=\"wpforms-datepicker-wrap\"><input type=\"text\" id=\"wpforms-1077-field_4\" class=\"wpforms-field-date-time-date wpforms-datepicker wpforms-field-small\" data-date-format=\"m\/d\/Y\" data-disable-past-dates=\"0\" data-input=\"true\" name=\"wpforms[fields][4][date]\" aria-errormessage=\"wpforms-1077-field_4-error\" ><a title=\"Borrar fecha\" data-clear role=\"button\" tabindex=\"0\" class=\"wpforms-datepicker-clear\" aria-label=\"Borrar fecha\" style=\"display:none;\"><\/a><\/div><\/div><\/div><div class=\"wpforms-layout-column wpforms-layout-column-50\" ><div id=\"wpforms-1077-field_9-container\" class=\"wpforms-field wpforms-field-date-time\" data-field-id=\"9\"><label class=\"wpforms-field-label\" for=\"wpforms-1077-field_9\">Hasta<\/label><div class=\"wpforms-datepicker-wrap\"><input type=\"text\" id=\"wpforms-1077-field_9\" class=\"wpforms-field-date-time-date wpforms-datepicker wpforms-field-small\" data-date-format=\"m\/d\/Y\" data-disable-past-dates=\"0\" data-input=\"true\" name=\"wpforms[fields][9][date]\" aria-errormessage=\"wpforms-1077-field_9-error\" ><a title=\"Borrar fecha\" data-clear role=\"button\" tabindex=\"0\" class=\"wpforms-datepicker-clear\" aria-label=\"Borrar fecha\" style=\"display:none;\"><\/a><\/div><\/div><\/div><\/div><\/div><div id=\"wpforms-1077-field_2-container\" class=\"wpforms-field wpforms-field-textarea\" data-field-id=\"2\"><label class=\"wpforms-field-label\" for=\"wpforms-1077-field_2\">Mensaje<\/label><textarea id=\"wpforms-1077-field_2\" class=\"wpforms-field-medium\" name=\"wpforms[fields][2]\" placeholder=\"\u00bfC\u00f3mo podemos ayudarte?\" aria-errormessage=\"wpforms-1077-field_2-error\" ><\/textarea><\/div><script>\n\t\t\t\t( function() {\n\t\t\t\t\tconst style = document.createElement( 'style' );\n\t\t\t\t\tstyle.appendChild( document.createTextNode( '#wpforms-1077-field_3-container { position: absolute !important; overflow: hidden !important; display: inline !important; height: 1px !important; width: 1px !important; z-index: -1000 !important; padding: 0 !important; } #wpforms-1077-field_3-container input { visibility: hidden; } #wpforms-conversational-form-page #wpforms-1077-field_3-container label { counter-increment: none; }' ) );\n\t\t\t\t\tdocument.head.appendChild( style );\n\t\t\t\t\tdocument.currentScript?.remove();\n\t\t\t\t} )();\n\t\t\t<\/script><\/div><!-- .wpforms-field-container --><div class=\"wpforms-recaptcha-container wpforms-is-recaptcha wpforms-is-recaptcha-type-v2\" ><div class=\"g-recaptcha\" data-sitekey=\"6LeS7gEkAAAAAO-EsXRwxTakHs6Q_9Z0rQYHkIS5\"><\/div><input type=\"text\" name=\"g-recaptcha-hidden\" class=\"wpforms-recaptcha-hidden\" style=\"position:absolute!important;clip:rect(0,0,0,0)!important;height:1px!important;width:1px!important;border:0!important;overflow:hidden!important;padding:0!important;margin:0!important;\" data-rule-recaptcha=\"1\"><\/div><div class=\"wpforms-submit-container\" ><input type=\"hidden\" name=\"wpforms[id]\" value=\"1077\"><input type=\"hidden\" name=\"page_title\" value=\"\"><input type=\"hidden\" name=\"page_url\" value=\"https:\/\/whitesoundibiza.com\/es\/wp-json\/wp\/v2\/product\/49166\"><input type=\"hidden\" name=\"url_referer\" value=\"\"><button type=\"submit\" name=\"wpforms[submit]\" id=\"wpforms-submit-1077\" class=\"wpforms-submit\" data-alt-text=\"Enviando...\" data-submit-text=\"Env\u00eda\" aria-live=\"assertive\" value=\"wpforms-submit\">Env\u00eda<\/button><img decoding=\"async\" src=\"https:\/\/whitesoundibiza.com\/wp-content\/plugins\/wpforms\/assets\/images\/submit-spin.svg\" class=\"wpforms-submit-spinner\" style=\"display: none;\" width=\"26\" height=\"26\" alt=\"Cargando\"><\/div><\/form><\/div>  <!-- .wpforms-container -->\n","protected":false},"excerpt":{"rendered":"<p class=\"\" data-start=\"332\" data-end=\"544\">Interfaz de audio Thunderbolt\u2122 3 de primera calidad con 8 preamplificadores Unison\u2122, E\/S 16\u00d722, DSP UAD SHARC integrado, S\/PDIF, ADAT y margen de +24 dBu: ideal para el seguimiento, la mezcla y la masterizaci\u00f3n profesionales.<\/p>\n<p class=\"\" data-start=\"546\" data-end=\"698\">\n","protected":false},"featured_media":48186,"template":"","meta":{"_joinchat":[]},"product_brand":[],"product_cat":[179],"product_tag":[],"class_list":{"0":"post-49166","1":"product","2":"type-product","3":"status-publish","4":"has-post-thumbnail","6":"product_cat-tarjetas-de-sonido","8":"first","9":"instock","10":"taxable","11":"shipping-taxable","12":"purchasable","13":"product-type-rentable"},"yoast_head":"<!-- This site is optimized with the Yoast SEO plugin v27.3 - https:\/\/yoast.com\/product\/yoast-seo-wordpress\/ -->\n<title>Alquilar UAD Apollo x8p Ibiza | White Sound Ibiza<\/title>\n<meta name=\"description\" content=\"Alquila la interfaz de audio UAD Apollo x8p Thunderbolt\u2122 3 en Ibiza de White Sound Ibiza. 16 entradas\/salidas anal\u00f3gicas, procesamiento DSP UAD en tiempo real, preamplificadores Unison\u2122 y plugins de emulaci\u00f3n anal\u00f3gica premium. \u00a1Reserva ya!\" \/>\n<meta name=\"robots\" content=\"index, follow, max-snippet:-1, max-image-preview:large, max-video-preview:-1\" \/>\n<link rel=\"canonical\" href=\"https:\/\/whitesoundibiza.com\/es\/producto\/uad-apollo-x8p\/\" \/>\n<meta property=\"og:locale\" content=\"es_ES\" \/>\n<meta property=\"og:type\" content=\"article\" \/>\n<meta property=\"og:title\" content=\"Alquilar UAD Apollo x8p Ibiza | White Sound Ibiza\" \/>\n<meta property=\"og:description\" content=\"Alquila la interfaz de audio UAD Apollo x8p Thunderbolt\u2122 3 en Ibiza de White Sound Ibiza. 16 entradas\/salidas anal\u00f3gicas, procesamiento DSP UAD en tiempo real, preamplificadores Unison\u2122 y plugins de emulaci\u00f3n anal\u00f3gica premium. \u00a1Reserva ya!\" \/>\n<meta property=\"og:url\" content=\"https:\/\/whitesoundibiza.com\/es\/producto\/uad-apollo-x8p\/\" \/>\n<meta property=\"og:site_name\" content=\"White Sound Ibiza - Delivering Fun\" \/>\n<meta property=\"article:modified_time\" content=\"2025-08-09T15:43:47+00:00\" \/>\n<meta property=\"og:image\" content=\"https:\/\/whitesoundibiza.com\/wp-content\/uploads\/2025\/02\/uadx8p.jpg\" \/>\n\t<meta property=\"og:image:width\" content=\"1000\" \/>\n\t<meta property=\"og:image:height\" content=\"1000\" \/>\n\t<meta property=\"og:image:type\" content=\"image\/jpeg\" \/>\n<meta name=\"twitter:card\" content=\"summary_large_image\" \/>\n<meta name=\"twitter:label1\" content=\"Tiempo de lectura\" \/>\n\t<meta name=\"twitter:data1\" content=\"2 minutos\" \/>\n<script type=\"application\/ld+json\" class=\"yoast-schema-graph\">{\"@context\":\"https:\\\/\\\/schema.org\",\"@graph\":[{\"@type\":\"WebPage\",\"@id\":\"https:\\\/\\\/whitesoundibiza.com\\\/es\\\/producto\\\/uad-apollo-x8p\\\/\",\"url\":\"https:\\\/\\\/whitesoundibiza.com\\\/es\\\/producto\\\/uad-apollo-x8p\\\/\",\"name\":\"Alquilar UAD Apollo x8p Ibiza | White Sound Ibiza\",\"isPartOf\":{\"@id\":\"https:\\\/\\\/whitesoundibiza.com\\\/es\\\/#website\"},\"primaryImageOfPage\":{\"@id\":\"https:\\\/\\\/whitesoundibiza.com\\\/es\\\/producto\\\/uad-apollo-x8p\\\/#primaryimage\"},\"image\":{\"@id\":\"https:\\\/\\\/whitesoundibiza.com\\\/es\\\/producto\\\/uad-apollo-x8p\\\/#primaryimage\"},\"thumbnailUrl\":\"https:\\\/\\\/whitesoundibiza.com\\\/wp-content\\\/uploads\\\/2025\\\/02\\\/uadx8p.jpg\",\"datePublished\":\"2025-02-10T19:26:29+00:00\",\"dateModified\":\"2025-08-09T15:43:47+00:00\",\"description\":\"Alquila la interfaz de audio UAD Apollo x8p Thunderbolt\u2122 3 en Ibiza de White Sound Ibiza. 16 entradas\\\/salidas anal\u00f3gicas, procesamiento DSP UAD en tiempo real, preamplificadores Unison\u2122 y plugins de emulaci\u00f3n anal\u00f3gica premium. \u00a1Reserva ya!\",\"breadcrumb\":{\"@id\":\"https:\\\/\\\/whitesoundibiza.com\\\/es\\\/producto\\\/uad-apollo-x8p\\\/#breadcrumb\"},\"inLanguage\":\"es\",\"potentialAction\":[{\"@type\":\"ReadAction\",\"target\":[\"https:\\\/\\\/whitesoundibiza.com\\\/es\\\/producto\\\/uad-apollo-x8p\\\/\"]}]},{\"@type\":\"ImageObject\",\"inLanguage\":\"es\",\"@id\":\"https:\\\/\\\/whitesoundibiza.com\\\/es\\\/producto\\\/uad-apollo-x8p\\\/#primaryimage\",\"url\":\"https:\\\/\\\/whitesoundibiza.com\\\/wp-content\\\/uploads\\\/2025\\\/02\\\/uadx8p.jpg\",\"contentUrl\":\"https:\\\/\\\/whitesoundibiza.com\\\/wp-content\\\/uploads\\\/2025\\\/02\\\/uadx8p.jpg\",\"width\":1000,\"height\":1000,\"caption\":\"Interfaz de audio Universal Audio UAD Apollo x8p Thunderbolt\u2122 3 con preamplificadores Unison disponible para alquilar en Ibiza en White Sound Ibiza\"},{\"@type\":\"BreadcrumbList\",\"@id\":\"https:\\\/\\\/whitesoundibiza.com\\\/es\\\/producto\\\/uad-apollo-x8p\\\/#breadcrumb\",\"itemListElement\":[{\"@type\":\"ListItem\",\"position\":1,\"name\":\"Portada\",\"item\":\"https:\\\/\\\/whitesoundibiza.com\\\/es\\\/\"},{\"@type\":\"ListItem\",\"position\":2,\"name\":\"Tienda\",\"item\":\"https:\\\/\\\/whitesoundibiza.com\\\/es\\\/tienda\\\/\"},{\"@type\":\"ListItem\",\"position\":3,\"name\":\"UAD Apollo x8p\"}]},{\"@type\":\"WebSite\",\"@id\":\"https:\\\/\\\/whitesoundibiza.com\\\/es\\\/#website\",\"url\":\"https:\\\/\\\/whitesoundibiza.com\\\/es\\\/\",\"name\":\"White Sound Ibiza\",\"description\":\"Rent Speakers in Ibiza\",\"publisher\":{\"@id\":\"https:\\\/\\\/whitesoundibiza.com\\\/es\\\/#organization\"},\"potentialAction\":[{\"@type\":\"SearchAction\",\"target\":{\"@type\":\"EntryPoint\",\"urlTemplate\":\"https:\\\/\\\/whitesoundibiza.com\\\/es\\\/?s={search_term_string}\"},\"query-input\":{\"@type\":\"PropertyValueSpecification\",\"valueRequired\":true,\"valueName\":\"search_term_string\"}}],\"inLanguage\":\"es\"},{\"@type\":\"Organization\",\"@id\":\"https:\\\/\\\/whitesoundibiza.com\\\/es\\\/#organization\",\"name\":\"White Sound Ibiza\",\"url\":\"https:\\\/\\\/whitesoundibiza.com\\\/es\\\/\",\"logo\":{\"@type\":\"ImageObject\",\"inLanguage\":\"es\",\"@id\":\"https:\\\/\\\/whitesoundibiza.com\\\/es\\\/#\\\/schema\\\/logo\\\/image\\\/\",\"url\":\"https:\\\/\\\/whitesoundibiza.com\\\/wp-content\\\/uploads\\\/2025\\\/05\\\/ws_logo.jpg\",\"contentUrl\":\"https:\\\/\\\/whitesoundibiza.com\\\/wp-content\\\/uploads\\\/2025\\\/05\\\/ws_logo.jpg\",\"width\":800,\"height\":235,\"caption\":\"White Sound Ibiza\"},\"image\":{\"@id\":\"https:\\\/\\\/whitesoundibiza.com\\\/es\\\/#\\\/schema\\\/logo\\\/image\\\/\"}}]}<\/script>\n<!-- \/ Yoast SEO plugin. -->","yoast_head_json":{"title":"Alquilar UAD Apollo x8p Ibiza | White Sound Ibiza","description":"Alquila la interfaz de audio UAD Apollo x8p Thunderbolt\u2122 3 en Ibiza de White Sound Ibiza. 16 entradas\/salidas anal\u00f3gicas, procesamiento DSP UAD en tiempo real, preamplificadores Unison\u2122 y plugins de emulaci\u00f3n anal\u00f3gica premium. \u00a1Reserva ya!","robots":{"index":"index","follow":"follow","max-snippet":"max-snippet:-1","max-image-preview":"max-image-preview:large","max-video-preview":"max-video-preview:-1"},"canonical":"https:\/\/whitesoundibiza.com\/es\/producto\/uad-apollo-x8p\/","og_locale":"es_ES","og_type":"article","og_title":"Alquilar UAD Apollo x8p Ibiza | White Sound Ibiza","og_description":"Alquila la interfaz de audio UAD Apollo x8p Thunderbolt\u2122 3 en Ibiza de White Sound Ibiza. 16 entradas\/salidas anal\u00f3gicas, procesamiento DSP UAD en tiempo real, preamplificadores Unison\u2122 y plugins de emulaci\u00f3n anal\u00f3gica premium. \u00a1Reserva ya!","og_url":"https:\/\/whitesoundibiza.com\/es\/producto\/uad-apollo-x8p\/","og_site_name":"White Sound Ibiza - Delivering Fun","article_modified_time":"2025-08-09T15:43:47+00:00","og_image":[{"width":1000,"height":1000,"url":"https:\/\/whitesoundibiza.com\/wp-content\/uploads\/2025\/02\/uadx8p.jpg","type":"image\/jpeg"}],"twitter_card":"summary_large_image","twitter_misc":{"Tiempo de lectura":"2 minutos"},"schema":{"@context":"https:\/\/schema.org","@graph":[{"@type":"WebPage","@id":"https:\/\/whitesoundibiza.com\/es\/producto\/uad-apollo-x8p\/","url":"https:\/\/whitesoundibiza.com\/es\/producto\/uad-apollo-x8p\/","name":"Alquilar UAD Apollo x8p Ibiza | White Sound Ibiza","isPartOf":{"@id":"https:\/\/whitesoundibiza.com\/es\/#website"},"primaryImageOfPage":{"@id":"https:\/\/whitesoundibiza.com\/es\/producto\/uad-apollo-x8p\/#primaryimage"},"image":{"@id":"https:\/\/whitesoundibiza.com\/es\/producto\/uad-apollo-x8p\/#primaryimage"},"thumbnailUrl":"https:\/\/whitesoundibiza.com\/wp-content\/uploads\/2025\/02\/uadx8p.jpg","datePublished":"2025-02-10T19:26:29+00:00","dateModified":"2025-08-09T15:43:47+00:00","description":"Alquila la interfaz de audio UAD Apollo x8p Thunderbolt\u2122 3 en Ibiza de White Sound Ibiza. 16 entradas\/salidas anal\u00f3gicas, procesamiento DSP UAD en tiempo real, preamplificadores Unison\u2122 y plugins de emulaci\u00f3n anal\u00f3gica premium. \u00a1Reserva ya!","breadcrumb":{"@id":"https:\/\/whitesoundibiza.com\/es\/producto\/uad-apollo-x8p\/#breadcrumb"},"inLanguage":"es","potentialAction":[{"@type":"ReadAction","target":["https:\/\/whitesoundibiza.com\/es\/producto\/uad-apollo-x8p\/"]}]},{"@type":"ImageObject","inLanguage":"es","@id":"https:\/\/whitesoundibiza.com\/es\/producto\/uad-apollo-x8p\/#primaryimage","url":"https:\/\/whitesoundibiza.com\/wp-content\/uploads\/2025\/02\/uadx8p.jpg","contentUrl":"https:\/\/whitesoundibiza.com\/wp-content\/uploads\/2025\/02\/uadx8p.jpg","width":1000,"height":1000,"caption":"Interfaz de audio Universal Audio UAD Apollo x8p Thunderbolt\u2122 3 con preamplificadores Unison disponible para alquilar en Ibiza en White Sound Ibiza"},{"@type":"BreadcrumbList","@id":"https:\/\/whitesoundibiza.com\/es\/producto\/uad-apollo-x8p\/#breadcrumb","itemListElement":[{"@type":"ListItem","position":1,"name":"Portada","item":"https:\/\/whitesoundibiza.com\/es\/"},{"@type":"ListItem","position":2,"name":"Tienda","item":"https:\/\/whitesoundibiza.com\/es\/tienda\/"},{"@type":"ListItem","position":3,"name":"UAD Apollo x8p"}]},{"@type":"WebSite","@id":"https:\/\/whitesoundibiza.com\/es\/#website","url":"https:\/\/whitesoundibiza.com\/es\/","name":"White Sound Ibiza","description":"Rent Speakers in Ibiza","publisher":{"@id":"https:\/\/whitesoundibiza.com\/es\/#organization"},"potentialAction":[{"@type":"SearchAction","target":{"@type":"EntryPoint","urlTemplate":"https:\/\/whitesoundibiza.com\/es\/?s={search_term_string}"},"query-input":{"@type":"PropertyValueSpecification","valueRequired":true,"valueName":"search_term_string"}}],"inLanguage":"es"},{"@type":"Organization","@id":"https:\/\/whitesoundibiza.com\/es\/#organization","name":"White Sound Ibiza","url":"https:\/\/whitesoundibiza.com\/es\/","logo":{"@type":"ImageObject","inLanguage":"es","@id":"https:\/\/whitesoundibiza.com\/es\/#\/schema\/logo\/image\/","url":"https:\/\/whitesoundibiza.com\/wp-content\/uploads\/2025\/05\/ws_logo.jpg","contentUrl":"https:\/\/whitesoundibiza.com\/wp-content\/uploads\/2025\/05\/ws_logo.jpg","width":800,"height":235,"caption":"White Sound Ibiza"},"image":{"@id":"https:\/\/whitesoundibiza.com\/es\/#\/schema\/logo\/image\/"}}]}},"_links":{"self":[{"href":"https:\/\/whitesoundibiza.com\/es\/wp-json\/wp\/v2\/product\/49166","targetHints":{"allow":["GET"]}}],"collection":[{"href":"https:\/\/whitesoundibiza.com\/es\/wp-json\/wp\/v2\/product"}],"about":[{"href":"https:\/\/whitesoundibiza.com\/es\/wp-json\/wp\/v2\/types\/product"}],"wp:featuredmedia":[{"embeddable":true,"href":"https:\/\/whitesoundibiza.com\/es\/wp-json\/wp\/v2\/media\/48186"}],"wp:attachment":[{"href":"https:\/\/whitesoundibiza.com\/es\/wp-json\/wp\/v2\/media?parent=49166"}],"wp:term":[{"taxonomy":"product_brand","embeddable":true,"href":"https:\/\/whitesoundibiza.com\/es\/wp-json\/wp\/v2\/product_brand?post=49166"},{"taxonomy":"product_cat","embeddable":true,"href":"https:\/\/whitesoundibiza.com\/es\/wp-json\/wp\/v2\/product_cat?post=49166"},{"taxonomy":"product_tag","embeddable":true,"href":"https:\/\/whitesoundibiza.com\/es\/wp-json\/wp\/v2\/product_tag?post=49166"}],"curies":[{"name":"wp","href":"https:\/\/api.w.org\/{rel}","templated":true}]}}