{"id":49164,"date":"2025-02-10T19:26:30","date_gmt":"2025-02-10T19:26:30","guid":{"rendered":"https:\/\/whitesoundibiza.com\/producto\/neumann-kh-120\/"},"modified":"2025-08-09T15:43:47","modified_gmt":"2025-08-09T15:43:47","slug":"neumann-kh-120","status":"publish","type":"product","link":"https:\/\/whitesoundibiza.com\/es\/producto\/neumann-kh-120\/","title":{"rendered":"Neumann KH 120"},"content":{"rendered":"<p class=\"\" data-start=\"750\" data-end=\"1141\">Al <strong data-start=\"759\" data-end=\"788\">alquilar el <a href=\"https:\/\/www.neumann.com\/en-us\/products\/monitors\/kh-120-ii?utm_source=chatgpt.com\">neumann<\/a> kh 120 ibiza<\/strong>, te aseguras un monitor de campo cercano de calidad de referencia con un woofer coaxial de 5,25\u2033 y un tweeter de 1\u2033 alimentados por amplificadores de clase D dedicados. Con una respuesta de frecuencia lineal de 44 Hz-21 kHz (\u00b13 dB) y un pico m\u00e1ximo de presi\u00f3n sonora de 116,8 dB, este monitor ofrece un sonido transparente y detallado para mezclas y masterizaci\u00f3n cr\u00edticas. <\/p>\n<h3 class=\"\" data-start=\"1143\" data-end=\"1173\">DSP avanzado y gu\u00eda de ondas<\/h3>\n<p class=\"\" data-start=\"1174\" data-end=\"1666\">El KH 120 II incorpora un DSP interno que permite la Alineaci\u00f3n Autom\u00e1tica de Monitores de Neumann mediante el software MA 1, adaptando la respuesta del monitor a la ac\u00fastica de tu sala. Su gu\u00eda de ondas Mathematically Modelled Dispersion\u2122 (MMD\u2122) patentada garantiza un punto dulce amplio y consistente y minimiza las reflexiones en los l\u00edmites. <\/p>\n<p class=\"\" data-start=\"1689\" data-end=\"2086\">Alojado en una carcasa r\u00edgida de aluminio pintado en antracita con bass reflex frontal, el KH 120 II se monta f\u00e1cilmente mediante sus insertos roscados M6. Los pies autoadhesivos integrados a\u00edslan el monitor de las superficies, mientras que el soporte Iso-Pod\u2122 incluido garantiza un \u00e1ngulo y un desacoplamiento \u00f3ptimos. Con un peso de s\u00f3lo 5,4 kg, es sorprendentemente port\u00e1til sin renunciar a la rigidez  <\/p>\n<h3 class=\"\" data-start=\"2088\" data-end=\"2117\">Conectividad y controles<\/h3>\n<p class=\"\" data-start=\"2118\" data-end=\"2548\">Este altavoz activo acepta entradas XLR anal\u00f3gicas balanceadas y digitales S\/PDIF, con controles en el panel trasero para la sensibilidad de entrada (de 0 dB a -15 dB) y la selecci\u00f3n del nivel de salida (94\/100\/108\/114 dB SPL). Un sistema inteligente de gesti\u00f3n de la alimentaci\u00f3n se pone en modo de espera autom\u00e1tico tras la inactividad, conservando energ\u00eda cuando est\u00e1 inactivo. <\/p>\n<h3 class=\"\" data-start=\"2550\" data-end=\"2580\">Aplicaciones y casos de uso<\/h3>\n<p class=\"\" data-start=\"2581\" data-end=\"2967\">Tanto si <strong data-start=\"2593\" data-end=\"2622\">alquilas el neumann kh 120 ibiza<\/strong> para un estudio de proyectos, un cami\u00f3n de emisiones o una sala de masterizaci\u00f3n m\u00f3vil, el KH 120 II destaca por ofrecer una imagen tonal honesta. Explora nuestros otros <a class=\"cursor-pointer\" rel=\"noopener\" data-start=\"2765\" data-end=\"2815\">alquileres de monitores de estudio<\/a> para configuraciones emparejadas o multimonitor, o comb\u00ednalos con nuestros <a class=\"cursor-pointer\" rel=\"noopener\" data-start=\"2880\" data-end=\"2932\">alquileres de interfaces de audio<\/a> para una configuraci\u00f3n completa de la sala de control. <\/p>\n<h3 class=\"\" data-start=\"2969\" data-end=\"2991\">Alquiler y asistencia<\/h3>\n<p class=\"\" data-start=\"2992\" data-end=\"3077\">White Sound Ibiza te ofrece un servicio integral cuando <strong data-start=\"3045\" data-end=\"3074\">alquiles neumann kh 120 ibiza<\/strong>:<\/p>\n<p class=\"\" data-start=\"3080\" data-end=\"3143\"><strong data-start=\"3080\" data-end=\"3102\">Entrega y recogida:<\/strong> Horario flexible en cualquier lugar de Ibiza.<\/p>\n<p class=\"\" data-start=\"3080\" data-end=\"3143\"><strong data-start=\"3146\" data-end=\"3170\">Calibraci\u00f3n in situ:<\/strong> Asistencia para la configuraci\u00f3n de GLM\u2122 AutoCal por parte de nuestros ingenieros.<\/p>\n<p class=\"\" data-start=\"3332\" data-end=\"3426\">Reserva ahora para elevar tus mezclas con la legendaria precisi\u00f3n de Neumann: \u00a1asegura tu KH 120 II hoy mismo!<\/p>\n<style id=\"wpforms-css-vars-1077\">\n\t\t\t\t#wpforms-1077 {\n\t\t\t\t\n\t\t\t}\n\t\t\t<\/style><div class=\"wpforms-container wpforms-container-full wpforms-render-modern\" id=\"wpforms-1077\"><form id=\"wpforms-form-1077\" class=\"wpforms-validate wpforms-form wpforms-ajax-form\" data-formid=\"1077\" method=\"post\" enctype=\"multipart\/form-data\" action=\"\/es\/wp-json\/wp\/v2\/product\/49164\" data-token=\"2d005c2a3fac27543c5896097c24d2d8\" data-token-time=\"1775854980\"><noscript class=\"wpforms-error-noscript\">Por favor, activa JavaScript en tu navegador para completar este formulario.<\/noscript><div id=\"wpforms-error-noscript\" style=\"display: none;\">Por favor, activa JavaScript en tu navegador para completar este formulario.<\/div><div class=\"wpforms-field-container\"><div id=\"wpforms-1077-field_0-container\" class=\"wpforms-field wpforms-field-name\" data-field-id=\"0\"><fieldset><legend class=\"wpforms-field-label\">Nombre <span class=\"wpforms-required-label\" aria-hidden=\"true\">*<\/span><\/legend><div class=\"wpforms-field-row wpforms-field-medium\"><div class=\"wpforms-field-row-block wpforms-first wpforms-one-half\"><input type=\"text\" id=\"wpforms-1077-field_0\" class=\"wpforms-field-name-first wpforms-field-required\" name=\"wpforms[fields][0][first]\" placeholder=\"Nombre\" aria-errormessage=\"wpforms-1077-field_0-error\" required><label for=\"wpforms-1077-field_0\" class=\"wpforms-field-sublabel after wpforms-sublabel-hide\">Nombre<\/label><\/div><div class=\"wpforms-field-row-block wpforms-one-half\"><input type=\"text\" id=\"wpforms-1077-field_0-last\" class=\"wpforms-field-name-last wpforms-field-required\" name=\"wpforms[fields][0][last]\" placeholder=\"Apellidos\" aria-errormessage=\"wpforms-1077-field_0-last-error\" required><label for=\"wpforms-1077-field_0-last\" class=\"wpforms-field-sublabel after wpforms-sublabel-hide\">Apellidos<\/label><\/div><\/div><\/fieldset><\/div><div id=\"wpforms-1077-field_7-container\" class=\"wpforms-field wpforms-field-layout\" data-field-id=\"7\"><div class=\"wpforms-field-layout-columns wpforms-field-layout-preset-50-50\"><div class=\"wpforms-layout-column wpforms-layout-column-50\" >\t\t<div id=\"wpforms-1077-field_3-container\"\n\t\t\tclass=\"wpforms-field wpforms-field-text\"\n\t\t\tdata-field-type=\"text\"\n\t\t\tdata-field-id=\"3\"\n\t\t\t>\n\t\t\t<label class=\"wpforms-field-label\" for=\"wpforms-1077-field_3\" >N\u00famero Dise\u00f1o Dise\u00f1o<\/label>\n\t\t\t<input type=\"text\" id=\"wpforms-1077-field_3\" class=\"wpforms-field-medium\" name=\"wpforms[fields][3]\" >\n\t\t<\/div>\n\t\t<div id=\"wpforms-1077-field_1-container\" class=\"wpforms-field wpforms-field-email\" data-field-id=\"1\"><label class=\"wpforms-field-label\" for=\"wpforms-1077-field_1\">Env\u00eda un correo electr\u00f3nico a <span class=\"wpforms-required-label\" aria-hidden=\"true\">*<\/span><\/label><input type=\"email\" id=\"wpforms-1077-field_1\" class=\"wpforms-field-medium wpforms-field-required\" name=\"wpforms[fields][1]\" spellcheck=\"false\" aria-errormessage=\"wpforms-1077-field_1-error\" required><\/div><\/div><div class=\"wpforms-layout-column wpforms-layout-column-50\" ><div id=\"wpforms-1077-field_8-container\" class=\"wpforms-field wpforms-field-phone\" data-field-id=\"8\"><label class=\"wpforms-field-label\" for=\"wpforms-1077-field_8\">N\u00famero de tel\u00e9fono <span class=\"wpforms-required-label\" aria-hidden=\"true\">*<\/span><\/label><input type=\"tel\" id=\"wpforms-1077-field_8\" class=\"wpforms-field-medium wpforms-field-required wpforms-smart-phone-field\" data-rule-smart-phone-field=\"true\" name=\"wpforms[fields][8]\" aria-label=\"N\u00famero de tel\u00e9fono\" aria-errormessage=\"wpforms-1077-field_8-error\" required><\/div><\/div><\/div><\/div><div id=\"wpforms-1077-field_10-container\" class=\"wpforms-field wpforms-field-layout\" data-field-id=\"10\"><div class=\"wpforms-field-layout-columns wpforms-field-layout-preset-50-50\"><div class=\"wpforms-layout-column wpforms-layout-column-50\" ><div id=\"wpforms-1077-field_4-container\" class=\"wpforms-field wpforms-field-date-time\" data-field-id=\"4\"><label class=\"wpforms-field-label\" for=\"wpforms-1077-field_4\">Desde<\/label><div class=\"wpforms-datepicker-wrap\"><input type=\"text\" id=\"wpforms-1077-field_4\" class=\"wpforms-field-date-time-date wpforms-datepicker wpforms-field-small\" data-date-format=\"m\/d\/Y\" data-disable-past-dates=\"0\" data-input=\"true\" name=\"wpforms[fields][4][date]\" aria-errormessage=\"wpforms-1077-field_4-error\" ><a title=\"Borrar fecha\" data-clear role=\"button\" tabindex=\"0\" class=\"wpforms-datepicker-clear\" aria-label=\"Borrar fecha\" style=\"display:none;\"><\/a><\/div><\/div><\/div><div class=\"wpforms-layout-column wpforms-layout-column-50\" ><div id=\"wpforms-1077-field_9-container\" class=\"wpforms-field wpforms-field-date-time\" data-field-id=\"9\"><label class=\"wpforms-field-label\" for=\"wpforms-1077-field_9\">Hasta<\/label><div class=\"wpforms-datepicker-wrap\"><input type=\"text\" id=\"wpforms-1077-field_9\" class=\"wpforms-field-date-time-date wpforms-datepicker wpforms-field-small\" data-date-format=\"m\/d\/Y\" data-disable-past-dates=\"0\" data-input=\"true\" name=\"wpforms[fields][9][date]\" aria-errormessage=\"wpforms-1077-field_9-error\" ><a title=\"Borrar fecha\" data-clear role=\"button\" tabindex=\"0\" class=\"wpforms-datepicker-clear\" aria-label=\"Borrar fecha\" style=\"display:none;\"><\/a><\/div><\/div><\/div><\/div><\/div><div id=\"wpforms-1077-field_2-container\" class=\"wpforms-field wpforms-field-textarea\" data-field-id=\"2\"><label class=\"wpforms-field-label\" for=\"wpforms-1077-field_2\">Mensaje<\/label><textarea id=\"wpforms-1077-field_2\" class=\"wpforms-field-medium\" name=\"wpforms[fields][2]\" placeholder=\"\u00bfC\u00f3mo podemos ayudarte?\" aria-errormessage=\"wpforms-1077-field_2-error\" ><\/textarea><\/div><script>\n\t\t\t\t( function() {\n\t\t\t\t\tconst style = document.createElement( 'style' );\n\t\t\t\t\tstyle.appendChild( document.createTextNode( '#wpforms-1077-field_3-container { position: absolute !important; overflow: hidden !important; display: inline !important; height: 1px !important; width: 1px !important; z-index: -1000 !important; padding: 0 !important; } #wpforms-1077-field_3-container input { visibility: hidden; } #wpforms-conversational-form-page #wpforms-1077-field_3-container label { counter-increment: none; }' ) );\n\t\t\t\t\tdocument.head.appendChild( style );\n\t\t\t\t\tdocument.currentScript?.remove();\n\t\t\t\t} )();\n\t\t\t<\/script><\/div><!-- .wpforms-field-container --><div class=\"wpforms-recaptcha-container wpforms-is-recaptcha wpforms-is-recaptcha-type-v2\" ><div class=\"g-recaptcha\" data-sitekey=\"6LeS7gEkAAAAAO-EsXRwxTakHs6Q_9Z0rQYHkIS5\"><\/div><input type=\"text\" name=\"g-recaptcha-hidden\" class=\"wpforms-recaptcha-hidden\" style=\"position:absolute!important;clip:rect(0,0,0,0)!important;height:1px!important;width:1px!important;border:0!important;overflow:hidden!important;padding:0!important;margin:0!important;\" data-rule-recaptcha=\"1\"><\/div><div class=\"wpforms-submit-container\" ><input type=\"hidden\" name=\"wpforms[id]\" value=\"1077\"><input type=\"hidden\" name=\"page_title\" value=\"\"><input type=\"hidden\" name=\"page_url\" value=\"https:\/\/whitesoundibiza.com\/es\/wp-json\/wp\/v2\/product\/49164\"><input type=\"hidden\" name=\"url_referer\" value=\"\"><button type=\"submit\" name=\"wpforms[submit]\" id=\"wpforms-submit-1077\" class=\"wpforms-submit\" data-alt-text=\"Enviando...\" data-submit-text=\"Env\u00eda\" aria-live=\"assertive\" value=\"wpforms-submit\">Env\u00eda<\/button><img decoding=\"async\" src=\"https:\/\/whitesoundibiza.com\/wp-content\/plugins\/wpforms\/assets\/images\/submit-spin.svg\" class=\"wpforms-submit-spinner\" style=\"display: none;\" width=\"26\" height=\"26\" alt=\"Cargando\"><\/div><\/form><\/div>  <!-- .wpforms-container -->\n","protected":false},"excerpt":{"rendered":"<p class=\"\" data-start=\"334\" data-end=\"561\">Monitor de campo cercano activo de dos v\u00edas con woofer de 5,25\u2033, tweeter de 1\u2033, alineaci\u00f3n autom\u00e1tica del monitor basada en DSP, gu\u00eda de ondas Mathematically Modelled Dispersion\u2122 y entradas XLR\/SPDIF, ideal para mezclas y masterizaci\u00f3n.<\/p>\n<p class=\"\" data-start=\"563\" data-end=\"712\">\n","protected":false},"featured_media":0,"template":"","meta":{"_joinchat":[]},"product_brand":[],"product_cat":[],"product_tag":[],"class_list":{"0":"post-49164","1":"product","2":"type-product","3":"status-publish","6":"first","7":"instock","8":"taxable","9":"shipping-taxable","10":"purchasable","11":"product-type-rentable"},"yoast_head":"<!-- This site is optimized with the Yoast SEO plugin v27.3 - https:\/\/yoast.com\/product\/yoast-seo-wordpress\/ -->\n<title>Alquilar Neumann KH 120 Monitor de Estudio Ibiza | White Sound Ibiza<\/title>\n<meta name=\"description\" content=\"Alquila el monitor de estudio activo Neumann KH 120 II en Ibiza de White Sound Ibiza. Woofer\/tweeter coaxial de 5,25\u2033, alineaci\u00f3n de sala DSP, 44 Hz-21 kHz, 116,8 dB SPL y gu\u00eda de ondas MMD\u2122. \u00a1Reserva ya!\" \/>\n<meta name=\"robots\" content=\"index, follow, max-snippet:-1, max-image-preview:large, max-video-preview:-1\" \/>\n<link rel=\"canonical\" href=\"https:\/\/whitesoundibiza.com\/es\/producto\/neumann-kh-120\/\" \/>\n<meta property=\"og:locale\" content=\"es_ES\" \/>\n<meta property=\"og:type\" content=\"article\" \/>\n<meta property=\"og:title\" content=\"Alquilar Neumann KH 120 Monitor de Estudio Ibiza | White Sound Ibiza\" \/>\n<meta property=\"og:description\" content=\"Alquila el monitor de estudio activo Neumann KH 120 II en Ibiza de White Sound Ibiza. Woofer\/tweeter coaxial de 5,25\u2033, alineaci\u00f3n de sala DSP, 44 Hz-21 kHz, 116,8 dB SPL y gu\u00eda de ondas MMD\u2122. \u00a1Reserva ya!\" \/>\n<meta property=\"og:url\" content=\"https:\/\/whitesoundibiza.com\/es\/producto\/neumann-kh-120\/\" \/>\n<meta property=\"og:site_name\" content=\"White Sound Ibiza - Delivering Fun\" \/>\n<meta property=\"article:modified_time\" content=\"2025-08-09T15:43:47+00:00\" \/>\n<meta property=\"og:image\" content=\"https:\/\/whitesoundibiza.com\/wp-content\/uploads\/2025\/02\/Neumannhk120.jpg\" \/>\n\t<meta property=\"og:image:width\" content=\"1000\" \/>\n\t<meta property=\"og:image:height\" content=\"1000\" \/>\n\t<meta property=\"og:image:type\" content=\"image\/jpeg\" \/>\n<meta name=\"twitter:card\" content=\"summary_large_image\" \/>\n<meta name=\"twitter:label1\" content=\"Tiempo de lectura\" \/>\n\t<meta name=\"twitter:data1\" content=\"2 minutos\" \/>\n<script type=\"application\/ld+json\" class=\"yoast-schema-graph\">{\"@context\":\"https:\\\/\\\/schema.org\",\"@graph\":[{\"@type\":\"WebPage\",\"@id\":\"https:\\\/\\\/whitesoundibiza.com\\\/es\\\/producto\\\/neumann-kh-120\\\/\",\"url\":\"https:\\\/\\\/whitesoundibiza.com\\\/es\\\/producto\\\/neumann-kh-120\\\/\",\"name\":\"Alquilar Neumann KH 120 Monitor de Estudio Ibiza | White Sound Ibiza\",\"isPartOf\":{\"@id\":\"https:\\\/\\\/whitesoundibiza.com\\\/es\\\/#website\"},\"datePublished\":\"2025-02-10T19:26:30+00:00\",\"dateModified\":\"2025-08-09T15:43:47+00:00\",\"description\":\"Alquila el monitor de estudio activo Neumann KH 120 II en Ibiza de White Sound Ibiza. Woofer\\\/tweeter coaxial de 5,25\u2033, alineaci\u00f3n de sala DSP, 44 Hz-21 kHz, 116,8 dB SPL y gu\u00eda de ondas MMD\u2122. \u00a1Reserva ya!\",\"breadcrumb\":{\"@id\":\"https:\\\/\\\/whitesoundibiza.com\\\/es\\\/producto\\\/neumann-kh-120\\\/#breadcrumb\"},\"inLanguage\":\"es\",\"potentialAction\":[{\"@type\":\"ReadAction\",\"target\":[\"https:\\\/\\\/whitesoundibiza.com\\\/es\\\/producto\\\/neumann-kh-120\\\/\"]}]},{\"@type\":\"BreadcrumbList\",\"@id\":\"https:\\\/\\\/whitesoundibiza.com\\\/es\\\/producto\\\/neumann-kh-120\\\/#breadcrumb\",\"itemListElement\":[{\"@type\":\"ListItem\",\"position\":1,\"name\":\"Portada\",\"item\":\"https:\\\/\\\/whitesoundibiza.com\\\/es\\\/\"},{\"@type\":\"ListItem\",\"position\":2,\"name\":\"Tienda\",\"item\":\"https:\\\/\\\/whitesoundibiza.com\\\/es\\\/tienda\\\/\"},{\"@type\":\"ListItem\",\"position\":3,\"name\":\"Neumann KH 120\"}]},{\"@type\":\"WebSite\",\"@id\":\"https:\\\/\\\/whitesoundibiza.com\\\/es\\\/#website\",\"url\":\"https:\\\/\\\/whitesoundibiza.com\\\/es\\\/\",\"name\":\"White Sound Ibiza\",\"description\":\"Rent Speakers in Ibiza\",\"publisher\":{\"@id\":\"https:\\\/\\\/whitesoundibiza.com\\\/es\\\/#organization\"},\"potentialAction\":[{\"@type\":\"SearchAction\",\"target\":{\"@type\":\"EntryPoint\",\"urlTemplate\":\"https:\\\/\\\/whitesoundibiza.com\\\/es\\\/?s={search_term_string}\"},\"query-input\":{\"@type\":\"PropertyValueSpecification\",\"valueRequired\":true,\"valueName\":\"search_term_string\"}}],\"inLanguage\":\"es\"},{\"@type\":\"Organization\",\"@id\":\"https:\\\/\\\/whitesoundibiza.com\\\/es\\\/#organization\",\"name\":\"White Sound Ibiza\",\"url\":\"https:\\\/\\\/whitesoundibiza.com\\\/es\\\/\",\"logo\":{\"@type\":\"ImageObject\",\"inLanguage\":\"es\",\"@id\":\"https:\\\/\\\/whitesoundibiza.com\\\/es\\\/#\\\/schema\\\/logo\\\/image\\\/\",\"url\":\"https:\\\/\\\/whitesoundibiza.com\\\/wp-content\\\/uploads\\\/2025\\\/05\\\/ws_logo.jpg\",\"contentUrl\":\"https:\\\/\\\/whitesoundibiza.com\\\/wp-content\\\/uploads\\\/2025\\\/05\\\/ws_logo.jpg\",\"width\":800,\"height\":235,\"caption\":\"White Sound Ibiza\"},\"image\":{\"@id\":\"https:\\\/\\\/whitesoundibiza.com\\\/es\\\/#\\\/schema\\\/logo\\\/image\\\/\"}}]}<\/script>\n<!-- \/ Yoast SEO plugin. -->","yoast_head_json":{"title":"Alquilar Neumann KH 120 Monitor de Estudio Ibiza | White Sound Ibiza","description":"Alquila el monitor de estudio activo Neumann KH 120 II en Ibiza de White Sound Ibiza. Woofer\/tweeter coaxial de 5,25\u2033, alineaci\u00f3n de sala DSP, 44 Hz-21 kHz, 116,8 dB SPL y gu\u00eda de ondas MMD\u2122. \u00a1Reserva ya!","robots":{"index":"index","follow":"follow","max-snippet":"max-snippet:-1","max-image-preview":"max-image-preview:large","max-video-preview":"max-video-preview:-1"},"canonical":"https:\/\/whitesoundibiza.com\/es\/producto\/neumann-kh-120\/","og_locale":"es_ES","og_type":"article","og_title":"Alquilar Neumann KH 120 Monitor de Estudio Ibiza | White Sound Ibiza","og_description":"Alquila el monitor de estudio activo Neumann KH 120 II en Ibiza de White Sound Ibiza. Woofer\/tweeter coaxial de 5,25\u2033, alineaci\u00f3n de sala DSP, 44 Hz-21 kHz, 116,8 dB SPL y gu\u00eda de ondas MMD\u2122. \u00a1Reserva ya!","og_url":"https:\/\/whitesoundibiza.com\/es\/producto\/neumann-kh-120\/","og_site_name":"White Sound Ibiza - Delivering Fun","article_modified_time":"2025-08-09T15:43:47+00:00","og_image":[{"width":1000,"height":1000,"url":"https:\/\/whitesoundibiza.com\/wp-content\/uploads\/2025\/02\/Neumannhk120.jpg","type":"image\/jpeg"}],"twitter_card":"summary_large_image","twitter_misc":{"Tiempo de lectura":"2 minutos"},"schema":{"@context":"https:\/\/schema.org","@graph":[{"@type":"WebPage","@id":"https:\/\/whitesoundibiza.com\/es\/producto\/neumann-kh-120\/","url":"https:\/\/whitesoundibiza.com\/es\/producto\/neumann-kh-120\/","name":"Alquilar Neumann KH 120 Monitor de Estudio Ibiza | White Sound Ibiza","isPartOf":{"@id":"https:\/\/whitesoundibiza.com\/es\/#website"},"datePublished":"2025-02-10T19:26:30+00:00","dateModified":"2025-08-09T15:43:47+00:00","description":"Alquila el monitor de estudio activo Neumann KH 120 II en Ibiza de White Sound Ibiza. Woofer\/tweeter coaxial de 5,25\u2033, alineaci\u00f3n de sala DSP, 44 Hz-21 kHz, 116,8 dB SPL y gu\u00eda de ondas MMD\u2122. \u00a1Reserva ya!","breadcrumb":{"@id":"https:\/\/whitesoundibiza.com\/es\/producto\/neumann-kh-120\/#breadcrumb"},"inLanguage":"es","potentialAction":[{"@type":"ReadAction","target":["https:\/\/whitesoundibiza.com\/es\/producto\/neumann-kh-120\/"]}]},{"@type":"BreadcrumbList","@id":"https:\/\/whitesoundibiza.com\/es\/producto\/neumann-kh-120\/#breadcrumb","itemListElement":[{"@type":"ListItem","position":1,"name":"Portada","item":"https:\/\/whitesoundibiza.com\/es\/"},{"@type":"ListItem","position":2,"name":"Tienda","item":"https:\/\/whitesoundibiza.com\/es\/tienda\/"},{"@type":"ListItem","position":3,"name":"Neumann KH 120"}]},{"@type":"WebSite","@id":"https:\/\/whitesoundibiza.com\/es\/#website","url":"https:\/\/whitesoundibiza.com\/es\/","name":"White Sound Ibiza","description":"Rent Speakers in Ibiza","publisher":{"@id":"https:\/\/whitesoundibiza.com\/es\/#organization"},"potentialAction":[{"@type":"SearchAction","target":{"@type":"EntryPoint","urlTemplate":"https:\/\/whitesoundibiza.com\/es\/?s={search_term_string}"},"query-input":{"@type":"PropertyValueSpecification","valueRequired":true,"valueName":"search_term_string"}}],"inLanguage":"es"},{"@type":"Organization","@id":"https:\/\/whitesoundibiza.com\/es\/#organization","name":"White Sound Ibiza","url":"https:\/\/whitesoundibiza.com\/es\/","logo":{"@type":"ImageObject","inLanguage":"es","@id":"https:\/\/whitesoundibiza.com\/es\/#\/schema\/logo\/image\/","url":"https:\/\/whitesoundibiza.com\/wp-content\/uploads\/2025\/05\/ws_logo.jpg","contentUrl":"https:\/\/whitesoundibiza.com\/wp-content\/uploads\/2025\/05\/ws_logo.jpg","width":800,"height":235,"caption":"White Sound Ibiza"},"image":{"@id":"https:\/\/whitesoundibiza.com\/es\/#\/schema\/logo\/image\/"}}]}},"_links":{"self":[{"href":"https:\/\/whitesoundibiza.com\/es\/wp-json\/wp\/v2\/product\/49164","targetHints":{"allow":["GET"]}}],"collection":[{"href":"https:\/\/whitesoundibiza.com\/es\/wp-json\/wp\/v2\/product"}],"about":[{"href":"https:\/\/whitesoundibiza.com\/es\/wp-json\/wp\/v2\/types\/product"}],"wp:attachment":[{"href":"https:\/\/whitesoundibiza.com\/es\/wp-json\/wp\/v2\/media?parent=49164"}],"wp:term":[{"taxonomy":"product_brand","embeddable":true,"href":"https:\/\/whitesoundibiza.com\/es\/wp-json\/wp\/v2\/product_brand?post=49164"},{"taxonomy":"product_cat","embeddable":true,"href":"https:\/\/whitesoundibiza.com\/es\/wp-json\/wp\/v2\/product_cat?post=49164"},{"taxonomy":"product_tag","embeddable":true,"href":"https:\/\/whitesoundibiza.com\/es\/wp-json\/wp\/v2\/product_tag?post=49164"}],"curies":[{"name":"wp","href":"https:\/\/api.w.org\/{rel}","templated":true}]}}