{"id":49162,"date":"2025-02-10T19:26:29","date_gmt":"2025-02-10T19:26:29","guid":{"rendered":"https:\/\/whitesoundibiza.com\/producto\/pantalla-flexi-vicoustic\/"},"modified":"2025-08-09T15:43:46","modified_gmt":"2025-08-09T15:43:46","slug":"pantalla-flexi-vicoustic","status":"publish","type":"product","link":"https:\/\/whitesoundibiza.com\/es\/producto\/pantalla-flexi-vicoustic\/","title":{"rendered":"Pantalla Flexi Vicoustic"},"content":{"rendered":"<p class=\"\" data-start=\"800\" data-end=\"1303\">Cuando <strong data-start=\"809\" data-end=\"846\">alquilas vicoustic flexi screen ibiza<\/strong>, te aseguras un escudo port\u00e1til de aislamiento ac\u00fastico dise\u00f1ado para domar los reflejos no deseados de la sala en entornos no tratados. Cada panel Flexi Screen Ultra MKII mide 385\u00d7295\u00d7345 mm y presenta un acabado de melamina resistente a los ara\u00f1azos sobre MDF, con un interior de espuma ac\u00fastica de alta densidad para una absorci\u00f3n superior. <span class=\"ms-1 inline-flex max-w-full items-center relative top-[-0.094rem] animate-[show_150ms_ease-in]\"><a class=\"flex h-4.5 overflow-hidden rounded-xl px-2 text-[0.5625em] font-medium text-token-text-secondary! bg-[#F4F4F4]! dark:bg-[#303030]! transition-colors duration-150 ease-in-out\" href=\"https:\/\/vicoustic.com\/product\/flexi-screen-ultra-mkii?utm_source=chatgpt.com\" target=\"_blank\" rel=\"noopener\"><span class=\"relative start-0 bottom-0 flex h-full w-full items-center\"><span class=\"flex h-4 w-full items-center justify-between overflow-hidden\"><span class=\"max-w-full grow truncate overflow-hidden text-center\">Vicoustic<\/span><\/span><\/span><\/a><\/span>. Consulta <a class=\"cursor-pointer\" target=\"_new\" rel=\"noopener\" data-start=\"1199\" data-end=\"1287\">la p\u00e1gina oficial del producto Vicoustic<\/a> para ver todas las especificaciones.  <\/p>\n<h3 class=\"\" data-start=\"1305\" data-end=\"1329\">Dise\u00f1o y materiales<\/h3>\n<p class=\"\" data-start=\"1330\" data-end=\"1747\">Fabricada con un robusto MDF y una superficie de melamina resistente a los ara\u00f1azos, la Pantalla Flexi resiste el desgaste y la humedad, por lo que es apta para la grabaci\u00f3n sobre el terreno. En el interior, los paneles de espuma ac\u00fastica de c\u00e9lula abierta absorben los reflejos de las frecuencias medias y altas, mejorando la claridad de la voz: la espuma ac\u00fastica aten\u00faa las ondas sonoras del aire convirti\u00e9ndolas en calor. <\/p>\n<h3 class=\"\" data-start=\"1749\" data-end=\"1786\">Rendimiento ac\u00fastico y ventajas<\/h3>\n<p class=\"\" data-start=\"1787\" data-end=\"2344\">Equipada con espuma de c\u00e9lula abierta de alta densidad, la Pantalla Flexi reduce el filtrado en peine y los ecos de aleteo, lo que da como resultado una pista vocal m\u00e1s limpia y centrada. A diferencia de los paneles ac\u00fasticos pasivos, esta pantalla sigue a tu micr\u00f3fono, proporcionando \u00e1ngulos de absorci\u00f3n consistentes y minimizando los ecos de retroceso para locuciones, podcasts y sesiones ADR. <\/p>\n<p class=\"\" data-start=\"2379\" data-end=\"2732\">La Pantalla Flexi se fija a cualquier pie de micro est\u00e1ndar mediante su soporte de montaje de cierre r\u00e1pido y gira 360\u00b0 para un posicionamiento preciso. Con s\u00f3lo 2,5 kg por panel, es f\u00e1cil de transportar entre el estudio, la localizaci\u00f3n y las instalaciones de emisi\u00f3n. No se necesitan herramientas para montarlo: basta con sujetarlo, ajustarlo y empezar a grabar en cuesti\u00f3n de segundos.  <\/p>\n<h3 class=\"\" data-start=\"2734\" data-end=\"2769\">Aplicaciones y ayuda al alquiler<\/h3>\n<p class=\"\" data-start=\"2770\" data-end=\"3124\">Tanto si <strong data-start=\"2782\" data-end=\"2819\">alquilas vicoustic flexi screen ibiza<\/strong> para v\u00eddeos corporativos, retransmisiones en directo o podcasting m\u00f3vil, esta pantalla de aislamiento garantiza voces con calidad de estudio en cualquier espacio. Explora nuestra gama completa de <a class=\"cursor-pointer\" rel=\"noopener\" data-start=\"2972\" data-end=\"3029\">alquiler de tratamientos ac\u00fasticos<\/a> o comb\u00ednalo con nuestros <a class=\"cursor-pointer\" rel=\"noopener\" data-start=\"3050\" data-end=\"3094\">accesorios de pie de micro<\/a> para obtener un equipo de grabaci\u00f3n completo. <\/p>\n<p class=\"\" data-start=\"3126\" data-end=\"3159\"><strong data-start=\"3126\" data-end=\"3147\">White Sound Ibiza<\/strong> proporciona:<\/p>\n<p class=\"\" data-start=\"3162\" data-end=\"3220\"><strong data-start=\"3162\" data-end=\"3184\">Entrega y recogida:<\/strong> Horario flexible en toda Ibiza.<\/p>\n<p class=\"\" data-start=\"3223\" data-end=\"3319\"><strong data-start=\"3223\" data-end=\"3241\">Instalaci\u00f3n in situ:<\/strong> Los t\u00e9cnicos montar\u00e1n e inclinar\u00e1n tu Pantalla Flexi para un rendimiento \u00f3ptimo.<\/p>\n<p class=\"\" data-start=\"3423\" data-end=\"3549\">Reserva hoy para transformar tus grabaciones: \u00a1alquila<strong data-start=\"3463\" data-end=\"3500\">vicoustic flexi screen ibiza<\/strong> y captura un audio pr\u00edstino en tu pr\u00f3ximo proyecto!<\/p>\n<style id=\"wpforms-css-vars-1077\">\n\t\t\t\t#wpforms-1077 {\n\t\t\t\t\n\t\t\t}\n\t\t\t<\/style><div class=\"wpforms-container wpforms-container-full wpforms-render-modern\" id=\"wpforms-1077\"><form id=\"wpforms-form-1077\" class=\"wpforms-validate wpforms-form wpforms-ajax-form\" data-formid=\"1077\" method=\"post\" enctype=\"multipart\/form-data\" action=\"\/es\/wp-json\/wp\/v2\/product\/49162\" data-token=\"c7bb1d31c39adce307080c74345dd3ec\" data-token-time=\"1775309929\"><noscript class=\"wpforms-error-noscript\">Por favor, activa JavaScript en tu navegador para completar este formulario.<\/noscript><div id=\"wpforms-error-noscript\" style=\"display: none;\">Por favor, activa JavaScript en tu navegador para completar este formulario.<\/div><div class=\"wpforms-field-container\"><div id=\"wpforms-1077-field_0-container\" class=\"wpforms-field wpforms-field-name\" data-field-id=\"0\"><fieldset><legend class=\"wpforms-field-label\">Nombre <span class=\"wpforms-required-label\" aria-hidden=\"true\">*<\/span><\/legend><div class=\"wpforms-field-row wpforms-field-medium\"><div class=\"wpforms-field-row-block wpforms-first wpforms-one-half\"><input type=\"text\" id=\"wpforms-1077-field_0\" class=\"wpforms-field-name-first wpforms-field-required\" name=\"wpforms[fields][0][first]\" placeholder=\"Nombre\" aria-errormessage=\"wpforms-1077-field_0-error\" required><label for=\"wpforms-1077-field_0\" class=\"wpforms-field-sublabel after wpforms-sublabel-hide\">Nombre<\/label><\/div><div class=\"wpforms-field-row-block wpforms-one-half\"><input type=\"text\" id=\"wpforms-1077-field_0-last\" class=\"wpforms-field-name-last wpforms-field-required\" name=\"wpforms[fields][0][last]\" placeholder=\"Apellidos\" aria-errormessage=\"wpforms-1077-field_0-last-error\" required><label for=\"wpforms-1077-field_0-last\" class=\"wpforms-field-sublabel after wpforms-sublabel-hide\">Apellidos<\/label><\/div><\/div><\/fieldset><\/div><div id=\"wpforms-1077-field_7-container\" class=\"wpforms-field wpforms-field-layout\" data-field-id=\"7\"><div class=\"wpforms-field-layout-columns wpforms-field-layout-preset-50-50\"><div class=\"wpforms-layout-column wpforms-layout-column-50\" ><div id=\"wpforms-1077-field_1-container\" class=\"wpforms-field wpforms-field-email\" data-field-id=\"1\"><label class=\"wpforms-field-label\" for=\"wpforms-1077-field_1\">Env\u00eda un correo electr\u00f3nico a <span class=\"wpforms-required-label\" aria-hidden=\"true\">*<\/span><\/label><input type=\"email\" id=\"wpforms-1077-field_1\" class=\"wpforms-field-medium wpforms-field-required\" name=\"wpforms[fields][1]\" spellcheck=\"false\" aria-errormessage=\"wpforms-1077-field_1-error\" required><\/div><\/div><div class=\"wpforms-layout-column wpforms-layout-column-50\" ><div id=\"wpforms-1077-field_8-container\" class=\"wpforms-field wpforms-field-phone\" data-field-id=\"8\"><label class=\"wpforms-field-label\" for=\"wpforms-1077-field_8\">N\u00famero de tel\u00e9fono <span class=\"wpforms-required-label\" aria-hidden=\"true\">*<\/span><\/label><input type=\"tel\" id=\"wpforms-1077-field_8\" class=\"wpforms-field-medium wpforms-field-required wpforms-smart-phone-field\" data-rule-smart-phone-field=\"true\" name=\"wpforms[fields][8]\" aria-label=\"N\u00famero de tel\u00e9fono\" aria-errormessage=\"wpforms-1077-field_8-error\" required><\/div><\/div><\/div><\/div>\t\t<div id=\"wpforms-1077-field_3-container\"\n\t\t\tclass=\"wpforms-field wpforms-field-text\"\n\t\t\tdata-field-type=\"text\"\n\t\t\tdata-field-id=\"3\"\n\t\t\t>\n\t\t\t<label class=\"wpforms-field-label\" for=\"wpforms-1077-field_3\" >Dise\u00f1o Nombre Mensaje<\/label>\n\t\t\t<input type=\"text\" id=\"wpforms-1077-field_3\" class=\"wpforms-field-medium\" name=\"wpforms[fields][3]\" >\n\t\t<\/div>\n\t\t<div id=\"wpforms-1077-field_10-container\" class=\"wpforms-field wpforms-field-layout\" data-field-id=\"10\"><div class=\"wpforms-field-layout-columns wpforms-field-layout-preset-50-50\"><div class=\"wpforms-layout-column wpforms-layout-column-50\" ><div id=\"wpforms-1077-field_4-container\" class=\"wpforms-field wpforms-field-date-time\" data-field-id=\"4\"><label class=\"wpforms-field-label\" for=\"wpforms-1077-field_4\">Desde<\/label><div class=\"wpforms-datepicker-wrap\"><input type=\"text\" id=\"wpforms-1077-field_4\" class=\"wpforms-field-date-time-date wpforms-datepicker wpforms-field-small\" data-date-format=\"m\/d\/Y\" data-disable-past-dates=\"0\" data-input=\"true\" name=\"wpforms[fields][4][date]\" aria-errormessage=\"wpforms-1077-field_4-error\" ><a title=\"Borrar fecha\" data-clear role=\"button\" tabindex=\"0\" class=\"wpforms-datepicker-clear\" aria-label=\"Borrar fecha\" style=\"display:none;\"><\/a><\/div><\/div><\/div><div class=\"wpforms-layout-column wpforms-layout-column-50\" ><div id=\"wpforms-1077-field_9-container\" class=\"wpforms-field wpforms-field-date-time\" data-field-id=\"9\"><label class=\"wpforms-field-label\" for=\"wpforms-1077-field_9\">Hasta<\/label><div class=\"wpforms-datepicker-wrap\"><input type=\"text\" id=\"wpforms-1077-field_9\" class=\"wpforms-field-date-time-date wpforms-datepicker wpforms-field-small\" data-date-format=\"m\/d\/Y\" data-disable-past-dates=\"0\" data-input=\"true\" name=\"wpforms[fields][9][date]\" aria-errormessage=\"wpforms-1077-field_9-error\" ><a title=\"Borrar fecha\" data-clear role=\"button\" tabindex=\"0\" class=\"wpforms-datepicker-clear\" aria-label=\"Borrar fecha\" style=\"display:none;\"><\/a><\/div><\/div><\/div><\/div><\/div><div id=\"wpforms-1077-field_2-container\" class=\"wpforms-field wpforms-field-textarea\" data-field-id=\"2\"><label class=\"wpforms-field-label\" for=\"wpforms-1077-field_2\">Mensaje<\/label><textarea id=\"wpforms-1077-field_2\" class=\"wpforms-field-medium\" name=\"wpforms[fields][2]\" placeholder=\"\u00bfC\u00f3mo podemos ayudarte?\" aria-errormessage=\"wpforms-1077-field_2-error\" ><\/textarea><\/div><script>\n\t\t\t\t( function() {\n\t\t\t\t\tconst style = document.createElement( 'style' );\n\t\t\t\t\tstyle.appendChild( document.createTextNode( '#wpforms-1077-field_3-container { position: absolute !important; overflow: hidden !important; display: inline !important; height: 1px !important; width: 1px !important; z-index: -1000 !important; padding: 0 !important; } #wpforms-1077-field_3-container input { visibility: hidden; } #wpforms-conversational-form-page #wpforms-1077-field_3-container label { counter-increment: none; }' ) );\n\t\t\t\t\tdocument.head.appendChild( style );\n\t\t\t\t\tdocument.currentScript?.remove();\n\t\t\t\t} )();\n\t\t\t<\/script><\/div><!-- .wpforms-field-container --><div class=\"wpforms-recaptcha-container wpforms-is-recaptcha wpforms-is-recaptcha-type-v2\" ><div class=\"g-recaptcha\" data-sitekey=\"6LeS7gEkAAAAAO-EsXRwxTakHs6Q_9Z0rQYHkIS5\"><\/div><input type=\"text\" name=\"g-recaptcha-hidden\" class=\"wpforms-recaptcha-hidden\" style=\"position:absolute!important;clip:rect(0,0,0,0)!important;height:1px!important;width:1px!important;border:0!important;overflow:hidden!important;padding:0!important;margin:0!important;\" data-rule-recaptcha=\"1\"><\/div><div class=\"wpforms-submit-container\" ><input type=\"hidden\" name=\"wpforms[id]\" value=\"1077\"><input type=\"hidden\" name=\"page_title\" value=\"\"><input type=\"hidden\" name=\"page_url\" value=\"https:\/\/whitesoundibiza.com\/es\/wp-json\/wp\/v2\/product\/49162\"><input type=\"hidden\" name=\"url_referer\" value=\"\"><button type=\"submit\" name=\"wpforms[submit]\" id=\"wpforms-submit-1077\" class=\"wpforms-submit\" data-alt-text=\"Enviando...\" data-submit-text=\"Env\u00eda\" aria-live=\"assertive\" value=\"wpforms-submit\">Env\u00eda<\/button><img decoding=\"async\" src=\"https:\/\/whitesoundibiza.com\/wp-content\/plugins\/wpforms\/assets\/images\/submit-spin.svg\" class=\"wpforms-submit-spinner\" style=\"display: none;\" width=\"26\" height=\"26\" alt=\"Cargando\"><\/div><\/form><\/div>  <!-- .wpforms-container -->\n","protected":false},"excerpt":{"rendered":"<p class=\"\" data-start=\"402\" data-end=\"621\">Pantalla port\u00e1til de aislamiento ac\u00fastico con paneles de MDF\/melamina de 10 mm, 385\u00d7295\u00d7345 mm, soporte de montaje r\u00e1pido e interior de espuma de alta densidad, ideal para reducir las reflexiones de la sala en espacios no tratados.<\/p>\n<p class=\"\" data-start=\"623\" data-end=\"762\">\n","protected":false},"featured_media":48184,"template":"","meta":{"_joinchat":[]},"product_brand":[],"product_cat":[169],"product_tag":[],"class_list":{"0":"post-49162","1":"product","2":"type-product","3":"status-publish","4":"has-post-thumbnail","6":"product_cat-accesorios-es-2","8":"first","9":"instock","10":"taxable","11":"shipping-taxable","12":"purchasable","13":"product-type-rentable"},"yoast_head":"<!-- This site is optimized with the Yoast SEO plugin v27.3 - https:\/\/yoast.com\/product\/yoast-seo-wordpress\/ -->\n<title>Alquiler Vicoustic Flexi Screen Ibiza | White Sound Ibiza<\/title>\n<meta name=\"description\" content=\"Alquila el Vicoustic Flexi Screen Ultra MKII en Ibiza con White Sound Ibiza. Pantalla port\u00e1til de aislamiento ac\u00fastico, construcci\u00f3n de MDF\/melamina, paneles de 385\u00d7295\u00d7345 mm y montaje r\u00e1pido en soporte de micro. Perfecta para locuciones, podcasts y grabaciones de campo. \u00a1Reserva ya!\" \/>\n<meta name=\"robots\" content=\"index, follow, max-snippet:-1, max-image-preview:large, max-video-preview:-1\" \/>\n<link rel=\"canonical\" href=\"https:\/\/whitesoundibiza.com\/es\/producto\/pantalla-flexi-vicoustic\/\" \/>\n<meta property=\"og:locale\" content=\"es_ES\" \/>\n<meta property=\"og:type\" content=\"article\" \/>\n<meta property=\"og:title\" content=\"Alquiler Vicoustic Flexi Screen Ibiza | White Sound Ibiza\" \/>\n<meta property=\"og:description\" content=\"Alquila el Vicoustic Flexi Screen Ultra MKII en Ibiza con White Sound Ibiza. Pantalla port\u00e1til de aislamiento ac\u00fastico, construcci\u00f3n de MDF\/melamina, paneles de 385\u00d7295\u00d7345 mm y montaje r\u00e1pido en soporte de micro. Perfecta para locuciones, podcasts y grabaciones de campo. \u00a1Reserva ya!\" \/>\n<meta property=\"og:url\" content=\"https:\/\/whitesoundibiza.com\/es\/producto\/pantalla-flexi-vicoustic\/\" \/>\n<meta property=\"og:site_name\" content=\"White Sound Ibiza - Delivering Fun\" \/>\n<meta property=\"article:modified_time\" content=\"2025-08-09T15:43:46+00:00\" \/>\n<meta property=\"og:image\" content=\"https:\/\/whitesoundibiza.com\/wp-content\/uploads\/2025\/02\/vicousticfleziscreen.jpg\" \/>\n\t<meta property=\"og:image:width\" content=\"1000\" \/>\n\t<meta property=\"og:image:height\" content=\"1000\" \/>\n\t<meta property=\"og:image:type\" content=\"image\/jpeg\" \/>\n<meta name=\"twitter:card\" content=\"summary_large_image\" \/>\n<meta name=\"twitter:label1\" content=\"Tiempo de lectura\" \/>\n\t<meta name=\"twitter:data1\" content=\"2 minutos\" \/>\n<script type=\"application\/ld+json\" class=\"yoast-schema-graph\">{\"@context\":\"https:\\\/\\\/schema.org\",\"@graph\":[{\"@type\":\"WebPage\",\"@id\":\"https:\\\/\\\/whitesoundibiza.com\\\/es\\\/producto\\\/pantalla-flexi-vicoustic\\\/\",\"url\":\"https:\\\/\\\/whitesoundibiza.com\\\/es\\\/producto\\\/pantalla-flexi-vicoustic\\\/\",\"name\":\"Alquiler Vicoustic Flexi Screen Ibiza | White Sound Ibiza\",\"isPartOf\":{\"@id\":\"https:\\\/\\\/whitesoundibiza.com\\\/es\\\/#website\"},\"primaryImageOfPage\":{\"@id\":\"https:\\\/\\\/whitesoundibiza.com\\\/es\\\/producto\\\/pantalla-flexi-vicoustic\\\/#primaryimage\"},\"image\":{\"@id\":\"https:\\\/\\\/whitesoundibiza.com\\\/es\\\/producto\\\/pantalla-flexi-vicoustic\\\/#primaryimage\"},\"thumbnailUrl\":\"https:\\\/\\\/whitesoundibiza.com\\\/wp-content\\\/uploads\\\/2025\\\/02\\\/vicousticfleziscreen.jpg\",\"datePublished\":\"2025-02-10T19:26:29+00:00\",\"dateModified\":\"2025-08-09T15:43:46+00:00\",\"description\":\"Alquila el Vicoustic Flexi Screen Ultra MKII en Ibiza con White Sound Ibiza. Pantalla port\u00e1til de aislamiento ac\u00fastico, construcci\u00f3n de MDF\\\/melamina, paneles de 385\u00d7295\u00d7345 mm y montaje r\u00e1pido en soporte de micro. Perfecta para locuciones, podcasts y grabaciones de campo. \u00a1Reserva ya!\",\"breadcrumb\":{\"@id\":\"https:\\\/\\\/whitesoundibiza.com\\\/es\\\/producto\\\/pantalla-flexi-vicoustic\\\/#breadcrumb\"},\"inLanguage\":\"es\",\"potentialAction\":[{\"@type\":\"ReadAction\",\"target\":[\"https:\\\/\\\/whitesoundibiza.com\\\/es\\\/producto\\\/pantalla-flexi-vicoustic\\\/\"]}]},{\"@type\":\"ImageObject\",\"inLanguage\":\"es\",\"@id\":\"https:\\\/\\\/whitesoundibiza.com\\\/es\\\/producto\\\/pantalla-flexi-vicoustic\\\/#primaryimage\",\"url\":\"https:\\\/\\\/whitesoundibiza.com\\\/wp-content\\\/uploads\\\/2025\\\/02\\\/vicousticfleziscreen.jpg\",\"contentUrl\":\"https:\\\/\\\/whitesoundibiza.com\\\/wp-content\\\/uploads\\\/2025\\\/02\\\/vicousticfleziscreen.jpg\",\"width\":1000,\"height\":1000,\"caption\":\"Escudo de aislamiento ac\u00fastico port\u00e1til Vicoustic Flexi Screen Ultra MKII disponible para alquiler en Ibiza en White Sound Ibiza\"},{\"@type\":\"BreadcrumbList\",\"@id\":\"https:\\\/\\\/whitesoundibiza.com\\\/es\\\/producto\\\/pantalla-flexi-vicoustic\\\/#breadcrumb\",\"itemListElement\":[{\"@type\":\"ListItem\",\"position\":1,\"name\":\"Portada\",\"item\":\"https:\\\/\\\/whitesoundibiza.com\\\/es\\\/\"},{\"@type\":\"ListItem\",\"position\":2,\"name\":\"Tienda\",\"item\":\"https:\\\/\\\/whitesoundibiza.com\\\/es\\\/tienda\\\/\"},{\"@type\":\"ListItem\",\"position\":3,\"name\":\"Pantalla Flexi Vicoustic\"}]},{\"@type\":\"WebSite\",\"@id\":\"https:\\\/\\\/whitesoundibiza.com\\\/es\\\/#website\",\"url\":\"https:\\\/\\\/whitesoundibiza.com\\\/es\\\/\",\"name\":\"White Sound Ibiza\",\"description\":\"Rent Speakers in Ibiza\",\"publisher\":{\"@id\":\"https:\\\/\\\/whitesoundibiza.com\\\/es\\\/#organization\"},\"potentialAction\":[{\"@type\":\"SearchAction\",\"target\":{\"@type\":\"EntryPoint\",\"urlTemplate\":\"https:\\\/\\\/whitesoundibiza.com\\\/es\\\/?s={search_term_string}\"},\"query-input\":{\"@type\":\"PropertyValueSpecification\",\"valueRequired\":true,\"valueName\":\"search_term_string\"}}],\"inLanguage\":\"es\"},{\"@type\":\"Organization\",\"@id\":\"https:\\\/\\\/whitesoundibiza.com\\\/es\\\/#organization\",\"name\":\"White Sound Ibiza\",\"url\":\"https:\\\/\\\/whitesoundibiza.com\\\/es\\\/\",\"logo\":{\"@type\":\"ImageObject\",\"inLanguage\":\"es\",\"@id\":\"https:\\\/\\\/whitesoundibiza.com\\\/es\\\/#\\\/schema\\\/logo\\\/image\\\/\",\"url\":\"https:\\\/\\\/whitesoundibiza.com\\\/wp-content\\\/uploads\\\/2025\\\/05\\\/ws_logo.jpg\",\"contentUrl\":\"https:\\\/\\\/whitesoundibiza.com\\\/wp-content\\\/uploads\\\/2025\\\/05\\\/ws_logo.jpg\",\"width\":800,\"height\":235,\"caption\":\"White Sound Ibiza\"},\"image\":{\"@id\":\"https:\\\/\\\/whitesoundibiza.com\\\/es\\\/#\\\/schema\\\/logo\\\/image\\\/\"}}]}<\/script>\n<!-- \/ Yoast SEO plugin. -->","yoast_head_json":{"title":"Alquiler Vicoustic Flexi Screen Ibiza | White Sound Ibiza","description":"Alquila el Vicoustic Flexi Screen Ultra MKII en Ibiza con White Sound Ibiza. Pantalla port\u00e1til de aislamiento ac\u00fastico, construcci\u00f3n de MDF\/melamina, paneles de 385\u00d7295\u00d7345 mm y montaje r\u00e1pido en soporte de micro. Perfecta para locuciones, podcasts y grabaciones de campo. \u00a1Reserva ya!","robots":{"index":"index","follow":"follow","max-snippet":"max-snippet:-1","max-image-preview":"max-image-preview:large","max-video-preview":"max-video-preview:-1"},"canonical":"https:\/\/whitesoundibiza.com\/es\/producto\/pantalla-flexi-vicoustic\/","og_locale":"es_ES","og_type":"article","og_title":"Alquiler Vicoustic Flexi Screen Ibiza | White Sound Ibiza","og_description":"Alquila el Vicoustic Flexi Screen Ultra MKII en Ibiza con White Sound Ibiza. Pantalla port\u00e1til de aislamiento ac\u00fastico, construcci\u00f3n de MDF\/melamina, paneles de 385\u00d7295\u00d7345 mm y montaje r\u00e1pido en soporte de micro. Perfecta para locuciones, podcasts y grabaciones de campo. \u00a1Reserva ya!","og_url":"https:\/\/whitesoundibiza.com\/es\/producto\/pantalla-flexi-vicoustic\/","og_site_name":"White Sound Ibiza - Delivering Fun","article_modified_time":"2025-08-09T15:43:46+00:00","og_image":[{"width":1000,"height":1000,"url":"https:\/\/whitesoundibiza.com\/wp-content\/uploads\/2025\/02\/vicousticfleziscreen.jpg","type":"image\/jpeg"}],"twitter_card":"summary_large_image","twitter_misc":{"Tiempo de lectura":"2 minutos"},"schema":{"@context":"https:\/\/schema.org","@graph":[{"@type":"WebPage","@id":"https:\/\/whitesoundibiza.com\/es\/producto\/pantalla-flexi-vicoustic\/","url":"https:\/\/whitesoundibiza.com\/es\/producto\/pantalla-flexi-vicoustic\/","name":"Alquiler Vicoustic Flexi Screen Ibiza | White Sound Ibiza","isPartOf":{"@id":"https:\/\/whitesoundibiza.com\/es\/#website"},"primaryImageOfPage":{"@id":"https:\/\/whitesoundibiza.com\/es\/producto\/pantalla-flexi-vicoustic\/#primaryimage"},"image":{"@id":"https:\/\/whitesoundibiza.com\/es\/producto\/pantalla-flexi-vicoustic\/#primaryimage"},"thumbnailUrl":"https:\/\/whitesoundibiza.com\/wp-content\/uploads\/2025\/02\/vicousticfleziscreen.jpg","datePublished":"2025-02-10T19:26:29+00:00","dateModified":"2025-08-09T15:43:46+00:00","description":"Alquila el Vicoustic Flexi Screen Ultra MKII en Ibiza con White Sound Ibiza. Pantalla port\u00e1til de aislamiento ac\u00fastico, construcci\u00f3n de MDF\/melamina, paneles de 385\u00d7295\u00d7345 mm y montaje r\u00e1pido en soporte de micro. Perfecta para locuciones, podcasts y grabaciones de campo. \u00a1Reserva ya!","breadcrumb":{"@id":"https:\/\/whitesoundibiza.com\/es\/producto\/pantalla-flexi-vicoustic\/#breadcrumb"},"inLanguage":"es","potentialAction":[{"@type":"ReadAction","target":["https:\/\/whitesoundibiza.com\/es\/producto\/pantalla-flexi-vicoustic\/"]}]},{"@type":"ImageObject","inLanguage":"es","@id":"https:\/\/whitesoundibiza.com\/es\/producto\/pantalla-flexi-vicoustic\/#primaryimage","url":"https:\/\/whitesoundibiza.com\/wp-content\/uploads\/2025\/02\/vicousticfleziscreen.jpg","contentUrl":"https:\/\/whitesoundibiza.com\/wp-content\/uploads\/2025\/02\/vicousticfleziscreen.jpg","width":1000,"height":1000,"caption":"Escudo de aislamiento ac\u00fastico port\u00e1til Vicoustic Flexi Screen Ultra MKII disponible para alquiler en Ibiza en White Sound Ibiza"},{"@type":"BreadcrumbList","@id":"https:\/\/whitesoundibiza.com\/es\/producto\/pantalla-flexi-vicoustic\/#breadcrumb","itemListElement":[{"@type":"ListItem","position":1,"name":"Portada","item":"https:\/\/whitesoundibiza.com\/es\/"},{"@type":"ListItem","position":2,"name":"Tienda","item":"https:\/\/whitesoundibiza.com\/es\/tienda\/"},{"@type":"ListItem","position":3,"name":"Pantalla Flexi Vicoustic"}]},{"@type":"WebSite","@id":"https:\/\/whitesoundibiza.com\/es\/#website","url":"https:\/\/whitesoundibiza.com\/es\/","name":"White Sound Ibiza","description":"Rent Speakers in Ibiza","publisher":{"@id":"https:\/\/whitesoundibiza.com\/es\/#organization"},"potentialAction":[{"@type":"SearchAction","target":{"@type":"EntryPoint","urlTemplate":"https:\/\/whitesoundibiza.com\/es\/?s={search_term_string}"},"query-input":{"@type":"PropertyValueSpecification","valueRequired":true,"valueName":"search_term_string"}}],"inLanguage":"es"},{"@type":"Organization","@id":"https:\/\/whitesoundibiza.com\/es\/#organization","name":"White Sound Ibiza","url":"https:\/\/whitesoundibiza.com\/es\/","logo":{"@type":"ImageObject","inLanguage":"es","@id":"https:\/\/whitesoundibiza.com\/es\/#\/schema\/logo\/image\/","url":"https:\/\/whitesoundibiza.com\/wp-content\/uploads\/2025\/05\/ws_logo.jpg","contentUrl":"https:\/\/whitesoundibiza.com\/wp-content\/uploads\/2025\/05\/ws_logo.jpg","width":800,"height":235,"caption":"White Sound Ibiza"},"image":{"@id":"https:\/\/whitesoundibiza.com\/es\/#\/schema\/logo\/image\/"}}]}},"_links":{"self":[{"href":"https:\/\/whitesoundibiza.com\/es\/wp-json\/wp\/v2\/product\/49162","targetHints":{"allow":["GET"]}}],"collection":[{"href":"https:\/\/whitesoundibiza.com\/es\/wp-json\/wp\/v2\/product"}],"about":[{"href":"https:\/\/whitesoundibiza.com\/es\/wp-json\/wp\/v2\/types\/product"}],"wp:featuredmedia":[{"embeddable":true,"href":"https:\/\/whitesoundibiza.com\/es\/wp-json\/wp\/v2\/media\/48184"}],"wp:attachment":[{"href":"https:\/\/whitesoundibiza.com\/es\/wp-json\/wp\/v2\/media?parent=49162"}],"wp:term":[{"taxonomy":"product_brand","embeddable":true,"href":"https:\/\/whitesoundibiza.com\/es\/wp-json\/wp\/v2\/product_brand?post=49162"},{"taxonomy":"product_cat","embeddable":true,"href":"https:\/\/whitesoundibiza.com\/es\/wp-json\/wp\/v2\/product_cat?post=49162"},{"taxonomy":"product_tag","embeddable":true,"href":"https:\/\/whitesoundibiza.com\/es\/wp-json\/wp\/v2\/product_tag?post=49162"}],"curies":[{"name":"wp","href":"https:\/\/api.w.org\/{rel}","templated":true}]}}