{"id":49160,"date":"2025-02-10T19:26:29","date_gmt":"2025-02-10T19:26:29","guid":{"rendered":"https:\/\/whitesoundibiza.com\/producto\/nativo-s61\/"},"modified":"2025-08-09T15:43:46","modified_gmt":"2025-08-09T15:43:46","slug":"nativo-s61","status":"publish","type":"product","link":"https:\/\/whitesoundibiza.com\/es\/producto\/nativo-s61\/","title":{"rendered":"Nativo S61"},"content":{"rendered":"<p class=\"\" data-start=\"868\" data-end=\"1203\">Cuando <strong data-start=\"877\" data-end=\"902\">alquilas el <a href=\"https:\/\/www.native-instruments.com\/en\/products\/komplete\/keyboards\/kontrol-s49-s61-s88\/specifications\/?srsltid=AfmBOooC5ftfso_XUeC-HNVNNsdxnsC8Qz7HFioJnHFlFmbRDtwW9HYg&amp;utm_source=chatgpt.com\">native s61<\/a> ibiza<\/strong>, desbloqueas un controlador MIDI de calidad profesional con 61 teclas Fatar semiponderadas con aftertouch polif\u00f3nico. Dos pantallas de alta resoluci\u00f3n de 1280\u00d7480 a todo color proporcionan informaci\u00f3n visual instant\u00e1nea para explorar instrumentos, ajustar par\u00e1metros y mezclar tus sesiones DAW. <\/p>\n<h2 class=\"\" data-start=\"1205\" data-end=\"1232\">Calidad de dise\u00f1o y construcci\u00f3n<\/h2>\n<p class=\"\" data-start=\"1233\" data-end=\"1571\">El chasis del Komplete Kontrol S61 est\u00e1 mecanizado mediante CNC, granallado y anodizado en aluminio para ofrecer una durabilidad s\u00f3lida como una roca y una sensaci\u00f3n de primera calidad. Las ruedas de pitch y mod iluminadas en RGB, junto con ocho mandos codificadores de aluminio anodizado y un codificador de pulsaci\u00f3n 4D de precisi\u00f3n, forman una superficie de control continua y a prueba de polvo. <\/p>\n<h2 class=\"\" data-start=\"1573\" data-end=\"1608\">Caracter\u00edsticas principales e integraci\u00f3n con NKS<\/h2>\n<ul data-start=\"1609\" data-end=\"2117\">\n<li class=\"\" data-start=\"1609\" data-end=\"1723\">\n<p class=\"\" data-start=\"1611\" data-end=\"1723\"><strong data-start=\"1611\" data-end=\"1627\">Gu\u00eda de luces:<\/strong> Las luces RGB situadas sobre cada tecla resaltan acordes, escalas y cambios de tecla para que puedas tocar al instante.<\/p>\n<\/li>\n<li class=\"\" data-start=\"1724\" data-end=\"1827\">\n<p class=\"\" data-start=\"1726\" data-end=\"1827\"><strong data-start=\"1726\" data-end=\"1741\">Reproducci\u00f3n inteligente:<\/strong> Asigna autom\u00e1ticamente cualquier escala a las teclas blancas y dispara acordes o arpegios con notas sueltas.<\/p>\n<\/li>\n<li class=\"\" data-start=\"1828\" data-end=\"2021\">\n<p class=\"\" data-start=\"1830\" data-end=\"2021\"><strong data-start=\"1830\" data-end=\"1865\">Software Deep Komplete Kontrol:<\/strong> Exploraci\u00f3n de preajustes basada en etiquetas, audici\u00f3n instant\u00e1nea y asignaci\u00f3n de par\u00e1metros a todos los instrumentos y efectos compatibles con NKS<\/p>\n<\/li>\n<li class=\"\" data-start=\"2022\" data-end=\"2117\">\n<p class=\"\" data-start=\"2024\" data-end=\"2117\"><strong data-start=\"2024\" data-end=\"2040\">Tira t\u00e1ctil:<\/strong> Tira t\u00e1ctil multimodo para expresi\u00f3n, inflexi\u00f3n de tono y asignaciones CC personalizadas.<\/p>\n<\/li>\n<\/ul>\n<h2 class=\"\" data-start=\"2119\" data-end=\"2147\">Conectividad y flujo de trabajo<\/h2>\n<p class=\"\" data-start=\"2148\" data-end=\"2455\">Con\u00e9ctalo mediante USB-C para alimentaci\u00f3n por bus y MIDI a trav\u00e9s de USB. Cuatro entradas de pedal asignables (sustain, expresi\u00f3n, m\u00e1s dos definidas por el usuario) ampl\u00edan las opciones de control. Para fundamentos MIDI,  <\/p>\n<h2 class=\"\" data-start=\"2457\" data-end=\"2491\">Aplicaciones y enlaces internos<\/h2>\n<p class=\"\" data-start=\"2492\" data-end=\"2811\">Tanto si <strong data-start=\"2504\" data-end=\"2529\">alquilas el native s61 ibiza<\/strong> para pistas de estudio, sets electr\u00f3nicos en directo o sesiones de puntuaci\u00f3n, este controlador te mantiene en el flujo creativo. Explora nuestra l\u00ednea completa de <a class=\"cursor-pointer\" rel=\"noopener\" data-start=\"2667\" data-end=\"2718\">alquiler de teclados controladores<\/a> o comb\u00ednalo con nuestros <a class=\"cursor-pointer\" rel=\"noopener\" data-start=\"2739\" data-end=\"2791\">alquileres de interfaces de audio<\/a> para tener un equipo completo. <\/p>\n<h2 class=\"\" data-start=\"2813\" data-end=\"2834\">Alquiler y asistencia<\/h2>\n<p class=\"\" data-start=\"2835\" data-end=\"2885\">White Sound Ibiza garantiza una experiencia perfecta:<\/p>\n<p class=\"\" data-start=\"2888\" data-end=\"2951\"><strong data-start=\"2888\" data-end=\"2910\">Entrega y recogida:<\/strong> Horario flexible en cualquier lugar de Ibiza.<\/p>\n<p class=\"\" data-start=\"2954\" data-end=\"3057\"><strong data-start=\"2954\" data-end=\"2972\">Configuraci\u00f3n in situ:<\/strong> Nuestro equipo instalar\u00e1 el software Komplete Kontrol y calibrar\u00e1 el mapeado Light Guide.<\/p>\n<p class=\"\" data-start=\"3167\" data-end=\"3282\">\u00a1Reserva ahora el <strong data-start=\"3179\" data-end=\"3204\">alquiler del ibiza s61 nativo<\/strong> y eleva tu rendimiento con una integraci\u00f3n hardware-software sin igual!<\/p>\n<style id=\"wpforms-css-vars-1077\">\n\t\t\t\t#wpforms-1077 {\n\t\t\t\t\n\t\t\t}\n\t\t\t<\/style><div class=\"wpforms-container wpforms-container-full wpforms-render-modern\" id=\"wpforms-1077\"><form id=\"wpforms-form-1077\" class=\"wpforms-validate wpforms-form wpforms-ajax-form\" data-formid=\"1077\" method=\"post\" enctype=\"multipart\/form-data\" action=\"\/es\/wp-json\/wp\/v2\/product\/49160\" data-token=\"3226e0a250e6f7c25196f378956ee31f\" data-token-time=\"1775749925\"><noscript class=\"wpforms-error-noscript\">Por favor, activa JavaScript en tu navegador para completar este formulario.<\/noscript><div id=\"wpforms-error-noscript\" style=\"display: none;\">Por favor, activa JavaScript en tu navegador para completar este formulario.<\/div><div class=\"wpforms-field-container\"><div id=\"wpforms-1077-field_0-container\" class=\"wpforms-field wpforms-field-name\" data-field-id=\"0\"><fieldset><legend class=\"wpforms-field-label\">Nombre <span class=\"wpforms-required-label\" aria-hidden=\"true\">*<\/span><\/legend><div class=\"wpforms-field-row wpforms-field-medium\"><div class=\"wpforms-field-row-block wpforms-first wpforms-one-half\"><input type=\"text\" id=\"wpforms-1077-field_0\" class=\"wpforms-field-name-first wpforms-field-required\" name=\"wpforms[fields][0][first]\" placeholder=\"Nombre\" aria-errormessage=\"wpforms-1077-field_0-error\" required><label for=\"wpforms-1077-field_0\" class=\"wpforms-field-sublabel after wpforms-sublabel-hide\">Nombre<\/label><\/div><div class=\"wpforms-field-row-block wpforms-one-half\"><input type=\"text\" id=\"wpforms-1077-field_0-last\" class=\"wpforms-field-name-last wpforms-field-required\" name=\"wpforms[fields][0][last]\" placeholder=\"Apellidos\" aria-errormessage=\"wpforms-1077-field_0-last-error\" required><label for=\"wpforms-1077-field_0-last\" class=\"wpforms-field-sublabel after wpforms-sublabel-hide\">Apellidos<\/label><\/div><\/div><\/fieldset><\/div>\t\t<div id=\"wpforms-1077-field_3-container\"\n\t\t\tclass=\"wpforms-field wpforms-field-text\"\n\t\t\tdata-field-type=\"text\"\n\t\t\tdata-field-id=\"3\"\n\t\t\t>\n\t\t\t<label class=\"wpforms-field-label\" for=\"wpforms-1077-field_3\" >Dise\u00f1o de Desde<\/label>\n\t\t\t<input type=\"text\" id=\"wpforms-1077-field_3\" class=\"wpforms-field-medium\" name=\"wpforms[fields][3]\" >\n\t\t<\/div>\n\t\t<div id=\"wpforms-1077-field_7-container\" class=\"wpforms-field wpforms-field-layout\" data-field-id=\"7\"><div class=\"wpforms-field-layout-columns wpforms-field-layout-preset-50-50\"><div class=\"wpforms-layout-column wpforms-layout-column-50\" ><div id=\"wpforms-1077-field_1-container\" class=\"wpforms-field wpforms-field-email\" data-field-id=\"1\"><label class=\"wpforms-field-label\" for=\"wpforms-1077-field_1\">Env\u00eda un correo electr\u00f3nico a <span class=\"wpforms-required-label\" aria-hidden=\"true\">*<\/span><\/label><input type=\"email\" id=\"wpforms-1077-field_1\" class=\"wpforms-field-medium wpforms-field-required\" name=\"wpforms[fields][1]\" spellcheck=\"false\" aria-errormessage=\"wpforms-1077-field_1-error\" required><\/div><\/div><div class=\"wpforms-layout-column wpforms-layout-column-50\" ><div id=\"wpforms-1077-field_8-container\" class=\"wpforms-field wpforms-field-phone\" data-field-id=\"8\"><label class=\"wpforms-field-label\" for=\"wpforms-1077-field_8\">N\u00famero de tel\u00e9fono <span class=\"wpforms-required-label\" aria-hidden=\"true\">*<\/span><\/label><input type=\"tel\" id=\"wpforms-1077-field_8\" class=\"wpforms-field-medium wpforms-field-required wpforms-smart-phone-field\" data-rule-smart-phone-field=\"true\" name=\"wpforms[fields][8]\" aria-label=\"N\u00famero de tel\u00e9fono\" aria-errormessage=\"wpforms-1077-field_8-error\" required><\/div><\/div><\/div><\/div><div id=\"wpforms-1077-field_10-container\" class=\"wpforms-field wpforms-field-layout\" data-field-id=\"10\"><div class=\"wpforms-field-layout-columns wpforms-field-layout-preset-50-50\"><div class=\"wpforms-layout-column wpforms-layout-column-50\" ><div id=\"wpforms-1077-field_4-container\" class=\"wpforms-field wpforms-field-date-time\" data-field-id=\"4\"><label class=\"wpforms-field-label\" for=\"wpforms-1077-field_4\">Desde<\/label><div class=\"wpforms-datepicker-wrap\"><input type=\"text\" id=\"wpforms-1077-field_4\" class=\"wpforms-field-date-time-date wpforms-datepicker wpforms-field-small\" data-date-format=\"m\/d\/Y\" data-disable-past-dates=\"0\" data-input=\"true\" name=\"wpforms[fields][4][date]\" aria-errormessage=\"wpforms-1077-field_4-error\" ><a title=\"Borrar fecha\" data-clear role=\"button\" tabindex=\"0\" class=\"wpforms-datepicker-clear\" aria-label=\"Borrar fecha\" style=\"display:none;\"><\/a><\/div><\/div><\/div><div class=\"wpforms-layout-column wpforms-layout-column-50\" ><div id=\"wpforms-1077-field_9-container\" class=\"wpforms-field wpforms-field-date-time\" data-field-id=\"9\"><label class=\"wpforms-field-label\" for=\"wpforms-1077-field_9\">Hasta<\/label><div class=\"wpforms-datepicker-wrap\"><input type=\"text\" id=\"wpforms-1077-field_9\" class=\"wpforms-field-date-time-date wpforms-datepicker wpforms-field-small\" data-date-format=\"m\/d\/Y\" data-disable-past-dates=\"0\" data-input=\"true\" name=\"wpforms[fields][9][date]\" aria-errormessage=\"wpforms-1077-field_9-error\" ><a title=\"Borrar fecha\" data-clear role=\"button\" tabindex=\"0\" class=\"wpforms-datepicker-clear\" aria-label=\"Borrar fecha\" style=\"display:none;\"><\/a><\/div><\/div><\/div><\/div><\/div><div id=\"wpforms-1077-field_2-container\" class=\"wpforms-field wpforms-field-textarea\" data-field-id=\"2\"><label class=\"wpforms-field-label\" for=\"wpforms-1077-field_2\">Mensaje<\/label><textarea id=\"wpforms-1077-field_2\" class=\"wpforms-field-medium\" name=\"wpforms[fields][2]\" placeholder=\"\u00bfC\u00f3mo podemos ayudarte?\" aria-errormessage=\"wpforms-1077-field_2-error\" ><\/textarea><\/div><script>\n\t\t\t\t( function() {\n\t\t\t\t\tconst style = document.createElement( 'style' );\n\t\t\t\t\tstyle.appendChild( document.createTextNode( '#wpforms-1077-field_3-container { position: absolute !important; overflow: hidden !important; display: inline !important; height: 1px !important; width: 1px !important; z-index: -1000 !important; padding: 0 !important; } #wpforms-1077-field_3-container input { visibility: hidden; } #wpforms-conversational-form-page #wpforms-1077-field_3-container label { counter-increment: none; }' ) );\n\t\t\t\t\tdocument.head.appendChild( style );\n\t\t\t\t\tdocument.currentScript?.remove();\n\t\t\t\t} )();\n\t\t\t<\/script><\/div><!-- .wpforms-field-container --><div class=\"wpforms-recaptcha-container wpforms-is-recaptcha wpforms-is-recaptcha-type-v2\" ><div class=\"g-recaptcha\" data-sitekey=\"6LeS7gEkAAAAAO-EsXRwxTakHs6Q_9Z0rQYHkIS5\"><\/div><input type=\"text\" name=\"g-recaptcha-hidden\" class=\"wpforms-recaptcha-hidden\" style=\"position:absolute!important;clip:rect(0,0,0,0)!important;height:1px!important;width:1px!important;border:0!important;overflow:hidden!important;padding:0!important;margin:0!important;\" data-rule-recaptcha=\"1\"><\/div><div class=\"wpforms-submit-container\" ><input type=\"hidden\" name=\"wpforms[id]\" value=\"1077\"><input type=\"hidden\" name=\"page_title\" value=\"\"><input type=\"hidden\" name=\"page_url\" value=\"https:\/\/whitesoundibiza.com\/es\/wp-json\/wp\/v2\/product\/49160\"><input type=\"hidden\" name=\"url_referer\" value=\"\"><button type=\"submit\" name=\"wpforms[submit]\" id=\"wpforms-submit-1077\" class=\"wpforms-submit\" data-alt-text=\"Enviando...\" data-submit-text=\"Env\u00eda\" aria-live=\"assertive\" value=\"wpforms-submit\">Env\u00eda<\/button><img decoding=\"async\" src=\"https:\/\/whitesoundibiza.com\/wp-content\/plugins\/wpforms\/assets\/images\/submit-spin.svg\" class=\"wpforms-submit-spinner\" style=\"display: none;\" width=\"26\" height=\"26\" alt=\"Cargando\"><\/div><\/form><\/div>  <!-- .wpforms-container -->\n","protected":false},"excerpt":{"rendered":"<p class=\"\" data-start=\"375\" data-end=\"634\">Teclado controlador MIDI inteligente con 61 teclas Fatar semiponderadas, aftertouch polif\u00f3nico, dos pantallas a todo color de 1280\u00d7480, Light Guide, banda t\u00e1ctil y una estrecha integraci\u00f3n con el software Komplete Kontrol: ideal para el estudio y el directo.<\/p>\n<p class=\"\" data-start=\"636\" data-end=\"824\">\n","protected":false},"featured_media":48185,"template":"","meta":{"_joinchat":[]},"product_brand":[],"product_cat":[176],"product_tag":[],"class_list":{"0":"post-49160","1":"product","2":"type-product","3":"status-publish","4":"has-post-thumbnail","6":"product_cat-midi-y-sintetizador","8":"first","9":"instock","10":"taxable","11":"shipping-taxable","12":"purchasable","13":"product-type-rentable"},"yoast_head":"<!-- This site is optimized with the Yoast SEO plugin v27.3 - https:\/\/yoast.com\/product\/yoast-seo-wordpress\/ -->\n<title>Alquila Native Komplete Kontrol S61 Ibiza | White Sound Ibiza<\/title>\n<meta name=\"description\" content=\"Alquila el Native Komplete Kontrol S61 en Ibiza con White Sound Ibiza. 61 teclas Fatar semiponderadas, aftertouch polif\u00f3nico, doble pantalla a color de alta resoluci\u00f3n, gu\u00eda de luces, banda t\u00e1ctil y profunda integraci\u00f3n con NKS. \u00a1Reserva ya!\" \/>\n<meta name=\"robots\" content=\"index, follow, max-snippet:-1, max-image-preview:large, max-video-preview:-1\" \/>\n<link rel=\"canonical\" href=\"https:\/\/whitesoundibiza.com\/es\/producto\/nativo-s61\/\" \/>\n<meta property=\"og:locale\" content=\"es_ES\" \/>\n<meta property=\"og:type\" content=\"article\" \/>\n<meta property=\"og:title\" content=\"Alquila Native Komplete Kontrol S61 Ibiza | White Sound Ibiza\" \/>\n<meta property=\"og:description\" content=\"Alquila el Native Komplete Kontrol S61 en Ibiza con White Sound Ibiza. 61 teclas Fatar semiponderadas, aftertouch polif\u00f3nico, doble pantalla a color de alta resoluci\u00f3n, gu\u00eda de luces, banda t\u00e1ctil y profunda integraci\u00f3n con NKS. \u00a1Reserva ya!\" \/>\n<meta property=\"og:url\" content=\"https:\/\/whitesoundibiza.com\/es\/producto\/nativo-s61\/\" \/>\n<meta property=\"og:site_name\" content=\"White Sound Ibiza - Delivering Fun\" \/>\n<meta property=\"article:modified_time\" content=\"2025-08-09T15:43:46+00:00\" \/>\n<meta property=\"og:image\" content=\"https:\/\/whitesoundibiza.com\/wp-content\/uploads\/2025\/02\/S61.jpg\" \/>\n\t<meta property=\"og:image:width\" content=\"1000\" \/>\n\t<meta property=\"og:image:height\" content=\"1000\" \/>\n\t<meta property=\"og:image:type\" content=\"image\/jpeg\" \/>\n<meta name=\"twitter:card\" content=\"summary_large_image\" \/>\n<meta name=\"twitter:label1\" content=\"Tiempo de lectura\" \/>\n\t<meta name=\"twitter:data1\" content=\"2 minutos\" \/>\n<script type=\"application\/ld+json\" class=\"yoast-schema-graph\">{\"@context\":\"https:\\\/\\\/schema.org\",\"@graph\":[{\"@type\":\"WebPage\",\"@id\":\"https:\\\/\\\/whitesoundibiza.com\\\/es\\\/producto\\\/nativo-s61\\\/\",\"url\":\"https:\\\/\\\/whitesoundibiza.com\\\/es\\\/producto\\\/nativo-s61\\\/\",\"name\":\"Alquila Native Komplete Kontrol S61 Ibiza | White Sound Ibiza\",\"isPartOf\":{\"@id\":\"https:\\\/\\\/whitesoundibiza.com\\\/es\\\/#website\"},\"primaryImageOfPage\":{\"@id\":\"https:\\\/\\\/whitesoundibiza.com\\\/es\\\/producto\\\/nativo-s61\\\/#primaryimage\"},\"image\":{\"@id\":\"https:\\\/\\\/whitesoundibiza.com\\\/es\\\/producto\\\/nativo-s61\\\/#primaryimage\"},\"thumbnailUrl\":\"https:\\\/\\\/whitesoundibiza.com\\\/wp-content\\\/uploads\\\/2025\\\/02\\\/S61.jpg\",\"datePublished\":\"2025-02-10T19:26:29+00:00\",\"dateModified\":\"2025-08-09T15:43:46+00:00\",\"description\":\"Alquila el Native Komplete Kontrol S61 en Ibiza con White Sound Ibiza. 61 teclas Fatar semiponderadas, aftertouch polif\u00f3nico, doble pantalla a color de alta resoluci\u00f3n, gu\u00eda de luces, banda t\u00e1ctil y profunda integraci\u00f3n con NKS. \u00a1Reserva ya!\",\"breadcrumb\":{\"@id\":\"https:\\\/\\\/whitesoundibiza.com\\\/es\\\/producto\\\/nativo-s61\\\/#breadcrumb\"},\"inLanguage\":\"es\",\"potentialAction\":[{\"@type\":\"ReadAction\",\"target\":[\"https:\\\/\\\/whitesoundibiza.com\\\/es\\\/producto\\\/nativo-s61\\\/\"]}]},{\"@type\":\"ImageObject\",\"inLanguage\":\"es\",\"@id\":\"https:\\\/\\\/whitesoundibiza.com\\\/es\\\/producto\\\/nativo-s61\\\/#primaryimage\",\"url\":\"https:\\\/\\\/whitesoundibiza.com\\\/wp-content\\\/uploads\\\/2025\\\/02\\\/S61.jpg\",\"contentUrl\":\"https:\\\/\\\/whitesoundibiza.com\\\/wp-content\\\/uploads\\\/2025\\\/02\\\/S61.jpg\",\"width\":1000,\"height\":1000,\"caption\":\"Native Instruments Komplete Kontrol S61 Controlador MIDI semipesado de 61 teclas con pantallas de doble color y Gu\u00eda de luces disponible para alquilar en Ibiza en White Sound Ibiza\"},{\"@type\":\"BreadcrumbList\",\"@id\":\"https:\\\/\\\/whitesoundibiza.com\\\/es\\\/producto\\\/nativo-s61\\\/#breadcrumb\",\"itemListElement\":[{\"@type\":\"ListItem\",\"position\":1,\"name\":\"Portada\",\"item\":\"https:\\\/\\\/whitesoundibiza.com\\\/es\\\/\"},{\"@type\":\"ListItem\",\"position\":2,\"name\":\"Tienda\",\"item\":\"https:\\\/\\\/whitesoundibiza.com\\\/es\\\/tienda\\\/\"},{\"@type\":\"ListItem\",\"position\":3,\"name\":\"Nativo S61\"}]},{\"@type\":\"WebSite\",\"@id\":\"https:\\\/\\\/whitesoundibiza.com\\\/es\\\/#website\",\"url\":\"https:\\\/\\\/whitesoundibiza.com\\\/es\\\/\",\"name\":\"White Sound Ibiza\",\"description\":\"Rent Speakers in Ibiza\",\"publisher\":{\"@id\":\"https:\\\/\\\/whitesoundibiza.com\\\/es\\\/#organization\"},\"potentialAction\":[{\"@type\":\"SearchAction\",\"target\":{\"@type\":\"EntryPoint\",\"urlTemplate\":\"https:\\\/\\\/whitesoundibiza.com\\\/es\\\/?s={search_term_string}\"},\"query-input\":{\"@type\":\"PropertyValueSpecification\",\"valueRequired\":true,\"valueName\":\"search_term_string\"}}],\"inLanguage\":\"es\"},{\"@type\":\"Organization\",\"@id\":\"https:\\\/\\\/whitesoundibiza.com\\\/es\\\/#organization\",\"name\":\"White Sound Ibiza\",\"url\":\"https:\\\/\\\/whitesoundibiza.com\\\/es\\\/\",\"logo\":{\"@type\":\"ImageObject\",\"inLanguage\":\"es\",\"@id\":\"https:\\\/\\\/whitesoundibiza.com\\\/es\\\/#\\\/schema\\\/logo\\\/image\\\/\",\"url\":\"https:\\\/\\\/whitesoundibiza.com\\\/wp-content\\\/uploads\\\/2025\\\/05\\\/ws_logo.jpg\",\"contentUrl\":\"https:\\\/\\\/whitesoundibiza.com\\\/wp-content\\\/uploads\\\/2025\\\/05\\\/ws_logo.jpg\",\"width\":800,\"height\":235,\"caption\":\"White Sound Ibiza\"},\"image\":{\"@id\":\"https:\\\/\\\/whitesoundibiza.com\\\/es\\\/#\\\/schema\\\/logo\\\/image\\\/\"}}]}<\/script>\n<!-- \/ Yoast SEO plugin. -->","yoast_head_json":{"title":"Alquila Native Komplete Kontrol S61 Ibiza | White Sound Ibiza","description":"Alquila el Native Komplete Kontrol S61 en Ibiza con White Sound Ibiza. 61 teclas Fatar semiponderadas, aftertouch polif\u00f3nico, doble pantalla a color de alta resoluci\u00f3n, gu\u00eda de luces, banda t\u00e1ctil y profunda integraci\u00f3n con NKS. \u00a1Reserva ya!","robots":{"index":"index","follow":"follow","max-snippet":"max-snippet:-1","max-image-preview":"max-image-preview:large","max-video-preview":"max-video-preview:-1"},"canonical":"https:\/\/whitesoundibiza.com\/es\/producto\/nativo-s61\/","og_locale":"es_ES","og_type":"article","og_title":"Alquila Native Komplete Kontrol S61 Ibiza | White Sound Ibiza","og_description":"Alquila el Native Komplete Kontrol S61 en Ibiza con White Sound Ibiza. 61 teclas Fatar semiponderadas, aftertouch polif\u00f3nico, doble pantalla a color de alta resoluci\u00f3n, gu\u00eda de luces, banda t\u00e1ctil y profunda integraci\u00f3n con NKS. \u00a1Reserva ya!","og_url":"https:\/\/whitesoundibiza.com\/es\/producto\/nativo-s61\/","og_site_name":"White Sound Ibiza - Delivering Fun","article_modified_time":"2025-08-09T15:43:46+00:00","og_image":[{"width":1000,"height":1000,"url":"https:\/\/whitesoundibiza.com\/wp-content\/uploads\/2025\/02\/S61.jpg","type":"image\/jpeg"}],"twitter_card":"summary_large_image","twitter_misc":{"Tiempo de lectura":"2 minutos"},"schema":{"@context":"https:\/\/schema.org","@graph":[{"@type":"WebPage","@id":"https:\/\/whitesoundibiza.com\/es\/producto\/nativo-s61\/","url":"https:\/\/whitesoundibiza.com\/es\/producto\/nativo-s61\/","name":"Alquila Native Komplete Kontrol S61 Ibiza | White Sound Ibiza","isPartOf":{"@id":"https:\/\/whitesoundibiza.com\/es\/#website"},"primaryImageOfPage":{"@id":"https:\/\/whitesoundibiza.com\/es\/producto\/nativo-s61\/#primaryimage"},"image":{"@id":"https:\/\/whitesoundibiza.com\/es\/producto\/nativo-s61\/#primaryimage"},"thumbnailUrl":"https:\/\/whitesoundibiza.com\/wp-content\/uploads\/2025\/02\/S61.jpg","datePublished":"2025-02-10T19:26:29+00:00","dateModified":"2025-08-09T15:43:46+00:00","description":"Alquila el Native Komplete Kontrol S61 en Ibiza con White Sound Ibiza. 61 teclas Fatar semiponderadas, aftertouch polif\u00f3nico, doble pantalla a color de alta resoluci\u00f3n, gu\u00eda de luces, banda t\u00e1ctil y profunda integraci\u00f3n con NKS. \u00a1Reserva ya!","breadcrumb":{"@id":"https:\/\/whitesoundibiza.com\/es\/producto\/nativo-s61\/#breadcrumb"},"inLanguage":"es","potentialAction":[{"@type":"ReadAction","target":["https:\/\/whitesoundibiza.com\/es\/producto\/nativo-s61\/"]}]},{"@type":"ImageObject","inLanguage":"es","@id":"https:\/\/whitesoundibiza.com\/es\/producto\/nativo-s61\/#primaryimage","url":"https:\/\/whitesoundibiza.com\/wp-content\/uploads\/2025\/02\/S61.jpg","contentUrl":"https:\/\/whitesoundibiza.com\/wp-content\/uploads\/2025\/02\/S61.jpg","width":1000,"height":1000,"caption":"Native Instruments Komplete Kontrol S61 Controlador MIDI semipesado de 61 teclas con pantallas de doble color y Gu\u00eda de luces disponible para alquilar en Ibiza en White Sound Ibiza"},{"@type":"BreadcrumbList","@id":"https:\/\/whitesoundibiza.com\/es\/producto\/nativo-s61\/#breadcrumb","itemListElement":[{"@type":"ListItem","position":1,"name":"Portada","item":"https:\/\/whitesoundibiza.com\/es\/"},{"@type":"ListItem","position":2,"name":"Tienda","item":"https:\/\/whitesoundibiza.com\/es\/tienda\/"},{"@type":"ListItem","position":3,"name":"Nativo S61"}]},{"@type":"WebSite","@id":"https:\/\/whitesoundibiza.com\/es\/#website","url":"https:\/\/whitesoundibiza.com\/es\/","name":"White Sound Ibiza","description":"Rent Speakers in Ibiza","publisher":{"@id":"https:\/\/whitesoundibiza.com\/es\/#organization"},"potentialAction":[{"@type":"SearchAction","target":{"@type":"EntryPoint","urlTemplate":"https:\/\/whitesoundibiza.com\/es\/?s={search_term_string}"},"query-input":{"@type":"PropertyValueSpecification","valueRequired":true,"valueName":"search_term_string"}}],"inLanguage":"es"},{"@type":"Organization","@id":"https:\/\/whitesoundibiza.com\/es\/#organization","name":"White Sound Ibiza","url":"https:\/\/whitesoundibiza.com\/es\/","logo":{"@type":"ImageObject","inLanguage":"es","@id":"https:\/\/whitesoundibiza.com\/es\/#\/schema\/logo\/image\/","url":"https:\/\/whitesoundibiza.com\/wp-content\/uploads\/2025\/05\/ws_logo.jpg","contentUrl":"https:\/\/whitesoundibiza.com\/wp-content\/uploads\/2025\/05\/ws_logo.jpg","width":800,"height":235,"caption":"White Sound Ibiza"},"image":{"@id":"https:\/\/whitesoundibiza.com\/es\/#\/schema\/logo\/image\/"}}]}},"_links":{"self":[{"href":"https:\/\/whitesoundibiza.com\/es\/wp-json\/wp\/v2\/product\/49160","targetHints":{"allow":["GET"]}}],"collection":[{"href":"https:\/\/whitesoundibiza.com\/es\/wp-json\/wp\/v2\/product"}],"about":[{"href":"https:\/\/whitesoundibiza.com\/es\/wp-json\/wp\/v2\/types\/product"}],"wp:featuredmedia":[{"embeddable":true,"href":"https:\/\/whitesoundibiza.com\/es\/wp-json\/wp\/v2\/media\/48185"}],"wp:attachment":[{"href":"https:\/\/whitesoundibiza.com\/es\/wp-json\/wp\/v2\/media?parent=49160"}],"wp:term":[{"taxonomy":"product_brand","embeddable":true,"href":"https:\/\/whitesoundibiza.com\/es\/wp-json\/wp\/v2\/product_brand?post=49160"},{"taxonomy":"product_cat","embeddable":true,"href":"https:\/\/whitesoundibiza.com\/es\/wp-json\/wp\/v2\/product_cat?post=49160"},{"taxonomy":"product_tag","embeddable":true,"href":"https:\/\/whitesoundibiza.com\/es\/wp-json\/wp\/v2\/product_tag?post=49160"}],"curies":[{"name":"wp","href":"https:\/\/api.w.org\/{rel}","templated":true}]}}