{"id":49144,"date":"2025-02-08T00:55:42","date_gmt":"2025-02-08T00:55:42","guid":{"rendered":"https:\/\/whitesoundibiza.com\/producto\/dpa-4099\/"},"modified":"2025-08-09T15:43:32","modified_gmt":"2025-08-09T15:43:32","slug":"dpa-4099","status":"publish","type":"product","link":"https:\/\/whitesoundibiza.com\/es\/producto\/dpa-4099\/","title":{"rendered":"DPA 4099"},"content":{"rendered":"<p class=\"\" data-start=\"680\" data-end=\"1153\">Cuando <strong data-start=\"689\" data-end=\"712\">alquilas el dpa 4099 ibiza<\/strong>, te aseguras un micr\u00f3fono para instrumentos de calidad profesional.<br data-start=\"768\" data-end=\"771\">Este micro ofrece un patr\u00f3n polar cardioide de precisi\u00f3n para captar la fuente de forma enfocada.<br data-start=\"849\" data-end=\"852\">Ofrece una respuesta plana de 20 Hz a 20 kHz.<br data-start=\"899\" data-end=\"902\">El manejo m\u00e1ximo de SPL alcanza los 144 dB sin distorsi\u00f3n.<br data-start=\"957\" data-end=\"960\">Su dise\u00f1o modular se adapta a bater\u00edas, metales o instrumentos ac\u00fasticos.<br data-start=\"1027\" data-end=\"1030\">La pinza incluida se sujeta firmemente a las llantas o al cuerpo de los instrumentos.<br data-start=\"1094\" data-end=\"1097\">El preamplificador incorporado garantiza un bajo nivel de ruido y un alto nivel de salida.<\/p>\n<h3 class=\"\" data-start=\"1155\" data-end=\"1184\">Construcci\u00f3n y caracter\u00edsticas<\/h3>\n<p class=\"\" data-start=\"1185\" data-end=\"1616\">La c\u00e1psula utiliza un diafragma de titanio para una precisi\u00f3n transitoria excepcional.<br data-start=\"1258\" data-end=\"1261\">Su robusta carcasa resiste las exigencias del escenario y las giras.<br data-start=\"1317\" data-end=\"1320\">Un cuello de cisne flexible te permite inclinar el micro con precisi\u00f3n.<br data-start=\"1374\" data-end=\"1377\">El sistema de pinza modular bloquea el micro firmemente en su sitio.<br data-start=\"1431\" data-end=\"1434\">El cable reforzado resiste las dobleces y el ruido del cable.<br data-start=\"1483\" data-end=\"1486\">Con\u00e9ctalo directamente a cualquier entrada XLR est\u00e1ndar sin adaptadores.<br data-start=\"1545\" data-end=\"1548\">M\u00e1s informaci\u00f3n en la p\u00e1gina <a class=\"\" href=\"https:\/\/www.dpamicrophones.com\/\" target=\"_new\" rel=\"noopener\" data-start=\"1566\" data-end=\"1608\">del producto<\/a>.<\/p>\n<h3 class=\"\" data-start=\"1618\" data-end=\"1647\">Instalaci\u00f3n y manejo<\/h3>\n<p class=\"\" data-start=\"1648\" data-end=\"2006\">Los t\u00e9cnicos <strong data-start=\"1660\" data-end=\"1683\">alquilan el dpa 4099 ibiza<\/strong> y lo montan en cuesti\u00f3n de segundos.<br data-start=\"1708\" data-end=\"1711\">Sujeta el clip a los aros de los tambores o a las campanas de las trompetas ejerciendo una ligera presi\u00f3n.<br data-start=\"1779\" data-end=\"1782\">Luego gira el cuello de cisne para orientar la c\u00e1psula hacia la fuente de sonido.<br data-start=\"1847\" data-end=\"1850\">Pasa el cable por los soportes o bastidores para evitar enredos.<br data-start=\"1906\" data-end=\"1909\">Sujeta el cable suelto con las cintas de sujeci\u00f3n suministradas.<br data-start=\"1952\" data-end=\"1955\">No se necesitan herramientas especiales para montarlo o desmontarlo.<\/p>\n<h3 class=\"\" data-start=\"2008\" data-end=\"2039\">Rendimiento y fiabilidad<\/h3>\n<p class=\"\" data-start=\"2040\" data-end=\"2442\">El DPA 4099 mantiene una respuesta de frecuencia consistente en condiciones de uso intensivo.<br data-start=\"2109\" data-end=\"2112\">Incluso a niveles de presi\u00f3n sonora elevados, la distorsi\u00f3n se mantiene por debajo del 0,5%.<br data-start=\"2165\" data-end=\"2168\">Su patr\u00f3n cardioide minimiza el sangrado de otras fuentes del escenario.<br data-start=\"2230\" data-end=\"2233\">El riesgo de retroalimentaci\u00f3n en el escenario se reduce gracias al rechazo fuera del eje.<br data-start=\"2301\" data-end=\"2304\">Las pruebas de campo confirman un rendimiento estable durante varios d\u00edas de eventos.<br data-start=\"2371\" data-end=\"2374\">Fabricado para ser fiable, este micro resiste el sudor, la humedad y los golpes.<\/p>\n<h3 class=\"\" data-start=\"2444\" data-end=\"2474\">Aplicaciones y casos de uso<\/h3>\n<p class=\"\" data-start=\"2475\" data-end=\"2979\">Ideal para captar de cerca redoblantes, bater\u00edas y percusi\u00f3n.<br data-start=\"2537\" data-end=\"2540\">Los instrumentistas de viento aprecian su captaci\u00f3n consistente de metales y maderas.<br data-start=\"2609\" data-end=\"2612\">Los guitarristas ac\u00fasticos lo utilizan para reproducir tonos naturales y detallados.<br data-start=\"2679\" data-end=\"2682\">Los grupos de m\u00fasica en directo conf\u00edan en \u00e9l para el refuerzo FOH y las mezclas de monitores.<br data-start=\"2742\" data-end=\"2745\">Los ingenieros de grabaci\u00f3n lo emplean en los estudios para obtener pistas limpias de instrumentos.<br data-start=\"2814\" data-end=\"2817\">Explora nuestro <a class=\"cursor-pointer\" rel=\"noopener\" data-start=\"2829\" data-end=\"2871\">alquiler de micr\u00f3fonos<\/a> para obtener equipos complementarios.<br data-start=\"2895\" data-end=\"2898\">Comb\u00ednalo con nuestros <a class=\"cursor-pointer\" rel=\"noopener\" data-start=\"2915\" data-end=\"2962\">kits de micr\u00f3fonos para instrumentos<\/a> para obtener configuraciones completas.<\/p>\n<h3 class=\"\" data-start=\"2981\" data-end=\"3003\">Alquiler y asistencia<\/h3>\n<p class=\"\" data-start=\"3004\" data-end=\"3329\">White Sound Ibiza se encarga de la entrega y la configuraci\u00f3n in situ por ti.<br data-start=\"3065\" data-end=\"3068\">Probamos la respuesta de cada micr\u00f3fono antes de que comience tu evento.<br data-start=\"3121\" data-end=\"3124\">Las opciones flexibles de recogida y devoluci\u00f3n se adaptan a tu horario.<br data-start=\"3249\" data-end=\"3252\">\u00a1Reserva ahora para <strong data-start=\"3264\" data-end=\"3287\">alquilar el dpa 4099 ibiza<\/strong> y captar cada detalle con confianza!<\/p>\n<style id=\"wpforms-css-vars-1077\">\n\t\t\t\t#wpforms-1077 {\n\t\t\t\t\n\t\t\t}\n\t\t\t<\/style><div class=\"wpforms-container wpforms-container-full wpforms-render-modern\" id=\"wpforms-1077\"><form id=\"wpforms-form-1077\" class=\"wpforms-validate wpforms-form wpforms-ajax-form\" data-formid=\"1077\" method=\"post\" enctype=\"multipart\/form-data\" action=\"\/es\/wp-json\/wp\/v2\/product\/49144\" data-token=\"94928534a24cdcc111147f7cbd5189fa\" data-token-time=\"1776960763\"><noscript class=\"wpforms-error-noscript\">Por favor, activa JavaScript en tu navegador para completar este formulario.<\/noscript><div id=\"wpforms-error-noscript\" style=\"display: none;\">Por favor, activa JavaScript en tu navegador para completar este formulario.<\/div><div class=\"wpforms-field-container\"><div id=\"wpforms-1077-field_0-container\" class=\"wpforms-field wpforms-field-name\" data-field-id=\"0\"><fieldset><legend class=\"wpforms-field-label\">Nombre <span class=\"wpforms-required-label\" aria-hidden=\"true\">*<\/span><\/legend><div class=\"wpforms-field-row wpforms-field-medium\"><div class=\"wpforms-field-row-block wpforms-first wpforms-one-half\"><input type=\"text\" id=\"wpforms-1077-field_0\" class=\"wpforms-field-name-first wpforms-field-required\" name=\"wpforms[fields][0][first]\" placeholder=\"Nombre\" aria-errormessage=\"wpforms-1077-field_0-error\" required><label for=\"wpforms-1077-field_0\" class=\"wpforms-field-sublabel after wpforms-sublabel-hide\">Nombre<\/label><\/div><div class=\"wpforms-field-row-block wpforms-one-half\"><input type=\"text\" id=\"wpforms-1077-field_0-last\" class=\"wpforms-field-name-last wpforms-field-required\" name=\"wpforms[fields][0][last]\" placeholder=\"Apellidos\" aria-errormessage=\"wpforms-1077-field_0-last-error\" required><label for=\"wpforms-1077-field_0-last\" class=\"wpforms-field-sublabel after wpforms-sublabel-hide\">Apellidos<\/label><\/div><\/div><\/fieldset><\/div><div id=\"wpforms-1077-field_7-container\" class=\"wpforms-field wpforms-field-layout\" data-field-id=\"7\"><div class=\"wpforms-field-layout-columns wpforms-field-layout-preset-50-50\"><div class=\"wpforms-layout-column wpforms-layout-column-50\" >\t\t<div id=\"wpforms-1077-field_3-container\"\n\t\t\tclass=\"wpforms-field wpforms-field-text\"\n\t\t\tdata-field-type=\"text\"\n\t\t\tdata-field-id=\"3\"\n\t\t\t>\n\t\t\t<label class=\"wpforms-field-label\" for=\"wpforms-1077-field_3\" >Env\u00eda a Desde<\/label>\n\t\t\t<input type=\"text\" id=\"wpforms-1077-field_3\" class=\"wpforms-field-medium\" name=\"wpforms[fields][3]\" >\n\t\t<\/div>\n\t\t<div id=\"wpforms-1077-field_1-container\" class=\"wpforms-field wpforms-field-email\" data-field-id=\"1\"><label class=\"wpforms-field-label\" for=\"wpforms-1077-field_1\">Env\u00eda un correo electr\u00f3nico a <span class=\"wpforms-required-label\" aria-hidden=\"true\">*<\/span><\/label><input type=\"email\" id=\"wpforms-1077-field_1\" class=\"wpforms-field-medium wpforms-field-required\" name=\"wpforms[fields][1]\" spellcheck=\"false\" aria-errormessage=\"wpforms-1077-field_1-error\" required><\/div><\/div><div class=\"wpforms-layout-column wpforms-layout-column-50\" ><div id=\"wpforms-1077-field_8-container\" class=\"wpforms-field wpforms-field-phone\" data-field-id=\"8\"><label class=\"wpforms-field-label\" for=\"wpforms-1077-field_8\">N\u00famero de tel\u00e9fono <span class=\"wpforms-required-label\" aria-hidden=\"true\">*<\/span><\/label><input type=\"tel\" id=\"wpforms-1077-field_8\" class=\"wpforms-field-medium wpforms-field-required wpforms-smart-phone-field\" data-rule-smart-phone-field=\"true\" name=\"wpforms[fields][8]\" aria-label=\"N\u00famero de tel\u00e9fono\" aria-errormessage=\"wpforms-1077-field_8-error\" required><\/div><\/div><\/div><\/div><div id=\"wpforms-1077-field_10-container\" class=\"wpforms-field wpforms-field-layout\" data-field-id=\"10\"><div class=\"wpforms-field-layout-columns wpforms-field-layout-preset-50-50\"><div class=\"wpforms-layout-column wpforms-layout-column-50\" ><div id=\"wpforms-1077-field_4-container\" class=\"wpforms-field wpforms-field-date-time\" data-field-id=\"4\"><label class=\"wpforms-field-label\" for=\"wpforms-1077-field_4\">Desde<\/label><div class=\"wpforms-datepicker-wrap\"><input type=\"text\" id=\"wpforms-1077-field_4\" class=\"wpforms-field-date-time-date wpforms-datepicker wpforms-field-small\" data-date-format=\"m\/d\/Y\" data-disable-past-dates=\"0\" data-input=\"true\" name=\"wpforms[fields][4][date]\" aria-errormessage=\"wpforms-1077-field_4-error\" ><a title=\"Borrar fecha\" data-clear role=\"button\" tabindex=\"0\" class=\"wpforms-datepicker-clear\" aria-label=\"Borrar fecha\" style=\"display:none;\"><\/a><\/div><\/div><\/div><div class=\"wpforms-layout-column wpforms-layout-column-50\" ><div id=\"wpforms-1077-field_9-container\" class=\"wpforms-field wpforms-field-date-time\" data-field-id=\"9\"><label class=\"wpforms-field-label\" for=\"wpforms-1077-field_9\">Hasta<\/label><div class=\"wpforms-datepicker-wrap\"><input type=\"text\" id=\"wpforms-1077-field_9\" class=\"wpforms-field-date-time-date wpforms-datepicker wpforms-field-small\" data-date-format=\"m\/d\/Y\" data-disable-past-dates=\"0\" data-input=\"true\" name=\"wpforms[fields][9][date]\" aria-errormessage=\"wpforms-1077-field_9-error\" ><a title=\"Borrar fecha\" data-clear role=\"button\" tabindex=\"0\" class=\"wpforms-datepicker-clear\" aria-label=\"Borrar fecha\" style=\"display:none;\"><\/a><\/div><\/div><\/div><\/div><\/div><div id=\"wpforms-1077-field_2-container\" class=\"wpforms-field wpforms-field-textarea\" data-field-id=\"2\"><label class=\"wpforms-field-label\" for=\"wpforms-1077-field_2\">Mensaje<\/label><textarea id=\"wpforms-1077-field_2\" class=\"wpforms-field-medium\" name=\"wpforms[fields][2]\" placeholder=\"\u00bfC\u00f3mo podemos ayudarte?\" aria-errormessage=\"wpforms-1077-field_2-error\" ><\/textarea><\/div><script>\n\t\t\t\t( function() {\n\t\t\t\t\tconst style = document.createElement( 'style' );\n\t\t\t\t\tstyle.appendChild( document.createTextNode( '#wpforms-1077-field_3-container { position: absolute !important; overflow: hidden !important; display: inline !important; height: 1px !important; width: 1px !important; z-index: -1000 !important; padding: 0 !important; } #wpforms-1077-field_3-container input { visibility: hidden; } #wpforms-conversational-form-page #wpforms-1077-field_3-container label { counter-increment: none; }' ) );\n\t\t\t\t\tdocument.head.appendChild( style );\n\t\t\t\t\tdocument.currentScript?.remove();\n\t\t\t\t} )();\n\t\t\t<\/script><\/div><!-- .wpforms-field-container --><div class=\"wpforms-recaptcha-container wpforms-is-recaptcha wpforms-is-recaptcha-type-v2\" ><div class=\"g-recaptcha\" data-sitekey=\"6LeS7gEkAAAAAO-EsXRwxTakHs6Q_9Z0rQYHkIS5\"><\/div><input type=\"text\" name=\"g-recaptcha-hidden\" class=\"wpforms-recaptcha-hidden\" style=\"position:absolute!important;clip:rect(0,0,0,0)!important;height:1px!important;width:1px!important;border:0!important;overflow:hidden!important;padding:0!important;margin:0!important;\" data-rule-recaptcha=\"1\"><\/div><div class=\"wpforms-submit-container\" ><input type=\"hidden\" name=\"wpforms[id]\" value=\"1077\"><input type=\"hidden\" name=\"page_title\" value=\"\"><input type=\"hidden\" name=\"page_url\" value=\"https:\/\/whitesoundibiza.com\/es\/wp-json\/wp\/v2\/product\/49144\"><input type=\"hidden\" name=\"url_referer\" value=\"\"><button type=\"submit\" name=\"wpforms[submit]\" id=\"wpforms-submit-1077\" class=\"wpforms-submit\" data-alt-text=\"Enviando...\" data-submit-text=\"Env\u00eda\" aria-live=\"assertive\" value=\"wpforms-submit\">Env\u00eda<\/button><img decoding=\"async\" src=\"https:\/\/whitesoundibiza.com\/wp-content\/plugins\/wpforms\/assets\/images\/submit-spin.svg\" class=\"wpforms-submit-spinner\" style=\"display: none;\" width=\"26\" height=\"26\" alt=\"Cargando\"><\/div><\/form><\/div>  <!-- .wpforms-container -->\n","protected":false},"excerpt":{"rendered":"<p class=\"\" data-start=\"297\" data-end=\"496\">Micr\u00f3fono cardioide de condensador para instrumentos con respuesta de 20 Hz-20 kHz, manejo de 144 dB SPL, soportes de pinza modulares y cable reforzado: ideal para bater\u00eda, metales e instrumentos ac\u00fasticos.<\/p>\n<p class=\"\" data-start=\"498\" data-end=\"642\">\n","protected":false},"featured_media":48102,"template":"","meta":{"_joinchat":[]},"product_brand":[],"product_cat":[172],"product_tag":[],"class_list":{"0":"post-49144","1":"product","2":"type-product","3":"status-publish","4":"has-post-thumbnail","6":"product_cat-instrumento","8":"first","9":"instock","10":"taxable","11":"shipping-taxable","12":"purchasable","13":"product-type-rentable"},"yoast_head":"<!-- This site is optimized with the Yoast SEO plugin v27.4 - https:\/\/yoast.com\/product\/yoast-seo-wordpress\/ -->\n<title>Alquiler DPA 4099 Micr\u00f3fono para Instrumentos Ibiza | White Sound Ibiza<\/title>\n<meta name=\"description\" content=\"Alquila el micr\u00f3fono para instrumentos DPA 4099 en Ibiza, en White Sound Ibiza. Patr\u00f3n cardioide, 20 Hz-20 kHz, 144 dB SPL, sistema de pinza modular. \u00a1Reserva ahora!\" \/>\n<meta name=\"robots\" content=\"index, follow, max-snippet:-1, max-image-preview:large, max-video-preview:-1\" \/>\n<link rel=\"canonical\" href=\"https:\/\/whitesoundibiza.com\/es\/producto\/dpa-4099\/\" \/>\n<meta property=\"og:locale\" content=\"es_ES\" \/>\n<meta property=\"og:type\" content=\"article\" \/>\n<meta property=\"og:title\" content=\"Alquiler DPA 4099 Micr\u00f3fono para Instrumentos Ibiza | White Sound Ibiza\" \/>\n<meta property=\"og:description\" content=\"Alquila el micr\u00f3fono para instrumentos DPA 4099 en Ibiza, en White Sound Ibiza. Patr\u00f3n cardioide, 20 Hz-20 kHz, 144 dB SPL, sistema de pinza modular. \u00a1Reserva ahora!\" \/>\n<meta property=\"og:url\" content=\"https:\/\/whitesoundibiza.com\/es\/producto\/dpa-4099\/\" \/>\n<meta property=\"og:site_name\" content=\"White Sound Ibiza - Delivering Fun\" \/>\n<meta property=\"article:modified_time\" content=\"2025-08-09T15:43:32+00:00\" \/>\n<meta property=\"og:image\" content=\"https:\/\/whitesoundibiza.com\/wp-content\/uploads\/2025\/02\/DPA4099.jpeg\" \/>\n\t<meta property=\"og:image:width\" content=\"800\" \/>\n\t<meta property=\"og:image:height\" content=\"800\" \/>\n\t<meta property=\"og:image:type\" content=\"image\/jpeg\" \/>\n<meta name=\"twitter:card\" content=\"summary_large_image\" \/>\n<meta name=\"twitter:label1\" content=\"Tiempo de lectura\" \/>\n\t<meta name=\"twitter:data1\" content=\"3 minutos\" \/>\n<script type=\"application\/ld+json\" class=\"yoast-schema-graph\">{\"@context\":\"https:\\\/\\\/schema.org\",\"@graph\":[{\"@type\":\"WebPage\",\"@id\":\"https:\\\/\\\/whitesoundibiza.com\\\/es\\\/producto\\\/dpa-4099\\\/\",\"url\":\"https:\\\/\\\/whitesoundibiza.com\\\/es\\\/producto\\\/dpa-4099\\\/\",\"name\":\"Alquiler DPA 4099 Micr\u00f3fono para Instrumentos Ibiza | White Sound Ibiza\",\"isPartOf\":{\"@id\":\"https:\\\/\\\/whitesoundibiza.com\\\/es\\\/#website\"},\"primaryImageOfPage\":{\"@id\":\"https:\\\/\\\/whitesoundibiza.com\\\/es\\\/producto\\\/dpa-4099\\\/#primaryimage\"},\"image\":{\"@id\":\"https:\\\/\\\/whitesoundibiza.com\\\/es\\\/producto\\\/dpa-4099\\\/#primaryimage\"},\"thumbnailUrl\":\"https:\\\/\\\/whitesoundibiza.com\\\/wp-content\\\/uploads\\\/2025\\\/02\\\/DPA4099.jpeg\",\"datePublished\":\"2025-02-08T00:55:42+00:00\",\"dateModified\":\"2025-08-09T15:43:32+00:00\",\"description\":\"Alquila el micr\u00f3fono para instrumentos DPA 4099 en Ibiza, en White Sound Ibiza. Patr\u00f3n cardioide, 20 Hz-20 kHz, 144 dB SPL, sistema de pinza modular. \u00a1Reserva ahora!\",\"breadcrumb\":{\"@id\":\"https:\\\/\\\/whitesoundibiza.com\\\/es\\\/producto\\\/dpa-4099\\\/#breadcrumb\"},\"inLanguage\":\"es\",\"potentialAction\":[{\"@type\":\"ReadAction\",\"target\":[\"https:\\\/\\\/whitesoundibiza.com\\\/es\\\/producto\\\/dpa-4099\\\/\"]}]},{\"@type\":\"ImageObject\",\"inLanguage\":\"es\",\"@id\":\"https:\\\/\\\/whitesoundibiza.com\\\/es\\\/producto\\\/dpa-4099\\\/#primaryimage\",\"url\":\"https:\\\/\\\/whitesoundibiza.com\\\/wp-content\\\/uploads\\\/2025\\\/02\\\/DPA4099.jpeg\",\"contentUrl\":\"https:\\\/\\\/whitesoundibiza.com\\\/wp-content\\\/uploads\\\/2025\\\/02\\\/DPA4099.jpeg\",\"width\":800,\"height\":800,\"caption\":\"Micr\u00f3fono de condensador cardioide para instrumentos DPA 4099 con soporte de pinza modular disponible para alquilar en Ibiza en White Sound Ibiza\"},{\"@type\":\"BreadcrumbList\",\"@id\":\"https:\\\/\\\/whitesoundibiza.com\\\/es\\\/producto\\\/dpa-4099\\\/#breadcrumb\",\"itemListElement\":[{\"@type\":\"ListItem\",\"position\":1,\"name\":\"Portada\",\"item\":\"https:\\\/\\\/whitesoundibiza.com\\\/es\\\/\"},{\"@type\":\"ListItem\",\"position\":2,\"name\":\"Tienda\",\"item\":\"https:\\\/\\\/whitesoundibiza.com\\\/es\\\/tienda\\\/\"},{\"@type\":\"ListItem\",\"position\":3,\"name\":\"DPA 4099\"}]},{\"@type\":\"WebSite\",\"@id\":\"https:\\\/\\\/whitesoundibiza.com\\\/es\\\/#website\",\"url\":\"https:\\\/\\\/whitesoundibiza.com\\\/es\\\/\",\"name\":\"White Sound Ibiza\",\"description\":\"Rent Speakers in Ibiza\",\"publisher\":{\"@id\":\"https:\\\/\\\/whitesoundibiza.com\\\/es\\\/#organization\"},\"potentialAction\":[{\"@type\":\"SearchAction\",\"target\":{\"@type\":\"EntryPoint\",\"urlTemplate\":\"https:\\\/\\\/whitesoundibiza.com\\\/es\\\/?s={search_term_string}\"},\"query-input\":{\"@type\":\"PropertyValueSpecification\",\"valueRequired\":true,\"valueName\":\"search_term_string\"}}],\"inLanguage\":\"es\"},{\"@type\":\"Organization\",\"@id\":\"https:\\\/\\\/whitesoundibiza.com\\\/es\\\/#organization\",\"name\":\"White Sound Ibiza\",\"url\":\"https:\\\/\\\/whitesoundibiza.com\\\/es\\\/\",\"logo\":{\"@type\":\"ImageObject\",\"inLanguage\":\"es\",\"@id\":\"https:\\\/\\\/whitesoundibiza.com\\\/es\\\/#\\\/schema\\\/logo\\\/image\\\/\",\"url\":\"https:\\\/\\\/whitesoundibiza.com\\\/wp-content\\\/uploads\\\/2025\\\/05\\\/ws_logo.jpg\",\"contentUrl\":\"https:\\\/\\\/whitesoundibiza.com\\\/wp-content\\\/uploads\\\/2025\\\/05\\\/ws_logo.jpg\",\"width\":800,\"height\":235,\"caption\":\"White Sound Ibiza\"},\"image\":{\"@id\":\"https:\\\/\\\/whitesoundibiza.com\\\/es\\\/#\\\/schema\\\/logo\\\/image\\\/\"}}]}<\/script>\n<!-- \/ Yoast SEO plugin. -->","yoast_head_json":{"title":"Alquiler DPA 4099 Micr\u00f3fono para Instrumentos Ibiza | White Sound Ibiza","description":"Alquila el micr\u00f3fono para instrumentos DPA 4099 en Ibiza, en White Sound Ibiza. Patr\u00f3n cardioide, 20 Hz-20 kHz, 144 dB SPL, sistema de pinza modular. \u00a1Reserva ahora!","robots":{"index":"index","follow":"follow","max-snippet":"max-snippet:-1","max-image-preview":"max-image-preview:large","max-video-preview":"max-video-preview:-1"},"canonical":"https:\/\/whitesoundibiza.com\/es\/producto\/dpa-4099\/","og_locale":"es_ES","og_type":"article","og_title":"Alquiler DPA 4099 Micr\u00f3fono para Instrumentos Ibiza | White Sound Ibiza","og_description":"Alquila el micr\u00f3fono para instrumentos DPA 4099 en Ibiza, en White Sound Ibiza. Patr\u00f3n cardioide, 20 Hz-20 kHz, 144 dB SPL, sistema de pinza modular. \u00a1Reserva ahora!","og_url":"https:\/\/whitesoundibiza.com\/es\/producto\/dpa-4099\/","og_site_name":"White Sound Ibiza - Delivering Fun","article_modified_time":"2025-08-09T15:43:32+00:00","og_image":[{"width":800,"height":800,"url":"https:\/\/whitesoundibiza.com\/wp-content\/uploads\/2025\/02\/DPA4099.jpeg","type":"image\/jpeg"}],"twitter_card":"summary_large_image","twitter_misc":{"Tiempo de lectura":"3 minutos"},"schema":{"@context":"https:\/\/schema.org","@graph":[{"@type":"WebPage","@id":"https:\/\/whitesoundibiza.com\/es\/producto\/dpa-4099\/","url":"https:\/\/whitesoundibiza.com\/es\/producto\/dpa-4099\/","name":"Alquiler DPA 4099 Micr\u00f3fono para Instrumentos Ibiza | White Sound Ibiza","isPartOf":{"@id":"https:\/\/whitesoundibiza.com\/es\/#website"},"primaryImageOfPage":{"@id":"https:\/\/whitesoundibiza.com\/es\/producto\/dpa-4099\/#primaryimage"},"image":{"@id":"https:\/\/whitesoundibiza.com\/es\/producto\/dpa-4099\/#primaryimage"},"thumbnailUrl":"https:\/\/whitesoundibiza.com\/wp-content\/uploads\/2025\/02\/DPA4099.jpeg","datePublished":"2025-02-08T00:55:42+00:00","dateModified":"2025-08-09T15:43:32+00:00","description":"Alquila el micr\u00f3fono para instrumentos DPA 4099 en Ibiza, en White Sound Ibiza. Patr\u00f3n cardioide, 20 Hz-20 kHz, 144 dB SPL, sistema de pinza modular. \u00a1Reserva ahora!","breadcrumb":{"@id":"https:\/\/whitesoundibiza.com\/es\/producto\/dpa-4099\/#breadcrumb"},"inLanguage":"es","potentialAction":[{"@type":"ReadAction","target":["https:\/\/whitesoundibiza.com\/es\/producto\/dpa-4099\/"]}]},{"@type":"ImageObject","inLanguage":"es","@id":"https:\/\/whitesoundibiza.com\/es\/producto\/dpa-4099\/#primaryimage","url":"https:\/\/whitesoundibiza.com\/wp-content\/uploads\/2025\/02\/DPA4099.jpeg","contentUrl":"https:\/\/whitesoundibiza.com\/wp-content\/uploads\/2025\/02\/DPA4099.jpeg","width":800,"height":800,"caption":"Micr\u00f3fono de condensador cardioide para instrumentos DPA 4099 con soporte de pinza modular disponible para alquilar en Ibiza en White Sound Ibiza"},{"@type":"BreadcrumbList","@id":"https:\/\/whitesoundibiza.com\/es\/producto\/dpa-4099\/#breadcrumb","itemListElement":[{"@type":"ListItem","position":1,"name":"Portada","item":"https:\/\/whitesoundibiza.com\/es\/"},{"@type":"ListItem","position":2,"name":"Tienda","item":"https:\/\/whitesoundibiza.com\/es\/tienda\/"},{"@type":"ListItem","position":3,"name":"DPA 4099"}]},{"@type":"WebSite","@id":"https:\/\/whitesoundibiza.com\/es\/#website","url":"https:\/\/whitesoundibiza.com\/es\/","name":"White Sound Ibiza","description":"Rent Speakers in Ibiza","publisher":{"@id":"https:\/\/whitesoundibiza.com\/es\/#organization"},"potentialAction":[{"@type":"SearchAction","target":{"@type":"EntryPoint","urlTemplate":"https:\/\/whitesoundibiza.com\/es\/?s={search_term_string}"},"query-input":{"@type":"PropertyValueSpecification","valueRequired":true,"valueName":"search_term_string"}}],"inLanguage":"es"},{"@type":"Organization","@id":"https:\/\/whitesoundibiza.com\/es\/#organization","name":"White Sound Ibiza","url":"https:\/\/whitesoundibiza.com\/es\/","logo":{"@type":"ImageObject","inLanguage":"es","@id":"https:\/\/whitesoundibiza.com\/es\/#\/schema\/logo\/image\/","url":"https:\/\/whitesoundibiza.com\/wp-content\/uploads\/2025\/05\/ws_logo.jpg","contentUrl":"https:\/\/whitesoundibiza.com\/wp-content\/uploads\/2025\/05\/ws_logo.jpg","width":800,"height":235,"caption":"White Sound Ibiza"},"image":{"@id":"https:\/\/whitesoundibiza.com\/es\/#\/schema\/logo\/image\/"}}]}},"_links":{"self":[{"href":"https:\/\/whitesoundibiza.com\/es\/wp-json\/wp\/v2\/product\/49144","targetHints":{"allow":["GET"]}}],"collection":[{"href":"https:\/\/whitesoundibiza.com\/es\/wp-json\/wp\/v2\/product"}],"about":[{"href":"https:\/\/whitesoundibiza.com\/es\/wp-json\/wp\/v2\/types\/product"}],"wp:featuredmedia":[{"embeddable":true,"href":"https:\/\/whitesoundibiza.com\/es\/wp-json\/wp\/v2\/media\/48102"}],"wp:attachment":[{"href":"https:\/\/whitesoundibiza.com\/es\/wp-json\/wp\/v2\/media?parent=49144"}],"wp:term":[{"taxonomy":"product_brand","embeddable":true,"href":"https:\/\/whitesoundibiza.com\/es\/wp-json\/wp\/v2\/product_brand?post=49144"},{"taxonomy":"product_cat","embeddable":true,"href":"https:\/\/whitesoundibiza.com\/es\/wp-json\/wp\/v2\/product_cat?post=49144"},{"taxonomy":"product_tag","embeddable":true,"href":"https:\/\/whitesoundibiza.com\/es\/wp-json\/wp\/v2\/product_tag?post=49144"}],"curies":[{"name":"wp","href":"https:\/\/api.w.org\/{rel}","templated":true}]}}