{"id":49141,"date":"2025-02-08T00:55:41","date_gmt":"2025-02-08T00:55:41","guid":{"rendered":"https:\/\/whitesoundibiza.com\/producto\/audix-adx51\/"},"modified":"2025-08-09T15:43:32","modified_gmt":"2025-08-09T15:43:32","slug":"audix-adx51","status":"publish","type":"product","link":"https:\/\/whitesoundibiza.com\/es\/producto\/audix-adx51\/","title":{"rendered":"Audix ADX51"},"content":{"rendered":"<p class=\"\" data-start=\"699\" data-end=\"1032\">Cuando <strong data-start=\"708\" data-end=\"734\">alquilas el audix adx51 ibiza<\/strong>, te aseguras una soluci\u00f3n de micr\u00f3fono inal\u00e1mbrico para instrumentos.<br data-start=\"789\" data-end=\"792\">El ADX51 utiliza una c\u00e1psula cardioide [de condensador] con un alto manejo de SPL.<br data-start=\"857\" data-end=\"860\">Funciona en la banda UHF con una potencia de RF de hasta 50 mW.<br data-start=\"914\" data-end=\"917\">La c\u00e1psula del micr\u00f3fono se monta en los transmisores ADX de Audix.<br data-start=\"971\" data-end=\"974\">Se sujeta con precisi\u00f3n a los instrumentos mediante el clip modular.<\/p>\n<h3 class=\"\" data-start=\"1034\" data-end=\"1063\">Construcci\u00f3n y caracter\u00edsticas<\/h3>\n<p class=\"\" data-start=\"1064\" data-end=\"1545\">La c\u00e1psula ADX51 dispone de un elemento de condensador cardioide para una captura enfocada.<br data-start=\"1140\" data-end=\"1143\">Su respuesta en frecuencia abarca de 20 Hz a 18 kHz.<br data-start=\"1185\" data-end=\"1188\">Soporta SPL de hasta 145 dB sin distorsi\u00f3n.<br data-start=\"1235\" data-end=\"1238\">Un diafragma de baja masa garantiza una respuesta transitoria r\u00e1pida.<br data-start=\"1292\" data-end=\"1295\">Los contactos chapados en oro mantienen la integridad de la se\u00f1al a altas frecuencias.<br data-start=\"1362\" data-end=\"1365\">La c\u00e1psula se enrosca con seguridad en el transmisor de petaca ADX.<br data-start=\"1428\" data-end=\"1431\">La protecci\u00f3n contra sobrecargas protege la c\u00e1psula en condiciones de alta presi\u00f3n sonora.<br data-start=\"1496\" data-end=\"1499\">Para ver todas las [especificaciones], visita la p\u00e1gina de producto de Audix.<\/p>\n<h3 class=\"\" data-start=\"1547\" data-end=\"1576\">Instalaci\u00f3n y manejo<\/h3>\n<p class=\"\" data-start=\"1577\" data-end=\"1980\">Los t\u00e9cnicos montan la c\u00e1psula <strong data-start=\"1599\" data-end=\"1625\">rent audix adx51 ibiza<\/strong> en trompetas o saxofones.<br data-start=\"1660\" data-end=\"1663\">El clip se fija a los bordes de las campanas y queda firmemente sujeto.<br data-start=\"1714\" data-end=\"1717\">Gira la c\u00e1psula para conseguir una alineaci\u00f3n \u00f3ptima de los ejes.<br data-start=\"1763\" data-end=\"1766\">La unidad transmisora suministra alimentaci\u00f3n fantasma.<br data-start=\"1816\" data-end=\"1819\">No hay cables que lleguen al instrumento durante la actuaci\u00f3n.<br data-start=\"1870\" data-end=\"1873\">El sistema funciona sin cables mediante un enlace inal\u00e1mbrico UHF.<br data-start=\"1928\" data-end=\"1931\">La configuraci\u00f3n se realiza en menos de dos minutos con un m\u00ednimo de herramientas.<\/p>\n<h3 class=\"\" data-start=\"1982\" data-end=\"2013\">Rendimiento y fiabilidad<\/h3>\n<p class=\"\" data-start=\"2014\" data-end=\"2409\">Las pruebas de campo demuestran una respuesta en frecuencia estable en largos recorridos.<br data-start=\"2072\" data-end=\"2075\">El funcionamiento inal\u00e1mbrico es claro y con m\u00ednimas interferencias.<br data-start=\"2132\" data-end=\"2135\">El patr\u00f3n cardioide rechaza eficazmente las interferencias del escenario.<br data-start=\"2188\" data-end=\"2191\">El manejo del SPL conserva el detalle en los pasajes de metales fuertes.<br data-start=\"2244\" data-end=\"2247\">La duraci\u00f3n de la pila alcanza las ocho horas en los bodypacks ADX.<br data-start=\"2297\" data-end=\"2300\">La robusta c\u00e1psula resiste el uso repetido en el escenario.<br data-start=\"2346\" data-end=\"2349\">El parabrisas sustituible reduce el ruido del viento en los espect\u00e1culos al aire libre.<\/p>\n<h3 class=\"\" data-start=\"2411\" data-end=\"2441\">Aplicaciones y casos de uso<\/h3>\n<p class=\"\" data-start=\"2442\" data-end=\"2902\">Ideal para la captura en directo de metales, viento-madera y percusi\u00f3n.<br data-start=\"2497\" data-end=\"2500\">Las bandas lo utilizan para actuaciones de trompeta, saxof\u00f3n y tromb\u00f3n.<br data-start=\"2563\" data-end=\"2566\">Los m\u00fasicos de sesi\u00f3n aprecian su claridad a nivel de estudio.<br data-start=\"2620\" data-end=\"2623\">Las producciones teatrales conf\u00edan en la movilidad sin cables en el escenario.<br data-start=\"2680\" data-end=\"2683\">Los escenarios de festivales se benefician de la fiable conexi\u00f3n inal\u00e1mbrica.<br data-start=\"2739\" data-end=\"2742\">Comb\u00ednalo con nuestros <a class=\"cursor-pointer\" rel=\"noopener\" data-start=\"2839\" data-end=\"2881\">alquileres de micr\u00f3fonos<\/a> <a class=\"cursor-pointer\" rel=\"noopener\" data-start=\"2759\" data-end=\"2804\">inal\u00e1mbricos<\/a> para obtener kits completos.<br data-start=\"2819\" data-end=\"2822\">Comb\u00ednalo con nuestros alquileres de micr\u00f3fonos para obtener configuraciones completas.<\/p>\n<h3 class=\"\" data-start=\"2904\" data-end=\"2926\">Alquiler y asistencia<\/h3>\n<p class=\"\" data-start=\"2927\" data-end=\"3258\">White Sound Ibiza ofrece un servicio completo cuando <strong data-start=\"2974\" data-end=\"3000\">alquilas audix adx51 ibiza<\/strong>.<br data-start=\"3001\" data-end=\"3004\">Nos encargamos de la entrega, la configuraci\u00f3n y la coordinaci\u00f3n de frecuencias.<br data-start=\"3058\" data-end=\"3061\">Nuestros t\u00e9cnicos alinean de forma \u00f3ptima el enlace inal\u00e1mbrico in situ.<br data-start=\"3119\" data-end=\"3122\">\u00a1Reserva ahora para asegurarte esta soluci\u00f3n de micr\u00f3fono para instrumentos de primer nivel!<\/p>\n<style id=\"wpforms-css-vars-1077\">\n\t\t\t\t#wpforms-1077 {\n\t\t\t\t\n\t\t\t}\n\t\t\t<\/style><div class=\"wpforms-container wpforms-container-full wpforms-render-modern\" id=\"wpforms-1077\"><form id=\"wpforms-form-1077\" class=\"wpforms-validate wpforms-form wpforms-ajax-form\" data-formid=\"1077\" method=\"post\" enctype=\"multipart\/form-data\" action=\"\/es\/wp-json\/wp\/v2\/product\/49141\" data-token=\"3226e0a250e6f7c25196f378956ee31f\" data-token-time=\"1775735146\"><noscript class=\"wpforms-error-noscript\">Por favor, activa JavaScript en tu navegador para completar este formulario.<\/noscript><div id=\"wpforms-error-noscript\" style=\"display: none;\">Por favor, activa JavaScript en tu navegador para completar este formulario.<\/div><div class=\"wpforms-field-container\"><div id=\"wpforms-1077-field_0-container\" class=\"wpforms-field wpforms-field-name\" data-field-id=\"0\"><fieldset><legend class=\"wpforms-field-label\">Nombre <span class=\"wpforms-required-label\" aria-hidden=\"true\">*<\/span><\/legend><div class=\"wpforms-field-row wpforms-field-medium\"><div class=\"wpforms-field-row-block wpforms-first wpforms-one-half\"><input type=\"text\" id=\"wpforms-1077-field_0\" class=\"wpforms-field-name-first wpforms-field-required\" name=\"wpforms[fields][0][first]\" placeholder=\"Nombre\" aria-errormessage=\"wpforms-1077-field_0-error\" required><label for=\"wpforms-1077-field_0\" class=\"wpforms-field-sublabel after wpforms-sublabel-hide\">Nombre<\/label><\/div><div class=\"wpforms-field-row-block wpforms-one-half\"><input type=\"text\" id=\"wpforms-1077-field_0-last\" class=\"wpforms-field-name-last wpforms-field-required\" name=\"wpforms[fields][0][last]\" placeholder=\"Apellidos\" aria-errormessage=\"wpforms-1077-field_0-last-error\" required><label for=\"wpforms-1077-field_0-last\" class=\"wpforms-field-sublabel after wpforms-sublabel-hide\">Apellidos<\/label><\/div><\/div><\/fieldset><\/div><div id=\"wpforms-1077-field_7-container\" class=\"wpforms-field wpforms-field-layout\" data-field-id=\"7\"><div class=\"wpforms-field-layout-columns wpforms-field-layout-preset-50-50\"><div class=\"wpforms-layout-column wpforms-layout-column-50\" ><div id=\"wpforms-1077-field_1-container\" class=\"wpforms-field wpforms-field-email\" data-field-id=\"1\"><label class=\"wpforms-field-label\" for=\"wpforms-1077-field_1\">Env\u00eda un correo electr\u00f3nico a <span class=\"wpforms-required-label\" aria-hidden=\"true\">*<\/span><\/label><input type=\"email\" id=\"wpforms-1077-field_1\" class=\"wpforms-field-medium wpforms-field-required\" name=\"wpforms[fields][1]\" spellcheck=\"false\" aria-errormessage=\"wpforms-1077-field_1-error\" required><\/div><\/div><div class=\"wpforms-layout-column wpforms-layout-column-50\" ><div id=\"wpforms-1077-field_8-container\" class=\"wpforms-field wpforms-field-phone\" data-field-id=\"8\"><label class=\"wpforms-field-label\" for=\"wpforms-1077-field_8\">N\u00famero de tel\u00e9fono <span class=\"wpforms-required-label\" aria-hidden=\"true\">*<\/span><\/label><input type=\"tel\" id=\"wpforms-1077-field_8\" class=\"wpforms-field-medium wpforms-field-required wpforms-smart-phone-field\" data-rule-smart-phone-field=\"true\" name=\"wpforms[fields][8]\" aria-label=\"N\u00famero de tel\u00e9fono\" aria-errormessage=\"wpforms-1077-field_8-error\" required><\/div><\/div><\/div><\/div>\t\t<div id=\"wpforms-1077-field_3-container\"\n\t\t\tclass=\"wpforms-field wpforms-field-text\"\n\t\t\tdata-field-type=\"text\"\n\t\t\tdata-field-id=\"3\"\n\t\t\t>\n\t\t\t<label class=\"wpforms-field-label\" for=\"wpforms-1077-field_3\" >correo Dise\u00f1o N\u00famero<\/label>\n\t\t\t<input type=\"text\" id=\"wpforms-1077-field_3\" class=\"wpforms-field-medium\" name=\"wpforms[fields][3]\" >\n\t\t<\/div>\n\t\t<div id=\"wpforms-1077-field_10-container\" class=\"wpforms-field wpforms-field-layout\" data-field-id=\"10\"><div class=\"wpforms-field-layout-columns wpforms-field-layout-preset-50-50\"><div class=\"wpforms-layout-column wpforms-layout-column-50\" ><div id=\"wpforms-1077-field_4-container\" class=\"wpforms-field wpforms-field-date-time\" data-field-id=\"4\"><label class=\"wpforms-field-label\" for=\"wpforms-1077-field_4\">Desde<\/label><div class=\"wpforms-datepicker-wrap\"><input type=\"text\" id=\"wpforms-1077-field_4\" class=\"wpforms-field-date-time-date wpforms-datepicker wpforms-field-small\" data-date-format=\"m\/d\/Y\" data-disable-past-dates=\"0\" data-input=\"true\" name=\"wpforms[fields][4][date]\" aria-errormessage=\"wpforms-1077-field_4-error\" ><a title=\"Borrar fecha\" data-clear role=\"button\" tabindex=\"0\" class=\"wpforms-datepicker-clear\" aria-label=\"Borrar fecha\" style=\"display:none;\"><\/a><\/div><\/div><\/div><div class=\"wpforms-layout-column wpforms-layout-column-50\" ><div id=\"wpforms-1077-field_9-container\" class=\"wpforms-field wpforms-field-date-time\" data-field-id=\"9\"><label class=\"wpforms-field-label\" for=\"wpforms-1077-field_9\">Hasta<\/label><div class=\"wpforms-datepicker-wrap\"><input type=\"text\" id=\"wpforms-1077-field_9\" class=\"wpforms-field-date-time-date wpforms-datepicker wpforms-field-small\" data-date-format=\"m\/d\/Y\" data-disable-past-dates=\"0\" data-input=\"true\" name=\"wpforms[fields][9][date]\" aria-errormessage=\"wpforms-1077-field_9-error\" ><a title=\"Borrar fecha\" data-clear role=\"button\" tabindex=\"0\" class=\"wpforms-datepicker-clear\" aria-label=\"Borrar fecha\" style=\"display:none;\"><\/a><\/div><\/div><\/div><\/div><\/div><div id=\"wpforms-1077-field_2-container\" class=\"wpforms-field wpforms-field-textarea\" data-field-id=\"2\"><label class=\"wpforms-field-label\" for=\"wpforms-1077-field_2\">Mensaje<\/label><textarea id=\"wpforms-1077-field_2\" class=\"wpforms-field-medium\" name=\"wpforms[fields][2]\" placeholder=\"\u00bfC\u00f3mo podemos ayudarte?\" aria-errormessage=\"wpforms-1077-field_2-error\" ><\/textarea><\/div><script>\n\t\t\t\t( function() {\n\t\t\t\t\tconst style = document.createElement( 'style' );\n\t\t\t\t\tstyle.appendChild( document.createTextNode( '#wpforms-1077-field_3-container { position: absolute !important; overflow: hidden !important; display: inline !important; height: 1px !important; width: 1px !important; z-index: -1000 !important; padding: 0 !important; } #wpforms-1077-field_3-container input { visibility: hidden; } #wpforms-conversational-form-page #wpforms-1077-field_3-container label { counter-increment: none; }' ) );\n\t\t\t\t\tdocument.head.appendChild( style );\n\t\t\t\t\tdocument.currentScript?.remove();\n\t\t\t\t} )();\n\t\t\t<\/script><\/div><!-- .wpforms-field-container --><div class=\"wpforms-recaptcha-container wpforms-is-recaptcha wpforms-is-recaptcha-type-v2\" ><div class=\"g-recaptcha\" data-sitekey=\"6LeS7gEkAAAAAO-EsXRwxTakHs6Q_9Z0rQYHkIS5\"><\/div><input type=\"text\" name=\"g-recaptcha-hidden\" class=\"wpforms-recaptcha-hidden\" style=\"position:absolute!important;clip:rect(0,0,0,0)!important;height:1px!important;width:1px!important;border:0!important;overflow:hidden!important;padding:0!important;margin:0!important;\" data-rule-recaptcha=\"1\"><\/div><div class=\"wpforms-submit-container\" ><input type=\"hidden\" name=\"wpforms[id]\" value=\"1077\"><input type=\"hidden\" name=\"page_title\" value=\"\"><input type=\"hidden\" name=\"page_url\" value=\"https:\/\/whitesoundibiza.com\/es\/wp-json\/wp\/v2\/product\/49141\"><input type=\"hidden\" name=\"url_referer\" value=\"\"><button type=\"submit\" name=\"wpforms[submit]\" id=\"wpforms-submit-1077\" class=\"wpforms-submit\" data-alt-text=\"Enviando...\" data-submit-text=\"Env\u00eda\" aria-live=\"assertive\" value=\"wpforms-submit\">Env\u00eda<\/button><img decoding=\"async\" src=\"https:\/\/whitesoundibiza.com\/wp-content\/plugins\/wpforms\/assets\/images\/submit-spin.svg\" class=\"wpforms-submit-spinner\" style=\"display: none;\" width=\"26\" height=\"26\" alt=\"Cargando\"><\/div><\/form><\/div>  <!-- .wpforms-container -->\n","protected":false},"excerpt":{"rendered":"<p class=\"\" data-start=\"321\" data-end=\"520\">C\u00e1psula de micr\u00f3fono de condensador cardioide inal\u00e1mbrico para instrumentos, funcionamiento UHF, montaje modular de pinza, respuesta de 20 Hz-18 kHz y manejo de 145 dB SPL, ideal para viento-metal y viento-madera sin cables.<\/p>\n<p class=\"\" data-start=\"522\" data-end=\"661\">\n","protected":false},"featured_media":48099,"template":"","meta":{"_joinchat":[]},"product_brand":[],"product_cat":[172],"product_tag":[],"class_list":{"0":"post-49141","1":"product","2":"type-product","3":"status-publish","4":"has-post-thumbnail","6":"product_cat-instrumento","8":"first","9":"instock","10":"taxable","11":"shipping-taxable","12":"purchasable","13":"product-type-rentable"},"yoast_head":"<!-- This site is optimized with the Yoast SEO plugin v27.3 - https:\/\/yoast.com\/product\/yoast-seo-wordpress\/ -->\n<title>Alquilar Audix ADX51 Micr\u00f3fono Inal\u00e1mbrico Ibiza | White Sound Ibiza<\/title>\n<meta name=\"description\" content=\"Alquila el micro inal\u00e1mbrico Audix ADX51 en Ibiza en White Sound Ibiza. C\u00e1psula de condensador cardioide, inal\u00e1mbrico UHF, pinza modular y manejo de alto SPL. \u00a1Reserva ahora!\" \/>\n<meta name=\"robots\" content=\"index, follow, max-snippet:-1, max-image-preview:large, max-video-preview:-1\" \/>\n<link rel=\"canonical\" href=\"https:\/\/whitesoundibiza.com\/es\/producto\/audix-adx51\/\" \/>\n<meta property=\"og:locale\" content=\"es_ES\" \/>\n<meta property=\"og:type\" content=\"article\" \/>\n<meta property=\"og:title\" content=\"Alquilar Audix ADX51 Micr\u00f3fono Inal\u00e1mbrico Ibiza | White Sound Ibiza\" \/>\n<meta property=\"og:description\" content=\"Alquila el micro inal\u00e1mbrico Audix ADX51 en Ibiza en White Sound Ibiza. C\u00e1psula de condensador cardioide, inal\u00e1mbrico UHF, pinza modular y manejo de alto SPL. \u00a1Reserva ahora!\" \/>\n<meta property=\"og:url\" content=\"https:\/\/whitesoundibiza.com\/es\/producto\/audix-adx51\/\" \/>\n<meta property=\"og:site_name\" content=\"White Sound Ibiza - Delivering Fun\" \/>\n<meta property=\"article:modified_time\" content=\"2025-08-09T15:43:32+00:00\" \/>\n<meta property=\"og:image\" content=\"https:\/\/whitesoundibiza.com\/wp-content\/uploads\/2025\/02\/adx51.jpeg\" \/>\n\t<meta property=\"og:image:width\" content=\"800\" \/>\n\t<meta property=\"og:image:height\" content=\"800\" \/>\n\t<meta property=\"og:image:type\" content=\"image\/jpeg\" \/>\n<meta name=\"twitter:card\" content=\"summary_large_image\" \/>\n<meta name=\"twitter:label1\" content=\"Tiempo de lectura\" \/>\n\t<meta name=\"twitter:data1\" content=\"3 minutos\" \/>\n<script type=\"application\/ld+json\" class=\"yoast-schema-graph\">{\"@context\":\"https:\\\/\\\/schema.org\",\"@graph\":[{\"@type\":\"WebPage\",\"@id\":\"https:\\\/\\\/whitesoundibiza.com\\\/es\\\/producto\\\/audix-adx51\\\/\",\"url\":\"https:\\\/\\\/whitesoundibiza.com\\\/es\\\/producto\\\/audix-adx51\\\/\",\"name\":\"Alquilar Audix ADX51 Micr\u00f3fono Inal\u00e1mbrico Ibiza | White Sound Ibiza\",\"isPartOf\":{\"@id\":\"https:\\\/\\\/whitesoundibiza.com\\\/es\\\/#website\"},\"primaryImageOfPage\":{\"@id\":\"https:\\\/\\\/whitesoundibiza.com\\\/es\\\/producto\\\/audix-adx51\\\/#primaryimage\"},\"image\":{\"@id\":\"https:\\\/\\\/whitesoundibiza.com\\\/es\\\/producto\\\/audix-adx51\\\/#primaryimage\"},\"thumbnailUrl\":\"https:\\\/\\\/whitesoundibiza.com\\\/wp-content\\\/uploads\\\/2025\\\/02\\\/adx51.jpeg\",\"datePublished\":\"2025-02-08T00:55:41+00:00\",\"dateModified\":\"2025-08-09T15:43:32+00:00\",\"description\":\"Alquila el micro inal\u00e1mbrico Audix ADX51 en Ibiza en White Sound Ibiza. C\u00e1psula de condensador cardioide, inal\u00e1mbrico UHF, pinza modular y manejo de alto SPL. \u00a1Reserva ahora!\",\"breadcrumb\":{\"@id\":\"https:\\\/\\\/whitesoundibiza.com\\\/es\\\/producto\\\/audix-adx51\\\/#breadcrumb\"},\"inLanguage\":\"es\",\"potentialAction\":[{\"@type\":\"ReadAction\",\"target\":[\"https:\\\/\\\/whitesoundibiza.com\\\/es\\\/producto\\\/audix-adx51\\\/\"]}]},{\"@type\":\"ImageObject\",\"inLanguage\":\"es\",\"@id\":\"https:\\\/\\\/whitesoundibiza.com\\\/es\\\/producto\\\/audix-adx51\\\/#primaryimage\",\"url\":\"https:\\\/\\\/whitesoundibiza.com\\\/wp-content\\\/uploads\\\/2025\\\/02\\\/adx51.jpeg\",\"contentUrl\":\"https:\\\/\\\/whitesoundibiza.com\\\/wp-content\\\/uploads\\\/2025\\\/02\\\/adx51.jpeg\",\"width\":800,\"height\":800,\"caption\":\"C\u00e1psula de micr\u00f3fono inal\u00e1mbrica para instrumentos Audix ADX51 con pinza modular disponible para alquilar en Ibiza en White Sound Ibiza\"},{\"@type\":\"BreadcrumbList\",\"@id\":\"https:\\\/\\\/whitesoundibiza.com\\\/es\\\/producto\\\/audix-adx51\\\/#breadcrumb\",\"itemListElement\":[{\"@type\":\"ListItem\",\"position\":1,\"name\":\"Portada\",\"item\":\"https:\\\/\\\/whitesoundibiza.com\\\/es\\\/\"},{\"@type\":\"ListItem\",\"position\":2,\"name\":\"Tienda\",\"item\":\"https:\\\/\\\/whitesoundibiza.com\\\/es\\\/tienda\\\/\"},{\"@type\":\"ListItem\",\"position\":3,\"name\":\"Audix ADX51\"}]},{\"@type\":\"WebSite\",\"@id\":\"https:\\\/\\\/whitesoundibiza.com\\\/es\\\/#website\",\"url\":\"https:\\\/\\\/whitesoundibiza.com\\\/es\\\/\",\"name\":\"White Sound Ibiza\",\"description\":\"Rent Speakers in Ibiza\",\"publisher\":{\"@id\":\"https:\\\/\\\/whitesoundibiza.com\\\/es\\\/#organization\"},\"potentialAction\":[{\"@type\":\"SearchAction\",\"target\":{\"@type\":\"EntryPoint\",\"urlTemplate\":\"https:\\\/\\\/whitesoundibiza.com\\\/es\\\/?s={search_term_string}\"},\"query-input\":{\"@type\":\"PropertyValueSpecification\",\"valueRequired\":true,\"valueName\":\"search_term_string\"}}],\"inLanguage\":\"es\"},{\"@type\":\"Organization\",\"@id\":\"https:\\\/\\\/whitesoundibiza.com\\\/es\\\/#organization\",\"name\":\"White Sound Ibiza\",\"url\":\"https:\\\/\\\/whitesoundibiza.com\\\/es\\\/\",\"logo\":{\"@type\":\"ImageObject\",\"inLanguage\":\"es\",\"@id\":\"https:\\\/\\\/whitesoundibiza.com\\\/es\\\/#\\\/schema\\\/logo\\\/image\\\/\",\"url\":\"https:\\\/\\\/whitesoundibiza.com\\\/wp-content\\\/uploads\\\/2025\\\/05\\\/ws_logo.jpg\",\"contentUrl\":\"https:\\\/\\\/whitesoundibiza.com\\\/wp-content\\\/uploads\\\/2025\\\/05\\\/ws_logo.jpg\",\"width\":800,\"height\":235,\"caption\":\"White Sound Ibiza\"},\"image\":{\"@id\":\"https:\\\/\\\/whitesoundibiza.com\\\/es\\\/#\\\/schema\\\/logo\\\/image\\\/\"}}]}<\/script>\n<!-- \/ Yoast SEO plugin. -->","yoast_head_json":{"title":"Alquilar Audix ADX51 Micr\u00f3fono Inal\u00e1mbrico Ibiza | White Sound Ibiza","description":"Alquila el micro inal\u00e1mbrico Audix ADX51 en Ibiza en White Sound Ibiza. C\u00e1psula de condensador cardioide, inal\u00e1mbrico UHF, pinza modular y manejo de alto SPL. \u00a1Reserva ahora!","robots":{"index":"index","follow":"follow","max-snippet":"max-snippet:-1","max-image-preview":"max-image-preview:large","max-video-preview":"max-video-preview:-1"},"canonical":"https:\/\/whitesoundibiza.com\/es\/producto\/audix-adx51\/","og_locale":"es_ES","og_type":"article","og_title":"Alquilar Audix ADX51 Micr\u00f3fono Inal\u00e1mbrico Ibiza | White Sound Ibiza","og_description":"Alquila el micro inal\u00e1mbrico Audix ADX51 en Ibiza en White Sound Ibiza. C\u00e1psula de condensador cardioide, inal\u00e1mbrico UHF, pinza modular y manejo de alto SPL. \u00a1Reserva ahora!","og_url":"https:\/\/whitesoundibiza.com\/es\/producto\/audix-adx51\/","og_site_name":"White Sound Ibiza - Delivering Fun","article_modified_time":"2025-08-09T15:43:32+00:00","og_image":[{"width":800,"height":800,"url":"https:\/\/whitesoundibiza.com\/wp-content\/uploads\/2025\/02\/adx51.jpeg","type":"image\/jpeg"}],"twitter_card":"summary_large_image","twitter_misc":{"Tiempo de lectura":"3 minutos"},"schema":{"@context":"https:\/\/schema.org","@graph":[{"@type":"WebPage","@id":"https:\/\/whitesoundibiza.com\/es\/producto\/audix-adx51\/","url":"https:\/\/whitesoundibiza.com\/es\/producto\/audix-adx51\/","name":"Alquilar Audix ADX51 Micr\u00f3fono Inal\u00e1mbrico Ibiza | White Sound Ibiza","isPartOf":{"@id":"https:\/\/whitesoundibiza.com\/es\/#website"},"primaryImageOfPage":{"@id":"https:\/\/whitesoundibiza.com\/es\/producto\/audix-adx51\/#primaryimage"},"image":{"@id":"https:\/\/whitesoundibiza.com\/es\/producto\/audix-adx51\/#primaryimage"},"thumbnailUrl":"https:\/\/whitesoundibiza.com\/wp-content\/uploads\/2025\/02\/adx51.jpeg","datePublished":"2025-02-08T00:55:41+00:00","dateModified":"2025-08-09T15:43:32+00:00","description":"Alquila el micro inal\u00e1mbrico Audix ADX51 en Ibiza en White Sound Ibiza. C\u00e1psula de condensador cardioide, inal\u00e1mbrico UHF, pinza modular y manejo de alto SPL. \u00a1Reserva ahora!","breadcrumb":{"@id":"https:\/\/whitesoundibiza.com\/es\/producto\/audix-adx51\/#breadcrumb"},"inLanguage":"es","potentialAction":[{"@type":"ReadAction","target":["https:\/\/whitesoundibiza.com\/es\/producto\/audix-adx51\/"]}]},{"@type":"ImageObject","inLanguage":"es","@id":"https:\/\/whitesoundibiza.com\/es\/producto\/audix-adx51\/#primaryimage","url":"https:\/\/whitesoundibiza.com\/wp-content\/uploads\/2025\/02\/adx51.jpeg","contentUrl":"https:\/\/whitesoundibiza.com\/wp-content\/uploads\/2025\/02\/adx51.jpeg","width":800,"height":800,"caption":"C\u00e1psula de micr\u00f3fono inal\u00e1mbrica para instrumentos Audix ADX51 con pinza modular disponible para alquilar en Ibiza en White Sound Ibiza"},{"@type":"BreadcrumbList","@id":"https:\/\/whitesoundibiza.com\/es\/producto\/audix-adx51\/#breadcrumb","itemListElement":[{"@type":"ListItem","position":1,"name":"Portada","item":"https:\/\/whitesoundibiza.com\/es\/"},{"@type":"ListItem","position":2,"name":"Tienda","item":"https:\/\/whitesoundibiza.com\/es\/tienda\/"},{"@type":"ListItem","position":3,"name":"Audix ADX51"}]},{"@type":"WebSite","@id":"https:\/\/whitesoundibiza.com\/es\/#website","url":"https:\/\/whitesoundibiza.com\/es\/","name":"White Sound Ibiza","description":"Rent Speakers in Ibiza","publisher":{"@id":"https:\/\/whitesoundibiza.com\/es\/#organization"},"potentialAction":[{"@type":"SearchAction","target":{"@type":"EntryPoint","urlTemplate":"https:\/\/whitesoundibiza.com\/es\/?s={search_term_string}"},"query-input":{"@type":"PropertyValueSpecification","valueRequired":true,"valueName":"search_term_string"}}],"inLanguage":"es"},{"@type":"Organization","@id":"https:\/\/whitesoundibiza.com\/es\/#organization","name":"White Sound Ibiza","url":"https:\/\/whitesoundibiza.com\/es\/","logo":{"@type":"ImageObject","inLanguage":"es","@id":"https:\/\/whitesoundibiza.com\/es\/#\/schema\/logo\/image\/","url":"https:\/\/whitesoundibiza.com\/wp-content\/uploads\/2025\/05\/ws_logo.jpg","contentUrl":"https:\/\/whitesoundibiza.com\/wp-content\/uploads\/2025\/05\/ws_logo.jpg","width":800,"height":235,"caption":"White Sound Ibiza"},"image":{"@id":"https:\/\/whitesoundibiza.com\/es\/#\/schema\/logo\/image\/"}}]}},"_links":{"self":[{"href":"https:\/\/whitesoundibiza.com\/es\/wp-json\/wp\/v2\/product\/49141","targetHints":{"allow":["GET"]}}],"collection":[{"href":"https:\/\/whitesoundibiza.com\/es\/wp-json\/wp\/v2\/product"}],"about":[{"href":"https:\/\/whitesoundibiza.com\/es\/wp-json\/wp\/v2\/types\/product"}],"wp:featuredmedia":[{"embeddable":true,"href":"https:\/\/whitesoundibiza.com\/es\/wp-json\/wp\/v2\/media\/48099"}],"wp:attachment":[{"href":"https:\/\/whitesoundibiza.com\/es\/wp-json\/wp\/v2\/media?parent=49141"}],"wp:term":[{"taxonomy":"product_brand","embeddable":true,"href":"https:\/\/whitesoundibiza.com\/es\/wp-json\/wp\/v2\/product_brand?post=49141"},{"taxonomy":"product_cat","embeddable":true,"href":"https:\/\/whitesoundibiza.com\/es\/wp-json\/wp\/v2\/product_cat?post=49141"},{"taxonomy":"product_tag","embeddable":true,"href":"https:\/\/whitesoundibiza.com\/es\/wp-json\/wp\/v2\/product_tag?post=49141"}],"curies":[{"name":"wp","href":"https:\/\/api.w.org\/{rel}","templated":true}]}}