{"id":49137,"date":"2025-02-08T00:55:41","date_gmt":"2025-02-08T00:55:41","guid":{"rendered":"https:\/\/whitesoundibiza.com\/producto\/akg-414xls\/"},"modified":"2025-08-09T15:43:24","modified_gmt":"2025-08-09T15:43:24","slug":"akg-414xls","status":"publish","type":"product","link":"https:\/\/whitesoundibiza.com\/es\/producto\/akg-414xls\/","title":{"rendered":"AKG 414Xls"},"content":{"rendered":"<p class=\"\" data-start=\"653\" data-end=\"1064\">Cuando <strong data-start=\"662\" data-end=\"687\">alquilas un akg 414xls ibiza<\/strong>, obtienes un micr\u00f3fono de condensador profesional.<br data-start=\"726\" data-end=\"729\">Este micr\u00f3fono capta un sonido detallado de 20 Hz-20 kHz.<br data-start=\"787\" data-end=\"790\">Ofrece nueve patrones polares seleccionables para una grabaci\u00f3n vers\u00e1til.<br data-start=\"855\" data-end=\"858\">Las almohadillas dobles a 20 dB y 10 dB manejan altos niveles de presi\u00f3n sonora sin recortes.<br data-start=\"920\" data-end=\"923\">El filtro de corte de graves reduce el ruido sordo no deseado y el efecto de proximidad.<br data-start=\"987\" data-end=\"990\">La respuesta de frecuencia neutra ofrece una captura de la fuente transparente en todo momento.<\/p>\n<h3 class=\"\" data-start=\"1066\" data-end=\"1095\">Construcci\u00f3n y caracter\u00edsticas<\/h3>\n<p class=\"\" data-start=\"1096\" data-end=\"1572\">El C414 XLS utiliza una <a class=\"\" href=\"https:\/\/en.wikipedia.org\/wiki\/Microphone_capsule\" target=\"_new\" rel=\"noopener\" data-start=\"1147\" data-end=\"1206\">c\u00e1psula<\/a> de gran diafragma pulverizada en oro para una claridad excepcional.<br data-start=\"1231\" data-end=\"1234\">Su cuerpo de lat\u00f3n niquelado soporta las duras exigencias de las giras.<br data-start=\"1296\" data-end=\"1299\">Los interruptores chapados en oro garantizan una fiabilidad a largo plazo en condiciones de uso frecuente.<br data-start=\"1368\" data-end=\"1371\">Un anillo LED muestra claramente los ajustes de filtros y almohadillas activos.<br data-start=\"1428\" data-end=\"1431\">El soporte antivibratorio y la pantalla antiviento incluidos protegen el micro de los ruidos de manipulaci\u00f3n.<br data-start=\"1503\" data-end=\"1506\">Un robusto malet\u00edn de transporte mantiene todos los componentes a salvo durante el transporte.<\/p>\n<h3 class=\"\" data-start=\"1574\" data-end=\"1603\">Instalaci\u00f3n y manejo<\/h3>\n<p class=\"\" data-start=\"1604\" data-end=\"1998\">Los t\u00e9cnicos lo montan f\u00e1cilmente en cualquier soporte antivibratorio est\u00e1ndar de 3\/8\u2033.<br data-start=\"1665\" data-end=\"1668\">El soporte antivibratorio suministrado absorbe las vibraciones y el ruido de manipulaci\u00f3n.<br data-start=\"1731\" data-end=\"1734\">Luego alinean la c\u00e1psula con precisi\u00f3n a la fuente de sonido.<br data-start=\"1792\" data-end=\"1795\">Con\u00e9ctalo mediante un cable XLR a mezcladores o interfaces de audio sin problemas.<br data-start=\"1858\" data-end=\"1861\">Acciona el interruptor de atenuaci\u00f3n o de graves para realizar ajustes sobre la marcha.<br data-start=\"1919\" data-end=\"1922\">Comb\u00ednalo con nuestros <a class=\"cursor-pointer\" rel=\"noopener\" data-start=\"1939\" data-end=\"1981\">micr\u00f3fonos de alquiler<\/a> para configuraciones completas.<\/p>\n<h3 class=\"\" data-start=\"2000\" data-end=\"2031\">Rendimiento y fiabilidad<\/h3>\n<p class=\"\" data-start=\"2032\" data-end=\"2439\">Cuando <strong data-start=\"2041\" data-end=\"2066\">alquilas un akg 414xls ibiza<\/strong>, esperas una precisi\u00f3n de estudio constante.<br data-start=\"2106\" data-end=\"2109\">La respuesta en frecuencia se mantiene dentro de \u00b11 dB en la mayor parte de su rango.<br data-start=\"2172\" data-end=\"2175\">El ruido propio mide menos de 13 dB(A), perfecto para fuentes silenciosas.<br data-start=\"2237\" data-end=\"2240\">El micro soporta SPL de hasta 158 dB sin distorsi\u00f3n.<br data-start=\"2292\" data-end=\"2295\">Los patrones cardioide, omnidireccional y de figura 8 seleccionables minimizan el sangrado.<br data-start=\"2370\" data-end=\"2373\">Construido para soportar la humedad y los cambios de temperatura en giras constantes.<\/p>\n<h3 class=\"\" data-start=\"2441\" data-end=\"2471\">Aplicaciones y casos de uso<\/h3>\n<p class=\"\" data-start=\"2472\" data-end=\"2885\">Ideal para voces, guitarras ac\u00fasticas y overheads de bater\u00eda.<br data-start=\"2527\" data-end=\"2530\">Los ingenieros de grabaci\u00f3n lo utilizan con pianos e instrumentos de cuerda.<br data-start=\"2592\" data-end=\"2595\">Los locutores conf\u00edan en su claridad para di\u00e1logos y entrevistas.<br data-start=\"2654\" data-end=\"2657\">Los podcasters aprecian su respuesta plana y su bajo nivel de ruido propio.<br data-start=\"2716\" data-end=\"2719\">Comb\u00ednalo con nuestros <a class=\"cursor-pointer\" rel=\"noopener\" data-start=\"2736\" data-end=\"2786\">monitores de estudio en alquiler<\/a> para mezclas.<br data-start=\"2798\" data-end=\"2801\">Util\u00edzalo con nuestras <a class=\"cursor-pointer\" rel=\"noopener\" data-start=\"2814\" data-end=\"2866\">interfaces de audio en alquiler<\/a> para flujos de trabajo DAW.<\/p>\n<h3 class=\"\" data-start=\"2887\" data-end=\"2909\">Alquiler y asistencia<\/h3>\n<p class=\"\" data-start=\"2910\" data-end=\"3274\">White Sound Ibiza se encarga de la entrega, la configuraci\u00f3n y la prueba de cada unidad.<br data-start=\"2978\" data-end=\"2981\">Nuestros t\u00e9cnicos verifican in situ la integridad de la c\u00e1psula y el funcionamiento de los interruptores.<br data-start=\"3055\" data-end=\"3058\">Las opciones flexibles de recogida y devoluci\u00f3n se adaptan a tus horarios.<br data-start=\"3192\" data-end=\"3195\">\u00a1Reserva ahora para <strong data-start=\"3207\" data-end=\"3232\">alquilar akg 414xls ibiza<\/strong> y conseguir grabaciones con calidad de referencia!<\/p>\n<style id=\"wpforms-css-vars-1077\">\n\t\t\t\t#wpforms-1077 {\n\t\t\t\t\n\t\t\t}\n\t\t\t<\/style><div class=\"wpforms-container wpforms-container-full wpforms-render-modern\" id=\"wpforms-1077\"><form id=\"wpforms-form-1077\" class=\"wpforms-validate wpforms-form wpforms-ajax-form\" data-formid=\"1077\" method=\"post\" enctype=\"multipart\/form-data\" action=\"\/es\/wp-json\/wp\/v2\/product\/49137\" data-token=\"cbe6960b9514cc563fd93a9a710c30ba\" data-token-time=\"1775562332\"><noscript class=\"wpforms-error-noscript\">Por favor, activa JavaScript en tu navegador para completar este formulario.<\/noscript><div id=\"wpforms-error-noscript\" style=\"display: none;\">Por favor, activa JavaScript en tu navegador para completar este formulario.<\/div><div class=\"wpforms-field-container\"><div id=\"wpforms-1077-field_0-container\" class=\"wpforms-field wpforms-field-name\" data-field-id=\"0\"><fieldset><legend class=\"wpforms-field-label\">Nombre <span class=\"wpforms-required-label\" aria-hidden=\"true\">*<\/span><\/legend><div class=\"wpforms-field-row wpforms-field-medium\"><div class=\"wpforms-field-row-block wpforms-first wpforms-one-half\"><input type=\"text\" id=\"wpforms-1077-field_0\" class=\"wpforms-field-name-first wpforms-field-required\" name=\"wpforms[fields][0][first]\" placeholder=\"Nombre\" aria-errormessage=\"wpforms-1077-field_0-error\" required><label for=\"wpforms-1077-field_0\" class=\"wpforms-field-sublabel after wpforms-sublabel-hide\">Nombre<\/label><\/div><div class=\"wpforms-field-row-block wpforms-one-half\"><input type=\"text\" id=\"wpforms-1077-field_0-last\" class=\"wpforms-field-name-last wpforms-field-required\" name=\"wpforms[fields][0][last]\" placeholder=\"Apellidos\" aria-errormessage=\"wpforms-1077-field_0-last-error\" required><label for=\"wpforms-1077-field_0-last\" class=\"wpforms-field-sublabel after wpforms-sublabel-hide\">Apellidos<\/label><\/div><\/div><\/fieldset><\/div><div id=\"wpforms-1077-field_7-container\" class=\"wpforms-field wpforms-field-layout\" data-field-id=\"7\"><div class=\"wpforms-field-layout-columns wpforms-field-layout-preset-50-50\"><div class=\"wpforms-layout-column wpforms-layout-column-50\" ><div id=\"wpforms-1077-field_1-container\" class=\"wpforms-field wpforms-field-email\" data-field-id=\"1\"><label class=\"wpforms-field-label\" for=\"wpforms-1077-field_1\">Env\u00eda un correo electr\u00f3nico a <span class=\"wpforms-required-label\" aria-hidden=\"true\">*<\/span><\/label><input type=\"email\" id=\"wpforms-1077-field_1\" class=\"wpforms-field-medium wpforms-field-required\" name=\"wpforms[fields][1]\" spellcheck=\"false\" aria-errormessage=\"wpforms-1077-field_1-error\" required><\/div><\/div><div class=\"wpforms-layout-column wpforms-layout-column-50\" ><div id=\"wpforms-1077-field_8-container\" class=\"wpforms-field wpforms-field-phone\" data-field-id=\"8\"><label class=\"wpforms-field-label\" for=\"wpforms-1077-field_8\">N\u00famero de tel\u00e9fono <span class=\"wpforms-required-label\" aria-hidden=\"true\">*<\/span><\/label><input type=\"tel\" id=\"wpforms-1077-field_8\" class=\"wpforms-field-medium wpforms-field-required wpforms-smart-phone-field\" data-rule-smart-phone-field=\"true\" name=\"wpforms[fields][8]\" aria-label=\"N\u00famero de tel\u00e9fono\" aria-errormessage=\"wpforms-1077-field_8-error\" required><\/div><\/div><\/div><\/div>\t\t<div id=\"wpforms-1077-field_3-container\"\n\t\t\tclass=\"wpforms-field wpforms-field-text\"\n\t\t\tdata-field-type=\"text\"\n\t\t\tdata-field-id=\"3\"\n\t\t\t>\n\t\t\t<label class=\"wpforms-field-label\" for=\"wpforms-1077-field_3\" >correo Nombre Dise\u00f1o<\/label>\n\t\t\t<input type=\"text\" id=\"wpforms-1077-field_3\" class=\"wpforms-field-medium\" name=\"wpforms[fields][3]\" >\n\t\t<\/div>\n\t\t<div id=\"wpforms-1077-field_10-container\" class=\"wpforms-field wpforms-field-layout\" data-field-id=\"10\"><div class=\"wpforms-field-layout-columns wpforms-field-layout-preset-50-50\"><div class=\"wpforms-layout-column wpforms-layout-column-50\" ><div id=\"wpforms-1077-field_4-container\" class=\"wpforms-field wpforms-field-date-time\" data-field-id=\"4\"><label class=\"wpforms-field-label\" for=\"wpforms-1077-field_4\">Desde<\/label><div class=\"wpforms-datepicker-wrap\"><input type=\"text\" id=\"wpforms-1077-field_4\" class=\"wpforms-field-date-time-date wpforms-datepicker wpforms-field-small\" data-date-format=\"m\/d\/Y\" data-disable-past-dates=\"0\" data-input=\"true\" name=\"wpforms[fields][4][date]\" aria-errormessage=\"wpforms-1077-field_4-error\" ><a title=\"Borrar fecha\" data-clear role=\"button\" tabindex=\"0\" class=\"wpforms-datepicker-clear\" aria-label=\"Borrar fecha\" style=\"display:none;\"><\/a><\/div><\/div><\/div><div class=\"wpforms-layout-column wpforms-layout-column-50\" ><div id=\"wpforms-1077-field_9-container\" class=\"wpforms-field wpforms-field-date-time\" data-field-id=\"9\"><label class=\"wpforms-field-label\" for=\"wpforms-1077-field_9\">Hasta<\/label><div class=\"wpforms-datepicker-wrap\"><input type=\"text\" id=\"wpforms-1077-field_9\" class=\"wpforms-field-date-time-date wpforms-datepicker wpforms-field-small\" data-date-format=\"m\/d\/Y\" data-disable-past-dates=\"0\" data-input=\"true\" name=\"wpforms[fields][9][date]\" aria-errormessage=\"wpforms-1077-field_9-error\" ><a title=\"Borrar fecha\" data-clear role=\"button\" tabindex=\"0\" class=\"wpforms-datepicker-clear\" aria-label=\"Borrar fecha\" style=\"display:none;\"><\/a><\/div><\/div><\/div><\/div><\/div><div id=\"wpforms-1077-field_2-container\" class=\"wpforms-field wpforms-field-textarea\" data-field-id=\"2\"><label class=\"wpforms-field-label\" for=\"wpforms-1077-field_2\">Mensaje<\/label><textarea id=\"wpforms-1077-field_2\" class=\"wpforms-field-medium\" name=\"wpforms[fields][2]\" placeholder=\"\u00bfC\u00f3mo podemos ayudarte?\" aria-errormessage=\"wpforms-1077-field_2-error\" ><\/textarea><\/div><script>\n\t\t\t\t( function() {\n\t\t\t\t\tconst style = document.createElement( 'style' );\n\t\t\t\t\tstyle.appendChild( document.createTextNode( '#wpforms-1077-field_3-container { position: absolute !important; overflow: hidden !important; display: inline !important; height: 1px !important; width: 1px !important; z-index: -1000 !important; padding: 0 !important; } #wpforms-1077-field_3-container input { visibility: hidden; } #wpforms-conversational-form-page #wpforms-1077-field_3-container label { counter-increment: none; }' ) );\n\t\t\t\t\tdocument.head.appendChild( style );\n\t\t\t\t\tdocument.currentScript?.remove();\n\t\t\t\t} )();\n\t\t\t<\/script><\/div><!-- .wpforms-field-container --><div class=\"wpforms-recaptcha-container wpforms-is-recaptcha wpforms-is-recaptcha-type-v2\" ><div class=\"g-recaptcha\" data-sitekey=\"6LeS7gEkAAAAAO-EsXRwxTakHs6Q_9Z0rQYHkIS5\"><\/div><input type=\"text\" name=\"g-recaptcha-hidden\" class=\"wpforms-recaptcha-hidden\" style=\"position:absolute!important;clip:rect(0,0,0,0)!important;height:1px!important;width:1px!important;border:0!important;overflow:hidden!important;padding:0!important;margin:0!important;\" data-rule-recaptcha=\"1\"><\/div><div class=\"wpforms-submit-container\" ><input type=\"hidden\" name=\"wpforms[id]\" value=\"1077\"><input type=\"hidden\" name=\"page_title\" value=\"\"><input type=\"hidden\" name=\"page_url\" value=\"https:\/\/whitesoundibiza.com\/es\/wp-json\/wp\/v2\/product\/49137\"><input type=\"hidden\" name=\"url_referer\" value=\"\"><button type=\"submit\" name=\"wpforms[submit]\" id=\"wpforms-submit-1077\" class=\"wpforms-submit\" data-alt-text=\"Enviando...\" data-submit-text=\"Env\u00eda\" aria-live=\"assertive\" value=\"wpforms-submit\">Env\u00eda<\/button><img decoding=\"async\" src=\"https:\/\/whitesoundibiza.com\/wp-content\/plugins\/wpforms\/assets\/images\/submit-spin.svg\" class=\"wpforms-submit-spinner\" style=\"display: none;\" width=\"26\" height=\"26\" alt=\"Cargando\"><\/div><\/form><\/div>  <!-- .wpforms-container -->\n","protected":false},"excerpt":{"rendered":"<p class=\"\" data-start=\"294\" data-end=\"476\">Micr\u00f3fono de condensador de diafragma grande con nueve patrones polares, almohadillas de 20 dB\/10 dB, filtro de corte bajo, soporte antivibratorio y estuche de transporte: ideal para grabaciones en estudio y en directo.<\/p>\n<p class=\"\" data-start=\"478\" data-end=\"615\">\n","protected":false},"featured_media":48101,"template":"","meta":{"_joinchat":[]},"product_brand":[],"product_cat":[172],"product_tag":[],"class_list":{"0":"post-49137","1":"product","2":"type-product","3":"status-publish","4":"has-post-thumbnail","6":"product_cat-instrumento","8":"first","9":"instock","10":"taxable","11":"shipping-taxable","12":"purchasable","13":"product-type-rentable"},"yoast_head":"<!-- This site is optimized with the Yoast SEO plugin v27.3 - https:\/\/yoast.com\/product\/yoast-seo-wordpress\/ -->\n<title>Alquilar AKG 414XLS Ibiza | White Sound Ibiza<\/title>\n<meta name=\"description\" content=\"Alquila el micr\u00f3fono AKG 414 XLS en Ibiza con White Sound Ibiza. Nueve patrones polares, doble almohadilla, filtro de corte bajo y soporte antivibratorio. \u00a1Reserva ahora!\" \/>\n<meta name=\"robots\" content=\"index, follow, max-snippet:-1, max-image-preview:large, max-video-preview:-1\" \/>\n<link rel=\"canonical\" href=\"https:\/\/whitesoundibiza.com\/es\/producto\/akg-414xls\/\" \/>\n<meta property=\"og:locale\" content=\"es_ES\" \/>\n<meta property=\"og:type\" content=\"article\" \/>\n<meta property=\"og:title\" content=\"Alquilar AKG 414XLS Ibiza | White Sound Ibiza\" \/>\n<meta property=\"og:description\" content=\"Alquila el micr\u00f3fono AKG 414 XLS en Ibiza con White Sound Ibiza. Nueve patrones polares, doble almohadilla, filtro de corte bajo y soporte antivibratorio. \u00a1Reserva ahora!\" \/>\n<meta property=\"og:url\" content=\"https:\/\/whitesoundibiza.com\/es\/producto\/akg-414xls\/\" \/>\n<meta property=\"og:site_name\" content=\"White Sound Ibiza - Delivering Fun\" \/>\n<meta property=\"article:modified_time\" content=\"2025-08-09T15:43:24+00:00\" \/>\n<meta property=\"og:image\" content=\"https:\/\/whitesoundibiza.com\/wp-content\/uploads\/2025\/02\/414.png\" \/>\n\t<meta property=\"og:image:width\" content=\"500\" \/>\n\t<meta property=\"og:image:height\" content=\"500\" \/>\n\t<meta property=\"og:image:type\" content=\"image\/png\" \/>\n<meta name=\"twitter:card\" content=\"summary_large_image\" \/>\n<meta name=\"twitter:label1\" content=\"Tiempo de lectura\" \/>\n\t<meta name=\"twitter:data1\" content=\"2 minutos\" \/>\n<script type=\"application\/ld+json\" class=\"yoast-schema-graph\">{\"@context\":\"https:\\\/\\\/schema.org\",\"@graph\":[{\"@type\":\"WebPage\",\"@id\":\"https:\\\/\\\/whitesoundibiza.com\\\/es\\\/producto\\\/akg-414xls\\\/\",\"url\":\"https:\\\/\\\/whitesoundibiza.com\\\/es\\\/producto\\\/akg-414xls\\\/\",\"name\":\"Alquilar AKG 414XLS Ibiza | White Sound Ibiza\",\"isPartOf\":{\"@id\":\"https:\\\/\\\/whitesoundibiza.com\\\/es\\\/#website\"},\"primaryImageOfPage\":{\"@id\":\"https:\\\/\\\/whitesoundibiza.com\\\/es\\\/producto\\\/akg-414xls\\\/#primaryimage\"},\"image\":{\"@id\":\"https:\\\/\\\/whitesoundibiza.com\\\/es\\\/producto\\\/akg-414xls\\\/#primaryimage\"},\"thumbnailUrl\":\"https:\\\/\\\/whitesoundibiza.com\\\/wp-content\\\/uploads\\\/2025\\\/02\\\/414.png\",\"datePublished\":\"2025-02-08T00:55:41+00:00\",\"dateModified\":\"2025-08-09T15:43:24+00:00\",\"description\":\"Alquila el micr\u00f3fono AKG 414 XLS en Ibiza con White Sound Ibiza. Nueve patrones polares, doble almohadilla, filtro de corte bajo y soporte antivibratorio. \u00a1Reserva ahora!\",\"breadcrumb\":{\"@id\":\"https:\\\/\\\/whitesoundibiza.com\\\/es\\\/producto\\\/akg-414xls\\\/#breadcrumb\"},\"inLanguage\":\"es\",\"potentialAction\":[{\"@type\":\"ReadAction\",\"target\":[\"https:\\\/\\\/whitesoundibiza.com\\\/es\\\/producto\\\/akg-414xls\\\/\"]}]},{\"@type\":\"ImageObject\",\"inLanguage\":\"es\",\"@id\":\"https:\\\/\\\/whitesoundibiza.com\\\/es\\\/producto\\\/akg-414xls\\\/#primaryimage\",\"url\":\"https:\\\/\\\/whitesoundibiza.com\\\/wp-content\\\/uploads\\\/2025\\\/02\\\/414.png\",\"contentUrl\":\"https:\\\/\\\/whitesoundibiza.com\\\/wp-content\\\/uploads\\\/2025\\\/02\\\/414.png\",\"width\":500,\"height\":500,\"caption\":\"Micr\u00f3fono de condensador de gran diafragma AKG C414 XLS con soporte amortiguador disponible para alquilar en Ibiza en White Sound Ibiza\"},{\"@type\":\"BreadcrumbList\",\"@id\":\"https:\\\/\\\/whitesoundibiza.com\\\/es\\\/producto\\\/akg-414xls\\\/#breadcrumb\",\"itemListElement\":[{\"@type\":\"ListItem\",\"position\":1,\"name\":\"Portada\",\"item\":\"https:\\\/\\\/whitesoundibiza.com\\\/es\\\/\"},{\"@type\":\"ListItem\",\"position\":2,\"name\":\"Tienda\",\"item\":\"https:\\\/\\\/whitesoundibiza.com\\\/es\\\/tienda\\\/\"},{\"@type\":\"ListItem\",\"position\":3,\"name\":\"AKG 414Xls\"}]},{\"@type\":\"WebSite\",\"@id\":\"https:\\\/\\\/whitesoundibiza.com\\\/es\\\/#website\",\"url\":\"https:\\\/\\\/whitesoundibiza.com\\\/es\\\/\",\"name\":\"White Sound Ibiza\",\"description\":\"Rent Speakers in Ibiza\",\"publisher\":{\"@id\":\"https:\\\/\\\/whitesoundibiza.com\\\/es\\\/#organization\"},\"potentialAction\":[{\"@type\":\"SearchAction\",\"target\":{\"@type\":\"EntryPoint\",\"urlTemplate\":\"https:\\\/\\\/whitesoundibiza.com\\\/es\\\/?s={search_term_string}\"},\"query-input\":{\"@type\":\"PropertyValueSpecification\",\"valueRequired\":true,\"valueName\":\"search_term_string\"}}],\"inLanguage\":\"es\"},{\"@type\":\"Organization\",\"@id\":\"https:\\\/\\\/whitesoundibiza.com\\\/es\\\/#organization\",\"name\":\"White Sound Ibiza\",\"url\":\"https:\\\/\\\/whitesoundibiza.com\\\/es\\\/\",\"logo\":{\"@type\":\"ImageObject\",\"inLanguage\":\"es\",\"@id\":\"https:\\\/\\\/whitesoundibiza.com\\\/es\\\/#\\\/schema\\\/logo\\\/image\\\/\",\"url\":\"https:\\\/\\\/whitesoundibiza.com\\\/wp-content\\\/uploads\\\/2025\\\/05\\\/ws_logo.jpg\",\"contentUrl\":\"https:\\\/\\\/whitesoundibiza.com\\\/wp-content\\\/uploads\\\/2025\\\/05\\\/ws_logo.jpg\",\"width\":800,\"height\":235,\"caption\":\"White Sound Ibiza\"},\"image\":{\"@id\":\"https:\\\/\\\/whitesoundibiza.com\\\/es\\\/#\\\/schema\\\/logo\\\/image\\\/\"}}]}<\/script>\n<!-- \/ Yoast SEO plugin. -->","yoast_head_json":{"title":"Alquilar AKG 414XLS Ibiza | White Sound Ibiza","description":"Alquila el micr\u00f3fono AKG 414 XLS en Ibiza con White Sound Ibiza. Nueve patrones polares, doble almohadilla, filtro de corte bajo y soporte antivibratorio. \u00a1Reserva ahora!","robots":{"index":"index","follow":"follow","max-snippet":"max-snippet:-1","max-image-preview":"max-image-preview:large","max-video-preview":"max-video-preview:-1"},"canonical":"https:\/\/whitesoundibiza.com\/es\/producto\/akg-414xls\/","og_locale":"es_ES","og_type":"article","og_title":"Alquilar AKG 414XLS Ibiza | White Sound Ibiza","og_description":"Alquila el micr\u00f3fono AKG 414 XLS en Ibiza con White Sound Ibiza. Nueve patrones polares, doble almohadilla, filtro de corte bajo y soporte antivibratorio. \u00a1Reserva ahora!","og_url":"https:\/\/whitesoundibiza.com\/es\/producto\/akg-414xls\/","og_site_name":"White Sound Ibiza - Delivering Fun","article_modified_time":"2025-08-09T15:43:24+00:00","og_image":[{"width":500,"height":500,"url":"https:\/\/whitesoundibiza.com\/wp-content\/uploads\/2025\/02\/414.png","type":"image\/png"}],"twitter_card":"summary_large_image","twitter_misc":{"Tiempo de lectura":"2 minutos"},"schema":{"@context":"https:\/\/schema.org","@graph":[{"@type":"WebPage","@id":"https:\/\/whitesoundibiza.com\/es\/producto\/akg-414xls\/","url":"https:\/\/whitesoundibiza.com\/es\/producto\/akg-414xls\/","name":"Alquilar AKG 414XLS Ibiza | White Sound Ibiza","isPartOf":{"@id":"https:\/\/whitesoundibiza.com\/es\/#website"},"primaryImageOfPage":{"@id":"https:\/\/whitesoundibiza.com\/es\/producto\/akg-414xls\/#primaryimage"},"image":{"@id":"https:\/\/whitesoundibiza.com\/es\/producto\/akg-414xls\/#primaryimage"},"thumbnailUrl":"https:\/\/whitesoundibiza.com\/wp-content\/uploads\/2025\/02\/414.png","datePublished":"2025-02-08T00:55:41+00:00","dateModified":"2025-08-09T15:43:24+00:00","description":"Alquila el micr\u00f3fono AKG 414 XLS en Ibiza con White Sound Ibiza. Nueve patrones polares, doble almohadilla, filtro de corte bajo y soporte antivibratorio. \u00a1Reserva ahora!","breadcrumb":{"@id":"https:\/\/whitesoundibiza.com\/es\/producto\/akg-414xls\/#breadcrumb"},"inLanguage":"es","potentialAction":[{"@type":"ReadAction","target":["https:\/\/whitesoundibiza.com\/es\/producto\/akg-414xls\/"]}]},{"@type":"ImageObject","inLanguage":"es","@id":"https:\/\/whitesoundibiza.com\/es\/producto\/akg-414xls\/#primaryimage","url":"https:\/\/whitesoundibiza.com\/wp-content\/uploads\/2025\/02\/414.png","contentUrl":"https:\/\/whitesoundibiza.com\/wp-content\/uploads\/2025\/02\/414.png","width":500,"height":500,"caption":"Micr\u00f3fono de condensador de gran diafragma AKG C414 XLS con soporte amortiguador disponible para alquilar en Ibiza en White Sound Ibiza"},{"@type":"BreadcrumbList","@id":"https:\/\/whitesoundibiza.com\/es\/producto\/akg-414xls\/#breadcrumb","itemListElement":[{"@type":"ListItem","position":1,"name":"Portada","item":"https:\/\/whitesoundibiza.com\/es\/"},{"@type":"ListItem","position":2,"name":"Tienda","item":"https:\/\/whitesoundibiza.com\/es\/tienda\/"},{"@type":"ListItem","position":3,"name":"AKG 414Xls"}]},{"@type":"WebSite","@id":"https:\/\/whitesoundibiza.com\/es\/#website","url":"https:\/\/whitesoundibiza.com\/es\/","name":"White Sound Ibiza","description":"Rent Speakers in Ibiza","publisher":{"@id":"https:\/\/whitesoundibiza.com\/es\/#organization"},"potentialAction":[{"@type":"SearchAction","target":{"@type":"EntryPoint","urlTemplate":"https:\/\/whitesoundibiza.com\/es\/?s={search_term_string}"},"query-input":{"@type":"PropertyValueSpecification","valueRequired":true,"valueName":"search_term_string"}}],"inLanguage":"es"},{"@type":"Organization","@id":"https:\/\/whitesoundibiza.com\/es\/#organization","name":"White Sound Ibiza","url":"https:\/\/whitesoundibiza.com\/es\/","logo":{"@type":"ImageObject","inLanguage":"es","@id":"https:\/\/whitesoundibiza.com\/es\/#\/schema\/logo\/image\/","url":"https:\/\/whitesoundibiza.com\/wp-content\/uploads\/2025\/05\/ws_logo.jpg","contentUrl":"https:\/\/whitesoundibiza.com\/wp-content\/uploads\/2025\/05\/ws_logo.jpg","width":800,"height":235,"caption":"White Sound Ibiza"},"image":{"@id":"https:\/\/whitesoundibiza.com\/es\/#\/schema\/logo\/image\/"}}]}},"_links":{"self":[{"href":"https:\/\/whitesoundibiza.com\/es\/wp-json\/wp\/v2\/product\/49137","targetHints":{"allow":["GET"]}}],"collection":[{"href":"https:\/\/whitesoundibiza.com\/es\/wp-json\/wp\/v2\/product"}],"about":[{"href":"https:\/\/whitesoundibiza.com\/es\/wp-json\/wp\/v2\/types\/product"}],"wp:featuredmedia":[{"embeddable":true,"href":"https:\/\/whitesoundibiza.com\/es\/wp-json\/wp\/v2\/media\/48101"}],"wp:attachment":[{"href":"https:\/\/whitesoundibiza.com\/es\/wp-json\/wp\/v2\/media?parent=49137"}],"wp:term":[{"taxonomy":"product_brand","embeddable":true,"href":"https:\/\/whitesoundibiza.com\/es\/wp-json\/wp\/v2\/product_brand?post=49137"},{"taxonomy":"product_cat","embeddable":true,"href":"https:\/\/whitesoundibiza.com\/es\/wp-json\/wp\/v2\/product_cat?post=49137"},{"taxonomy":"product_tag","embeddable":true,"href":"https:\/\/whitesoundibiza.com\/es\/wp-json\/wp\/v2\/product_tag?post=49137"}],"curies":[{"name":"wp","href":"https:\/\/api.w.org\/{rel}","templated":true}]}}