{"id":49130,"date":"2025-02-08T00:55:38","date_gmt":"2025-02-08T00:55:38","guid":{"rendered":"https:\/\/whitesoundibiza.com\/producto\/shure-b52a\/"},"modified":"2025-08-09T15:43:23","modified_gmt":"2025-08-09T15:43:23","slug":"shure-b52a","status":"publish","type":"product","link":"https:\/\/whitesoundibiza.com\/es\/producto\/shure-b52a\/","title":{"rendered":"Shure B52A"},"content":{"rendered":"<p class=\"\" data-start=\"659\" data-end=\"1021\">Cuando <strong data-start=\"668\" data-end=\"693\">alquilas un shure b52a ibiza<\/strong>, te aseguras un micr\u00f3fono profesional para bombo.<br data-start=\"742\" data-end=\"745\">El B52A ofrece unos graves profundos y con garra, con una claridad excepcional.<br data-start=\"809\" data-end=\"812\">Su patr\u00f3n supercardioide a\u00edsla el bombo de las interferencias del escenario.<br data-start=\"878\" data-end=\"881\">Dise\u00f1ado para su uso en directo y en estudio, soporta niveles de presi\u00f3n sonora extremos.<br data-start=\"956\" data-end=\"959\">Este micro destaca en escenarios, iglesias y salas de grabaci\u00f3n.<\/p>\n<h3 class=\"\" data-start=\"1023\" data-end=\"1052\">Construcci\u00f3n y caracter\u00edsticas<\/h3>\n<p class=\"\" data-start=\"1053\" data-end=\"1539\">El B52A utiliza una c\u00e1psula <a class=\"\" href=\"https:\/\/en.wikipedia.org\/wiki\/Dynamic_microphone\" target=\"_new\" rel=\"noopener\" data-start=\"1069\" data-end=\"1128\">din\u00e1mica<\/a> de gran fiabilidad.<br data-start=\"1160\" data-end=\"1163\">Su resistente carcasa de acero resiste las ca\u00eddas y la humedad.<br data-start=\"1219\" data-end=\"1222\">Una respuesta de frecuencia adaptada a los bombos mejora el ataque y el sustain.<br data-start=\"1294\" data-end=\"1297\">El soporte giratorio integrado bloquea el micro en cualquier \u00e1ngulo de forma segura.<br data-start=\"1357\" data-end=\"1360\">Los contactos XLR chapados en oro garantizan una transmisi\u00f3n de se\u00f1al limpia y equilibrada.<br data-start=\"1428\" data-end=\"1431\">Para conocer todas las especificaciones, consulta el <a class=\"cursor-pointer\" target=\"_new\" rel=\"noopener\" data-start=\"1470\" data-end=\"1538\">producto<\/a> del fabricante.<\/p>\n<h3 class=\"\" data-start=\"1541\" data-end=\"1570\">Instalaci\u00f3n y manejo<\/h3>\n<p class=\"\" data-start=\"1571\" data-end=\"1894\">Los t\u00e9cnicos lo montan en el aro del tambor en cuesti\u00f3n de segundos y sin herramientas.<br data-start=\"1634\" data-end=\"1637\">Luego giran el micro para colocarlo de forma \u00f3ptima dentro o fuera del casco.<br data-start=\"1714\" data-end=\"1717\">El dise\u00f1o de perfil bajo lo mantiene alejado de golpes de batidor y pedal.<br data-start=\"1783\" data-end=\"1786\">Los cables salen por la base para evitar enredos y ruidos.<br data-start=\"1837\" data-end=\"1840\">Esta simplicidad agiliza la configuraci\u00f3n durante cambios ajustados.<\/p>\n<h3 class=\"\" data-start=\"1896\" data-end=\"1927\">Rendimiento y fiabilidad<\/h3>\n<p class=\"\" data-start=\"1928\" data-end=\"2279\">Cuando <strong data-start=\"1937\" data-end=\"1962\">alquilas la shure b52a ibiza<\/strong>, esperas una consistencia inquebrantable.<br data-start=\"1998\" data-end=\"2001\">Las pruebas de campo confirman una variaci\u00f3n inferior a \u00b12 dB bajo niveles altos de presi\u00f3n sonora.<br data-start=\"2062\" data-end=\"2065\">El patr\u00f3n supercardioide rechaza eficazmente el ruido fuera del eje en escenarios concurridos.<br data-start=\"2141\" data-end=\"2144\">Su robusta construcci\u00f3n soporta giras repetidas sin fallos mec\u00e1nicos.<br data-start=\"2214\" data-end=\"2217\">Los ingenieros afirman que no se degrada la se\u00f1al tras eventos de varios d\u00edas.<\/p>\n<h3 class=\"\" data-start=\"2281\" data-end=\"2311\">Aplicaciones y casos de uso<\/h3>\n<p class=\"\" data-start=\"2312\" data-end=\"2773\">Ideal para captar de cerca los bombos en conciertos y discotecas.<br data-start=\"2368\" data-end=\"2371\">Los estudios de grabaci\u00f3n lo utilizan para obtener pistas de bater\u00eda n\u00edtidas y bien definidas.<br data-start=\"2427\" data-end=\"2430\">Las emisoras de radio y televisi\u00f3n conf\u00edan en su aislamiento para obtener un sonido n\u00edtido en directo.<br data-start=\"2491\" data-end=\"2494\">Los teatros se benefician de su montaje seguro y su perfil discreto.<br data-start=\"2554\" data-end=\"2557\">Los talleres y cl\u00ednics de bater\u00eda conf\u00edan en sus funciones de configuraci\u00f3n r\u00e1pida.<br data-start=\"2617\" data-end=\"2620\">Explora nuestros <a class=\"cursor-pointer\" rel=\"noopener\" data-start=\"2632\" data-end=\"2674\">alquileres de micr\u00f3fonos<\/a> para encontrar el equipo adecuado.<br data-start=\"2693\" data-end=\"2696\">Comb\u00ednalo con nuestros <a class=\"cursor-pointer\" rel=\"noopener\" data-start=\"2712\" data-end=\"2760\">paquetes de micr\u00f3fonos para instrumentos<\/a> para ahorrar.<\/p>\n<h3 class=\"\" data-start=\"2775\" data-end=\"2797\">Alquiler y asistencia<\/h3>\n<p class=\"\" data-start=\"2798\" data-end=\"3125\">White Sound Ibiza se encarga de la entrega y la configuraci\u00f3n in situ por ti.<br data-start=\"2859\" data-end=\"2862\">Nuestros t\u00e9cnicos prueban la respuesta de cada micr\u00f3fono antes de tu evento.<br data-start=\"2921\" data-end=\"2924\">Las opciones flexibles de recogida y devoluci\u00f3n se adaptan a tu horario.<br data-start=\"3051\" data-end=\"3054\">\u00a1Reserva ahora para <strong data-start=\"3066\" data-end=\"3091\">alquilar shure b52a ibiza<\/strong> y captar cada ritmo a la perfecci\u00f3n!<\/p>\n<style id=\"wpforms-css-vars-1077\">\n\t\t\t\t#wpforms-1077 {\n\t\t\t\t\n\t\t\t}\n\t\t\t<\/style><div class=\"wpforms-container wpforms-container-full wpforms-render-modern\" id=\"wpforms-1077\"><form id=\"wpforms-form-1077\" class=\"wpforms-validate wpforms-form wpforms-ajax-form\" data-formid=\"1077\" method=\"post\" enctype=\"multipart\/form-data\" action=\"\/es\/wp-json\/wp\/v2\/product\/49130\" data-token=\"94928534a24cdcc111147f7cbd5189fa\" data-token-time=\"1776960708\"><noscript class=\"wpforms-error-noscript\">Por favor, activa JavaScript en tu navegador para completar este formulario.<\/noscript><div id=\"wpforms-error-noscript\" style=\"display: none;\">Por favor, activa JavaScript en tu navegador para completar este formulario.<\/div><div class=\"wpforms-field-container\"><div id=\"wpforms-1077-field_0-container\" class=\"wpforms-field wpforms-field-name\" data-field-id=\"0\"><fieldset><legend class=\"wpforms-field-label\">Nombre <span class=\"wpforms-required-label\" aria-hidden=\"true\">*<\/span><\/legend><div class=\"wpforms-field-row wpforms-field-medium\"><div class=\"wpforms-field-row-block wpforms-first wpforms-one-half\"><input type=\"text\" id=\"wpforms-1077-field_0\" class=\"wpforms-field-name-first wpforms-field-required\" name=\"wpforms[fields][0][first]\" placeholder=\"Nombre\" aria-errormessage=\"wpforms-1077-field_0-error\" required><label for=\"wpforms-1077-field_0\" class=\"wpforms-field-sublabel after wpforms-sublabel-hide\">Nombre<\/label><\/div><div class=\"wpforms-field-row-block wpforms-one-half\"><input type=\"text\" id=\"wpforms-1077-field_0-last\" class=\"wpforms-field-name-last wpforms-field-required\" name=\"wpforms[fields][0][last]\" placeholder=\"Apellidos\" aria-errormessage=\"wpforms-1077-field_0-last-error\" required><label for=\"wpforms-1077-field_0-last\" class=\"wpforms-field-sublabel after wpforms-sublabel-hide\">Apellidos<\/label><\/div><\/div><\/fieldset><\/div>\t\t<div id=\"wpforms-1077-field_3-container\"\n\t\t\tclass=\"wpforms-field wpforms-field-text\"\n\t\t\tdata-field-type=\"text\"\n\t\t\tdata-field-id=\"3\"\n\t\t\t>\n\t\t\t<label class=\"wpforms-field-label\" for=\"wpforms-1077-field_3\" >Dise\u00f1o tel\u00e9fono correo<\/label>\n\t\t\t<input type=\"text\" id=\"wpforms-1077-field_3\" class=\"wpforms-field-medium\" name=\"wpforms[fields][3]\" >\n\t\t<\/div>\n\t\t<div id=\"wpforms-1077-field_7-container\" class=\"wpforms-field wpforms-field-layout\" data-field-id=\"7\"><div class=\"wpforms-field-layout-columns wpforms-field-layout-preset-50-50\"><div class=\"wpforms-layout-column wpforms-layout-column-50\" ><div id=\"wpforms-1077-field_1-container\" class=\"wpforms-field wpforms-field-email\" data-field-id=\"1\"><label class=\"wpforms-field-label\" for=\"wpforms-1077-field_1\">Env\u00eda un correo electr\u00f3nico a <span class=\"wpforms-required-label\" aria-hidden=\"true\">*<\/span><\/label><input type=\"email\" id=\"wpforms-1077-field_1\" class=\"wpforms-field-medium wpforms-field-required\" name=\"wpforms[fields][1]\" spellcheck=\"false\" aria-errormessage=\"wpforms-1077-field_1-error\" required><\/div><\/div><div class=\"wpforms-layout-column wpforms-layout-column-50\" ><div id=\"wpforms-1077-field_8-container\" class=\"wpforms-field wpforms-field-phone\" data-field-id=\"8\"><label class=\"wpforms-field-label\" for=\"wpforms-1077-field_8\">N\u00famero de tel\u00e9fono <span class=\"wpforms-required-label\" aria-hidden=\"true\">*<\/span><\/label><input type=\"tel\" id=\"wpforms-1077-field_8\" class=\"wpforms-field-medium wpforms-field-required wpforms-smart-phone-field\" data-rule-smart-phone-field=\"true\" name=\"wpforms[fields][8]\" aria-label=\"N\u00famero de tel\u00e9fono\" aria-errormessage=\"wpforms-1077-field_8-error\" required><\/div><\/div><\/div><\/div><div id=\"wpforms-1077-field_10-container\" class=\"wpforms-field wpforms-field-layout\" data-field-id=\"10\"><div class=\"wpforms-field-layout-columns wpforms-field-layout-preset-50-50\"><div class=\"wpforms-layout-column wpforms-layout-column-50\" ><div id=\"wpforms-1077-field_4-container\" class=\"wpforms-field wpforms-field-date-time\" data-field-id=\"4\"><label class=\"wpforms-field-label\" for=\"wpforms-1077-field_4\">Desde<\/label><div class=\"wpforms-datepicker-wrap\"><input type=\"text\" id=\"wpforms-1077-field_4\" class=\"wpforms-field-date-time-date wpforms-datepicker wpforms-field-small\" data-date-format=\"m\/d\/Y\" data-disable-past-dates=\"0\" data-input=\"true\" name=\"wpforms[fields][4][date]\" aria-errormessage=\"wpforms-1077-field_4-error\" ><a title=\"Borrar fecha\" data-clear role=\"button\" tabindex=\"0\" class=\"wpforms-datepicker-clear\" aria-label=\"Borrar fecha\" style=\"display:none;\"><\/a><\/div><\/div><\/div><div class=\"wpforms-layout-column wpforms-layout-column-50\" ><div id=\"wpforms-1077-field_9-container\" class=\"wpforms-field wpforms-field-date-time\" data-field-id=\"9\"><label class=\"wpforms-field-label\" for=\"wpforms-1077-field_9\">Hasta<\/label><div class=\"wpforms-datepicker-wrap\"><input type=\"text\" id=\"wpforms-1077-field_9\" class=\"wpforms-field-date-time-date wpforms-datepicker wpforms-field-small\" data-date-format=\"m\/d\/Y\" data-disable-past-dates=\"0\" data-input=\"true\" name=\"wpforms[fields][9][date]\" aria-errormessage=\"wpforms-1077-field_9-error\" ><a title=\"Borrar fecha\" data-clear role=\"button\" tabindex=\"0\" class=\"wpforms-datepicker-clear\" aria-label=\"Borrar fecha\" style=\"display:none;\"><\/a><\/div><\/div><\/div><\/div><\/div><div id=\"wpforms-1077-field_2-container\" class=\"wpforms-field wpforms-field-textarea\" data-field-id=\"2\"><label class=\"wpforms-field-label\" for=\"wpforms-1077-field_2\">Mensaje<\/label><textarea id=\"wpforms-1077-field_2\" class=\"wpforms-field-medium\" name=\"wpforms[fields][2]\" placeholder=\"\u00bfC\u00f3mo podemos ayudarte?\" aria-errormessage=\"wpforms-1077-field_2-error\" ><\/textarea><\/div><script>\n\t\t\t\t( function() {\n\t\t\t\t\tconst style = document.createElement( 'style' );\n\t\t\t\t\tstyle.appendChild( document.createTextNode( '#wpforms-1077-field_3-container { position: absolute !important; overflow: hidden !important; display: inline !important; height: 1px !important; width: 1px !important; z-index: -1000 !important; padding: 0 !important; } #wpforms-1077-field_3-container input { visibility: hidden; } #wpforms-conversational-form-page #wpforms-1077-field_3-container label { counter-increment: none; }' ) );\n\t\t\t\t\tdocument.head.appendChild( style );\n\t\t\t\t\tdocument.currentScript?.remove();\n\t\t\t\t} )();\n\t\t\t<\/script><\/div><!-- .wpforms-field-container --><div class=\"wpforms-recaptcha-container wpforms-is-recaptcha wpforms-is-recaptcha-type-v2\" ><div class=\"g-recaptcha\" data-sitekey=\"6LeS7gEkAAAAAO-EsXRwxTakHs6Q_9Z0rQYHkIS5\"><\/div><input type=\"text\" name=\"g-recaptcha-hidden\" class=\"wpforms-recaptcha-hidden\" style=\"position:absolute!important;clip:rect(0,0,0,0)!important;height:1px!important;width:1px!important;border:0!important;overflow:hidden!important;padding:0!important;margin:0!important;\" data-rule-recaptcha=\"1\"><\/div><div class=\"wpforms-submit-container\" ><input type=\"hidden\" name=\"wpforms[id]\" value=\"1077\"><input type=\"hidden\" name=\"page_title\" value=\"\"><input type=\"hidden\" name=\"page_url\" value=\"https:\/\/whitesoundibiza.com\/es\/wp-json\/wp\/v2\/product\/49130\"><input type=\"hidden\" name=\"url_referer\" value=\"\"><button type=\"submit\" name=\"wpforms[submit]\" id=\"wpforms-submit-1077\" class=\"wpforms-submit\" data-alt-text=\"Enviando...\" data-submit-text=\"Env\u00eda\" aria-live=\"assertive\" value=\"wpforms-submit\">Env\u00eda<\/button><img decoding=\"async\" src=\"https:\/\/whitesoundibiza.com\/wp-content\/plugins\/wpforms\/assets\/images\/submit-spin.svg\" class=\"wpforms-submit-spinner\" style=\"display: none;\" width=\"26\" height=\"26\" alt=\"Cargando\"><\/div><\/form><\/div>  <!-- .wpforms-container -->\n","protected":false},"excerpt":{"rendered":"<p class=\"\" data-start=\"304\" data-end=\"485\">Micr\u00f3fono supercardioide para bombo con una respuesta de baja frecuencia adaptada, soporte giratorio integrado y construcci\u00f3n robusta, ideal para aplicaciones en directo y en estudio.<\/p>\n<p class=\"\" data-start=\"487\" data-end=\"621\">\n","protected":false},"featured_media":48095,"template":"","meta":{"_joinchat":[]},"product_brand":[],"product_cat":[172],"product_tag":[],"class_list":{"0":"post-49130","1":"product","2":"type-product","3":"status-publish","4":"has-post-thumbnail","6":"product_cat-instrumento","8":"first","9":"instock","10":"taxable","11":"shipping-taxable","12":"purchasable","13":"product-type-rentable"},"yoast_head":"<!-- This site is optimized with the Yoast SEO plugin v27.4 - https:\/\/yoast.com\/product\/yoast-seo-wordpress\/ -->\n<title>Alquiler Micr\u00f3fono Shure B52A Ibiza | White Sound Ibiza<\/title>\n<meta name=\"description\" content=\"Alquila el micr\u00f3fono Shure B52A en Ibiza con White Sound Ibiza. C\u00e1psula din\u00e1mica supercardioide, soporte giratorio integrado y construcci\u00f3n resistente. \u00a1Reserva ahora!\" \/>\n<meta name=\"robots\" content=\"index, follow, max-snippet:-1, max-image-preview:large, max-video-preview:-1\" \/>\n<link rel=\"canonical\" href=\"https:\/\/whitesoundibiza.com\/es\/producto\/shure-b52a\/\" \/>\n<meta property=\"og:locale\" content=\"es_ES\" \/>\n<meta property=\"og:type\" content=\"article\" \/>\n<meta property=\"og:title\" content=\"Alquiler Micr\u00f3fono Shure B52A Ibiza | White Sound Ibiza\" \/>\n<meta property=\"og:description\" content=\"Alquila el micr\u00f3fono Shure B52A en Ibiza con White Sound Ibiza. C\u00e1psula din\u00e1mica supercardioide, soporte giratorio integrado y construcci\u00f3n resistente. \u00a1Reserva ahora!\" \/>\n<meta property=\"og:url\" content=\"https:\/\/whitesoundibiza.com\/es\/producto\/shure-b52a\/\" \/>\n<meta property=\"og:site_name\" content=\"White Sound Ibiza - Delivering Fun\" \/>\n<meta property=\"article:modified_time\" content=\"2025-08-09T15:43:23+00:00\" \/>\n<meta property=\"og:image\" content=\"https:\/\/whitesoundibiza.com\/wp-content\/uploads\/2025\/02\/b52.jpeg\" \/>\n\t<meta property=\"og:image:width\" content=\"800\" \/>\n\t<meta property=\"og:image:height\" content=\"800\" \/>\n\t<meta property=\"og:image:type\" content=\"image\/jpeg\" \/>\n<meta name=\"twitter:card\" content=\"summary_large_image\" \/>\n<meta name=\"twitter:label1\" content=\"Tiempo de lectura\" \/>\n\t<meta name=\"twitter:data1\" content=\"2 minutos\" \/>\n<script type=\"application\/ld+json\" class=\"yoast-schema-graph\">{\"@context\":\"https:\\\/\\\/schema.org\",\"@graph\":[{\"@type\":\"WebPage\",\"@id\":\"https:\\\/\\\/whitesoundibiza.com\\\/es\\\/producto\\\/shure-b52a\\\/\",\"url\":\"https:\\\/\\\/whitesoundibiza.com\\\/es\\\/producto\\\/shure-b52a\\\/\",\"name\":\"Alquiler Micr\u00f3fono Shure B52A Ibiza | White Sound Ibiza\",\"isPartOf\":{\"@id\":\"https:\\\/\\\/whitesoundibiza.com\\\/es\\\/#website\"},\"primaryImageOfPage\":{\"@id\":\"https:\\\/\\\/whitesoundibiza.com\\\/es\\\/producto\\\/shure-b52a\\\/#primaryimage\"},\"image\":{\"@id\":\"https:\\\/\\\/whitesoundibiza.com\\\/es\\\/producto\\\/shure-b52a\\\/#primaryimage\"},\"thumbnailUrl\":\"https:\\\/\\\/whitesoundibiza.com\\\/wp-content\\\/uploads\\\/2025\\\/02\\\/b52.jpeg\",\"datePublished\":\"2025-02-08T00:55:38+00:00\",\"dateModified\":\"2025-08-09T15:43:23+00:00\",\"description\":\"Alquila el micr\u00f3fono Shure B52A en Ibiza con White Sound Ibiza. C\u00e1psula din\u00e1mica supercardioide, soporte giratorio integrado y construcci\u00f3n resistente. \u00a1Reserva ahora!\",\"breadcrumb\":{\"@id\":\"https:\\\/\\\/whitesoundibiza.com\\\/es\\\/producto\\\/shure-b52a\\\/#breadcrumb\"},\"inLanguage\":\"es\",\"potentialAction\":[{\"@type\":\"ReadAction\",\"target\":[\"https:\\\/\\\/whitesoundibiza.com\\\/es\\\/producto\\\/shure-b52a\\\/\"]}]},{\"@type\":\"ImageObject\",\"inLanguage\":\"es\",\"@id\":\"https:\\\/\\\/whitesoundibiza.com\\\/es\\\/producto\\\/shure-b52a\\\/#primaryimage\",\"url\":\"https:\\\/\\\/whitesoundibiza.com\\\/wp-content\\\/uploads\\\/2025\\\/02\\\/b52.jpeg\",\"contentUrl\":\"https:\\\/\\\/whitesoundibiza.com\\\/wp-content\\\/uploads\\\/2025\\\/02\\\/b52.jpeg\",\"width\":800,\"height\":800,\"caption\":\"Micr\u00f3fono supercardioide para bombo Shure B52A con soporte giratorio disponible para alquilar en Ibiza en White Sound Ibiza\"},{\"@type\":\"BreadcrumbList\",\"@id\":\"https:\\\/\\\/whitesoundibiza.com\\\/es\\\/producto\\\/shure-b52a\\\/#breadcrumb\",\"itemListElement\":[{\"@type\":\"ListItem\",\"position\":1,\"name\":\"Portada\",\"item\":\"https:\\\/\\\/whitesoundibiza.com\\\/es\\\/\"},{\"@type\":\"ListItem\",\"position\":2,\"name\":\"Tienda\",\"item\":\"https:\\\/\\\/whitesoundibiza.com\\\/es\\\/tienda\\\/\"},{\"@type\":\"ListItem\",\"position\":3,\"name\":\"Shure B52A\"}]},{\"@type\":\"WebSite\",\"@id\":\"https:\\\/\\\/whitesoundibiza.com\\\/es\\\/#website\",\"url\":\"https:\\\/\\\/whitesoundibiza.com\\\/es\\\/\",\"name\":\"White Sound Ibiza\",\"description\":\"Rent Speakers in Ibiza\",\"publisher\":{\"@id\":\"https:\\\/\\\/whitesoundibiza.com\\\/es\\\/#organization\"},\"potentialAction\":[{\"@type\":\"SearchAction\",\"target\":{\"@type\":\"EntryPoint\",\"urlTemplate\":\"https:\\\/\\\/whitesoundibiza.com\\\/es\\\/?s={search_term_string}\"},\"query-input\":{\"@type\":\"PropertyValueSpecification\",\"valueRequired\":true,\"valueName\":\"search_term_string\"}}],\"inLanguage\":\"es\"},{\"@type\":\"Organization\",\"@id\":\"https:\\\/\\\/whitesoundibiza.com\\\/es\\\/#organization\",\"name\":\"White Sound Ibiza\",\"url\":\"https:\\\/\\\/whitesoundibiza.com\\\/es\\\/\",\"logo\":{\"@type\":\"ImageObject\",\"inLanguage\":\"es\",\"@id\":\"https:\\\/\\\/whitesoundibiza.com\\\/es\\\/#\\\/schema\\\/logo\\\/image\\\/\",\"url\":\"https:\\\/\\\/whitesoundibiza.com\\\/wp-content\\\/uploads\\\/2025\\\/05\\\/ws_logo.jpg\",\"contentUrl\":\"https:\\\/\\\/whitesoundibiza.com\\\/wp-content\\\/uploads\\\/2025\\\/05\\\/ws_logo.jpg\",\"width\":800,\"height\":235,\"caption\":\"White Sound Ibiza\"},\"image\":{\"@id\":\"https:\\\/\\\/whitesoundibiza.com\\\/es\\\/#\\\/schema\\\/logo\\\/image\\\/\"}}]}<\/script>\n<!-- \/ Yoast SEO plugin. -->","yoast_head_json":{"title":"Alquiler Micr\u00f3fono Shure B52A Ibiza | White Sound Ibiza","description":"Alquila el micr\u00f3fono Shure B52A en Ibiza con White Sound Ibiza. C\u00e1psula din\u00e1mica supercardioide, soporte giratorio integrado y construcci\u00f3n resistente. \u00a1Reserva ahora!","robots":{"index":"index","follow":"follow","max-snippet":"max-snippet:-1","max-image-preview":"max-image-preview:large","max-video-preview":"max-video-preview:-1"},"canonical":"https:\/\/whitesoundibiza.com\/es\/producto\/shure-b52a\/","og_locale":"es_ES","og_type":"article","og_title":"Alquiler Micr\u00f3fono Shure B52A Ibiza | White Sound Ibiza","og_description":"Alquila el micr\u00f3fono Shure B52A en Ibiza con White Sound Ibiza. C\u00e1psula din\u00e1mica supercardioide, soporte giratorio integrado y construcci\u00f3n resistente. \u00a1Reserva ahora!","og_url":"https:\/\/whitesoundibiza.com\/es\/producto\/shure-b52a\/","og_site_name":"White Sound Ibiza - Delivering Fun","article_modified_time":"2025-08-09T15:43:23+00:00","og_image":[{"width":800,"height":800,"url":"https:\/\/whitesoundibiza.com\/wp-content\/uploads\/2025\/02\/b52.jpeg","type":"image\/jpeg"}],"twitter_card":"summary_large_image","twitter_misc":{"Tiempo de lectura":"2 minutos"},"schema":{"@context":"https:\/\/schema.org","@graph":[{"@type":"WebPage","@id":"https:\/\/whitesoundibiza.com\/es\/producto\/shure-b52a\/","url":"https:\/\/whitesoundibiza.com\/es\/producto\/shure-b52a\/","name":"Alquiler Micr\u00f3fono Shure B52A Ibiza | White Sound Ibiza","isPartOf":{"@id":"https:\/\/whitesoundibiza.com\/es\/#website"},"primaryImageOfPage":{"@id":"https:\/\/whitesoundibiza.com\/es\/producto\/shure-b52a\/#primaryimage"},"image":{"@id":"https:\/\/whitesoundibiza.com\/es\/producto\/shure-b52a\/#primaryimage"},"thumbnailUrl":"https:\/\/whitesoundibiza.com\/wp-content\/uploads\/2025\/02\/b52.jpeg","datePublished":"2025-02-08T00:55:38+00:00","dateModified":"2025-08-09T15:43:23+00:00","description":"Alquila el micr\u00f3fono Shure B52A en Ibiza con White Sound Ibiza. C\u00e1psula din\u00e1mica supercardioide, soporte giratorio integrado y construcci\u00f3n resistente. \u00a1Reserva ahora!","breadcrumb":{"@id":"https:\/\/whitesoundibiza.com\/es\/producto\/shure-b52a\/#breadcrumb"},"inLanguage":"es","potentialAction":[{"@type":"ReadAction","target":["https:\/\/whitesoundibiza.com\/es\/producto\/shure-b52a\/"]}]},{"@type":"ImageObject","inLanguage":"es","@id":"https:\/\/whitesoundibiza.com\/es\/producto\/shure-b52a\/#primaryimage","url":"https:\/\/whitesoundibiza.com\/wp-content\/uploads\/2025\/02\/b52.jpeg","contentUrl":"https:\/\/whitesoundibiza.com\/wp-content\/uploads\/2025\/02\/b52.jpeg","width":800,"height":800,"caption":"Micr\u00f3fono supercardioide para bombo Shure B52A con soporte giratorio disponible para alquilar en Ibiza en White Sound Ibiza"},{"@type":"BreadcrumbList","@id":"https:\/\/whitesoundibiza.com\/es\/producto\/shure-b52a\/#breadcrumb","itemListElement":[{"@type":"ListItem","position":1,"name":"Portada","item":"https:\/\/whitesoundibiza.com\/es\/"},{"@type":"ListItem","position":2,"name":"Tienda","item":"https:\/\/whitesoundibiza.com\/es\/tienda\/"},{"@type":"ListItem","position":3,"name":"Shure B52A"}]},{"@type":"WebSite","@id":"https:\/\/whitesoundibiza.com\/es\/#website","url":"https:\/\/whitesoundibiza.com\/es\/","name":"White Sound Ibiza","description":"Rent Speakers in Ibiza","publisher":{"@id":"https:\/\/whitesoundibiza.com\/es\/#organization"},"potentialAction":[{"@type":"SearchAction","target":{"@type":"EntryPoint","urlTemplate":"https:\/\/whitesoundibiza.com\/es\/?s={search_term_string}"},"query-input":{"@type":"PropertyValueSpecification","valueRequired":true,"valueName":"search_term_string"}}],"inLanguage":"es"},{"@type":"Organization","@id":"https:\/\/whitesoundibiza.com\/es\/#organization","name":"White Sound Ibiza","url":"https:\/\/whitesoundibiza.com\/es\/","logo":{"@type":"ImageObject","inLanguage":"es","@id":"https:\/\/whitesoundibiza.com\/es\/#\/schema\/logo\/image\/","url":"https:\/\/whitesoundibiza.com\/wp-content\/uploads\/2025\/05\/ws_logo.jpg","contentUrl":"https:\/\/whitesoundibiza.com\/wp-content\/uploads\/2025\/05\/ws_logo.jpg","width":800,"height":235,"caption":"White Sound Ibiza"},"image":{"@id":"https:\/\/whitesoundibiza.com\/es\/#\/schema\/logo\/image\/"}}]}},"_links":{"self":[{"href":"https:\/\/whitesoundibiza.com\/es\/wp-json\/wp\/v2\/product\/49130","targetHints":{"allow":["GET"]}}],"collection":[{"href":"https:\/\/whitesoundibiza.com\/es\/wp-json\/wp\/v2\/product"}],"about":[{"href":"https:\/\/whitesoundibiza.com\/es\/wp-json\/wp\/v2\/types\/product"}],"wp:featuredmedia":[{"embeddable":true,"href":"https:\/\/whitesoundibiza.com\/es\/wp-json\/wp\/v2\/media\/48095"}],"wp:attachment":[{"href":"https:\/\/whitesoundibiza.com\/es\/wp-json\/wp\/v2\/media?parent=49130"}],"wp:term":[{"taxonomy":"product_brand","embeddable":true,"href":"https:\/\/whitesoundibiza.com\/es\/wp-json\/wp\/v2\/product_brand?post=49130"},{"taxonomy":"product_cat","embeddable":true,"href":"https:\/\/whitesoundibiza.com\/es\/wp-json\/wp\/v2\/product_cat?post=49130"},{"taxonomy":"product_tag","embeddable":true,"href":"https:\/\/whitesoundibiza.com\/es\/wp-json\/wp\/v2\/product_tag?post=49130"}],"curies":[{"name":"wp","href":"https:\/\/api.w.org\/{rel}","templated":true}]}}