{"id":48902,"date":"2025-02-11T02:28:56","date_gmt":"2025-02-11T02:28:56","guid":{"rendered":"https:\/\/whitesoundibiza.com\/producto\/cable-sennheiser-ci1\/"},"modified":"2025-08-09T15:44:05","modified_gmt":"2025-08-09T15:44:05","slug":"cable-sennheiser-ci1","status":"publish","type":"product","link":"https:\/\/whitesoundibiza.com\/es\/producto\/cable-sennheiser-ci1\/","title":{"rendered":"Cable Sennheiser Ci1"},"content":{"rendered":"<p class=\"\" data-start=\"718\" data-end=\"1224\">Cuando <strong data-start=\"727\" data-end=\"762\">alquilas el cable sennheiser ci1 ibiza<\/strong>, obtienes un cable de instrumento de calidad profesional dise\u00f1ado espec\u00edficamente para los transmisores de bolsillo Evolution Wireless. El CI1 cuenta con un conector Switchcraft de 3,5 mm (1\/8\u2033) con bloqueo que se enrosca firmemente en el transmisor de cuerpo, evitando que se desenchufe accidentalmente durante las actuaciones, y una clavija recta de 1\/4\u2033 tipo Neutrik para tu guitarra o bajo. Este robusto dise\u00f1o lo hace perfecto tanto para sesiones de estudio como para exigentes actuaciones en directo.  <\/p>\n<h2 class=\"\" data-start=\"1226\" data-end=\"1254\">Caracter\u00edsticas y ventajas principales<\/h2>\n<ul data-start=\"1255\" data-end=\"2067\">\n<li class=\"\" data-start=\"1255\" data-end=\"1451\">\n<p class=\"\" data-start=\"1257\" data-end=\"1451\"><strong data-start=\"1257\" data-end=\"1286\">Conector de bloqueo seguro:<\/strong> El minijack de 3,5 mm utiliza un dise\u00f1o Switchcraft roscado con refuerzo epoxi, que garantiza una conexi\u00f3n s\u00f3lida como una roca en el escenario <span class=\"ms-1 inline-flex max-w-full items-center relative top-[-0.094rem] animate-[show_150ms_ease-in]\"><a class=\"flex h-4.5 overflow-hidden rounded-xl px-2 text-[0.5625em] font-medium text-token-text-secondary! bg-[#F4F4F4]! dark:bg-[#303030]! transition-colors duration-150 ease-in-out\" href=\"https:\/\/www.sweetwater.com\/store\/detail\/Ci1Cable--sennheiser-ci1?utm_source=chatgpt.com\" target=\"_blank\" rel=\"noopener\"><span class=\"relative start-0 bottom-0 flex h-full w-full items-center\"><span class=\"flex h-4 w-full items-center justify-between overflow-hidden\"><span class=\"max-w-full grow truncate overflow-hidden text-center\">Sweetwater<\/span><\/span><\/span><\/a><\/span>.<\/p>\n<\/li>\n<li class=\"\" data-start=\"1452\" data-end=\"1580\">\n<p class=\"\" data-start=\"1454\" data-end=\"1580\"><strong data-start=\"1454\" data-end=\"1479\">Conductividad de primera:<\/strong> Los contactos niquelados de ambos extremos garantizan una baja resistencia de contacto y una transmisi\u00f3n de audio n\u00edtida.<\/p>\n<\/li>\n<li class=\"\" data-start=\"1581\" data-end=\"1772\">\n<p class=\"\" data-start=\"1583\" data-end=\"1772\"><strong data-start=\"1583\" data-end=\"1607\">Cubierta de PVC flexible:<\/strong> Con una longitud de 1,2 m (4\u2032), el cable equilibra el alcance y la manejabilidad, con una cubierta de PVC duradera que resiste los pliegues y la abrasi\u00f3n <span class=\"ms-1 inline-flex max-w-full items-center relative top-[-0.094rem] animate-[show_150ms_ease-in]\"><a class=\"flex h-4.5 overflow-hidden rounded-xl px-2 text-[0.5625em] font-medium text-token-text-secondary! bg-[#F4F4F4]! dark:bg-[#303030]! transition-colors duration-150 ease-in-out\" href=\"https:\/\/www.sennheiser.com\/en-us\/catalog\/products\/accessories\/ci-1\/ci-1-n-005021?utm_source=chatgpt.com\" target=\"_blank\" rel=\"noopener\"><span class=\"relative start-0 bottom-0 flex h-full w-full items-center\"><span class=\"flex h-4 w-full items-center justify-between overflow-hidden\"><span class=\"max-w-full grow truncate overflow-hidden text-center\">Sennheiser<\/span><\/span><\/span><\/a><\/span>.<\/p>\n<\/li>\n<li class=\"\" data-start=\"1773\" data-end=\"2067\">\n<p class=\"\" data-start=\"1775\" data-end=\"2067\"><strong data-start=\"1775\" data-end=\"1799\">Amplia compatibilidad:<\/strong> Totalmente compatible con todos los transmisores de bolsillo Evolution Wireless G3 y G4 de Sennheiser, el CI1 te permite <strong data-start=\"1906\" data-end=\"1941\">alquilar sennheiser ci1 cable ibiza<\/strong> junto a cualquiera de nuestros sistemas de microfon\u00eda inal\u00e1mbrica sin preocuparte de que los conectores no coincidan .<\/p>\n<\/li>\n<\/ul>\n<h2 class=\"\" data-start=\"2069\" data-end=\"2098\">Especificaciones t\u00e9cnicas<\/h2>\n<div class=\"_tableContainer_16hzy_1\">\n<div class=\"_tableWrapper_16hzy_14 group flex w-fit flex-col-reverse\" tabindex=\"-1\">\n<table class=\"w-fit min-w-(--thread-content-width)\" data-start=\"2099\" data-end=\"2610\">\n<thead data-start=\"2099\" data-end=\"2162\">\n<tr data-start=\"2099\" data-end=\"2162\">\n<th data-start=\"2099\" data-end=\"2123\" data-col-size=\"sm\">Especificaci\u00f3n<\/th>\n<th data-start=\"2123\" data-end=\"2162\" data-col-size=\"sm\">Detalles<\/th>\n<\/tr>\n<\/thead>\n<tbody data-start=\"2227\" data-end=\"2610\">\n<tr data-start=\"2227\" data-end=\"2290\">\n<td data-start=\"2227\" data-end=\"2251\" data-col-size=\"sm\">Conector A<\/td>\n<td data-col-size=\"sm\" data-start=\"2251\" data-end=\"2290\">Interruptor de bloqueo de 3,5 mm (1\/8\u2033)<\/td>\n<\/tr>\n<tr data-start=\"2291\" data-end=\"2354\">\n<td data-start=\"2291\" data-end=\"2315\" data-col-size=\"sm\">Conector B<\/td>\n<td data-col-size=\"sm\" data-start=\"2315\" data-end=\"2354\">Toma recta de instrumento de 1\/4<\/td>\n<\/tr>\n<tr data-start=\"2355\" data-end=\"2418\">\n<td data-start=\"2355\" data-end=\"2379\" data-col-size=\"sm\">Longitud<\/td>\n<td data-col-size=\"sm\" data-start=\"2379\" data-end=\"2418\">1,2 m (4 pies)<\/td>\n<\/tr>\n<tr data-start=\"2419\" data-end=\"2482\">\n<td data-start=\"2419\" data-end=\"2443\" data-col-size=\"sm\">Material de la funda<\/td>\n<td data-col-size=\"sm\" data-start=\"2443\" data-end=\"2482\">PVC flexible y resistente a la abrasi\u00f3n<\/td>\n<\/tr>\n<tr data-start=\"2483\" data-end=\"2546\">\n<td data-start=\"2483\" data-end=\"2507\" data-col-size=\"sm\">Peso<\/td>\n<td data-col-size=\"sm\" data-start=\"2507\" data-end=\"2546\">~54 g<\/td>\n<\/tr>\n<tr data-start=\"2547\" data-end=\"2610\">\n<td data-start=\"2547\" data-end=\"2571\" data-col-size=\"sm\">Impedancia<\/td>\n<td data-col-size=\"sm\" data-start=\"2571\" data-end=\"2610\">50 \u03a9<\/td>\n<\/tr>\n<\/tbody>\n<\/table>\n<div class=\"sticky end-(--thread-content-margin) h-0 self-end select-none\">\n<div class=\"absolute end-0 flex items-end\"><\/div>\n<\/div>\n<\/div>\n<\/div>\n<h2 class=\"\" data-start=\"2612\" data-end=\"2653\">Aplicaciones y alquileres complementarios<\/h2>\n<p class=\"\" data-start=\"2654\" data-end=\"3025\">Ideal para guitarristas, bajistas y cualquier int\u00e9rprete que utilice un transmisor inal\u00e1mbrico de bolsillo. Comb\u00ednalo con nuestros <a class=\"cursor-pointer\" rel=\"noopener\" data-start=\"2760\" data-end=\"2816\">sistemas de micr\u00f3fonos inal\u00e1m<\/a> bricos o a\u00f1ade cables adicionales a trav\u00e9s de nuestra <a class=\"cursor-pointer\" rel=\"noopener\" data-start=\"2850\" data-end=\"2894\">secci\u00f3n de cables y adaptadores<\/a> para tener un equipo completo. Tanto si est\u00e1s grabando en un estudio como rockeando en el escenario de un festival, este cable garantiza un flujo de se\u00f1al ininterrumpido.  <\/p>\n<h2 class=\"\" data-start=\"3027\" data-end=\"3048\">Alquiler y asistencia<\/h2>\n<p class=\"\" data-start=\"3049\" data-end=\"3142\">White Sound Ibiza te ofrece un servicio completo de <strong data-start=\"3104\" data-end=\"3139\">alquiler de cable sennheiser ci1 ibiza<\/strong>:<\/p>\n<p class=\"\" data-start=\"3145\" data-end=\"3208\"><strong data-start=\"3145\" data-end=\"3167\">Entrega y recogida:<\/strong> Horario flexible en cualquier lugar de Ibiza.<\/p>\n<p class=\"\" data-start=\"3211\" data-end=\"3305\"><strong data-start=\"3211\" data-end=\"3229\">Configuraci\u00f3n in situ:<\/strong> Nuestros t\u00e9cnicos configurar\u00e1n tu sistema inal\u00e1mbrico y comprobar\u00e1n todos los cables.<\/p>\n<p class=\"\" data-start=\"3417\" data-end=\"3531\">Reserva ahora tu cable de instrumento Sennheiser CI1 y disfruta de un audio fiable y de calidad cl\u00ednica en cada nota.<\/p>\n<style id=\"wpforms-css-vars-1077\">\n\t\t\t\t#wpforms-1077 {\n\t\t\t\t\n\t\t\t}\n\t\t\t<\/style><div class=\"wpforms-container wpforms-container-full wpforms-render-modern\" id=\"wpforms-1077\"><form id=\"wpforms-form-1077\" class=\"wpforms-validate wpforms-form wpforms-ajax-form\" data-formid=\"1077\" method=\"post\" enctype=\"multipart\/form-data\" action=\"\/es\/wp-json\/wp\/v2\/product\/48902\" data-token=\"2d005c2a3fac27543c5896097c24d2d8\" data-token-time=\"1775834480\"><noscript class=\"wpforms-error-noscript\">Por favor, activa JavaScript en tu navegador para completar este formulario.<\/noscript><div id=\"wpforms-error-noscript\" style=\"display: none;\">Por favor, activa JavaScript en tu navegador para completar este formulario.<\/div><div class=\"wpforms-field-container\"><div id=\"wpforms-1077-field_0-container\" class=\"wpforms-field wpforms-field-name\" data-field-id=\"0\"><fieldset><legend class=\"wpforms-field-label\">Nombre <span class=\"wpforms-required-label\" aria-hidden=\"true\">*<\/span><\/legend><div class=\"wpforms-field-row wpforms-field-medium\"><div class=\"wpforms-field-row-block wpforms-first wpforms-one-half\"><input type=\"text\" id=\"wpforms-1077-field_0\" class=\"wpforms-field-name-first wpforms-field-required\" name=\"wpforms[fields][0][first]\" placeholder=\"Nombre\" aria-errormessage=\"wpforms-1077-field_0-error\" required><label for=\"wpforms-1077-field_0\" class=\"wpforms-field-sublabel after wpforms-sublabel-hide\">Nombre<\/label><\/div><div class=\"wpforms-field-row-block wpforms-one-half\"><input type=\"text\" id=\"wpforms-1077-field_0-last\" class=\"wpforms-field-name-last wpforms-field-required\" name=\"wpforms[fields][0][last]\" placeholder=\"Apellidos\" aria-errormessage=\"wpforms-1077-field_0-last-error\" required><label for=\"wpforms-1077-field_0-last\" class=\"wpforms-field-sublabel after wpforms-sublabel-hide\">Apellidos<\/label><\/div><\/div><\/fieldset><\/div>\t\t<div id=\"wpforms-1077-field_3-container\"\n\t\t\tclass=\"wpforms-field wpforms-field-text\"\n\t\t\tdata-field-type=\"text\"\n\t\t\tdata-field-id=\"3\"\n\t\t\t>\n\t\t\t<label class=\"wpforms-field-label\" for=\"wpforms-1077-field_3\" >electr\u00f3nico de un<\/label>\n\t\t\t<input type=\"text\" id=\"wpforms-1077-field_3\" class=\"wpforms-field-medium\" name=\"wpforms[fields][3]\" >\n\t\t<\/div>\n\t\t<div id=\"wpforms-1077-field_7-container\" class=\"wpforms-field wpforms-field-layout\" data-field-id=\"7\"><div class=\"wpforms-field-layout-columns wpforms-field-layout-preset-50-50\"><div class=\"wpforms-layout-column wpforms-layout-column-50\" ><div id=\"wpforms-1077-field_1-container\" class=\"wpforms-field wpforms-field-email\" data-field-id=\"1\"><label class=\"wpforms-field-label\" for=\"wpforms-1077-field_1\">Env\u00eda un correo electr\u00f3nico a <span class=\"wpforms-required-label\" aria-hidden=\"true\">*<\/span><\/label><input type=\"email\" id=\"wpforms-1077-field_1\" class=\"wpforms-field-medium wpforms-field-required\" name=\"wpforms[fields][1]\" spellcheck=\"false\" aria-errormessage=\"wpforms-1077-field_1-error\" required><\/div><\/div><div class=\"wpforms-layout-column wpforms-layout-column-50\" ><div id=\"wpforms-1077-field_8-container\" class=\"wpforms-field wpforms-field-phone\" data-field-id=\"8\"><label class=\"wpforms-field-label\" for=\"wpforms-1077-field_8\">N\u00famero de tel\u00e9fono <span class=\"wpforms-required-label\" aria-hidden=\"true\">*<\/span><\/label><input type=\"tel\" id=\"wpforms-1077-field_8\" class=\"wpforms-field-medium wpforms-field-required wpforms-smart-phone-field\" data-rule-smart-phone-field=\"true\" name=\"wpforms[fields][8]\" aria-label=\"N\u00famero de tel\u00e9fono\" aria-errormessage=\"wpforms-1077-field_8-error\" required><\/div><\/div><\/div><\/div><div id=\"wpforms-1077-field_10-container\" class=\"wpforms-field wpforms-field-layout\" data-field-id=\"10\"><div class=\"wpforms-field-layout-columns wpforms-field-layout-preset-50-50\"><div class=\"wpforms-layout-column wpforms-layout-column-50\" ><div id=\"wpforms-1077-field_4-container\" class=\"wpforms-field wpforms-field-date-time\" data-field-id=\"4\"><label class=\"wpforms-field-label\" for=\"wpforms-1077-field_4\">Desde<\/label><div class=\"wpforms-datepicker-wrap\"><input type=\"text\" id=\"wpforms-1077-field_4\" class=\"wpforms-field-date-time-date wpforms-datepicker wpforms-field-small\" data-date-format=\"m\/d\/Y\" data-disable-past-dates=\"0\" data-input=\"true\" name=\"wpforms[fields][4][date]\" aria-errormessage=\"wpforms-1077-field_4-error\" ><a title=\"Borrar fecha\" data-clear role=\"button\" tabindex=\"0\" class=\"wpforms-datepicker-clear\" aria-label=\"Borrar fecha\" style=\"display:none;\"><\/a><\/div><\/div><\/div><div class=\"wpforms-layout-column wpforms-layout-column-50\" ><div id=\"wpforms-1077-field_9-container\" class=\"wpforms-field wpforms-field-date-time\" data-field-id=\"9\"><label class=\"wpforms-field-label\" for=\"wpforms-1077-field_9\">Hasta<\/label><div class=\"wpforms-datepicker-wrap\"><input type=\"text\" id=\"wpforms-1077-field_9\" class=\"wpforms-field-date-time-date wpforms-datepicker wpforms-field-small\" data-date-format=\"m\/d\/Y\" data-disable-past-dates=\"0\" data-input=\"true\" name=\"wpforms[fields][9][date]\" aria-errormessage=\"wpforms-1077-field_9-error\" ><a title=\"Borrar fecha\" data-clear role=\"button\" tabindex=\"0\" class=\"wpforms-datepicker-clear\" aria-label=\"Borrar fecha\" style=\"display:none;\"><\/a><\/div><\/div><\/div><\/div><\/div><div id=\"wpforms-1077-field_2-container\" class=\"wpforms-field wpforms-field-textarea\" data-field-id=\"2\"><label class=\"wpforms-field-label\" for=\"wpforms-1077-field_2\">Mensaje<\/label><textarea id=\"wpforms-1077-field_2\" class=\"wpforms-field-medium\" name=\"wpforms[fields][2]\" placeholder=\"\u00bfC\u00f3mo podemos ayudarte?\" aria-errormessage=\"wpforms-1077-field_2-error\" ><\/textarea><\/div><script>\n\t\t\t\t( function() {\n\t\t\t\t\tconst style = document.createElement( 'style' );\n\t\t\t\t\tstyle.appendChild( document.createTextNode( '#wpforms-1077-field_3-container { position: absolute !important; overflow: hidden !important; display: inline !important; height: 1px !important; width: 1px !important; z-index: -1000 !important; padding: 0 !important; } #wpforms-1077-field_3-container input { visibility: hidden; } #wpforms-conversational-form-page #wpforms-1077-field_3-container label { counter-increment: none; }' ) );\n\t\t\t\t\tdocument.head.appendChild( style );\n\t\t\t\t\tdocument.currentScript?.remove();\n\t\t\t\t} )();\n\t\t\t<\/script><\/div><!-- .wpforms-field-container --><div class=\"wpforms-recaptcha-container wpforms-is-recaptcha wpforms-is-recaptcha-type-v2\" ><div class=\"g-recaptcha\" data-sitekey=\"6LeS7gEkAAAAAO-EsXRwxTakHs6Q_9Z0rQYHkIS5\"><\/div><input type=\"text\" name=\"g-recaptcha-hidden\" class=\"wpforms-recaptcha-hidden\" style=\"position:absolute!important;clip:rect(0,0,0,0)!important;height:1px!important;width:1px!important;border:0!important;overflow:hidden!important;padding:0!important;margin:0!important;\" data-rule-recaptcha=\"1\"><\/div><div class=\"wpforms-submit-container\" ><input type=\"hidden\" name=\"wpforms[id]\" value=\"1077\"><input type=\"hidden\" name=\"page_title\" value=\"\"><input type=\"hidden\" name=\"page_url\" value=\"https:\/\/whitesoundibiza.com\/es\/wp-json\/wp\/v2\/product\/48902\"><input type=\"hidden\" name=\"url_referer\" value=\"\"><button type=\"submit\" name=\"wpforms[submit]\" id=\"wpforms-submit-1077\" class=\"wpforms-submit\" data-alt-text=\"Enviando...\" data-submit-text=\"Env\u00eda\" aria-live=\"assertive\" value=\"wpforms-submit\">Env\u00eda<\/button><img decoding=\"async\" src=\"https:\/\/whitesoundibiza.com\/wp-content\/plugins\/wpforms\/assets\/images\/submit-spin.svg\" class=\"wpforms-submit-spinner\" style=\"display: none;\" width=\"26\" height=\"26\" alt=\"Cargando\"><\/div><\/form><\/div>  <!-- .wpforms-container -->\n","protected":false},"excerpt":{"rendered":"<p class=\"\" data-start=\"342\" data-end=\"533\">Cable de instrumento con bloqueo de 3,5 mm (1\/8\u2033) a 1\/4\u2033, de 1,2 m de longitud, con conector reforzado con epoxi y cubierta de PVC flexible, ideal para configuraciones inal\u00e1mbricas de guitarra el\u00e9ctrica o bajo.<\/p>\n<p class=\"\" data-start=\"535\" data-end=\"660\">\n","protected":false},"featured_media":0,"template":"","meta":{"_joinchat":[]},"product_brand":[],"product_cat":[],"product_tag":[],"class_list":{"0":"post-48902","1":"product","2":"type-product","3":"status-publish","6":"first","7":"instock","8":"taxable","9":"shipping-taxable","10":"purchasable","11":"product-type-rentable"},"yoast_head":"<!-- This site is optimized with the Yoast SEO plugin v27.3 - https:\/\/yoast.com\/product\/yoast-seo-wordpress\/ -->\n<title>Alquilar cable de instrumento Sennheiser CI1 Ibiza | White Sound Ibiza<\/title>\n<meta name=\"description\" content=\"Alquila el cable para instrumentos Sennheiser CI1 en Ibiza, en White Sound Ibiza. Conector mini a 1\/4\u2033 recto de 3,5 mm con bloqueo, 1,2 m de longitud, dise\u00f1o resistente para transmisores de bolsillo EW. \u00a1Reserva ahora!\" \/>\n<meta name=\"robots\" content=\"index, follow, max-snippet:-1, max-image-preview:large, max-video-preview:-1\" \/>\n<link rel=\"canonical\" href=\"https:\/\/whitesoundibiza.com\/es\/producto\/cable-sennheiser-ci1\/\" \/>\n<meta property=\"og:locale\" content=\"es_ES\" \/>\n<meta property=\"og:type\" content=\"article\" \/>\n<meta property=\"og:title\" content=\"Alquilar cable de instrumento Sennheiser CI1 Ibiza | White Sound Ibiza\" \/>\n<meta property=\"og:description\" content=\"Alquila el cable para instrumentos Sennheiser CI1 en Ibiza, en White Sound Ibiza. Conector mini a 1\/4\u2033 recto de 3,5 mm con bloqueo, 1,2 m de longitud, dise\u00f1o resistente para transmisores de bolsillo EW. \u00a1Reserva ahora!\" \/>\n<meta property=\"og:url\" content=\"https:\/\/whitesoundibiza.com\/es\/producto\/cable-sennheiser-ci1\/\" \/>\n<meta property=\"og:site_name\" content=\"White Sound Ibiza - Delivering Fun\" \/>\n<meta property=\"article:modified_time\" content=\"2025-08-09T15:44:05+00:00\" \/>\n<meta property=\"og:image\" content=\"https:\/\/whitesoundibiza.com\/wp-content\/uploads\/2025\/02\/ci1.jpg\" \/>\n\t<meta property=\"og:image:width\" content=\"1000\" \/>\n\t<meta property=\"og:image:height\" content=\"1000\" \/>\n\t<meta property=\"og:image:type\" content=\"image\/jpeg\" \/>\n<meta name=\"twitter:card\" content=\"summary_large_image\" \/>\n<meta name=\"twitter:label1\" content=\"Tiempo de lectura\" \/>\n\t<meta name=\"twitter:data1\" content=\"2 minutos\" \/>\n<script type=\"application\/ld+json\" class=\"yoast-schema-graph\">{\"@context\":\"https:\\\/\\\/schema.org\",\"@graph\":[{\"@type\":\"WebPage\",\"@id\":\"https:\\\/\\\/whitesoundibiza.com\\\/es\\\/producto\\\/cable-sennheiser-ci1\\\/\",\"url\":\"https:\\\/\\\/whitesoundibiza.com\\\/es\\\/producto\\\/cable-sennheiser-ci1\\\/\",\"name\":\"Alquilar cable de instrumento Sennheiser CI1 Ibiza | White Sound Ibiza\",\"isPartOf\":{\"@id\":\"https:\\\/\\\/whitesoundibiza.com\\\/es\\\/#website\"},\"datePublished\":\"2025-02-11T02:28:56+00:00\",\"dateModified\":\"2025-08-09T15:44:05+00:00\",\"description\":\"Alquila el cable para instrumentos Sennheiser CI1 en Ibiza, en White Sound Ibiza. Conector mini a 1\\\/4\u2033 recto de 3,5 mm con bloqueo, 1,2 m de longitud, dise\u00f1o resistente para transmisores de bolsillo EW. \u00a1Reserva ahora!\",\"breadcrumb\":{\"@id\":\"https:\\\/\\\/whitesoundibiza.com\\\/es\\\/producto\\\/cable-sennheiser-ci1\\\/#breadcrumb\"},\"inLanguage\":\"es\",\"potentialAction\":[{\"@type\":\"ReadAction\",\"target\":[\"https:\\\/\\\/whitesoundibiza.com\\\/es\\\/producto\\\/cable-sennheiser-ci1\\\/\"]}]},{\"@type\":\"BreadcrumbList\",\"@id\":\"https:\\\/\\\/whitesoundibiza.com\\\/es\\\/producto\\\/cable-sennheiser-ci1\\\/#breadcrumb\",\"itemListElement\":[{\"@type\":\"ListItem\",\"position\":1,\"name\":\"Portada\",\"item\":\"https:\\\/\\\/whitesoundibiza.com\\\/es\\\/\"},{\"@type\":\"ListItem\",\"position\":2,\"name\":\"Tienda\",\"item\":\"https:\\\/\\\/whitesoundibiza.com\\\/es\\\/tienda\\\/\"},{\"@type\":\"ListItem\",\"position\":3,\"name\":\"Cable Sennheiser Ci1\"}]},{\"@type\":\"WebSite\",\"@id\":\"https:\\\/\\\/whitesoundibiza.com\\\/es\\\/#website\",\"url\":\"https:\\\/\\\/whitesoundibiza.com\\\/es\\\/\",\"name\":\"White Sound Ibiza\",\"description\":\"Rent Speakers in Ibiza\",\"publisher\":{\"@id\":\"https:\\\/\\\/whitesoundibiza.com\\\/es\\\/#organization\"},\"potentialAction\":[{\"@type\":\"SearchAction\",\"target\":{\"@type\":\"EntryPoint\",\"urlTemplate\":\"https:\\\/\\\/whitesoundibiza.com\\\/es\\\/?s={search_term_string}\"},\"query-input\":{\"@type\":\"PropertyValueSpecification\",\"valueRequired\":true,\"valueName\":\"search_term_string\"}}],\"inLanguage\":\"es\"},{\"@type\":\"Organization\",\"@id\":\"https:\\\/\\\/whitesoundibiza.com\\\/es\\\/#organization\",\"name\":\"White Sound Ibiza\",\"url\":\"https:\\\/\\\/whitesoundibiza.com\\\/es\\\/\",\"logo\":{\"@type\":\"ImageObject\",\"inLanguage\":\"es\",\"@id\":\"https:\\\/\\\/whitesoundibiza.com\\\/es\\\/#\\\/schema\\\/logo\\\/image\\\/\",\"url\":\"https:\\\/\\\/whitesoundibiza.com\\\/wp-content\\\/uploads\\\/2025\\\/05\\\/ws_logo.jpg\",\"contentUrl\":\"https:\\\/\\\/whitesoundibiza.com\\\/wp-content\\\/uploads\\\/2025\\\/05\\\/ws_logo.jpg\",\"width\":800,\"height\":235,\"caption\":\"White Sound Ibiza\"},\"image\":{\"@id\":\"https:\\\/\\\/whitesoundibiza.com\\\/es\\\/#\\\/schema\\\/logo\\\/image\\\/\"}}]}<\/script>\n<!-- \/ Yoast SEO plugin. -->","yoast_head_json":{"title":"Alquilar cable de instrumento Sennheiser CI1 Ibiza | White Sound Ibiza","description":"Alquila el cable para instrumentos Sennheiser CI1 en Ibiza, en White Sound Ibiza. Conector mini a 1\/4\u2033 recto de 3,5 mm con bloqueo, 1,2 m de longitud, dise\u00f1o resistente para transmisores de bolsillo EW. \u00a1Reserva ahora!","robots":{"index":"index","follow":"follow","max-snippet":"max-snippet:-1","max-image-preview":"max-image-preview:large","max-video-preview":"max-video-preview:-1"},"canonical":"https:\/\/whitesoundibiza.com\/es\/producto\/cable-sennheiser-ci1\/","og_locale":"es_ES","og_type":"article","og_title":"Alquilar cable de instrumento Sennheiser CI1 Ibiza | White Sound Ibiza","og_description":"Alquila el cable para instrumentos Sennheiser CI1 en Ibiza, en White Sound Ibiza. Conector mini a 1\/4\u2033 recto de 3,5 mm con bloqueo, 1,2 m de longitud, dise\u00f1o resistente para transmisores de bolsillo EW. \u00a1Reserva ahora!","og_url":"https:\/\/whitesoundibiza.com\/es\/producto\/cable-sennheiser-ci1\/","og_site_name":"White Sound Ibiza - Delivering Fun","article_modified_time":"2025-08-09T15:44:05+00:00","og_image":[{"width":1000,"height":1000,"url":"https:\/\/whitesoundibiza.com\/wp-content\/uploads\/2025\/02\/ci1.jpg","type":"image\/jpeg"}],"twitter_card":"summary_large_image","twitter_misc":{"Tiempo de lectura":"2 minutos"},"schema":{"@context":"https:\/\/schema.org","@graph":[{"@type":"WebPage","@id":"https:\/\/whitesoundibiza.com\/es\/producto\/cable-sennheiser-ci1\/","url":"https:\/\/whitesoundibiza.com\/es\/producto\/cable-sennheiser-ci1\/","name":"Alquilar cable de instrumento Sennheiser CI1 Ibiza | White Sound Ibiza","isPartOf":{"@id":"https:\/\/whitesoundibiza.com\/es\/#website"},"datePublished":"2025-02-11T02:28:56+00:00","dateModified":"2025-08-09T15:44:05+00:00","description":"Alquila el cable para instrumentos Sennheiser CI1 en Ibiza, en White Sound Ibiza. Conector mini a 1\/4\u2033 recto de 3,5 mm con bloqueo, 1,2 m de longitud, dise\u00f1o resistente para transmisores de bolsillo EW. \u00a1Reserva ahora!","breadcrumb":{"@id":"https:\/\/whitesoundibiza.com\/es\/producto\/cable-sennheiser-ci1\/#breadcrumb"},"inLanguage":"es","potentialAction":[{"@type":"ReadAction","target":["https:\/\/whitesoundibiza.com\/es\/producto\/cable-sennheiser-ci1\/"]}]},{"@type":"BreadcrumbList","@id":"https:\/\/whitesoundibiza.com\/es\/producto\/cable-sennheiser-ci1\/#breadcrumb","itemListElement":[{"@type":"ListItem","position":1,"name":"Portada","item":"https:\/\/whitesoundibiza.com\/es\/"},{"@type":"ListItem","position":2,"name":"Tienda","item":"https:\/\/whitesoundibiza.com\/es\/tienda\/"},{"@type":"ListItem","position":3,"name":"Cable Sennheiser Ci1"}]},{"@type":"WebSite","@id":"https:\/\/whitesoundibiza.com\/es\/#website","url":"https:\/\/whitesoundibiza.com\/es\/","name":"White Sound Ibiza","description":"Rent Speakers in Ibiza","publisher":{"@id":"https:\/\/whitesoundibiza.com\/es\/#organization"},"potentialAction":[{"@type":"SearchAction","target":{"@type":"EntryPoint","urlTemplate":"https:\/\/whitesoundibiza.com\/es\/?s={search_term_string}"},"query-input":{"@type":"PropertyValueSpecification","valueRequired":true,"valueName":"search_term_string"}}],"inLanguage":"es"},{"@type":"Organization","@id":"https:\/\/whitesoundibiza.com\/es\/#organization","name":"White Sound Ibiza","url":"https:\/\/whitesoundibiza.com\/es\/","logo":{"@type":"ImageObject","inLanguage":"es","@id":"https:\/\/whitesoundibiza.com\/es\/#\/schema\/logo\/image\/","url":"https:\/\/whitesoundibiza.com\/wp-content\/uploads\/2025\/05\/ws_logo.jpg","contentUrl":"https:\/\/whitesoundibiza.com\/wp-content\/uploads\/2025\/05\/ws_logo.jpg","width":800,"height":235,"caption":"White Sound Ibiza"},"image":{"@id":"https:\/\/whitesoundibiza.com\/es\/#\/schema\/logo\/image\/"}}]}},"_links":{"self":[{"href":"https:\/\/whitesoundibiza.com\/es\/wp-json\/wp\/v2\/product\/48902","targetHints":{"allow":["GET"]}}],"collection":[{"href":"https:\/\/whitesoundibiza.com\/es\/wp-json\/wp\/v2\/product"}],"about":[{"href":"https:\/\/whitesoundibiza.com\/es\/wp-json\/wp\/v2\/types\/product"}],"wp:attachment":[{"href":"https:\/\/whitesoundibiza.com\/es\/wp-json\/wp\/v2\/media?parent=48902"}],"wp:term":[{"taxonomy":"product_brand","embeddable":true,"href":"https:\/\/whitesoundibiza.com\/es\/wp-json\/wp\/v2\/product_brand?post=48902"},{"taxonomy":"product_cat","embeddable":true,"href":"https:\/\/whitesoundibiza.com\/es\/wp-json\/wp\/v2\/product_cat?post=48902"},{"taxonomy":"product_tag","embeddable":true,"href":"https:\/\/whitesoundibiza.com\/es\/wp-json\/wp\/v2\/product_tag?post=48902"}],"curies":[{"name":"wp","href":"https:\/\/api.w.org\/{rel}","templated":true}]}}