{"id":48901,"date":"2025-02-11T02:28:54","date_gmt":"2025-02-11T02:28:54","guid":{"rendered":"https:\/\/whitesoundibiza.com\/producto\/sennheiser-iem-g4\/"},"modified":"2025-08-09T15:43:57","modified_gmt":"2025-08-09T15:43:57","slug":"sennheiser-iem-g4","status":"publish","type":"product","link":"https:\/\/whitesoundibiza.com\/es\/producto\/sennheiser-iem-g4\/","title":{"rendered":"Sennheiser IEM G4"},"content":{"rendered":"<p class=\"\" data-start=\"788\" data-end=\"1300\"><span data-start=\"797\" data-end=\"829\">Con el alquiler de<\/span><strong data-start=\"797\" data-end=\"829\"> sennheiser iem g4 ibiza<\/strong>, obtienes una soluci\u00f3n profesional de monitorizaci\u00f3n in-ear de doble canal en la que conf\u00edan los artistas de gira y los ingenieros de broadcast. El sistema IEM G4 combina un receptor de montaje en bastidor EM IEM G4 con dos bodypacks SK IEM G4 y los ligeros auriculares IE 4. Con hasta 70 mW de salida de RF ajustable, un ancho de banda de sintonizaci\u00f3n de 88 MHz y compatibilidad con hasta 24 canales simult\u00e1neos, este sistema ofrece una monitorizaci\u00f3n clara y sin interferencias en cualquier escenario .<\/p>\n<h3 class=\"\" data-start=\"1302\" data-end=\"1320\">Caracter\u00edsticas principales<\/h3>\n<ul data-start=\"1321\" data-end=\"1824\">\n<li class=\"\" data-start=\"1321\" data-end=\"1464\">\n<p class=\"\" data-start=\"1323\" data-end=\"1464\"><strong data-start=\"1323\" data-end=\"1349\">Receptor de doble canal:<\/strong> El EM IEM G4 montable en bastidor con recepci\u00f3n True Diversity minimiza las ca\u00eddas .<\/p>\n<\/li>\n<li class=\"\" data-start=\"1465\" data-end=\"1596\">\n<p class=\"\" data-start=\"1467\" data-end=\"1596\"><strong data-start=\"1467\" data-end=\"1493\">Transmisores de bolsillo:<\/strong> Dos unidades SK IEM G4 ofrecen ajustes de potencia de RF de 10\/30\/70 mW para un alcance flexible y ahorrar bater\u00eda.<\/p>\n<\/li>\n<li class=\"\" data-start=\"1597\" data-end=\"1721\">\n<p class=\"\" data-start=\"1599\" data-end=\"1721\"><strong data-start=\"1599\" data-end=\"1618\">Auriculares IE 4:<\/strong> Los transductores monodin\u00e1micos ergon\u00f3micos proporcionan una respuesta de frecuencia equilibrada y un aislamiento pasivo del ruido.<\/p>\n<\/li>\n<li class=\"\" data-start=\"1722\" data-end=\"1824\">\n<p class=\"\" data-start=\"1724\" data-end=\"1824\"><strong data-start=\"1724\" data-end=\"1746\">Sincronizaci\u00f3n IR de un toque:<\/strong> Sincroniza r\u00e1pidamente las frecuencias del transmisor y el receptor sin men\u00fas ni cables.<\/p>\n<\/li>\n<\/ul>\n<h3 class=\"\" data-start=\"1826\" data-end=\"1856\">Especificaciones t\u00e9cnicas<\/h3>\n<div class=\"_tableContainer_16hzy_1\">\n<div class=\"_tableWrapper_16hzy_14 group flex w-fit flex-col-reverse\" tabindex=\"-1\">\n<table class=\"w-fit min-w-(--thread-content-width)\" data-start=\"1857\" data-end=\"2419\">\n<thead data-start=\"1857\" data-end=\"1927\">\n<tr data-start=\"1857\" data-end=\"1927\">\n<th data-start=\"1857\" data-end=\"1883\" data-col-size=\"sm\">Especificaci\u00f3n<\/th>\n<th data-start=\"1883\" data-end=\"1927\" data-col-size=\"sm\">Detalles<\/th>\n<\/tr>\n<\/thead>\n<tbody data-start=\"1999\" data-end=\"2419\">\n<tr data-start=\"1999\" data-end=\"2068\">\n<td data-start=\"1999\" data-end=\"2025\" data-col-size=\"sm\">Potencia de salida RF<\/td>\n<td data-col-size=\"sm\" data-start=\"2025\" data-end=\"2068\">10\/30\/70 mW (conmutable)<\/td>\n<\/tr>\n<tr data-start=\"2069\" data-end=\"2138\">\n<td data-start=\"2069\" data-end=\"2095\" data-col-size=\"sm\">Ancho de banda de sintonizaci\u00f3n<\/td>\n<td data-col-size=\"sm\" data-start=\"2095\" data-end=\"2138\">88 MHz (hasta 32 sistemas por banda)<\/td>\n<\/tr>\n<tr data-start=\"2139\" data-end=\"2209\">\n<td data-start=\"2139\" data-end=\"2165\" data-col-size=\"sm\">Gama de frecuencias<\/td>\n<td data-col-size=\"sm\" data-start=\"2165\" data-end=\"2209\">470-865 MHz<\/td>\n<\/tr>\n<tr data-start=\"2210\" data-end=\"2279\">\n<td data-start=\"2210\" data-end=\"2236\" data-col-size=\"sm\">Sensibilidad del receptor<\/td>\n<td data-col-size=\"sm\" data-start=\"2236\" data-end=\"2279\">-98 dBm para diversidad RF segura<\/td>\n<\/tr>\n<tr data-start=\"2280\" data-end=\"2349\">\n<td data-start=\"2280\" data-end=\"2306\" data-col-size=\"sm\">Transductor del auricular<\/td>\n<td data-col-size=\"sm\" data-start=\"2306\" data-end=\"2349\">Transductor din\u00e1mico \u00fanico de 10,8 mm<\/td>\n<\/tr>\n<tr data-start=\"2350\" data-end=\"2419\">\n<td data-start=\"2350\" data-end=\"2376\" data-col-size=\"sm\">Duraci\u00f3n de las pilas<\/td>\n<td data-col-size=\"sm\" data-start=\"2376\" data-end=\"2419\">Hasta 8 h con dos pilas AA (por SK)<\/td>\n<\/tr>\n<\/tbody>\n<\/table>\n<div class=\"sticky end-(--thread-content-margin) h-0 self-end select-none\">\n<div class=\"absolute end-0 flex items-end\"><\/div>\n<\/div>\n<\/div>\n<\/div>\n<h3 class=\"\" data-start=\"2421\" data-end=\"2451\">Aplicaciones y casos de uso<\/h3>\n<p class=\"\" data-start=\"2452\" data-end=\"2847\">Tanto si <strong data-start=\"2464\" data-end=\"2496\">alquilas sennheiser iem g4 ibiza<\/strong> para conciertos en directo, producciones teatrales, lugares de culto o retransmisiones, este sistema de monitores intraauriculares garantiza que cada int\u00e9rprete escuche una mezcla precisa. Comb\u00ednalo con nuestros <a class=\"cursor-pointer\" rel=\"noopener\" data-start=\"2656\" data-end=\"2712\">alquileres de micr\u00f3fonos inal\u00e1mbricos<\/a> para obtener una configuraci\u00f3n RF completa, o consulta nuestros <a class=\"cursor-pointer\" rel=\"noopener\" data-start=\"2755\" data-end=\"2804\">kits de accesorios IEM<\/a> para obtener almohadillas de repuesto y fundas con clip para el cintur\u00f3n.<\/p>\n<h3 class=\"\" data-start=\"3036\" data-end=\"3058\">Alquiler y asistencia<\/h3>\n<p class=\"\" data-start=\"3059\" data-end=\"3151\">White Sound Ibiza te ofrece un servicio completo de <strong data-start=\"3116\" data-end=\"3148\">alquiler de sennheiser iem g4 ibiza<\/strong>:<\/p>\n<p class=\"\" data-start=\"3154\" data-end=\"3212\"><strong data-start=\"3154\" data-end=\"3176\">Entrega y recogida:<\/strong> Horario flexible en toda Ibiza.<\/p>\n<p class=\"\" data-start=\"3215\" data-end=\"3316\"><strong data-start=\"3215\" data-end=\"3233\">Configuraci\u00f3n in situ:<\/strong> Nuestros t\u00e9cnicos configurar\u00e1n las frecuencias, sincronizar\u00e1n las unidades y verificar\u00e1n los niveles de audio.<\/p>\n<p class=\"\" data-start=\"3431\" data-end=\"3558\">Reserva hoy mismo para asegurarte el sistema IEM G4 de Sennheiser y experimenta una claridad de monitorizaci\u00f3n sin igual en tu pr\u00f3xima producci\u00f3n ibicenca.<\/p>\n<style id=\"wpforms-css-vars-1077\">\n\t\t\t\t#wpforms-1077 {\n\t\t\t\t\n\t\t\t}\n\t\t\t<\/style><div class=\"wpforms-container wpforms-container-full wpforms-render-modern\" id=\"wpforms-1077\"><form id=\"wpforms-form-1077\" class=\"wpforms-validate wpforms-form wpforms-ajax-form\" data-formid=\"1077\" method=\"post\" enctype=\"multipart\/form-data\" action=\"\/es\/wp-json\/wp\/v2\/product\/48901\" data-token=\"dfe2cec9ba1513477d46ad545949aa7b\" data-token-time=\"1775240924\"><noscript class=\"wpforms-error-noscript\">Por favor, activa JavaScript en tu navegador para completar este formulario.<\/noscript><div id=\"wpforms-error-noscript\" style=\"display: none;\">Por favor, activa JavaScript en tu navegador para completar este formulario.<\/div><div class=\"wpforms-field-container\"><div id=\"wpforms-1077-field_0-container\" class=\"wpforms-field wpforms-field-name\" data-field-id=\"0\"><fieldset><legend class=\"wpforms-field-label\">Nombre <span class=\"wpforms-required-label\" aria-hidden=\"true\">*<\/span><\/legend><div class=\"wpforms-field-row wpforms-field-medium\"><div class=\"wpforms-field-row-block wpforms-first wpforms-one-half\"><input type=\"text\" id=\"wpforms-1077-field_0\" class=\"wpforms-field-name-first wpforms-field-required\" name=\"wpforms[fields][0][first]\" placeholder=\"Nombre\" aria-errormessage=\"wpforms-1077-field_0-error\" required><label for=\"wpforms-1077-field_0\" class=\"wpforms-field-sublabel after wpforms-sublabel-hide\">Nombre<\/label><\/div><div class=\"wpforms-field-row-block wpforms-one-half\"><input type=\"text\" id=\"wpforms-1077-field_0-last\" class=\"wpforms-field-name-last wpforms-field-required\" name=\"wpforms[fields][0][last]\" placeholder=\"Apellidos\" aria-errormessage=\"wpforms-1077-field_0-last-error\" required><label for=\"wpforms-1077-field_0-last\" class=\"wpforms-field-sublabel after wpforms-sublabel-hide\">Apellidos<\/label><\/div><\/div><\/fieldset><\/div><div id=\"wpforms-1077-field_7-container\" class=\"wpforms-field wpforms-field-layout\" data-field-id=\"7\"><div class=\"wpforms-field-layout-columns wpforms-field-layout-preset-50-50\"><div class=\"wpforms-layout-column wpforms-layout-column-50\" >\t\t<div id=\"wpforms-1077-field_3-container\"\n\t\t\tclass=\"wpforms-field wpforms-field-text\"\n\t\t\tdata-field-type=\"text\"\n\t\t\tdata-field-id=\"3\"\n\t\t\t>\n\t\t\t<label class=\"wpforms-field-label\" for=\"wpforms-1077-field_3\" >un Dise\u00f1o Env\u00eda<\/label>\n\t\t\t<input type=\"text\" id=\"wpforms-1077-field_3\" class=\"wpforms-field-medium\" name=\"wpforms[fields][3]\" >\n\t\t<\/div>\n\t\t<div id=\"wpforms-1077-field_1-container\" class=\"wpforms-field wpforms-field-email\" data-field-id=\"1\"><label class=\"wpforms-field-label\" for=\"wpforms-1077-field_1\">Env\u00eda un correo electr\u00f3nico a <span class=\"wpforms-required-label\" aria-hidden=\"true\">*<\/span><\/label><input type=\"email\" id=\"wpforms-1077-field_1\" class=\"wpforms-field-medium wpforms-field-required\" name=\"wpforms[fields][1]\" spellcheck=\"false\" aria-errormessage=\"wpforms-1077-field_1-error\" required><\/div><\/div><div class=\"wpforms-layout-column wpforms-layout-column-50\" ><div id=\"wpforms-1077-field_8-container\" class=\"wpforms-field wpforms-field-phone\" data-field-id=\"8\"><label class=\"wpforms-field-label\" for=\"wpforms-1077-field_8\">N\u00famero de tel\u00e9fono <span class=\"wpforms-required-label\" aria-hidden=\"true\">*<\/span><\/label><input type=\"tel\" id=\"wpforms-1077-field_8\" class=\"wpforms-field-medium wpforms-field-required wpforms-smart-phone-field\" data-rule-smart-phone-field=\"true\" name=\"wpforms[fields][8]\" aria-label=\"N\u00famero de tel\u00e9fono\" aria-errormessage=\"wpforms-1077-field_8-error\" required><\/div><\/div><\/div><\/div><div id=\"wpforms-1077-field_10-container\" class=\"wpforms-field wpforms-field-layout\" data-field-id=\"10\"><div class=\"wpforms-field-layout-columns wpforms-field-layout-preset-50-50\"><div class=\"wpforms-layout-column wpforms-layout-column-50\" ><div id=\"wpforms-1077-field_4-container\" class=\"wpforms-field wpforms-field-date-time\" data-field-id=\"4\"><label class=\"wpforms-field-label\" for=\"wpforms-1077-field_4\">Desde<\/label><div class=\"wpforms-datepicker-wrap\"><input type=\"text\" id=\"wpforms-1077-field_4\" class=\"wpforms-field-date-time-date wpforms-datepicker wpforms-field-small\" data-date-format=\"m\/d\/Y\" data-disable-past-dates=\"0\" data-input=\"true\" name=\"wpforms[fields][4][date]\" aria-errormessage=\"wpforms-1077-field_4-error\" ><a title=\"Borrar fecha\" data-clear role=\"button\" tabindex=\"0\" class=\"wpforms-datepicker-clear\" aria-label=\"Borrar fecha\" style=\"display:none;\"><\/a><\/div><\/div><\/div><div class=\"wpforms-layout-column wpforms-layout-column-50\" ><div id=\"wpforms-1077-field_9-container\" class=\"wpforms-field wpforms-field-date-time\" data-field-id=\"9\"><label class=\"wpforms-field-label\" for=\"wpforms-1077-field_9\">Hasta<\/label><div class=\"wpforms-datepicker-wrap\"><input type=\"text\" id=\"wpforms-1077-field_9\" class=\"wpforms-field-date-time-date wpforms-datepicker wpforms-field-small\" data-date-format=\"m\/d\/Y\" data-disable-past-dates=\"0\" data-input=\"true\" name=\"wpforms[fields][9][date]\" aria-errormessage=\"wpforms-1077-field_9-error\" ><a title=\"Borrar fecha\" data-clear role=\"button\" tabindex=\"0\" class=\"wpforms-datepicker-clear\" aria-label=\"Borrar fecha\" style=\"display:none;\"><\/a><\/div><\/div><\/div><\/div><\/div><div id=\"wpforms-1077-field_2-container\" class=\"wpforms-field wpforms-field-textarea\" data-field-id=\"2\"><label class=\"wpforms-field-label\" for=\"wpforms-1077-field_2\">Mensaje<\/label><textarea id=\"wpforms-1077-field_2\" class=\"wpforms-field-medium\" name=\"wpforms[fields][2]\" placeholder=\"\u00bfC\u00f3mo podemos ayudarte?\" aria-errormessage=\"wpforms-1077-field_2-error\" ><\/textarea><\/div><script>\n\t\t\t\t( function() {\n\t\t\t\t\tconst style = document.createElement( 'style' );\n\t\t\t\t\tstyle.appendChild( document.createTextNode( '#wpforms-1077-field_3-container { position: absolute !important; overflow: hidden !important; display: inline !important; height: 1px !important; width: 1px !important; z-index: -1000 !important; padding: 0 !important; } #wpforms-1077-field_3-container input { visibility: hidden; } #wpforms-conversational-form-page #wpforms-1077-field_3-container label { counter-increment: none; }' ) );\n\t\t\t\t\tdocument.head.appendChild( style );\n\t\t\t\t\tdocument.currentScript?.remove();\n\t\t\t\t} )();\n\t\t\t<\/script><\/div><!-- .wpforms-field-container --><div class=\"wpforms-recaptcha-container wpforms-is-recaptcha wpforms-is-recaptcha-type-v2\" ><div class=\"g-recaptcha\" data-sitekey=\"6LeS7gEkAAAAAO-EsXRwxTakHs6Q_9Z0rQYHkIS5\"><\/div><input type=\"text\" name=\"g-recaptcha-hidden\" class=\"wpforms-recaptcha-hidden\" style=\"position:absolute!important;clip:rect(0,0,0,0)!important;height:1px!important;width:1px!important;border:0!important;overflow:hidden!important;padding:0!important;margin:0!important;\" data-rule-recaptcha=\"1\"><\/div><div class=\"wpforms-submit-container\" ><input type=\"hidden\" name=\"wpforms[id]\" value=\"1077\"><input type=\"hidden\" name=\"page_title\" value=\"\"><input type=\"hidden\" name=\"page_url\" value=\"https:\/\/whitesoundibiza.com\/es\/wp-json\/wp\/v2\/product\/48901\"><input type=\"hidden\" name=\"url_referer\" value=\"\"><button type=\"submit\" name=\"wpforms[submit]\" id=\"wpforms-submit-1077\" class=\"wpforms-submit\" data-alt-text=\"Enviando...\" data-submit-text=\"Env\u00eda\" aria-live=\"assertive\" value=\"wpforms-submit\">Env\u00eda<\/button><img decoding=\"async\" src=\"https:\/\/whitesoundibiza.com\/wp-content\/plugins\/wpforms\/assets\/images\/submit-spin.svg\" class=\"wpforms-submit-spinner\" style=\"display: none;\" width=\"26\" height=\"26\" alt=\"Cargando\"><\/div><\/form><\/div>  <!-- .wpforms-container -->\n","protected":false},"excerpt":{"rendered":"<p class=\"\" data-start=\"351\" data-end=\"581\">Sistema inal\u00e1mbrico de monitorizaci\u00f3n intraauricular de doble canal con receptor para montaje en bastidor, transmisor est\u00e9reo, auriculares ligeros IE 4, potencia de RF de hasta 70 mW y 8 h de duraci\u00f3n de la bater\u00eda: perfecto para actuaciones en directo y retransmisiones.<\/p>\n<p class=\"\" data-start=\"583\" data-end=\"750\">\n","protected":false},"featured_media":48222,"template":"","meta":{"_joinchat":[]},"product_brand":[],"product_cat":[165],"product_tag":[],"class_list":{"0":"post-48901","1":"product","2":"type-product","3":"status-publish","4":"has-post-thumbnail","6":"product_cat-accesorios","8":"first","9":"instock","10":"taxable","11":"shipping-taxable","12":"purchasable","13":"product-type-rentable"},"yoast_head":"<!-- This site is optimized with the Yoast SEO plugin v27.3 - https:\/\/yoast.com\/product\/yoast-seo-wordpress\/ -->\n<title>alquiler sennheiser iem g4 ibiza | White Sound Ibiza<\/title>\n<meta name=\"description\" content=\"alquiler sennheiser iem g4 en Ibiza con White Sound Ibiza. Receptor de rack de dos canales, auriculares IE 4, potencia RF hasta 70 mW y sincronizaci\u00f3n por infrarrojos.\" \/>\n<meta name=\"robots\" content=\"index, follow, max-snippet:-1, max-image-preview:large, max-video-preview:-1\" \/>\n<link rel=\"canonical\" href=\"https:\/\/whitesoundibiza.com\/es\/producto\/sennheiser-iem-g4\/\" \/>\n<meta property=\"og:locale\" content=\"es_ES\" \/>\n<meta property=\"og:type\" content=\"article\" \/>\n<meta property=\"og:title\" content=\"alquiler sennheiser iem g4 ibiza | White Sound Ibiza\" \/>\n<meta property=\"og:description\" content=\"alquiler sennheiser iem g4 en Ibiza con White Sound Ibiza. Receptor de rack de dos canales, auriculares IE 4, potencia RF hasta 70 mW y sincronizaci\u00f3n por infrarrojos.\" \/>\n<meta property=\"og:url\" content=\"https:\/\/whitesoundibiza.com\/es\/producto\/sennheiser-iem-g4\/\" \/>\n<meta property=\"og:site_name\" content=\"White Sound Ibiza - Delivering Fun\" \/>\n<meta property=\"article:modified_time\" content=\"2025-08-09T15:43:57+00:00\" \/>\n<meta property=\"og:image\" content=\"https:\/\/whitesoundibiza.com\/wp-content\/uploads\/2025\/02\/iemg4.jpg\" \/>\n\t<meta property=\"og:image:width\" content=\"1000\" \/>\n\t<meta property=\"og:image:height\" content=\"1000\" \/>\n\t<meta property=\"og:image:type\" content=\"image\/jpeg\" \/>\n<meta name=\"twitter:card\" content=\"summary_large_image\" \/>\n<meta name=\"twitter:label1\" content=\"Tiempo de lectura\" \/>\n\t<meta name=\"twitter:data1\" content=\"2 minutos\" \/>\n<script type=\"application\/ld+json\" class=\"yoast-schema-graph\">{\"@context\":\"https:\\\/\\\/schema.org\",\"@graph\":[{\"@type\":\"WebPage\",\"@id\":\"https:\\\/\\\/whitesoundibiza.com\\\/es\\\/producto\\\/sennheiser-iem-g4\\\/\",\"url\":\"https:\\\/\\\/whitesoundibiza.com\\\/es\\\/producto\\\/sennheiser-iem-g4\\\/\",\"name\":\"alquiler sennheiser iem g4 ibiza | White Sound Ibiza\",\"isPartOf\":{\"@id\":\"https:\\\/\\\/whitesoundibiza.com\\\/es\\\/#website\"},\"primaryImageOfPage\":{\"@id\":\"https:\\\/\\\/whitesoundibiza.com\\\/es\\\/producto\\\/sennheiser-iem-g4\\\/#primaryimage\"},\"image\":{\"@id\":\"https:\\\/\\\/whitesoundibiza.com\\\/es\\\/producto\\\/sennheiser-iem-g4\\\/#primaryimage\"},\"thumbnailUrl\":\"https:\\\/\\\/whitesoundibiza.com\\\/wp-content\\\/uploads\\\/2025\\\/02\\\/iemg4.jpg\",\"datePublished\":\"2025-02-11T02:28:54+00:00\",\"dateModified\":\"2025-08-09T15:43:57+00:00\",\"description\":\"alquiler sennheiser iem g4 en Ibiza con White Sound Ibiza. Receptor de rack de dos canales, auriculares IE 4, potencia RF hasta 70 mW y sincronizaci\u00f3n por infrarrojos.\",\"breadcrumb\":{\"@id\":\"https:\\\/\\\/whitesoundibiza.com\\\/es\\\/producto\\\/sennheiser-iem-g4\\\/#breadcrumb\"},\"inLanguage\":\"es\",\"potentialAction\":[{\"@type\":\"ReadAction\",\"target\":[\"https:\\\/\\\/whitesoundibiza.com\\\/es\\\/producto\\\/sennheiser-iem-g4\\\/\"]}]},{\"@type\":\"ImageObject\",\"inLanguage\":\"es\",\"@id\":\"https:\\\/\\\/whitesoundibiza.com\\\/es\\\/producto\\\/sennheiser-iem-g4\\\/#primaryimage\",\"url\":\"https:\\\/\\\/whitesoundibiza.com\\\/wp-content\\\/uploads\\\/2025\\\/02\\\/iemg4.jpg\",\"contentUrl\":\"https:\\\/\\\/whitesoundibiza.com\\\/wp-content\\\/uploads\\\/2025\\\/02\\\/iemg4.jpg\",\"width\":1000,\"height\":1000,\"caption\":\"Sistema de monitorizaci\u00f3n in-ear de doble canal Sennheiser IEM G4 con receptor de montaje en bastidor y auriculares IE 4 disponible para alquilar en Ibiza en White Sound Ibiza\"},{\"@type\":\"BreadcrumbList\",\"@id\":\"https:\\\/\\\/whitesoundibiza.com\\\/es\\\/producto\\\/sennheiser-iem-g4\\\/#breadcrumb\",\"itemListElement\":[{\"@type\":\"ListItem\",\"position\":1,\"name\":\"Portada\",\"item\":\"https:\\\/\\\/whitesoundibiza.com\\\/es\\\/\"},{\"@type\":\"ListItem\",\"position\":2,\"name\":\"Tienda\",\"item\":\"https:\\\/\\\/whitesoundibiza.com\\\/es\\\/tienda\\\/\"},{\"@type\":\"ListItem\",\"position\":3,\"name\":\"Sennheiser IEM G4\"}]},{\"@type\":\"WebSite\",\"@id\":\"https:\\\/\\\/whitesoundibiza.com\\\/es\\\/#website\",\"url\":\"https:\\\/\\\/whitesoundibiza.com\\\/es\\\/\",\"name\":\"White Sound Ibiza\",\"description\":\"Rent Speakers in Ibiza\",\"publisher\":{\"@id\":\"https:\\\/\\\/whitesoundibiza.com\\\/es\\\/#organization\"},\"potentialAction\":[{\"@type\":\"SearchAction\",\"target\":{\"@type\":\"EntryPoint\",\"urlTemplate\":\"https:\\\/\\\/whitesoundibiza.com\\\/es\\\/?s={search_term_string}\"},\"query-input\":{\"@type\":\"PropertyValueSpecification\",\"valueRequired\":true,\"valueName\":\"search_term_string\"}}],\"inLanguage\":\"es\"},{\"@type\":\"Organization\",\"@id\":\"https:\\\/\\\/whitesoundibiza.com\\\/es\\\/#organization\",\"name\":\"White Sound Ibiza\",\"url\":\"https:\\\/\\\/whitesoundibiza.com\\\/es\\\/\",\"logo\":{\"@type\":\"ImageObject\",\"inLanguage\":\"es\",\"@id\":\"https:\\\/\\\/whitesoundibiza.com\\\/es\\\/#\\\/schema\\\/logo\\\/image\\\/\",\"url\":\"https:\\\/\\\/whitesoundibiza.com\\\/wp-content\\\/uploads\\\/2025\\\/05\\\/ws_logo.jpg\",\"contentUrl\":\"https:\\\/\\\/whitesoundibiza.com\\\/wp-content\\\/uploads\\\/2025\\\/05\\\/ws_logo.jpg\",\"width\":800,\"height\":235,\"caption\":\"White Sound Ibiza\"},\"image\":{\"@id\":\"https:\\\/\\\/whitesoundibiza.com\\\/es\\\/#\\\/schema\\\/logo\\\/image\\\/\"}}]}<\/script>\n<!-- \/ Yoast SEO plugin. -->","yoast_head_json":{"title":"alquiler sennheiser iem g4 ibiza | White Sound Ibiza","description":"alquiler sennheiser iem g4 en Ibiza con White Sound Ibiza. Receptor de rack de dos canales, auriculares IE 4, potencia RF hasta 70 mW y sincronizaci\u00f3n por infrarrojos.","robots":{"index":"index","follow":"follow","max-snippet":"max-snippet:-1","max-image-preview":"max-image-preview:large","max-video-preview":"max-video-preview:-1"},"canonical":"https:\/\/whitesoundibiza.com\/es\/producto\/sennheiser-iem-g4\/","og_locale":"es_ES","og_type":"article","og_title":"alquiler sennheiser iem g4 ibiza | White Sound Ibiza","og_description":"alquiler sennheiser iem g4 en Ibiza con White Sound Ibiza. Receptor de rack de dos canales, auriculares IE 4, potencia RF hasta 70 mW y sincronizaci\u00f3n por infrarrojos.","og_url":"https:\/\/whitesoundibiza.com\/es\/producto\/sennheiser-iem-g4\/","og_site_name":"White Sound Ibiza - Delivering Fun","article_modified_time":"2025-08-09T15:43:57+00:00","og_image":[{"width":1000,"height":1000,"url":"https:\/\/whitesoundibiza.com\/wp-content\/uploads\/2025\/02\/iemg4.jpg","type":"image\/jpeg"}],"twitter_card":"summary_large_image","twitter_misc":{"Tiempo de lectura":"2 minutos"},"schema":{"@context":"https:\/\/schema.org","@graph":[{"@type":"WebPage","@id":"https:\/\/whitesoundibiza.com\/es\/producto\/sennheiser-iem-g4\/","url":"https:\/\/whitesoundibiza.com\/es\/producto\/sennheiser-iem-g4\/","name":"alquiler sennheiser iem g4 ibiza | White Sound Ibiza","isPartOf":{"@id":"https:\/\/whitesoundibiza.com\/es\/#website"},"primaryImageOfPage":{"@id":"https:\/\/whitesoundibiza.com\/es\/producto\/sennheiser-iem-g4\/#primaryimage"},"image":{"@id":"https:\/\/whitesoundibiza.com\/es\/producto\/sennheiser-iem-g4\/#primaryimage"},"thumbnailUrl":"https:\/\/whitesoundibiza.com\/wp-content\/uploads\/2025\/02\/iemg4.jpg","datePublished":"2025-02-11T02:28:54+00:00","dateModified":"2025-08-09T15:43:57+00:00","description":"alquiler sennheiser iem g4 en Ibiza con White Sound Ibiza. Receptor de rack de dos canales, auriculares IE 4, potencia RF hasta 70 mW y sincronizaci\u00f3n por infrarrojos.","breadcrumb":{"@id":"https:\/\/whitesoundibiza.com\/es\/producto\/sennheiser-iem-g4\/#breadcrumb"},"inLanguage":"es","potentialAction":[{"@type":"ReadAction","target":["https:\/\/whitesoundibiza.com\/es\/producto\/sennheiser-iem-g4\/"]}]},{"@type":"ImageObject","inLanguage":"es","@id":"https:\/\/whitesoundibiza.com\/es\/producto\/sennheiser-iem-g4\/#primaryimage","url":"https:\/\/whitesoundibiza.com\/wp-content\/uploads\/2025\/02\/iemg4.jpg","contentUrl":"https:\/\/whitesoundibiza.com\/wp-content\/uploads\/2025\/02\/iemg4.jpg","width":1000,"height":1000,"caption":"Sistema de monitorizaci\u00f3n in-ear de doble canal Sennheiser IEM G4 con receptor de montaje en bastidor y auriculares IE 4 disponible para alquilar en Ibiza en White Sound Ibiza"},{"@type":"BreadcrumbList","@id":"https:\/\/whitesoundibiza.com\/es\/producto\/sennheiser-iem-g4\/#breadcrumb","itemListElement":[{"@type":"ListItem","position":1,"name":"Portada","item":"https:\/\/whitesoundibiza.com\/es\/"},{"@type":"ListItem","position":2,"name":"Tienda","item":"https:\/\/whitesoundibiza.com\/es\/tienda\/"},{"@type":"ListItem","position":3,"name":"Sennheiser IEM G4"}]},{"@type":"WebSite","@id":"https:\/\/whitesoundibiza.com\/es\/#website","url":"https:\/\/whitesoundibiza.com\/es\/","name":"White Sound Ibiza","description":"Rent Speakers in Ibiza","publisher":{"@id":"https:\/\/whitesoundibiza.com\/es\/#organization"},"potentialAction":[{"@type":"SearchAction","target":{"@type":"EntryPoint","urlTemplate":"https:\/\/whitesoundibiza.com\/es\/?s={search_term_string}"},"query-input":{"@type":"PropertyValueSpecification","valueRequired":true,"valueName":"search_term_string"}}],"inLanguage":"es"},{"@type":"Organization","@id":"https:\/\/whitesoundibiza.com\/es\/#organization","name":"White Sound Ibiza","url":"https:\/\/whitesoundibiza.com\/es\/","logo":{"@type":"ImageObject","inLanguage":"es","@id":"https:\/\/whitesoundibiza.com\/es\/#\/schema\/logo\/image\/","url":"https:\/\/whitesoundibiza.com\/wp-content\/uploads\/2025\/05\/ws_logo.jpg","contentUrl":"https:\/\/whitesoundibiza.com\/wp-content\/uploads\/2025\/05\/ws_logo.jpg","width":800,"height":235,"caption":"White Sound Ibiza"},"image":{"@id":"https:\/\/whitesoundibiza.com\/es\/#\/schema\/logo\/image\/"}}]}},"_links":{"self":[{"href":"https:\/\/whitesoundibiza.com\/es\/wp-json\/wp\/v2\/product\/48901","targetHints":{"allow":["GET"]}}],"collection":[{"href":"https:\/\/whitesoundibiza.com\/es\/wp-json\/wp\/v2\/product"}],"about":[{"href":"https:\/\/whitesoundibiza.com\/es\/wp-json\/wp\/v2\/types\/product"}],"wp:featuredmedia":[{"embeddable":true,"href":"https:\/\/whitesoundibiza.com\/es\/wp-json\/wp\/v2\/media\/48222"}],"wp:attachment":[{"href":"https:\/\/whitesoundibiza.com\/es\/wp-json\/wp\/v2\/media?parent=48901"}],"wp:term":[{"taxonomy":"product_brand","embeddable":true,"href":"https:\/\/whitesoundibiza.com\/es\/wp-json\/wp\/v2\/product_brand?post=48901"},{"taxonomy":"product_cat","embeddable":true,"href":"https:\/\/whitesoundibiza.com\/es\/wp-json\/wp\/v2\/product_cat?post=48901"},{"taxonomy":"product_tag","embeddable":true,"href":"https:\/\/whitesoundibiza.com\/es\/wp-json\/wp\/v2\/product_tag?post=48901"}],"curies":[{"name":"wp","href":"https:\/\/api.w.org\/{rel}","templated":true}]}}