{"id":48899,"date":"2025-03-18T19:52:42","date_gmt":"2025-03-18T19:52:42","guid":{"rendered":"https:\/\/whitesoundibiza.com\/producto\/krk-rookit-8-g4\/"},"modified":"2025-08-09T15:44:05","modified_gmt":"2025-08-09T15:44:05","slug":"krk-rookit-8-g4","status":"publish","type":"product","link":"https:\/\/whitesoundibiza.com\/es\/producto\/krk-rookit-8-g4\/","title":{"rendered":"KRK Rookit 8 G4"},"content":{"rendered":"<p class=\"\" data-start=\"753\" data-end=\"1178\">Cuando <strong data-start=\"762\" data-end=\"791\">alquilas el krk rokit 8 g4 ibiza<\/strong>, te aseguras la precisi\u00f3n de monitorizaci\u00f3n est\u00e1ndar del sector gracias a su woofer de 8\u2033 reforzado con Kevlar y su tweeter de c\u00fapula blanda de 1\u2033. El amplificador biamplificado de clase D ofrece una potencia combinada de 203 W, que te proporciona graves con garra y agudos cristalinos. Tanto si produces m\u00fasica electr\u00f3nica como si mezclas una sesi\u00f3n en directo o realizas una retransmisi\u00f3n, el Rokit 8 G4 te proporciona la fidelidad y el margen que necesitas.  <\/p>\n<h3 class=\"\" data-start=\"1180\" data-end=\"1200\">Dise\u00f1o y construcci\u00f3n<\/h3>\n<p class=\"\" data-start=\"1201\" data-end=\"1636\">El KRK Rokit 8 G4 presenta un recinto robusto, ac\u00fasticamente optimizado, con un puerto de disparo frontal patentado para minimizar el acoplamiento de l\u00edmites y el ruido del puerto. El elegante acabado negro y los bordes redondeados no s\u00f3lo tienen un aspecto profesional en cualquier estudio o local, sino que tambi\u00e9n mejoran la rigidez estructural. <\/p>\n<p class=\"\" data-start=\"1201\" data-end=\"1636\">Para conocer todos los detalles t\u00e9cnicos, visita la p\u00e1gina oficial del producto KRK:<br data-start=\"1545\" data-end=\"1548\"><a class=\"cursor-pointer\" target=\"_new\" rel=\"noopener\" data-start=\"1548\" data-end=\"1636\">P\u00e1gina del producto KRKRokit 8 G4<\/a><\/p>\n<h3 class=\"\" data-start=\"1638\" data-end=\"1670\">Rendimiento ac\u00fastico y DSP<\/h3>\n<p class=\"\" data-start=\"1671\" data-end=\"2184\">El DSP integrado te permite modelar con precisi\u00f3n la respuesta en frecuencia. Accede al ecualizador de tres bandas (estante alto, estante bajo y filtro de hendidura) y a los preajustes avanzados de ecualizador de l\u00edmite directamente desde el panel LCD frontal. El DSP integrado compensa las anomal\u00edas de la sala, garantizando una respuesta plana tanto si el altavoz est\u00e1 cerca de una pared como si est\u00e1 en una esquina o independiente. M\u00e1s informaci\u00f3n sobre el procesamiento digital de se\u00f1ales aqu\u00ed:   <br data-start=\"2064\" data-end=\"2067\"><a class=\"\" href=\"https:\/\/en.wikipedia.org\/wiki\/Digital_signal_processing\" target=\"_new\" rel=\"noopener\" data-start=\"2067\" data-end=\"2184\">Procesamiento digital de se\u00f1ales (DSP)  <\/a><\/p>\n<h3 class=\"\" data-start=\"2186\" data-end=\"2215\">Conectividad y controles<\/h3>\n<ul data-start=\"2216\" data-end=\"2499\">\n<li class=\"\" data-start=\"2216\" data-end=\"2277\">\n<p class=\"\" data-start=\"2218\" data-end=\"2277\"><strong data-start=\"2218\" data-end=\"2229\">Entradas:<\/strong> XLR balanceado y \u00bc\u2033 TRS, adem\u00e1s de RCA no balanceado.<\/p>\n<\/li>\n<li class=\"\" data-start=\"2278\" data-end=\"2384\">\n<p class=\"\" data-start=\"2280\" data-end=\"2384\"><strong data-start=\"2280\" data-end=\"2300\">Pantalla LCD en el panel frontal:<\/strong> Control intuitivo para volumen, ecualizador y selecci\u00f3n de presinton\u00edas sin software externo.<\/p>\n<\/li>\n<li class=\"\" data-start=\"2385\" data-end=\"2499\">\n<p class=\"\" data-start=\"2387\" data-end=\"2499\"><strong data-start=\"2387\" data-end=\"2409\">Seguridad y protecci\u00f3n:<\/strong> Ranura de bloqueo Kensington para disuadir robos y rejilla met\u00e1lica robusta para proteger los controladores.<\/p>\n<\/li>\n<\/ul>\n<h3 class=\"\" data-start=\"2501\" data-end=\"2531\">Aplicaciones y casos de uso<\/h3>\n<p class=\"\" data-start=\"2532\" data-end=\"2602\">Cuando <strong data-start=\"2541\" data-end=\"2570\">alquilas krk rokit 8 g4 ibiza<\/strong>, est\u00e1s eligiendo versatilidad:<\/p>\n<ul data-start=\"2603\" data-end=\"2855\">\n<li class=\"\" data-start=\"2603\" data-end=\"2691\">\n<p class=\"\" data-start=\"2605\" data-end=\"2691\"><strong data-start=\"2605\" data-end=\"2642\">Estudios de proyectos y grabaci\u00f3n dom\u00e9stica:<\/strong> Consigue mezclas de nivel de referencia con confianza.<\/p>\n<\/li>\n<li class=\"\" data-start=\"2692\" data-end=\"2779\">\n<p class=\"\" data-start=\"2694\" data-end=\"2779\"><strong data-start=\"2694\" data-end=\"2720\">Difusi\u00f3n y Streaming:<\/strong> Garantiza un seguimiento coherente en las distintas plataformas.<\/p>\n<\/li>\n<li class=\"\" data-start=\"2780\" data-end=\"2855\">\n<p class=\"\" data-start=\"2782\" data-end=\"2855\"><strong data-start=\"2782\" data-end=\"2814\">Postproducci\u00f3n y masterizaci\u00f3n:<\/strong> Escucha cada matiz para una edici\u00f3n precisa.<\/p>\n<\/li>\n<\/ul>\n<p class=\"\" data-start=\"2857\" data-end=\"3018\">Explora m\u00e1s opciones en nuestros <a class=\"cursor-pointer\" rel=\"noopener\" data-start=\"2958\" data-end=\"2996\">alquileres de<\/a> <a class=\"cursor-pointer\" rel=\"noopener\" data-start=\"2885\" data-end=\"2935\">monitores de estudio<\/a> o empar\u00e9jalos con nuestros alquileres de mezcladores de audio para una configuraci\u00f3n completa.<\/p>\n<h3 class=\"\" data-start=\"3020\" data-end=\"3042\">Alquiler y asistencia<\/h3>\n<p class=\"\" data-start=\"3043\" data-end=\"3114\">White Sound Ibiza ofrece un servicio completo para que tu alquiler sea perfecto:<\/p>\n<p class=\"\" data-start=\"3117\" data-end=\"3180\"><strong data-start=\"3117\" data-end=\"3139\">Entrega y recogida:<\/strong> Horario flexible en cualquier lugar de Ibiza.<\/p>\n<p class=\"\" data-start=\"3183\" data-end=\"3276\"><strong data-start=\"3183\" data-end=\"3207\">Calibraci\u00f3n in situ:<\/strong> Nuestros ingenieros te ayudar\u00e1n a marcar los preajustes DSP para tu sala.<\/p>\n<p class=\"\" data-start=\"3378\" data-end=\"3512\">Reserva ahora el <strong data-start=\"3390\" data-end=\"3419\">alquiler de krk rokit 8 g4 ibiza<\/strong> y experimenta una monitorizaci\u00f3n de calidad de referencia que eleva tu producci\u00f3n al siguiente nivel.<\/p>\n<style id=\"wpforms-css-vars-1077\">\n\t\t\t\t#wpforms-1077 {\n\t\t\t\t\n\t\t\t}\n\t\t\t<\/style><div class=\"wpforms-container wpforms-container-full wpforms-render-modern\" id=\"wpforms-1077\"><form id=\"wpforms-form-1077\" class=\"wpforms-validate wpforms-form wpforms-ajax-form\" data-formid=\"1077\" method=\"post\" enctype=\"multipart\/form-data\" action=\"\/es\/wp-json\/wp\/v2\/product\/48899\" data-token=\"34e6f77f38251e9479cffb49aae33134\" data-token-time=\"1777014511\"><noscript class=\"wpforms-error-noscript\">Por favor, activa JavaScript en tu navegador para completar este formulario.<\/noscript><div id=\"wpforms-error-noscript\" style=\"display: none;\">Por favor, activa JavaScript en tu navegador para completar este formulario.<\/div><div class=\"wpforms-field-container\"><div id=\"wpforms-1077-field_0-container\" class=\"wpforms-field wpforms-field-name\" data-field-id=\"0\"><fieldset><legend class=\"wpforms-field-label\">Nombre <span class=\"wpforms-required-label\" aria-hidden=\"true\">*<\/span><\/legend><div class=\"wpforms-field-row wpforms-field-medium\"><div class=\"wpforms-field-row-block wpforms-first wpforms-one-half\"><input type=\"text\" id=\"wpforms-1077-field_0\" class=\"wpforms-field-name-first wpforms-field-required\" name=\"wpforms[fields][0][first]\" placeholder=\"Nombre\" aria-errormessage=\"wpforms-1077-field_0-error\" required><label for=\"wpforms-1077-field_0\" class=\"wpforms-field-sublabel after wpforms-sublabel-hide\">Nombre<\/label><\/div><div class=\"wpforms-field-row-block wpforms-one-half\"><input type=\"text\" id=\"wpforms-1077-field_0-last\" class=\"wpforms-field-name-last wpforms-field-required\" name=\"wpforms[fields][0][last]\" placeholder=\"Apellidos\" aria-errormessage=\"wpforms-1077-field_0-last-error\" required><label for=\"wpforms-1077-field_0-last\" class=\"wpforms-field-sublabel after wpforms-sublabel-hide\">Apellidos<\/label><\/div><\/div><\/fieldset><\/div>\t\t<div id=\"wpforms-1077-field_3-container\"\n\t\t\tclass=\"wpforms-field wpforms-field-text\"\n\t\t\tdata-field-type=\"text\"\n\t\t\tdata-field-id=\"3\"\n\t\t\t>\n\t\t\t<label class=\"wpforms-field-label\" for=\"wpforms-1077-field_3\" >Hasta tel\u00e9fono Nombre<\/label>\n\t\t\t<input type=\"text\" id=\"wpforms-1077-field_3\" class=\"wpforms-field-medium\" name=\"wpforms[fields][3]\" >\n\t\t<\/div>\n\t\t<div id=\"wpforms-1077-field_7-container\" class=\"wpforms-field wpforms-field-layout\" data-field-id=\"7\"><div class=\"wpforms-field-layout-columns wpforms-field-layout-preset-50-50\"><div class=\"wpforms-layout-column wpforms-layout-column-50\" ><div id=\"wpforms-1077-field_1-container\" class=\"wpforms-field wpforms-field-email\" data-field-id=\"1\"><label class=\"wpforms-field-label\" for=\"wpforms-1077-field_1\">Env\u00eda un correo electr\u00f3nico a <span class=\"wpforms-required-label\" aria-hidden=\"true\">*<\/span><\/label><input type=\"email\" id=\"wpforms-1077-field_1\" class=\"wpforms-field-medium wpforms-field-required\" name=\"wpforms[fields][1]\" spellcheck=\"false\" aria-errormessage=\"wpforms-1077-field_1-error\" required><\/div><\/div><div class=\"wpforms-layout-column wpforms-layout-column-50\" ><div id=\"wpforms-1077-field_8-container\" class=\"wpforms-field wpforms-field-phone\" data-field-id=\"8\"><label class=\"wpforms-field-label\" for=\"wpforms-1077-field_8\">N\u00famero de tel\u00e9fono <span class=\"wpforms-required-label\" aria-hidden=\"true\">*<\/span><\/label><input type=\"tel\" id=\"wpforms-1077-field_8\" class=\"wpforms-field-medium wpforms-field-required wpforms-smart-phone-field\" data-rule-smart-phone-field=\"true\" name=\"wpforms[fields][8]\" aria-label=\"N\u00famero de tel\u00e9fono\" aria-errormessage=\"wpforms-1077-field_8-error\" required><\/div><\/div><\/div><\/div><div id=\"wpforms-1077-field_10-container\" class=\"wpforms-field wpforms-field-layout\" data-field-id=\"10\"><div class=\"wpforms-field-layout-columns wpforms-field-layout-preset-50-50\"><div class=\"wpforms-layout-column wpforms-layout-column-50\" ><div id=\"wpforms-1077-field_4-container\" class=\"wpforms-field wpforms-field-date-time\" data-field-id=\"4\"><label class=\"wpforms-field-label\" for=\"wpforms-1077-field_4\">Desde<\/label><div class=\"wpforms-datepicker-wrap\"><input type=\"text\" id=\"wpforms-1077-field_4\" class=\"wpforms-field-date-time-date wpforms-datepicker wpforms-field-small\" data-date-format=\"m\/d\/Y\" data-disable-past-dates=\"0\" data-input=\"true\" name=\"wpforms[fields][4][date]\" aria-errormessage=\"wpforms-1077-field_4-error\" ><a title=\"Borrar fecha\" data-clear role=\"button\" tabindex=\"0\" class=\"wpforms-datepicker-clear\" aria-label=\"Borrar fecha\" style=\"display:none;\"><\/a><\/div><\/div><\/div><div class=\"wpforms-layout-column wpforms-layout-column-50\" ><div id=\"wpforms-1077-field_9-container\" class=\"wpforms-field wpforms-field-date-time\" data-field-id=\"9\"><label class=\"wpforms-field-label\" for=\"wpforms-1077-field_9\">Hasta<\/label><div class=\"wpforms-datepicker-wrap\"><input type=\"text\" id=\"wpforms-1077-field_9\" class=\"wpforms-field-date-time-date wpforms-datepicker wpforms-field-small\" data-date-format=\"m\/d\/Y\" data-disable-past-dates=\"0\" data-input=\"true\" name=\"wpforms[fields][9][date]\" aria-errormessage=\"wpforms-1077-field_9-error\" ><a title=\"Borrar fecha\" data-clear role=\"button\" tabindex=\"0\" class=\"wpforms-datepicker-clear\" aria-label=\"Borrar fecha\" style=\"display:none;\"><\/a><\/div><\/div><\/div><\/div><\/div><div id=\"wpforms-1077-field_2-container\" class=\"wpforms-field wpforms-field-textarea\" data-field-id=\"2\"><label class=\"wpforms-field-label\" for=\"wpforms-1077-field_2\">Mensaje<\/label><textarea id=\"wpforms-1077-field_2\" class=\"wpforms-field-medium\" name=\"wpforms[fields][2]\" placeholder=\"\u00bfC\u00f3mo podemos ayudarte?\" aria-errormessage=\"wpforms-1077-field_2-error\" ><\/textarea><\/div><script>\n\t\t\t\t( function() {\n\t\t\t\t\tconst style = document.createElement( 'style' );\n\t\t\t\t\tstyle.appendChild( document.createTextNode( '#wpforms-1077-field_3-container { position: absolute !important; overflow: hidden !important; display: inline !important; height: 1px !important; width: 1px !important; z-index: -1000 !important; padding: 0 !important; } #wpforms-1077-field_3-container input { visibility: hidden; } #wpforms-conversational-form-page #wpforms-1077-field_3-container label { counter-increment: none; }' ) );\n\t\t\t\t\tdocument.head.appendChild( style );\n\t\t\t\t\tdocument.currentScript?.remove();\n\t\t\t\t} )();\n\t\t\t<\/script><\/div><!-- .wpforms-field-container --><div class=\"wpforms-recaptcha-container wpforms-is-recaptcha wpforms-is-recaptcha-type-v2\" ><div class=\"g-recaptcha\" data-sitekey=\"6LeS7gEkAAAAAO-EsXRwxTakHs6Q_9Z0rQYHkIS5\"><\/div><input type=\"text\" name=\"g-recaptcha-hidden\" class=\"wpforms-recaptcha-hidden\" style=\"position:absolute!important;clip:rect(0,0,0,0)!important;height:1px!important;width:1px!important;border:0!important;overflow:hidden!important;padding:0!important;margin:0!important;\" data-rule-recaptcha=\"1\"><\/div><div class=\"wpforms-submit-container\" ><input type=\"hidden\" name=\"wpforms[id]\" value=\"1077\"><input type=\"hidden\" name=\"page_title\" value=\"\"><input type=\"hidden\" name=\"page_url\" value=\"https:\/\/whitesoundibiza.com\/es\/wp-json\/wp\/v2\/product\/48899\"><input type=\"hidden\" name=\"url_referer\" value=\"\"><button type=\"submit\" name=\"wpforms[submit]\" id=\"wpforms-submit-1077\" class=\"wpforms-submit\" data-alt-text=\"Enviando...\" data-submit-text=\"Env\u00eda\" aria-live=\"assertive\" value=\"wpforms-submit\">Env\u00eda<\/button><img decoding=\"async\" src=\"https:\/\/whitesoundibiza.com\/wp-content\/plugins\/wpforms\/assets\/images\/submit-spin.svg\" class=\"wpforms-submit-spinner\" style=\"display: none;\" width=\"26\" height=\"26\" alt=\"Cargando\"><\/div><\/form><\/div>  <!-- .wpforms-container -->\n","protected":false},"excerpt":{"rendered":"<p class=\"\" data-start=\"329\" data-end=\"551\">Monitor de estudio activo de dos v\u00edas con woofer de 8\u2033 reforzado con Kevlar, tweeter de 1\u2033, DSP integrado, ajuste preciso de la sala y puerto de salida frontal, perfecto para mezclar y monitorizar con precisi\u00f3n en cualquier entorno.<\/p>\n<p class=\"\" data-start=\"553\" data-end=\"699\">\n","protected":false},"featured_media":48028,"template":"","meta":{"_joinchat":[]},"product_brand":[],"product_cat":[170],"product_tag":[],"class_list":{"0":"post-48899","1":"product","2":"type-product","3":"status-publish","4":"has-post-thumbnail","6":"product_cat-monitores","8":"first","9":"instock","10":"taxable","11":"shipping-taxable","12":"purchasable","13":"product-type-rentable"},"yoast_head":"<!-- This site is optimized with the Yoast SEO plugin v27.4 - https:\/\/yoast.com\/product\/yoast-seo-wordpress\/ -->\n<title>Alquiler KRK Rokit 8 G4 Ibiza | White Sound Ibiza<\/title>\n<meta name=\"description\" content=\"Alquila el monitor de estudio activo KRK Rokit 8 G4 en Ibiza con White Sound Ibiza. Woofer de Kevlar de 8\u2033, tweeter de c\u00fapula blanda de 1\u2033, ajuste de sala DSP integrado, puerto de disparo frontal y ecualizador de l\u00edmites avanzado.\" \/>\n<meta name=\"robots\" content=\"index, follow, max-snippet:-1, max-image-preview:large, max-video-preview:-1\" \/>\n<link rel=\"canonical\" href=\"https:\/\/whitesoundibiza.com\/es\/producto\/krk-rookit-8-g4\/\" \/>\n<meta property=\"og:locale\" content=\"es_ES\" \/>\n<meta property=\"og:type\" content=\"article\" \/>\n<meta property=\"og:title\" content=\"Alquiler KRK Rokit 8 G4 Ibiza | White Sound Ibiza\" \/>\n<meta property=\"og:description\" content=\"Alquila el monitor de estudio activo KRK Rokit 8 G4 en Ibiza con White Sound Ibiza. Woofer de Kevlar de 8\u2033, tweeter de c\u00fapula blanda de 1\u2033, ajuste de sala DSP integrado, puerto de disparo frontal y ecualizador de l\u00edmites avanzado.\" \/>\n<meta property=\"og:url\" content=\"https:\/\/whitesoundibiza.com\/es\/producto\/krk-rookit-8-g4\/\" \/>\n<meta property=\"og:site_name\" content=\"White Sound Ibiza - Delivering Fun\" \/>\n<meta property=\"article:modified_time\" content=\"2025-08-09T15:44:05+00:00\" \/>\n<meta property=\"og:image\" content=\"https:\/\/whitesoundibiza.com\/wp-content\/uploads\/2025\/01\/krk.jpeg\" \/>\n\t<meta property=\"og:image:width\" content=\"800\" \/>\n\t<meta property=\"og:image:height\" content=\"800\" \/>\n\t<meta property=\"og:image:type\" content=\"image\/jpeg\" \/>\n<meta name=\"twitter:card\" content=\"summary_large_image\" \/>\n<meta name=\"twitter:label1\" content=\"Tiempo de lectura\" \/>\n\t<meta name=\"twitter:data1\" content=\"3 minutos\" \/>\n<script type=\"application\/ld+json\" class=\"yoast-schema-graph\">{\"@context\":\"https:\\\/\\\/schema.org\",\"@graph\":[{\"@type\":\"WebPage\",\"@id\":\"https:\\\/\\\/whitesoundibiza.com\\\/es\\\/producto\\\/krk-rookit-8-g4\\\/\",\"url\":\"https:\\\/\\\/whitesoundibiza.com\\\/es\\\/producto\\\/krk-rookit-8-g4\\\/\",\"name\":\"Alquiler KRK Rokit 8 G4 Ibiza | White Sound Ibiza\",\"isPartOf\":{\"@id\":\"https:\\\/\\\/whitesoundibiza.com\\\/#website\"},\"primaryImageOfPage\":{\"@id\":\"https:\\\/\\\/whitesoundibiza.com\\\/es\\\/producto\\\/krk-rookit-8-g4\\\/#primaryimage\"},\"image\":{\"@id\":\"https:\\\/\\\/whitesoundibiza.com\\\/es\\\/producto\\\/krk-rookit-8-g4\\\/#primaryimage\"},\"thumbnailUrl\":\"https:\\\/\\\/whitesoundibiza.com\\\/wp-content\\\/uploads\\\/2025\\\/01\\\/krk.jpeg\",\"datePublished\":\"2025-03-18T19:52:42+00:00\",\"dateModified\":\"2025-08-09T15:44:05+00:00\",\"description\":\"Alquila el monitor de estudio activo KRK Rokit 8 G4 en Ibiza con White Sound Ibiza. Woofer de Kevlar de 8\u2033, tweeter de c\u00fapula blanda de 1\u2033, ajuste de sala DSP integrado, puerto de disparo frontal y ecualizador de l\u00edmites avanzado.\",\"breadcrumb\":{\"@id\":\"https:\\\/\\\/whitesoundibiza.com\\\/es\\\/producto\\\/krk-rookit-8-g4\\\/#breadcrumb\"},\"inLanguage\":\"es\",\"potentialAction\":[{\"@type\":\"ReadAction\",\"target\":[\"https:\\\/\\\/whitesoundibiza.com\\\/es\\\/producto\\\/krk-rookit-8-g4\\\/\"]}]},{\"@type\":\"ImageObject\",\"inLanguage\":\"es\",\"@id\":\"https:\\\/\\\/whitesoundibiza.com\\\/es\\\/producto\\\/krk-rookit-8-g4\\\/#primaryimage\",\"url\":\"https:\\\/\\\/whitesoundibiza.com\\\/wp-content\\\/uploads\\\/2025\\\/01\\\/krk.jpeg\",\"contentUrl\":\"https:\\\/\\\/whitesoundibiza.com\\\/wp-content\\\/uploads\\\/2025\\\/01\\\/krk.jpeg\",\"width\":800,\"height\":800,\"caption\":\"Monitor de estudio activo KRK Rokit 5 G4 con ecualizador DSP y puerto frontal disponible para alquilar en Ibiza en White Sound Ibiza\"},{\"@type\":\"BreadcrumbList\",\"@id\":\"https:\\\/\\\/whitesoundibiza.com\\\/es\\\/producto\\\/krk-rookit-8-g4\\\/#breadcrumb\",\"itemListElement\":[{\"@type\":\"ListItem\",\"position\":1,\"name\":\"Portada\",\"item\":\"https:\\\/\\\/whitesoundibiza.com\\\/\"},{\"@type\":\"ListItem\",\"position\":2,\"name\":\"Tienda\",\"item\":\"https:\\\/\\\/whitesoundibiza.com\\\/es\\\/tienda\\\/\"},{\"@type\":\"ListItem\",\"position\":3,\"name\":\"KRK Rookit 8 G4\"}]},{\"@type\":\"WebSite\",\"@id\":\"https:\\\/\\\/whitesoundibiza.com\\\/#website\",\"url\":\"https:\\\/\\\/whitesoundibiza.com\\\/\",\"name\":\"White Sound Ibiza\",\"description\":\"Rent Speakers in Ibiza\",\"publisher\":{\"@id\":\"https:\\\/\\\/whitesoundibiza.com\\\/#organization\"},\"potentialAction\":[{\"@type\":\"SearchAction\",\"target\":{\"@type\":\"EntryPoint\",\"urlTemplate\":\"https:\\\/\\\/whitesoundibiza.com\\\/?s={search_term_string}\"},\"query-input\":{\"@type\":\"PropertyValueSpecification\",\"valueRequired\":true,\"valueName\":\"search_term_string\"}}],\"inLanguage\":\"es\"},{\"@type\":\"Organization\",\"@id\":\"https:\\\/\\\/whitesoundibiza.com\\\/#organization\",\"name\":\"White Sound Ibiza\",\"url\":\"https:\\\/\\\/whitesoundibiza.com\\\/\",\"logo\":{\"@type\":\"ImageObject\",\"inLanguage\":\"es\",\"@id\":\"https:\\\/\\\/whitesoundibiza.com\\\/#\\\/schema\\\/logo\\\/image\\\/\",\"url\":\"https:\\\/\\\/whitesoundibiza.com\\\/wp-content\\\/uploads\\\/2025\\\/05\\\/ws_logo.jpg\",\"contentUrl\":\"https:\\\/\\\/whitesoundibiza.com\\\/wp-content\\\/uploads\\\/2025\\\/05\\\/ws_logo.jpg\",\"width\":800,\"height\":235,\"caption\":\"White Sound Ibiza\"},\"image\":{\"@id\":\"https:\\\/\\\/whitesoundibiza.com\\\/#\\\/schema\\\/logo\\\/image\\\/\"}}]}<\/script>\n<!-- \/ Yoast SEO plugin. -->","yoast_head_json":{"title":"Alquiler KRK Rokit 8 G4 Ibiza | White Sound Ibiza","description":"Alquila el monitor de estudio activo KRK Rokit 8 G4 en Ibiza con White Sound Ibiza. Woofer de Kevlar de 8\u2033, tweeter de c\u00fapula blanda de 1\u2033, ajuste de sala DSP integrado, puerto de disparo frontal y ecualizador de l\u00edmites avanzado.","robots":{"index":"index","follow":"follow","max-snippet":"max-snippet:-1","max-image-preview":"max-image-preview:large","max-video-preview":"max-video-preview:-1"},"canonical":"https:\/\/whitesoundibiza.com\/es\/producto\/krk-rookit-8-g4\/","og_locale":"es_ES","og_type":"article","og_title":"Alquiler KRK Rokit 8 G4 Ibiza | White Sound Ibiza","og_description":"Alquila el monitor de estudio activo KRK Rokit 8 G4 en Ibiza con White Sound Ibiza. Woofer de Kevlar de 8\u2033, tweeter de c\u00fapula blanda de 1\u2033, ajuste de sala DSP integrado, puerto de disparo frontal y ecualizador de l\u00edmites avanzado.","og_url":"https:\/\/whitesoundibiza.com\/es\/producto\/krk-rookit-8-g4\/","og_site_name":"White Sound Ibiza - Delivering Fun","article_modified_time":"2025-08-09T15:44:05+00:00","og_image":[{"width":800,"height":800,"url":"https:\/\/whitesoundibiza.com\/wp-content\/uploads\/2025\/01\/krk.jpeg","type":"image\/jpeg"}],"twitter_card":"summary_large_image","twitter_misc":{"Tiempo de lectura":"3 minutos"},"schema":{"@context":"https:\/\/schema.org","@graph":[{"@type":"WebPage","@id":"https:\/\/whitesoundibiza.com\/es\/producto\/krk-rookit-8-g4\/","url":"https:\/\/whitesoundibiza.com\/es\/producto\/krk-rookit-8-g4\/","name":"Alquiler KRK Rokit 8 G4 Ibiza | White Sound Ibiza","isPartOf":{"@id":"https:\/\/whitesoundibiza.com\/#website"},"primaryImageOfPage":{"@id":"https:\/\/whitesoundibiza.com\/es\/producto\/krk-rookit-8-g4\/#primaryimage"},"image":{"@id":"https:\/\/whitesoundibiza.com\/es\/producto\/krk-rookit-8-g4\/#primaryimage"},"thumbnailUrl":"https:\/\/whitesoundibiza.com\/wp-content\/uploads\/2025\/01\/krk.jpeg","datePublished":"2025-03-18T19:52:42+00:00","dateModified":"2025-08-09T15:44:05+00:00","description":"Alquila el monitor de estudio activo KRK Rokit 8 G4 en Ibiza con White Sound Ibiza. Woofer de Kevlar de 8\u2033, tweeter de c\u00fapula blanda de 1\u2033, ajuste de sala DSP integrado, puerto de disparo frontal y ecualizador de l\u00edmites avanzado.","breadcrumb":{"@id":"https:\/\/whitesoundibiza.com\/es\/producto\/krk-rookit-8-g4\/#breadcrumb"},"inLanguage":"es","potentialAction":[{"@type":"ReadAction","target":["https:\/\/whitesoundibiza.com\/es\/producto\/krk-rookit-8-g4\/"]}]},{"@type":"ImageObject","inLanguage":"es","@id":"https:\/\/whitesoundibiza.com\/es\/producto\/krk-rookit-8-g4\/#primaryimage","url":"https:\/\/whitesoundibiza.com\/wp-content\/uploads\/2025\/01\/krk.jpeg","contentUrl":"https:\/\/whitesoundibiza.com\/wp-content\/uploads\/2025\/01\/krk.jpeg","width":800,"height":800,"caption":"Monitor de estudio activo KRK Rokit 5 G4 con ecualizador DSP y puerto frontal disponible para alquilar en Ibiza en White Sound Ibiza"},{"@type":"BreadcrumbList","@id":"https:\/\/whitesoundibiza.com\/es\/producto\/krk-rookit-8-g4\/#breadcrumb","itemListElement":[{"@type":"ListItem","position":1,"name":"Portada","item":"https:\/\/whitesoundibiza.com\/"},{"@type":"ListItem","position":2,"name":"Tienda","item":"https:\/\/whitesoundibiza.com\/es\/tienda\/"},{"@type":"ListItem","position":3,"name":"KRK Rookit 8 G4"}]},{"@type":"WebSite","@id":"https:\/\/whitesoundibiza.com\/#website","url":"https:\/\/whitesoundibiza.com\/","name":"White Sound Ibiza","description":"Rent Speakers in Ibiza","publisher":{"@id":"https:\/\/whitesoundibiza.com\/#organization"},"potentialAction":[{"@type":"SearchAction","target":{"@type":"EntryPoint","urlTemplate":"https:\/\/whitesoundibiza.com\/?s={search_term_string}"},"query-input":{"@type":"PropertyValueSpecification","valueRequired":true,"valueName":"search_term_string"}}],"inLanguage":"es"},{"@type":"Organization","@id":"https:\/\/whitesoundibiza.com\/#organization","name":"White Sound Ibiza","url":"https:\/\/whitesoundibiza.com\/","logo":{"@type":"ImageObject","inLanguage":"es","@id":"https:\/\/whitesoundibiza.com\/#\/schema\/logo\/image\/","url":"https:\/\/whitesoundibiza.com\/wp-content\/uploads\/2025\/05\/ws_logo.jpg","contentUrl":"https:\/\/whitesoundibiza.com\/wp-content\/uploads\/2025\/05\/ws_logo.jpg","width":800,"height":235,"caption":"White Sound Ibiza"},"image":{"@id":"https:\/\/whitesoundibiza.com\/#\/schema\/logo\/image\/"}}]}},"_links":{"self":[{"href":"https:\/\/whitesoundibiza.com\/es\/wp-json\/wp\/v2\/product\/48899","targetHints":{"allow":["GET"]}}],"collection":[{"href":"https:\/\/whitesoundibiza.com\/es\/wp-json\/wp\/v2\/product"}],"about":[{"href":"https:\/\/whitesoundibiza.com\/es\/wp-json\/wp\/v2\/types\/product"}],"wp:featuredmedia":[{"embeddable":true,"href":"https:\/\/whitesoundibiza.com\/es\/wp-json\/wp\/v2\/media\/48028"}],"wp:attachment":[{"href":"https:\/\/whitesoundibiza.com\/es\/wp-json\/wp\/v2\/media?parent=48899"}],"wp:term":[{"taxonomy":"product_brand","embeddable":true,"href":"https:\/\/whitesoundibiza.com\/es\/wp-json\/wp\/v2\/product_brand?post=48899"},{"taxonomy":"product_cat","embeddable":true,"href":"https:\/\/whitesoundibiza.com\/es\/wp-json\/wp\/v2\/product_cat?post=48899"},{"taxonomy":"product_tag","embeddable":true,"href":"https:\/\/whitesoundibiza.com\/es\/wp-json\/wp\/v2\/product_tag?post=48899"}],"curies":[{"name":"wp","href":"https:\/\/api.w.org\/{rel}","templated":true}]}}