{"id":48892,"date":"2025-02-11T02:40:50","date_gmt":"2025-02-11T02:40:50","guid":{"rendered":"https:\/\/whitesoundibiza.com\/producto\/sennheiser-ew500-g4\/"},"modified":"2025-08-09T15:44:05","modified_gmt":"2025-08-09T15:44:05","slug":"sennheiser-ew500-g4","status":"publish","type":"product","link":"https:\/\/whitesoundibiza.com\/es\/producto\/sennheiser-ew500-g4\/","title":{"rendered":"Sennheiser Ew500 G4"},"content":{"rendered":"<p class=\"\" data-start=\"832\" data-end=\"1270\">Cuando <strong data-start=\"841\" data-end=\"876\">alquilas un sennheiser ew 500 g4 ibiza<\/strong>, recibes una soluci\u00f3n de microfon\u00eda inal\u00e1mbrica UHF completa y montable en bastidor, dise\u00f1ada para ofrecer fiabilidad y flexibilidad. La serie EW 500 G4 combina un robusto receptor diversity EM 500 G4 con el transmisor de bolsillo SK 500 G4 o el micro de mano SKM 500 G4, a elegir. Con hasta 88 MHz de ancho de banda de sintonizaci\u00f3n y soporte para hasta 32 canales simult\u00e1neos, se adapta a cualquier entorno de radiofrecuencia, en interiores o exteriores.  <\/p>\n<h3 class=\"\" data-start=\"1272\" data-end=\"1290\">Caracter\u00edsticas principales<\/h3>\n<ul data-start=\"1291\" data-end=\"2017\">\n<li class=\"\" data-start=\"1291\" data-end=\"1393\">\n<p class=\"\" data-start=\"1293\" data-end=\"1393\"><strong data-start=\"1293\" data-end=\"1317\">Recepci\u00f3n Diversity:<\/strong> El receptor EM 500 G4 utiliza antenas de diversidad real para minimizar las ca\u00eddas.<\/p>\n<\/li>\n<li class=\"\" data-start=\"1394\" data-end=\"1499\">\n<p class=\"\" data-start=\"1396\" data-end=\"1499\"><strong data-start=\"1396\" data-end=\"1418\">Sincronizaci\u00f3n IR de un toque:<\/strong> Haz coincidir r\u00e1pidamente los ajustes del transmisor y el receptor con la sincronizaci\u00f3n por infrarrojos.<\/p>\n<\/li>\n<li class=\"\" data-start=\"1500\" data-end=\"1625\">\n<p class=\"\" data-start=\"1502\" data-end=\"1625\"><strong data-start=\"1502\" data-end=\"1526\">Potencia de RF ajustable:<\/strong> Elige salida baja (10 mW), est\u00e1ndar (30 mW) o alta (50 mW) para optimizar el alcance y la duraci\u00f3n de la bater\u00eda.<\/p>\n<\/li>\n<li class=\"\" data-start=\"1626\" data-end=\"1753\">\n<p class=\"\" data-start=\"1628\" data-end=\"1753\"><strong data-start=\"1628\" data-end=\"1650\">Amplia banda de sintonizaci\u00f3n:<\/strong> la cobertura de 470-865 MHz garantiza que puedas encontrar canales n\u00edtidos incluso en festivales o eventos corporativos muy concurridos.<\/p>\n<\/li>\n<li class=\"\" data-start=\"1754\" data-end=\"1888\">\n<p class=\"\" data-start=\"1756\" data-end=\"1888\"><strong data-start=\"1756\" data-end=\"1773\">Duraci\u00f3n de las pilas:<\/strong> Disfruta de hasta 8 h de funcionamiento continuo con dos pilas AA (SK 500 G4) o AA\/BA 2015 recargables (SKM 500 G4).<\/p>\n<\/li>\n<li class=\"\" data-start=\"1889\" data-end=\"2017\">\n<p class=\"\" data-start=\"1891\" data-end=\"2017\"><strong data-start=\"1891\" data-end=\"1911\">Audio cifrado:<\/strong> Protege tu audio con la encriptaci\u00f3n AES 256 (opcional), perfecta para aplicaciones corporativas o de difusi\u00f3n.<\/p>\n<\/li>\n<\/ul>\n<p class=\"\" data-start=\"2019\" data-end=\"2160\">Obt\u00e9n m\u00e1s informaci\u00f3n sobre la tecnolog\u00eda que hay detr\u00e1s de la tecnolog\u00eda inal\u00e1mbrica UHF aqu\u00ed:<br data-start=\"2076\" data-end=\"2079\"><a class=\"\" href=\"https:\/\/en.wikipedia.org\/wiki\/UHF_band\" target=\"_new\" rel=\"noopener\" data-start=\"2079\" data-end=\"2160\">enlace de salida: Inal\u00e1mbrico UHF<\/a><\/p>\n<h3 class=\"\" data-start=\"2162\" data-end=\"2184\">Funcionamiento del sistema<\/h3>\n<p class=\"\" data-start=\"2185\" data-end=\"2551\">La instalaci\u00f3n es sencilla. S\u00f3lo tienes que montar el EM 500 G4 en un bastidor, conectar tu distribuci\u00f3n de antena o l\u00e1tigo simple y encenderlo. A continuaci\u00f3n, activa el transmisor, pulsa el bot\u00f3n &#8220;Sincronizar&#8221; y el IR configurar\u00e1 autom\u00e1ticamente la frecuencia, los niveles de audio y los ajustes de grupo. Este flujo de trabajo simplificado significa que puedes <strong data-start=\"2490\" data-end=\"2525\">alquilar sennheiser ew 500 g4 ibiza<\/strong> y estar en el aire en cuesti\u00f3n de minutos.   <\/p>\n<h3 class=\"\" data-start=\"2553\" data-end=\"2595\">Aplicaciones y alquileres complementarios<\/h3>\n<p class=\"\" data-start=\"2596\" data-end=\"2741\">Tanto si organizas un concierto, una conferencia o una retransmisi\u00f3n, el EW 500 G4 ofrece un audio claro y sin interferencias. Explora nuestras otras soluciones: <\/p>\n<ul data-start=\"2742\" data-end=\"2996\">\n<li class=\"\" data-start=\"2742\" data-end=\"2872\">\n<p class=\"\" data-start=\"2744\" data-end=\"2872\">Consulta nuestros <a class=\"cursor-pointer\" rel=\"noopener\" data-start=\"2754\" data-end=\"2810\">alquileres de micr\u00f3fonos inal\u00e1mbricos<\/a> para kits multicanal y servicios de coordinaci\u00f3n de frecuencias.<\/p>\n<\/li>\n<li class=\"\" data-start=\"2873\" data-end=\"2996\">\n<p class=\"\" data-start=\"2875\" data-end=\"2996\">Comb\u00ednalos con los <a class=\"cursor-pointer\" rel=\"noopener\" data-start=\"2905\" data-end=\"2962\">combinadores de RF de nuestra secci\u00f3n Combinadores y divisores de RF<\/a> para agilizar las configuraciones a gran escala.<\/p>\n<\/li>\n<\/ul>\n<h3 class=\"\" data-start=\"2998\" data-end=\"3020\">Alquiler y asistencia<\/h3>\n<p class=\"\" data-start=\"3021\" data-end=\"3116\">White Sound Ibiza te garantiza una experiencia perfecta cuando <strong data-start=\"3078\" data-end=\"3113\">alquiles sennheiser ew 500 g4 ibiza<\/strong>:<\/p>\n<p class=\"\" data-start=\"3119\" data-end=\"3177\"><strong data-start=\"3119\" data-end=\"3141\">Entrega y recogida:<\/strong> Programada en cualquier punto de la isla.<\/p>\n<p class=\"\" data-start=\"3180\" data-end=\"3275\"><strong data-start=\"3180\" data-end=\"3198\">Configuraci\u00f3n in situ:<\/strong> Nuestros t\u00e9cnicos configurar\u00e1n las frecuencias y optimizar\u00e1n la colocaci\u00f3n de la antena.<\/p>\n<p class=\"\" data-start=\"3385\" data-end=\"3512\">Reserva ahora el Sennheiser EW 500 G4 para tu pr\u00f3xima producci\u00f3n en Ibiza y disfruta de la libertad inal\u00e1mbrica con un audio cristalino.<\/p>\n<style id=\"wpforms-css-vars-1077\">\n\t\t\t\t#wpforms-1077 {\n\t\t\t\t\n\t\t\t}\n\t\t\t<\/style><div class=\"wpforms-container wpforms-container-full wpforms-render-modern\" id=\"wpforms-1077\"><form id=\"wpforms-form-1077\" class=\"wpforms-validate wpforms-form wpforms-ajax-form\" data-formid=\"1077\" method=\"post\" enctype=\"multipart\/form-data\" action=\"\/es\/wp-json\/wp\/v2\/product\/48892\" data-token=\"2d005c2a3fac27543c5896097c24d2d8\" data-token-time=\"1775848275\"><noscript class=\"wpforms-error-noscript\">Por favor, activa JavaScript en tu navegador para completar este formulario.<\/noscript><div id=\"wpforms-error-noscript\" style=\"display: none;\">Por favor, activa JavaScript en tu navegador para completar este formulario.<\/div><div class=\"wpforms-field-container\"><div id=\"wpforms-1077-field_0-container\" class=\"wpforms-field wpforms-field-name\" data-field-id=\"0\"><fieldset><legend class=\"wpforms-field-label\">Nombre <span class=\"wpforms-required-label\" aria-hidden=\"true\">*<\/span><\/legend><div class=\"wpforms-field-row wpforms-field-medium\"><div class=\"wpforms-field-row-block wpforms-first wpforms-one-half\"><input type=\"text\" id=\"wpforms-1077-field_0\" class=\"wpforms-field-name-first wpforms-field-required\" name=\"wpforms[fields][0][first]\" placeholder=\"Nombre\" aria-errormessage=\"wpforms-1077-field_0-error\" required><label for=\"wpforms-1077-field_0\" class=\"wpforms-field-sublabel after wpforms-sublabel-hide\">Nombre<\/label><\/div><div class=\"wpforms-field-row-block wpforms-one-half\"><input type=\"text\" id=\"wpforms-1077-field_0-last\" class=\"wpforms-field-name-last wpforms-field-required\" name=\"wpforms[fields][0][last]\" placeholder=\"Apellidos\" aria-errormessage=\"wpforms-1077-field_0-last-error\" required><label for=\"wpforms-1077-field_0-last\" class=\"wpforms-field-sublabel after wpforms-sublabel-hide\">Apellidos<\/label><\/div><\/div><\/fieldset><\/div>\t\t<div id=\"wpforms-1077-field_3-container\"\n\t\t\tclass=\"wpforms-field wpforms-field-text\"\n\t\t\tdata-field-type=\"text\"\n\t\t\tdata-field-id=\"3\"\n\t\t\t>\n\t\t\t<label class=\"wpforms-field-label\" for=\"wpforms-1077-field_3\" >un de Nombre<\/label>\n\t\t\t<input type=\"text\" id=\"wpforms-1077-field_3\" class=\"wpforms-field-medium\" name=\"wpforms[fields][3]\" >\n\t\t<\/div>\n\t\t<div id=\"wpforms-1077-field_7-container\" class=\"wpforms-field wpforms-field-layout\" data-field-id=\"7\"><div class=\"wpforms-field-layout-columns wpforms-field-layout-preset-50-50\"><div class=\"wpforms-layout-column wpforms-layout-column-50\" ><div id=\"wpforms-1077-field_1-container\" class=\"wpforms-field wpforms-field-email\" data-field-id=\"1\"><label class=\"wpforms-field-label\" for=\"wpforms-1077-field_1\">Env\u00eda un correo electr\u00f3nico a <span class=\"wpforms-required-label\" aria-hidden=\"true\">*<\/span><\/label><input type=\"email\" id=\"wpforms-1077-field_1\" class=\"wpforms-field-medium wpforms-field-required\" name=\"wpforms[fields][1]\" spellcheck=\"false\" aria-errormessage=\"wpforms-1077-field_1-error\" required><\/div><\/div><div class=\"wpforms-layout-column wpforms-layout-column-50\" ><div id=\"wpforms-1077-field_8-container\" class=\"wpforms-field wpforms-field-phone\" data-field-id=\"8\"><label class=\"wpforms-field-label\" for=\"wpforms-1077-field_8\">N\u00famero de tel\u00e9fono <span class=\"wpforms-required-label\" aria-hidden=\"true\">*<\/span><\/label><input type=\"tel\" id=\"wpforms-1077-field_8\" class=\"wpforms-field-medium wpforms-field-required wpforms-smart-phone-field\" data-rule-smart-phone-field=\"true\" name=\"wpforms[fields][8]\" aria-label=\"N\u00famero de tel\u00e9fono\" aria-errormessage=\"wpforms-1077-field_8-error\" required><\/div><\/div><\/div><\/div><div id=\"wpforms-1077-field_10-container\" class=\"wpforms-field wpforms-field-layout\" data-field-id=\"10\"><div class=\"wpforms-field-layout-columns wpforms-field-layout-preset-50-50\"><div class=\"wpforms-layout-column wpforms-layout-column-50\" ><div id=\"wpforms-1077-field_4-container\" class=\"wpforms-field wpforms-field-date-time\" data-field-id=\"4\"><label class=\"wpforms-field-label\" for=\"wpforms-1077-field_4\">Desde<\/label><div class=\"wpforms-datepicker-wrap\"><input type=\"text\" id=\"wpforms-1077-field_4\" class=\"wpforms-field-date-time-date wpforms-datepicker wpforms-field-small\" data-date-format=\"m\/d\/Y\" data-disable-past-dates=\"0\" data-input=\"true\" name=\"wpforms[fields][4][date]\" aria-errormessage=\"wpforms-1077-field_4-error\" ><a title=\"Borrar fecha\" data-clear role=\"button\" tabindex=\"0\" class=\"wpforms-datepicker-clear\" aria-label=\"Borrar fecha\" style=\"display:none;\"><\/a><\/div><\/div><\/div><div class=\"wpforms-layout-column wpforms-layout-column-50\" ><div id=\"wpforms-1077-field_9-container\" class=\"wpforms-field wpforms-field-date-time\" data-field-id=\"9\"><label class=\"wpforms-field-label\" for=\"wpforms-1077-field_9\">Hasta<\/label><div class=\"wpforms-datepicker-wrap\"><input type=\"text\" id=\"wpforms-1077-field_9\" class=\"wpforms-field-date-time-date wpforms-datepicker wpforms-field-small\" data-date-format=\"m\/d\/Y\" data-disable-past-dates=\"0\" data-input=\"true\" name=\"wpforms[fields][9][date]\" aria-errormessage=\"wpforms-1077-field_9-error\" ><a title=\"Borrar fecha\" data-clear role=\"button\" tabindex=\"0\" class=\"wpforms-datepicker-clear\" aria-label=\"Borrar fecha\" style=\"display:none;\"><\/a><\/div><\/div><\/div><\/div><\/div><div id=\"wpforms-1077-field_2-container\" class=\"wpforms-field wpforms-field-textarea\" data-field-id=\"2\"><label class=\"wpforms-field-label\" for=\"wpforms-1077-field_2\">Mensaje<\/label><textarea id=\"wpforms-1077-field_2\" class=\"wpforms-field-medium\" name=\"wpforms[fields][2]\" placeholder=\"\u00bfC\u00f3mo podemos ayudarte?\" aria-errormessage=\"wpforms-1077-field_2-error\" ><\/textarea><\/div><script>\n\t\t\t\t( function() {\n\t\t\t\t\tconst style = document.createElement( 'style' );\n\t\t\t\t\tstyle.appendChild( document.createTextNode( '#wpforms-1077-field_3-container { position: absolute !important; overflow: hidden !important; display: inline !important; height: 1px !important; width: 1px !important; z-index: -1000 !important; padding: 0 !important; } #wpforms-1077-field_3-container input { visibility: hidden; } #wpforms-conversational-form-page #wpforms-1077-field_3-container label { counter-increment: none; }' ) );\n\t\t\t\t\tdocument.head.appendChild( style );\n\t\t\t\t\tdocument.currentScript?.remove();\n\t\t\t\t} )();\n\t\t\t<\/script><\/div><!-- .wpforms-field-container --><div class=\"wpforms-recaptcha-container wpforms-is-recaptcha wpforms-is-recaptcha-type-v2\" ><div class=\"g-recaptcha\" data-sitekey=\"6LeS7gEkAAAAAO-EsXRwxTakHs6Q_9Z0rQYHkIS5\"><\/div><input type=\"text\" name=\"g-recaptcha-hidden\" class=\"wpforms-recaptcha-hidden\" style=\"position:absolute!important;clip:rect(0,0,0,0)!important;height:1px!important;width:1px!important;border:0!important;overflow:hidden!important;padding:0!important;margin:0!important;\" data-rule-recaptcha=\"1\"><\/div><div class=\"wpforms-submit-container\" ><input type=\"hidden\" name=\"wpforms[id]\" value=\"1077\"><input type=\"hidden\" name=\"page_title\" value=\"\"><input type=\"hidden\" name=\"page_url\" value=\"https:\/\/whitesoundibiza.com\/es\/wp-json\/wp\/v2\/product\/48892\"><input type=\"hidden\" name=\"url_referer\" value=\"\"><button type=\"submit\" name=\"wpforms[submit]\" id=\"wpforms-submit-1077\" class=\"wpforms-submit\" data-alt-text=\"Enviando...\" data-submit-text=\"Env\u00eda\" aria-live=\"assertive\" value=\"wpforms-submit\">Env\u00eda<\/button><img decoding=\"async\" src=\"https:\/\/whitesoundibiza.com\/wp-content\/plugins\/wpforms\/assets\/images\/submit-spin.svg\" class=\"wpforms-submit-spinner\" style=\"display: none;\" width=\"26\" height=\"26\" alt=\"Cargando\"><\/div><\/form><\/div>  <!-- .wpforms-container -->\n","protected":false},"excerpt":{"rendered":"<p>Sistema inal\u00e1mbrico UHF profesional con receptor Diversity montable en bastidor, opci\u00f3n de transmisor de petaca SK 500 G4 o transmisor de mano SKM 500 G4, sincronizaci\u00f3n IR de un toque y potencia de RF ajustable, ideal para eventos en directo e instalaciones.<\/p>\n","protected":false},"featured_media":0,"template":"","meta":{"_joinchat":[]},"product_brand":[],"product_cat":[],"product_tag":[],"class_list":{"0":"post-48892","1":"product","2":"type-product","3":"status-publish","6":"first","7":"instock","8":"taxable","9":"shipping-taxable","10":"purchasable","11":"product-type-rentable"},"yoast_head":"<!-- This site is optimized with the Yoast SEO plugin v27.3 - https:\/\/yoast.com\/product\/yoast-seo-wordpress\/ -->\n<title>alquiler sennheiser ew 500 g4 ibiza | White Sound Ibiza<\/title>\n<meta name=\"description\" content=\"Alquila el sistema de microfon\u00eda inal\u00e1mbrica Sennheiser EW 500 G4 en Ibiza con White Sound Ibiza. Receptor Diversity de montaje en bastidor, transmisores de petaca o de mano, rango de sintonizaci\u00f3n de hasta 88 MHz, sincronizaci\u00f3n por infrarrojos y 8 h de bater\u00eda. \u00a1Reserva ya!\" \/>\n<meta name=\"robots\" content=\"index, follow, max-snippet:-1, max-image-preview:large, max-video-preview:-1\" \/>\n<link rel=\"canonical\" href=\"https:\/\/whitesoundibiza.com\/es\/producto\/sennheiser-ew500-g4\/\" \/>\n<meta property=\"og:locale\" content=\"es_ES\" \/>\n<meta property=\"og:type\" content=\"article\" \/>\n<meta property=\"og:title\" content=\"alquiler sennheiser ew 500 g4 ibiza | White Sound Ibiza\" \/>\n<meta property=\"og:description\" content=\"Alquila el sistema de microfon\u00eda inal\u00e1mbrica Sennheiser EW 500 G4 en Ibiza con White Sound Ibiza. Receptor Diversity de montaje en bastidor, transmisores de petaca o de mano, rango de sintonizaci\u00f3n de hasta 88 MHz, sincronizaci\u00f3n por infrarrojos y 8 h de bater\u00eda. \u00a1Reserva ya!\" \/>\n<meta property=\"og:url\" content=\"https:\/\/whitesoundibiza.com\/es\/producto\/sennheiser-ew500-g4\/\" \/>\n<meta property=\"og:site_name\" content=\"White Sound Ibiza - Delivering Fun\" \/>\n<meta property=\"article:modified_time\" content=\"2025-08-09T15:44:05+00:00\" \/>\n<meta property=\"og:image\" content=\"https:\/\/whitesoundibiza.com\/wp-content\/uploads\/2025\/02\/receptorsenn.jpg\" \/>\n\t<meta property=\"og:image:width\" content=\"1000\" \/>\n\t<meta property=\"og:image:height\" content=\"1000\" \/>\n\t<meta property=\"og:image:type\" content=\"image\/jpeg\" \/>\n<meta name=\"twitter:card\" content=\"summary_large_image\" \/>\n<meta name=\"twitter:label1\" content=\"Tiempo de lectura\" \/>\n\t<meta name=\"twitter:data1\" content=\"3 minutos\" \/>\n<script type=\"application\/ld+json\" class=\"yoast-schema-graph\">{\"@context\":\"https:\\\/\\\/schema.org\",\"@graph\":[{\"@type\":\"WebPage\",\"@id\":\"https:\\\/\\\/whitesoundibiza.com\\\/es\\\/producto\\\/sennheiser-ew500-g4\\\/\",\"url\":\"https:\\\/\\\/whitesoundibiza.com\\\/es\\\/producto\\\/sennheiser-ew500-g4\\\/\",\"name\":\"alquiler sennheiser ew 500 g4 ibiza | White Sound Ibiza\",\"isPartOf\":{\"@id\":\"https:\\\/\\\/whitesoundibiza.com\\\/es\\\/#website\"},\"datePublished\":\"2025-02-11T02:40:50+00:00\",\"dateModified\":\"2025-08-09T15:44:05+00:00\",\"description\":\"Alquila el sistema de microfon\u00eda inal\u00e1mbrica Sennheiser EW 500 G4 en Ibiza con White Sound Ibiza. Receptor Diversity de montaje en bastidor, transmisores de petaca o de mano, rango de sintonizaci\u00f3n de hasta 88 MHz, sincronizaci\u00f3n por infrarrojos y 8 h de bater\u00eda. \u00a1Reserva ya!\",\"breadcrumb\":{\"@id\":\"https:\\\/\\\/whitesoundibiza.com\\\/es\\\/producto\\\/sennheiser-ew500-g4\\\/#breadcrumb\"},\"inLanguage\":\"es\",\"potentialAction\":[{\"@type\":\"ReadAction\",\"target\":[\"https:\\\/\\\/whitesoundibiza.com\\\/es\\\/producto\\\/sennheiser-ew500-g4\\\/\"]}]},{\"@type\":\"BreadcrumbList\",\"@id\":\"https:\\\/\\\/whitesoundibiza.com\\\/es\\\/producto\\\/sennheiser-ew500-g4\\\/#breadcrumb\",\"itemListElement\":[{\"@type\":\"ListItem\",\"position\":1,\"name\":\"Portada\",\"item\":\"https:\\\/\\\/whitesoundibiza.com\\\/es\\\/\"},{\"@type\":\"ListItem\",\"position\":2,\"name\":\"Tienda\",\"item\":\"https:\\\/\\\/whitesoundibiza.com\\\/es\\\/tienda\\\/\"},{\"@type\":\"ListItem\",\"position\":3,\"name\":\"Sennheiser Ew500 G4\"}]},{\"@type\":\"WebSite\",\"@id\":\"https:\\\/\\\/whitesoundibiza.com\\\/es\\\/#website\",\"url\":\"https:\\\/\\\/whitesoundibiza.com\\\/es\\\/\",\"name\":\"White Sound Ibiza\",\"description\":\"Rent Speakers in Ibiza\",\"publisher\":{\"@id\":\"https:\\\/\\\/whitesoundibiza.com\\\/es\\\/#organization\"},\"potentialAction\":[{\"@type\":\"SearchAction\",\"target\":{\"@type\":\"EntryPoint\",\"urlTemplate\":\"https:\\\/\\\/whitesoundibiza.com\\\/es\\\/?s={search_term_string}\"},\"query-input\":{\"@type\":\"PropertyValueSpecification\",\"valueRequired\":true,\"valueName\":\"search_term_string\"}}],\"inLanguage\":\"es\"},{\"@type\":\"Organization\",\"@id\":\"https:\\\/\\\/whitesoundibiza.com\\\/es\\\/#organization\",\"name\":\"White Sound Ibiza\",\"url\":\"https:\\\/\\\/whitesoundibiza.com\\\/es\\\/\",\"logo\":{\"@type\":\"ImageObject\",\"inLanguage\":\"es\",\"@id\":\"https:\\\/\\\/whitesoundibiza.com\\\/es\\\/#\\\/schema\\\/logo\\\/image\\\/\",\"url\":\"https:\\\/\\\/whitesoundibiza.com\\\/wp-content\\\/uploads\\\/2025\\\/05\\\/ws_logo.jpg\",\"contentUrl\":\"https:\\\/\\\/whitesoundibiza.com\\\/wp-content\\\/uploads\\\/2025\\\/05\\\/ws_logo.jpg\",\"width\":800,\"height\":235,\"caption\":\"White Sound Ibiza\"},\"image\":{\"@id\":\"https:\\\/\\\/whitesoundibiza.com\\\/es\\\/#\\\/schema\\\/logo\\\/image\\\/\"}}]}<\/script>\n<!-- \/ Yoast SEO plugin. -->","yoast_head_json":{"title":"alquiler sennheiser ew 500 g4 ibiza | White Sound Ibiza","description":"Alquila el sistema de microfon\u00eda inal\u00e1mbrica Sennheiser EW 500 G4 en Ibiza con White Sound Ibiza. Receptor Diversity de montaje en bastidor, transmisores de petaca o de mano, rango de sintonizaci\u00f3n de hasta 88 MHz, sincronizaci\u00f3n por infrarrojos y 8 h de bater\u00eda. \u00a1Reserva ya!","robots":{"index":"index","follow":"follow","max-snippet":"max-snippet:-1","max-image-preview":"max-image-preview:large","max-video-preview":"max-video-preview:-1"},"canonical":"https:\/\/whitesoundibiza.com\/es\/producto\/sennheiser-ew500-g4\/","og_locale":"es_ES","og_type":"article","og_title":"alquiler sennheiser ew 500 g4 ibiza | White Sound Ibiza","og_description":"Alquila el sistema de microfon\u00eda inal\u00e1mbrica Sennheiser EW 500 G4 en Ibiza con White Sound Ibiza. Receptor Diversity de montaje en bastidor, transmisores de petaca o de mano, rango de sintonizaci\u00f3n de hasta 88 MHz, sincronizaci\u00f3n por infrarrojos y 8 h de bater\u00eda. \u00a1Reserva ya!","og_url":"https:\/\/whitesoundibiza.com\/es\/producto\/sennheiser-ew500-g4\/","og_site_name":"White Sound Ibiza - Delivering Fun","article_modified_time":"2025-08-09T15:44:05+00:00","og_image":[{"width":1000,"height":1000,"url":"https:\/\/whitesoundibiza.com\/wp-content\/uploads\/2025\/02\/receptorsenn.jpg","type":"image\/jpeg"}],"twitter_card":"summary_large_image","twitter_misc":{"Tiempo de lectura":"3 minutos"},"schema":{"@context":"https:\/\/schema.org","@graph":[{"@type":"WebPage","@id":"https:\/\/whitesoundibiza.com\/es\/producto\/sennheiser-ew500-g4\/","url":"https:\/\/whitesoundibiza.com\/es\/producto\/sennheiser-ew500-g4\/","name":"alquiler sennheiser ew 500 g4 ibiza | White Sound Ibiza","isPartOf":{"@id":"https:\/\/whitesoundibiza.com\/es\/#website"},"datePublished":"2025-02-11T02:40:50+00:00","dateModified":"2025-08-09T15:44:05+00:00","description":"Alquila el sistema de microfon\u00eda inal\u00e1mbrica Sennheiser EW 500 G4 en Ibiza con White Sound Ibiza. Receptor Diversity de montaje en bastidor, transmisores de petaca o de mano, rango de sintonizaci\u00f3n de hasta 88 MHz, sincronizaci\u00f3n por infrarrojos y 8 h de bater\u00eda. \u00a1Reserva ya!","breadcrumb":{"@id":"https:\/\/whitesoundibiza.com\/es\/producto\/sennheiser-ew500-g4\/#breadcrumb"},"inLanguage":"es","potentialAction":[{"@type":"ReadAction","target":["https:\/\/whitesoundibiza.com\/es\/producto\/sennheiser-ew500-g4\/"]}]},{"@type":"BreadcrumbList","@id":"https:\/\/whitesoundibiza.com\/es\/producto\/sennheiser-ew500-g4\/#breadcrumb","itemListElement":[{"@type":"ListItem","position":1,"name":"Portada","item":"https:\/\/whitesoundibiza.com\/es\/"},{"@type":"ListItem","position":2,"name":"Tienda","item":"https:\/\/whitesoundibiza.com\/es\/tienda\/"},{"@type":"ListItem","position":3,"name":"Sennheiser Ew500 G4"}]},{"@type":"WebSite","@id":"https:\/\/whitesoundibiza.com\/es\/#website","url":"https:\/\/whitesoundibiza.com\/es\/","name":"White Sound Ibiza","description":"Rent Speakers in Ibiza","publisher":{"@id":"https:\/\/whitesoundibiza.com\/es\/#organization"},"potentialAction":[{"@type":"SearchAction","target":{"@type":"EntryPoint","urlTemplate":"https:\/\/whitesoundibiza.com\/es\/?s={search_term_string}"},"query-input":{"@type":"PropertyValueSpecification","valueRequired":true,"valueName":"search_term_string"}}],"inLanguage":"es"},{"@type":"Organization","@id":"https:\/\/whitesoundibiza.com\/es\/#organization","name":"White Sound Ibiza","url":"https:\/\/whitesoundibiza.com\/es\/","logo":{"@type":"ImageObject","inLanguage":"es","@id":"https:\/\/whitesoundibiza.com\/es\/#\/schema\/logo\/image\/","url":"https:\/\/whitesoundibiza.com\/wp-content\/uploads\/2025\/05\/ws_logo.jpg","contentUrl":"https:\/\/whitesoundibiza.com\/wp-content\/uploads\/2025\/05\/ws_logo.jpg","width":800,"height":235,"caption":"White Sound Ibiza"},"image":{"@id":"https:\/\/whitesoundibiza.com\/es\/#\/schema\/logo\/image\/"}}]}},"_links":{"self":[{"href":"https:\/\/whitesoundibiza.com\/es\/wp-json\/wp\/v2\/product\/48892","targetHints":{"allow":["GET"]}}],"collection":[{"href":"https:\/\/whitesoundibiza.com\/es\/wp-json\/wp\/v2\/product"}],"about":[{"href":"https:\/\/whitesoundibiza.com\/es\/wp-json\/wp\/v2\/types\/product"}],"wp:attachment":[{"href":"https:\/\/whitesoundibiza.com\/es\/wp-json\/wp\/v2\/media?parent=48892"}],"wp:term":[{"taxonomy":"product_brand","embeddable":true,"href":"https:\/\/whitesoundibiza.com\/es\/wp-json\/wp\/v2\/product_brand?post=48892"},{"taxonomy":"product_cat","embeddable":true,"href":"https:\/\/whitesoundibiza.com\/es\/wp-json\/wp\/v2\/product_cat?post=48892"},{"taxonomy":"product_tag","embeddable":true,"href":"https:\/\/whitesoundibiza.com\/es\/wp-json\/wp\/v2\/product_tag?post=48892"}],"curies":[{"name":"wp","href":"https:\/\/api.w.org\/{rel}","templated":true}]}}