{"id":48891,"date":"2025-02-11T02:28:52","date_gmt":"2025-02-11T02:28:52","guid":{"rendered":"https:\/\/whitesoundibiza.com\/producto\/sennheiser-skm500-e935-inalambrico\/"},"modified":"2025-08-09T15:43:57","modified_gmt":"2025-08-09T15:43:57","slug":"sennheiser-skm500-e935-inalambrico","status":"publish","type":"product","link":"https:\/\/whitesoundibiza.com\/es\/producto\/sennheiser-skm500-e935-inalambrico\/","title":{"rendered":"Sennheiser Skm500-E935 Inal\u00e1mbrico"},"content":{"rendered":"<p class=\"\" data-start=\"810\" data-end=\"1325\">Cuando <strong data-start=\"819\" data-end=\"865\">alquilas el sennheiser skm500-e935 wireless en ibiza<\/strong>, te aseguras un sistema vocal de mano de primer nivel fabricado para ofrecer fiabilidad y claridad. El paquete incluye un receptor Diversity EM 500 G4 para montaje en bastidor y el transmisor SKM 500 G4 equipado con la legendaria c\u00e1psula cardioide E 935 (sensibilidad de 87 dB SPL, respuesta en frecuencia de 40-18 000 Hz) . Con una salida de RF de hasta 50 mW y un amplio rango de sintonizaci\u00f3n de 88 MHz, puedes utilizar hasta 32 sistemas simult\u00e1neamente en entornos de RF saturados.  <\/p>\n<h3 class=\"\" data-start=\"1327\" data-end=\"1395\">Caracter\u00edsticas principales del <strong data-start=\"1347\" data-end=\"1393\">alquiler inal\u00e1mbrico sennheiser skm500-e935 ibiza<\/strong><\/h3>\n<ul data-start=\"1396\" data-end=\"1988\">\n<li class=\"\" data-start=\"1396\" data-end=\"1544\">\n<p class=\"\" data-start=\"1398\" data-end=\"1544\"><strong data-start=\"1398\" data-end=\"1433\">Receptor Diversity (EM 500 G4):<\/strong> El dise\u00f1o True Diversity reduce las ca\u00eddas y ofrece una recepci\u00f3n RF estable .<\/p>\n<\/li>\n<li class=\"\" data-start=\"1545\" data-end=\"1704\">\n<p class=\"\" data-start=\"1547\" data-end=\"1704\"><strong data-start=\"1547\" data-end=\"1585\">Transmisor de mano (SKM 500 G4):<\/strong> Cuerpo totalmente met\u00e1lico, circuito de audio equilibrado y potencia de RF de tres niveles (10\/30\/50 mW) para un alcance y una duraci\u00f3n de la bater\u00eda a medida.<\/p>\n<\/li>\n<li class=\"\" data-start=\"1705\" data-end=\"1858\">\n<p class=\"\" data-start=\"1707\" data-end=\"1858\"><strong data-start=\"1707\" data-end=\"1725\">C\u00e1psula E 935:<\/strong> C\u00e1psula din\u00e1mica cardioide profesional optimizada para voces en directo, con excelente rechazo fuera del eje y supresi\u00f3n del ruido de manipulaci\u00f3n.<\/p>\n<\/li>\n<li class=\"\" data-start=\"1859\" data-end=\"1988\">\n<p class=\"\" data-start=\"1861\" data-end=\"1988\"><strong data-start=\"1861\" data-end=\"1879\">Sincronizaci\u00f3n por infrarrojos:<\/strong> La sincronizaci\u00f3n por infrarrojos con un solo toque hace coincidir autom\u00e1ticamente las frecuencias del transmisor y el receptor sin necesidad de bucear por los men\u00fas.<\/p>\n<\/li>\n<\/ul>\n<h3 class=\"\" data-start=\"1990\" data-end=\"2018\">Calidad de dise\u00f1o y construcci\u00f3n<\/h3>\n<p class=\"\" data-start=\"2019\" data-end=\"2365\">El SKM 500 G4 tiene una robusta carcasa de fundici\u00f3n inyectada de cinc y rosca de c\u00e1psula desmontable, lo que permite a los m\u00fasicos y presentadores cambiar de c\u00e1psula r\u00e1pidamente. Su empu\u00f1adura ergon\u00f3mica y el equilibrio de su peso garantizan un manejo c\u00f3modo durante actuaciones prolongadas. Para ver m\u00e1s opciones de c\u00e1psulas, visita la <a class=\"cursor-pointer\" rel=\"noopener\" data-start=\"2299\" data-end=\"2364\">secci\u00f3n de accesorios para micr\u00f3fonos<\/a>.  <\/p>\n<h3 class=\"\" data-start=\"2367\" data-end=\"2407\">Rendimiento y fiabilidad inal\u00e1mbricos<\/h3>\n<p class=\"\" data-start=\"2408\" data-end=\"2822\">El receptor EM 500 G4, que funciona en la banda UHF (470-865 MHz), incorpora el silenciador de tono piloto de Sennheiser para eliminar el ruido de radiofrecuencia cuando se apagan los transmisores. La baja latencia del sistema (&lt;2,3 ms) mantiene una sincronizaci\u00f3n labial perfecta para emisiones en directo y rodajes multic\u00e1mara. M\u00e1s informaci\u00f3n sobre micr\u00f3fonos inal\u00e1mbricos aqu\u00ed:  <br data-start=\"2720\" data-end=\"2723\"><a class=\"\" href=\"https:\/\/en.wikipedia.org\/wiki\/Wireless_microphone\" target=\"_new\" rel=\"noopener\" data-start=\"2723\" data-end=\"2822\">enlace de salida: Micr\u00f3fono inal\u00e1mbrico &#8211; Wikipedia<\/a><\/p>\n<h3 class=\"\" data-start=\"2824\" data-end=\"2866\">Aplicaciones y alquileres complementarios<\/h3>\n<p class=\"\" data-start=\"2867\" data-end=\"3255\">Tanto si <strong data-start=\"2879\" data-end=\"2925\">alquilas un sennheiser skm500-e935 ibiza inal\u00e1mbrico<\/strong> para voces en directo, presentaciones corporativas o entrevistas para televisi\u00f3n, este sistema ofrece audio de calidad profesional. Comb\u00ednalo con nuestros <a class=\"cursor-pointer\" rel=\"noopener\" data-start=\"3057\" data-end=\"3109\">alquileres de sistemas inal\u00e1mbricos<\/a> para configuraciones multicanal, o a\u00f1ade <a class=\"cursor-pointer\" rel=\"noopener\" data-start=\"3143\" data-end=\"3181\">alquileres de mezcladores de audio<\/a> y <a class=\"cursor-pointer\" rel=\"noopener\" data-start=\"3186\" data-end=\"3227\">alquileres de altavoces PA<\/a> para completar tu equipo de sonido. <\/p>\n<h3 class=\"\" data-start=\"3257\" data-end=\"3279\">Alquiler y asistencia<\/h3>\n<p class=\"\" data-start=\"3280\" data-end=\"3309\">White Sound Ibiza proporciona:<\/p>\n<ul data-start=\"3310\" data-end=\"3551\">\n<li class=\"\" data-start=\"3310\" data-end=\"3377\">\n<p class=\"\" data-start=\"3312\" data-end=\"3377\"><strong data-start=\"3312\" data-end=\"3334\">Entrega y recogida:<\/strong> C\u00f3moda programaci\u00f3n en cualquier lugar de Ibiza.<\/p>\n<\/li>\n<li class=\"\" data-start=\"3378\" data-end=\"3463\">\n<p class=\"\" data-start=\"3380\" data-end=\"3463\"><strong data-start=\"3380\" data-end=\"3398\">Configuraci\u00f3n in situ:<\/strong> Coordinaci\u00f3n de frecuencias y comprobaci\u00f3n del sistema por nuestros t\u00e9cnicos de radiofrecuencia.<\/p>\n<\/li>\n<li class=\"\" data-start=\"3464\" data-end=\"3551\">\n<p class=\"\" data-start=\"3466\" data-end=\"3551\"><strong data-start=\"3466\" data-end=\"3496\">Asistencia t\u00e9cnica 24 horas al d\u00eda, 7 d\u00edas a la semana:<\/strong> Visita nuestra <a class=\"cursor-pointer\" rel=\"noopener\" data-start=\"3507\" data-end=\"3531\">p\u00e1gina de asistencia<\/a> o ll\u00e1manos en cualquier momento.<\/p>\n<\/li>\n<\/ul>\n<p class=\"\" data-start=\"3553\" data-end=\"3680\">\u00a1Reserva ahora el <strong data-start=\"3565\" data-end=\"3611\">alquiler de sennheiser skm500-e935 wireless ibiza<\/strong> y eleva tu rendimiento con un audio inal\u00e1mbrico pr\u00edstino y fiable!<\/p>\n<style id=\"wpforms-css-vars-1077\">\n\t\t\t\t#wpforms-1077 {\n\t\t\t\t\n\t\t\t}\n\t\t\t<\/style><div class=\"wpforms-container wpforms-container-full wpforms-render-modern\" id=\"wpforms-1077\"><form id=\"wpforms-form-1077\" class=\"wpforms-validate wpforms-form wpforms-ajax-form\" data-formid=\"1077\" method=\"post\" enctype=\"multipart\/form-data\" action=\"\/es\/wp-json\/wp\/v2\/product\/48891\" data-token=\"2d005c2a3fac27543c5896097c24d2d8\" data-token-time=\"1775847861\"><noscript class=\"wpforms-error-noscript\">Por favor, activa JavaScript en tu navegador para completar este formulario.<\/noscript><div id=\"wpforms-error-noscript\" style=\"display: none;\">Por favor, activa JavaScript en tu navegador para completar este formulario.<\/div><div class=\"wpforms-field-container\"><div id=\"wpforms-1077-field_0-container\" class=\"wpforms-field wpforms-field-name\" data-field-id=\"0\"><fieldset><legend class=\"wpforms-field-label\">Nombre <span class=\"wpforms-required-label\" aria-hidden=\"true\">*<\/span><\/legend><div class=\"wpforms-field-row wpforms-field-medium\"><div class=\"wpforms-field-row-block wpforms-first wpforms-one-half\"><input type=\"text\" id=\"wpforms-1077-field_0\" class=\"wpforms-field-name-first wpforms-field-required\" name=\"wpforms[fields][0][first]\" placeholder=\"Nombre\" aria-errormessage=\"wpforms-1077-field_0-error\" required><label for=\"wpforms-1077-field_0\" class=\"wpforms-field-sublabel after wpforms-sublabel-hide\">Nombre<\/label><\/div><div class=\"wpforms-field-row-block wpforms-one-half\"><input type=\"text\" id=\"wpforms-1077-field_0-last\" class=\"wpforms-field-name-last wpforms-field-required\" name=\"wpforms[fields][0][last]\" placeholder=\"Apellidos\" aria-errormessage=\"wpforms-1077-field_0-last-error\" required><label for=\"wpforms-1077-field_0-last\" class=\"wpforms-field-sublabel after wpforms-sublabel-hide\">Apellidos<\/label><\/div><\/div><\/fieldset><\/div>\t\t<div id=\"wpforms-1077-field_3-container\"\n\t\t\tclass=\"wpforms-field wpforms-field-text\"\n\t\t\tdata-field-type=\"text\"\n\t\t\tdata-field-id=\"3\"\n\t\t\t>\n\t\t\t<label class=\"wpforms-field-label\" for=\"wpforms-1077-field_3\" >de Mensaje Dise\u00f1o<\/label>\n\t\t\t<input type=\"text\" id=\"wpforms-1077-field_3\" class=\"wpforms-field-medium\" name=\"wpforms[fields][3]\" >\n\t\t<\/div>\n\t\t<div id=\"wpforms-1077-field_7-container\" class=\"wpforms-field wpforms-field-layout\" data-field-id=\"7\"><div class=\"wpforms-field-layout-columns wpforms-field-layout-preset-50-50\"><div class=\"wpforms-layout-column wpforms-layout-column-50\" ><div id=\"wpforms-1077-field_1-container\" class=\"wpforms-field wpforms-field-email\" data-field-id=\"1\"><label class=\"wpforms-field-label\" for=\"wpforms-1077-field_1\">Env\u00eda un correo electr\u00f3nico a <span class=\"wpforms-required-label\" aria-hidden=\"true\">*<\/span><\/label><input type=\"email\" id=\"wpforms-1077-field_1\" class=\"wpforms-field-medium wpforms-field-required\" name=\"wpforms[fields][1]\" spellcheck=\"false\" aria-errormessage=\"wpforms-1077-field_1-error\" required><\/div><\/div><div class=\"wpforms-layout-column wpforms-layout-column-50\" ><div id=\"wpforms-1077-field_8-container\" class=\"wpforms-field wpforms-field-phone\" data-field-id=\"8\"><label class=\"wpforms-field-label\" for=\"wpforms-1077-field_8\">N\u00famero de tel\u00e9fono <span class=\"wpforms-required-label\" aria-hidden=\"true\">*<\/span><\/label><input type=\"tel\" id=\"wpforms-1077-field_8\" class=\"wpforms-field-medium wpforms-field-required wpforms-smart-phone-field\" data-rule-smart-phone-field=\"true\" name=\"wpforms[fields][8]\" aria-label=\"N\u00famero de tel\u00e9fono\" aria-errormessage=\"wpforms-1077-field_8-error\" required><\/div><\/div><\/div><\/div><div id=\"wpforms-1077-field_10-container\" class=\"wpforms-field wpforms-field-layout\" data-field-id=\"10\"><div class=\"wpforms-field-layout-columns wpforms-field-layout-preset-50-50\"><div class=\"wpforms-layout-column wpforms-layout-column-50\" ><div id=\"wpforms-1077-field_4-container\" class=\"wpforms-field wpforms-field-date-time\" data-field-id=\"4\"><label class=\"wpforms-field-label\" for=\"wpforms-1077-field_4\">Desde<\/label><div class=\"wpforms-datepicker-wrap\"><input type=\"text\" id=\"wpforms-1077-field_4\" class=\"wpforms-field-date-time-date wpforms-datepicker wpforms-field-small\" data-date-format=\"m\/d\/Y\" data-disable-past-dates=\"0\" data-input=\"true\" name=\"wpforms[fields][4][date]\" aria-errormessage=\"wpforms-1077-field_4-error\" ><a title=\"Borrar fecha\" data-clear role=\"button\" tabindex=\"0\" class=\"wpforms-datepicker-clear\" aria-label=\"Borrar fecha\" style=\"display:none;\"><\/a><\/div><\/div><\/div><div class=\"wpforms-layout-column wpforms-layout-column-50\" ><div id=\"wpforms-1077-field_9-container\" class=\"wpforms-field wpforms-field-date-time\" data-field-id=\"9\"><label class=\"wpforms-field-label\" for=\"wpforms-1077-field_9\">Hasta<\/label><div class=\"wpforms-datepicker-wrap\"><input type=\"text\" id=\"wpforms-1077-field_9\" class=\"wpforms-field-date-time-date wpforms-datepicker wpforms-field-small\" data-date-format=\"m\/d\/Y\" data-disable-past-dates=\"0\" data-input=\"true\" name=\"wpforms[fields][9][date]\" aria-errormessage=\"wpforms-1077-field_9-error\" ><a title=\"Borrar fecha\" data-clear role=\"button\" tabindex=\"0\" class=\"wpforms-datepicker-clear\" aria-label=\"Borrar fecha\" style=\"display:none;\"><\/a><\/div><\/div><\/div><\/div><\/div><div id=\"wpforms-1077-field_2-container\" class=\"wpforms-field wpforms-field-textarea\" data-field-id=\"2\"><label class=\"wpforms-field-label\" for=\"wpforms-1077-field_2\">Mensaje<\/label><textarea id=\"wpforms-1077-field_2\" class=\"wpforms-field-medium\" name=\"wpforms[fields][2]\" placeholder=\"\u00bfC\u00f3mo podemos ayudarte?\" aria-errormessage=\"wpforms-1077-field_2-error\" ><\/textarea><\/div><script>\n\t\t\t\t( function() {\n\t\t\t\t\tconst style = document.createElement( 'style' );\n\t\t\t\t\tstyle.appendChild( document.createTextNode( '#wpforms-1077-field_3-container { position: absolute !important; overflow: hidden !important; display: inline !important; height: 1px !important; width: 1px !important; z-index: -1000 !important; padding: 0 !important; } #wpforms-1077-field_3-container input { visibility: hidden; } #wpforms-conversational-form-page #wpforms-1077-field_3-container label { counter-increment: none; }' ) );\n\t\t\t\t\tdocument.head.appendChild( style );\n\t\t\t\t\tdocument.currentScript?.remove();\n\t\t\t\t} )();\n\t\t\t<\/script><\/div><!-- .wpforms-field-container --><div class=\"wpforms-recaptcha-container wpforms-is-recaptcha wpforms-is-recaptcha-type-v2\" ><div class=\"g-recaptcha\" data-sitekey=\"6LeS7gEkAAAAAO-EsXRwxTakHs6Q_9Z0rQYHkIS5\"><\/div><input type=\"text\" name=\"g-recaptcha-hidden\" class=\"wpforms-recaptcha-hidden\" style=\"position:absolute!important;clip:rect(0,0,0,0)!important;height:1px!important;width:1px!important;border:0!important;overflow:hidden!important;padding:0!important;margin:0!important;\" data-rule-recaptcha=\"1\"><\/div><div class=\"wpforms-submit-container\" ><input type=\"hidden\" name=\"wpforms[id]\" value=\"1077\"><input type=\"hidden\" name=\"page_title\" value=\"\"><input type=\"hidden\" name=\"page_url\" value=\"https:\/\/whitesoundibiza.com\/es\/wp-json\/wp\/v2\/product\/48891\"><input type=\"hidden\" name=\"url_referer\" value=\"\"><button type=\"submit\" name=\"wpforms[submit]\" id=\"wpforms-submit-1077\" class=\"wpforms-submit\" data-alt-text=\"Enviando...\" data-submit-text=\"Env\u00eda\" aria-live=\"assertive\" value=\"wpforms-submit\">Env\u00eda<\/button><img decoding=\"async\" src=\"https:\/\/whitesoundibiza.com\/wp-content\/plugins\/wpforms\/assets\/images\/submit-spin.svg\" class=\"wpforms-submit-spinner\" style=\"display: none;\" width=\"26\" height=\"26\" alt=\"Cargando\"><\/div><\/form><\/div>  <!-- .wpforms-container -->\n","protected":false},"excerpt":{"rendered":"<p class=\"\" data-start=\"383\" data-end=\"601\">Sistema inal\u00e1mbrico de mano profesional con receptor Diversity SKM 500 G4, c\u00e1psula cardioide E 935, potencia de RF de 50 mW, sincronizaci\u00f3n IR de un toque y hasta 8 h de duraci\u00f3n de la bater\u00eda, ideal para voces y discursos en directo.<\/p>\n<p class=\"\" data-start=\"603\" data-end=\"743\">\n","protected":false},"featured_media":0,"template":"","meta":{"_joinchat":[]},"product_brand":[],"product_cat":[],"product_tag":[],"class_list":{"0":"post-48891","1":"product","2":"type-product","3":"status-publish","6":"first","7":"instock","8":"taxable","9":"shipping-taxable","10":"purchasable","11":"product-type-rentable"},"yoast_head":"<!-- This site is optimized with the Yoast SEO plugin v27.3 - https:\/\/yoast.com\/product\/yoast-seo-wordpress\/ -->\n<title>alquiler sennheiser skm500-e935 ibiza | White Sound Ibiza<\/title>\n<meta name=\"description\" content=\"alquila sennheiser skm500-e935 con c\u00e1psula E 935 en Ibiza de White Sound Ibiza. Receptor True Diversity, potencia RF de hasta 50 mW, sincronizaci\u00f3n por infrarrojos y robusto micr\u00f3fono met\u00e1lico. \u00a1Reserva ahora!\" \/>\n<meta name=\"robots\" content=\"index, follow, max-snippet:-1, max-image-preview:large, max-video-preview:-1\" \/>\n<link rel=\"canonical\" href=\"https:\/\/whitesoundibiza.com\/es\/producto\/sennheiser-skm500-e935-inalambrico\/\" \/>\n<meta property=\"og:locale\" content=\"es_ES\" \/>\n<meta property=\"og:type\" content=\"article\" \/>\n<meta property=\"og:title\" content=\"alquiler sennheiser skm500-e935 ibiza | White Sound Ibiza\" \/>\n<meta property=\"og:description\" content=\"alquila sennheiser skm500-e935 con c\u00e1psula E 935 en Ibiza de White Sound Ibiza. Receptor True Diversity, potencia RF de hasta 50 mW, sincronizaci\u00f3n por infrarrojos y robusto micr\u00f3fono met\u00e1lico. \u00a1Reserva ahora!\" \/>\n<meta property=\"og:url\" content=\"https:\/\/whitesoundibiza.com\/es\/producto\/sennheiser-skm500-e935-inalambrico\/\" \/>\n<meta property=\"og:site_name\" content=\"White Sound Ibiza - Delivering Fun\" \/>\n<meta property=\"article:modified_time\" content=\"2025-08-09T15:43:57+00:00\" \/>\n<meta property=\"og:image\" content=\"https:\/\/whitesoundibiza.com\/wp-content\/uploads\/2025\/02\/935945.jpg\" \/>\n\t<meta property=\"og:image:width\" content=\"1000\" \/>\n\t<meta property=\"og:image:height\" content=\"1000\" \/>\n\t<meta property=\"og:image:type\" content=\"image\/jpeg\" \/>\n<meta name=\"twitter:card\" content=\"summary_large_image\" \/>\n<meta name=\"twitter:label1\" content=\"Tiempo de lectura\" \/>\n\t<meta name=\"twitter:data1\" content=\"3 minutos\" \/>\n<script type=\"application\/ld+json\" class=\"yoast-schema-graph\">{\"@context\":\"https:\\\/\\\/schema.org\",\"@graph\":[{\"@type\":\"WebPage\",\"@id\":\"https:\\\/\\\/whitesoundibiza.com\\\/es\\\/producto\\\/sennheiser-skm500-e935-inalambrico\\\/\",\"url\":\"https:\\\/\\\/whitesoundibiza.com\\\/es\\\/producto\\\/sennheiser-skm500-e935-inalambrico\\\/\",\"name\":\"alquiler sennheiser skm500-e935 ibiza | White Sound Ibiza\",\"isPartOf\":{\"@id\":\"https:\\\/\\\/whitesoundibiza.com\\\/es\\\/#website\"},\"datePublished\":\"2025-02-11T02:28:52+00:00\",\"dateModified\":\"2025-08-09T15:43:57+00:00\",\"description\":\"alquila sennheiser skm500-e935 con c\u00e1psula E 935 en Ibiza de White Sound Ibiza. Receptor True Diversity, potencia RF de hasta 50 mW, sincronizaci\u00f3n por infrarrojos y robusto micr\u00f3fono met\u00e1lico. \u00a1Reserva ahora!\",\"breadcrumb\":{\"@id\":\"https:\\\/\\\/whitesoundibiza.com\\\/es\\\/producto\\\/sennheiser-skm500-e935-inalambrico\\\/#breadcrumb\"},\"inLanguage\":\"es\",\"potentialAction\":[{\"@type\":\"ReadAction\",\"target\":[\"https:\\\/\\\/whitesoundibiza.com\\\/es\\\/producto\\\/sennheiser-skm500-e935-inalambrico\\\/\"]}]},{\"@type\":\"BreadcrumbList\",\"@id\":\"https:\\\/\\\/whitesoundibiza.com\\\/es\\\/producto\\\/sennheiser-skm500-e935-inalambrico\\\/#breadcrumb\",\"itemListElement\":[{\"@type\":\"ListItem\",\"position\":1,\"name\":\"Portada\",\"item\":\"https:\\\/\\\/whitesoundibiza.com\\\/es\\\/\"},{\"@type\":\"ListItem\",\"position\":2,\"name\":\"Tienda\",\"item\":\"https:\\\/\\\/whitesoundibiza.com\\\/es\\\/tienda\\\/\"},{\"@type\":\"ListItem\",\"position\":3,\"name\":\"Sennheiser Skm500-E935 Inal\u00e1mbrico\"}]},{\"@type\":\"WebSite\",\"@id\":\"https:\\\/\\\/whitesoundibiza.com\\\/es\\\/#website\",\"url\":\"https:\\\/\\\/whitesoundibiza.com\\\/es\\\/\",\"name\":\"White Sound Ibiza\",\"description\":\"Rent Speakers in Ibiza\",\"publisher\":{\"@id\":\"https:\\\/\\\/whitesoundibiza.com\\\/es\\\/#organization\"},\"potentialAction\":[{\"@type\":\"SearchAction\",\"target\":{\"@type\":\"EntryPoint\",\"urlTemplate\":\"https:\\\/\\\/whitesoundibiza.com\\\/es\\\/?s={search_term_string}\"},\"query-input\":{\"@type\":\"PropertyValueSpecification\",\"valueRequired\":true,\"valueName\":\"search_term_string\"}}],\"inLanguage\":\"es\"},{\"@type\":\"Organization\",\"@id\":\"https:\\\/\\\/whitesoundibiza.com\\\/es\\\/#organization\",\"name\":\"White Sound Ibiza\",\"url\":\"https:\\\/\\\/whitesoundibiza.com\\\/es\\\/\",\"logo\":{\"@type\":\"ImageObject\",\"inLanguage\":\"es\",\"@id\":\"https:\\\/\\\/whitesoundibiza.com\\\/es\\\/#\\\/schema\\\/logo\\\/image\\\/\",\"url\":\"https:\\\/\\\/whitesoundibiza.com\\\/wp-content\\\/uploads\\\/2025\\\/05\\\/ws_logo.jpg\",\"contentUrl\":\"https:\\\/\\\/whitesoundibiza.com\\\/wp-content\\\/uploads\\\/2025\\\/05\\\/ws_logo.jpg\",\"width\":800,\"height\":235,\"caption\":\"White Sound Ibiza\"},\"image\":{\"@id\":\"https:\\\/\\\/whitesoundibiza.com\\\/es\\\/#\\\/schema\\\/logo\\\/image\\\/\"}}]}<\/script>\n<!-- \/ Yoast SEO plugin. -->","yoast_head_json":{"title":"alquiler sennheiser skm500-e935 ibiza | White Sound Ibiza","description":"alquila sennheiser skm500-e935 con c\u00e1psula E 935 en Ibiza de White Sound Ibiza. Receptor True Diversity, potencia RF de hasta 50 mW, sincronizaci\u00f3n por infrarrojos y robusto micr\u00f3fono met\u00e1lico. \u00a1Reserva ahora!","robots":{"index":"index","follow":"follow","max-snippet":"max-snippet:-1","max-image-preview":"max-image-preview:large","max-video-preview":"max-video-preview:-1"},"canonical":"https:\/\/whitesoundibiza.com\/es\/producto\/sennheiser-skm500-e935-inalambrico\/","og_locale":"es_ES","og_type":"article","og_title":"alquiler sennheiser skm500-e935 ibiza | White Sound Ibiza","og_description":"alquila sennheiser skm500-e935 con c\u00e1psula E 935 en Ibiza de White Sound Ibiza. Receptor True Diversity, potencia RF de hasta 50 mW, sincronizaci\u00f3n por infrarrojos y robusto micr\u00f3fono met\u00e1lico. \u00a1Reserva ahora!","og_url":"https:\/\/whitesoundibiza.com\/es\/producto\/sennheiser-skm500-e935-inalambrico\/","og_site_name":"White Sound Ibiza - Delivering Fun","article_modified_time":"2025-08-09T15:43:57+00:00","og_image":[{"width":1000,"height":1000,"url":"https:\/\/whitesoundibiza.com\/wp-content\/uploads\/2025\/02\/935945.jpg","type":"image\/jpeg"}],"twitter_card":"summary_large_image","twitter_misc":{"Tiempo de lectura":"3 minutos"},"schema":{"@context":"https:\/\/schema.org","@graph":[{"@type":"WebPage","@id":"https:\/\/whitesoundibiza.com\/es\/producto\/sennheiser-skm500-e935-inalambrico\/","url":"https:\/\/whitesoundibiza.com\/es\/producto\/sennheiser-skm500-e935-inalambrico\/","name":"alquiler sennheiser skm500-e935 ibiza | White Sound Ibiza","isPartOf":{"@id":"https:\/\/whitesoundibiza.com\/es\/#website"},"datePublished":"2025-02-11T02:28:52+00:00","dateModified":"2025-08-09T15:43:57+00:00","description":"alquila sennheiser skm500-e935 con c\u00e1psula E 935 en Ibiza de White Sound Ibiza. Receptor True Diversity, potencia RF de hasta 50 mW, sincronizaci\u00f3n por infrarrojos y robusto micr\u00f3fono met\u00e1lico. \u00a1Reserva ahora!","breadcrumb":{"@id":"https:\/\/whitesoundibiza.com\/es\/producto\/sennheiser-skm500-e935-inalambrico\/#breadcrumb"},"inLanguage":"es","potentialAction":[{"@type":"ReadAction","target":["https:\/\/whitesoundibiza.com\/es\/producto\/sennheiser-skm500-e935-inalambrico\/"]}]},{"@type":"BreadcrumbList","@id":"https:\/\/whitesoundibiza.com\/es\/producto\/sennheiser-skm500-e935-inalambrico\/#breadcrumb","itemListElement":[{"@type":"ListItem","position":1,"name":"Portada","item":"https:\/\/whitesoundibiza.com\/es\/"},{"@type":"ListItem","position":2,"name":"Tienda","item":"https:\/\/whitesoundibiza.com\/es\/tienda\/"},{"@type":"ListItem","position":3,"name":"Sennheiser Skm500-E935 Inal\u00e1mbrico"}]},{"@type":"WebSite","@id":"https:\/\/whitesoundibiza.com\/es\/#website","url":"https:\/\/whitesoundibiza.com\/es\/","name":"White Sound Ibiza","description":"Rent Speakers in Ibiza","publisher":{"@id":"https:\/\/whitesoundibiza.com\/es\/#organization"},"potentialAction":[{"@type":"SearchAction","target":{"@type":"EntryPoint","urlTemplate":"https:\/\/whitesoundibiza.com\/es\/?s={search_term_string}"},"query-input":{"@type":"PropertyValueSpecification","valueRequired":true,"valueName":"search_term_string"}}],"inLanguage":"es"},{"@type":"Organization","@id":"https:\/\/whitesoundibiza.com\/es\/#organization","name":"White Sound Ibiza","url":"https:\/\/whitesoundibiza.com\/es\/","logo":{"@type":"ImageObject","inLanguage":"es","@id":"https:\/\/whitesoundibiza.com\/es\/#\/schema\/logo\/image\/","url":"https:\/\/whitesoundibiza.com\/wp-content\/uploads\/2025\/05\/ws_logo.jpg","contentUrl":"https:\/\/whitesoundibiza.com\/wp-content\/uploads\/2025\/05\/ws_logo.jpg","width":800,"height":235,"caption":"White Sound Ibiza"},"image":{"@id":"https:\/\/whitesoundibiza.com\/es\/#\/schema\/logo\/image\/"}}]}},"_links":{"self":[{"href":"https:\/\/whitesoundibiza.com\/es\/wp-json\/wp\/v2\/product\/48891","targetHints":{"allow":["GET"]}}],"collection":[{"href":"https:\/\/whitesoundibiza.com\/es\/wp-json\/wp\/v2\/product"}],"about":[{"href":"https:\/\/whitesoundibiza.com\/es\/wp-json\/wp\/v2\/types\/product"}],"wp:attachment":[{"href":"https:\/\/whitesoundibiza.com\/es\/wp-json\/wp\/v2\/media?parent=48891"}],"wp:term":[{"taxonomy":"product_brand","embeddable":true,"href":"https:\/\/whitesoundibiza.com\/es\/wp-json\/wp\/v2\/product_brand?post=48891"},{"taxonomy":"product_cat","embeddable":true,"href":"https:\/\/whitesoundibiza.com\/es\/wp-json\/wp\/v2\/product_cat?post=48891"},{"taxonomy":"product_tag","embeddable":true,"href":"https:\/\/whitesoundibiza.com\/es\/wp-json\/wp\/v2\/product_tag?post=48891"}],"curies":[{"name":"wp","href":"https:\/\/api.w.org\/{rel}","templated":true}]}}