{"id":48889,"date":"2025-02-10T19:26:31","date_gmt":"2025-02-10T19:26:31","guid":{"rendered":"https:\/\/whitesoundibiza.com\/producto\/genelec-8040\/"},"modified":"2025-08-09T15:43:46","modified_gmt":"2025-08-09T15:43:46","slug":"genelec-8040","status":"publish","type":"product","link":"https:\/\/whitesoundibiza.com\/es\/producto\/genelec-8040\/","title":{"rendered":"Genelec 8040"},"content":{"rendered":"<p class=\"\" data-start=\"753\" data-end=\"1141\">Al <strong data-start=\"762\" data-end=\"789\">alquilar el genelec 8040 ibiza<\/strong>, te aseguras un monitor de campo cercano famoso por su precisi\u00f3n y neutralidad. El 8040B incorpora un woofer coaxial de 6,5\u2033 y un tweeter de c\u00fapula met\u00e1lica de 0,75\u2033 accionados por dos amplificadores de clase D (90 W LF, 90 W HF). Con un SPL m\u00e1ximo de 105 dB y una respuesta en frecuencia de hasta 41 Hz (-6 dB), reproduce cada detalle de tu mezcla <span class=\"ms-1 inline-flex max-w-full items-center relative top-[-0.094rem] animate-[show_150ms_ease-in]\"><a class=\"flex h-4.5 overflow-hidden rounded-xl px-2 text-[0.5625em] font-medium text-token-text-secondary! bg-[#F4F4F4]! dark:bg-[#303030]! transition-colors duration-150 ease-in-out\" href=\"https:\/\/www.genelec.com\/8040b?utm_source=chatgpt.com\" target=\"_blank\" rel=\"noopener\"><span class=\"relative start-0 bottom-0 flex h-full w-full items-center\"><span class=\"flex h-4 w-full items-center justify-between overflow-hidden\"><span class=\"max-w-full grow truncate overflow-hidden text-center\">genelec.com<\/span><\/span><\/span><\/a><\/span>.<\/p>\n<h3 class=\"\" data-start=\"1143\" data-end=\"1163\">Dise\u00f1o y construcci\u00f3n<\/h3>\n<p class=\"\" data-start=\"1164\" data-end=\"1515\">Alojado en una carcasa de aluminio reciclado, el 8040B combina rigidez con transparencia ac\u00fastica. Su delgado soporte Iso-Pod\u2122 (incluido) mantiene una distancia l\u00edmite \u00f3ptima y desacopla el monitor de la superficie, reduciendo la coloraci\u00f3n. La Directivity Control Waveguide\u2122 (DCW\u2122) garantiza una dispersi\u00f3n y un equilibrio tonal uniformes en toda la zona de escucha.<\/p>\n<h3 class=\"\" data-start=\"1517\" data-end=\"1543\">Rendimiento ac\u00fastico<\/h3>\n<p class=\"\" data-start=\"1544\" data-end=\"1949\">La tecnolog\u00eda DCW\u2122 de Genelec proporciona un campo sonoro uniforme con directividad controlada, minimizando los reflejos y las interacciones con la sala. Esto produce un punto dulce estable tanto si <strong data-start=\"1720\" data-end=\"1747\">alquilas genelec 8040 ibiza<\/strong> para seguimiento en solitario como para configuraciones multimonitor. El tweeter de c\u00fapula met\u00e1lica SMO\u2122 proporciona agudos n\u00edtidos, mientras que el cono r\u00edgido del woofer mantiene una respuesta de graves ajustada y ampliada. <span class=\"ms-1 inline-flex max-w-full items-center relative top-[-0.094rem] animate-[show_150ms_ease-in]\"><a class=\"flex h-4.5 overflow-hidden rounded-xl px-2 text-[0.5625em] font-medium text-token-text-secondary! bg-[#F4F4F4]! dark:bg-[#303030]! transition-colors duration-150 ease-in-out\" href=\"https:\/\/www.genelec.com\/8040b?utm_source=chatgpt.com\" target=\"_blank\" rel=\"noopener\"><span class=\"relative start-0 bottom-0 flex h-full w-full items-center\"><span class=\"flex h-4 w-full items-center justify-between overflow-hidden\"><span class=\"max-w-full grow truncate overflow-hidden text-center\">genelec.com<\/span><\/span><\/span><\/a><\/span>.<\/p>\n<h3 class=\"\" data-start=\"1951\" data-end=\"1974\">DSP y Calibraci\u00f3n<\/h3>\n<p class=\"\" data-start=\"1975\" data-end=\"2375\">El software AutoCal GLM\u2122 (Genelec Loudspeaker Manager) integrado te permite corregir los modos de la sala y la alineaci\u00f3n de los altavoces mediante mediciones guiadas. S\u00f3lo tienes que conectar el monitor a un ordenador a trav\u00e9s de Ethernet, ejecutar AutoCal y tu sistema se adaptar\u00e1 a cualquier sala de control o cabina de retransmisi\u00f3n en directo. Para m\u00e1s informaci\u00f3n sobre la tecnolog\u00eda de altavoces activos, consulta <a class=\"\" href=\"https:\/\/en.wikipedia.org\/wiki\/Active_loudspeaker\" target=\"_new\" rel=\"noopener\" data-start=\"2292\" data-end=\"2374\">Altavoz activo<\/a>.<\/p>\n<h3 class=\"\" data-start=\"2377\" data-end=\"2406\">Conectividad y controles<\/h3>\n<p class=\"\" data-start=\"2407\" data-end=\"2756\">El 8040B ofrece entradas XLR balanceadas con sensibilidad de entrada seleccionable e interruptor de polaridad. El interruptor de alimentaci\u00f3n del panel frontal y el modo de espera ISS\u2122 (Intelligent Signal Sensing) reducen el consumo de energ\u00eda cuando est\u00e1 inactivo. Ideal para conectar a interfaces de audio, consolas mezcladoras o estaciones de trabajo digitales con facilidad plug-and-play <span class=\"ms-1 inline-flex max-w-full items-center relative top-[-0.094rem] animate-[show_150ms_ease-in]\"><a class=\"flex h-4.5 overflow-hidden rounded-xl px-2 text-[0.5625em] font-medium text-token-text-secondary! bg-[#F4F4F4]! dark:bg-[#303030]! transition-colors duration-150 ease-in-out\" href=\"https:\/\/www.proaudiola.com\/genelec-8040b-p\/gen-8040bpm.htm?srsltid=AfmBOop--W2D-h-jzptv1L6FQnV_5HMpDjKcbSfKRmKvyI-jcjw-xkOd&amp;utm_source=chatgpt.com\" target=\"_blank\" rel=\"noopener\"><span class=\"relative start-0 bottom-0 flex h-full w-full items-center\"><span class=\"flex h-4 w-full items-center justify-between overflow-hidden\"><span class=\"max-w-full grow truncate overflow-hidden text-center\">Audio profesional LA<\/span><\/span><\/span><\/a><\/span>.<\/p>\n<h3 class=\"\" data-start=\"2758\" data-end=\"2793\">Aplicaciones y enlaces internos<\/h3>\n<p class=\"\" data-start=\"2794\" data-end=\"3075\">Perfecto para estudios de proyectos, camiones de emisi\u00f3n y salas de postproducci\u00f3n, el 8040B proporciona una monitorizaci\u00f3n de referencia. Explora nuestros otros <a class=\"cursor-pointer\" rel=\"noopener\" data-start=\"2934\" data-end=\"2984\">alquileres de monitores de estudio<\/a> o comb\u00ednalos con nuestros <a class=\"cursor-pointer\" rel=\"noopener\" data-start=\"3002\" data-end=\"3040\">alquileres de mezcladores de<\/a> audio para una configuraci\u00f3n completa de la sala de control.<\/p>\n<h3 class=\"\" data-start=\"3077\" data-end=\"3099\">Alquiler y asistencia<\/h3>\n<p class=\"\" data-start=\"3100\" data-end=\"3185\">White Sound Ibiza ofrece un servicio completo llave en mano cuando <strong data-start=\"3155\" data-end=\"3182\">alquilas genelec 8040 ibiza<\/strong>:<\/p>\n<p class=\"\" data-start=\"3188\" data-end=\"3251\"><strong data-start=\"3188\" data-end=\"3210\">Entrega y recogida:<\/strong> Horario flexible en cualquier lugar de Ibiza.<\/p>\n<p class=\"\" data-start=\"3188\" data-end=\"3251\"><strong data-start=\"3254\" data-end=\"3278\">Calibraci\u00f3n in situ:<\/strong> Asistencia para la configuraci\u00f3n del GLM\u2122 por parte de nuestros ingenieros.<\/p>\n<p class=\"\" data-start=\"3407\" data-end=\"3507\">Reserva ahora para elevar tus mezclas con el Genelec 8040B, \u00a1tu monitor de referencia para una precisi\u00f3n sin compromisos!<\/p>\n<style id=\"wpforms-css-vars-1077\">\n\t\t\t\t#wpforms-1077 {\n\t\t\t\t\n\t\t\t}\n\t\t\t<\/style><div class=\"wpforms-container wpforms-container-full wpforms-render-modern\" id=\"wpforms-1077\"><form id=\"wpforms-form-1077\" class=\"wpforms-validate wpforms-form wpforms-ajax-form\" data-formid=\"1077\" method=\"post\" enctype=\"multipart\/form-data\" action=\"\/es\/wp-json\/wp\/v2\/product\/48889\" data-token=\"2d005c2a3fac27543c5896097c24d2d8\" data-token-time=\"1775841092\"><noscript class=\"wpforms-error-noscript\">Por favor, activa JavaScript en tu navegador para completar este formulario.<\/noscript><div id=\"wpforms-error-noscript\" style=\"display: none;\">Por favor, activa JavaScript en tu navegador para completar este formulario.<\/div><div class=\"wpforms-field-container\"><div id=\"wpforms-1077-field_0-container\" class=\"wpforms-field wpforms-field-name\" data-field-id=\"0\"><fieldset><legend class=\"wpforms-field-label\">Nombre <span class=\"wpforms-required-label\" aria-hidden=\"true\">*<\/span><\/legend><div class=\"wpforms-field-row wpforms-field-medium\"><div class=\"wpforms-field-row-block wpforms-first wpforms-one-half\"><input type=\"text\" id=\"wpforms-1077-field_0\" class=\"wpforms-field-name-first wpforms-field-required\" name=\"wpforms[fields][0][first]\" placeholder=\"Nombre\" aria-errormessage=\"wpforms-1077-field_0-error\" required><label for=\"wpforms-1077-field_0\" class=\"wpforms-field-sublabel after wpforms-sublabel-hide\">Nombre<\/label><\/div><div class=\"wpforms-field-row-block wpforms-one-half\"><input type=\"text\" id=\"wpforms-1077-field_0-last\" class=\"wpforms-field-name-last wpforms-field-required\" name=\"wpforms[fields][0][last]\" placeholder=\"Apellidos\" aria-errormessage=\"wpforms-1077-field_0-last-error\" required><label for=\"wpforms-1077-field_0-last\" class=\"wpforms-field-sublabel after wpforms-sublabel-hide\">Apellidos<\/label><\/div><\/div><\/fieldset><\/div>\t\t<div id=\"wpforms-1077-field_3-container\"\n\t\t\tclass=\"wpforms-field wpforms-field-text\"\n\t\t\tdata-field-type=\"text\"\n\t\t\tdata-field-id=\"3\"\n\t\t\t>\n\t\t\t<label class=\"wpforms-field-label\" for=\"wpforms-1077-field_3\" >Dise\u00f1o tel\u00e9fono Mensaje<\/label>\n\t\t\t<input type=\"text\" id=\"wpforms-1077-field_3\" class=\"wpforms-field-medium\" name=\"wpforms[fields][3]\" >\n\t\t<\/div>\n\t\t<div id=\"wpforms-1077-field_7-container\" class=\"wpforms-field wpforms-field-layout\" data-field-id=\"7\"><div class=\"wpforms-field-layout-columns wpforms-field-layout-preset-50-50\"><div class=\"wpforms-layout-column wpforms-layout-column-50\" ><div id=\"wpforms-1077-field_1-container\" class=\"wpforms-field wpforms-field-email\" data-field-id=\"1\"><label class=\"wpforms-field-label\" for=\"wpforms-1077-field_1\">Env\u00eda un correo electr\u00f3nico a <span class=\"wpforms-required-label\" aria-hidden=\"true\">*<\/span><\/label><input type=\"email\" id=\"wpforms-1077-field_1\" class=\"wpforms-field-medium wpforms-field-required\" name=\"wpforms[fields][1]\" spellcheck=\"false\" aria-errormessage=\"wpforms-1077-field_1-error\" required><\/div><\/div><div class=\"wpforms-layout-column wpforms-layout-column-50\" ><div id=\"wpforms-1077-field_8-container\" class=\"wpforms-field wpforms-field-phone\" data-field-id=\"8\"><label class=\"wpforms-field-label\" for=\"wpforms-1077-field_8\">N\u00famero de tel\u00e9fono <span class=\"wpforms-required-label\" aria-hidden=\"true\">*<\/span><\/label><input type=\"tel\" id=\"wpforms-1077-field_8\" class=\"wpforms-field-medium wpforms-field-required wpforms-smart-phone-field\" data-rule-smart-phone-field=\"true\" name=\"wpforms[fields][8]\" aria-label=\"N\u00famero de tel\u00e9fono\" aria-errormessage=\"wpforms-1077-field_8-error\" required><\/div><\/div><\/div><\/div><div id=\"wpforms-1077-field_10-container\" class=\"wpforms-field wpforms-field-layout\" data-field-id=\"10\"><div class=\"wpforms-field-layout-columns wpforms-field-layout-preset-50-50\"><div class=\"wpforms-layout-column wpforms-layout-column-50\" ><div id=\"wpforms-1077-field_4-container\" class=\"wpforms-field wpforms-field-date-time\" data-field-id=\"4\"><label class=\"wpforms-field-label\" for=\"wpforms-1077-field_4\">Desde<\/label><div class=\"wpforms-datepicker-wrap\"><input type=\"text\" id=\"wpforms-1077-field_4\" class=\"wpforms-field-date-time-date wpforms-datepicker wpforms-field-small\" data-date-format=\"m\/d\/Y\" data-disable-past-dates=\"0\" data-input=\"true\" name=\"wpforms[fields][4][date]\" aria-errormessage=\"wpforms-1077-field_4-error\" ><a title=\"Borrar fecha\" data-clear role=\"button\" tabindex=\"0\" class=\"wpforms-datepicker-clear\" aria-label=\"Borrar fecha\" style=\"display:none;\"><\/a><\/div><\/div><\/div><div class=\"wpforms-layout-column wpforms-layout-column-50\" ><div id=\"wpforms-1077-field_9-container\" class=\"wpforms-field wpforms-field-date-time\" data-field-id=\"9\"><label class=\"wpforms-field-label\" for=\"wpforms-1077-field_9\">Hasta<\/label><div class=\"wpforms-datepicker-wrap\"><input type=\"text\" id=\"wpforms-1077-field_9\" class=\"wpforms-field-date-time-date wpforms-datepicker wpforms-field-small\" data-date-format=\"m\/d\/Y\" data-disable-past-dates=\"0\" data-input=\"true\" name=\"wpforms[fields][9][date]\" aria-errormessage=\"wpforms-1077-field_9-error\" ><a title=\"Borrar fecha\" data-clear role=\"button\" tabindex=\"0\" class=\"wpforms-datepicker-clear\" aria-label=\"Borrar fecha\" style=\"display:none;\"><\/a><\/div><\/div><\/div><\/div><\/div><div id=\"wpforms-1077-field_2-container\" class=\"wpforms-field wpforms-field-textarea\" data-field-id=\"2\"><label class=\"wpforms-field-label\" for=\"wpforms-1077-field_2\">Mensaje<\/label><textarea id=\"wpforms-1077-field_2\" class=\"wpforms-field-medium\" name=\"wpforms[fields][2]\" placeholder=\"\u00bfC\u00f3mo podemos ayudarte?\" aria-errormessage=\"wpforms-1077-field_2-error\" ><\/textarea><\/div><script>\n\t\t\t\t( function() {\n\t\t\t\t\tconst style = document.createElement( 'style' );\n\t\t\t\t\tstyle.appendChild( document.createTextNode( '#wpforms-1077-field_3-container { position: absolute !important; overflow: hidden !important; display: inline !important; height: 1px !important; width: 1px !important; z-index: -1000 !important; padding: 0 !important; } #wpforms-1077-field_3-container input { visibility: hidden; } #wpforms-conversational-form-page #wpforms-1077-field_3-container label { counter-increment: none; }' ) );\n\t\t\t\t\tdocument.head.appendChild( style );\n\t\t\t\t\tdocument.currentScript?.remove();\n\t\t\t\t} )();\n\t\t\t<\/script><\/div><!-- .wpforms-field-container --><div class=\"wpforms-recaptcha-container wpforms-is-recaptcha wpforms-is-recaptcha-type-v2\" ><div class=\"g-recaptcha\" data-sitekey=\"6LeS7gEkAAAAAO-EsXRwxTakHs6Q_9Z0rQYHkIS5\"><\/div><input type=\"text\" name=\"g-recaptcha-hidden\" class=\"wpforms-recaptcha-hidden\" style=\"position:absolute!important;clip:rect(0,0,0,0)!important;height:1px!important;width:1px!important;border:0!important;overflow:hidden!important;padding:0!important;margin:0!important;\" data-rule-recaptcha=\"1\"><\/div><div class=\"wpforms-submit-container\" ><input type=\"hidden\" name=\"wpforms[id]\" value=\"1077\"><input type=\"hidden\" name=\"page_title\" value=\"\"><input type=\"hidden\" name=\"page_url\" value=\"https:\/\/whitesoundibiza.com\/es\/wp-json\/wp\/v2\/product\/48889\"><input type=\"hidden\" name=\"url_referer\" value=\"\"><button type=\"submit\" name=\"wpforms[submit]\" id=\"wpforms-submit-1077\" class=\"wpforms-submit\" data-alt-text=\"Enviando...\" data-submit-text=\"Env\u00eda\" aria-live=\"assertive\" value=\"wpforms-submit\">Env\u00eda<\/button><img decoding=\"async\" src=\"https:\/\/whitesoundibiza.com\/wp-content\/plugins\/wpforms\/assets\/images\/submit-spin.svg\" class=\"wpforms-submit-spinner\" style=\"display: none;\" width=\"26\" height=\"26\" alt=\"Cargando\"><\/div><\/form><\/div>  <!-- .wpforms-container -->\n","protected":false},"excerpt":{"rendered":"<p class=\"\" data-start=\"368\" data-end=\"580\">Monitor activo coaxial de 6,5\u2033 con 105 dB SPL, rango de frecuencias de 41 Hz-25 kHz, Directivity Control Waveguide\u2122, GLM\u2122 AutoCal DSP, entradas XLR y aislamiento Iso-Pod\u2122, ideal para mezclas de campo cercano.<\/p>\n<p class=\"\" data-start=\"582\" data-end=\"715\">\n","protected":false},"featured_media":0,"template":"","meta":{"_joinchat":[]},"product_brand":[],"product_cat":[],"product_tag":[],"class_list":{"0":"post-48889","1":"product","2":"type-product","3":"status-publish","6":"first","7":"instock","8":"taxable","9":"shipping-taxable","10":"purchasable","11":"product-type-rentable"},"yoast_head":"<!-- This site is optimized with the Yoast SEO plugin v27.3 - https:\/\/yoast.com\/product\/yoast-seo-wordpress\/ -->\n<title>alquiler genelec 8040 ibiza | White Sound Ibiza<\/title>\n<meta name=\"description\" content=\"alquiler de genelec 8040 en ibiza de White Sound Ibiza. Woofer\/tweeter coaxial de 6,5\u2033, gu\u00eda de ondas DCW\u2122, amplificadores de clase D.\" \/>\n<meta name=\"robots\" content=\"index, follow, max-snippet:-1, max-image-preview:large, max-video-preview:-1\" \/>\n<link rel=\"canonical\" href=\"https:\/\/whitesoundibiza.com\/es\/producto\/genelec-8040\/\" \/>\n<meta property=\"og:locale\" content=\"es_ES\" \/>\n<meta property=\"og:type\" content=\"article\" \/>\n<meta property=\"og:title\" content=\"alquiler genelec 8040 ibiza | White Sound Ibiza\" \/>\n<meta property=\"og:description\" content=\"alquiler de genelec 8040 en ibiza de White Sound Ibiza. Woofer\/tweeter coaxial de 6,5\u2033, gu\u00eda de ondas DCW\u2122, amplificadores de clase D.\" \/>\n<meta property=\"og:url\" content=\"https:\/\/whitesoundibiza.com\/es\/producto\/genelec-8040\/\" \/>\n<meta property=\"og:site_name\" content=\"White Sound Ibiza - Delivering Fun\" \/>\n<meta property=\"article:modified_time\" content=\"2025-08-09T15:43:46+00:00\" \/>\n<meta property=\"og:image\" content=\"https:\/\/whitesoundibiza.com\/wp-content\/uploads\/2025\/02\/genelec8040.jpg\" \/>\n\t<meta property=\"og:image:width\" content=\"1000\" \/>\n\t<meta property=\"og:image:height\" content=\"1000\" \/>\n\t<meta property=\"og:image:type\" content=\"image\/jpeg\" \/>\n<meta name=\"twitter:card\" content=\"summary_large_image\" \/>\n<meta name=\"twitter:label1\" content=\"Tiempo de lectura\" \/>\n\t<meta name=\"twitter:data1\" content=\"3 minutos\" \/>\n<script type=\"application\/ld+json\" class=\"yoast-schema-graph\">{\"@context\":\"https:\\\/\\\/schema.org\",\"@graph\":[{\"@type\":\"WebPage\",\"@id\":\"https:\\\/\\\/whitesoundibiza.com\\\/es\\\/producto\\\/genelec-8040\\\/\",\"url\":\"https:\\\/\\\/whitesoundibiza.com\\\/es\\\/producto\\\/genelec-8040\\\/\",\"name\":\"alquiler genelec 8040 ibiza | White Sound Ibiza\",\"isPartOf\":{\"@id\":\"https:\\\/\\\/whitesoundibiza.com\\\/es\\\/#website\"},\"datePublished\":\"2025-02-10T19:26:31+00:00\",\"dateModified\":\"2025-08-09T15:43:46+00:00\",\"description\":\"alquiler de genelec 8040 en ibiza de White Sound Ibiza. Woofer\\\/tweeter coaxial de 6,5\u2033, gu\u00eda de ondas DCW\u2122, amplificadores de clase D.\",\"breadcrumb\":{\"@id\":\"https:\\\/\\\/whitesoundibiza.com\\\/es\\\/producto\\\/genelec-8040\\\/#breadcrumb\"},\"inLanguage\":\"es\",\"potentialAction\":[{\"@type\":\"ReadAction\",\"target\":[\"https:\\\/\\\/whitesoundibiza.com\\\/es\\\/producto\\\/genelec-8040\\\/\"]}]},{\"@type\":\"BreadcrumbList\",\"@id\":\"https:\\\/\\\/whitesoundibiza.com\\\/es\\\/producto\\\/genelec-8040\\\/#breadcrumb\",\"itemListElement\":[{\"@type\":\"ListItem\",\"position\":1,\"name\":\"Portada\",\"item\":\"https:\\\/\\\/whitesoundibiza.com\\\/es\\\/\"},{\"@type\":\"ListItem\",\"position\":2,\"name\":\"Tienda\",\"item\":\"https:\\\/\\\/whitesoundibiza.com\\\/es\\\/tienda\\\/\"},{\"@type\":\"ListItem\",\"position\":3,\"name\":\"Genelec 8040\"}]},{\"@type\":\"WebSite\",\"@id\":\"https:\\\/\\\/whitesoundibiza.com\\\/es\\\/#website\",\"url\":\"https:\\\/\\\/whitesoundibiza.com\\\/es\\\/\",\"name\":\"White Sound Ibiza\",\"description\":\"Rent Speakers in Ibiza\",\"publisher\":{\"@id\":\"https:\\\/\\\/whitesoundibiza.com\\\/es\\\/#organization\"},\"potentialAction\":[{\"@type\":\"SearchAction\",\"target\":{\"@type\":\"EntryPoint\",\"urlTemplate\":\"https:\\\/\\\/whitesoundibiza.com\\\/es\\\/?s={search_term_string}\"},\"query-input\":{\"@type\":\"PropertyValueSpecification\",\"valueRequired\":true,\"valueName\":\"search_term_string\"}}],\"inLanguage\":\"es\"},{\"@type\":\"Organization\",\"@id\":\"https:\\\/\\\/whitesoundibiza.com\\\/es\\\/#organization\",\"name\":\"White Sound Ibiza\",\"url\":\"https:\\\/\\\/whitesoundibiza.com\\\/es\\\/\",\"logo\":{\"@type\":\"ImageObject\",\"inLanguage\":\"es\",\"@id\":\"https:\\\/\\\/whitesoundibiza.com\\\/es\\\/#\\\/schema\\\/logo\\\/image\\\/\",\"url\":\"https:\\\/\\\/whitesoundibiza.com\\\/wp-content\\\/uploads\\\/2025\\\/05\\\/ws_logo.jpg\",\"contentUrl\":\"https:\\\/\\\/whitesoundibiza.com\\\/wp-content\\\/uploads\\\/2025\\\/05\\\/ws_logo.jpg\",\"width\":800,\"height\":235,\"caption\":\"White Sound Ibiza\"},\"image\":{\"@id\":\"https:\\\/\\\/whitesoundibiza.com\\\/es\\\/#\\\/schema\\\/logo\\\/image\\\/\"}}]}<\/script>\n<!-- \/ Yoast SEO plugin. -->","yoast_head_json":{"title":"alquiler genelec 8040 ibiza | White Sound Ibiza","description":"alquiler de genelec 8040 en ibiza de White Sound Ibiza. Woofer\/tweeter coaxial de 6,5\u2033, gu\u00eda de ondas DCW\u2122, amplificadores de clase D.","robots":{"index":"index","follow":"follow","max-snippet":"max-snippet:-1","max-image-preview":"max-image-preview:large","max-video-preview":"max-video-preview:-1"},"canonical":"https:\/\/whitesoundibiza.com\/es\/producto\/genelec-8040\/","og_locale":"es_ES","og_type":"article","og_title":"alquiler genelec 8040 ibiza | White Sound Ibiza","og_description":"alquiler de genelec 8040 en ibiza de White Sound Ibiza. Woofer\/tweeter coaxial de 6,5\u2033, gu\u00eda de ondas DCW\u2122, amplificadores de clase D.","og_url":"https:\/\/whitesoundibiza.com\/es\/producto\/genelec-8040\/","og_site_name":"White Sound Ibiza - Delivering Fun","article_modified_time":"2025-08-09T15:43:46+00:00","og_image":[{"width":1000,"height":1000,"url":"https:\/\/whitesoundibiza.com\/wp-content\/uploads\/2025\/02\/genelec8040.jpg","type":"image\/jpeg"}],"twitter_card":"summary_large_image","twitter_misc":{"Tiempo de lectura":"3 minutos"},"schema":{"@context":"https:\/\/schema.org","@graph":[{"@type":"WebPage","@id":"https:\/\/whitesoundibiza.com\/es\/producto\/genelec-8040\/","url":"https:\/\/whitesoundibiza.com\/es\/producto\/genelec-8040\/","name":"alquiler genelec 8040 ibiza | White Sound Ibiza","isPartOf":{"@id":"https:\/\/whitesoundibiza.com\/es\/#website"},"datePublished":"2025-02-10T19:26:31+00:00","dateModified":"2025-08-09T15:43:46+00:00","description":"alquiler de genelec 8040 en ibiza de White Sound Ibiza. Woofer\/tweeter coaxial de 6,5\u2033, gu\u00eda de ondas DCW\u2122, amplificadores de clase D.","breadcrumb":{"@id":"https:\/\/whitesoundibiza.com\/es\/producto\/genelec-8040\/#breadcrumb"},"inLanguage":"es","potentialAction":[{"@type":"ReadAction","target":["https:\/\/whitesoundibiza.com\/es\/producto\/genelec-8040\/"]}]},{"@type":"BreadcrumbList","@id":"https:\/\/whitesoundibiza.com\/es\/producto\/genelec-8040\/#breadcrumb","itemListElement":[{"@type":"ListItem","position":1,"name":"Portada","item":"https:\/\/whitesoundibiza.com\/es\/"},{"@type":"ListItem","position":2,"name":"Tienda","item":"https:\/\/whitesoundibiza.com\/es\/tienda\/"},{"@type":"ListItem","position":3,"name":"Genelec 8040"}]},{"@type":"WebSite","@id":"https:\/\/whitesoundibiza.com\/es\/#website","url":"https:\/\/whitesoundibiza.com\/es\/","name":"White Sound Ibiza","description":"Rent Speakers in Ibiza","publisher":{"@id":"https:\/\/whitesoundibiza.com\/es\/#organization"},"potentialAction":[{"@type":"SearchAction","target":{"@type":"EntryPoint","urlTemplate":"https:\/\/whitesoundibiza.com\/es\/?s={search_term_string}"},"query-input":{"@type":"PropertyValueSpecification","valueRequired":true,"valueName":"search_term_string"}}],"inLanguage":"es"},{"@type":"Organization","@id":"https:\/\/whitesoundibiza.com\/es\/#organization","name":"White Sound Ibiza","url":"https:\/\/whitesoundibiza.com\/es\/","logo":{"@type":"ImageObject","inLanguage":"es","@id":"https:\/\/whitesoundibiza.com\/es\/#\/schema\/logo\/image\/","url":"https:\/\/whitesoundibiza.com\/wp-content\/uploads\/2025\/05\/ws_logo.jpg","contentUrl":"https:\/\/whitesoundibiza.com\/wp-content\/uploads\/2025\/05\/ws_logo.jpg","width":800,"height":235,"caption":"White Sound Ibiza"},"image":{"@id":"https:\/\/whitesoundibiza.com\/es\/#\/schema\/logo\/image\/"}}]}},"_links":{"self":[{"href":"https:\/\/whitesoundibiza.com\/es\/wp-json\/wp\/v2\/product\/48889","targetHints":{"allow":["GET"]}}],"collection":[{"href":"https:\/\/whitesoundibiza.com\/es\/wp-json\/wp\/v2\/product"}],"about":[{"href":"https:\/\/whitesoundibiza.com\/es\/wp-json\/wp\/v2\/types\/product"}],"wp:attachment":[{"href":"https:\/\/whitesoundibiza.com\/es\/wp-json\/wp\/v2\/media?parent=48889"}],"wp:term":[{"taxonomy":"product_brand","embeddable":true,"href":"https:\/\/whitesoundibiza.com\/es\/wp-json\/wp\/v2\/product_brand?post=48889"},{"taxonomy":"product_cat","embeddable":true,"href":"https:\/\/whitesoundibiza.com\/es\/wp-json\/wp\/v2\/product_cat?post=48889"},{"taxonomy":"product_tag","embeddable":true,"href":"https:\/\/whitesoundibiza.com\/es\/wp-json\/wp\/v2\/product_tag?post=48889"}],"curies":[{"name":"wp","href":"https:\/\/api.w.org\/{rel}","templated":true}]}}