{"id":48888,"date":"2025-02-10T19:26:30","date_gmt":"2025-02-10T19:26:30","guid":{"rendered":"https:\/\/whitesoundibiza.com\/producto\/neve-1073spx\/"},"modified":"2025-08-09T15:43:46","modified_gmt":"2025-08-09T15:43:46","slug":"neve-1073spx","status":"publish","type":"product","link":"https:\/\/whitesoundibiza.com\/es\/producto\/neve-1073spx\/","title":{"rendered":"Neve 1073SPX"},"content":{"rendered":"<p class=\"\" data-start=\"735\" data-end=\"1108\">Al <strong data-start=\"744\" data-end=\"771\">alquilar neve 1073spx ibiza<\/strong>, te aseguras una unidad de rack 1U de 19\u2033 que combina un legendario preamplificador de micr\u00f3fono Neve con un ecualizador de tres bandas. Con circuitos discretos de Clase A y transformadores de entrada\/salida Marinair aut\u00e9nticos de Neve\u00ae, esta tira de canal a\u00f1ade calidez, profundidad y riqueza arm\u00f3nica a las pistas de voz, guitarra y bajo. <span class=\"ms-1 inline-flex max-w-full items-center relative top-[-0.094rem] animate-[show_150ms_ease-in]\"><a class=\"flex h-4.5 overflow-hidden rounded-xl px-2 text-[0.5625em] font-medium text-token-text-secondary! bg-[#F4F4F4]! dark:bg-[#303030]! transition-colors duration-150 ease-in-out\" href=\"https:\/\/kmraudio.com\/products\/neve-1073-spx?srsltid=AfmBOopFWomtDOsEWM2ioG8cfL_WOXxO_m1OVwSwWGhDz2kY_jjfAu_F&amp;utm_source=chatgpt.com\" target=\"_blank\" rel=\"noopener\"><span class=\"relative start-0 bottom-0 flex h-full w-full items-center\"><span class=\"flex h-4 w-full items-center justify-between overflow-hidden\"><span class=\"max-w-full grow truncate overflow-hidden text-center\">KMR Audio<\/span><\/span><\/span><\/a><\/span>. <\/p>\n<h3 class=\"\" data-start=\"1110\" data-end=\"1136\">Dise\u00f1o de circuitos y E\/S<\/h3>\n<p class=\"\" data-start=\"1137\" data-end=\"1565\">La topolog\u00eda de amplificador Clase A del 1073SPX proporciona hasta 80 dB de ganancia limpia con ruido ultrabajo, mientras que la fuente de alimentaci\u00f3n fantasma de +48 V admite micr\u00f3fonos de condensador sin coloraci\u00f3n. Los controles del panel frontal incluyen un atenuador de -20 dB, inversi\u00f3n de polaridad y una entrada Hi-Z DI para instrumentos, todo ello enrutado a trav\u00e9s de transformadores Marinair. <\/p>\n<h3 class=\"\" data-start=\"1567\" data-end=\"1594\">Secci\u00f3n EQ y Medici\u00f3n<\/h3>\n<p class=\"\" data-start=\"1595\" data-end=\"1948\">El ecualizador incorporado ofrece un agudo fijo a 12 kHz y dos eq shell de banda media seleccionables a 360 Hz, 700 Hz o 1,6 kHz, cada una con \u00b118 dB de realce\/corte. Un filtro de paso alto refina a\u00fan m\u00e1s la claridad de los graves. Un medidor de nivel LED de siete segmentos muestra los niveles de micro\/l\u00ednea, etapa de ecualizaci\u00f3n o salida hasta +24 dB, agilizando tu flujo de trabajo.  <\/p>\n<h3 class=\"\" data-start=\"1950\" data-end=\"1986\">Aplicaciones y Car\u00e1cter Sonoro<\/h3>\n<p class=\"\" data-start=\"1987\" data-end=\"2408\">Conocido por sus graves contundentes y agudos suaves, el Neve 1073SPX brilla en voces solistas, guitarras ac\u00fasticas y overheads de bater\u00eda. Cuando <strong data-start=\"2117\" data-end=\"2144\">alquilas el neve 1073spx ibiza<\/strong>, eliges el mismo preamplificador\/ecualizador utilizado en innumerables discos de \u00e9xito y bandas sonoras de pel\u00edculas. Es igualmente adecuado para sesiones de grabaci\u00f3n, retransmisiones en directo y salas de masterizaci\u00f3n, ya que mejora la claridad y la presencia sin sacrificar la musicalidad.  <\/p>\n<h3 class=\"\" data-start=\"2410\" data-end=\"2445\">Flujo de trabajo flexible y expansi\u00f3n<\/h3>\n<p class=\"\" data-start=\"2446\" data-end=\"2839\">El 1073SPX incluye bucles de inserci\u00f3n-env\u00edo\/retorno antes y despu\u00e9s del ecualizador, lo que permite integrar f\u00e1cilmente compresores o efectos. Las entradas de micro\/l\u00ednea conmutables del panel trasero permiten una conexi\u00f3n perfecta en estudios complejos. Para configuraciones multicanal, explora nuestros <a class=\"cursor-pointer\" rel=\"noopener\" data-start=\"2695\" data-end=\"2743\">alquileres de tiras de canales<\/a> o complem\u00e9ntalo con <a class=\"cursor-pointer\" rel=\"noopener\" data-start=\"2766\" data-end=\"2818\">alquileres de interfaces de audio<\/a> para la integraci\u00f3n DAW.  <\/p>\n<h3 class=\"\" data-start=\"2841\" data-end=\"2863\">Alquiler y asistencia<\/h3>\n<p class=\"\" data-start=\"2864\" data-end=\"2940\">White Sound Ibiza facilita el <strong data-start=\"2905\" data-end=\"2932\">alquiler de neve 1073spx ibiza<\/strong> con:<\/p>\n<p class=\"\" data-start=\"2943\" data-end=\"3001\"><strong data-start=\"2943\" data-end=\"2965\">Entrega y recogida:<\/strong> Horario flexible en toda Ibiza.<\/p>\n<p class=\"\" data-start=\"3004\" data-end=\"3099\"><strong data-start=\"3004\" data-end=\"3022\">Instalaci\u00f3n:<\/strong> Nuestros ingenieros integrar\u00e1n la unidad en tu bastidor y calibrar\u00e1n los niveles.<\/p>\n<p class=\"\" data-start=\"3209\" data-end=\"3322\">Reserva ahora para a\u00f1adir el ic\u00f3nico Neve 1073SPX a tu cadena de producci\u00f3n y capturar la esencia del sonido anal\u00f3gico cl\u00e1sico.<\/p>\n<style id=\"wpforms-css-vars-1077\">\n\t\t\t\t#wpforms-1077 {\n\t\t\t\t\n\t\t\t}\n\t\t\t<\/style><div class=\"wpforms-container wpforms-container-full wpforms-render-modern\" id=\"wpforms-1077\"><form id=\"wpforms-form-1077\" class=\"wpforms-validate wpforms-form wpforms-ajax-form\" data-formid=\"1077\" method=\"post\" enctype=\"multipart\/form-data\" action=\"\/es\/wp-json\/wp\/v2\/product\/48888\" data-token=\"c7bb1d31c39adce307080c74345dd3ec\" data-token-time=\"1775318117\"><noscript class=\"wpforms-error-noscript\">Por favor, activa JavaScript en tu navegador para completar este formulario.<\/noscript><div id=\"wpforms-error-noscript\" style=\"display: none;\">Por favor, activa JavaScript en tu navegador para completar este formulario.<\/div><div class=\"wpforms-field-container\"><div id=\"wpforms-1077-field_0-container\" class=\"wpforms-field wpforms-field-name\" data-field-id=\"0\"><fieldset><legend class=\"wpforms-field-label\">Nombre <span class=\"wpforms-required-label\" aria-hidden=\"true\">*<\/span><\/legend><div class=\"wpforms-field-row wpforms-field-medium\"><div class=\"wpforms-field-row-block wpforms-first wpforms-one-half\"><input type=\"text\" id=\"wpforms-1077-field_0\" class=\"wpforms-field-name-first wpforms-field-required\" name=\"wpforms[fields][0][first]\" placeholder=\"Nombre\" aria-errormessage=\"wpforms-1077-field_0-error\" required><label for=\"wpforms-1077-field_0\" class=\"wpforms-field-sublabel after wpforms-sublabel-hide\">Nombre<\/label><\/div><div class=\"wpforms-field-row-block wpforms-one-half\"><input type=\"text\" id=\"wpforms-1077-field_0-last\" class=\"wpforms-field-name-last wpforms-field-required\" name=\"wpforms[fields][0][last]\" placeholder=\"Apellidos\" aria-errormessage=\"wpforms-1077-field_0-last-error\" required><label for=\"wpforms-1077-field_0-last\" class=\"wpforms-field-sublabel after wpforms-sublabel-hide\">Apellidos<\/label><\/div><\/div><\/fieldset><\/div><div id=\"wpforms-1077-field_7-container\" class=\"wpforms-field wpforms-field-layout\" data-field-id=\"7\"><div class=\"wpforms-field-layout-columns wpforms-field-layout-preset-50-50\"><div class=\"wpforms-layout-column wpforms-layout-column-50\" ><div id=\"wpforms-1077-field_1-container\" class=\"wpforms-field wpforms-field-email\" data-field-id=\"1\"><label class=\"wpforms-field-label\" for=\"wpforms-1077-field_1\">Env\u00eda un correo electr\u00f3nico a <span class=\"wpforms-required-label\" aria-hidden=\"true\">*<\/span><\/label><input type=\"email\" id=\"wpforms-1077-field_1\" class=\"wpforms-field-medium wpforms-field-required\" name=\"wpforms[fields][1]\" spellcheck=\"false\" aria-errormessage=\"wpforms-1077-field_1-error\" required><\/div><\/div><div class=\"wpforms-layout-column wpforms-layout-column-50\" ><div id=\"wpforms-1077-field_8-container\" class=\"wpforms-field wpforms-field-phone\" data-field-id=\"8\"><label class=\"wpforms-field-label\" for=\"wpforms-1077-field_8\">N\u00famero de tel\u00e9fono <span class=\"wpforms-required-label\" aria-hidden=\"true\">*<\/span><\/label><input type=\"tel\" id=\"wpforms-1077-field_8\" class=\"wpforms-field-medium wpforms-field-required wpforms-smart-phone-field\" data-rule-smart-phone-field=\"true\" name=\"wpforms[fields][8]\" aria-label=\"N\u00famero de tel\u00e9fono\" aria-errormessage=\"wpforms-1077-field_8-error\" required><\/div><\/div><\/div><\/div>\t\t<div id=\"wpforms-1077-field_3-container\"\n\t\t\tclass=\"wpforms-field wpforms-field-text\"\n\t\t\tdata-field-type=\"text\"\n\t\t\tdata-field-id=\"3\"\n\t\t\t>\n\t\t\t<label class=\"wpforms-field-label\" for=\"wpforms-1077-field_3\" >Dise\u00f1o electr\u00f3nico N\u00famero<\/label>\n\t\t\t<input type=\"text\" id=\"wpforms-1077-field_3\" class=\"wpforms-field-medium\" name=\"wpforms[fields][3]\" >\n\t\t<\/div>\n\t\t<div id=\"wpforms-1077-field_10-container\" class=\"wpforms-field wpforms-field-layout\" data-field-id=\"10\"><div class=\"wpforms-field-layout-columns wpforms-field-layout-preset-50-50\"><div class=\"wpforms-layout-column wpforms-layout-column-50\" ><div id=\"wpforms-1077-field_4-container\" class=\"wpforms-field wpforms-field-date-time\" data-field-id=\"4\"><label class=\"wpforms-field-label\" for=\"wpforms-1077-field_4\">Desde<\/label><div class=\"wpforms-datepicker-wrap\"><input type=\"text\" id=\"wpforms-1077-field_4\" class=\"wpforms-field-date-time-date wpforms-datepicker wpforms-field-small\" data-date-format=\"m\/d\/Y\" data-disable-past-dates=\"0\" data-input=\"true\" name=\"wpforms[fields][4][date]\" aria-errormessage=\"wpforms-1077-field_4-error\" ><a title=\"Borrar fecha\" data-clear role=\"button\" tabindex=\"0\" class=\"wpforms-datepicker-clear\" aria-label=\"Borrar fecha\" style=\"display:none;\"><\/a><\/div><\/div><\/div><div class=\"wpforms-layout-column wpforms-layout-column-50\" ><div id=\"wpforms-1077-field_9-container\" class=\"wpforms-field wpforms-field-date-time\" data-field-id=\"9\"><label class=\"wpforms-field-label\" for=\"wpforms-1077-field_9\">Hasta<\/label><div class=\"wpforms-datepicker-wrap\"><input type=\"text\" id=\"wpforms-1077-field_9\" class=\"wpforms-field-date-time-date wpforms-datepicker wpforms-field-small\" data-date-format=\"m\/d\/Y\" data-disable-past-dates=\"0\" data-input=\"true\" name=\"wpforms[fields][9][date]\" aria-errormessage=\"wpforms-1077-field_9-error\" ><a title=\"Borrar fecha\" data-clear role=\"button\" tabindex=\"0\" class=\"wpforms-datepicker-clear\" aria-label=\"Borrar fecha\" style=\"display:none;\"><\/a><\/div><\/div><\/div><\/div><\/div><div id=\"wpforms-1077-field_2-container\" class=\"wpforms-field wpforms-field-textarea\" data-field-id=\"2\"><label class=\"wpforms-field-label\" for=\"wpforms-1077-field_2\">Mensaje<\/label><textarea id=\"wpforms-1077-field_2\" class=\"wpforms-field-medium\" name=\"wpforms[fields][2]\" placeholder=\"\u00bfC\u00f3mo podemos ayudarte?\" aria-errormessage=\"wpforms-1077-field_2-error\" ><\/textarea><\/div><script>\n\t\t\t\t( function() {\n\t\t\t\t\tconst style = document.createElement( 'style' );\n\t\t\t\t\tstyle.appendChild( document.createTextNode( '#wpforms-1077-field_3-container { position: absolute !important; overflow: hidden !important; display: inline !important; height: 1px !important; width: 1px !important; z-index: -1000 !important; padding: 0 !important; } #wpforms-1077-field_3-container input { visibility: hidden; } #wpforms-conversational-form-page #wpforms-1077-field_3-container label { counter-increment: none; }' ) );\n\t\t\t\t\tdocument.head.appendChild( style );\n\t\t\t\t\tdocument.currentScript?.remove();\n\t\t\t\t} )();\n\t\t\t<\/script><\/div><!-- .wpforms-field-container --><div class=\"wpforms-recaptcha-container wpforms-is-recaptcha wpforms-is-recaptcha-type-v2\" ><div class=\"g-recaptcha\" data-sitekey=\"6LeS7gEkAAAAAO-EsXRwxTakHs6Q_9Z0rQYHkIS5\"><\/div><input type=\"text\" name=\"g-recaptcha-hidden\" class=\"wpforms-recaptcha-hidden\" style=\"position:absolute!important;clip:rect(0,0,0,0)!important;height:1px!important;width:1px!important;border:0!important;overflow:hidden!important;padding:0!important;margin:0!important;\" data-rule-recaptcha=\"1\"><\/div><div class=\"wpforms-submit-container\" ><input type=\"hidden\" name=\"wpforms[id]\" value=\"1077\"><input type=\"hidden\" name=\"page_title\" value=\"\"><input type=\"hidden\" name=\"page_url\" value=\"https:\/\/whitesoundibiza.com\/es\/wp-json\/wp\/v2\/product\/48888\"><input type=\"hidden\" name=\"url_referer\" value=\"\"><button type=\"submit\" name=\"wpforms[submit]\" id=\"wpforms-submit-1077\" class=\"wpforms-submit\" data-alt-text=\"Enviando...\" data-submit-text=\"Env\u00eda\" aria-live=\"assertive\" value=\"wpforms-submit\">Env\u00eda<\/button><img decoding=\"async\" src=\"https:\/\/whitesoundibiza.com\/wp-content\/plugins\/wpforms\/assets\/images\/submit-spin.svg\" class=\"wpforms-submit-spinner\" style=\"display: none;\" width=\"26\" height=\"26\" alt=\"Cargando\"><\/div><\/form><\/div>  <!-- .wpforms-container -->\n","protected":false},"excerpt":{"rendered":"<p class=\"\" data-start=\"341\" data-end=\"556\">Preamplificador de micro de clase A de un canal y ecualizador de tres bandas con transformadores Neve\u00ae Marinair, pad, inversi\u00f3n de fase, DI conmutable, filtro de paso alto y medidor de nivel LED: ofrece el cl\u00e1sico sonido Neve.<\/p>\n<p class=\"\" data-start=\"558\" data-end=\"697\">\n","protected":false},"featured_media":48187,"template":"","meta":{"_joinchat":[]},"product_brand":[],"product_cat":[169],"product_tag":[],"class_list":{"0":"post-48888","1":"product","2":"type-product","3":"status-publish","4":"has-post-thumbnail","6":"product_cat-accesorios-es-2","8":"first","9":"instock","10":"taxable","11":"shipping-taxable","12":"purchasable","13":"product-type-rentable"},"yoast_head":"<!-- This site is optimized with the Yoast SEO plugin v27.3 - https:\/\/yoast.com\/product\/yoast-seo-wordpress\/ -->\n<title>Alquilar Neve 1073SPX Preamplificador de micr\u00f3fono y ecualizador Ibiza | White Sound Ibiza<\/title>\n<meta name=\"description\" content=\"Alquila el preamplificador de micr\u00f3fono y ecualizador de clase A Neve 1073SPX en Ibiza, en White Sound Ibiza. Transformadores Marinair originales, ecualizador de 3 bandas, pad, inversi\u00f3n de fase, entrada DI y medici\u00f3n LED en un rack de 1U. \u00a1Reserva ahora!\" \/>\n<meta name=\"robots\" content=\"index, follow, max-snippet:-1, max-image-preview:large, max-video-preview:-1\" \/>\n<link rel=\"canonical\" href=\"https:\/\/whitesoundibiza.com\/es\/producto\/neve-1073spx\/\" \/>\n<meta property=\"og:locale\" content=\"es_ES\" \/>\n<meta property=\"og:type\" content=\"article\" \/>\n<meta property=\"og:title\" content=\"Alquilar Neve 1073SPX Preamplificador de micr\u00f3fono y ecualizador Ibiza | White Sound Ibiza\" \/>\n<meta property=\"og:description\" content=\"Alquila el preamplificador de micr\u00f3fono y ecualizador de clase A Neve 1073SPX en Ibiza, en White Sound Ibiza. Transformadores Marinair originales, ecualizador de 3 bandas, pad, inversi\u00f3n de fase, entrada DI y medici\u00f3n LED en un rack de 1U. \u00a1Reserva ahora!\" \/>\n<meta property=\"og:url\" content=\"https:\/\/whitesoundibiza.com\/es\/producto\/neve-1073spx\/\" \/>\n<meta property=\"og:site_name\" content=\"White Sound Ibiza - Delivering Fun\" \/>\n<meta property=\"article:modified_time\" content=\"2025-08-09T15:43:46+00:00\" \/>\n<meta property=\"og:image\" content=\"https:\/\/whitesoundibiza.com\/wp-content\/uploads\/2025\/02\/neve1073.jpg\" \/>\n\t<meta property=\"og:image:width\" content=\"1000\" \/>\n\t<meta property=\"og:image:height\" content=\"1000\" \/>\n\t<meta property=\"og:image:type\" content=\"image\/jpeg\" \/>\n<meta name=\"twitter:card\" content=\"summary_large_image\" \/>\n<meta name=\"twitter:label1\" content=\"Tiempo de lectura\" \/>\n\t<meta name=\"twitter:data1\" content=\"2 minutos\" \/>\n<script type=\"application\/ld+json\" class=\"yoast-schema-graph\">{\"@context\":\"https:\\\/\\\/schema.org\",\"@graph\":[{\"@type\":\"WebPage\",\"@id\":\"https:\\\/\\\/whitesoundibiza.com\\\/es\\\/producto\\\/neve-1073spx\\\/\",\"url\":\"https:\\\/\\\/whitesoundibiza.com\\\/es\\\/producto\\\/neve-1073spx\\\/\",\"name\":\"Alquilar Neve 1073SPX Preamplificador de micr\u00f3fono y ecualizador Ibiza | White Sound Ibiza\",\"isPartOf\":{\"@id\":\"https:\\\/\\\/whitesoundibiza.com\\\/es\\\/#website\"},\"primaryImageOfPage\":{\"@id\":\"https:\\\/\\\/whitesoundibiza.com\\\/es\\\/producto\\\/neve-1073spx\\\/#primaryimage\"},\"image\":{\"@id\":\"https:\\\/\\\/whitesoundibiza.com\\\/es\\\/producto\\\/neve-1073spx\\\/#primaryimage\"},\"thumbnailUrl\":\"https:\\\/\\\/whitesoundibiza.com\\\/wp-content\\\/uploads\\\/2025\\\/02\\\/neve1073.jpg\",\"datePublished\":\"2025-02-10T19:26:30+00:00\",\"dateModified\":\"2025-08-09T15:43:46+00:00\",\"description\":\"Alquila el preamplificador de micr\u00f3fono y ecualizador de clase A Neve 1073SPX en Ibiza, en White Sound Ibiza. Transformadores Marinair originales, ecualizador de 3 bandas, pad, inversi\u00f3n de fase, entrada DI y medici\u00f3n LED en un rack de 1U. \u00a1Reserva ahora!\",\"breadcrumb\":{\"@id\":\"https:\\\/\\\/whitesoundibiza.com\\\/es\\\/producto\\\/neve-1073spx\\\/#breadcrumb\"},\"inLanguage\":\"es\",\"potentialAction\":[{\"@type\":\"ReadAction\",\"target\":[\"https:\\\/\\\/whitesoundibiza.com\\\/es\\\/producto\\\/neve-1073spx\\\/\"]}]},{\"@type\":\"ImageObject\",\"inLanguage\":\"es\",\"@id\":\"https:\\\/\\\/whitesoundibiza.com\\\/es\\\/producto\\\/neve-1073spx\\\/#primaryimage\",\"url\":\"https:\\\/\\\/whitesoundibiza.com\\\/wp-content\\\/uploads\\\/2025\\\/02\\\/neve1073.jpg\",\"contentUrl\":\"https:\\\/\\\/whitesoundibiza.com\\\/wp-content\\\/uploads\\\/2025\\\/02\\\/neve1073.jpg\",\"width\":1000,\"height\":1000,\"caption\":\"Preamplificador de micr\u00f3fono de clase A y ecualizador de tres bandas Neve 1073SPX disponibles para alquilar en Ibiza en White Sound Ibiza\"},{\"@type\":\"BreadcrumbList\",\"@id\":\"https:\\\/\\\/whitesoundibiza.com\\\/es\\\/producto\\\/neve-1073spx\\\/#breadcrumb\",\"itemListElement\":[{\"@type\":\"ListItem\",\"position\":1,\"name\":\"Portada\",\"item\":\"https:\\\/\\\/whitesoundibiza.com\\\/es\\\/\"},{\"@type\":\"ListItem\",\"position\":2,\"name\":\"Tienda\",\"item\":\"https:\\\/\\\/whitesoundibiza.com\\\/es\\\/tienda\\\/\"},{\"@type\":\"ListItem\",\"position\":3,\"name\":\"Neve 1073SPX\"}]},{\"@type\":\"WebSite\",\"@id\":\"https:\\\/\\\/whitesoundibiza.com\\\/es\\\/#website\",\"url\":\"https:\\\/\\\/whitesoundibiza.com\\\/es\\\/\",\"name\":\"White Sound Ibiza\",\"description\":\"Rent Speakers in Ibiza\",\"publisher\":{\"@id\":\"https:\\\/\\\/whitesoundibiza.com\\\/es\\\/#organization\"},\"potentialAction\":[{\"@type\":\"SearchAction\",\"target\":{\"@type\":\"EntryPoint\",\"urlTemplate\":\"https:\\\/\\\/whitesoundibiza.com\\\/es\\\/?s={search_term_string}\"},\"query-input\":{\"@type\":\"PropertyValueSpecification\",\"valueRequired\":true,\"valueName\":\"search_term_string\"}}],\"inLanguage\":\"es\"},{\"@type\":\"Organization\",\"@id\":\"https:\\\/\\\/whitesoundibiza.com\\\/es\\\/#organization\",\"name\":\"White Sound Ibiza\",\"url\":\"https:\\\/\\\/whitesoundibiza.com\\\/es\\\/\",\"logo\":{\"@type\":\"ImageObject\",\"inLanguage\":\"es\",\"@id\":\"https:\\\/\\\/whitesoundibiza.com\\\/es\\\/#\\\/schema\\\/logo\\\/image\\\/\",\"url\":\"https:\\\/\\\/whitesoundibiza.com\\\/wp-content\\\/uploads\\\/2025\\\/05\\\/ws_logo.jpg\",\"contentUrl\":\"https:\\\/\\\/whitesoundibiza.com\\\/wp-content\\\/uploads\\\/2025\\\/05\\\/ws_logo.jpg\",\"width\":800,\"height\":235,\"caption\":\"White Sound Ibiza\"},\"image\":{\"@id\":\"https:\\\/\\\/whitesoundibiza.com\\\/es\\\/#\\\/schema\\\/logo\\\/image\\\/\"}}]}<\/script>\n<!-- \/ Yoast SEO plugin. -->","yoast_head_json":{"title":"Alquilar Neve 1073SPX Preamplificador de micr\u00f3fono y ecualizador Ibiza | White Sound Ibiza","description":"Alquila el preamplificador de micr\u00f3fono y ecualizador de clase A Neve 1073SPX en Ibiza, en White Sound Ibiza. Transformadores Marinair originales, ecualizador de 3 bandas, pad, inversi\u00f3n de fase, entrada DI y medici\u00f3n LED en un rack de 1U. \u00a1Reserva ahora!","robots":{"index":"index","follow":"follow","max-snippet":"max-snippet:-1","max-image-preview":"max-image-preview:large","max-video-preview":"max-video-preview:-1"},"canonical":"https:\/\/whitesoundibiza.com\/es\/producto\/neve-1073spx\/","og_locale":"es_ES","og_type":"article","og_title":"Alquilar Neve 1073SPX Preamplificador de micr\u00f3fono y ecualizador Ibiza | White Sound Ibiza","og_description":"Alquila el preamplificador de micr\u00f3fono y ecualizador de clase A Neve 1073SPX en Ibiza, en White Sound Ibiza. Transformadores Marinair originales, ecualizador de 3 bandas, pad, inversi\u00f3n de fase, entrada DI y medici\u00f3n LED en un rack de 1U. \u00a1Reserva ahora!","og_url":"https:\/\/whitesoundibiza.com\/es\/producto\/neve-1073spx\/","og_site_name":"White Sound Ibiza - Delivering Fun","article_modified_time":"2025-08-09T15:43:46+00:00","og_image":[{"width":1000,"height":1000,"url":"https:\/\/whitesoundibiza.com\/wp-content\/uploads\/2025\/02\/neve1073.jpg","type":"image\/jpeg"}],"twitter_card":"summary_large_image","twitter_misc":{"Tiempo de lectura":"2 minutos"},"schema":{"@context":"https:\/\/schema.org","@graph":[{"@type":"WebPage","@id":"https:\/\/whitesoundibiza.com\/es\/producto\/neve-1073spx\/","url":"https:\/\/whitesoundibiza.com\/es\/producto\/neve-1073spx\/","name":"Alquilar Neve 1073SPX Preamplificador de micr\u00f3fono y ecualizador Ibiza | White Sound Ibiza","isPartOf":{"@id":"https:\/\/whitesoundibiza.com\/es\/#website"},"primaryImageOfPage":{"@id":"https:\/\/whitesoundibiza.com\/es\/producto\/neve-1073spx\/#primaryimage"},"image":{"@id":"https:\/\/whitesoundibiza.com\/es\/producto\/neve-1073spx\/#primaryimage"},"thumbnailUrl":"https:\/\/whitesoundibiza.com\/wp-content\/uploads\/2025\/02\/neve1073.jpg","datePublished":"2025-02-10T19:26:30+00:00","dateModified":"2025-08-09T15:43:46+00:00","description":"Alquila el preamplificador de micr\u00f3fono y ecualizador de clase A Neve 1073SPX en Ibiza, en White Sound Ibiza. Transformadores Marinair originales, ecualizador de 3 bandas, pad, inversi\u00f3n de fase, entrada DI y medici\u00f3n LED en un rack de 1U. \u00a1Reserva ahora!","breadcrumb":{"@id":"https:\/\/whitesoundibiza.com\/es\/producto\/neve-1073spx\/#breadcrumb"},"inLanguage":"es","potentialAction":[{"@type":"ReadAction","target":["https:\/\/whitesoundibiza.com\/es\/producto\/neve-1073spx\/"]}]},{"@type":"ImageObject","inLanguage":"es","@id":"https:\/\/whitesoundibiza.com\/es\/producto\/neve-1073spx\/#primaryimage","url":"https:\/\/whitesoundibiza.com\/wp-content\/uploads\/2025\/02\/neve1073.jpg","contentUrl":"https:\/\/whitesoundibiza.com\/wp-content\/uploads\/2025\/02\/neve1073.jpg","width":1000,"height":1000,"caption":"Preamplificador de micr\u00f3fono de clase A y ecualizador de tres bandas Neve 1073SPX disponibles para alquilar en Ibiza en White Sound Ibiza"},{"@type":"BreadcrumbList","@id":"https:\/\/whitesoundibiza.com\/es\/producto\/neve-1073spx\/#breadcrumb","itemListElement":[{"@type":"ListItem","position":1,"name":"Portada","item":"https:\/\/whitesoundibiza.com\/es\/"},{"@type":"ListItem","position":2,"name":"Tienda","item":"https:\/\/whitesoundibiza.com\/es\/tienda\/"},{"@type":"ListItem","position":3,"name":"Neve 1073SPX"}]},{"@type":"WebSite","@id":"https:\/\/whitesoundibiza.com\/es\/#website","url":"https:\/\/whitesoundibiza.com\/es\/","name":"White Sound Ibiza","description":"Rent Speakers in Ibiza","publisher":{"@id":"https:\/\/whitesoundibiza.com\/es\/#organization"},"potentialAction":[{"@type":"SearchAction","target":{"@type":"EntryPoint","urlTemplate":"https:\/\/whitesoundibiza.com\/es\/?s={search_term_string}"},"query-input":{"@type":"PropertyValueSpecification","valueRequired":true,"valueName":"search_term_string"}}],"inLanguage":"es"},{"@type":"Organization","@id":"https:\/\/whitesoundibiza.com\/es\/#organization","name":"White Sound Ibiza","url":"https:\/\/whitesoundibiza.com\/es\/","logo":{"@type":"ImageObject","inLanguage":"es","@id":"https:\/\/whitesoundibiza.com\/es\/#\/schema\/logo\/image\/","url":"https:\/\/whitesoundibiza.com\/wp-content\/uploads\/2025\/05\/ws_logo.jpg","contentUrl":"https:\/\/whitesoundibiza.com\/wp-content\/uploads\/2025\/05\/ws_logo.jpg","width":800,"height":235,"caption":"White Sound Ibiza"},"image":{"@id":"https:\/\/whitesoundibiza.com\/es\/#\/schema\/logo\/image\/"}}]}},"_links":{"self":[{"href":"https:\/\/whitesoundibiza.com\/es\/wp-json\/wp\/v2\/product\/48888","targetHints":{"allow":["GET"]}}],"collection":[{"href":"https:\/\/whitesoundibiza.com\/es\/wp-json\/wp\/v2\/product"}],"about":[{"href":"https:\/\/whitesoundibiza.com\/es\/wp-json\/wp\/v2\/types\/product"}],"wp:featuredmedia":[{"embeddable":true,"href":"https:\/\/whitesoundibiza.com\/es\/wp-json\/wp\/v2\/media\/48187"}],"wp:attachment":[{"href":"https:\/\/whitesoundibiza.com\/es\/wp-json\/wp\/v2\/media?parent=48888"}],"wp:term":[{"taxonomy":"product_brand","embeddable":true,"href":"https:\/\/whitesoundibiza.com\/es\/wp-json\/wp\/v2\/product_brand?post=48888"},{"taxonomy":"product_cat","embeddable":true,"href":"https:\/\/whitesoundibiza.com\/es\/wp-json\/wp\/v2\/product_cat?post=48888"},{"taxonomy":"product_tag","embeddable":true,"href":"https:\/\/whitesoundibiza.com\/es\/wp-json\/wp\/v2\/product_tag?post=48888"}],"curies":[{"name":"wp","href":"https:\/\/api.w.org\/{rel}","templated":true}]}}