{"id":48886,"date":"2025-02-11T02:28:50","date_gmt":"2025-02-11T02:28:50","guid":{"rendered":"https:\/\/whitesoundibiza.com\/producto\/combinador-shure-ua844\/"},"modified":"2025-08-09T15:43:56","modified_gmt":"2025-08-09T15:43:56","slug":"combinador-shure-ua844","status":"publish","type":"product","link":"https:\/\/whitesoundibiza.com\/es\/producto\/combinador-shure-ua844\/","title":{"rendered":"Combiner Shure Ua844"},"content":{"rendered":"<p class=\"\" data-start=\"747\" data-end=\"1301\">Cuando <strong data-start=\"756\" data-end=\"791\">alquilas el combinador ua844 de shure en Ibiza<\/strong>, obtienes un combinador de antena activo profesional dise\u00f1ado para agilizar las configuraciones inal\u00e1mbricas multicanal. El UA844 acepta dos entradas de antena de alta ganancia y ofrece cuatro salidas aisladas en toda la banda UHF (470-940 MHz), garantizando una p\u00e9rdida de inserci\u00f3n m\u00ednima (\u2264 0,8 dB) y un excelente aislamiento entre canales. Su distribuci\u00f3n de corriente continua integrada (hasta 300 mA por rama a trav\u00e9s de BNC) elimina la necesidad de m\u00faltiples fuentes de alimentaci\u00f3n, reduciendo el desorden del rack y la complejidad del cableado.  <\/p>\n<h3 class=\"\" data-start=\"1303\" data-end=\"1338\">Caracter\u00edsticas principales y especificaciones<\/h3>\n<ul data-start=\"1339\" data-end=\"1930\">\n<li class=\"\" data-start=\"1339\" data-end=\"1415\">\n<p class=\"\" data-start=\"1341\" data-end=\"1415\"><strong data-start=\"1341\" data-end=\"1361\">Gama de frecuencias:<\/strong> 470-940 MHz, que cubre las principales bandas de micr\u00f3fonos inal\u00e1mbricos.<\/p>\n<\/li>\n<li class=\"\" data-start=\"1416\" data-end=\"1470\">\n<p class=\"\" data-start=\"1418\" data-end=\"1470\"><strong data-start=\"1418\" data-end=\"1437\">Relaci\u00f3n del<\/strong> combinador<strong data-start=\"1418\" data-end=\"1437\">:<\/strong> combinador activo de 2 \u2192 4 canales.<\/p>\n<\/li>\n<li class=\"\" data-start=\"1471\" data-end=\"1554\">\n<p class=\"\" data-start=\"1473\" data-end=\"1554\"><strong data-start=\"1473\" data-end=\"1492\">P\u00e9rdida de inserci\u00f3n:<\/strong> \u2264 0,8 dB por trayecto para una combinaci\u00f3n de se\u00f1ales pr\u00e1cticamente sin p\u00e9rdidas.<\/p>\n<\/li>\n<li class=\"\" data-start=\"1555\" data-end=\"1622\">\n<p class=\"\" data-start=\"1557\" data-end=\"1622\"><strong data-start=\"1557\" data-end=\"1583\">Distribuci\u00f3n de corriente continua:<\/strong> 12 V a un m\u00e1ximo de 300 mA por salida BNC.<\/p>\n<\/li>\n<li class=\"\" data-start=\"1623\" data-end=\"1688\">\n<p class=\"\" data-start=\"1625\" data-end=\"1688\"><strong data-start=\"1625\" data-end=\"1640\">Conectores:<\/strong> 2 \u00d7 entradas ANT, 4 \u00d7 salidas RF, todas BNC de 50 \u03a9.<\/p>\n<\/li>\n<li class=\"\" data-start=\"1689\" data-end=\"1759\">\n<p class=\"\" data-start=\"1691\" data-end=\"1759\"><strong data-start=\"1691\" data-end=\"1705\">Aislamiento:<\/strong> \u2265 20 dB entre las salidas para evitar la intermodulaci\u00f3n.<\/p>\n<\/li>\n<li class=\"\" data-start=\"1760\" data-end=\"1820\">\n<p class=\"\" data-start=\"1762\" data-end=\"1820\"><strong data-start=\"1762\" data-end=\"1774\">Chasis:<\/strong> Robusta carcasa de acero para un uso fiable en carretera.<\/p>\n<\/li>\n<li class=\"\" data-start=\"1821\" data-end=\"1930\">\n<p class=\"\" data-start=\"1823\" data-end=\"1930\"><strong data-start=\"1823\" data-end=\"1847\">Dimensiones y peso:<\/strong> factor de forma 1 RU, 19\u2033 \u00d7 1,75\u2033 \u00d7 8\u2033, ~2 kg .<\/p>\n<\/li>\n<\/ul>\n<p class=\"\" data-start=\"1932\" data-end=\"2119\">M\u00e1s informaci\u00f3n en la p\u00e1gina oficial del producto Shure UA844:<br data-start=\"1984\" data-end=\"1987\"><a class=\"cursor-pointer\" target=\"_new\" rel=\"noopener\" data-start=\"1987\" data-end=\"2080\">link de salida: Shure UA844 Combiner<\/a><\/p>\n<h3 class=\"\" data-start=\"2121\" data-end=\"2151\">Aplicaciones y casos de uso<\/h3>\n<p class=\"\" data-start=\"2152\" data-end=\"2328\">Tanto si <strong data-start=\"2164\" data-end=\"2199\">alquilas el combinador shure ua844 en ibiza<\/strong> para una conferencia de empresa, un festival al aire libre o una instalaci\u00f3n teatral fija, el UA844 ofrece una distribuci\u00f3n de RF s\u00f3lida como una roca:<\/p>\n<ul data-start=\"2329\" data-end=\"2598\">\n<li class=\"\" data-start=\"2329\" data-end=\"2419\">\n<p class=\"\" data-start=\"2331\" data-end=\"2419\"><strong data-start=\"2331\" data-end=\"2356\">Grandes Eventos y Recorridos:<\/strong> Consolida varios receptores en una sola posici\u00f3n de antena.<\/p>\n<\/li>\n<li class=\"\" data-start=\"2420\" data-end=\"2516\">\n<p class=\"\" data-start=\"2422\" data-end=\"2516\"><strong data-start=\"2422\" data-end=\"2448\">Difusi\u00f3n y streaming:<\/strong> Mant\u00e9n niveles \u00f3ptimos de se\u00f1al con bajo ruido y alto aislamiento.<\/p>\n<\/li>\n<li class=\"\" data-start=\"2517\" data-end=\"2598\">\n<p class=\"\" data-start=\"2519\" data-end=\"2598\"><strong data-start=\"2519\" data-end=\"2543\">Instalaciones fijas:<\/strong> Ideal para teatros, lugares de culto y estadios.<\/p>\n<\/li>\n<\/ul>\n<p class=\"\" data-start=\"2600\" data-end=\"2777\">Explora equipos complementarios en nuestros <a class=\"cursor-pointer\" rel=\"noopener\" data-start=\"2634\" data-end=\"2683\">combinadores y divisores de RF<\/a> y configuraciones inal\u00e1mbricas completas en nuestros <a class=\"cursor-pointer\" rel=\"noopener\" data-start=\"2720\" data-end=\"2776\">alquileres de micr\u00f3fonos inal\u00e1mbricos<\/a>.<\/p>\n<h3 class=\"\" data-start=\"2779\" data-end=\"2809\">Instalaci\u00f3n y funcionamiento<\/h3>\n<p class=\"\" data-start=\"2810\" data-end=\"3341\">La configuraci\u00f3n es plug-and-play: monta el UA844 en un bastidor est\u00e1ndar, conecta tus dos antenas a los puertos ANT IN A\/B BNC y, a continuaci\u00f3n, dirige las salidas RF OUT 1-4 a tus receptores. Alimenta cualquier amplificador o receptor remoto directamente desde las salidas BNC del combinador, sin necesidad de fuentes de alimentaci\u00f3n externas. Para m\u00e1s informaci\u00f3n sobre combinadores y divisores de antena, consulta:  <br data-start=\"3160\" data-end=\"3163\"><a class=\"\" href=\"https:\/\/en.wikipedia.org\/wiki\/Power_dividers_and_directional_couplers\" target=\"_new\" rel=\"noopener\" data-start=\"3163\" data-end=\"3302\">Divisores de potencia y acopladores direccionales<\/a>.<\/p>\n<p class=\"\" data-start=\"3752\" data-end=\"3828\">Reserva ahora para garantizar un rendimiento de RF impecable en tu pr\u00f3xima producci\u00f3n ibicenca.<\/p>\n<style id=\"wpforms-css-vars-1077\">\n\t\t\t\t#wpforms-1077 {\n\t\t\t\t\n\t\t\t}\n\t\t\t<\/style><div class=\"wpforms-container wpforms-container-full wpforms-render-modern\" id=\"wpforms-1077\"><form id=\"wpforms-form-1077\" class=\"wpforms-validate wpforms-form wpforms-ajax-form\" data-formid=\"1077\" method=\"post\" enctype=\"multipart\/form-data\" action=\"\/es\/wp-json\/wp\/v2\/product\/48886\" data-token=\"dfe2cec9ba1513477d46ad545949aa7b\" data-token-time=\"1775241324\"><noscript class=\"wpforms-error-noscript\">Por favor, activa JavaScript en tu navegador para completar este formulario.<\/noscript><div id=\"wpforms-error-noscript\" style=\"display: none;\">Por favor, activa JavaScript en tu navegador para completar este formulario.<\/div><div class=\"wpforms-field-container\"><div id=\"wpforms-1077-field_0-container\" class=\"wpforms-field wpforms-field-name\" data-field-id=\"0\"><fieldset><legend class=\"wpforms-field-label\">Nombre <span class=\"wpforms-required-label\" aria-hidden=\"true\">*<\/span><\/legend><div class=\"wpforms-field-row wpforms-field-medium\"><div class=\"wpforms-field-row-block wpforms-first wpforms-one-half\"><input type=\"text\" id=\"wpforms-1077-field_0\" class=\"wpforms-field-name-first wpforms-field-required\" name=\"wpforms[fields][0][first]\" placeholder=\"Nombre\" aria-errormessage=\"wpforms-1077-field_0-error\" required><label for=\"wpforms-1077-field_0\" class=\"wpforms-field-sublabel after wpforms-sublabel-hide\">Nombre<\/label><\/div><div class=\"wpforms-field-row-block wpforms-one-half\"><input type=\"text\" id=\"wpforms-1077-field_0-last\" class=\"wpforms-field-name-last wpforms-field-required\" name=\"wpforms[fields][0][last]\" placeholder=\"Apellidos\" aria-errormessage=\"wpforms-1077-field_0-last-error\" required><label for=\"wpforms-1077-field_0-last\" class=\"wpforms-field-sublabel after wpforms-sublabel-hide\">Apellidos<\/label><\/div><\/div><\/fieldset><\/div><div id=\"wpforms-1077-field_7-container\" class=\"wpforms-field wpforms-field-layout\" data-field-id=\"7\"><div class=\"wpforms-field-layout-columns wpforms-field-layout-preset-50-50\"><div class=\"wpforms-layout-column wpforms-layout-column-50\" ><div id=\"wpforms-1077-field_1-container\" class=\"wpforms-field wpforms-field-email\" data-field-id=\"1\"><label class=\"wpforms-field-label\" for=\"wpforms-1077-field_1\">Env\u00eda un correo electr\u00f3nico a <span class=\"wpforms-required-label\" aria-hidden=\"true\">*<\/span><\/label><input type=\"email\" id=\"wpforms-1077-field_1\" class=\"wpforms-field-medium wpforms-field-required\" name=\"wpforms[fields][1]\" spellcheck=\"false\" aria-errormessage=\"wpforms-1077-field_1-error\" required><\/div><\/div><div class=\"wpforms-layout-column wpforms-layout-column-50\" ><div id=\"wpforms-1077-field_8-container\" class=\"wpforms-field wpforms-field-phone\" data-field-id=\"8\"><label class=\"wpforms-field-label\" for=\"wpforms-1077-field_8\">N\u00famero de tel\u00e9fono <span class=\"wpforms-required-label\" aria-hidden=\"true\">*<\/span><\/label><input type=\"tel\" id=\"wpforms-1077-field_8\" class=\"wpforms-field-medium wpforms-field-required wpforms-smart-phone-field\" data-rule-smart-phone-field=\"true\" name=\"wpforms[fields][8]\" aria-label=\"N\u00famero de tel\u00e9fono\" aria-errormessage=\"wpforms-1077-field_8-error\" required><\/div><\/div><\/div><\/div><div id=\"wpforms-1077-field_10-container\" class=\"wpforms-field wpforms-field-layout\" data-field-id=\"10\"><div class=\"wpforms-field-layout-columns wpforms-field-layout-preset-50-50\"><div class=\"wpforms-layout-column wpforms-layout-column-50\" ><div id=\"wpforms-1077-field_4-container\" class=\"wpforms-field wpforms-field-date-time\" data-field-id=\"4\"><label class=\"wpforms-field-label\" for=\"wpforms-1077-field_4\">Desde<\/label><div class=\"wpforms-datepicker-wrap\"><input type=\"text\" id=\"wpforms-1077-field_4\" class=\"wpforms-field-date-time-date wpforms-datepicker wpforms-field-small\" data-date-format=\"m\/d\/Y\" data-disable-past-dates=\"0\" data-input=\"true\" name=\"wpforms[fields][4][date]\" aria-errormessage=\"wpforms-1077-field_4-error\" ><a title=\"Borrar fecha\" data-clear role=\"button\" tabindex=\"0\" class=\"wpforms-datepicker-clear\" aria-label=\"Borrar fecha\" style=\"display:none;\"><\/a><\/div><\/div><\/div><div class=\"wpforms-layout-column wpforms-layout-column-50\" ><div id=\"wpforms-1077-field_9-container\" class=\"wpforms-field wpforms-field-date-time\" data-field-id=\"9\"><label class=\"wpforms-field-label\" for=\"wpforms-1077-field_9\">Hasta<\/label><div class=\"wpforms-datepicker-wrap\"><input type=\"text\" id=\"wpforms-1077-field_9\" class=\"wpforms-field-date-time-date wpforms-datepicker wpforms-field-small\" data-date-format=\"m\/d\/Y\" data-disable-past-dates=\"0\" data-input=\"true\" name=\"wpforms[fields][9][date]\" aria-errormessage=\"wpforms-1077-field_9-error\" ><a title=\"Borrar fecha\" data-clear role=\"button\" tabindex=\"0\" class=\"wpforms-datepicker-clear\" aria-label=\"Borrar fecha\" style=\"display:none;\"><\/a><\/div><\/div><\/div><\/div><\/div>\t\t<div id=\"wpforms-1077-field_3-container\"\n\t\t\tclass=\"wpforms-field wpforms-field-text\"\n\t\t\tdata-field-type=\"text\"\n\t\t\tdata-field-id=\"3\"\n\t\t\t>\n\t\t\t<label class=\"wpforms-field-label\" for=\"wpforms-1077-field_3\" >Mensaje Dise\u00f1o un<\/label>\n\t\t\t<input type=\"text\" id=\"wpforms-1077-field_3\" class=\"wpforms-field-medium\" name=\"wpforms[fields][3]\" >\n\t\t<\/div>\n\t\t<div id=\"wpforms-1077-field_2-container\" class=\"wpforms-field wpforms-field-textarea\" data-field-id=\"2\"><label class=\"wpforms-field-label\" for=\"wpforms-1077-field_2\">Mensaje<\/label><textarea id=\"wpforms-1077-field_2\" class=\"wpforms-field-medium\" name=\"wpforms[fields][2]\" placeholder=\"\u00bfC\u00f3mo podemos ayudarte?\" aria-errormessage=\"wpforms-1077-field_2-error\" ><\/textarea><\/div><script>\n\t\t\t\t( function() {\n\t\t\t\t\tconst style = document.createElement( 'style' );\n\t\t\t\t\tstyle.appendChild( document.createTextNode( '#wpforms-1077-field_3-container { position: absolute !important; overflow: hidden !important; display: inline !important; height: 1px !important; width: 1px !important; z-index: -1000 !important; padding: 0 !important; } #wpforms-1077-field_3-container input { visibility: hidden; } #wpforms-conversational-form-page #wpforms-1077-field_3-container label { counter-increment: none; }' ) );\n\t\t\t\t\tdocument.head.appendChild( style );\n\t\t\t\t\tdocument.currentScript?.remove();\n\t\t\t\t} )();\n\t\t\t<\/script><\/div><!-- .wpforms-field-container --><div class=\"wpforms-recaptcha-container wpforms-is-recaptcha wpforms-is-recaptcha-type-v2\" ><div class=\"g-recaptcha\" data-sitekey=\"6LeS7gEkAAAAAO-EsXRwxTakHs6Q_9Z0rQYHkIS5\"><\/div><input type=\"text\" name=\"g-recaptcha-hidden\" class=\"wpforms-recaptcha-hidden\" style=\"position:absolute!important;clip:rect(0,0,0,0)!important;height:1px!important;width:1px!important;border:0!important;overflow:hidden!important;padding:0!important;margin:0!important;\" data-rule-recaptcha=\"1\"><\/div><div class=\"wpforms-submit-container\" ><input type=\"hidden\" name=\"wpforms[id]\" value=\"1077\"><input type=\"hidden\" name=\"page_title\" value=\"\"><input type=\"hidden\" name=\"page_url\" value=\"https:\/\/whitesoundibiza.com\/es\/wp-json\/wp\/v2\/product\/48886\"><input type=\"hidden\" name=\"url_referer\" value=\"\"><button type=\"submit\" name=\"wpforms[submit]\" id=\"wpforms-submit-1077\" class=\"wpforms-submit\" data-alt-text=\"Enviando...\" data-submit-text=\"Env\u00eda\" aria-live=\"assertive\" value=\"wpforms-submit\">Env\u00eda<\/button><img decoding=\"async\" src=\"https:\/\/whitesoundibiza.com\/wp-content\/plugins\/wpforms\/assets\/images\/submit-spin.svg\" class=\"wpforms-submit-spinner\" style=\"display: none;\" width=\"26\" height=\"26\" alt=\"Cargando\"><\/div><\/form><\/div>  <!-- .wpforms-container -->\n","protected":false},"excerpt":{"rendered":"<p class=\"\" data-start=\"355\" data-end=\"570\">Combinador de antenas activo 2 \u00d7 1:4 con cobertura de 470-940 MHz, p\u00e9rdida de inserci\u00f3n \u2264 0,8 dB, paso de corriente continua por BNC (hasta 300 mA) y conectores BNC de 50 \u03a9, ideal para grandes configuraciones de micr\u00f3fonos inal\u00e1mbricos.<\/p>\n<p class=\"\" data-start=\"572\" data-end=\"709\">\n","protected":false},"featured_media":48216,"template":"","meta":{"_joinchat":[]},"product_brand":[],"product_cat":[165],"product_tag":[],"class_list":{"0":"post-48886","1":"product","2":"type-product","3":"status-publish","4":"has-post-thumbnail","6":"product_cat-accesorios","8":"first","9":"instock","10":"taxable","11":"shipping-taxable","12":"purchasable","13":"product-type-rentable"},"yoast_head":"<!-- This site is optimized with the Yoast SEO plugin v27.3 - https:\/\/yoast.com\/product\/yoast-seo-wordpress\/ -->\n<title>alquiler shure ua844 combinador en ibiza | White Sound Ibiza<\/title>\n<meta name=\"description\" content=\"alquila el combinador shure ua844 en Ibiza de White Sound Ibiza. Combinador 2:4 de cuatro v\u00edas, rango de 470-940 MHz, distribuci\u00f3n de corriente continua, baja p\u00e9rdida de inserci\u00f3n y chasis de acero resistente. \u00a1Reserva ahora!\" \/>\n<meta name=\"robots\" content=\"index, follow, max-snippet:-1, max-image-preview:large, max-video-preview:-1\" \/>\n<link rel=\"canonical\" href=\"https:\/\/whitesoundibiza.com\/es\/producto\/combinador-shure-ua844\/\" \/>\n<meta property=\"og:locale\" content=\"es_ES\" \/>\n<meta property=\"og:type\" content=\"article\" \/>\n<meta property=\"og:title\" content=\"alquiler shure ua844 combinador en ibiza | White Sound Ibiza\" \/>\n<meta property=\"og:description\" content=\"alquila el combinador shure ua844 en Ibiza de White Sound Ibiza. Combinador 2:4 de cuatro v\u00edas, rango de 470-940 MHz, distribuci\u00f3n de corriente continua, baja p\u00e9rdida de inserci\u00f3n y chasis de acero resistente. \u00a1Reserva ahora!\" \/>\n<meta property=\"og:url\" content=\"https:\/\/whitesoundibiza.com\/es\/producto\/combinador-shure-ua844\/\" \/>\n<meta property=\"og:site_name\" content=\"White Sound Ibiza - Delivering Fun\" \/>\n<meta property=\"article:modified_time\" content=\"2025-08-09T15:43:56+00:00\" \/>\n<meta property=\"og:image\" content=\"https:\/\/whitesoundibiza.com\/wp-content\/uploads\/2025\/02\/combishure.jpg\" \/>\n\t<meta property=\"og:image:width\" content=\"1000\" \/>\n\t<meta property=\"og:image:height\" content=\"1000\" \/>\n\t<meta property=\"og:image:type\" content=\"image\/jpeg\" \/>\n<meta name=\"twitter:card\" content=\"summary_large_image\" \/>\n<meta name=\"twitter:label1\" content=\"Tiempo de lectura\" \/>\n\t<meta name=\"twitter:data1\" content=\"2 minutos\" \/>\n<script type=\"application\/ld+json\" class=\"yoast-schema-graph\">{\"@context\":\"https:\\\/\\\/schema.org\",\"@graph\":[{\"@type\":\"WebPage\",\"@id\":\"https:\\\/\\\/whitesoundibiza.com\\\/es\\\/producto\\\/combinador-shure-ua844\\\/\",\"url\":\"https:\\\/\\\/whitesoundibiza.com\\\/es\\\/producto\\\/combinador-shure-ua844\\\/\",\"name\":\"alquiler shure ua844 combinador en ibiza | White Sound Ibiza\",\"isPartOf\":{\"@id\":\"https:\\\/\\\/whitesoundibiza.com\\\/es\\\/#website\"},\"primaryImageOfPage\":{\"@id\":\"https:\\\/\\\/whitesoundibiza.com\\\/es\\\/producto\\\/combinador-shure-ua844\\\/#primaryimage\"},\"image\":{\"@id\":\"https:\\\/\\\/whitesoundibiza.com\\\/es\\\/producto\\\/combinador-shure-ua844\\\/#primaryimage\"},\"thumbnailUrl\":\"https:\\\/\\\/whitesoundibiza.com\\\/wp-content\\\/uploads\\\/2025\\\/02\\\/combishure.jpg\",\"datePublished\":\"2025-02-11T02:28:50+00:00\",\"dateModified\":\"2025-08-09T15:43:56+00:00\",\"description\":\"alquila el combinador shure ua844 en Ibiza de White Sound Ibiza. Combinador 2:4 de cuatro v\u00edas, rango de 470-940 MHz, distribuci\u00f3n de corriente continua, baja p\u00e9rdida de inserci\u00f3n y chasis de acero resistente. \u00a1Reserva ahora!\",\"breadcrumb\":{\"@id\":\"https:\\\/\\\/whitesoundibiza.com\\\/es\\\/producto\\\/combinador-shure-ua844\\\/#breadcrumb\"},\"inLanguage\":\"es\",\"potentialAction\":[{\"@type\":\"ReadAction\",\"target\":[\"https:\\\/\\\/whitesoundibiza.com\\\/es\\\/producto\\\/combinador-shure-ua844\\\/\"]}]},{\"@type\":\"ImageObject\",\"inLanguage\":\"es\",\"@id\":\"https:\\\/\\\/whitesoundibiza.com\\\/es\\\/producto\\\/combinador-shure-ua844\\\/#primaryimage\",\"url\":\"https:\\\/\\\/whitesoundibiza.com\\\/wp-content\\\/uploads\\\/2025\\\/02\\\/combishure.jpg\",\"contentUrl\":\"https:\\\/\\\/whitesoundibiza.com\\\/wp-content\\\/uploads\\\/2025\\\/02\\\/combishure.jpg\",\"width\":1000,\"height\":1000,\"caption\":\"Combinador de antena activo 2:4 Shure UA844 con distribuci\u00f3n de corriente continua disponible para alquilar en Ibiza en White Sound Ibiza\"},{\"@type\":\"BreadcrumbList\",\"@id\":\"https:\\\/\\\/whitesoundibiza.com\\\/es\\\/producto\\\/combinador-shure-ua844\\\/#breadcrumb\",\"itemListElement\":[{\"@type\":\"ListItem\",\"position\":1,\"name\":\"Portada\",\"item\":\"https:\\\/\\\/whitesoundibiza.com\\\/es\\\/\"},{\"@type\":\"ListItem\",\"position\":2,\"name\":\"Tienda\",\"item\":\"https:\\\/\\\/whitesoundibiza.com\\\/es\\\/tienda\\\/\"},{\"@type\":\"ListItem\",\"position\":3,\"name\":\"Combiner Shure Ua844\"}]},{\"@type\":\"WebSite\",\"@id\":\"https:\\\/\\\/whitesoundibiza.com\\\/es\\\/#website\",\"url\":\"https:\\\/\\\/whitesoundibiza.com\\\/es\\\/\",\"name\":\"White Sound Ibiza\",\"description\":\"Rent Speakers in Ibiza\",\"publisher\":{\"@id\":\"https:\\\/\\\/whitesoundibiza.com\\\/es\\\/#organization\"},\"potentialAction\":[{\"@type\":\"SearchAction\",\"target\":{\"@type\":\"EntryPoint\",\"urlTemplate\":\"https:\\\/\\\/whitesoundibiza.com\\\/es\\\/?s={search_term_string}\"},\"query-input\":{\"@type\":\"PropertyValueSpecification\",\"valueRequired\":true,\"valueName\":\"search_term_string\"}}],\"inLanguage\":\"es\"},{\"@type\":\"Organization\",\"@id\":\"https:\\\/\\\/whitesoundibiza.com\\\/es\\\/#organization\",\"name\":\"White Sound Ibiza\",\"url\":\"https:\\\/\\\/whitesoundibiza.com\\\/es\\\/\",\"logo\":{\"@type\":\"ImageObject\",\"inLanguage\":\"es\",\"@id\":\"https:\\\/\\\/whitesoundibiza.com\\\/es\\\/#\\\/schema\\\/logo\\\/image\\\/\",\"url\":\"https:\\\/\\\/whitesoundibiza.com\\\/wp-content\\\/uploads\\\/2025\\\/05\\\/ws_logo.jpg\",\"contentUrl\":\"https:\\\/\\\/whitesoundibiza.com\\\/wp-content\\\/uploads\\\/2025\\\/05\\\/ws_logo.jpg\",\"width\":800,\"height\":235,\"caption\":\"White Sound Ibiza\"},\"image\":{\"@id\":\"https:\\\/\\\/whitesoundibiza.com\\\/es\\\/#\\\/schema\\\/logo\\\/image\\\/\"}}]}<\/script>\n<!-- \/ Yoast SEO plugin. -->","yoast_head_json":{"title":"alquiler shure ua844 combinador en ibiza | White Sound Ibiza","description":"alquila el combinador shure ua844 en Ibiza de White Sound Ibiza. Combinador 2:4 de cuatro v\u00edas, rango de 470-940 MHz, distribuci\u00f3n de corriente continua, baja p\u00e9rdida de inserci\u00f3n y chasis de acero resistente. \u00a1Reserva ahora!","robots":{"index":"index","follow":"follow","max-snippet":"max-snippet:-1","max-image-preview":"max-image-preview:large","max-video-preview":"max-video-preview:-1"},"canonical":"https:\/\/whitesoundibiza.com\/es\/producto\/combinador-shure-ua844\/","og_locale":"es_ES","og_type":"article","og_title":"alquiler shure ua844 combinador en ibiza | White Sound Ibiza","og_description":"alquila el combinador shure ua844 en Ibiza de White Sound Ibiza. Combinador 2:4 de cuatro v\u00edas, rango de 470-940 MHz, distribuci\u00f3n de corriente continua, baja p\u00e9rdida de inserci\u00f3n y chasis de acero resistente. \u00a1Reserva ahora!","og_url":"https:\/\/whitesoundibiza.com\/es\/producto\/combinador-shure-ua844\/","og_site_name":"White Sound Ibiza - Delivering Fun","article_modified_time":"2025-08-09T15:43:56+00:00","og_image":[{"width":1000,"height":1000,"url":"https:\/\/whitesoundibiza.com\/wp-content\/uploads\/2025\/02\/combishure.jpg","type":"image\/jpeg"}],"twitter_card":"summary_large_image","twitter_misc":{"Tiempo de lectura":"2 minutos"},"schema":{"@context":"https:\/\/schema.org","@graph":[{"@type":"WebPage","@id":"https:\/\/whitesoundibiza.com\/es\/producto\/combinador-shure-ua844\/","url":"https:\/\/whitesoundibiza.com\/es\/producto\/combinador-shure-ua844\/","name":"alquiler shure ua844 combinador en ibiza | White Sound Ibiza","isPartOf":{"@id":"https:\/\/whitesoundibiza.com\/es\/#website"},"primaryImageOfPage":{"@id":"https:\/\/whitesoundibiza.com\/es\/producto\/combinador-shure-ua844\/#primaryimage"},"image":{"@id":"https:\/\/whitesoundibiza.com\/es\/producto\/combinador-shure-ua844\/#primaryimage"},"thumbnailUrl":"https:\/\/whitesoundibiza.com\/wp-content\/uploads\/2025\/02\/combishure.jpg","datePublished":"2025-02-11T02:28:50+00:00","dateModified":"2025-08-09T15:43:56+00:00","description":"alquila el combinador shure ua844 en Ibiza de White Sound Ibiza. Combinador 2:4 de cuatro v\u00edas, rango de 470-940 MHz, distribuci\u00f3n de corriente continua, baja p\u00e9rdida de inserci\u00f3n y chasis de acero resistente. \u00a1Reserva ahora!","breadcrumb":{"@id":"https:\/\/whitesoundibiza.com\/es\/producto\/combinador-shure-ua844\/#breadcrumb"},"inLanguage":"es","potentialAction":[{"@type":"ReadAction","target":["https:\/\/whitesoundibiza.com\/es\/producto\/combinador-shure-ua844\/"]}]},{"@type":"ImageObject","inLanguage":"es","@id":"https:\/\/whitesoundibiza.com\/es\/producto\/combinador-shure-ua844\/#primaryimage","url":"https:\/\/whitesoundibiza.com\/wp-content\/uploads\/2025\/02\/combishure.jpg","contentUrl":"https:\/\/whitesoundibiza.com\/wp-content\/uploads\/2025\/02\/combishure.jpg","width":1000,"height":1000,"caption":"Combinador de antena activo 2:4 Shure UA844 con distribuci\u00f3n de corriente continua disponible para alquilar en Ibiza en White Sound Ibiza"},{"@type":"BreadcrumbList","@id":"https:\/\/whitesoundibiza.com\/es\/producto\/combinador-shure-ua844\/#breadcrumb","itemListElement":[{"@type":"ListItem","position":1,"name":"Portada","item":"https:\/\/whitesoundibiza.com\/es\/"},{"@type":"ListItem","position":2,"name":"Tienda","item":"https:\/\/whitesoundibiza.com\/es\/tienda\/"},{"@type":"ListItem","position":3,"name":"Combiner Shure Ua844"}]},{"@type":"WebSite","@id":"https:\/\/whitesoundibiza.com\/es\/#website","url":"https:\/\/whitesoundibiza.com\/es\/","name":"White Sound Ibiza","description":"Rent Speakers in Ibiza","publisher":{"@id":"https:\/\/whitesoundibiza.com\/es\/#organization"},"potentialAction":[{"@type":"SearchAction","target":{"@type":"EntryPoint","urlTemplate":"https:\/\/whitesoundibiza.com\/es\/?s={search_term_string}"},"query-input":{"@type":"PropertyValueSpecification","valueRequired":true,"valueName":"search_term_string"}}],"inLanguage":"es"},{"@type":"Organization","@id":"https:\/\/whitesoundibiza.com\/es\/#organization","name":"White Sound Ibiza","url":"https:\/\/whitesoundibiza.com\/es\/","logo":{"@type":"ImageObject","inLanguage":"es","@id":"https:\/\/whitesoundibiza.com\/es\/#\/schema\/logo\/image\/","url":"https:\/\/whitesoundibiza.com\/wp-content\/uploads\/2025\/05\/ws_logo.jpg","contentUrl":"https:\/\/whitesoundibiza.com\/wp-content\/uploads\/2025\/05\/ws_logo.jpg","width":800,"height":235,"caption":"White Sound Ibiza"},"image":{"@id":"https:\/\/whitesoundibiza.com\/es\/#\/schema\/logo\/image\/"}}]}},"_links":{"self":[{"href":"https:\/\/whitesoundibiza.com\/es\/wp-json\/wp\/v2\/product\/48886","targetHints":{"allow":["GET"]}}],"collection":[{"href":"https:\/\/whitesoundibiza.com\/es\/wp-json\/wp\/v2\/product"}],"about":[{"href":"https:\/\/whitesoundibiza.com\/es\/wp-json\/wp\/v2\/types\/product"}],"wp:featuredmedia":[{"embeddable":true,"href":"https:\/\/whitesoundibiza.com\/es\/wp-json\/wp\/v2\/media\/48216"}],"wp:attachment":[{"href":"https:\/\/whitesoundibiza.com\/es\/wp-json\/wp\/v2\/media?parent=48886"}],"wp:term":[{"taxonomy":"product_brand","embeddable":true,"href":"https:\/\/whitesoundibiza.com\/es\/wp-json\/wp\/v2\/product_brand?post=48886"},{"taxonomy":"product_cat","embeddable":true,"href":"https:\/\/whitesoundibiza.com\/es\/wp-json\/wp\/v2\/product_cat?post=48886"},{"taxonomy":"product_tag","embeddable":true,"href":"https:\/\/whitesoundibiza.com\/es\/wp-json\/wp\/v2\/product_tag?post=48886"}],"curies":[{"name":"wp","href":"https:\/\/api.w.org\/{rel}","templated":true}]}}