{"id":48883,"date":"2025-02-11T02:28:53","date_gmt":"2025-02-11T02:28:53","guid":{"rendered":"https:\/\/whitesoundibiza.com\/producto\/antena-adpuhf-sennheiser-iem\/"},"modified":"2025-08-09T15:43:56","modified_gmt":"2025-08-09T15:43:56","slug":"antena-adpuhf-sennheiser-iem","status":"publish","type":"product","link":"https:\/\/whitesoundibiza.com\/es\/producto\/antena-adpuhf-sennheiser-iem\/","title":{"rendered":"Antena ADPUHF Sennheiser (IEM)"},"content":{"rendered":"<p class=\"\" data-start=\"725\" data-end=\"1149\">Cuando <strong data-start=\"734\" data-end=\"775\">alquilas la antena sennheiser adp uhf ibiza<\/strong>, obtienes una antena de pala pasiva y direccional dise\u00f1ada para aumentar el alcance y la fiabilidad de tus sistemas inal\u00e1mbricos UHF. Su forma de haz concentrado rechaza las interferencias fuera del eje, proporcionando se\u00f1ales de RF limpias a tus receptores. <span class=\"\" data-state=\"closed\"><span class=\"ms-1 inline-flex max-w-full items-center relative top-[-0.094rem] animate-[show_150ms_ease-in]\"><a class=\"flex h-4.5 overflow-hidden rounded-xl px-2 text-[0.5625em] font-medium text-token-text-secondary! bg-[#F4F4F4]! dark:bg-[#303030]! transition-colors duration-150 ease-in-out\" href=\"https:\/\/www.sennheiser.com\/globalassets\/digizuite\/40850-en-ew-d_adp_uhf_product_specification_v1.1_en.pdf?utm_source=chatgpt.com\" target=\"_blank\" rel=\"noopener\"><span class=\"relative start-0 bottom-0 flex h-full w-full items-center\"><span class=\"flex h-4 w-full items-center justify-between overflow-hidden\"><span class=\"max-w-full grow truncate overflow-hidden text-center\">Sennheiser<\/span><\/span><\/span><\/a><\/span><\/span>. Perfecta para festivales, instalaciones en teatros y camiones de transmisi\u00f3n, esta antena se integra perfectamente en cualquier configuraci\u00f3n.<\/p>\n<h3 class=\"\" data-start=\"1151\" data-end=\"1186\">Caracter\u00edsticas principales y especificaciones<\/h3>\n<ul data-start=\"1187\" data-end=\"1479\">\n<li class=\"\" data-start=\"1187\" data-end=\"1226\">\n<p class=\"\" data-start=\"1189\" data-end=\"1226\"><strong data-start=\"1189\" data-end=\"1209\">Gama de frecuencias:<\/strong> 470 &#8211; 1075 MHz<\/p>\n<\/li>\n<li class=\"\" data-start=\"1227\" data-end=\"1251\">\n<p class=\"\" data-start=\"1229\" data-end=\"1251\"><strong data-start=\"1229\" data-end=\"1238\">Ganancia:<\/strong> t\u00edp. 5 dBi<\/p>\n<\/li>\n<li class=\"\" data-start=\"1252\" data-end=\"1291\">\n<p class=\"\" data-start=\"1254\" data-end=\"1291\"><strong data-start=\"1254\" data-end=\"1276\">Ancho del haz (-3 dB):<\/strong> 100\u00b0 aprox.<\/p>\n<\/li>\n<li class=\"\" data-start=\"1292\" data-end=\"1328\">\n<p class=\"\" data-start=\"1294\" data-end=\"1328\"><strong data-start=\"1294\" data-end=\"1318\">Relaci\u00f3n antero-posterior:<\/strong> &gt; 14 dB<\/p>\n<\/li>\n<li class=\"\" data-start=\"1329\" data-end=\"1374\">\n<p class=\"\" data-start=\"1331\" data-end=\"1374\"><strong data-start=\"1331\" data-end=\"1345\">Impedancia:<\/strong> 50 \u03a9, conector BNC hembra<\/p>\n<\/li>\n<li class=\"\" data-start=\"1375\" data-end=\"1479\">\n<p class=\"\" data-start=\"1377\" data-end=\"1479\"><strong data-start=\"1377\" data-end=\"1398\">Roscas de montaje:<\/strong> \u215c\u2033 y \u215d\u2033 para soportes de pie de micro o tr\u00edpode<\/p>\n<\/li>\n<\/ul>\n<p class=\"\" data-start=\"1481\" data-end=\"1576\"><strong data-start=\"1481\" data-end=\"1496\">Dimensiones:<\/strong> 319 \u00d7 310 mm; <strong data-start=\"1511\" data-end=\"1522\">Peso:<\/strong> aprox. 1 100 g <span class=\"\" data-state=\"closed\"><span class=\"ms-1 inline-flex max-w-full items-center relative top-[-0.094rem] animate-[show_150ms_ease-in]\"><a class=\"flex h-4.5 overflow-hidden rounded-xl px-2 text-[0.5625em] font-medium text-token-text-secondary! bg-[#F4F4F4]! dark:bg-[#303030]! transition-colors duration-150 ease-in-out\" href=\"https:\/\/www.acclaim-music.com\/sennheiser-adp-uhf-passive-external-directional-antenna-for-wireless-microphones-470-1075-mhz-black-508863.html?srsltid=AfmBOoq-86GQwhnB5Puk4mMHx5g2Wlr89oWAJV8uPQAygrjOWgp6m2fO&amp;utm_source=chatgpt.com\" target=\"_blank\" rel=\"noopener\"><span class=\"relative start-0 bottom-0 flex h-full w-full items-center\"><span class=\"flex h-4 w-full items-center justify-between overflow-hidden\"><span class=\"max-w-full grow truncate overflow-hidden text-center\">M\u00fasica Acclaim<\/span><\/span><\/span><\/a><\/span><\/span><\/p>\n<h3 class=\"\" data-start=\"1578\" data-end=\"1612\">Rendimiento y direccionalidad<\/h3>\n<p class=\"\" data-start=\"1613\" data-end=\"1992\">El dise\u00f1o de <a class=\"\" href=\"https:\/\/en.wikipedia.org\/wiki\/Directional_antenna\" target=\"_new\" rel=\"noopener\" data-start=\"1627\" data-end=\"1699\">antena direccional<\/a> de la ADP UHF garantiza que la mayor parte de su energ\u00eda radiada se concentre en un haz estrecho, maximizando la ganancia y minimizando las interferencias multitrayecto. Al funcionar en la banda <a class=\"\" href=\"https:\/\/en.wikipedia.org\/wiki\/UHF\" target=\"_new\" rel=\"noopener\" data-start=\"1854\" data-end=\"1894\">UHF<\/a>, es excelente para penetrar obst\u00e1culos y mantener enlaces estables en entornos de RF saturados.<\/p>\n<h3 class=\"\" data-start=\"1994\" data-end=\"2027\">Instalaci\u00f3n y conectividad<\/h3>\n<p class=\"\" data-start=\"2028\" data-end=\"2392\">Los t\u00e9cnicos pueden montar r\u00e1pidamente la antena en cualquier pie de micro o tr\u00edpode est\u00e1ndar utilizando sus roscas \u215c\u2033\/\u215d\u2033 incorporadas. Su conector BNC encaja directamente en tu receptor o divisor de antena, sin necesidad de adaptadores. Comb\u00ednalo con nuestros <a class=\"cursor-pointer\" rel=\"noopener\" data-start=\"2286\" data-end=\"2335\">combinadores y divisores de RF<\/a> para alimentar varios receptores desde una \u00fanica fuente de antena.<\/p>\n<h3 class=\"\" data-start=\"2394\" data-end=\"2424\">Aplicaciones y casos de uso<\/h3>\n<p class=\"\" data-start=\"2425\" data-end=\"2526\">Al elegir <strong data-start=\"2440\" data-end=\"2481\">alquilar la antena sennheiser adp uhf ibiza<\/strong>, te aseguras un rendimiento de RF s\u00f3lido como una roca para:<\/p>\n<ul data-start=\"2527\" data-end=\"2814\">\n<li class=\"\" data-start=\"2527\" data-end=\"2626\">\n<p class=\"\" data-start=\"2529\" data-end=\"2626\"><strong data-start=\"2529\" data-end=\"2562\">Festivales y conciertos al aire libre:<\/strong> Resiste el viento y las inclemencias del tiempo gracias a su robusta construcci\u00f3n.<\/p>\n<\/li>\n<li class=\"\" data-start=\"2627\" data-end=\"2724\">\n<p class=\"\" data-start=\"2629\" data-end=\"2724\"><strong data-start=\"2629\" data-end=\"2661\">Teatros y lugares de culto:<\/strong> La cobertura focalizada evita las interferencias de los escenarios adyacentes.<\/p>\n<\/li>\n<li class=\"\" data-start=\"2725\" data-end=\"2814\">\n<p class=\"\" data-start=\"2727\" data-end=\"2814\"><strong data-start=\"2727\" data-end=\"2754\">Camiones de radiodifusi\u00f3n y ENG:<\/strong> Su tama\u00f1o compacto y su dise\u00f1o pasivo simplifican la disposici\u00f3n de los bastidores de RF.<\/p>\n<\/li>\n<\/ul>\n<p class=\"\" data-start=\"2816\" data-end=\"2920\">Explora nuestra gama completa de <a class=\"cursor-pointer\" rel=\"noopener\" data-start=\"2842\" data-end=\"2884\">alquiler de antenas de radiofrecuencia<\/a> para construir una cadena inal\u00e1mbrica completa.<\/p>\n<h3 class=\"\" data-start=\"2922\" data-end=\"2944\">Alquiler y asistencia<\/h3>\n<p class=\"\" data-start=\"2945\" data-end=\"3029\">White Sound Ibiza te facilita el <strong data-start=\"2980\" data-end=\"3021\">alquiler de antenas sennheiser adp uhf ibiza<\/strong> con:<\/p>\n<p class=\"\" data-start=\"3032\" data-end=\"3098\"><strong data-start=\"3032\" data-end=\"3063\">Entrega y recogida flexibles:<\/strong> En cualquier lugar de la isla de Ibiza.<\/p>\n<p class=\"\" data-start=\"3101\" data-end=\"3199\"><strong data-start=\"3101\" data-end=\"3129\">Optimizaci\u00f3n de RF in situ:<\/strong> Nuestros ingenieros colocar\u00e1n y orientar\u00e1n la antena para obtener la mejor recepci\u00f3n.<\/p>\n<style id=\"wpforms-css-vars-1077\">\n\t\t\t\t#wpforms-1077 {\n\t\t\t\t\n\t\t\t}\n\t\t\t<\/style><div class=\"wpforms-container wpforms-container-full wpforms-render-modern\" id=\"wpforms-1077\"><form id=\"wpforms-form-1077\" class=\"wpforms-validate wpforms-form wpforms-ajax-form\" data-formid=\"1077\" method=\"post\" enctype=\"multipart\/form-data\" action=\"\/es\/wp-json\/wp\/v2\/product\/48883\" data-token=\"dfe2cec9ba1513477d46ad545949aa7b\" data-token-time=\"1775245820\"><noscript class=\"wpforms-error-noscript\">Por favor, activa JavaScript en tu navegador para completar este formulario.<\/noscript><div id=\"wpforms-error-noscript\" style=\"display: none;\">Por favor, activa JavaScript en tu navegador para completar este formulario.<\/div><div class=\"wpforms-field-container\"><div id=\"wpforms-1077-field_0-container\" class=\"wpforms-field wpforms-field-name\" data-field-id=\"0\"><fieldset><legend class=\"wpforms-field-label\">Nombre <span class=\"wpforms-required-label\" aria-hidden=\"true\">*<\/span><\/legend><div class=\"wpforms-field-row wpforms-field-medium\"><div class=\"wpforms-field-row-block wpforms-first wpforms-one-half\"><input type=\"text\" id=\"wpforms-1077-field_0\" class=\"wpforms-field-name-first wpforms-field-required\" name=\"wpforms[fields][0][first]\" placeholder=\"Nombre\" aria-errormessage=\"wpforms-1077-field_0-error\" required><label for=\"wpforms-1077-field_0\" class=\"wpforms-field-sublabel after wpforms-sublabel-hide\">Nombre<\/label><\/div><div class=\"wpforms-field-row-block wpforms-one-half\"><input type=\"text\" id=\"wpforms-1077-field_0-last\" class=\"wpforms-field-name-last wpforms-field-required\" name=\"wpforms[fields][0][last]\" placeholder=\"Apellidos\" aria-errormessage=\"wpforms-1077-field_0-last-error\" required><label for=\"wpforms-1077-field_0-last\" class=\"wpforms-field-sublabel after wpforms-sublabel-hide\">Apellidos<\/label><\/div><\/div><\/fieldset><\/div><div id=\"wpforms-1077-field_7-container\" class=\"wpforms-field wpforms-field-layout\" data-field-id=\"7\"><div class=\"wpforms-field-layout-columns wpforms-field-layout-preset-50-50\"><div class=\"wpforms-layout-column wpforms-layout-column-50\" >\t\t<div id=\"wpforms-1077-field_3-container\"\n\t\t\tclass=\"wpforms-field wpforms-field-text\"\n\t\t\tdata-field-type=\"text\"\n\t\t\tdata-field-id=\"3\"\n\t\t\t>\n\t\t\t<label class=\"wpforms-field-label\" for=\"wpforms-1077-field_3\" >Dise\u00f1o Mensaje Desde<\/label>\n\t\t\t<input type=\"text\" id=\"wpforms-1077-field_3\" class=\"wpforms-field-medium\" name=\"wpforms[fields][3]\" >\n\t\t<\/div>\n\t\t<div id=\"wpforms-1077-field_1-container\" class=\"wpforms-field wpforms-field-email\" data-field-id=\"1\"><label class=\"wpforms-field-label\" for=\"wpforms-1077-field_1\">Env\u00eda un correo electr\u00f3nico a <span class=\"wpforms-required-label\" aria-hidden=\"true\">*<\/span><\/label><input type=\"email\" id=\"wpforms-1077-field_1\" class=\"wpforms-field-medium wpforms-field-required\" name=\"wpforms[fields][1]\" spellcheck=\"false\" aria-errormessage=\"wpforms-1077-field_1-error\" required><\/div><\/div><div class=\"wpforms-layout-column wpforms-layout-column-50\" ><div id=\"wpforms-1077-field_8-container\" class=\"wpforms-field wpforms-field-phone\" data-field-id=\"8\"><label class=\"wpforms-field-label\" for=\"wpforms-1077-field_8\">N\u00famero de tel\u00e9fono <span class=\"wpforms-required-label\" aria-hidden=\"true\">*<\/span><\/label><input type=\"tel\" id=\"wpforms-1077-field_8\" class=\"wpforms-field-medium wpforms-field-required wpforms-smart-phone-field\" data-rule-smart-phone-field=\"true\" name=\"wpforms[fields][8]\" aria-label=\"N\u00famero de tel\u00e9fono\" aria-errormessage=\"wpforms-1077-field_8-error\" required><\/div><\/div><\/div><\/div><div id=\"wpforms-1077-field_10-container\" class=\"wpforms-field wpforms-field-layout\" data-field-id=\"10\"><div class=\"wpforms-field-layout-columns wpforms-field-layout-preset-50-50\"><div class=\"wpforms-layout-column wpforms-layout-column-50\" ><div id=\"wpforms-1077-field_4-container\" class=\"wpforms-field wpforms-field-date-time\" data-field-id=\"4\"><label class=\"wpforms-field-label\" for=\"wpforms-1077-field_4\">Desde<\/label><div class=\"wpforms-datepicker-wrap\"><input type=\"text\" id=\"wpforms-1077-field_4\" class=\"wpforms-field-date-time-date wpforms-datepicker wpforms-field-small\" data-date-format=\"m\/d\/Y\" data-disable-past-dates=\"0\" data-input=\"true\" name=\"wpforms[fields][4][date]\" aria-errormessage=\"wpforms-1077-field_4-error\" ><a title=\"Borrar fecha\" data-clear role=\"button\" tabindex=\"0\" class=\"wpforms-datepicker-clear\" aria-label=\"Borrar fecha\" style=\"display:none;\"><\/a><\/div><\/div><\/div><div class=\"wpforms-layout-column wpforms-layout-column-50\" ><div id=\"wpforms-1077-field_9-container\" class=\"wpforms-field wpforms-field-date-time\" data-field-id=\"9\"><label class=\"wpforms-field-label\" for=\"wpforms-1077-field_9\">Hasta<\/label><div class=\"wpforms-datepicker-wrap\"><input type=\"text\" id=\"wpforms-1077-field_9\" class=\"wpforms-field-date-time-date wpforms-datepicker wpforms-field-small\" data-date-format=\"m\/d\/Y\" data-disable-past-dates=\"0\" data-input=\"true\" name=\"wpforms[fields][9][date]\" aria-errormessage=\"wpforms-1077-field_9-error\" ><a title=\"Borrar fecha\" data-clear role=\"button\" tabindex=\"0\" class=\"wpforms-datepicker-clear\" aria-label=\"Borrar fecha\" style=\"display:none;\"><\/a><\/div><\/div><\/div><\/div><\/div><div id=\"wpforms-1077-field_2-container\" class=\"wpforms-field wpforms-field-textarea\" data-field-id=\"2\"><label class=\"wpforms-field-label\" for=\"wpforms-1077-field_2\">Mensaje<\/label><textarea id=\"wpforms-1077-field_2\" class=\"wpforms-field-medium\" name=\"wpforms[fields][2]\" placeholder=\"\u00bfC\u00f3mo podemos ayudarte?\" aria-errormessage=\"wpforms-1077-field_2-error\" ><\/textarea><\/div><script>\n\t\t\t\t( function() {\n\t\t\t\t\tconst style = document.createElement( 'style' );\n\t\t\t\t\tstyle.appendChild( document.createTextNode( '#wpforms-1077-field_3-container { position: absolute !important; overflow: hidden !important; display: inline !important; height: 1px !important; width: 1px !important; z-index: -1000 !important; padding: 0 !important; } #wpforms-1077-field_3-container input { visibility: hidden; } #wpforms-conversational-form-page #wpforms-1077-field_3-container label { counter-increment: none; }' ) );\n\t\t\t\t\tdocument.head.appendChild( style );\n\t\t\t\t\tdocument.currentScript?.remove();\n\t\t\t\t} )();\n\t\t\t<\/script><\/div><!-- .wpforms-field-container --><div class=\"wpforms-recaptcha-container wpforms-is-recaptcha wpforms-is-recaptcha-type-v2\" ><div class=\"g-recaptcha\" data-sitekey=\"6LeS7gEkAAAAAO-EsXRwxTakHs6Q_9Z0rQYHkIS5\"><\/div><input type=\"text\" name=\"g-recaptcha-hidden\" class=\"wpforms-recaptcha-hidden\" style=\"position:absolute!important;clip:rect(0,0,0,0)!important;height:1px!important;width:1px!important;border:0!important;overflow:hidden!important;padding:0!important;margin:0!important;\" data-rule-recaptcha=\"1\"><\/div><div class=\"wpforms-submit-container\" ><input type=\"hidden\" name=\"wpforms[id]\" value=\"1077\"><input type=\"hidden\" name=\"page_title\" value=\"\"><input type=\"hidden\" name=\"page_url\" value=\"https:\/\/whitesoundibiza.com\/es\/wp-json\/wp\/v2\/product\/48883\"><input type=\"hidden\" name=\"url_referer\" value=\"\"><button type=\"submit\" name=\"wpforms[submit]\" id=\"wpforms-submit-1077\" class=\"wpforms-submit\" data-alt-text=\"Enviando...\" data-submit-text=\"Env\u00eda\" aria-live=\"assertive\" value=\"wpforms-submit\">Env\u00eda<\/button><img decoding=\"async\" src=\"https:\/\/whitesoundibiza.com\/wp-content\/plugins\/wpforms\/assets\/images\/submit-spin.svg\" class=\"wpforms-submit-spinner\" style=\"display: none;\" width=\"26\" height=\"26\" alt=\"Cargando\"><\/div><\/form><\/div>  <!-- .wpforms-container -->\n","protected":false},"excerpt":{"rendered":"<p class=\"\" data-start=\"338\" data-end=\"561\">Antena direccional pasiva de paleta, 470-1075 MHz, ganancia t\u00edpica de 5 dBi, relaci\u00f3n frontal\/trasera de &gt; 14 dB, conector BNC hembra y roscas de montaje de \u215c\u2033\/\u215d\u2033: ideal para mejorar el rendimiento de la RF inal\u00e1mbrica en exteriores.<\/p>\n<p class=\"\" data-start=\"563\" data-end=\"687\">\n","protected":false},"featured_media":48220,"template":"","meta":{"_joinchat":[]},"product_brand":[],"product_cat":[165],"product_tag":[],"class_list":{"0":"post-48883","1":"product","2":"type-product","3":"status-publish","4":"has-post-thumbnail","6":"product_cat-accesorios","8":"first","9":"instock","10":"taxable","11":"shipping-taxable","12":"purchasable","13":"product-type-rentable"},"yoast_head":"<!-- This site is optimized with the Yoast SEO plugin v27.3 - https:\/\/yoast.com\/product\/yoast-seo-wordpress\/ -->\n<title>Alquiler Sennheiser ADPUHF Ibiza | White Sound Ibiza<\/title>\n<meta name=\"description\" content=\"Alquiler Anena Sennheiser ADPUHF en Ibiza, en White Sound Ibiza. Alcance de 470-1075 MHz, conector BNC y roscas para pie de micro. \u00a1Reserva ahora!\" \/>\n<meta name=\"robots\" content=\"index, follow, max-snippet:-1, max-image-preview:large, max-video-preview:-1\" \/>\n<link rel=\"canonical\" href=\"https:\/\/whitesoundibiza.com\/es\/producto\/antena-adpuhf-sennheiser-iem\/\" \/>\n<meta property=\"og:locale\" content=\"es_ES\" \/>\n<meta property=\"og:type\" content=\"article\" \/>\n<meta property=\"og:title\" content=\"Alquiler Sennheiser ADPUHF Ibiza | White Sound Ibiza\" \/>\n<meta property=\"og:description\" content=\"Alquiler Anena Sennheiser ADPUHF en Ibiza, en White Sound Ibiza. Alcance de 470-1075 MHz, conector BNC y roscas para pie de micro. \u00a1Reserva ahora!\" \/>\n<meta property=\"og:url\" content=\"https:\/\/whitesoundibiza.com\/es\/producto\/antena-adpuhf-sennheiser-iem\/\" \/>\n<meta property=\"og:site_name\" content=\"White Sound Ibiza - Delivering Fun\" \/>\n<meta property=\"article:modified_time\" content=\"2025-08-09T15:43:56+00:00\" \/>\n<meta property=\"og:image\" content=\"https:\/\/whitesoundibiza.com\/wp-content\/uploads\/2025\/02\/antenaiem.jpg\" \/>\n\t<meta property=\"og:image:width\" content=\"1000\" \/>\n\t<meta property=\"og:image:height\" content=\"1000\" \/>\n\t<meta property=\"og:image:type\" content=\"image\/jpeg\" \/>\n<meta name=\"twitter:card\" content=\"summary_large_image\" \/>\n<meta name=\"twitter:label1\" content=\"Tiempo de lectura\" \/>\n\t<meta name=\"twitter:data1\" content=\"2 minutos\" \/>\n<script type=\"application\/ld+json\" class=\"yoast-schema-graph\">{\"@context\":\"https:\\\/\\\/schema.org\",\"@graph\":[{\"@type\":\"WebPage\",\"@id\":\"https:\\\/\\\/whitesoundibiza.com\\\/es\\\/producto\\\/antena-adpuhf-sennheiser-iem\\\/\",\"url\":\"https:\\\/\\\/whitesoundibiza.com\\\/es\\\/producto\\\/antena-adpuhf-sennheiser-iem\\\/\",\"name\":\"Alquiler Sennheiser ADPUHF Ibiza | White Sound Ibiza\",\"isPartOf\":{\"@id\":\"https:\\\/\\\/whitesoundibiza.com\\\/es\\\/#website\"},\"primaryImageOfPage\":{\"@id\":\"https:\\\/\\\/whitesoundibiza.com\\\/es\\\/producto\\\/antena-adpuhf-sennheiser-iem\\\/#primaryimage\"},\"image\":{\"@id\":\"https:\\\/\\\/whitesoundibiza.com\\\/es\\\/producto\\\/antena-adpuhf-sennheiser-iem\\\/#primaryimage\"},\"thumbnailUrl\":\"https:\\\/\\\/whitesoundibiza.com\\\/wp-content\\\/uploads\\\/2025\\\/02\\\/antenaiem.jpg\",\"datePublished\":\"2025-02-11T02:28:53+00:00\",\"dateModified\":\"2025-08-09T15:43:56+00:00\",\"description\":\"Alquiler Anena Sennheiser ADPUHF en Ibiza, en White Sound Ibiza. Alcance de 470-1075 MHz, conector BNC y roscas para pie de micro. \u00a1Reserva ahora!\",\"breadcrumb\":{\"@id\":\"https:\\\/\\\/whitesoundibiza.com\\\/es\\\/producto\\\/antena-adpuhf-sennheiser-iem\\\/#breadcrumb\"},\"inLanguage\":\"es\",\"potentialAction\":[{\"@type\":\"ReadAction\",\"target\":[\"https:\\\/\\\/whitesoundibiza.com\\\/es\\\/producto\\\/antena-adpuhf-sennheiser-iem\\\/\"]}]},{\"@type\":\"ImageObject\",\"inLanguage\":\"es\",\"@id\":\"https:\\\/\\\/whitesoundibiza.com\\\/es\\\/producto\\\/antena-adpuhf-sennheiser-iem\\\/#primaryimage\",\"url\":\"https:\\\/\\\/whitesoundibiza.com\\\/wp-content\\\/uploads\\\/2025\\\/02\\\/antenaiem.jpg\",\"contentUrl\":\"https:\\\/\\\/whitesoundibiza.com\\\/wp-content\\\/uploads\\\/2025\\\/02\\\/antenaiem.jpg\",\"width\":1000,\"height\":1000,\"caption\":\"Antena direccional pasiva Sennheiser ADP UHF disponible para alquilar en Ibiza en White Sound Ibiza\"},{\"@type\":\"BreadcrumbList\",\"@id\":\"https:\\\/\\\/whitesoundibiza.com\\\/es\\\/producto\\\/antena-adpuhf-sennheiser-iem\\\/#breadcrumb\",\"itemListElement\":[{\"@type\":\"ListItem\",\"position\":1,\"name\":\"Portada\",\"item\":\"https:\\\/\\\/whitesoundibiza.com\\\/es\\\/\"},{\"@type\":\"ListItem\",\"position\":2,\"name\":\"Tienda\",\"item\":\"https:\\\/\\\/whitesoundibiza.com\\\/es\\\/tienda\\\/\"},{\"@type\":\"ListItem\",\"position\":3,\"name\":\"Antena ADPUHF Sennheiser (IEM)\"}]},{\"@type\":\"WebSite\",\"@id\":\"https:\\\/\\\/whitesoundibiza.com\\\/es\\\/#website\",\"url\":\"https:\\\/\\\/whitesoundibiza.com\\\/es\\\/\",\"name\":\"White Sound Ibiza\",\"description\":\"Rent Speakers in Ibiza\",\"publisher\":{\"@id\":\"https:\\\/\\\/whitesoundibiza.com\\\/es\\\/#organization\"},\"potentialAction\":[{\"@type\":\"SearchAction\",\"target\":{\"@type\":\"EntryPoint\",\"urlTemplate\":\"https:\\\/\\\/whitesoundibiza.com\\\/es\\\/?s={search_term_string}\"},\"query-input\":{\"@type\":\"PropertyValueSpecification\",\"valueRequired\":true,\"valueName\":\"search_term_string\"}}],\"inLanguage\":\"es\"},{\"@type\":\"Organization\",\"@id\":\"https:\\\/\\\/whitesoundibiza.com\\\/es\\\/#organization\",\"name\":\"White Sound Ibiza\",\"url\":\"https:\\\/\\\/whitesoundibiza.com\\\/es\\\/\",\"logo\":{\"@type\":\"ImageObject\",\"inLanguage\":\"es\",\"@id\":\"https:\\\/\\\/whitesoundibiza.com\\\/es\\\/#\\\/schema\\\/logo\\\/image\\\/\",\"url\":\"https:\\\/\\\/whitesoundibiza.com\\\/wp-content\\\/uploads\\\/2025\\\/05\\\/ws_logo.jpg\",\"contentUrl\":\"https:\\\/\\\/whitesoundibiza.com\\\/wp-content\\\/uploads\\\/2025\\\/05\\\/ws_logo.jpg\",\"width\":800,\"height\":235,\"caption\":\"White Sound Ibiza\"},\"image\":{\"@id\":\"https:\\\/\\\/whitesoundibiza.com\\\/es\\\/#\\\/schema\\\/logo\\\/image\\\/\"}}]}<\/script>\n<!-- \/ Yoast SEO plugin. -->","yoast_head_json":{"title":"Alquiler Sennheiser ADPUHF Ibiza | White Sound Ibiza","description":"Alquiler Anena Sennheiser ADPUHF en Ibiza, en White Sound Ibiza. Alcance de 470-1075 MHz, conector BNC y roscas para pie de micro. \u00a1Reserva ahora!","robots":{"index":"index","follow":"follow","max-snippet":"max-snippet:-1","max-image-preview":"max-image-preview:large","max-video-preview":"max-video-preview:-1"},"canonical":"https:\/\/whitesoundibiza.com\/es\/producto\/antena-adpuhf-sennheiser-iem\/","og_locale":"es_ES","og_type":"article","og_title":"Alquiler Sennheiser ADPUHF Ibiza | White Sound Ibiza","og_description":"Alquiler Anena Sennheiser ADPUHF en Ibiza, en White Sound Ibiza. Alcance de 470-1075 MHz, conector BNC y roscas para pie de micro. \u00a1Reserva ahora!","og_url":"https:\/\/whitesoundibiza.com\/es\/producto\/antena-adpuhf-sennheiser-iem\/","og_site_name":"White Sound Ibiza - Delivering Fun","article_modified_time":"2025-08-09T15:43:56+00:00","og_image":[{"width":1000,"height":1000,"url":"https:\/\/whitesoundibiza.com\/wp-content\/uploads\/2025\/02\/antenaiem.jpg","type":"image\/jpeg"}],"twitter_card":"summary_large_image","twitter_misc":{"Tiempo de lectura":"2 minutos"},"schema":{"@context":"https:\/\/schema.org","@graph":[{"@type":"WebPage","@id":"https:\/\/whitesoundibiza.com\/es\/producto\/antena-adpuhf-sennheiser-iem\/","url":"https:\/\/whitesoundibiza.com\/es\/producto\/antena-adpuhf-sennheiser-iem\/","name":"Alquiler Sennheiser ADPUHF Ibiza | White Sound Ibiza","isPartOf":{"@id":"https:\/\/whitesoundibiza.com\/es\/#website"},"primaryImageOfPage":{"@id":"https:\/\/whitesoundibiza.com\/es\/producto\/antena-adpuhf-sennheiser-iem\/#primaryimage"},"image":{"@id":"https:\/\/whitesoundibiza.com\/es\/producto\/antena-adpuhf-sennheiser-iem\/#primaryimage"},"thumbnailUrl":"https:\/\/whitesoundibiza.com\/wp-content\/uploads\/2025\/02\/antenaiem.jpg","datePublished":"2025-02-11T02:28:53+00:00","dateModified":"2025-08-09T15:43:56+00:00","description":"Alquiler Anena Sennheiser ADPUHF en Ibiza, en White Sound Ibiza. Alcance de 470-1075 MHz, conector BNC y roscas para pie de micro. \u00a1Reserva ahora!","breadcrumb":{"@id":"https:\/\/whitesoundibiza.com\/es\/producto\/antena-adpuhf-sennheiser-iem\/#breadcrumb"},"inLanguage":"es","potentialAction":[{"@type":"ReadAction","target":["https:\/\/whitesoundibiza.com\/es\/producto\/antena-adpuhf-sennheiser-iem\/"]}]},{"@type":"ImageObject","inLanguage":"es","@id":"https:\/\/whitesoundibiza.com\/es\/producto\/antena-adpuhf-sennheiser-iem\/#primaryimage","url":"https:\/\/whitesoundibiza.com\/wp-content\/uploads\/2025\/02\/antenaiem.jpg","contentUrl":"https:\/\/whitesoundibiza.com\/wp-content\/uploads\/2025\/02\/antenaiem.jpg","width":1000,"height":1000,"caption":"Antena direccional pasiva Sennheiser ADP UHF disponible para alquilar en Ibiza en White Sound Ibiza"},{"@type":"BreadcrumbList","@id":"https:\/\/whitesoundibiza.com\/es\/producto\/antena-adpuhf-sennheiser-iem\/#breadcrumb","itemListElement":[{"@type":"ListItem","position":1,"name":"Portada","item":"https:\/\/whitesoundibiza.com\/es\/"},{"@type":"ListItem","position":2,"name":"Tienda","item":"https:\/\/whitesoundibiza.com\/es\/tienda\/"},{"@type":"ListItem","position":3,"name":"Antena ADPUHF Sennheiser (IEM)"}]},{"@type":"WebSite","@id":"https:\/\/whitesoundibiza.com\/es\/#website","url":"https:\/\/whitesoundibiza.com\/es\/","name":"White Sound Ibiza","description":"Rent Speakers in Ibiza","publisher":{"@id":"https:\/\/whitesoundibiza.com\/es\/#organization"},"potentialAction":[{"@type":"SearchAction","target":{"@type":"EntryPoint","urlTemplate":"https:\/\/whitesoundibiza.com\/es\/?s={search_term_string}"},"query-input":{"@type":"PropertyValueSpecification","valueRequired":true,"valueName":"search_term_string"}}],"inLanguage":"es"},{"@type":"Organization","@id":"https:\/\/whitesoundibiza.com\/es\/#organization","name":"White Sound Ibiza","url":"https:\/\/whitesoundibiza.com\/es\/","logo":{"@type":"ImageObject","inLanguage":"es","@id":"https:\/\/whitesoundibiza.com\/es\/#\/schema\/logo\/image\/","url":"https:\/\/whitesoundibiza.com\/wp-content\/uploads\/2025\/05\/ws_logo.jpg","contentUrl":"https:\/\/whitesoundibiza.com\/wp-content\/uploads\/2025\/05\/ws_logo.jpg","width":800,"height":235,"caption":"White Sound Ibiza"},"image":{"@id":"https:\/\/whitesoundibiza.com\/es\/#\/schema\/logo\/image\/"}}]}},"_links":{"self":[{"href":"https:\/\/whitesoundibiza.com\/es\/wp-json\/wp\/v2\/product\/48883","targetHints":{"allow":["GET"]}}],"collection":[{"href":"https:\/\/whitesoundibiza.com\/es\/wp-json\/wp\/v2\/product"}],"about":[{"href":"https:\/\/whitesoundibiza.com\/es\/wp-json\/wp\/v2\/types\/product"}],"wp:featuredmedia":[{"embeddable":true,"href":"https:\/\/whitesoundibiza.com\/es\/wp-json\/wp\/v2\/media\/48220"}],"wp:attachment":[{"href":"https:\/\/whitesoundibiza.com\/es\/wp-json\/wp\/v2\/media?parent=48883"}],"wp:term":[{"taxonomy":"product_brand","embeddable":true,"href":"https:\/\/whitesoundibiza.com\/es\/wp-json\/wp\/v2\/product_brand?post=48883"},{"taxonomy":"product_cat","embeddable":true,"href":"https:\/\/whitesoundibiza.com\/es\/wp-json\/wp\/v2\/product_cat?post=48883"},{"taxonomy":"product_tag","embeddable":true,"href":"https:\/\/whitesoundibiza.com\/es\/wp-json\/wp\/v2\/product_tag?post=48883"}],"curies":[{"name":"wp","href":"https:\/\/api.w.org\/{rel}","templated":true}]}}