{"id":48882,"date":"2025-02-11T02:28:52","date_gmt":"2025-02-11T02:28:52","guid":{"rendered":"https:\/\/whitesoundibiza.com\/producto\/sennheiser-skm500-e945-inalambrico\/"},"modified":"2025-08-09T15:43:55","modified_gmt":"2025-08-09T15:43:55","slug":"sennheiser-skm500-e945-inalambrico","status":"publish","type":"product","link":"https:\/\/whitesoundibiza.com\/es\/producto\/sennheiser-skm500-e945-inalambrico\/","title":{"rendered":"Sennheiser Skm500-E945 Inal\u00e1mbrico"},"content":{"rendered":"<p class=\"\" data-start=\"849\" data-end=\"1410\">Cuando <strong data-start=\"858\" data-end=\"904\">alquilas un sennheiser skm500-e945 en ibiza<\/strong>, te aseguras un sistema vocal inal\u00e1mbrico de mano de primer nivel fabricado para ofrecer claridad, fiabilidad y facilidad de uso. El paquete incluye el receptor Diversity EM 500 G4 para montaje en bastidor y un transmisor SKM 500 G4 equipado con la renombrada c\u00e1psula supercardioide E 945 (sensibilidad de 94 dB SPL, respuesta en frecuencia de 40 &#8211; 20 000 Hz) . Con una salida de RF conmutable de hasta 50 mW y un amplio ancho de banda de sintonizaci\u00f3n de 88 MHz, puedes utilizar docenas de sistemas simult\u00e1neamente en entornos de RF saturados.  <\/p>\n<h3 class=\"\" data-start=\"1412\" data-end=\"1430\">Caracter\u00edsticas principales<\/h3>\n<ul data-start=\"1431\" data-end=\"2112\">\n<li class=\"\" data-start=\"1431\" data-end=\"1745\">\n<p class=\"\" data-start=\"1433\" data-end=\"1745\"><strong data-start=\"1433\" data-end=\"1453\">C\u00e1psula Premium:<\/strong> La c\u00e1psula supercardioide E 945 ofrece una captaci\u00f3n focalizada, un excelente rechazo fuera del eje y un control superior de la realimentaci\u00f3n. M\u00e1s informaci\u00f3n sobre las prestaciones de la E 945 aqu\u00ed: <a class=\"cursor-pointer\" target=\"_new\" rel=\"noopener\" data-start=\"1619\" data-end=\"1704\">Hoja de datos de la E 945 de Sennheiser<\/a>. <\/p>\n<\/li>\n<li class=\"\" data-start=\"1746\" data-end=\"1883\">\n<p class=\"\" data-start=\"1748\" data-end=\"1883\"><strong data-start=\"1748\" data-end=\"1777\">Recepci\u00f3n True-Diversity:<\/strong> El receptor EM 500 G4 con diversidad de dos antenas garantiza una s\u00f3lida estabilidad de RF y evita las ca\u00eddas.<\/p>\n<\/li>\n<li class=\"\" data-start=\"1884\" data-end=\"2016\">\n<p class=\"\" data-start=\"1886\" data-end=\"2016\"><strong data-start=\"1886\" data-end=\"1904\">Sincronizaci\u00f3n por infrarrojos:<\/strong> La sincronizaci\u00f3n por infrarrojos con un solo toque hace coincidir al instante los ajustes del transmisor y el receptor, sin necesidad de men\u00fas ni cables.<\/p>\n<\/li>\n<li class=\"\" data-start=\"2017\" data-end=\"2112\">\n<p class=\"\" data-start=\"2019\" data-end=\"2112\"><strong data-start=\"2019\" data-end=\"2043\">Potencia de RF ajustable:<\/strong> Adapta el alcance y la duraci\u00f3n de la bater\u00eda con ajustes de salida de 10, 30 \u00f3 50 mW.<\/p>\n<\/li>\n<\/ul>\n<h3 class=\"\" data-start=\"2114\" data-end=\"2142\">Calidad de dise\u00f1o y construcci\u00f3n<\/h3>\n<p class=\"\" data-start=\"2143\" data-end=\"2520\">El transmisor de mano SKM 500 G4 tiene una robusta carcasa de fundici\u00f3n inyectada de cinc y una rosca de c\u00e1psula desmontable, que permite cambiar r\u00e1pidamente la c\u00e1psula para diferentes necesidades de rendimiento. Su dise\u00f1o ergon\u00f3mico y su equilibrada distribuci\u00f3n del peso garantizan la comodidad durante un uso prolongado. Para actualizaciones de accesorios y piezas de repuesto, explora nuestra <a class=\"cursor-pointer\" rel=\"noopener\" data-start=\"2454\" data-end=\"2519\">secci\u00f3n de accesorios para micr\u00f3fonos<\/a>.  <\/p>\n<h3 class=\"\" data-start=\"2522\" data-end=\"2562\">Rendimiento y fiabilidad inal\u00e1mbricos<\/h3>\n<p class=\"\" data-start=\"2563\" data-end=\"3004\">El sistema EW 500 G4, que funciona a 470-865 MHz, utiliza el silenciador de tono piloto de Sennheiser y la encriptaci\u00f3n AES 256 (opcional) para ofrecer un audio limpio y sin interferencias, con una latencia inferior a 2,3 ms para una sincronizaci\u00f3n labial perfecta en escenarios de emisi\u00f3n. Para una introducci\u00f3n a la tecnolog\u00eda de microfon\u00eda inal\u00e1mbrica, consulta <a class=\"\" href=\"https:\/\/en.wikipedia.org\/wiki\/Wireless_microphone\" target=\"_new\" rel=\"noopener\" data-start=\"2881\" data-end=\"2965\">Micr\u00f3fono inal\u00e1mbrico<\/a>. <\/p>\n<h3 class=\"\" data-start=\"3006\" data-end=\"3048\">Aplicaciones y alquileres complementarios<\/h3>\n<p class=\"\" data-start=\"3049\" data-end=\"3249\">Tanto si <strong data-start=\"3061\" data-end=\"3107\">alquilas un sennheiser skm500-e945 ibiza inal\u00e1mbrico<\/strong> para conciertos, eventos corporativos, teatro o retransmisiones, este sistema destaca en la captura de voces con fidelidad de estudio. Comb\u00ednalo con nuestro: <\/p>\n<ul data-start=\"3250\" data-end=\"3474\">\n<li class=\"\" data-start=\"3250\" data-end=\"3359\">\n<p class=\"\" data-start=\"3252\" data-end=\"3359\"><a class=\"cursor-pointer\" rel=\"noopener\" data-start=\"3252\" data-end=\"3304\">Alquiler de sistemas inal\u00e1mbricos<\/a> para configuraciones multicanal y coordinaci\u00f3n de frecuencias.<\/p>\n<\/li>\n<li class=\"\" data-start=\"3360\" data-end=\"3474\">\n<p class=\"\" data-start=\"3362\" data-end=\"3474\"><a class=\"cursor-pointer\" rel=\"noopener\" data-start=\"3362\" data-end=\"3400\">Alquiler de mezcladores de audio<\/a> y <a class=\"cursor-pointer\" rel=\"noopener\" data-start=\"3405\" data-end=\"3446\">altavoces de megafon\u00eda<\/a> para completar tu equipo de sonido.<\/p>\n<\/li>\n<\/ul>\n<h3 class=\"\" data-start=\"3476\" data-end=\"3498\">Alquiler y asistencia<\/h3>\n<p class=\"\" data-start=\"3499\" data-end=\"3605\">White Sound Ibiza te garantiza una experiencia perfecta cuando <strong data-start=\"3556\" data-end=\"3602\">alquiles sennheiser skm500-e945 wireless ibiza<\/strong>:<\/p>\n<p class=\"\" data-start=\"3608\" data-end=\"3675\"><strong data-start=\"3608\" data-end=\"3630\">Entrega y recogida:<\/strong> Horario flexible en cualquier lugar de Ibiza.<\/p>\n<p class=\"\" data-start=\"3678\" data-end=\"3772\"><strong data-start=\"3678\" data-end=\"3696\">Configuraci\u00f3n in situ:<\/strong> Nuestros t\u00e9cnicos de radiofrecuencia coordinan las frecuencias y optimizan la colocaci\u00f3n de las antenas.<\/p>\n<p class=\"\" data-start=\"3888\" data-end=\"4019\">Reserva ahora para elevar tu rendimiento con un audio inal\u00e1mbrico pr\u00edstino y fiable: \u00a1alquila hoy mismo<strong data-start=\"3966\" data-end=\"4012\">un sennheiser skm500-e945 ibiza inal\u00e1mbrico<\/strong>!<\/p>\n<style id=\"wpforms-css-vars-1077\">\n\t\t\t\t#wpforms-1077 {\n\t\t\t\t\n\t\t\t}\n\t\t\t<\/style><div class=\"wpforms-container wpforms-container-full wpforms-render-modern\" id=\"wpforms-1077\"><form id=\"wpforms-form-1077\" class=\"wpforms-validate wpforms-form wpforms-ajax-form\" data-formid=\"1077\" method=\"post\" enctype=\"multipart\/form-data\" action=\"\/es\/wp-json\/wp\/v2\/product\/48882\" data-token=\"2d005c2a3fac27543c5896097c24d2d8\" data-token-time=\"1775848233\"><noscript class=\"wpforms-error-noscript\">Por favor, activa JavaScript en tu navegador para completar este formulario.<\/noscript><div id=\"wpforms-error-noscript\" style=\"display: none;\">Por favor, activa JavaScript en tu navegador para completar este formulario.<\/div><div class=\"wpforms-field-container\"><div id=\"wpforms-1077-field_0-container\" class=\"wpforms-field wpforms-field-name\" data-field-id=\"0\"><fieldset><legend class=\"wpforms-field-label\">Nombre <span class=\"wpforms-required-label\" aria-hidden=\"true\">*<\/span><\/legend><div class=\"wpforms-field-row wpforms-field-medium\"><div class=\"wpforms-field-row-block wpforms-first wpforms-one-half\"><input type=\"text\" id=\"wpforms-1077-field_0\" class=\"wpforms-field-name-first wpforms-field-required\" name=\"wpforms[fields][0][first]\" placeholder=\"Nombre\" aria-errormessage=\"wpforms-1077-field_0-error\" required><label for=\"wpforms-1077-field_0\" class=\"wpforms-field-sublabel after wpforms-sublabel-hide\">Nombre<\/label><\/div><div class=\"wpforms-field-row-block wpforms-one-half\"><input type=\"text\" id=\"wpforms-1077-field_0-last\" class=\"wpforms-field-name-last wpforms-field-required\" name=\"wpforms[fields][0][last]\" placeholder=\"Apellidos\" aria-errormessage=\"wpforms-1077-field_0-last-error\" required><label for=\"wpforms-1077-field_0-last\" class=\"wpforms-field-sublabel after wpforms-sublabel-hide\">Apellidos<\/label><\/div><\/div><\/fieldset><\/div>\t\t<div id=\"wpforms-1077-field_3-container\"\n\t\t\tclass=\"wpforms-field wpforms-field-text\"\n\t\t\tdata-field-type=\"text\"\n\t\t\tdata-field-id=\"3\"\n\t\t\t>\n\t\t\t<label class=\"wpforms-field-label\" for=\"wpforms-1077-field_3\" >Nombre un Dise\u00f1o<\/label>\n\t\t\t<input type=\"text\" id=\"wpforms-1077-field_3\" class=\"wpforms-field-medium\" name=\"wpforms[fields][3]\" >\n\t\t<\/div>\n\t\t<div id=\"wpforms-1077-field_7-container\" class=\"wpforms-field wpforms-field-layout\" data-field-id=\"7\"><div class=\"wpforms-field-layout-columns wpforms-field-layout-preset-50-50\"><div class=\"wpforms-layout-column wpforms-layout-column-50\" ><div id=\"wpforms-1077-field_1-container\" class=\"wpforms-field wpforms-field-email\" data-field-id=\"1\"><label class=\"wpforms-field-label\" for=\"wpforms-1077-field_1\">Env\u00eda un correo electr\u00f3nico a <span class=\"wpforms-required-label\" aria-hidden=\"true\">*<\/span><\/label><input type=\"email\" id=\"wpforms-1077-field_1\" class=\"wpforms-field-medium wpforms-field-required\" name=\"wpforms[fields][1]\" spellcheck=\"false\" aria-errormessage=\"wpforms-1077-field_1-error\" required><\/div><\/div><div class=\"wpforms-layout-column wpforms-layout-column-50\" ><div id=\"wpforms-1077-field_8-container\" class=\"wpforms-field wpforms-field-phone\" data-field-id=\"8\"><label class=\"wpforms-field-label\" for=\"wpforms-1077-field_8\">N\u00famero de tel\u00e9fono <span class=\"wpforms-required-label\" aria-hidden=\"true\">*<\/span><\/label><input type=\"tel\" id=\"wpforms-1077-field_8\" class=\"wpforms-field-medium wpforms-field-required wpforms-smart-phone-field\" data-rule-smart-phone-field=\"true\" name=\"wpforms[fields][8]\" aria-label=\"N\u00famero de tel\u00e9fono\" aria-errormessage=\"wpforms-1077-field_8-error\" required><\/div><\/div><\/div><\/div><div id=\"wpforms-1077-field_10-container\" class=\"wpforms-field wpforms-field-layout\" data-field-id=\"10\"><div class=\"wpforms-field-layout-columns wpforms-field-layout-preset-50-50\"><div class=\"wpforms-layout-column wpforms-layout-column-50\" ><div id=\"wpforms-1077-field_4-container\" class=\"wpforms-field wpforms-field-date-time\" data-field-id=\"4\"><label class=\"wpforms-field-label\" for=\"wpforms-1077-field_4\">Desde<\/label><div class=\"wpforms-datepicker-wrap\"><input type=\"text\" id=\"wpforms-1077-field_4\" class=\"wpforms-field-date-time-date wpforms-datepicker wpforms-field-small\" data-date-format=\"m\/d\/Y\" data-disable-past-dates=\"0\" data-input=\"true\" name=\"wpforms[fields][4][date]\" aria-errormessage=\"wpforms-1077-field_4-error\" ><a title=\"Borrar fecha\" data-clear role=\"button\" tabindex=\"0\" class=\"wpforms-datepicker-clear\" aria-label=\"Borrar fecha\" style=\"display:none;\"><\/a><\/div><\/div><\/div><div class=\"wpforms-layout-column wpforms-layout-column-50\" ><div id=\"wpforms-1077-field_9-container\" class=\"wpforms-field wpforms-field-date-time\" data-field-id=\"9\"><label class=\"wpforms-field-label\" for=\"wpforms-1077-field_9\">Hasta<\/label><div class=\"wpforms-datepicker-wrap\"><input type=\"text\" id=\"wpforms-1077-field_9\" class=\"wpforms-field-date-time-date wpforms-datepicker wpforms-field-small\" data-date-format=\"m\/d\/Y\" data-disable-past-dates=\"0\" data-input=\"true\" name=\"wpforms[fields][9][date]\" aria-errormessage=\"wpforms-1077-field_9-error\" ><a title=\"Borrar fecha\" data-clear role=\"button\" tabindex=\"0\" class=\"wpforms-datepicker-clear\" aria-label=\"Borrar fecha\" style=\"display:none;\"><\/a><\/div><\/div><\/div><\/div><\/div><div id=\"wpforms-1077-field_2-container\" class=\"wpforms-field wpforms-field-textarea\" data-field-id=\"2\"><label class=\"wpforms-field-label\" for=\"wpforms-1077-field_2\">Mensaje<\/label><textarea id=\"wpforms-1077-field_2\" class=\"wpforms-field-medium\" name=\"wpforms[fields][2]\" placeholder=\"\u00bfC\u00f3mo podemos ayudarte?\" aria-errormessage=\"wpforms-1077-field_2-error\" ><\/textarea><\/div><script>\n\t\t\t\t( function() {\n\t\t\t\t\tconst style = document.createElement( 'style' );\n\t\t\t\t\tstyle.appendChild( document.createTextNode( '#wpforms-1077-field_3-container { position: absolute !important; overflow: hidden !important; display: inline !important; height: 1px !important; width: 1px !important; z-index: -1000 !important; padding: 0 !important; } #wpforms-1077-field_3-container input { visibility: hidden; } #wpforms-conversational-form-page #wpforms-1077-field_3-container label { counter-increment: none; }' ) );\n\t\t\t\t\tdocument.head.appendChild( style );\n\t\t\t\t\tdocument.currentScript?.remove();\n\t\t\t\t} )();\n\t\t\t<\/script><\/div><!-- .wpforms-field-container --><div class=\"wpforms-recaptcha-container wpforms-is-recaptcha wpforms-is-recaptcha-type-v2\" ><div class=\"g-recaptcha\" data-sitekey=\"6LeS7gEkAAAAAO-EsXRwxTakHs6Q_9Z0rQYHkIS5\"><\/div><input type=\"text\" name=\"g-recaptcha-hidden\" class=\"wpforms-recaptcha-hidden\" style=\"position:absolute!important;clip:rect(0,0,0,0)!important;height:1px!important;width:1px!important;border:0!important;overflow:hidden!important;padding:0!important;margin:0!important;\" data-rule-recaptcha=\"1\"><\/div><div class=\"wpforms-submit-container\" ><input type=\"hidden\" name=\"wpforms[id]\" value=\"1077\"><input type=\"hidden\" name=\"page_title\" value=\"\"><input type=\"hidden\" name=\"page_url\" value=\"https:\/\/whitesoundibiza.com\/es\/wp-json\/wp\/v2\/product\/48882\"><input type=\"hidden\" name=\"url_referer\" value=\"\"><button type=\"submit\" name=\"wpforms[submit]\" id=\"wpforms-submit-1077\" class=\"wpforms-submit\" data-alt-text=\"Enviando...\" data-submit-text=\"Env\u00eda\" aria-live=\"assertive\" value=\"wpforms-submit\">Env\u00eda<\/button><img decoding=\"async\" src=\"https:\/\/whitesoundibiza.com\/wp-content\/plugins\/wpforms\/assets\/images\/submit-spin.svg\" class=\"wpforms-submit-spinner\" style=\"display: none;\" width=\"26\" height=\"26\" alt=\"Cargando\"><\/div><\/form><\/div>  <!-- .wpforms-container -->\n","protected":false},"excerpt":{"rendered":"<p class=\"\" data-start=\"390\" data-end=\"655\">Sistema de microfon\u00eda inal\u00e1mbrica de mano de alta calidad con transmisor SKM 500 G4 con c\u00e1psula supercardioide E 945, receptor en rack diversity EM 500 G4, potencia de RF de 10\/30\/50 mW, sincronizaci\u00f3n por infrarrojos con un solo toque y hasta 8 h de duraci\u00f3n de la bater\u00eda, ideal para voces y discursos en directo.<\/p>\n<p class=\"\" data-start=\"657\" data-end=\"811\">\n","protected":false},"featured_media":0,"template":"","meta":{"_joinchat":[]},"product_brand":[],"product_cat":[],"product_tag":[],"class_list":{"0":"post-48882","1":"product","2":"type-product","3":"status-publish","6":"first","7":"instock","8":"taxable","9":"shipping-taxable","10":"purchasable","11":"product-type-rentable"},"yoast_head":"<!-- This site is optimized with the Yoast SEO plugin v27.3 - https:\/\/yoast.com\/product\/yoast-seo-wordpress\/ -->\n<title>alquiler sennheiser skm500-e945 inal\u00e1mbrico ibiza | Sonido Blanco Ibiza<\/title>\n<meta name=\"description\" content=\"alquila el sistema inal\u00e1mbrico sennheiser skm500-e945 con c\u00e1psula E 945 en Ibiza de White Sound Ibiza. Receptor True-Diversity, potencia RF de hasta 50 mW, sincronizaci\u00f3n por infrarrojos y c\u00e1psula cardioide profesional. \u00a1Reserva ahora!\" \/>\n<meta name=\"robots\" content=\"index, follow, max-snippet:-1, max-image-preview:large, max-video-preview:-1\" \/>\n<link rel=\"canonical\" href=\"https:\/\/whitesoundibiza.com\/es\/producto\/sennheiser-skm500-e945-inalambrico\/\" \/>\n<meta property=\"og:locale\" content=\"es_ES\" \/>\n<meta property=\"og:type\" content=\"article\" \/>\n<meta property=\"og:title\" content=\"alquiler sennheiser skm500-e945 inal\u00e1mbrico ibiza | Sonido Blanco Ibiza\" \/>\n<meta property=\"og:description\" content=\"alquila el sistema inal\u00e1mbrico sennheiser skm500-e945 con c\u00e1psula E 945 en Ibiza de White Sound Ibiza. Receptor True-Diversity, potencia RF de hasta 50 mW, sincronizaci\u00f3n por infrarrojos y c\u00e1psula cardioide profesional. \u00a1Reserva ahora!\" \/>\n<meta property=\"og:url\" content=\"https:\/\/whitesoundibiza.com\/es\/producto\/sennheiser-skm500-e945-inalambrico\/\" \/>\n<meta property=\"og:site_name\" content=\"White Sound Ibiza - Delivering Fun\" \/>\n<meta property=\"article:modified_time\" content=\"2025-08-09T15:43:55+00:00\" \/>\n<meta property=\"og:image\" content=\"https:\/\/whitesoundibiza.com\/wp-content\/uploads\/2025\/02\/935945-1.jpg\" \/>\n\t<meta property=\"og:image:width\" content=\"1000\" \/>\n\t<meta property=\"og:image:height\" content=\"1000\" \/>\n\t<meta property=\"og:image:type\" content=\"image\/jpeg\" \/>\n<meta name=\"twitter:card\" content=\"summary_large_image\" \/>\n<meta name=\"twitter:label1\" content=\"Tiempo de lectura\" \/>\n\t<meta name=\"twitter:data1\" content=\"3 minutos\" \/>\n<script type=\"application\/ld+json\" class=\"yoast-schema-graph\">{\"@context\":\"https:\\\/\\\/schema.org\",\"@graph\":[{\"@type\":\"WebPage\",\"@id\":\"https:\\\/\\\/whitesoundibiza.com\\\/es\\\/producto\\\/sennheiser-skm500-e945-inalambrico\\\/\",\"url\":\"https:\\\/\\\/whitesoundibiza.com\\\/es\\\/producto\\\/sennheiser-skm500-e945-inalambrico\\\/\",\"name\":\"alquiler sennheiser skm500-e945 inal\u00e1mbrico ibiza | Sonido Blanco Ibiza\",\"isPartOf\":{\"@id\":\"https:\\\/\\\/whitesoundibiza.com\\\/es\\\/#website\"},\"datePublished\":\"2025-02-11T02:28:52+00:00\",\"dateModified\":\"2025-08-09T15:43:55+00:00\",\"description\":\"alquila el sistema inal\u00e1mbrico sennheiser skm500-e945 con c\u00e1psula E 945 en Ibiza de White Sound Ibiza. Receptor True-Diversity, potencia RF de hasta 50 mW, sincronizaci\u00f3n por infrarrojos y c\u00e1psula cardioide profesional. \u00a1Reserva ahora!\",\"breadcrumb\":{\"@id\":\"https:\\\/\\\/whitesoundibiza.com\\\/es\\\/producto\\\/sennheiser-skm500-e945-inalambrico\\\/#breadcrumb\"},\"inLanguage\":\"es\",\"potentialAction\":[{\"@type\":\"ReadAction\",\"target\":[\"https:\\\/\\\/whitesoundibiza.com\\\/es\\\/producto\\\/sennheiser-skm500-e945-inalambrico\\\/\"]}]},{\"@type\":\"BreadcrumbList\",\"@id\":\"https:\\\/\\\/whitesoundibiza.com\\\/es\\\/producto\\\/sennheiser-skm500-e945-inalambrico\\\/#breadcrumb\",\"itemListElement\":[{\"@type\":\"ListItem\",\"position\":1,\"name\":\"Portada\",\"item\":\"https:\\\/\\\/whitesoundibiza.com\\\/es\\\/\"},{\"@type\":\"ListItem\",\"position\":2,\"name\":\"Tienda\",\"item\":\"https:\\\/\\\/whitesoundibiza.com\\\/es\\\/tienda\\\/\"},{\"@type\":\"ListItem\",\"position\":3,\"name\":\"Sennheiser Skm500-E945 Inal\u00e1mbrico\"}]},{\"@type\":\"WebSite\",\"@id\":\"https:\\\/\\\/whitesoundibiza.com\\\/es\\\/#website\",\"url\":\"https:\\\/\\\/whitesoundibiza.com\\\/es\\\/\",\"name\":\"White Sound Ibiza\",\"description\":\"Rent Speakers in Ibiza\",\"publisher\":{\"@id\":\"https:\\\/\\\/whitesoundibiza.com\\\/es\\\/#organization\"},\"potentialAction\":[{\"@type\":\"SearchAction\",\"target\":{\"@type\":\"EntryPoint\",\"urlTemplate\":\"https:\\\/\\\/whitesoundibiza.com\\\/es\\\/?s={search_term_string}\"},\"query-input\":{\"@type\":\"PropertyValueSpecification\",\"valueRequired\":true,\"valueName\":\"search_term_string\"}}],\"inLanguage\":\"es\"},{\"@type\":\"Organization\",\"@id\":\"https:\\\/\\\/whitesoundibiza.com\\\/es\\\/#organization\",\"name\":\"White Sound Ibiza\",\"url\":\"https:\\\/\\\/whitesoundibiza.com\\\/es\\\/\",\"logo\":{\"@type\":\"ImageObject\",\"inLanguage\":\"es\",\"@id\":\"https:\\\/\\\/whitesoundibiza.com\\\/es\\\/#\\\/schema\\\/logo\\\/image\\\/\",\"url\":\"https:\\\/\\\/whitesoundibiza.com\\\/wp-content\\\/uploads\\\/2025\\\/05\\\/ws_logo.jpg\",\"contentUrl\":\"https:\\\/\\\/whitesoundibiza.com\\\/wp-content\\\/uploads\\\/2025\\\/05\\\/ws_logo.jpg\",\"width\":800,\"height\":235,\"caption\":\"White Sound Ibiza\"},\"image\":{\"@id\":\"https:\\\/\\\/whitesoundibiza.com\\\/es\\\/#\\\/schema\\\/logo\\\/image\\\/\"}}]}<\/script>\n<!-- \/ Yoast SEO plugin. -->","yoast_head_json":{"title":"alquiler sennheiser skm500-e945 inal\u00e1mbrico ibiza | Sonido Blanco Ibiza","description":"alquila el sistema inal\u00e1mbrico sennheiser skm500-e945 con c\u00e1psula E 945 en Ibiza de White Sound Ibiza. Receptor True-Diversity, potencia RF de hasta 50 mW, sincronizaci\u00f3n por infrarrojos y c\u00e1psula cardioide profesional. \u00a1Reserva ahora!","robots":{"index":"index","follow":"follow","max-snippet":"max-snippet:-1","max-image-preview":"max-image-preview:large","max-video-preview":"max-video-preview:-1"},"canonical":"https:\/\/whitesoundibiza.com\/es\/producto\/sennheiser-skm500-e945-inalambrico\/","og_locale":"es_ES","og_type":"article","og_title":"alquiler sennheiser skm500-e945 inal\u00e1mbrico ibiza | Sonido Blanco Ibiza","og_description":"alquila el sistema inal\u00e1mbrico sennheiser skm500-e945 con c\u00e1psula E 945 en Ibiza de White Sound Ibiza. Receptor True-Diversity, potencia RF de hasta 50 mW, sincronizaci\u00f3n por infrarrojos y c\u00e1psula cardioide profesional. \u00a1Reserva ahora!","og_url":"https:\/\/whitesoundibiza.com\/es\/producto\/sennheiser-skm500-e945-inalambrico\/","og_site_name":"White Sound Ibiza - Delivering Fun","article_modified_time":"2025-08-09T15:43:55+00:00","og_image":[{"width":1000,"height":1000,"url":"https:\/\/whitesoundibiza.com\/wp-content\/uploads\/2025\/02\/935945-1.jpg","type":"image\/jpeg"}],"twitter_card":"summary_large_image","twitter_misc":{"Tiempo de lectura":"3 minutos"},"schema":{"@context":"https:\/\/schema.org","@graph":[{"@type":"WebPage","@id":"https:\/\/whitesoundibiza.com\/es\/producto\/sennheiser-skm500-e945-inalambrico\/","url":"https:\/\/whitesoundibiza.com\/es\/producto\/sennheiser-skm500-e945-inalambrico\/","name":"alquiler sennheiser skm500-e945 inal\u00e1mbrico ibiza | Sonido Blanco Ibiza","isPartOf":{"@id":"https:\/\/whitesoundibiza.com\/es\/#website"},"datePublished":"2025-02-11T02:28:52+00:00","dateModified":"2025-08-09T15:43:55+00:00","description":"alquila el sistema inal\u00e1mbrico sennheiser skm500-e945 con c\u00e1psula E 945 en Ibiza de White Sound Ibiza. Receptor True-Diversity, potencia RF de hasta 50 mW, sincronizaci\u00f3n por infrarrojos y c\u00e1psula cardioide profesional. \u00a1Reserva ahora!","breadcrumb":{"@id":"https:\/\/whitesoundibiza.com\/es\/producto\/sennheiser-skm500-e945-inalambrico\/#breadcrumb"},"inLanguage":"es","potentialAction":[{"@type":"ReadAction","target":["https:\/\/whitesoundibiza.com\/es\/producto\/sennheiser-skm500-e945-inalambrico\/"]}]},{"@type":"BreadcrumbList","@id":"https:\/\/whitesoundibiza.com\/es\/producto\/sennheiser-skm500-e945-inalambrico\/#breadcrumb","itemListElement":[{"@type":"ListItem","position":1,"name":"Portada","item":"https:\/\/whitesoundibiza.com\/es\/"},{"@type":"ListItem","position":2,"name":"Tienda","item":"https:\/\/whitesoundibiza.com\/es\/tienda\/"},{"@type":"ListItem","position":3,"name":"Sennheiser Skm500-E945 Inal\u00e1mbrico"}]},{"@type":"WebSite","@id":"https:\/\/whitesoundibiza.com\/es\/#website","url":"https:\/\/whitesoundibiza.com\/es\/","name":"White Sound Ibiza","description":"Rent Speakers in Ibiza","publisher":{"@id":"https:\/\/whitesoundibiza.com\/es\/#organization"},"potentialAction":[{"@type":"SearchAction","target":{"@type":"EntryPoint","urlTemplate":"https:\/\/whitesoundibiza.com\/es\/?s={search_term_string}"},"query-input":{"@type":"PropertyValueSpecification","valueRequired":true,"valueName":"search_term_string"}}],"inLanguage":"es"},{"@type":"Organization","@id":"https:\/\/whitesoundibiza.com\/es\/#organization","name":"White Sound Ibiza","url":"https:\/\/whitesoundibiza.com\/es\/","logo":{"@type":"ImageObject","inLanguage":"es","@id":"https:\/\/whitesoundibiza.com\/es\/#\/schema\/logo\/image\/","url":"https:\/\/whitesoundibiza.com\/wp-content\/uploads\/2025\/05\/ws_logo.jpg","contentUrl":"https:\/\/whitesoundibiza.com\/wp-content\/uploads\/2025\/05\/ws_logo.jpg","width":800,"height":235,"caption":"White Sound Ibiza"},"image":{"@id":"https:\/\/whitesoundibiza.com\/es\/#\/schema\/logo\/image\/"}}]}},"_links":{"self":[{"href":"https:\/\/whitesoundibiza.com\/es\/wp-json\/wp\/v2\/product\/48882","targetHints":{"allow":["GET"]}}],"collection":[{"href":"https:\/\/whitesoundibiza.com\/es\/wp-json\/wp\/v2\/product"}],"about":[{"href":"https:\/\/whitesoundibiza.com\/es\/wp-json\/wp\/v2\/types\/product"}],"wp:attachment":[{"href":"https:\/\/whitesoundibiza.com\/es\/wp-json\/wp\/v2\/media?parent=48882"}],"wp:term":[{"taxonomy":"product_brand","embeddable":true,"href":"https:\/\/whitesoundibiza.com\/es\/wp-json\/wp\/v2\/product_brand?post=48882"},{"taxonomy":"product_cat","embeddable":true,"href":"https:\/\/whitesoundibiza.com\/es\/wp-json\/wp\/v2\/product_cat?post=48882"},{"taxonomy":"product_tag","embeddable":true,"href":"https:\/\/whitesoundibiza.com\/es\/wp-json\/wp\/v2\/product_tag?post=48882"}],"curies":[{"name":"wp","href":"https:\/\/api.w.org\/{rel}","templated":true}]}}