{"id":48881,"date":"2025-02-11T02:28:50","date_gmt":"2025-02-11T02:28:50","guid":{"rendered":"https:\/\/whitesoundibiza.com\/producto\/antena-shure-ua874\/"},"modified":"2025-08-09T15:43:55","modified_gmt":"2025-08-09T15:43:55","slug":"antena-shure-ua874","status":"publish","type":"product","link":"https:\/\/whitesoundibiza.com\/es\/producto\/antena-shure-ua874\/","title":{"rendered":"Antena Shure Ua874"},"content":{"rendered":"<p class=\"\" data-start=\"898\" data-end=\"1451\">Cuando <strong data-start=\"907\" data-end=\"941\">alquilas la antena shure ua874 en ibiza<\/strong>, obtienes una antena direccional activa que cubre 470-698 MHz, perfecta para sistemas VHF y UHF. Su dipolo log-peri\u00f3dico produce un patr\u00f3n de recepci\u00f3n cardioide que rechaza las interferencias fuera del eje, garantizando una RF limpia incluso en entornos de RF abarrotados. Un amplificador integrado de bajo ruido ofrece cuatro ajustes de ganancia conmutables (+12 dB, +6 dB, 0 dB, -6 dB) para compensar las p\u00e9rdidas variables de los cables y optimizar los niveles de se\u00f1al a larga distancia.  <\/p>\n<h2 class=\"\" data-start=\"1453\" data-end=\"1477\">Dise\u00f1o y Tecnolog\u00eda<\/h2>\n<p class=\"\" data-start=\"1478\" data-end=\"1945\">La UA874 ofrece 7,5 dBi de ganancia en el eje y un ancho de haz de 70\u00b0 (-3 dB) para una recepci\u00f3n enfocada de tus transmisores inal\u00e1mbricos. Su conector BNC hembra de 50 \u03a9 interact\u00faa perfectamente con los receptores y divisores de antena Shure que suministran una polarizaci\u00f3n de 10-15 V CC (75 mA de consumo) a trav\u00e9s del cable coaxial. <span class=\"ms-1 inline-flex max-w-full items-center relative top-[-0.094rem] animate-[show_150ms_ease-in]\"><a class=\"flex h-4.5 overflow-hidden rounded-xl px-2 text-[0.5625em] font-medium text-token-text-secondary! bg-[#F4F4F4]! dark:bg-[#303030]! transition-colors duration-150 ease-in-out\" href=\"https:\/\/www.bhphotovideo.com\/c\/product\/855789-REG\/Shure_ua874us_Active_Directional_Antenna_470_698Mhz.html?utm_source=chatgpt.com\" target=\"_blank\" rel=\"noopener\"><span class=\"relative start-0 bottom-0 flex h-full w-full items-center\"><span class=\"flex h-4 w-full items-center justify-between overflow-hidden\"><span class=\"max-w-full grow truncate overflow-hidden text-center\">V\u00eddeo fotogr\u00e1fico B&amp;H<\/span><\/span><\/span><\/a><\/span>. Un pr\u00e1ctico LED de sobrecarga de RF te avisa cuando los niveles de entrada superan los -5 dBm, manteniendo un funcionamiento \u00f3ptimo sin distorsiones.  <\/p>\n<h2 class=\"\" data-start=\"1947\" data-end=\"1980\">Instalaci\u00f3n y compatibilidad<\/h2>\n<p class=\"\" data-start=\"1981\" data-end=\"2496\">Monta la UA874 en un pie de micro, en un soporte de pared o en el techo con el adaptador giratorio incluido para dirigirla con precisi\u00f3n hacia tu talento o hacia el escenario. Compatible con todos los receptores inal\u00e1mbricos y sistemas de distribuci\u00f3n de antenas Shure, puedes <strong data-start=\"2257\" data-end=\"2291\">alquilar f\u00e1cilmente la antena shure ua874 ibiza<\/strong> junto con nuestros <a class=\"cursor-pointer\" rel=\"noopener\" data-start=\"2306\" data-end=\"2350\">alquileres de combinadores de RF<\/a> para configuraciones multicanal. Para el uso de una sola antena, explora nuestra <a class=\"cursor-pointer\" rel=\"noopener\" data-start=\"2418\" data-end=\"2468\">categor\u00eda completa de alquiler de antenas<\/a> RF para construir tu cadena RF.  <\/p>\n<h2 class=\"\" data-start=\"2498\" data-end=\"2527\">Aplicaciones y casos de uso<\/h2>\n<p class=\"\" data-start=\"2528\" data-end=\"3057\">Tanto si organizas festivales al aire libre como eventos corporativos o producciones de radiodifusi\u00f3n, esta antena garantiza un rendimiento inal\u00e1mbrico s\u00f3lido como una roca. Su dise\u00f1o direccional concentra la recepci\u00f3n en las se\u00f1ales deseadas al tiempo que rechaza el ruido no deseado, perfecto para conciertos al aire libre bajo el sol de Ibiza o instalaciones fijas en teatros. Mejora los sistemas multicanal complejos combin\u00e1ndola con nuestros <a class=\"cursor-pointer\" rel=\"noopener\" data-start=\"2946\" data-end=\"3002\">micr\u00f3fonos inal\u00e1mbricos de alquiler<\/a> y <a class=\"cursor-pointer\" rel=\"noopener\" data-start=\"3007\" data-end=\"3056\">combinadores y divisores de RF<\/a>.  <\/p>\n<h2 class=\"\" data-start=\"3059\" data-end=\"3080\">Alquiler y asistencia<\/h2>\n<p class=\"\" data-start=\"3081\" data-end=\"3164\">White Sound Ibiza facilita el <strong data-start=\"3122\" data-end=\"3156\">alquiler de la antena shure ua874 en ibiza<\/strong> con:<\/p>\n<p class=\"\" data-start=\"3167\" data-end=\"3233\"><strong data-start=\"3167\" data-end=\"3198\">Entrega y recogida flexibles:<\/strong> Programada en cualquier lugar de Ibiza.<\/p>\n<p class=\"\" data-start=\"3236\" data-end=\"3329\"><strong data-start=\"3236\" data-end=\"3264\">Optimizaci\u00f3n de RF in situ:<\/strong> Nuestros ingenieros apuntar\u00e1n y afinar\u00e1n la orientaci\u00f3n de tu antena.<\/p>\n<p class=\"\" data-start=\"3445\" data-end=\"3558\">Reserva ahora y eleva tu sistema de audio inal\u00e1mbrico: \u00a1consigue hoy mismo la Antena Direccional Activa UA874 de Shure en Ibiza!<\/p>\n<style id=\"wpforms-css-vars-1077\">\n\t\t\t\t#wpforms-1077 {\n\t\t\t\t\n\t\t\t}\n\t\t\t<\/style><div class=\"wpforms-container wpforms-container-full wpforms-render-modern\" id=\"wpforms-1077\"><form id=\"wpforms-form-1077\" class=\"wpforms-validate wpforms-form wpforms-ajax-form\" data-formid=\"1077\" method=\"post\" enctype=\"multipart\/form-data\" action=\"\/es\/wp-json\/wp\/v2\/product\/48881\" data-token=\"dfe2cec9ba1513477d46ad545949aa7b\" data-token-time=\"1775241320\"><noscript class=\"wpforms-error-noscript\">Por favor, activa JavaScript en tu navegador para completar este formulario.<\/noscript><div id=\"wpforms-error-noscript\" style=\"display: none;\">Por favor, activa JavaScript en tu navegador para completar este formulario.<\/div><div class=\"wpforms-field-container\"><div id=\"wpforms-1077-field_0-container\" class=\"wpforms-field wpforms-field-name\" data-field-id=\"0\"><fieldset><legend class=\"wpforms-field-label\">Nombre <span class=\"wpforms-required-label\" aria-hidden=\"true\">*<\/span><\/legend><div class=\"wpforms-field-row wpforms-field-medium\"><div class=\"wpforms-field-row-block wpforms-first wpforms-one-half\"><input type=\"text\" id=\"wpforms-1077-field_0\" class=\"wpforms-field-name-first wpforms-field-required\" name=\"wpforms[fields][0][first]\" placeholder=\"Nombre\" aria-errormessage=\"wpforms-1077-field_0-error\" required><label for=\"wpforms-1077-field_0\" class=\"wpforms-field-sublabel after wpforms-sublabel-hide\">Nombre<\/label><\/div><div class=\"wpforms-field-row-block wpforms-one-half\"><input type=\"text\" id=\"wpforms-1077-field_0-last\" class=\"wpforms-field-name-last wpforms-field-required\" name=\"wpforms[fields][0][last]\" placeholder=\"Apellidos\" aria-errormessage=\"wpforms-1077-field_0-last-error\" required><label for=\"wpforms-1077-field_0-last\" class=\"wpforms-field-sublabel after wpforms-sublabel-hide\">Apellidos<\/label><\/div><\/div><\/fieldset><\/div><div id=\"wpforms-1077-field_7-container\" class=\"wpforms-field wpforms-field-layout\" data-field-id=\"7\"><div class=\"wpforms-field-layout-columns wpforms-field-layout-preset-50-50\"><div class=\"wpforms-layout-column wpforms-layout-column-50\" >\t\t<div id=\"wpforms-1077-field_3-container\"\n\t\t\tclass=\"wpforms-field wpforms-field-text\"\n\t\t\tdata-field-type=\"text\"\n\t\t\tdata-field-id=\"3\"\n\t\t\t>\n\t\t\t<label class=\"wpforms-field-label\" for=\"wpforms-1077-field_3\" >un N\u00famero Mensaje<\/label>\n\t\t\t<input type=\"text\" id=\"wpforms-1077-field_3\" class=\"wpforms-field-medium\" name=\"wpforms[fields][3]\" >\n\t\t<\/div>\n\t\t<div id=\"wpforms-1077-field_1-container\" class=\"wpforms-field wpforms-field-email\" data-field-id=\"1\"><label class=\"wpforms-field-label\" for=\"wpforms-1077-field_1\">Env\u00eda un correo electr\u00f3nico a <span class=\"wpforms-required-label\" aria-hidden=\"true\">*<\/span><\/label><input type=\"email\" id=\"wpforms-1077-field_1\" class=\"wpforms-field-medium wpforms-field-required\" name=\"wpforms[fields][1]\" spellcheck=\"false\" aria-errormessage=\"wpforms-1077-field_1-error\" required><\/div><\/div><div class=\"wpforms-layout-column wpforms-layout-column-50\" ><div id=\"wpforms-1077-field_8-container\" class=\"wpforms-field wpforms-field-phone\" data-field-id=\"8\"><label class=\"wpforms-field-label\" for=\"wpforms-1077-field_8\">N\u00famero de tel\u00e9fono <span class=\"wpforms-required-label\" aria-hidden=\"true\">*<\/span><\/label><input type=\"tel\" id=\"wpforms-1077-field_8\" class=\"wpforms-field-medium wpforms-field-required wpforms-smart-phone-field\" data-rule-smart-phone-field=\"true\" name=\"wpforms[fields][8]\" aria-label=\"N\u00famero de tel\u00e9fono\" aria-errormessage=\"wpforms-1077-field_8-error\" required><\/div><\/div><\/div><\/div><div id=\"wpforms-1077-field_10-container\" class=\"wpforms-field wpforms-field-layout\" data-field-id=\"10\"><div class=\"wpforms-field-layout-columns wpforms-field-layout-preset-50-50\"><div class=\"wpforms-layout-column wpforms-layout-column-50\" ><div id=\"wpforms-1077-field_4-container\" class=\"wpforms-field wpforms-field-date-time\" data-field-id=\"4\"><label class=\"wpforms-field-label\" for=\"wpforms-1077-field_4\">Desde<\/label><div class=\"wpforms-datepicker-wrap\"><input type=\"text\" id=\"wpforms-1077-field_4\" class=\"wpforms-field-date-time-date wpforms-datepicker wpforms-field-small\" data-date-format=\"m\/d\/Y\" data-disable-past-dates=\"0\" data-input=\"true\" name=\"wpforms[fields][4][date]\" aria-errormessage=\"wpforms-1077-field_4-error\" ><a title=\"Borrar fecha\" data-clear role=\"button\" tabindex=\"0\" class=\"wpforms-datepicker-clear\" aria-label=\"Borrar fecha\" style=\"display:none;\"><\/a><\/div><\/div><\/div><div class=\"wpforms-layout-column wpforms-layout-column-50\" ><div id=\"wpforms-1077-field_9-container\" class=\"wpforms-field wpforms-field-date-time\" data-field-id=\"9\"><label class=\"wpforms-field-label\" for=\"wpforms-1077-field_9\">Hasta<\/label><div class=\"wpforms-datepicker-wrap\"><input type=\"text\" id=\"wpforms-1077-field_9\" class=\"wpforms-field-date-time-date wpforms-datepicker wpforms-field-small\" data-date-format=\"m\/d\/Y\" data-disable-past-dates=\"0\" data-input=\"true\" name=\"wpforms[fields][9][date]\" aria-errormessage=\"wpforms-1077-field_9-error\" ><a title=\"Borrar fecha\" data-clear role=\"button\" tabindex=\"0\" class=\"wpforms-datepicker-clear\" aria-label=\"Borrar fecha\" style=\"display:none;\"><\/a><\/div><\/div><\/div><\/div><\/div><div id=\"wpforms-1077-field_2-container\" class=\"wpforms-field wpforms-field-textarea\" data-field-id=\"2\"><label class=\"wpforms-field-label\" for=\"wpforms-1077-field_2\">Mensaje<\/label><textarea id=\"wpforms-1077-field_2\" class=\"wpforms-field-medium\" name=\"wpforms[fields][2]\" placeholder=\"\u00bfC\u00f3mo podemos ayudarte?\" aria-errormessage=\"wpforms-1077-field_2-error\" ><\/textarea><\/div><script>\n\t\t\t\t( function() {\n\t\t\t\t\tconst style = document.createElement( 'style' );\n\t\t\t\t\tstyle.appendChild( document.createTextNode( '#wpforms-1077-field_3-container { position: absolute !important; overflow: hidden !important; display: inline !important; height: 1px !important; width: 1px !important; z-index: -1000 !important; padding: 0 !important; } #wpforms-1077-field_3-container input { visibility: hidden; } #wpforms-conversational-form-page #wpforms-1077-field_3-container label { counter-increment: none; }' ) );\n\t\t\t\t\tdocument.head.appendChild( style );\n\t\t\t\t\tdocument.currentScript?.remove();\n\t\t\t\t} )();\n\t\t\t<\/script><\/div><!-- .wpforms-field-container --><div class=\"wpforms-recaptcha-container wpforms-is-recaptcha wpforms-is-recaptcha-type-v2\" ><div class=\"g-recaptcha\" data-sitekey=\"6LeS7gEkAAAAAO-EsXRwxTakHs6Q_9Z0rQYHkIS5\"><\/div><input type=\"text\" name=\"g-recaptcha-hidden\" class=\"wpforms-recaptcha-hidden\" style=\"position:absolute!important;clip:rect(0,0,0,0)!important;height:1px!important;width:1px!important;border:0!important;overflow:hidden!important;padding:0!important;margin:0!important;\" data-rule-recaptcha=\"1\"><\/div><div class=\"wpforms-submit-container\" ><input type=\"hidden\" name=\"wpforms[id]\" value=\"1077\"><input type=\"hidden\" name=\"page_title\" value=\"\"><input type=\"hidden\" name=\"page_url\" value=\"https:\/\/whitesoundibiza.com\/es\/wp-json\/wp\/v2\/product\/48881\"><input type=\"hidden\" name=\"url_referer\" value=\"\"><button type=\"submit\" name=\"wpforms[submit]\" id=\"wpforms-submit-1077\" class=\"wpforms-submit\" data-alt-text=\"Enviando...\" data-submit-text=\"Env\u00eda\" aria-live=\"assertive\" value=\"wpforms-submit\">Env\u00eda<\/button><img decoding=\"async\" src=\"https:\/\/whitesoundibiza.com\/wp-content\/plugins\/wpforms\/assets\/images\/submit-spin.svg\" class=\"wpforms-submit-spinner\" style=\"display: none;\" width=\"26\" height=\"26\" alt=\"Cargando\"><\/div><\/form><\/div>  <!-- .wpforms-container -->\n","protected":false},"excerpt":{"rendered":"<p class=\"\" data-start=\"393\" data-end=\"659\">Antena UHF direccional activa con una matriz dipolar logar\u00edtmica peri\u00f3dica, selector de ganancia de cuatro posiciones (+12 dB\/ +6 dB\/ 0 dB\/ -6 dB), 7,5 dBi de ganancia en el eje, 70\u00b0 de ancho de haz, conector BNC y soporte giratorio, ideal para mejorar la recepci\u00f3n de micr\u00f3fonos inal\u00e1mbricos.<\/p>\n<p class=\"\" data-start=\"661\" data-end=\"823\">\n","protected":false},"featured_media":48215,"template":"","meta":{"_joinchat":[]},"product_brand":[],"product_cat":[165],"product_tag":[],"class_list":{"0":"post-48881","1":"product","2":"type-product","3":"status-publish","4":"has-post-thumbnail","6":"product_cat-accesorios","8":"first","9":"instock","10":"taxable","11":"shipping-taxable","12":"purchasable","13":"product-type-rentable"},"yoast_head":"<!-- This site is optimized with the Yoast SEO plugin v27.3 - https:\/\/yoast.com\/product\/yoast-seo-wordpress\/ -->\n<title>alquiler shure ua874 antena ibiza | Sonido Blanco Ibiza<\/title>\n<meta name=\"description\" content=\"alquila la antena shure ua874 en Ibiza de White Sound Ibiza. UHF 470-698 MHz, antena dipolo log-peri\u00f3dica, cuatro ajustes de ganancia (+12 dB, +6 dB, 0 dB, -6 dB), 7,5 dBi de ganancia, conector BNC, adaptador de montaje giratorio. \u00a1Reserva ya!\" \/>\n<meta name=\"robots\" content=\"index, follow, max-snippet:-1, max-image-preview:large, max-video-preview:-1\" \/>\n<link rel=\"canonical\" href=\"https:\/\/whitesoundibiza.com\/es\/producto\/antena-shure-ua874\/\" \/>\n<meta property=\"og:locale\" content=\"es_ES\" \/>\n<meta property=\"og:type\" content=\"article\" \/>\n<meta property=\"og:title\" content=\"alquiler shure ua874 antena ibiza | Sonido Blanco Ibiza\" \/>\n<meta property=\"og:description\" content=\"alquila la antena shure ua874 en Ibiza de White Sound Ibiza. UHF 470-698 MHz, antena dipolo log-peri\u00f3dica, cuatro ajustes de ganancia (+12 dB, +6 dB, 0 dB, -6 dB), 7,5 dBi de ganancia, conector BNC, adaptador de montaje giratorio. \u00a1Reserva ya!\" \/>\n<meta property=\"og:url\" content=\"https:\/\/whitesoundibiza.com\/es\/producto\/antena-shure-ua874\/\" \/>\n<meta property=\"og:site_name\" content=\"White Sound Ibiza - Delivering Fun\" \/>\n<meta property=\"article:modified_time\" content=\"2025-08-09T15:43:55+00:00\" \/>\n<meta property=\"og:image\" content=\"https:\/\/whitesoundibiza.com\/wp-content\/uploads\/2025\/02\/antenashure.jpg\" \/>\n\t<meta property=\"og:image:width\" content=\"1000\" \/>\n\t<meta property=\"og:image:height\" content=\"1000\" \/>\n\t<meta property=\"og:image:type\" content=\"image\/jpeg\" \/>\n<meta name=\"twitter:card\" content=\"summary_large_image\" \/>\n<meta name=\"twitter:label1\" content=\"Tiempo de lectura\" \/>\n\t<meta name=\"twitter:data1\" content=\"2 minutos\" \/>\n<script type=\"application\/ld+json\" class=\"yoast-schema-graph\">{\"@context\":\"https:\\\/\\\/schema.org\",\"@graph\":[{\"@type\":\"WebPage\",\"@id\":\"https:\\\/\\\/whitesoundibiza.com\\\/es\\\/producto\\\/antena-shure-ua874\\\/\",\"url\":\"https:\\\/\\\/whitesoundibiza.com\\\/es\\\/producto\\\/antena-shure-ua874\\\/\",\"name\":\"alquiler shure ua874 antena ibiza | Sonido Blanco Ibiza\",\"isPartOf\":{\"@id\":\"https:\\\/\\\/whitesoundibiza.com\\\/es\\\/#website\"},\"primaryImageOfPage\":{\"@id\":\"https:\\\/\\\/whitesoundibiza.com\\\/es\\\/producto\\\/antena-shure-ua874\\\/#primaryimage\"},\"image\":{\"@id\":\"https:\\\/\\\/whitesoundibiza.com\\\/es\\\/producto\\\/antena-shure-ua874\\\/#primaryimage\"},\"thumbnailUrl\":\"https:\\\/\\\/whitesoundibiza.com\\\/wp-content\\\/uploads\\\/2025\\\/02\\\/antenashure.jpg\",\"datePublished\":\"2025-02-11T02:28:50+00:00\",\"dateModified\":\"2025-08-09T15:43:55+00:00\",\"description\":\"alquila la antena shure ua874 en Ibiza de White Sound Ibiza. UHF 470-698 MHz, antena dipolo log-peri\u00f3dica, cuatro ajustes de ganancia (+12 dB, +6 dB, 0 dB, -6 dB), 7,5 dBi de ganancia, conector BNC, adaptador de montaje giratorio. \u00a1Reserva ya!\",\"breadcrumb\":{\"@id\":\"https:\\\/\\\/whitesoundibiza.com\\\/es\\\/producto\\\/antena-shure-ua874\\\/#breadcrumb\"},\"inLanguage\":\"es\",\"potentialAction\":[{\"@type\":\"ReadAction\",\"target\":[\"https:\\\/\\\/whitesoundibiza.com\\\/es\\\/producto\\\/antena-shure-ua874\\\/\"]}]},{\"@type\":\"ImageObject\",\"inLanguage\":\"es\",\"@id\":\"https:\\\/\\\/whitesoundibiza.com\\\/es\\\/producto\\\/antena-shure-ua874\\\/#primaryimage\",\"url\":\"https:\\\/\\\/whitesoundibiza.com\\\/wp-content\\\/uploads\\\/2025\\\/02\\\/antenashure.jpg\",\"contentUrl\":\"https:\\\/\\\/whitesoundibiza.com\\\/wp-content\\\/uploads\\\/2025\\\/02\\\/antenashure.jpg\",\"width\":1000,\"height\":1000,\"caption\":\"Antena UHF direccional activa Shure UA874 con conector BNC e interruptor de ganancia de cuatro posiciones disponible para alquilar en Ibiza en White Sound Ibiza\"},{\"@type\":\"BreadcrumbList\",\"@id\":\"https:\\\/\\\/whitesoundibiza.com\\\/es\\\/producto\\\/antena-shure-ua874\\\/#breadcrumb\",\"itemListElement\":[{\"@type\":\"ListItem\",\"position\":1,\"name\":\"Portada\",\"item\":\"https:\\\/\\\/whitesoundibiza.com\\\/es\\\/\"},{\"@type\":\"ListItem\",\"position\":2,\"name\":\"Tienda\",\"item\":\"https:\\\/\\\/whitesoundibiza.com\\\/es\\\/tienda\\\/\"},{\"@type\":\"ListItem\",\"position\":3,\"name\":\"Antena Shure Ua874\"}]},{\"@type\":\"WebSite\",\"@id\":\"https:\\\/\\\/whitesoundibiza.com\\\/es\\\/#website\",\"url\":\"https:\\\/\\\/whitesoundibiza.com\\\/es\\\/\",\"name\":\"White Sound Ibiza\",\"description\":\"Rent Speakers in Ibiza\",\"publisher\":{\"@id\":\"https:\\\/\\\/whitesoundibiza.com\\\/es\\\/#organization\"},\"potentialAction\":[{\"@type\":\"SearchAction\",\"target\":{\"@type\":\"EntryPoint\",\"urlTemplate\":\"https:\\\/\\\/whitesoundibiza.com\\\/es\\\/?s={search_term_string}\"},\"query-input\":{\"@type\":\"PropertyValueSpecification\",\"valueRequired\":true,\"valueName\":\"search_term_string\"}}],\"inLanguage\":\"es\"},{\"@type\":\"Organization\",\"@id\":\"https:\\\/\\\/whitesoundibiza.com\\\/es\\\/#organization\",\"name\":\"White Sound Ibiza\",\"url\":\"https:\\\/\\\/whitesoundibiza.com\\\/es\\\/\",\"logo\":{\"@type\":\"ImageObject\",\"inLanguage\":\"es\",\"@id\":\"https:\\\/\\\/whitesoundibiza.com\\\/es\\\/#\\\/schema\\\/logo\\\/image\\\/\",\"url\":\"https:\\\/\\\/whitesoundibiza.com\\\/wp-content\\\/uploads\\\/2025\\\/05\\\/ws_logo.jpg\",\"contentUrl\":\"https:\\\/\\\/whitesoundibiza.com\\\/wp-content\\\/uploads\\\/2025\\\/05\\\/ws_logo.jpg\",\"width\":800,\"height\":235,\"caption\":\"White Sound Ibiza\"},\"image\":{\"@id\":\"https:\\\/\\\/whitesoundibiza.com\\\/es\\\/#\\\/schema\\\/logo\\\/image\\\/\"}}]}<\/script>\n<!-- \/ Yoast SEO plugin. -->","yoast_head_json":{"title":"alquiler shure ua874 antena ibiza | Sonido Blanco Ibiza","description":"alquila la antena shure ua874 en Ibiza de White Sound Ibiza. UHF 470-698 MHz, antena dipolo log-peri\u00f3dica, cuatro ajustes de ganancia (+12 dB, +6 dB, 0 dB, -6 dB), 7,5 dBi de ganancia, conector BNC, adaptador de montaje giratorio. \u00a1Reserva ya!","robots":{"index":"index","follow":"follow","max-snippet":"max-snippet:-1","max-image-preview":"max-image-preview:large","max-video-preview":"max-video-preview:-1"},"canonical":"https:\/\/whitesoundibiza.com\/es\/producto\/antena-shure-ua874\/","og_locale":"es_ES","og_type":"article","og_title":"alquiler shure ua874 antena ibiza | Sonido Blanco Ibiza","og_description":"alquila la antena shure ua874 en Ibiza de White Sound Ibiza. UHF 470-698 MHz, antena dipolo log-peri\u00f3dica, cuatro ajustes de ganancia (+12 dB, +6 dB, 0 dB, -6 dB), 7,5 dBi de ganancia, conector BNC, adaptador de montaje giratorio. \u00a1Reserva ya!","og_url":"https:\/\/whitesoundibiza.com\/es\/producto\/antena-shure-ua874\/","og_site_name":"White Sound Ibiza - Delivering Fun","article_modified_time":"2025-08-09T15:43:55+00:00","og_image":[{"width":1000,"height":1000,"url":"https:\/\/whitesoundibiza.com\/wp-content\/uploads\/2025\/02\/antenashure.jpg","type":"image\/jpeg"}],"twitter_card":"summary_large_image","twitter_misc":{"Tiempo de lectura":"2 minutos"},"schema":{"@context":"https:\/\/schema.org","@graph":[{"@type":"WebPage","@id":"https:\/\/whitesoundibiza.com\/es\/producto\/antena-shure-ua874\/","url":"https:\/\/whitesoundibiza.com\/es\/producto\/antena-shure-ua874\/","name":"alquiler shure ua874 antena ibiza | Sonido Blanco Ibiza","isPartOf":{"@id":"https:\/\/whitesoundibiza.com\/es\/#website"},"primaryImageOfPage":{"@id":"https:\/\/whitesoundibiza.com\/es\/producto\/antena-shure-ua874\/#primaryimage"},"image":{"@id":"https:\/\/whitesoundibiza.com\/es\/producto\/antena-shure-ua874\/#primaryimage"},"thumbnailUrl":"https:\/\/whitesoundibiza.com\/wp-content\/uploads\/2025\/02\/antenashure.jpg","datePublished":"2025-02-11T02:28:50+00:00","dateModified":"2025-08-09T15:43:55+00:00","description":"alquila la antena shure ua874 en Ibiza de White Sound Ibiza. UHF 470-698 MHz, antena dipolo log-peri\u00f3dica, cuatro ajustes de ganancia (+12 dB, +6 dB, 0 dB, -6 dB), 7,5 dBi de ganancia, conector BNC, adaptador de montaje giratorio. \u00a1Reserva ya!","breadcrumb":{"@id":"https:\/\/whitesoundibiza.com\/es\/producto\/antena-shure-ua874\/#breadcrumb"},"inLanguage":"es","potentialAction":[{"@type":"ReadAction","target":["https:\/\/whitesoundibiza.com\/es\/producto\/antena-shure-ua874\/"]}]},{"@type":"ImageObject","inLanguage":"es","@id":"https:\/\/whitesoundibiza.com\/es\/producto\/antena-shure-ua874\/#primaryimage","url":"https:\/\/whitesoundibiza.com\/wp-content\/uploads\/2025\/02\/antenashure.jpg","contentUrl":"https:\/\/whitesoundibiza.com\/wp-content\/uploads\/2025\/02\/antenashure.jpg","width":1000,"height":1000,"caption":"Antena UHF direccional activa Shure UA874 con conector BNC e interruptor de ganancia de cuatro posiciones disponible para alquilar en Ibiza en White Sound Ibiza"},{"@type":"BreadcrumbList","@id":"https:\/\/whitesoundibiza.com\/es\/producto\/antena-shure-ua874\/#breadcrumb","itemListElement":[{"@type":"ListItem","position":1,"name":"Portada","item":"https:\/\/whitesoundibiza.com\/es\/"},{"@type":"ListItem","position":2,"name":"Tienda","item":"https:\/\/whitesoundibiza.com\/es\/tienda\/"},{"@type":"ListItem","position":3,"name":"Antena Shure Ua874"}]},{"@type":"WebSite","@id":"https:\/\/whitesoundibiza.com\/es\/#website","url":"https:\/\/whitesoundibiza.com\/es\/","name":"White Sound Ibiza","description":"Rent Speakers in Ibiza","publisher":{"@id":"https:\/\/whitesoundibiza.com\/es\/#organization"},"potentialAction":[{"@type":"SearchAction","target":{"@type":"EntryPoint","urlTemplate":"https:\/\/whitesoundibiza.com\/es\/?s={search_term_string}"},"query-input":{"@type":"PropertyValueSpecification","valueRequired":true,"valueName":"search_term_string"}}],"inLanguage":"es"},{"@type":"Organization","@id":"https:\/\/whitesoundibiza.com\/es\/#organization","name":"White Sound Ibiza","url":"https:\/\/whitesoundibiza.com\/es\/","logo":{"@type":"ImageObject","inLanguage":"es","@id":"https:\/\/whitesoundibiza.com\/es\/#\/schema\/logo\/image\/","url":"https:\/\/whitesoundibiza.com\/wp-content\/uploads\/2025\/05\/ws_logo.jpg","contentUrl":"https:\/\/whitesoundibiza.com\/wp-content\/uploads\/2025\/05\/ws_logo.jpg","width":800,"height":235,"caption":"White Sound Ibiza"},"image":{"@id":"https:\/\/whitesoundibiza.com\/es\/#\/schema\/logo\/image\/"}}]}},"_links":{"self":[{"href":"https:\/\/whitesoundibiza.com\/es\/wp-json\/wp\/v2\/product\/48881","targetHints":{"allow":["GET"]}}],"collection":[{"href":"https:\/\/whitesoundibiza.com\/es\/wp-json\/wp\/v2\/product"}],"about":[{"href":"https:\/\/whitesoundibiza.com\/es\/wp-json\/wp\/v2\/types\/product"}],"wp:featuredmedia":[{"embeddable":true,"href":"https:\/\/whitesoundibiza.com\/es\/wp-json\/wp\/v2\/media\/48215"}],"wp:attachment":[{"href":"https:\/\/whitesoundibiza.com\/es\/wp-json\/wp\/v2\/media?parent=48881"}],"wp:term":[{"taxonomy":"product_brand","embeddable":true,"href":"https:\/\/whitesoundibiza.com\/es\/wp-json\/wp\/v2\/product_brand?post=48881"},{"taxonomy":"product_cat","embeddable":true,"href":"https:\/\/whitesoundibiza.com\/es\/wp-json\/wp\/v2\/product_cat?post=48881"},{"taxonomy":"product_tag","embeddable":true,"href":"https:\/\/whitesoundibiza.com\/es\/wp-json\/wp\/v2\/product_tag?post=48881"}],"curies":[{"name":"wp","href":"https:\/\/api.w.org\/{rel}","templated":true}]}}