{"id":48879,"date":"2025-04-29T12:05:35","date_gmt":"2025-04-29T12:05:35","guid":{"rendered":"https:\/\/whitesoundibiza.com\/producto\/stagemaker-sl10-d8-1t\/"},"modified":"2025-08-09T15:44:05","modified_gmt":"2025-08-09T15:44:05","slug":"stagemaker-sl10-d8-1t","status":"publish","type":"product","link":"https:\/\/whitesoundibiza.com\/es\/producto\/stagemaker-sl10-d8-1t\/","title":{"rendered":"Stagemaker SL10 D8+ 1T"},"content":{"rendered":"<p class=\"\" data-start=\"819\" data-end=\"1256\">Cuando <strong data-start=\"828\" data-end=\"865\">alquilas el stagemaker sl10 d8+ 1t ibiza<\/strong>, tienes acceso a un polipasto de cadena trif\u00e1sico de primera calidad con una capacidad nominal de 1000 KG en ca\u00edda simple (2000 KG en ca\u00edda doble). Esta unidad de 400 V\/415 V\/3 Ph\/50 Hz cumple la rigurosa <a class=\"cursor-pointer\" target=\"_new\" rel=\"noopener\" data-start=\"1025\" data-end=\"1106\">clasificaci\u00f3n de servicio BGV-D8+<\/a> y las normas CE, y proporciona una elevaci\u00f3n suave y fiable a \u2264 60 dB, ideal para eventos en directo e instalaciones industriales. <\/p>\n<h3 class=\"\" data-start=\"1258\" data-end=\"1283\">Dise\u00f1o y protecci\u00f3n<\/h3>\n<p class=\"\" data-start=\"1284\" data-end=\"1720\">El SL10 D8+ tiene una carcasa de aleaci\u00f3n de aluminio fundido a presi\u00f3n en gris oscuro RAL 7021, con parachoques que absorben la energ\u00eda. Su <a class=\"\" href=\"https:\/\/en.wikipedia.org\/wiki\/IP_Code#IP66\" target=\"_new\" rel=\"noopener\" data-start=\"1407\" data-end=\"1464\">clasificaci\u00f3n IP66<\/a> contra el polvo y los chorros de agua a alta presi\u00f3n garantiza su durabilidad en festivales al aire libre o en recintos interiores h\u00famedos . Las opciones de montaje convertibles (escalada o suspensi\u00f3n) permiten una integraci\u00f3n perfecta en trusses o puntos fijos.  <\/p>\n<h3 class=\"\" data-start=\"1722\" data-end=\"1748\">Motor y sistema de frenos<\/h3>\n<p class=\"\" data-start=\"1749\" data-end=\"2051\">Equipado con un motor de clase F y un limitador de par ajustable, este polipasto garantiza un par constante y estabilidad t\u00e9rmica durante un uso prolongado. El freno de doble disco de CC, que no precisa mantenimiento, sujeta la carga inmediatamente, incluso si se interrumpe el suministro el\u00e9ctrico, para que tus aparatos permanezcan exactamente donde los colocaste. <\/p>\n<h3 class=\"\" data-start=\"2053\" data-end=\"2075\">Cadena y capacidad<\/h3>\n<p class=\"\" data-start=\"2076\" data-end=\"2427\">Suministrada con 21 m de cadena de elevaci\u00f3n G100 electrogalvanizada negra, la SL10 D8+ ofrece una excepcional resistencia al desgaste y protecci\u00f3n contra la corrosi\u00f3n. La gu\u00eda CHAINFlux MKII\u00ae y el sistema de ruedas Perfect Push\u00ae garantizan un funcionamiento sin enganches, minimizando el tiempo de inactividad. Elige entre configuraciones de 1.000 KG de ca\u00edda simple o 2.000 KG de ca\u00edda doble para adaptarla a cualquier necesidad de aparejo.  <\/p>\n<h3 class=\"\" data-start=\"2429\" data-end=\"2464\">Aplicaciones y ayuda al alquiler<\/h3>\n<p class=\"\" data-start=\"2465\" data-end=\"2733\">Tanto si <strong data-start=\"2477\" data-end=\"2514\">alquilas el stagemaker sl10 d8+ 1t ibiza<\/strong> para giras de conciertos, producciones teatrales o elevaciones industriales, destaca all\u00ed donde la precisi\u00f3n y la seguridad son primordiales. White Sound Ibiza no s\u00f3lo proporciona este elevador, sino que tambi\u00e9n ofrece entrega completa y montaje in situ. <\/p>\n<p class=\"\" data-start=\"2985\" data-end=\"3036\">\u00a1Reserva hoy y monta tu pr\u00f3ximo evento con confianza!<\/p>\n<p data-start=\"2985\" data-end=\"3036\"><style id=\"wpforms-css-vars-1077\">\n\t\t\t\t#wpforms-1077 {\n\t\t\t\t\n\t\t\t}\n\t\t\t<\/style><div class=\"wpforms-container wpforms-container-full wpforms-render-modern\" id=\"wpforms-1077\"><form id=\"wpforms-form-1077\" class=\"wpforms-validate wpforms-form wpforms-ajax-form\" data-formid=\"1077\" method=\"post\" enctype=\"multipart\/form-data\" action=\"\/es\/wp-json\/wp\/v2\/product\/48879\" data-token=\"c7bb1d31c39adce307080c74345dd3ec\" data-token-time=\"1775330255\"><noscript class=\"wpforms-error-noscript\">Por favor, activa JavaScript en tu navegador para completar este formulario.<\/noscript><div id=\"wpforms-error-noscript\" style=\"display: none;\">Por favor, activa JavaScript en tu navegador para completar este formulario.<\/div><div class=\"wpforms-field-container\"><div id=\"wpforms-1077-field_0-container\" class=\"wpforms-field wpforms-field-name\" data-field-id=\"0\"><fieldset><legend class=\"wpforms-field-label\">Nombre <span class=\"wpforms-required-label\" aria-hidden=\"true\">*<\/span><\/legend><div class=\"wpforms-field-row wpforms-field-medium\"><div class=\"wpforms-field-row-block wpforms-first wpforms-one-half\"><input type=\"text\" id=\"wpforms-1077-field_0\" class=\"wpforms-field-name-first wpforms-field-required\" name=\"wpforms[fields][0][first]\" placeholder=\"Nombre\" aria-errormessage=\"wpforms-1077-field_0-error\" required><label for=\"wpforms-1077-field_0\" class=\"wpforms-field-sublabel after wpforms-sublabel-hide\">Nombre<\/label><\/div><div class=\"wpforms-field-row-block wpforms-one-half\"><input type=\"text\" id=\"wpforms-1077-field_0-last\" class=\"wpforms-field-name-last wpforms-field-required\" name=\"wpforms[fields][0][last]\" placeholder=\"Apellidos\" aria-errormessage=\"wpforms-1077-field_0-last-error\" required><label for=\"wpforms-1077-field_0-last\" class=\"wpforms-field-sublabel after wpforms-sublabel-hide\">Apellidos<\/label><\/div><\/div><\/fieldset><\/div><div id=\"wpforms-1077-field_7-container\" class=\"wpforms-field wpforms-field-layout\" data-field-id=\"7\"><div class=\"wpforms-field-layout-columns wpforms-field-layout-preset-50-50\"><div class=\"wpforms-layout-column wpforms-layout-column-50\" ><div id=\"wpforms-1077-field_1-container\" class=\"wpforms-field wpforms-field-email\" data-field-id=\"1\"><label class=\"wpforms-field-label\" for=\"wpforms-1077-field_1\">Env\u00eda un correo electr\u00f3nico a <span class=\"wpforms-required-label\" aria-hidden=\"true\">*<\/span><\/label><input type=\"email\" id=\"wpforms-1077-field_1\" class=\"wpforms-field-medium wpforms-field-required\" name=\"wpforms[fields][1]\" spellcheck=\"false\" aria-errormessage=\"wpforms-1077-field_1-error\" required><\/div><\/div><div class=\"wpforms-layout-column wpforms-layout-column-50\" ><div id=\"wpforms-1077-field_8-container\" class=\"wpforms-field wpforms-field-phone\" data-field-id=\"8\"><label class=\"wpforms-field-label\" for=\"wpforms-1077-field_8\">N\u00famero de tel\u00e9fono <span class=\"wpforms-required-label\" aria-hidden=\"true\">*<\/span><\/label><input type=\"tel\" id=\"wpforms-1077-field_8\" class=\"wpforms-field-medium wpforms-field-required wpforms-smart-phone-field\" data-rule-smart-phone-field=\"true\" name=\"wpforms[fields][8]\" aria-label=\"N\u00famero de tel\u00e9fono\" aria-errormessage=\"wpforms-1077-field_8-error\" required><\/div><\/div><\/div><\/div><div id=\"wpforms-1077-field_10-container\" class=\"wpforms-field wpforms-field-layout\" data-field-id=\"10\"><div class=\"wpforms-field-layout-columns wpforms-field-layout-preset-50-50\"><div class=\"wpforms-layout-column wpforms-layout-column-50\" ><div id=\"wpforms-1077-field_4-container\" class=\"wpforms-field wpforms-field-date-time\" data-field-id=\"4\"><label class=\"wpforms-field-label\" for=\"wpforms-1077-field_4\">Desde<\/label><div class=\"wpforms-datepicker-wrap\"><input type=\"text\" id=\"wpforms-1077-field_4\" class=\"wpforms-field-date-time-date wpforms-datepicker wpforms-field-small\" data-date-format=\"m\/d\/Y\" data-disable-past-dates=\"0\" data-input=\"true\" name=\"wpforms[fields][4][date]\" aria-errormessage=\"wpforms-1077-field_4-error\" ><a title=\"Borrar fecha\" data-clear role=\"button\" tabindex=\"0\" class=\"wpforms-datepicker-clear\" aria-label=\"Borrar fecha\" style=\"display:none;\"><\/a><\/div><\/div><\/div><div class=\"wpforms-layout-column wpforms-layout-column-50\" ><div id=\"wpforms-1077-field_9-container\" class=\"wpforms-field wpforms-field-date-time\" data-field-id=\"9\"><label class=\"wpforms-field-label\" for=\"wpforms-1077-field_9\">Hasta<\/label><div class=\"wpforms-datepicker-wrap\"><input type=\"text\" id=\"wpforms-1077-field_9\" class=\"wpforms-field-date-time-date wpforms-datepicker wpforms-field-small\" data-date-format=\"m\/d\/Y\" data-disable-past-dates=\"0\" data-input=\"true\" name=\"wpforms[fields][9][date]\" aria-errormessage=\"wpforms-1077-field_9-error\" ><a title=\"Borrar fecha\" data-clear role=\"button\" tabindex=\"0\" class=\"wpforms-datepicker-clear\" aria-label=\"Borrar fecha\" style=\"display:none;\"><\/a><\/div><\/div><\/div><\/div><\/div>\t\t<div id=\"wpforms-1077-field_3-container\"\n\t\t\tclass=\"wpforms-field wpforms-field-text\"\n\t\t\tdata-field-type=\"text\"\n\t\t\tdata-field-id=\"3\"\n\t\t\t>\n\t\t\t<label class=\"wpforms-field-label\" for=\"wpforms-1077-field_3\" >correo tel\u00e9fono N\u00famero<\/label>\n\t\t\t<input type=\"text\" id=\"wpforms-1077-field_3\" class=\"wpforms-field-medium\" name=\"wpforms[fields][3]\" >\n\t\t<\/div>\n\t\t<div id=\"wpforms-1077-field_2-container\" class=\"wpforms-field wpforms-field-textarea\" data-field-id=\"2\"><label class=\"wpforms-field-label\" for=\"wpforms-1077-field_2\">Mensaje<\/label><textarea id=\"wpforms-1077-field_2\" class=\"wpforms-field-medium\" name=\"wpforms[fields][2]\" placeholder=\"\u00bfC\u00f3mo podemos ayudarte?\" aria-errormessage=\"wpforms-1077-field_2-error\" ><\/textarea><\/div><script>\n\t\t\t\t( function() {\n\t\t\t\t\tconst style = document.createElement( 'style' );\n\t\t\t\t\tstyle.appendChild( document.createTextNode( '#wpforms-1077-field_3-container { position: absolute !important; overflow: hidden !important; display: inline !important; height: 1px !important; width: 1px !important; z-index: -1000 !important; padding: 0 !important; } #wpforms-1077-field_3-container input { visibility: hidden; } #wpforms-conversational-form-page #wpforms-1077-field_3-container label { counter-increment: none; }' ) );\n\t\t\t\t\tdocument.head.appendChild( style );\n\t\t\t\t\tdocument.currentScript?.remove();\n\t\t\t\t} )();\n\t\t\t<\/script><\/div><!-- .wpforms-field-container --><div class=\"wpforms-recaptcha-container wpforms-is-recaptcha wpforms-is-recaptcha-type-v2\" ><div class=\"g-recaptcha\" data-sitekey=\"6LeS7gEkAAAAAO-EsXRwxTakHs6Q_9Z0rQYHkIS5\"><\/div><input type=\"text\" name=\"g-recaptcha-hidden\" class=\"wpforms-recaptcha-hidden\" style=\"position:absolute!important;clip:rect(0,0,0,0)!important;height:1px!important;width:1px!important;border:0!important;overflow:hidden!important;padding:0!important;margin:0!important;\" data-rule-recaptcha=\"1\"><\/div><div class=\"wpforms-submit-container\" ><input type=\"hidden\" name=\"wpforms[id]\" value=\"1077\"><input type=\"hidden\" name=\"page_title\" value=\"\"><input type=\"hidden\" name=\"page_url\" value=\"https:\/\/whitesoundibiza.com\/es\/wp-json\/wp\/v2\/product\/48879\"><input type=\"hidden\" name=\"url_referer\" value=\"\"><button type=\"submit\" name=\"wpforms[submit]\" id=\"wpforms-submit-1077\" class=\"wpforms-submit\" data-alt-text=\"Enviando...\" data-submit-text=\"Env\u00eda\" aria-live=\"assertive\" value=\"wpforms-submit\">Env\u00eda<\/button><img decoding=\"async\" src=\"https:\/\/whitesoundibiza.com\/wp-content\/plugins\/wpforms\/assets\/images\/submit-spin.svg\" class=\"wpforms-submit-spinner\" style=\"display: none;\" width=\"26\" height=\"26\" alt=\"Cargando\"><\/div><\/form><\/div>  <!-- .wpforms-container --><\/p>\n","protected":false},"excerpt":{"rendered":"<p class=\"\" data-start=\"375\" data-end=\"610\">Polipasto de cadena trif\u00e1sico de 1000 KG con control directo de tensi\u00f3n, protecci\u00f3n IP66, motor de clase F, freno de CC de doble disco, cadena electrogalvanizada negra y \u2264 60 dB de ruido, ideal para aparejos de escenario y elevaci\u00f3n industrial.<\/p>\n<p class=\"\" data-start=\"612\" data-end=\"778\">\n","protected":false},"featured_media":48577,"template":"","meta":{"_joinchat":[]},"product_brand":[],"product_cat":[164],"product_tag":[],"class_list":{"0":"post-48879","1":"product","2":"type-product","3":"status-publish","4":"has-post-thumbnail","6":"product_cat-elevacion","8":"first","9":"instock","10":"taxable","11":"shipping-taxable","12":"purchasable","13":"product-type-rentable"},"yoast_head":"<!-- This site is optimized with the Yoast SEO plugin v27.3 - https:\/\/yoast.com\/product\/yoast-seo-wordpress\/ -->\n<title>Alquiler Stagemaker SL10 D8+ 1T Ibiza | White Sound Ibiza<\/title>\n<meta name=\"description\" content=\"Alquila el polipasto de cadena Stagemaker SL10 D8+ 1T de 1000 KG en Ibiza de White Sound Ibiza. Robusto, ultrasilencioso, con protecci\u00f3n IP66, conforme a la norma BGV-D8+, con control de tensi\u00f3n directa, motor de clase F y cadena electrogalvanizada negra. \u00a1Reserva ya!\" \/>\n<meta name=\"robots\" content=\"index, follow, max-snippet:-1, max-image-preview:large, max-video-preview:-1\" \/>\n<link rel=\"canonical\" href=\"https:\/\/whitesoundibiza.com\/es\/producto\/stagemaker-sl10-d8-1t\/\" \/>\n<meta property=\"og:locale\" content=\"es_ES\" \/>\n<meta property=\"og:type\" content=\"article\" \/>\n<meta property=\"og:title\" content=\"Alquiler Stagemaker SL10 D8+ 1T Ibiza | White Sound Ibiza\" \/>\n<meta property=\"og:description\" content=\"Alquila el polipasto de cadena Stagemaker SL10 D8+ 1T de 1000 KG en Ibiza de White Sound Ibiza. Robusto, ultrasilencioso, con protecci\u00f3n IP66, conforme a la norma BGV-D8+, con control de tensi\u00f3n directa, motor de clase F y cadena electrogalvanizada negra. \u00a1Reserva ya!\" \/>\n<meta property=\"og:url\" content=\"https:\/\/whitesoundibiza.com\/es\/producto\/stagemaker-sl10-d8-1t\/\" \/>\n<meta property=\"og:site_name\" content=\"White Sound Ibiza - Delivering Fun\" \/>\n<meta property=\"article:modified_time\" content=\"2025-08-09T15:44:05+00:00\" \/>\n<meta property=\"og:image\" content=\"https:\/\/whitesoundibiza.com\/wp-content\/uploads\/2025\/04\/stagemaker.jpg\" \/>\n\t<meta property=\"og:image:width\" content=\"1000\" \/>\n\t<meta property=\"og:image:height\" content=\"1000\" \/>\n\t<meta property=\"og:image:type\" content=\"image\/jpeg\" \/>\n<meta name=\"twitter:card\" content=\"summary_large_image\" \/>\n<meta name=\"twitter:label1\" content=\"Tiempo de lectura\" \/>\n\t<meta name=\"twitter:data1\" content=\"2 minutos\" \/>\n<script type=\"application\/ld+json\" class=\"yoast-schema-graph\">{\"@context\":\"https:\\\/\\\/schema.org\",\"@graph\":[{\"@type\":\"WebPage\",\"@id\":\"https:\\\/\\\/whitesoundibiza.com\\\/es\\\/producto\\\/stagemaker-sl10-d8-1t\\\/\",\"url\":\"https:\\\/\\\/whitesoundibiza.com\\\/es\\\/producto\\\/stagemaker-sl10-d8-1t\\\/\",\"name\":\"Alquiler Stagemaker SL10 D8+ 1T Ibiza | White Sound Ibiza\",\"isPartOf\":{\"@id\":\"https:\\\/\\\/whitesoundibiza.com\\\/es\\\/#website\"},\"primaryImageOfPage\":{\"@id\":\"https:\\\/\\\/whitesoundibiza.com\\\/es\\\/producto\\\/stagemaker-sl10-d8-1t\\\/#primaryimage\"},\"image\":{\"@id\":\"https:\\\/\\\/whitesoundibiza.com\\\/es\\\/producto\\\/stagemaker-sl10-d8-1t\\\/#primaryimage\"},\"thumbnailUrl\":\"https:\\\/\\\/whitesoundibiza.com\\\/wp-content\\\/uploads\\\/2025\\\/04\\\/stagemaker.jpg\",\"datePublished\":\"2025-04-29T12:05:35+00:00\",\"dateModified\":\"2025-08-09T15:44:05+00:00\",\"description\":\"Alquila el polipasto de cadena Stagemaker SL10 D8+ 1T de 1000 KG en Ibiza de White Sound Ibiza. Robusto, ultrasilencioso, con protecci\u00f3n IP66, conforme a la norma BGV-D8+, con control de tensi\u00f3n directa, motor de clase F y cadena electrogalvanizada negra. \u00a1Reserva ya!\",\"breadcrumb\":{\"@id\":\"https:\\\/\\\/whitesoundibiza.com\\\/es\\\/producto\\\/stagemaker-sl10-d8-1t\\\/#breadcrumb\"},\"inLanguage\":\"es\",\"potentialAction\":[{\"@type\":\"ReadAction\",\"target\":[\"https:\\\/\\\/whitesoundibiza.com\\\/es\\\/producto\\\/stagemaker-sl10-d8-1t\\\/\"]}]},{\"@type\":\"ImageObject\",\"inLanguage\":\"es\",\"@id\":\"https:\\\/\\\/whitesoundibiza.com\\\/es\\\/producto\\\/stagemaker-sl10-d8-1t\\\/#primaryimage\",\"url\":\"https:\\\/\\\/whitesoundibiza.com\\\/wp-content\\\/uploads\\\/2025\\\/04\\\/stagemaker.jpg\",\"contentUrl\":\"https:\\\/\\\/whitesoundibiza.com\\\/wp-content\\\/uploads\\\/2025\\\/04\\\/stagemaker.jpg\",\"width\":1000,\"height\":1000,\"caption\":\"Polipasto de cadena trif\u00e1sico Stagemaker SL10 D8+ 1T con control directo de tensi\u00f3n y capacidad de 1000 KG disponible para alquilar en Ibiza en White Sound Ibiza\"},{\"@type\":\"BreadcrumbList\",\"@id\":\"https:\\\/\\\/whitesoundibiza.com\\\/es\\\/producto\\\/stagemaker-sl10-d8-1t\\\/#breadcrumb\",\"itemListElement\":[{\"@type\":\"ListItem\",\"position\":1,\"name\":\"Portada\",\"item\":\"https:\\\/\\\/whitesoundibiza.com\\\/es\\\/\"},{\"@type\":\"ListItem\",\"position\":2,\"name\":\"Tienda\",\"item\":\"https:\\\/\\\/whitesoundibiza.com\\\/es\\\/tienda\\\/\"},{\"@type\":\"ListItem\",\"position\":3,\"name\":\"Stagemaker SL10 D8+ 1T\"}]},{\"@type\":\"WebSite\",\"@id\":\"https:\\\/\\\/whitesoundibiza.com\\\/es\\\/#website\",\"url\":\"https:\\\/\\\/whitesoundibiza.com\\\/es\\\/\",\"name\":\"White Sound Ibiza\",\"description\":\"Rent Speakers in Ibiza\",\"publisher\":{\"@id\":\"https:\\\/\\\/whitesoundibiza.com\\\/es\\\/#organization\"},\"potentialAction\":[{\"@type\":\"SearchAction\",\"target\":{\"@type\":\"EntryPoint\",\"urlTemplate\":\"https:\\\/\\\/whitesoundibiza.com\\\/es\\\/?s={search_term_string}\"},\"query-input\":{\"@type\":\"PropertyValueSpecification\",\"valueRequired\":true,\"valueName\":\"search_term_string\"}}],\"inLanguage\":\"es\"},{\"@type\":\"Organization\",\"@id\":\"https:\\\/\\\/whitesoundibiza.com\\\/es\\\/#organization\",\"name\":\"White Sound Ibiza\",\"url\":\"https:\\\/\\\/whitesoundibiza.com\\\/es\\\/\",\"logo\":{\"@type\":\"ImageObject\",\"inLanguage\":\"es\",\"@id\":\"https:\\\/\\\/whitesoundibiza.com\\\/es\\\/#\\\/schema\\\/logo\\\/image\\\/\",\"url\":\"https:\\\/\\\/whitesoundibiza.com\\\/wp-content\\\/uploads\\\/2025\\\/05\\\/ws_logo.jpg\",\"contentUrl\":\"https:\\\/\\\/whitesoundibiza.com\\\/wp-content\\\/uploads\\\/2025\\\/05\\\/ws_logo.jpg\",\"width\":800,\"height\":235,\"caption\":\"White Sound Ibiza\"},\"image\":{\"@id\":\"https:\\\/\\\/whitesoundibiza.com\\\/es\\\/#\\\/schema\\\/logo\\\/image\\\/\"}}]}<\/script>\n<!-- \/ Yoast SEO plugin. -->","yoast_head_json":{"title":"Alquiler Stagemaker SL10 D8+ 1T Ibiza | White Sound Ibiza","description":"Alquila el polipasto de cadena Stagemaker SL10 D8+ 1T de 1000 KG en Ibiza de White Sound Ibiza. Robusto, ultrasilencioso, con protecci\u00f3n IP66, conforme a la norma BGV-D8+, con control de tensi\u00f3n directa, motor de clase F y cadena electrogalvanizada negra. \u00a1Reserva ya!","robots":{"index":"index","follow":"follow","max-snippet":"max-snippet:-1","max-image-preview":"max-image-preview:large","max-video-preview":"max-video-preview:-1"},"canonical":"https:\/\/whitesoundibiza.com\/es\/producto\/stagemaker-sl10-d8-1t\/","og_locale":"es_ES","og_type":"article","og_title":"Alquiler Stagemaker SL10 D8+ 1T Ibiza | White Sound Ibiza","og_description":"Alquila el polipasto de cadena Stagemaker SL10 D8+ 1T de 1000 KG en Ibiza de White Sound Ibiza. Robusto, ultrasilencioso, con protecci\u00f3n IP66, conforme a la norma BGV-D8+, con control de tensi\u00f3n directa, motor de clase F y cadena electrogalvanizada negra. \u00a1Reserva ya!","og_url":"https:\/\/whitesoundibiza.com\/es\/producto\/stagemaker-sl10-d8-1t\/","og_site_name":"White Sound Ibiza - Delivering Fun","article_modified_time":"2025-08-09T15:44:05+00:00","og_image":[{"width":1000,"height":1000,"url":"https:\/\/whitesoundibiza.com\/wp-content\/uploads\/2025\/04\/stagemaker.jpg","type":"image\/jpeg"}],"twitter_card":"summary_large_image","twitter_misc":{"Tiempo de lectura":"2 minutos"},"schema":{"@context":"https:\/\/schema.org","@graph":[{"@type":"WebPage","@id":"https:\/\/whitesoundibiza.com\/es\/producto\/stagemaker-sl10-d8-1t\/","url":"https:\/\/whitesoundibiza.com\/es\/producto\/stagemaker-sl10-d8-1t\/","name":"Alquiler Stagemaker SL10 D8+ 1T Ibiza | White Sound Ibiza","isPartOf":{"@id":"https:\/\/whitesoundibiza.com\/es\/#website"},"primaryImageOfPage":{"@id":"https:\/\/whitesoundibiza.com\/es\/producto\/stagemaker-sl10-d8-1t\/#primaryimage"},"image":{"@id":"https:\/\/whitesoundibiza.com\/es\/producto\/stagemaker-sl10-d8-1t\/#primaryimage"},"thumbnailUrl":"https:\/\/whitesoundibiza.com\/wp-content\/uploads\/2025\/04\/stagemaker.jpg","datePublished":"2025-04-29T12:05:35+00:00","dateModified":"2025-08-09T15:44:05+00:00","description":"Alquila el polipasto de cadena Stagemaker SL10 D8+ 1T de 1000 KG en Ibiza de White Sound Ibiza. Robusto, ultrasilencioso, con protecci\u00f3n IP66, conforme a la norma BGV-D8+, con control de tensi\u00f3n directa, motor de clase F y cadena electrogalvanizada negra. \u00a1Reserva ya!","breadcrumb":{"@id":"https:\/\/whitesoundibiza.com\/es\/producto\/stagemaker-sl10-d8-1t\/#breadcrumb"},"inLanguage":"es","potentialAction":[{"@type":"ReadAction","target":["https:\/\/whitesoundibiza.com\/es\/producto\/stagemaker-sl10-d8-1t\/"]}]},{"@type":"ImageObject","inLanguage":"es","@id":"https:\/\/whitesoundibiza.com\/es\/producto\/stagemaker-sl10-d8-1t\/#primaryimage","url":"https:\/\/whitesoundibiza.com\/wp-content\/uploads\/2025\/04\/stagemaker.jpg","contentUrl":"https:\/\/whitesoundibiza.com\/wp-content\/uploads\/2025\/04\/stagemaker.jpg","width":1000,"height":1000,"caption":"Polipasto de cadena trif\u00e1sico Stagemaker SL10 D8+ 1T con control directo de tensi\u00f3n y capacidad de 1000 KG disponible para alquilar en Ibiza en White Sound Ibiza"},{"@type":"BreadcrumbList","@id":"https:\/\/whitesoundibiza.com\/es\/producto\/stagemaker-sl10-d8-1t\/#breadcrumb","itemListElement":[{"@type":"ListItem","position":1,"name":"Portada","item":"https:\/\/whitesoundibiza.com\/es\/"},{"@type":"ListItem","position":2,"name":"Tienda","item":"https:\/\/whitesoundibiza.com\/es\/tienda\/"},{"@type":"ListItem","position":3,"name":"Stagemaker SL10 D8+ 1T"}]},{"@type":"WebSite","@id":"https:\/\/whitesoundibiza.com\/es\/#website","url":"https:\/\/whitesoundibiza.com\/es\/","name":"White Sound Ibiza","description":"Rent Speakers in Ibiza","publisher":{"@id":"https:\/\/whitesoundibiza.com\/es\/#organization"},"potentialAction":[{"@type":"SearchAction","target":{"@type":"EntryPoint","urlTemplate":"https:\/\/whitesoundibiza.com\/es\/?s={search_term_string}"},"query-input":{"@type":"PropertyValueSpecification","valueRequired":true,"valueName":"search_term_string"}}],"inLanguage":"es"},{"@type":"Organization","@id":"https:\/\/whitesoundibiza.com\/es\/#organization","name":"White Sound Ibiza","url":"https:\/\/whitesoundibiza.com\/es\/","logo":{"@type":"ImageObject","inLanguage":"es","@id":"https:\/\/whitesoundibiza.com\/es\/#\/schema\/logo\/image\/","url":"https:\/\/whitesoundibiza.com\/wp-content\/uploads\/2025\/05\/ws_logo.jpg","contentUrl":"https:\/\/whitesoundibiza.com\/wp-content\/uploads\/2025\/05\/ws_logo.jpg","width":800,"height":235,"caption":"White Sound Ibiza"},"image":{"@id":"https:\/\/whitesoundibiza.com\/es\/#\/schema\/logo\/image\/"}}]}},"_links":{"self":[{"href":"https:\/\/whitesoundibiza.com\/es\/wp-json\/wp\/v2\/product\/48879","targetHints":{"allow":["GET"]}}],"collection":[{"href":"https:\/\/whitesoundibiza.com\/es\/wp-json\/wp\/v2\/product"}],"about":[{"href":"https:\/\/whitesoundibiza.com\/es\/wp-json\/wp\/v2\/types\/product"}],"wp:featuredmedia":[{"embeddable":true,"href":"https:\/\/whitesoundibiza.com\/es\/wp-json\/wp\/v2\/media\/48577"}],"wp:attachment":[{"href":"https:\/\/whitesoundibiza.com\/es\/wp-json\/wp\/v2\/media?parent=48879"}],"wp:term":[{"taxonomy":"product_brand","embeddable":true,"href":"https:\/\/whitesoundibiza.com\/es\/wp-json\/wp\/v2\/product_brand?post=48879"},{"taxonomy":"product_cat","embeddable":true,"href":"https:\/\/whitesoundibiza.com\/es\/wp-json\/wp\/v2\/product_cat?post=48879"},{"taxonomy":"product_tag","embeddable":true,"href":"https:\/\/whitesoundibiza.com\/es\/wp-json\/wp\/v2\/product_tag?post=48879"}],"curies":[{"name":"wp","href":"https:\/\/api.w.org\/{rel}","templated":true}]}}