{"id":48876,"date":"2025-04-30T10:20:44","date_gmt":"2025-04-30T10:20:44","guid":{"rendered":"https:\/\/whitesoundibiza.com\/producto\/pce-cee-32a\/"},"modified":"2025-08-09T15:44:02","modified_gmt":"2025-08-09T15:44:02","slug":"pce-cee-32a","status":"publish","type":"product","link":"https:\/\/whitesoundibiza.com\/es\/producto\/pce-cee-32a\/","title":{"rendered":"PCE &#8211; CEE 32A"},"content":{"rendered":"<p class=\"\" data-start=\"751\" data-end=\"1100\">Al <strong data-start=\"760\" data-end=\"786\">alquilar el pce cee 32a ibiza<\/strong>, te aseguras un conector CEE de 5 polos y 32 A de alto rendimiento, dise\u00f1ado para la exigente distribuci\u00f3n de energ\u00eda en eventos. Fabricado conforme a <a class=\"\" href=\"https:\/\/en.wikipedia.org\/wiki\/IEC_60309\" target=\"_new\" rel=\"noopener\" data-start=\"909\" data-end=\"970\">la norma IEC 60309<\/a> para clavijas y tomas industriales, esta unidad suministra energ\u00eda de hasta 400 V\/50 Hz de forma segura a luces, amplificadores o cajas de distribuci\u00f3n de energ\u00eda. <\/p>\n<h3 class=\"\" data-start=\"1102\" data-end=\"1122\">Dise\u00f1o y construcci\u00f3n<\/h3>\n<p class=\"\" data-start=\"1123\" data-end=\"1453\">El conector CEE PCE 32 A tiene una carcasa de nailon resistente a los rayos UV que soporta los golpes y las inclemencias del tiempo. La protecci\u00f3n contra la entrada IP44 protege contra salpicaduras de agua y objetos s\u00f3lidos &gt;1 mm, lo que lo hace adecuado tanto para festivales al aire libre como para recintos cerrados. Sus contactos de lat\u00f3n niquelado garantizan una baja resistencia de contacto y longevidad.  <\/p>\n<h3 class=\"\" data-start=\"1455\" data-end=\"1486\">Especificaciones el\u00e9ctricas<\/h3>\n<ul data-start=\"1487\" data-end=\"1700\">\n<li class=\"\" data-start=\"1487\" data-end=\"1517\">\n<p class=\"\" data-start=\"1489\" data-end=\"1517\"><strong data-start=\"1489\" data-end=\"1501\">Tensi\u00f3n:<\/strong> 400 V \/ 50 Hz<\/p>\n<\/li>\n<li class=\"\" data-start=\"1518\" data-end=\"1552\">\n<p class=\"\" data-start=\"1520\" data-end=\"1552\"><strong data-start=\"1520\" data-end=\"1532\">Corriente:<\/strong> 32 A (continua)<\/p>\n<\/li>\n<li class=\"\" data-start=\"1553\" data-end=\"1589\">\n<p class=\"\" data-start=\"1555\" data-end=\"1589\"><strong data-start=\"1555\" data-end=\"1565\">Polos:<\/strong> 5 (L1, L2, L3, N, PE)<\/p>\n<\/li>\n<li class=\"\" data-start=\"1590\" data-end=\"1644\">\n<p class=\"\" data-start=\"1592\" data-end=\"1644\"><strong data-start=\"1592\" data-end=\"1615\">Protecci\u00f3n contra la penetraci\u00f3n:<\/strong> IP44 (IP44 = a prueba de salpicaduras)<\/p>\n<\/li>\n<li class=\"\" data-start=\"1645\" data-end=\"1700\">\n<p class=\"\" data-start=\"1647\" data-end=\"1700\"><strong data-start=\"1647\" data-end=\"1670\">Norma del conector:<\/strong> Forma CEE, conforme a IEC 60309<\/p>\n<\/li>\n<\/ul>\n<h3 class=\"\" data-start=\"1702\" data-end=\"1756\">alquiler pce cee 32a ibiza: Aplicaciones y casos de uso<\/h3>\n<p class=\"\" data-start=\"1757\" data-end=\"1955\">Tanto si necesitas alimentar un truss de iluminaci\u00f3n, un snake de audio o un distro port\u00e1til, el conector CEE 32 A de PCE destaca por su fiabilidad. DJ, jefes de producci\u00f3n y t\u00e9cnicos de iluminaci\u00f3n conf\u00edan en \u00e9l para: <\/p>\n<ul data-start=\"1956\" data-end=\"2206\">\n<li class=\"\" data-start=\"1956\" data-end=\"2046\">\n<p class=\"\" data-start=\"1958\" data-end=\"2046\"><strong data-start=\"1958\" data-end=\"1980\">Alimentaci\u00f3n del escenario:<\/strong> Distribuye la red trif\u00e1sica a los bastidores de dimmer y a los bastidores de consola.<\/p>\n<\/li>\n<li class=\"\" data-start=\"2047\" data-end=\"2128\">\n<p class=\"\" data-start=\"2049\" data-end=\"2128\"><strong data-start=\"2049\" data-end=\"2072\">Conexi\u00f3n de generadores:<\/strong> Conecta con seguridad generadores port\u00e1tiles en lugares al aire libre.<\/p>\n<\/li>\n<li class=\"\" data-start=\"2129\" data-end=\"2206\">\n<p class=\"\" data-start=\"2131\" data-end=\"2206\"><strong data-start=\"2131\" data-end=\"2159\">Instalaciones temporales:<\/strong> Suministro de carpas, remolques y stands de exposici\u00f3n.<\/p>\n<\/li>\n<\/ul>\n<h3 class=\"\" data-start=\"2208\" data-end=\"2230\">Alquiler y asistencia<\/h3>\n<p class=\"\" data-start=\"2231\" data-end=\"2313\">White Sound Ibiza no s\u00f3lo te ayuda a <strong data-start=\"2268\" data-end=\"2294\">alquilar pce cee 32a ibiza<\/strong> sino que tambi\u00e9n te ofrece:<\/p>\n<ul data-start=\"2314\" data-end=\"2653\">\n<li class=\"\" data-start=\"2314\" data-end=\"2374\">\n<p class=\"\" data-start=\"2316\" data-end=\"2374\"><strong data-start=\"2316\" data-end=\"2338\">Entrega y recogida:<\/strong> Horario flexible en toda Ibiza.<\/p>\n<\/li>\n<li class=\"\" data-start=\"2375\" data-end=\"2440\">\n<p class=\"\" data-start=\"2377\" data-end=\"2440\"><strong data-start=\"2377\" data-end=\"2400\">Asistencia in situ:<\/strong> Personal t\u00e9cnico para una instalaci\u00f3n el\u00e9ctrica segura.<\/p>\n<\/li>\n<li class=\"\" data-start=\"2441\" data-end=\"2577\">\n<p class=\"\" data-start=\"2443\" data-end=\"2577\"><strong data-start=\"2443\" data-end=\"2467\">Kits de cables y distro:<\/strong> Consulta nuestros <a class=\"cursor-pointer\" rel=\"noopener\" data-start=\"2478\" data-end=\"2535\">alquileres de distribuci\u00f3n de energ\u00eda<\/a> para cables, cajas de distribuci\u00f3n y adaptadores.<\/p>\n<\/li>\n<\/ul>\n<p class=\"\" data-start=\"2655\" data-end=\"2755\">Reserva hoy para asegurarte de que la energ\u00eda de tu evento funcione sin problemas y de forma segura: \u00a1alquila ya el PCE CEE 32 A en Ibiza!<\/p>\n<style id=\"wpforms-css-vars-1077\">\n\t\t\t\t#wpforms-1077 {\n\t\t\t\t\n\t\t\t}\n\t\t\t<\/style><div class=\"wpforms-container wpforms-container-full wpforms-render-modern\" id=\"wpforms-1077\"><form id=\"wpforms-form-1077\" class=\"wpforms-validate wpforms-form wpforms-ajax-form\" data-formid=\"1077\" method=\"post\" enctype=\"multipart\/form-data\" action=\"\/es\/wp-json\/wp\/v2\/product\/48876\" data-token=\"30599bdcaf8b838afe892fc66e588cc1\" data-token-time=\"1777083061\"><noscript class=\"wpforms-error-noscript\">Por favor, activa JavaScript en tu navegador para completar este formulario.<\/noscript><div id=\"wpforms-error-noscript\" style=\"display: none;\">Por favor, activa JavaScript en tu navegador para completar este formulario.<\/div><div class=\"wpforms-field-container\"><div id=\"wpforms-1077-field_0-container\" class=\"wpforms-field wpforms-field-name\" data-field-id=\"0\"><fieldset><legend class=\"wpforms-field-label\">Nombre <span class=\"wpforms-required-label\" aria-hidden=\"true\">*<\/span><\/legend><div class=\"wpforms-field-row wpforms-field-medium\"><div class=\"wpforms-field-row-block wpforms-first wpforms-one-half\"><input type=\"text\" id=\"wpforms-1077-field_0\" class=\"wpforms-field-name-first wpforms-field-required\" name=\"wpforms[fields][0][first]\" placeholder=\"Nombre\" aria-errormessage=\"wpforms-1077-field_0-error\" required><label for=\"wpforms-1077-field_0\" class=\"wpforms-field-sublabel after wpforms-sublabel-hide\">Nombre<\/label><\/div><div class=\"wpforms-field-row-block wpforms-one-half\"><input type=\"text\" id=\"wpforms-1077-field_0-last\" class=\"wpforms-field-name-last wpforms-field-required\" name=\"wpforms[fields][0][last]\" placeholder=\"Apellidos\" aria-errormessage=\"wpforms-1077-field_0-last-error\" required><label for=\"wpforms-1077-field_0-last\" class=\"wpforms-field-sublabel after wpforms-sublabel-hide\">Apellidos<\/label><\/div><\/div><\/fieldset><\/div><div id=\"wpforms-1077-field_7-container\" class=\"wpforms-field wpforms-field-layout\" data-field-id=\"7\"><div class=\"wpforms-field-layout-columns wpforms-field-layout-preset-50-50\"><div class=\"wpforms-layout-column wpforms-layout-column-50\" >\t\t<div id=\"wpforms-1077-field_3-container\"\n\t\t\tclass=\"wpforms-field wpforms-field-text\"\n\t\t\tdata-field-type=\"text\"\n\t\t\tdata-field-id=\"3\"\n\t\t\t>\n\t\t\t<label class=\"wpforms-field-label\" for=\"wpforms-1077-field_3\" >Dise\u00f1o Hasta Desde<\/label>\n\t\t\t<input type=\"text\" id=\"wpforms-1077-field_3\" class=\"wpforms-field-medium\" name=\"wpforms[fields][3]\" >\n\t\t<\/div>\n\t\t<div id=\"wpforms-1077-field_1-container\" class=\"wpforms-field wpforms-field-email\" data-field-id=\"1\"><label class=\"wpforms-field-label\" for=\"wpforms-1077-field_1\">Env\u00eda un correo electr\u00f3nico a <span class=\"wpforms-required-label\" aria-hidden=\"true\">*<\/span><\/label><input type=\"email\" id=\"wpforms-1077-field_1\" class=\"wpforms-field-medium wpforms-field-required\" name=\"wpforms[fields][1]\" spellcheck=\"false\" aria-errormessage=\"wpforms-1077-field_1-error\" required><\/div><\/div><div class=\"wpforms-layout-column wpforms-layout-column-50\" ><div id=\"wpforms-1077-field_8-container\" class=\"wpforms-field wpforms-field-phone\" data-field-id=\"8\"><label class=\"wpforms-field-label\" for=\"wpforms-1077-field_8\">N\u00famero de tel\u00e9fono <span class=\"wpforms-required-label\" aria-hidden=\"true\">*<\/span><\/label><input type=\"tel\" id=\"wpforms-1077-field_8\" class=\"wpforms-field-medium wpforms-field-required wpforms-smart-phone-field\" data-rule-smart-phone-field=\"true\" name=\"wpforms[fields][8]\" aria-label=\"N\u00famero de tel\u00e9fono\" aria-errormessage=\"wpforms-1077-field_8-error\" required><\/div><\/div><\/div><\/div><div id=\"wpforms-1077-field_10-container\" class=\"wpforms-field wpforms-field-layout\" data-field-id=\"10\"><div class=\"wpforms-field-layout-columns wpforms-field-layout-preset-50-50\"><div class=\"wpforms-layout-column wpforms-layout-column-50\" ><div id=\"wpforms-1077-field_4-container\" class=\"wpforms-field wpforms-field-date-time\" data-field-id=\"4\"><label class=\"wpforms-field-label\" for=\"wpforms-1077-field_4\">Desde<\/label><div class=\"wpforms-datepicker-wrap\"><input type=\"text\" id=\"wpforms-1077-field_4\" class=\"wpforms-field-date-time-date wpforms-datepicker wpforms-field-small\" data-date-format=\"m\/d\/Y\" data-disable-past-dates=\"0\" data-input=\"true\" name=\"wpforms[fields][4][date]\" aria-errormessage=\"wpforms-1077-field_4-error\" ><a title=\"Borrar fecha\" data-clear role=\"button\" tabindex=\"0\" class=\"wpforms-datepicker-clear\" aria-label=\"Borrar fecha\" style=\"display:none;\"><\/a><\/div><\/div><\/div><div class=\"wpforms-layout-column wpforms-layout-column-50\" ><div id=\"wpforms-1077-field_9-container\" class=\"wpforms-field wpforms-field-date-time\" data-field-id=\"9\"><label class=\"wpforms-field-label\" for=\"wpforms-1077-field_9\">Hasta<\/label><div class=\"wpforms-datepicker-wrap\"><input type=\"text\" id=\"wpforms-1077-field_9\" class=\"wpforms-field-date-time-date wpforms-datepicker wpforms-field-small\" data-date-format=\"m\/d\/Y\" data-disable-past-dates=\"0\" data-input=\"true\" name=\"wpforms[fields][9][date]\" aria-errormessage=\"wpforms-1077-field_9-error\" ><a title=\"Borrar fecha\" data-clear role=\"button\" tabindex=\"0\" class=\"wpforms-datepicker-clear\" aria-label=\"Borrar fecha\" style=\"display:none;\"><\/a><\/div><\/div><\/div><\/div><\/div><div id=\"wpforms-1077-field_2-container\" class=\"wpforms-field wpforms-field-textarea\" data-field-id=\"2\"><label class=\"wpforms-field-label\" for=\"wpforms-1077-field_2\">Mensaje<\/label><textarea id=\"wpforms-1077-field_2\" class=\"wpforms-field-medium\" name=\"wpforms[fields][2]\" placeholder=\"\u00bfC\u00f3mo podemos ayudarte?\" aria-errormessage=\"wpforms-1077-field_2-error\" ><\/textarea><\/div><script>\n\t\t\t\t( function() {\n\t\t\t\t\tconst style = document.createElement( 'style' );\n\t\t\t\t\tstyle.appendChild( document.createTextNode( '#wpforms-1077-field_3-container { position: absolute !important; overflow: hidden !important; display: inline !important; height: 1px !important; width: 1px !important; z-index: -1000 !important; padding: 0 !important; } #wpforms-1077-field_3-container input { visibility: hidden; } #wpforms-conversational-form-page #wpforms-1077-field_3-container label { counter-increment: none; }' ) );\n\t\t\t\t\tdocument.head.appendChild( style );\n\t\t\t\t\tdocument.currentScript?.remove();\n\t\t\t\t} )();\n\t\t\t<\/script><\/div><!-- .wpforms-field-container --><div class=\"wpforms-recaptcha-container wpforms-is-recaptcha wpforms-is-recaptcha-type-v2\" ><div class=\"g-recaptcha\" data-sitekey=\"6LeS7gEkAAAAAO-EsXRwxTakHs6Q_9Z0rQYHkIS5\"><\/div><input type=\"text\" name=\"g-recaptcha-hidden\" class=\"wpforms-recaptcha-hidden\" style=\"position:absolute!important;clip:rect(0,0,0,0)!important;height:1px!important;width:1px!important;border:0!important;overflow:hidden!important;padding:0!important;margin:0!important;\" data-rule-recaptcha=\"1\"><\/div><div class=\"wpforms-submit-container\" ><input type=\"hidden\" name=\"wpforms[id]\" value=\"1077\"><input type=\"hidden\" name=\"page_title\" value=\"\"><input type=\"hidden\" name=\"page_url\" value=\"https:\/\/whitesoundibiza.com\/es\/wp-json\/wp\/v2\/product\/48876\"><input type=\"hidden\" name=\"url_referer\" value=\"\"><button type=\"submit\" name=\"wpforms[submit]\" id=\"wpforms-submit-1077\" class=\"wpforms-submit\" data-alt-text=\"Enviando...\" data-submit-text=\"Env\u00eda\" aria-live=\"assertive\" value=\"wpforms-submit\">Env\u00eda<\/button><img decoding=\"async\" src=\"https:\/\/whitesoundibiza.com\/wp-content\/plugins\/wpforms\/assets\/images\/submit-spin.svg\" class=\"wpforms-submit-spinner\" style=\"display: none;\" width=\"26\" height=\"26\" alt=\"Cargando\"><\/div><\/form><\/div>  <!-- .wpforms-container -->\n","protected":false},"excerpt":{"rendered":"<p class=\"\" data-start=\"342\" data-end=\"567\">Conector de alimentaci\u00f3n industrial de 32 A y 5 polos (forma CEE) con protecci\u00f3n IP44, contactos niquelados y acoplamiento de rosca seguro: perfecto para una alimentaci\u00f3n segura y fiable en eventos e instalaciones en directo.<\/p>\n<p class=\"\" data-start=\"569\" data-end=\"706\">\n","protected":false},"featured_media":48587,"template":"","meta":{"_joinchat":[]},"product_brand":[],"product_cat":[162],"product_tag":[],"class_list":{"0":"post-48876","1":"product","2":"type-product","3":"status-publish","4":"has-post-thumbnail","6":"product_cat-distribucion-de-energia","8":"first","9":"instock","10":"taxable","11":"shipping-taxable","12":"purchasable","13":"product-type-rentable"},"yoast_head":"<!-- This site is optimized with the Yoast SEO plugin v27.4 - https:\/\/yoast.com\/product\/yoast-seo-wordpress\/ -->\n<title>Alquiler Conector de alimentaci\u00f3n PCE CEE 32A Ibiza | White Sound Ibiza<\/title>\n<meta name=\"description\" content=\"Alquila el conector de alimentaci\u00f3n industrial PCE CEE 32A de 5 polos y 400 V en Ibiza de White Sound Ibiza. Con clasificaci\u00f3n IP44, carcasa robusta de nylon y sistema seguro de cierre con tornillos. Ideal para la distribuci\u00f3n de corriente en escenarios. \u00a1Reserva ahora!\" \/>\n<meta name=\"robots\" content=\"index, follow, max-snippet:-1, max-image-preview:large, max-video-preview:-1\" \/>\n<link rel=\"canonical\" href=\"https:\/\/whitesoundibiza.com\/es\/producto\/pce-cee-32a\/\" \/>\n<meta property=\"og:locale\" content=\"es_ES\" \/>\n<meta property=\"og:type\" content=\"article\" \/>\n<meta property=\"og:title\" content=\"Alquiler Conector de alimentaci\u00f3n PCE CEE 32A Ibiza | White Sound Ibiza\" \/>\n<meta property=\"og:description\" content=\"Alquila el conector de alimentaci\u00f3n industrial PCE CEE 32A de 5 polos y 400 V en Ibiza de White Sound Ibiza. Con clasificaci\u00f3n IP44, carcasa robusta de nylon y sistema seguro de cierre con tornillos. Ideal para la distribuci\u00f3n de corriente en escenarios. \u00a1Reserva ahora!\" \/>\n<meta property=\"og:url\" content=\"https:\/\/whitesoundibiza.com\/es\/producto\/pce-cee-32a\/\" \/>\n<meta property=\"og:site_name\" content=\"White Sound Ibiza - Delivering Fun\" \/>\n<meta property=\"article:modified_time\" content=\"2025-08-09T15:44:02+00:00\" \/>\n<meta property=\"og:image\" content=\"https:\/\/whitesoundibiza.com\/wp-content\/uploads\/2025\/04\/cee32.jpg\" \/>\n\t<meta property=\"og:image:width\" content=\"1000\" \/>\n\t<meta property=\"og:image:height\" content=\"1000\" \/>\n\t<meta property=\"og:image:type\" content=\"image\/jpeg\" \/>\n<meta name=\"twitter:card\" content=\"summary_large_image\" \/>\n<meta name=\"twitter:label1\" content=\"Tiempo de lectura\" \/>\n\t<meta name=\"twitter:data1\" content=\"2 minutos\" \/>\n<script type=\"application\/ld+json\" class=\"yoast-schema-graph\">{\"@context\":\"https:\\\/\\\/schema.org\",\"@graph\":[{\"@type\":\"WebPage\",\"@id\":\"https:\\\/\\\/whitesoundibiza.com\\\/es\\\/producto\\\/pce-cee-32a\\\/\",\"url\":\"https:\\\/\\\/whitesoundibiza.com\\\/es\\\/producto\\\/pce-cee-32a\\\/\",\"name\":\"Alquiler Conector de alimentaci\u00f3n PCE CEE 32A Ibiza | White Sound Ibiza\",\"isPartOf\":{\"@id\":\"https:\\\/\\\/whitesoundibiza.com\\\/#website\"},\"primaryImageOfPage\":{\"@id\":\"https:\\\/\\\/whitesoundibiza.com\\\/es\\\/producto\\\/pce-cee-32a\\\/#primaryimage\"},\"image\":{\"@id\":\"https:\\\/\\\/whitesoundibiza.com\\\/es\\\/producto\\\/pce-cee-32a\\\/#primaryimage\"},\"thumbnailUrl\":\"https:\\\/\\\/whitesoundibiza.com\\\/wp-content\\\/uploads\\\/2025\\\/04\\\/cee32.jpg\",\"datePublished\":\"2025-04-30T10:20:44+00:00\",\"dateModified\":\"2025-08-09T15:44:02+00:00\",\"description\":\"Alquila el conector de alimentaci\u00f3n industrial PCE CEE 32A de 5 polos y 400 V en Ibiza de White Sound Ibiza. Con clasificaci\u00f3n IP44, carcasa robusta de nylon y sistema seguro de cierre con tornillos. Ideal para la distribuci\u00f3n de corriente en escenarios. \u00a1Reserva ahora!\",\"breadcrumb\":{\"@id\":\"https:\\\/\\\/whitesoundibiza.com\\\/es\\\/producto\\\/pce-cee-32a\\\/#breadcrumb\"},\"inLanguage\":\"es\",\"potentialAction\":[{\"@type\":\"ReadAction\",\"target\":[\"https:\\\/\\\/whitesoundibiza.com\\\/es\\\/producto\\\/pce-cee-32a\\\/\"]}]},{\"@type\":\"ImageObject\",\"inLanguage\":\"es\",\"@id\":\"https:\\\/\\\/whitesoundibiza.com\\\/es\\\/producto\\\/pce-cee-32a\\\/#primaryimage\",\"url\":\"https:\\\/\\\/whitesoundibiza.com\\\/wp-content\\\/uploads\\\/2025\\\/04\\\/cee32.jpg\",\"contentUrl\":\"https:\\\/\\\/whitesoundibiza.com\\\/wp-content\\\/uploads\\\/2025\\\/04\\\/cee32.jpg\",\"width\":1000,\"height\":1000,\"caption\":\"Conector de alimentaci\u00f3n industrial PCE CEE 32A de 5 polos con protecci\u00f3n IP44 disponible para alquilar en Ibiza en White Sound Ibiza\"},{\"@type\":\"BreadcrumbList\",\"@id\":\"https:\\\/\\\/whitesoundibiza.com\\\/es\\\/producto\\\/pce-cee-32a\\\/#breadcrumb\",\"itemListElement\":[{\"@type\":\"ListItem\",\"position\":1,\"name\":\"Portada\",\"item\":\"https:\\\/\\\/whitesoundibiza.com\\\/\"},{\"@type\":\"ListItem\",\"position\":2,\"name\":\"Tienda\",\"item\":\"https:\\\/\\\/whitesoundibiza.com\\\/es\\\/tienda\\\/\"},{\"@type\":\"ListItem\",\"position\":3,\"name\":\"PCE &#8211; CEE 32A\"}]},{\"@type\":\"WebSite\",\"@id\":\"https:\\\/\\\/whitesoundibiza.com\\\/#website\",\"url\":\"https:\\\/\\\/whitesoundibiza.com\\\/\",\"name\":\"White Sound Ibiza\",\"description\":\"Rent Speakers in Ibiza\",\"publisher\":{\"@id\":\"https:\\\/\\\/whitesoundibiza.com\\\/#organization\"},\"potentialAction\":[{\"@type\":\"SearchAction\",\"target\":{\"@type\":\"EntryPoint\",\"urlTemplate\":\"https:\\\/\\\/whitesoundibiza.com\\\/?s={search_term_string}\"},\"query-input\":{\"@type\":\"PropertyValueSpecification\",\"valueRequired\":true,\"valueName\":\"search_term_string\"}}],\"inLanguage\":\"es\"},{\"@type\":\"Organization\",\"@id\":\"https:\\\/\\\/whitesoundibiza.com\\\/#organization\",\"name\":\"White Sound Ibiza\",\"url\":\"https:\\\/\\\/whitesoundibiza.com\\\/\",\"logo\":{\"@type\":\"ImageObject\",\"inLanguage\":\"es\",\"@id\":\"https:\\\/\\\/whitesoundibiza.com\\\/#\\\/schema\\\/logo\\\/image\\\/\",\"url\":\"https:\\\/\\\/whitesoundibiza.com\\\/wp-content\\\/uploads\\\/2025\\\/05\\\/ws_logo.jpg\",\"contentUrl\":\"https:\\\/\\\/whitesoundibiza.com\\\/wp-content\\\/uploads\\\/2025\\\/05\\\/ws_logo.jpg\",\"width\":800,\"height\":235,\"caption\":\"White Sound Ibiza\"},\"image\":{\"@id\":\"https:\\\/\\\/whitesoundibiza.com\\\/#\\\/schema\\\/logo\\\/image\\\/\"}}]}<\/script>\n<!-- \/ Yoast SEO plugin. -->","yoast_head_json":{"title":"Alquiler Conector de alimentaci\u00f3n PCE CEE 32A Ibiza | White Sound Ibiza","description":"Alquila el conector de alimentaci\u00f3n industrial PCE CEE 32A de 5 polos y 400 V en Ibiza de White Sound Ibiza. Con clasificaci\u00f3n IP44, carcasa robusta de nylon y sistema seguro de cierre con tornillos. Ideal para la distribuci\u00f3n de corriente en escenarios. \u00a1Reserva ahora!","robots":{"index":"index","follow":"follow","max-snippet":"max-snippet:-1","max-image-preview":"max-image-preview:large","max-video-preview":"max-video-preview:-1"},"canonical":"https:\/\/whitesoundibiza.com\/es\/producto\/pce-cee-32a\/","og_locale":"es_ES","og_type":"article","og_title":"Alquiler Conector de alimentaci\u00f3n PCE CEE 32A Ibiza | White Sound Ibiza","og_description":"Alquila el conector de alimentaci\u00f3n industrial PCE CEE 32A de 5 polos y 400 V en Ibiza de White Sound Ibiza. Con clasificaci\u00f3n IP44, carcasa robusta de nylon y sistema seguro de cierre con tornillos. Ideal para la distribuci\u00f3n de corriente en escenarios. \u00a1Reserva ahora!","og_url":"https:\/\/whitesoundibiza.com\/es\/producto\/pce-cee-32a\/","og_site_name":"White Sound Ibiza - Delivering Fun","article_modified_time":"2025-08-09T15:44:02+00:00","og_image":[{"width":1000,"height":1000,"url":"https:\/\/whitesoundibiza.com\/wp-content\/uploads\/2025\/04\/cee32.jpg","type":"image\/jpeg"}],"twitter_card":"summary_large_image","twitter_misc":{"Tiempo de lectura":"2 minutos"},"schema":{"@context":"https:\/\/schema.org","@graph":[{"@type":"WebPage","@id":"https:\/\/whitesoundibiza.com\/es\/producto\/pce-cee-32a\/","url":"https:\/\/whitesoundibiza.com\/es\/producto\/pce-cee-32a\/","name":"Alquiler Conector de alimentaci\u00f3n PCE CEE 32A Ibiza | White Sound Ibiza","isPartOf":{"@id":"https:\/\/whitesoundibiza.com\/#website"},"primaryImageOfPage":{"@id":"https:\/\/whitesoundibiza.com\/es\/producto\/pce-cee-32a\/#primaryimage"},"image":{"@id":"https:\/\/whitesoundibiza.com\/es\/producto\/pce-cee-32a\/#primaryimage"},"thumbnailUrl":"https:\/\/whitesoundibiza.com\/wp-content\/uploads\/2025\/04\/cee32.jpg","datePublished":"2025-04-30T10:20:44+00:00","dateModified":"2025-08-09T15:44:02+00:00","description":"Alquila el conector de alimentaci\u00f3n industrial PCE CEE 32A de 5 polos y 400 V en Ibiza de White Sound Ibiza. Con clasificaci\u00f3n IP44, carcasa robusta de nylon y sistema seguro de cierre con tornillos. Ideal para la distribuci\u00f3n de corriente en escenarios. \u00a1Reserva ahora!","breadcrumb":{"@id":"https:\/\/whitesoundibiza.com\/es\/producto\/pce-cee-32a\/#breadcrumb"},"inLanguage":"es","potentialAction":[{"@type":"ReadAction","target":["https:\/\/whitesoundibiza.com\/es\/producto\/pce-cee-32a\/"]}]},{"@type":"ImageObject","inLanguage":"es","@id":"https:\/\/whitesoundibiza.com\/es\/producto\/pce-cee-32a\/#primaryimage","url":"https:\/\/whitesoundibiza.com\/wp-content\/uploads\/2025\/04\/cee32.jpg","contentUrl":"https:\/\/whitesoundibiza.com\/wp-content\/uploads\/2025\/04\/cee32.jpg","width":1000,"height":1000,"caption":"Conector de alimentaci\u00f3n industrial PCE CEE 32A de 5 polos con protecci\u00f3n IP44 disponible para alquilar en Ibiza en White Sound Ibiza"},{"@type":"BreadcrumbList","@id":"https:\/\/whitesoundibiza.com\/es\/producto\/pce-cee-32a\/#breadcrumb","itemListElement":[{"@type":"ListItem","position":1,"name":"Portada","item":"https:\/\/whitesoundibiza.com\/"},{"@type":"ListItem","position":2,"name":"Tienda","item":"https:\/\/whitesoundibiza.com\/es\/tienda\/"},{"@type":"ListItem","position":3,"name":"PCE &#8211; CEE 32A"}]},{"@type":"WebSite","@id":"https:\/\/whitesoundibiza.com\/#website","url":"https:\/\/whitesoundibiza.com\/","name":"White Sound Ibiza","description":"Rent Speakers in Ibiza","publisher":{"@id":"https:\/\/whitesoundibiza.com\/#organization"},"potentialAction":[{"@type":"SearchAction","target":{"@type":"EntryPoint","urlTemplate":"https:\/\/whitesoundibiza.com\/?s={search_term_string}"},"query-input":{"@type":"PropertyValueSpecification","valueRequired":true,"valueName":"search_term_string"}}],"inLanguage":"es"},{"@type":"Organization","@id":"https:\/\/whitesoundibiza.com\/#organization","name":"White Sound Ibiza","url":"https:\/\/whitesoundibiza.com\/","logo":{"@type":"ImageObject","inLanguage":"es","@id":"https:\/\/whitesoundibiza.com\/#\/schema\/logo\/image\/","url":"https:\/\/whitesoundibiza.com\/wp-content\/uploads\/2025\/05\/ws_logo.jpg","contentUrl":"https:\/\/whitesoundibiza.com\/wp-content\/uploads\/2025\/05\/ws_logo.jpg","width":800,"height":235,"caption":"White Sound Ibiza"},"image":{"@id":"https:\/\/whitesoundibiza.com\/#\/schema\/logo\/image\/"}}]}},"_links":{"self":[{"href":"https:\/\/whitesoundibiza.com\/es\/wp-json\/wp\/v2\/product\/48876","targetHints":{"allow":["GET"]}}],"collection":[{"href":"https:\/\/whitesoundibiza.com\/es\/wp-json\/wp\/v2\/product"}],"about":[{"href":"https:\/\/whitesoundibiza.com\/es\/wp-json\/wp\/v2\/types\/product"}],"wp:featuredmedia":[{"embeddable":true,"href":"https:\/\/whitesoundibiza.com\/es\/wp-json\/wp\/v2\/media\/48587"}],"wp:attachment":[{"href":"https:\/\/whitesoundibiza.com\/es\/wp-json\/wp\/v2\/media?parent=48876"}],"wp:term":[{"taxonomy":"product_brand","embeddable":true,"href":"https:\/\/whitesoundibiza.com\/es\/wp-json\/wp\/v2\/product_brand?post=48876"},{"taxonomy":"product_cat","embeddable":true,"href":"https:\/\/whitesoundibiza.com\/es\/wp-json\/wp\/v2\/product_cat?post=48876"},{"taxonomy":"product_tag","embeddable":true,"href":"https:\/\/whitesoundibiza.com\/es\/wp-json\/wp\/v2\/product_tag?post=48876"}],"curies":[{"name":"wp","href":"https:\/\/api.w.org\/{rel}","templated":true}]}}