{"id":49990,"date":"2025-07-21T11:19:23","date_gmt":"2025-07-21T11:19:23","guid":{"rendered":"https:\/\/whitesoundibiza.com\/?page_id=49990"},"modified":"2025-07-21T14:07:11","modified_gmt":"2025-07-21T14:07:11","slug":"alquiler-equipo-dj-ibiza","status":"publish","type":"page","link":"https:\/\/whitesoundibiza.com\/es\/alquiler-equipo-dj-ibiza\/","title":{"rendered":"Alquiler equipo DJ Ibiza"},"content":{"rendered":"\n<div class=\"wp-block-group alignwide gizmo-container-spacing-15 is-layout-constrained wp-block-group-is-layout-constrained\" style=\"padding-top:8px\">\n<div class=\"wp-block-group alignwide is-layout-flow wp-block-group-is-layout-flow\">\n<div class=\"wp-block-columns is-layout-flex wp-container-core-columns-is-layout-28f84493 wp-block-columns-is-layout-flex\">\n<div class=\"wp-block-column is-vertically-aligned-top is-layout-flow wp-block-column-is-layout-flow\" style=\"flex-basis:50%\">\n<h1 class=\"wp-block-heading\">Alquiler de equipos de DJ en Ibiza<\/h1>\n\n\n\n<p>\u00bfBuscas <strong>alquiler de equipos de DJ en Ibiza<\/strong>? Tanto si eres un artista de gira, un selector local o est\u00e1s planeando una fiesta en la que el DJ es la clave, tenemos el equipo y el apoyo para hacerlo realidad. En <em>White Sound Ibiza<\/em>, proporcionamos equipos de DJ de calidad profesional para todo tipo de eventos, que se entregan directamente en tu local, listos para pinchar.  <\/p>\n\n\n\n<p>Ofrecemos <strong>alquiler completo de equipos de DJ en Ibiza<\/strong>, trabajando con discotecas, organizadores de eventos, villas y clientes privados. Si tu evento necesita un sonido que pegue fuerte y un equipo que nunca falle, est\u00e1s en las manos adecuadas. <\/p>\n\n\n\n<h2 class=\"wp-block-heading has-huge-font-size\">Equipo de DJ profesional, listo para tocar<\/h2>\n\n\n\n<p>Sabemos que los DJ tienen preferencias espec\u00edficas, y las satisfacemos todas. Nuestro inventario incluye marcas de primer nivel y los \u00faltimos modelos de <strong>CDJ, mesas de mezclas para DJ, giradiscos y monitores<\/strong>. Todo se mantiene, se prueba y se entrega limpio y totalmente funcional.  <\/p>\n\n\n\n<p>Elige entre:<\/p>\n\n\n\n<ul class=\"wp-block-list\">\n<li>Pioneer CDJ-3000 \/ CDJ-2000 Nexus.<\/li>\n\n\n\n<li>Mezcladores DJM-900 Nexus.<\/li>\n\n\n\n<li>Giradiscos Technics 1210.<\/li>\n\n\n\n<li>Monitores de cabina y altavoces de megafon\u00eda.<\/li>\n\n\n\n<li>Montaje de cabinas de DJ con soportes y cables.<\/li>\n\n\n\n<li><strong>Iluminaci\u00f3n, m\u00e1quinas de humo y accesorios<\/strong> opcionales.<\/li>\n<\/ul>\n\n\n\n<p>\u00bfNecesitas algo especial? Estaremos encantados de crear un paquete personalizado. <\/p>\n\n\n\n<p>Explora nuestro<strong> <a href=\"https:\/\/whitesoundibiza.com\/es\/servicios-4\/\">Cat\u00e1logo de equipos en White Sound Ibiza<\/a><\/strong>Navega por nuestras categor\u00edas de audio profesional: reproductores de DJ, mezcladores de DJ, consolas todo en uno, cabinas de DJ, giradiscos y mucho m\u00e1s.  <\/p>\n<\/div>\n\n\n\n<div class=\"wp-block-column is-vertically-aligned-top is-layout-flow wp-block-column-is-layout-flow\" style=\"flex-basis:50%\">\n<figure class=\"wp-block-gallery has-nested-images columns-default is-cropped wp-block-gallery-1 is-layout-flex wp-block-gallery-is-layout-flex\">\n<figure class=\"wp-block-image size-large\"><img decoding=\"async\" width=\"1024\" height=\"678\" data-id=\"1198\" src=\"https:\/\/whitesoundibiza.com\/wp-content\/uploads\/2024\/01\/Captura-de-pantalla-2024-01-08-a-las-21.48.00-1024x678.png\" alt=\"Grabaci&#xF3;n DJ | White Sound Ibiza\" class=\"wp-image-1198\" srcset=\"https:\/\/whitesoundibiza.com\/wp-content\/uploads\/2024\/01\/Captura-de-pantalla-2024-01-08-a-las-21.48.00-1024x678.png 1024w, https:\/\/whitesoundibiza.com\/wp-content\/uploads\/2024\/01\/Captura-de-pantalla-2024-01-08-a-las-21.48.00-700x464.png 700w, https:\/\/whitesoundibiza.com\/wp-content\/uploads\/2024\/01\/Captura-de-pantalla-2024-01-08-a-las-21.48.00-300x199.png 300w, https:\/\/whitesoundibiza.com\/wp-content\/uploads\/2024\/01\/Captura-de-pantalla-2024-01-08-a-las-21.48.00-768x509.png 768w, https:\/\/whitesoundibiza.com\/wp-content\/uploads\/2024\/01\/Captura-de-pantalla-2024-01-08-a-las-21.48.00-1536x1018.png 1536w, https:\/\/whitesoundibiza.com\/wp-content\/uploads\/2024\/01\/Captura-de-pantalla-2024-01-08-a-las-21.48.00-2048x1357.png 2048w\" sizes=\"(max-width: 1024px) 100vw, 1024px\" \/><\/figure>\n<\/figure>\n<\/div>\n<\/div>\n\n\n\n<div class=\"wp-block-columns is-layout-flex wp-container-core-columns-is-layout-28f84493 wp-block-columns-is-layout-flex\">\n<div class=\"wp-block-column is-layout-flow wp-block-column-is-layout-flow\">\n<h2 class=\"wp-block-heading has-text-align-left has-huge-font-size\">Entrega y montaje en toda la isla<\/h2>\n\n\n\n<p>Desde la ciudad de Ibiza a San Antonio, desde Santa Eulalia a San Jos\u00e9: hacemos entregas en cualquier lugar de la isla. Puedes recogerlo en nuestro almac\u00e9n, o podemos llev\u00e1rtelo todo a tu puerta, totalmente instalado y listo para funcionar. <\/p>\n\n\n\n<p>Nuestros t\u00e9cnicos har\u00e1n la configuraci\u00f3n completa si es necesario, probar\u00e1n el equipo y se asegurar\u00e1n de que tu DJ est\u00e9 100% listo para funcionar. Somos r\u00e1pidos, flexibles y siempre puntuales. <\/p>\n<\/div>\n<\/div>\n\n\n\n<div class=\"wp-block-columns is-layout-flex wp-container-core-columns-is-layout-28f84493 wp-block-columns-is-layout-flex\">\n<div class=\"wp-block-column is-layout-flow wp-block-column-is-layout-flow\">\n<h2 class=\"wp-block-heading has-text-align-left has-huge-font-size\">Alquiler flexible, precios transparentes<\/h2>\n\n\n\n<p>Ofrecemos tarifas por d\u00edas, ofertas de fin de semana y alquiler a largo plazo. Los precios son claros, con todo incluido, y se adaptan a tus necesidades de material y al tama\u00f1o de tu evento. <\/p>\n\n\n\n<p>\u00bfTienes tus propios altavoces y s\u00f3lo necesitas platos? No hay problema. \u00bfNecesitas una <strong>cabina de DJ<\/strong> completa <strong>con iluminaci\u00f3n y equipo de apoyo<\/strong>? Tambi\u00e9n lo tenemos. Nuestro objetivo es hacer que tu actuaci\u00f3n en Ibiza sea tranquila, ruidosa e inolvidable.    <\/p>\n\n\n\n<ol class=\"wp-block-list\">\n<li><strong>Llamada de presentaci\u00f3n y planificaci\u00f3n:<\/strong> Hablamos de tu visi\u00f3n, calendario y requisitos del lugar.<\/li>\n\n\n\n<li><strong>Propuesta de evento:<\/strong> Recibes un presupuesto claro en el que se describen los servicios musicales, el equipo y el apoyo.<\/li>\n\n\n\n<li><strong>Coordinaci\u00f3n previa al evento:<\/strong> Revisi\u00f3n final de la lista de reproducci\u00f3n y planificaci\u00f3n de la log\u00edstica in situ.<\/li>\n\n\n\n<li><strong>Ejecuci\u00f3n durante el d\u00eda:<\/strong> Nuestro equipo llega pronto, se instala discretamente y gestiona la m\u00fasica a la perfecci\u00f3n de principio a fin.<\/li>\n\n\n\n<li><strong>Seguimiento posterior al evento:<\/strong> Recopilamos opiniones y entregamos las grabaciones m\u00e1s destacadas (si se solicitan).<\/li>\n<\/ol>\n\n\n\n<p>Con White Sound Ibiza a cargo de tu servicio de DJ, tendr\u00e1s la tranquilidad de saber que cada ritmo, transici\u00f3n y detalle t\u00e9cnico est\u00e1 en manos expertas, para que puedas disfrutar de tu celebraci\u00f3n sin preocuparte de nada.<\/p>\n\n\n<div class=\"wpforms-container wpforms-container-full wpforms-block wpforms-block-bbfeac82-13e8-4c8b-8798-49772687556a wpforms-render-modern\" id=\"wpforms-46875\"><form id=\"wpforms-form-46875\" class=\"wpforms-validate wpforms-form wpforms-ajax-form\" data-formid=\"46875\" method=\"post\" enctype=\"multipart\/form-data\" action=\"\/es\/wp-json\/wp\/v2\/pages\/49990\" data-token=\"ac59de1b2a772813bb452057c9434c84\" data-token-time=\"1776954332\"><noscript class=\"wpforms-error-noscript\">Por favor, activa JavaScript en tu navegador para completar este formulario.<\/noscript><div id=\"wpforms-error-noscript\" style=\"display: none;\">Por favor, activa JavaScript en tu navegador para completar este formulario.<\/div><div class=\"wpforms-field-container\">\t\t<div id=\"wpforms-46875-field_4-container\"\n\t\t\tclass=\"wpforms-field wpforms-field-text\"\n\t\t\tdata-field-type=\"text\"\n\t\t\tdata-field-id=\"4\"\n\t\t\t>\n\t\t\t<label class=\"wpforms-field-label\" for=\"wpforms-46875-field_4\" >Email Tel\u00e9fono Name<\/label>\n\t\t\t<input type=\"text\" id=\"wpforms-46875-field_4\" class=\"wpforms-field-medium\" name=\"wpforms[fields][4]\" >\n\t\t<\/div>\n\t\t<div id=\"wpforms-46875-field_1-container\" class=\"wpforms-field wpforms-field-name\" data-field-id=\"1\"><fieldset><legend class=\"wpforms-field-label\">Name <span class=\"wpforms-required-label\" aria-hidden=\"true\">*<\/span><\/legend><div class=\"wpforms-field-row wpforms-field-medium\"><div class=\"wpforms-field-row-block wpforms-first wpforms-one-half\"><input type=\"text\" id=\"wpforms-46875-field_1\" class=\"wpforms-field-name-first wpforms-field-required\" name=\"wpforms[fields][1][first]\" placeholder=\"First\" aria-errormessage=\"wpforms-46875-field_1-error\" required><label for=\"wpforms-46875-field_1\" class=\"wpforms-field-sublabel after wpforms-sublabel-hide\">First<\/label><\/div><div class=\"wpforms-field-row-block wpforms-one-half\"><input type=\"text\" id=\"wpforms-46875-field_1-last\" class=\"wpforms-field-name-last wpforms-field-required\" name=\"wpforms[fields][1][last]\" placeholder=\"Last\" aria-errormessage=\"wpforms-46875-field_1-last-error\" required><label for=\"wpforms-46875-field_1-last\" class=\"wpforms-field-sublabel after wpforms-sublabel-hide\">Last<\/label><\/div><\/div><\/fieldset><\/div><div id=\"wpforms-46875-field_8-container\" class=\"wpforms-field wpforms-field-layout\" data-field-id=\"8\"><div class=\"wpforms-field-layout-rows wpforms-field-large\"><div class=\"wpforms-layout-row\"><div class=\"wpforms-layout-column wpforms-layout-column-50\"><div id=\"wpforms-46875-field_2-container\" class=\"wpforms-field wpforms-field-email\" data-field-id=\"2\"><label class=\"wpforms-field-label\" for=\"wpforms-46875-field_2\">Email <span class=\"wpforms-required-label\" aria-hidden=\"true\">*<\/span><\/label><input type=\"email\" id=\"wpforms-46875-field_2\" class=\"wpforms-field-medium wpforms-field-required\" name=\"wpforms[fields][2]\" placeholder=\"Email\" spellcheck=\"false\" aria-errormessage=\"wpforms-46875-field_2-error\" required><\/div><\/div><div class=\"wpforms-layout-column wpforms-layout-column-50\"><div id=\"wpforms-46875-field_7-container\" class=\"wpforms-field wpforms-field-phone\" data-field-id=\"7\"><label class=\"wpforms-field-label\" for=\"wpforms-46875-field_7\">Tel\u00e9fono<\/label><input type=\"tel\" id=\"wpforms-46875-field_7\" class=\"wpforms-field-small wpforms-smart-phone-field\" data-rule-smart-phone-field=\"true\" name=\"wpforms[fields][7]\" placeholder=\"Phone\" aria-label=\"Tel\u00e9fono\" aria-errormessage=\"wpforms-46875-field_7-error\" ><\/div><\/div><\/div><\/div><\/div><div id=\"wpforms-46875-field_3-container\" class=\"wpforms-field wpforms-field-textarea\" data-field-id=\"3\"><label class=\"wpforms-field-label\" for=\"wpforms-46875-field_3\">Message<\/label><textarea id=\"wpforms-46875-field_3\" class=\"wpforms-field-small\" name=\"wpforms[fields][3]\" placeholder=\"Message\" aria-errormessage=\"wpforms-46875-field_3-error\" >How we can help you?<\/textarea><\/div><script>\n\t\t\t\t( function() {\n\t\t\t\t\tconst style = document.createElement( 'style' );\n\t\t\t\t\tstyle.appendChild( document.createTextNode( '#wpforms-46875-field_4-container { position: absolute !important; overflow: hidden !important; display: inline !important; height: 1px !important; width: 1px !important; z-index: -1000 !important; padding: 0 !important; } #wpforms-46875-field_4-container input { visibility: hidden; } #wpforms-conversational-form-page #wpforms-46875-field_4-container label { counter-increment: none; }' ) );\n\t\t\t\t\tdocument.head.appendChild( style );\n\t\t\t\t\tdocument.currentScript?.remove();\n\t\t\t\t} )();\n\t\t\t<\/script><\/div><!-- .wpforms-field-container --><div class=\"wpforms-recaptcha-container wpforms-is-recaptcha wpforms-is-recaptcha-type-v2\" ><div class=\"g-recaptcha\" data-sitekey=\"6LeS7gEkAAAAAO-EsXRwxTakHs6Q_9Z0rQYHkIS5\"><\/div><input type=\"text\" name=\"g-recaptcha-hidden\" class=\"wpforms-recaptcha-hidden\" style=\"position:absolute!important;clip:rect(0,0,0,0)!important;height:1px!important;width:1px!important;border:0!important;overflow:hidden!important;padding:0!important;margin:0!important;\" data-rule-recaptcha=\"1\"><\/div><div class=\"wpforms-submit-container\" ><input type=\"hidden\" name=\"wpforms[id]\" value=\"46875\"><input type=\"hidden\" name=\"page_title\" value=\"\"><input type=\"hidden\" name=\"page_url\" value=\"https:\/\/whitesoundibiza.com\/es\/wp-json\/wp\/v2\/pages\/49990\"><input type=\"hidden\" name=\"url_referer\" value=\"\"><button type=\"submit\" name=\"wpforms[submit]\" id=\"wpforms-submit-46875\" class=\"wpforms-submit\" data-alt-text=\"Sending...\" data-submit-text=\"Send Message\" aria-live=\"assertive\" value=\"wpforms-submit\">Send Message<\/button><img decoding=\"async\" src=\"https:\/\/whitesoundibiza.com\/wp-content\/plugins\/wpforms\/assets\/images\/submit-spin.svg\" class=\"wpforms-submit-spinner\" style=\"display: none;\" width=\"26\" height=\"26\" alt=\"Cargando\"><\/div><\/form><\/div>  <!-- .wpforms-container --><\/div>\n<\/div>\n<\/div>\n\n\n\n<div style=\"height:68px\" aria-hidden=\"true\" class=\"wp-block-spacer\"><\/div>\n\n\n\n<div class=\"wp-block-columns is-layout-flex wp-container-core-columns-is-layout-28f84493 wp-block-columns-is-layout-flex\">\n<div class=\"wp-block-column is-layout-flow wp-block-column-is-layout-flow\"><\/div>\n<\/div>\n<\/div>\n","protected":false},"excerpt":{"rendered":"<p>Alquiler de equipos de DJ en Ibiza \u00bfBuscas alquiler de equipos de DJ en Ibiza? Tanto si eres un artista de gira, un selector local [&hellip;]<\/p>\n","protected":false},"author":8,"featured_media":47908,"parent":0,"menu_order":0,"comment_status":"closed","ping_status":"closed","template":"","meta":{"_joinchat":[],"footnotes":""},"class_list":["post-49990","page","type-page","status-publish","has-post-thumbnail","hentry"],"yoast_head":"<!-- This site is optimized with the Yoast SEO plugin v27.4 - https:\/\/yoast.com\/product\/yoast-seo-wordpress\/ -->\n<title>Alquiler equipo DJ Ibiza | Reservar equipo profesional | White Sound<\/title>\n<meta name=\"description\" content=\"Servicio de alquiler de equipos de DJ en Ibiza con opciones de montaje y recogida. CDJs, mesas de mezclas, monitores, cabinas. Montaje y entrega en toda la isla.\" \/>\n<meta name=\"robots\" content=\"index, follow, max-snippet:-1, max-image-preview:large, max-video-preview:-1\" \/>\n<link rel=\"canonical\" href=\"https:\/\/whitesoundibiza.com\/es\/alquiler-equipo-dj-ibiza\/\" \/>\n<meta property=\"og:locale\" content=\"es_ES\" \/>\n<meta property=\"og:type\" content=\"article\" \/>\n<meta property=\"og:title\" content=\"Alquiler equipo DJ Ibiza | Reservar equipo profesional | White Sound\" \/>\n<meta property=\"og:description\" content=\"Servicio de alquiler de equipos de DJ en Ibiza con opciones de montaje y recogida. CDJs, mesas de mezclas, monitores, cabinas. Montaje y entrega en toda la isla.\" \/>\n<meta property=\"og:url\" content=\"https:\/\/whitesoundibiza.com\/es\/alquiler-equipo-dj-ibiza\/\" \/>\n<meta property=\"og:site_name\" content=\"White Sound Ibiza - Delivering Fun\" \/>\n<meta property=\"article:modified_time\" content=\"2025-07-21T14:07:11+00:00\" \/>\n<meta property=\"og:image\" content=\"https:\/\/whitesoundibiza.com\/wp-content\/uploads\/2024\/01\/Captura-de-pantalla-2023-01-25-a-las-18.00.20.png\" \/>\n\t<meta property=\"og:image:width\" content=\"2190\" \/>\n\t<meta property=\"og:image:height\" content=\"1460\" \/>\n\t<meta property=\"og:image:type\" content=\"image\/png\" \/>\n<meta name=\"twitter:card\" content=\"summary_large_image\" \/>\n<meta name=\"twitter:label1\" content=\"Tiempo de lectura\" \/>\n\t<meta name=\"twitter:data1\" content=\"4 minutos\" \/>\n<script type=\"application\/ld+json\" class=\"yoast-schema-graph\">{\"@context\":\"https:\\\/\\\/schema.org\",\"@graph\":[{\"@type\":\"WebPage\",\"@id\":\"https:\\\/\\\/whitesoundibiza.com\\\/es\\\/alquiler-equipo-dj-ibiza\\\/\",\"url\":\"https:\\\/\\\/whitesoundibiza.com\\\/es\\\/alquiler-equipo-dj-ibiza\\\/\",\"name\":\"Alquiler equipo DJ Ibiza | Reservar equipo profesional | White Sound\",\"isPartOf\":{\"@id\":\"https:\\\/\\\/whitesoundibiza.com\\\/es\\\/#website\"},\"primaryImageOfPage\":{\"@id\":\"https:\\\/\\\/whitesoundibiza.com\\\/es\\\/alquiler-equipo-dj-ibiza\\\/#primaryimage\"},\"image\":{\"@id\":\"https:\\\/\\\/whitesoundibiza.com\\\/es\\\/alquiler-equipo-dj-ibiza\\\/#primaryimage\"},\"thumbnailUrl\":\"https:\\\/\\\/whitesoundibiza.com\\\/wp-content\\\/uploads\\\/2024\\\/01\\\/Captura-de-pantalla-2023-01-25-a-las-18.00.20.png\",\"datePublished\":\"2025-07-21T11:19:23+00:00\",\"dateModified\":\"2025-07-21T14:07:11+00:00\",\"description\":\"Servicio de alquiler de equipos de DJ en Ibiza con opciones de montaje y recogida. CDJs, mesas de mezclas, monitores, cabinas. Montaje y entrega en toda la isla.\",\"breadcrumb\":{\"@id\":\"https:\\\/\\\/whitesoundibiza.com\\\/es\\\/alquiler-equipo-dj-ibiza\\\/#breadcrumb\"},\"inLanguage\":\"es\",\"potentialAction\":[{\"@type\":\"ReadAction\",\"target\":[\"https:\\\/\\\/whitesoundibiza.com\\\/es\\\/alquiler-equipo-dj-ibiza\\\/\"]}]},{\"@type\":\"ImageObject\",\"inLanguage\":\"es\",\"@id\":\"https:\\\/\\\/whitesoundibiza.com\\\/es\\\/alquiler-equipo-dj-ibiza\\\/#primaryimage\",\"url\":\"https:\\\/\\\/whitesoundibiza.com\\\/wp-content\\\/uploads\\\/2024\\\/01\\\/Captura-de-pantalla-2023-01-25-a-las-18.00.20.png\",\"contentUrl\":\"https:\\\/\\\/whitesoundibiza.com\\\/wp-content\\\/uploads\\\/2024\\\/01\\\/Captura-de-pantalla-2023-01-25-a-las-18.00.20.png\",\"width\":2190,\"height\":1460},{\"@type\":\"BreadcrumbList\",\"@id\":\"https:\\\/\\\/whitesoundibiza.com\\\/es\\\/alquiler-equipo-dj-ibiza\\\/#breadcrumb\",\"itemListElement\":[{\"@type\":\"ListItem\",\"position\":1,\"name\":\"Portada\",\"item\":\"https:\\\/\\\/whitesoundibiza.com\\\/es\\\/\"},{\"@type\":\"ListItem\",\"position\":2,\"name\":\"Alquiler equipo DJ Ibiza\"}]},{\"@type\":\"WebSite\",\"@id\":\"https:\\\/\\\/whitesoundibiza.com\\\/es\\\/#website\",\"url\":\"https:\\\/\\\/whitesoundibiza.com\\\/es\\\/\",\"name\":\"White Sound Ibiza\",\"description\":\"Rent Speakers in Ibiza\",\"publisher\":{\"@id\":\"https:\\\/\\\/whitesoundibiza.com\\\/es\\\/#organization\"},\"potentialAction\":[{\"@type\":\"SearchAction\",\"target\":{\"@type\":\"EntryPoint\",\"urlTemplate\":\"https:\\\/\\\/whitesoundibiza.com\\\/es\\\/?s={search_term_string}\"},\"query-input\":{\"@type\":\"PropertyValueSpecification\",\"valueRequired\":true,\"valueName\":\"search_term_string\"}}],\"inLanguage\":\"es\"},{\"@type\":\"Organization\",\"@id\":\"https:\\\/\\\/whitesoundibiza.com\\\/es\\\/#organization\",\"name\":\"White Sound Ibiza\",\"url\":\"https:\\\/\\\/whitesoundibiza.com\\\/es\\\/\",\"logo\":{\"@type\":\"ImageObject\",\"inLanguage\":\"es\",\"@id\":\"https:\\\/\\\/whitesoundibiza.com\\\/es\\\/#\\\/schema\\\/logo\\\/image\\\/\",\"url\":\"https:\\\/\\\/whitesoundibiza.com\\\/wp-content\\\/uploads\\\/2025\\\/05\\\/ws_logo.jpg\",\"contentUrl\":\"https:\\\/\\\/whitesoundibiza.com\\\/wp-content\\\/uploads\\\/2025\\\/05\\\/ws_logo.jpg\",\"width\":800,\"height\":235,\"caption\":\"White Sound Ibiza\"},\"image\":{\"@id\":\"https:\\\/\\\/whitesoundibiza.com\\\/es\\\/#\\\/schema\\\/logo\\\/image\\\/\"}}]}<\/script>\n<!-- \/ Yoast SEO plugin. -->","yoast_head_json":{"title":"Alquiler equipo DJ Ibiza | Reservar equipo profesional | White Sound","description":"Servicio de alquiler de equipos de DJ en Ibiza con opciones de montaje y recogida. CDJs, mesas de mezclas, monitores, cabinas. Montaje y entrega en toda la isla.","robots":{"index":"index","follow":"follow","max-snippet":"max-snippet:-1","max-image-preview":"max-image-preview:large","max-video-preview":"max-video-preview:-1"},"canonical":"https:\/\/whitesoundibiza.com\/es\/alquiler-equipo-dj-ibiza\/","og_locale":"es_ES","og_type":"article","og_title":"Alquiler equipo DJ Ibiza | Reservar equipo profesional | White Sound","og_description":"Servicio de alquiler de equipos de DJ en Ibiza con opciones de montaje y recogida. CDJs, mesas de mezclas, monitores, cabinas. Montaje y entrega en toda la isla.","og_url":"https:\/\/whitesoundibiza.com\/es\/alquiler-equipo-dj-ibiza\/","og_site_name":"White Sound Ibiza - Delivering Fun","article_modified_time":"2025-07-21T14:07:11+00:00","og_image":[{"width":2190,"height":1460,"url":"https:\/\/whitesoundibiza.com\/wp-content\/uploads\/2024\/01\/Captura-de-pantalla-2023-01-25-a-las-18.00.20.png","type":"image\/png"}],"twitter_card":"summary_large_image","twitter_misc":{"Tiempo de lectura":"4 minutos"},"schema":{"@context":"https:\/\/schema.org","@graph":[{"@type":"WebPage","@id":"https:\/\/whitesoundibiza.com\/es\/alquiler-equipo-dj-ibiza\/","url":"https:\/\/whitesoundibiza.com\/es\/alquiler-equipo-dj-ibiza\/","name":"Alquiler equipo DJ Ibiza | Reservar equipo profesional | White Sound","isPartOf":{"@id":"https:\/\/whitesoundibiza.com\/es\/#website"},"primaryImageOfPage":{"@id":"https:\/\/whitesoundibiza.com\/es\/alquiler-equipo-dj-ibiza\/#primaryimage"},"image":{"@id":"https:\/\/whitesoundibiza.com\/es\/alquiler-equipo-dj-ibiza\/#primaryimage"},"thumbnailUrl":"https:\/\/whitesoundibiza.com\/wp-content\/uploads\/2024\/01\/Captura-de-pantalla-2023-01-25-a-las-18.00.20.png","datePublished":"2025-07-21T11:19:23+00:00","dateModified":"2025-07-21T14:07:11+00:00","description":"Servicio de alquiler de equipos de DJ en Ibiza con opciones de montaje y recogida. CDJs, mesas de mezclas, monitores, cabinas. Montaje y entrega en toda la isla.","breadcrumb":{"@id":"https:\/\/whitesoundibiza.com\/es\/alquiler-equipo-dj-ibiza\/#breadcrumb"},"inLanguage":"es","potentialAction":[{"@type":"ReadAction","target":["https:\/\/whitesoundibiza.com\/es\/alquiler-equipo-dj-ibiza\/"]}]},{"@type":"ImageObject","inLanguage":"es","@id":"https:\/\/whitesoundibiza.com\/es\/alquiler-equipo-dj-ibiza\/#primaryimage","url":"https:\/\/whitesoundibiza.com\/wp-content\/uploads\/2024\/01\/Captura-de-pantalla-2023-01-25-a-las-18.00.20.png","contentUrl":"https:\/\/whitesoundibiza.com\/wp-content\/uploads\/2024\/01\/Captura-de-pantalla-2023-01-25-a-las-18.00.20.png","width":2190,"height":1460},{"@type":"BreadcrumbList","@id":"https:\/\/whitesoundibiza.com\/es\/alquiler-equipo-dj-ibiza\/#breadcrumb","itemListElement":[{"@type":"ListItem","position":1,"name":"Portada","item":"https:\/\/whitesoundibiza.com\/es\/"},{"@type":"ListItem","position":2,"name":"Alquiler equipo DJ Ibiza"}]},{"@type":"WebSite","@id":"https:\/\/whitesoundibiza.com\/es\/#website","url":"https:\/\/whitesoundibiza.com\/es\/","name":"White Sound Ibiza","description":"Rent Speakers in Ibiza","publisher":{"@id":"https:\/\/whitesoundibiza.com\/es\/#organization"},"potentialAction":[{"@type":"SearchAction","target":{"@type":"EntryPoint","urlTemplate":"https:\/\/whitesoundibiza.com\/es\/?s={search_term_string}"},"query-input":{"@type":"PropertyValueSpecification","valueRequired":true,"valueName":"search_term_string"}}],"inLanguage":"es"},{"@type":"Organization","@id":"https:\/\/whitesoundibiza.com\/es\/#organization","name":"White Sound Ibiza","url":"https:\/\/whitesoundibiza.com\/es\/","logo":{"@type":"ImageObject","inLanguage":"es","@id":"https:\/\/whitesoundibiza.com\/es\/#\/schema\/logo\/image\/","url":"https:\/\/whitesoundibiza.com\/wp-content\/uploads\/2025\/05\/ws_logo.jpg","contentUrl":"https:\/\/whitesoundibiza.com\/wp-content\/uploads\/2025\/05\/ws_logo.jpg","width":800,"height":235,"caption":"White Sound Ibiza"},"image":{"@id":"https:\/\/whitesoundibiza.com\/es\/#\/schema\/logo\/image\/"}}]}},"_links":{"self":[{"href":"https:\/\/whitesoundibiza.com\/es\/wp-json\/wp\/v2\/pages\/49990","targetHints":{"allow":["GET"]}}],"collection":[{"href":"https:\/\/whitesoundibiza.com\/es\/wp-json\/wp\/v2\/pages"}],"about":[{"href":"https:\/\/whitesoundibiza.com\/es\/wp-json\/wp\/v2\/types\/page"}],"author":[{"embeddable":true,"href":"https:\/\/whitesoundibiza.com\/es\/wp-json\/wp\/v2\/users\/8"}],"replies":[{"embeddable":true,"href":"https:\/\/whitesoundibiza.com\/es\/wp-json\/wp\/v2\/comments?post=49990"}],"version-history":[{"count":0,"href":"https:\/\/whitesoundibiza.com\/es\/wp-json\/wp\/v2\/pages\/49990\/revisions"}],"wp:featuredmedia":[{"embeddable":true,"href":"https:\/\/whitesoundibiza.com\/es\/wp-json\/wp\/v2\/media\/47908"}],"wp:attachment":[{"href":"https:\/\/whitesoundibiza.com\/es\/wp-json\/wp\/v2\/media?parent=49990"}],"curies":[{"name":"wp","href":"https:\/\/api.w.org\/{rel}","templated":true}]}}